{"id":27041,"date":"2020-06-01T10:42:01","date_gmt":"2020-06-01T10:42:01","guid":{"rendered":"https:\/\/www.accuratereviews.com\/?page_id=27041"},"modified":"2020-06-01T10:42:01","modified_gmt":"2020-06-01T10:42:01","slug":"pivotal-tracker-recensione","status":"publish","type":"page","link":"https:\/\/www.accuratereviews.com\/it\/gestionale-per-progetti-agile\/pivotal-tracker-recensione\/","title":{"rendered":"Pivotal Tracker"},"content":{"rendered":"<p><strong>Pivotal Tracker<\/strong> \u00e8 un&#8217;applicazione per la gestione dei progettiche consente ai team di sviluppo software di lavorare insieme e creare soluzioni in tempo reale a vari feedback. \u00c8 basato su <strong>metodi agili<\/strong> comprovati che derivano dall&#8217;esperienza in centinaia di progetti di sviluppo di software commerciale su larga scala.\u00a0Con <strong>Pivotal Tracker,<\/strong> tutti hanno lo stesso accesso ad aggiornamenti e in tempo reale del loro progetto e possono facilmente determinare come procedere. Tutti i dettagli e le informazioni sono facilmente accessibili e condivisibili, consentendo agli sviluppatori di concentrarsi sul proprio lavoro piuttosto che creare report. Linee di comunicazione chiare ed efficaci che aiutano a condividere le preoccupazioni e documenti di qualsiasi tipo con altri membri, in modo specifico o generale.\u00a0Flussi di lavoro ottimizzati per una stima della storia efficiente e integrata, nonch\u00e9 per l&#8217;adozione e l&#8217;implementazione di processi agili.<\/p>\n<h2>PIVOTAL TRAKER &#8211; TUTORIAL<\/h2>\n<div id=\"fluid-wrapper-counter-1\" class=\"g1-fluid-wrapper \" style=\"width:686px;\">\n<div style=\"padding-bottom:56.268221574344%;\"><iframe loading=\"lazy\" title=\"Intro to the Tracker Interface\" width=\"686\" height=\"386\" src=\"https:\/\/www.youtube.com\/embed\/36hGs32eJkE?feature=oembed&amp;wmode=transparent&amp;autohide=1&amp;autoplay=0&amp;disablekb=0&amp;fs=1&amp;loop=0&amp;enablejsapi=1&amp;rel=0&amp;controls=2&amp;showinfo=0&amp;wmode=transparent&amp;autohide=2&amp;autoplay=0&amp;disablekb=0&amp;fs=1&amp;loop=0&amp;enablejsapi=1&amp;rel=0&amp;controls=2&amp;showinfo=1\" frameborder=\"0\" allow=\"accelerometer; autoplay; encrypted-media; gyroscope; picture-in-picture\" allowfullscreen><\/iframe><\/div>\n<\/div>\n<h3>PIVOTAL TRAKER &#8211; CARATTERISTICHE<\/h3>\n<ul>\n<li>Utilizza un&#8217;analisi mirata per determinare un set ideale di app con basso rischio tecnico e alto valore aziendale per cominciare<\/li>\n<li>Crea dei modelli per semplificare e accelerare le migrazioni future<\/li>\n<li>Transizione dei sistemi monolitici in microservizi che possono aumentare la velocit\u00e0 delle funzionalit\u00e0 all&#8217;interno dell&#8217;organizzazione di sviluppo<\/li>\n<li>Identifica gli sprechi nel tuo flusso di lavoro di sviluppo e sostituisci i processi manuali con l&#8217;automazione per migliorare i risultati<\/li>\n<li>Supporto disponibile 24 ore su 24 7 giorni su 7<\/li>\n<li>Adatta pipeline CI \/ CD esistenti, offrendoti maggiore sicurezza, conformit\u00e0 e coerenza attraverso l&#8217;automazione<\/li>\n<\/ul>\n<h4>LE RECENSIONI DEGLI UTENTI<\/h4>\n<h4 class=\"font-weight-bold my-1 d-flex align-items-center\">Tigran H.&#8221;Revisione pivotal tracker&#8221;<\/h4>\n<p><strong>Commenti: <\/strong>Nel complesso, questo \u00e8 il miglior software per i piccoli team e per le startup per avviare il flusso da zero.<\/p>\n<p><strong>Vantaggi: <\/strong>Pivotal \u00e8 uno degli strumenti di gestione agili pi\u00f9 semplici che abbia mai usato. Il flusso \u00e8 semplice l\u00ec, Icebox, iterazione corrente e fatto. e anche gli stati sono semplici avviati, finiti, consegnati e accettati. a differenza di Jira, questo \u00e8 pi\u00f9 semplice da usare e ha una UX molto semplice per gli utenti. Ha tutta la maggiore integrazione con github, slack quindi \u00e8 l&#8217;opzione migliore per piccoli progetti e startup per la gestione del flusso di software.<\/p>\n<p><strong>Inconvenienti: <\/strong>Usando questo gi\u00e0 da 4 anni ho potuto citare alcuni piccoli svantaggi che ricordo. Uno di questi che quando si aggiorna sulla descrizione della storia non emette alcuna notifica, \u00e8 necessario taggare qualcuno nella sezione commenti che la descrizione viene aggiornata, per favore dai un&#8217;occhiata a qualcosa. Un&#8217;altra cosa che l&#8217;app mobile sulla vecchia versione di IOS funziona molto lentamente e talvolta si arresta in modo anomalo.<\/p>\n<h4 class=\"font-weight-bold my-1 d-flex align-items-center\">Connie C.&#8221;Pivotal Tracker&#8221;<\/h4>\n<p><strong>Commenti: <\/strong>Questo prodotto consente di risparmiare tempo consentendo a ogni persona di avere un posto per tenere traccia del lavoro; e consente alla direzione di tenere traccia del lavoro per reparto o applicazione. \u00c8 un ottimo prodotto<\/p>\n<p><strong>Vantaggi: <\/strong>Pivotal ci consente di creare una storia per uno specifico biglietto Fresh Desk o solo una storia autonoma per progetti specifici, attivit\u00e0, problemi. Puoi aggiungere attivit\u00e0 per ogni storia fondamentale e controllarle come completate. Questo aiuta il nostro management ad essere in grado di verificare una particolare storia \/ biglietto se un cliente chiede informazioni sullo stato. Abbiamo diversi storyboard per diverse parti dell&#8217;azienda e gli individui vengono aggiunti a ciascuno dei storyboard che devono essere presenti. Questo dipartimentalizza le storie in modo che tutti non debbano guastare le storie per vedere di cosa potrebbero aver bisogno. Questo \u00e8 stato un ottimo modo per gestire le attivit\u00e0 di tutti anzich\u00e9 di ogni persona che cerca di tenere il passo utilizzando note su ci\u00f2 su cui stanno lavorando. Risparmia molto tempo.<\/p>\n<p><strong>Inconvenienti: <\/strong>Non ho davvero niente di negativo da dire. Se riscontriamo un problema o abbiamo bisogno di una nuova funzionalit\u00e0 o simile, sono stati molto reattivi per soddisfare le nostre esigenze.<\/p>\n<h4 class=\"font-weight-bold my-1 d-flex align-items-center\">Varun B.&#8221;Un buon prodotto che pu\u00f2 essere eccezionale&#8221;<\/h4>\n<p><strong>Commenti: <\/strong>Complessivamente fantastico prodotto. complimenti per la recente acquisizione, meritata<\/p>\n<p><strong>Vantaggi: <\/strong>Ha regole e rami preimpostati e utilizza molte terminologie relative a Sprint. L&#8217;interfaccia utente UX \u00e8 pulita, d\u00e0 una buona idea di chi sta lavorando su quale attivit\u00e0<\/p>\n<p><strong>Inconvenienti: <\/strong>La gestione dello stato delle schede tracker \u00e8 molto difficile e richiede una discreta quantit\u00e0 di curva di apprendimento.<\/p>\n","protected":false},"excerpt":{"rendered":"<p>Pivotal Tracker \u00e8 un&#8217;applicazione per la gestione dei progettiche consente ai team di sviluppo software di lavorare insieme e creare soluzioni in tempo reale a vari feedback. \u00c8 basato su metodi agili comprovati che derivano dall&#8217;esperienza in centinaia di progetti di sviluppo di software commerciale su larga scala.<\/p>\n","protected":false},"author":19,"featured_media":27042,"parent":27022,"menu_order":0,"comment_status":"open","ping_status":"closed","template":"g1_template_page_review_new.php","meta":{"_acf_changed":false,"cwp_meta_box_check":"Yes","cwp_rev_product_name":"","cwp_rev_product_image":"","wppr_links":[],"cwp_rev_price":"","wppr_options":[],"wppr_pros":[],"wppr_cons":[],"_monsterinsights_skip_tracking":false,"_monsterinsights_sitenote_active":false,"_monsterinsights_sitenote_note":"","_monsterinsights_sitenote_category":0,"footnotes":""},"categories":[2892],"tags":[396,2902,2893,2895],"features":[],"class_list":{"0":"post-27041","1":"page","2":"type-page","3":"status-publish","4":"has-post-thumbnail","6":"category-gestionale-per-progetti-agile","7":"tag-cloud","8":"tag-pivotal-tracker","9":"tag-software-gestionale-per-progetti-agile","10":"tag-soluzione-gestionale-per-progetti-agile"},"wppr_data":{"cwp_meta_box_check":"Yes","cwp_rev_product_name":"","cwp_rev_product_image":"","cwp_image_link":"image","cwp_rev_price":"","wppr_rating":"0.00"},"acf":[],"yoast_head":"<!-- This site is optimized with the Yoast SEO plugin v27.4 - https:\/\/yoast.com\/product\/yoast-seo-wordpress\/ -->\n<title>Privotal Tracker: recensione gestionale progetti agile - Accurate Reviews<\/title>\n<meta name=\"description\" content=\"Pivotal Tracker: recensione soluzione per la gestione di progetti che consente ai team di sviluppo di lavorare insieme e creare soluzioni in tempo reale.\" \/>\n<meta name=\"robots\" content=\"index, follow, max-snippet:-1, max-image-preview:large, max-video-preview:-1\" \/>\n<link rel=\"canonical\" href=\"https:\/\/www.accuratereviews.com\/it\/gestionale-per-progetti-agile\/pivotal-tracker-recensione\/\" \/>\n<meta property=\"og:locale\" content=\"it_IT\" \/>\n<meta property=\"og:type\" content=\"article\" \/>\n<meta property=\"og:title\" content=\"Privotal Tracker: recensione gestionale progetti agile - Accurate Reviews\" \/>\n<meta property=\"og:description\" content=\"Pivotal Tracker: recensione soluzione per la gestione di progetti che consente ai team di sviluppo di lavorare insieme e creare soluzioni in tempo reale.\" \/>\n<meta property=\"og:url\" content=\"https:\/\/www.accuratereviews.com\/it\/gestionale-per-progetti-agile\/pivotal-tracker-recensione\/\" \/>\n<meta property=\"og:site_name\" content=\"Accurate Reviews\" \/>\n<meta property=\"og:image\" content=\"https:\/\/www.accuratereviews.com\/wp-content\/uploads\/2020\/05\/pivotaltracker.png\" \/>\n\t<meta property=\"og:image:width\" content=\"800\" \/>\n\t<meta property=\"og:image:height\" content=\"400\" \/>\n\t<meta property=\"og:image:type\" content=\"image\/png\" \/>\n<meta name=\"twitter:card\" content=\"summary_large_image\" \/>\n<meta name=\"twitter:label1\" content=\"Tempo di lettura stimato\" \/>\n\t<meta name=\"twitter:data1\" content=\"3 minuti\" \/>\n<script type=\"application\/ld+json\" class=\"yoast-schema-graph\">{\"@context\":\"https:\\\/\\\/schema.org\",\"@graph\":[{\"@type\":\"WebPage\",\"@id\":\"https:\\\/\\\/www.accuratereviews.com\\\/it\\\/gestionale-per-progetti-agile\\\/pivotal-tracker-recensione\\\/\",\"url\":\"https:\\\/\\\/www.accuratereviews.com\\\/it\\\/gestionale-per-progetti-agile\\\/pivotal-tracker-recensione\\\/\",\"name\":\"Privotal Tracker: recensione gestionale progetti agile - Accurate Reviews\",\"isPartOf\":{\"@id\":\"https:\\\/\\\/www.accuratereviews.com\\\/it\\\/#website\"},\"primaryImageOfPage\":{\"@id\":\"https:\\\/\\\/www.accuratereviews.com\\\/it\\\/gestionale-per-progetti-agile\\\/pivotal-tracker-recensione\\\/#primaryimage\"},\"image\":{\"@id\":\"https:\\\/\\\/www.accuratereviews.com\\\/it\\\/gestionale-per-progetti-agile\\\/pivotal-tracker-recensione\\\/#primaryimage\"},\"thumbnailUrl\":\"https:\\\/\\\/www.accuratereviews.com\\\/wp-content\\\/uploads\\\/2020\\\/05\\\/pivotaltracker.png\",\"datePublished\":\"2020-06-01T10:42:01+00:00\",\"description\":\"Pivotal Tracker: recensione soluzione per la gestione di progetti che consente ai team di sviluppo di lavorare insieme e creare soluzioni in tempo reale.\",\"breadcrumb\":{\"@id\":\"https:\\\/\\\/www.accuratereviews.com\\\/it\\\/gestionale-per-progetti-agile\\\/pivotal-tracker-recensione\\\/#breadcrumb\"},\"inLanguage\":\"it-IT\",\"potentialAction\":[{\"@type\":\"ReadAction\",\"target\":[\"https:\\\/\\\/www.accuratereviews.com\\\/it\\\/gestionale-per-progetti-agile\\\/pivotal-tracker-recensione\\\/\"]}]},{\"@type\":\"ImageObject\",\"inLanguage\":\"it-IT\",\"@id\":\"https:\\\/\\\/www.accuratereviews.com\\\/it\\\/gestionale-per-progetti-agile\\\/pivotal-tracker-recensione\\\/#primaryimage\",\"url\":\"https:\\\/\\\/www.accuratereviews.com\\\/wp-content\\\/uploads\\\/2020\\\/05\\\/pivotaltracker.png\",\"contentUrl\":\"https:\\\/\\\/www.accuratereviews.com\\\/wp-content\\\/uploads\\\/2020\\\/05\\\/pivotaltracker.png\",\"width\":800,\"height\":400},{\"@type\":\"BreadcrumbList\",\"@id\":\"https:\\\/\\\/www.accuratereviews.com\\\/it\\\/gestionale-per-progetti-agile\\\/pivotal-tracker-recensione\\\/#breadcrumb\",\"itemListElement\":[{\"@type\":\"ListItem\",\"position\":1,\"name\":\"Home\",\"item\":\"https:\\\/\\\/www.accuratereviews.com\\\/it\\\/\"},{\"@type\":\"ListItem\",\"position\":2,\"name\":\"Gestionale per progetti Agile\",\"item\":\"https:\\\/\\\/www.accuratereviews.com\\\/it\\\/gestionale-per-progetti-agile\\\/\"},{\"@type\":\"ListItem\",\"position\":3,\"name\":\"Pivotal Tracker\"}]},{\"@type\":\"WebSite\",\"@id\":\"https:\\\/\\\/www.accuratereviews.com\\\/it\\\/#website\",\"url\":\"https:\\\/\\\/www.accuratereviews.com\\\/it\\\/\",\"name\":\"Accurate Reviews\",\"description\":\"\",\"potentialAction\":[{\"@type\":\"SearchAction\",\"target\":{\"@type\":\"EntryPoint\",\"urlTemplate\":\"https:\\\/\\\/www.accuratereviews.com\\\/it\\\/?s={search_term_string}\"},\"query-input\":{\"@type\":\"PropertyValueSpecification\",\"valueRequired\":true,\"valueName\":\"search_term_string\"}}],\"inLanguage\":\"it-IT\"}]}<\/script>\n<!-- \/ Yoast SEO plugin. -->","yoast_head_json":{"title":"Privotal Tracker: recensione gestionale progetti agile - Accurate Reviews","description":"Pivotal Tracker: recensione soluzione per la gestione di progetti che consente ai team di sviluppo di lavorare insieme e creare soluzioni in tempo reale.","robots":{"index":"index","follow":"follow","max-snippet":"max-snippet:-1","max-image-preview":"max-image-preview:large","max-video-preview":"max-video-preview:-1"},"canonical":"https:\/\/www.accuratereviews.com\/it\/gestionale-per-progetti-agile\/pivotal-tracker-recensione\/","og_locale":"it_IT","og_type":"article","og_title":"Privotal Tracker: recensione gestionale progetti agile - Accurate Reviews","og_description":"Pivotal Tracker: recensione soluzione per la gestione di progetti che consente ai team di sviluppo di lavorare insieme e creare soluzioni in tempo reale.","og_url":"https:\/\/www.accuratereviews.com\/it\/gestionale-per-progetti-agile\/pivotal-tracker-recensione\/","og_site_name":"Accurate Reviews","og_image":[{"width":800,"height":400,"url":"https:\/\/www.accuratereviews.com\/wp-content\/uploads\/2020\/05\/pivotaltracker.png","type":"image\/png"}],"twitter_card":"summary_large_image","twitter_misc":{"Tempo di lettura stimato":"3 minuti"},"schema":{"@context":"https:\/\/schema.org","@graph":[{"@type":"WebPage","@id":"https:\/\/www.accuratereviews.com\/it\/gestionale-per-progetti-agile\/pivotal-tracker-recensione\/","url":"https:\/\/www.accuratereviews.com\/it\/gestionale-per-progetti-agile\/pivotal-tracker-recensione\/","name":"Privotal Tracker: recensione gestionale progetti agile - Accurate Reviews","isPartOf":{"@id":"https:\/\/www.accuratereviews.com\/it\/#website"},"primaryImageOfPage":{"@id":"https:\/\/www.accuratereviews.com\/it\/gestionale-per-progetti-agile\/pivotal-tracker-recensione\/#primaryimage"},"image":{"@id":"https:\/\/www.accuratereviews.com\/it\/gestionale-per-progetti-agile\/pivotal-tracker-recensione\/#primaryimage"},"thumbnailUrl":"https:\/\/www.accuratereviews.com\/wp-content\/uploads\/2020\/05\/pivotaltracker.png","datePublished":"2020-06-01T10:42:01+00:00","description":"Pivotal Tracker: recensione soluzione per la gestione di progetti che consente ai team di sviluppo di lavorare insieme e creare soluzioni in tempo reale.","breadcrumb":{"@id":"https:\/\/www.accuratereviews.com\/it\/gestionale-per-progetti-agile\/pivotal-tracker-recensione\/#breadcrumb"},"inLanguage":"it-IT","potentialAction":[{"@type":"ReadAction","target":["https:\/\/www.accuratereviews.com\/it\/gestionale-per-progetti-agile\/pivotal-tracker-recensione\/"]}]},{"@type":"ImageObject","inLanguage":"it-IT","@id":"https:\/\/www.accuratereviews.com\/it\/gestionale-per-progetti-agile\/pivotal-tracker-recensione\/#primaryimage","url":"https:\/\/www.accuratereviews.com\/wp-content\/uploads\/2020\/05\/pivotaltracker.png","contentUrl":"https:\/\/www.accuratereviews.com\/wp-content\/uploads\/2020\/05\/pivotaltracker.png","width":800,"height":400},{"@type":"BreadcrumbList","@id":"https:\/\/www.accuratereviews.com\/it\/gestionale-per-progetti-agile\/pivotal-tracker-recensione\/#breadcrumb","itemListElement":[{"@type":"ListItem","position":1,"name":"Home","item":"https:\/\/www.accuratereviews.com\/it\/"},{"@type":"ListItem","position":2,"name":"Gestionale per progetti Agile","item":"https:\/\/www.accuratereviews.com\/it\/gestionale-per-progetti-agile\/"},{"@type":"ListItem","position":3,"name":"Pivotal Tracker"}]},{"@type":"WebSite","@id":"https:\/\/www.accuratereviews.com\/it\/#website","url":"https:\/\/www.accuratereviews.com\/it\/","name":"Accurate Reviews","description":"","potentialAction":[{"@type":"SearchAction","target":{"@type":"EntryPoint","urlTemplate":"https:\/\/www.accuratereviews.com\/it\/?s={search_term_string}"},"query-input":{"@type":"PropertyValueSpecification","valueRequired":true,"valueName":"search_term_string"}}],"inLanguage":"it-IT"}]}},"_links":{"self":[{"href":"https:\/\/www.accuratereviews.com\/it\/wp-json\/wp\/v2\/pages\/27041","targetHints":{"allow":["GET"]}}],"collection":[{"href":"https:\/\/www.accuratereviews.com\/it\/wp-json\/wp\/v2\/pages"}],"about":[{"href":"https:\/\/www.accuratereviews.com\/it\/wp-json\/wp\/v2\/types\/page"}],"author":[{"embeddable":true,"href":"https:\/\/www.accuratereviews.com\/it\/wp-json\/wp\/v2\/users\/19"}],"replies":[{"embeddable":true,"href":"https:\/\/www.accuratereviews.com\/it\/wp-json\/wp\/v2\/comments?post=27041"}],"version-history":[{"count":2,"href":"https:\/\/www.accuratereviews.com\/it\/wp-json\/wp\/v2\/pages\/27041\/revisions"}],"predecessor-version":[{"id":27047,"href":"https:\/\/www.accuratereviews.com\/it\/wp-json\/wp\/v2\/pages\/27041\/revisions\/27047"}],"up":[{"embeddable":true,"href":"https:\/\/www.accuratereviews.com\/it\/wp-json\/wp\/v2\/pages\/27022"}],"wp:featuredmedia":[{"embeddable":true,"href":"https:\/\/www.accuratereviews.com\/it\/wp-json\/wp\/v2\/media\/27042"}],"wp:attachment":[{"href":"https:\/\/www.accuratereviews.com\/it\/wp-json\/wp\/v2\/media?parent=27041"}],"wp:term":[{"taxonomy":"category","embeddable":true,"href":"https:\/\/www.accuratereviews.com\/it\/wp-json\/wp\/v2\/categories?post=27041"},{"taxonomy":"post_tag","embeddable":true,"href":"https:\/\/www.accuratereviews.com\/it\/wp-json\/wp\/v2\/tags?post=27041"},{"taxonomy":"features","embeddable":true,"href":"https:\/\/www.accuratereviews.com\/it\/wp-json\/wp\/v2\/features?post=27041"}],"curies":[{"name":"wp","href":"https:\/\/api.w.org\/{rel}","templated":true}]}}