{"id":27050,"date":"2020-06-01T10:41:17","date_gmt":"2020-06-01T10:41:17","guid":{"rendered":"https:\/\/www.accuratereviews.com\/?page_id=27050"},"modified":"2020-06-01T10:41:17","modified_gmt":"2020-06-01T10:41:17","slug":"productboard-recensione","status":"publish","type":"page","link":"https:\/\/www.accuratereviews.com\/it\/gestionale-per-progetti-agile\/productboard-recensione\/","title":{"rendered":"Productboard"},"content":{"rendered":"<p><strong>Productboard<\/strong> \u00e8 una <strong>soluzione di gestione dei prodotti<\/strong> e roadmap basata su cloud che aiuta gli utenti a comprendere le esigenze dei clienti, le priorit\u00e0 di mercato, i progressi e i miglioramenti. Progettato sia per le startup sia per le grandi aziende, consente ai<strong> responsabili di prodotto agili<\/strong> di utilizzare dati e approfondimenti per lo sviluppo e il lancio di road map di prodotti orientati al cliente. Le caratteristiche principali della scheda prodotto includono la collaborazione di idee, la gestione delle risorse, la definizione delle priorit\u00e0, la road map, la raccolta di feedback, il monitoraggio dei requisiti e dei flussi di lavoro. Inoltre, consente alle aziende di interagire con la comunit\u00e0 dei clienti e generare feedback anonimi dai colleghi. In pi\u00f9, fornisce soluzioni white label per impostare portali di prodotti, che aiutano a condividere, rivedere e lanciare idee tra colleghi e clienti.<\/p>\n<h2>PRODUCTBOARD &#8211; TUTORIAL<\/h2>\n<p>Importa automaticamente le ricerche su questo <strong>programma gestionale di progetto agile<\/strong> con il programma <strong>Intercom<\/strong>:<\/p>\n<div id=\"fluid-wrapper-counter-1\" class=\"g1-fluid-wrapper \" style=\"width:686px;\">\n<div style=\"padding-bottom:56.268221574344%;\"><iframe loading=\"lazy\" title=\"Integrate with Intercom\" width=\"686\" height=\"386\" src=\"https:\/\/www.youtube.com\/embed\/tQTZZEWhXcA?feature=oembed&amp;wmode=transparent&amp;autohide=1&amp;autoplay=0&amp;disablekb=0&amp;fs=1&amp;loop=0&amp;enablejsapi=1&amp;rel=0&amp;controls=2&amp;showinfo=0&amp;wmode=transparent&amp;autohide=2&amp;autoplay=0&amp;disablekb=0&amp;fs=1&amp;loop=0&amp;enablejsapi=1&amp;rel=0&amp;controls=2&amp;showinfo=1\" frameborder=\"0\" allow=\"accelerometer; autoplay; encrypted-media; gyroscope; picture-in-picture\" allowfullscreen><\/iframe><\/div>\n<\/div>\n<h3>PRODUCTBOARD &#8211; CARATTERISTICHE<\/h3>\n<ul>\n<li>Utilizza la scheda Insights per consolidare idee di prodotti, richieste, ricerche e feedback provenienti da diverse fonti. Individua le tendenze e identifica i modelli che ti aiuteranno a stabilire le priorit\u00e0 su cosa costruire successivamente e costruirlo nel modo giusto<\/li>\n<li>Metti in evidenza interessanti approfondimenti nella ricerca e nel feedback degli utenti e collegali alle idee relative alle funzionalit\u00e0<\/li>\n<li>Descrivi le idee delle caratteristiche in base alle esigenze dell&#8217;utente a cui si rivolgono o passa a una visualizzazione elenco semplice per ordinarle in base alla priorit\u00e0<\/li>\n<li>Definisci i criteri strategici che utilizzerai per prendere le decisioni in ordine di priorit\u00e0<\/li>\n<li>Calcola un punteggio ponderato personalizzato per ogni funzione in base al grado di allineamento con i driver strategici<\/li>\n<li>Usa gli obiettivi per stabilire le priorit\u00e0 delle funzionalit\u00e0 in linea con la tua strategia<\/li>\n<li>Visualizza il compromesso valore \/ sforzo di ogni idea di funzionalit\u00e0 sulla matrice di prioritizzazione interattiva. Trascina e rilascia caratteristiche per regolarne la posizione<\/li>\n<li>Genera automaticamente un punteggio per ogni funzione che indica quanto soddisfa le esigenze dei tuoi utenti, in base alle informazioni degli utenti che hai classificato nella scheda Insights<\/li>\n<li>Pubblica una selezione delle tue idee sul tuo portale pubblico per raccogliere voti positivi e feedback degli utenti<\/li>\n<\/ul>\n<h4>LE RECENSIONE DEGLI UTENTI<\/h4>\n<h4 class=\"font-weight-bold my-1 d-flex align-items-center\">Joshua P.\u00a0&#8220;Abbiamo trovato la nostra soluzione di gestione del prodotto&#8221;<\/h4>\n<p><strong>Commenti: <\/strong>Negli ultimi due anni, abbiamo provato ogni soluzione di gestione dei prodotti possibile. Sebbene molti siano stati bravi, non abbiamo trovato la soluzione migliore per \u00a0noi (un piccolo team, 3 persone prodotto, 5 ingegneri). Questa \u00e8 la prima soluzione che \u00e8 stata adottata da tutto il team, in gran parte grazie alla semplice casella di posta condivisa per le opinioni dei clienti.<\/p>\n<p><strong>Vantaggi: <\/strong>In ordine di vantaggio, ecco cosa mi piace di pi\u00f9 finora in Productboard: (1) Aggregazione delle informazioni sul prodotto \/ requisiti dei clienti in tutte le nostre caselle di posta in arrivo + Allentamento in un unico posto<br \/>\n(2) Possibilit\u00e0 di creare una tabella di marcia trimestrale con i biglietti esistenti in Jira + possibilit\u00e0 di scrivere nuove funzionalit\u00e0 su Jira come biglietti<br \/>\n(3) Possibilit\u00e0 di delineare tutti i componenti della nostra piattaforma con le caratteristiche di ciascun componente, cosa che non avevamo mai avuto prima.<\/p>\n<p><strong>Inconvenienti: <\/strong>Alcuni piccoli ritocchi intorno alle interazioni (ad es. Selezione di file in blocco), ma finora l&#8217;assistenza clienti ha risposto all&#8217;istante per guidarmi nella giusta direzione.<\/p>\n<h4 class=\"font-weight-bold my-1 d-flex align-items-center\">Eric P.&#8221;Il modo pi\u00f9 semplice per il consolidamento approfondito, la definizione delle priorit\u00e0 e la gestione della roadmap&#8221;<\/h4>\n<p><strong>Commenti: <\/strong>Avevamo un problema di allineamento e comunicazione che dovevamo risolvere. Semplice e semplice, la scheda prodotto ci offre un modo chiaro per comunicare e collaborare alla nostra tabella di marcia del prodotto. E offre al nostro team informazioni su come pensiamo e privilegiamo le iniziative.<\/p>\n<p><strong>Vantaggi: <\/strong>Consolidamento di approfondimenti da parte mia, dei nostri clienti e del nostro team. Mi piacciono molto anche le diverse viste che posso creare e i modi in cui posso dare priorit\u00e0 alle cose in base al rilascio e ai vari punteggi. Anche il forum di feedback pubblico \u00e8 davvero molto bello. Quindi la bella vista della roadmap \u00e8 solo la ciliegina sulla torta.<\/p>\n<p><strong>Inconvenienti: <\/strong>Non si integra con Clubhouse, a cui ci stiamo trasferendo da JIRA. Inoltre, non abbiamo utilizzato l&#8217;integrazione di JIRA perch\u00e9 eravamo su New JIRA. Ecco perch\u00e9 ora siamo su Clubhouse, che salver\u00f2 per un&#8217;altra recensione. Inoltre, sento che mancano un paio di elementi quando si guarda alla segnalazione e alla manutenzione continua dei biglietti &#8230; ma \u00e8 difficile, ed \u00e8 probabilmente qualcosa a cui stanno pensando.<\/p>\n<h4 class=\"font-weight-bold my-1 d-flex align-items-center\">Kaan \u00d6.\u00a0&#8220;Uno strumento semplice ma potente per gestire e comunicare la roadmap del prodotto&#8221;<\/h4>\n<p><strong>Commenti: <\/strong>Productboard ci ha permesso di creare una roadmap di prodotto gestibile, orientata al valore del cliente, in linea con i nostri obiettivi aziendali e la visione del prodotto. La comunicazione della nostra tabella di marcia del prodotto a diversi stakeholder \u00e8 ora molto pi\u00f9 semplice grazie alle viste personalizzabili e straordinarie.<\/p>\n<p><strong>Vantaggi: <\/strong>Productboard ha un&#8217;interfaccia utente molto facile da usare, ma riesce comunque a fornire la funzionalit\u00e0 di visualizzazioni personalizzabili con le sue potenti aggregazioni, filtri, tag e opzioni di visualizzazione. Con le funzionalit\u00e0 di approfondimento della scheda prodotto, \u00e8 molto semplice analizzare le idee e i requisiti dei clienti in base alle caratteristiche del prodotto e tenere traccia della domanda dei clienti per ciascuna funzionalit\u00e0 in dettaglio. Anche le splendide viste della roadmap che puoi esportare per le presentazioni sono un vero risparmio di tempo.<\/p>\n<p><strong>Inconvenienti: <\/strong>Per gli allegati \u00e8 necessario un visualizzatore di file interno per formati di file comuni (ad esempio pdf, doc, xls). Sarebbe preferibile se le intuizioni interne potessero essere separate dalle intuizioni dei clienti quando calcoliamo il punteggio di impatto dell&#8217;utente che utilizziamo per misurare la domanda di funzionalit\u00e0 da parte del cliente.<\/p>\n<p>&nbsp;<\/p>\n","protected":false},"excerpt":{"rendered":"<p>Productboard \u00e8 una soluzione di gestione dei prodotti e roadmap basata su cloud che aiuta gli utenti a comprendere le esigenze dei clienti, le priorit\u00e0 di mercato, i progressi e i miglioramenti. Progettato sia per le startup sia per le grandi aziende, consente ai responsabili di prodotto agili di utilizzare dati e approfondimenti per lo sviluppo e il lancio di roadmap di prodotti orientati al cliente<\/p>\n","protected":false},"author":19,"featured_media":27052,"parent":27022,"menu_order":0,"comment_status":"open","ping_status":"closed","template":"g1_template_page_review_new.php","meta":{"_acf_changed":false,"cwp_meta_box_check":"Yes","cwp_rev_product_name":"","cwp_rev_product_image":"","wppr_links":[],"cwp_rev_price":"","wppr_options":[],"wppr_pros":[],"wppr_cons":[],"_monsterinsights_skip_tracking":false,"_monsterinsights_sitenote_active":false,"_monsterinsights_sitenote_note":"","_monsterinsights_sitenote_category":0,"footnotes":""},"categories":[2892],"tags":[2894,396,2904,2903,2893,2895],"features":[],"class_list":{"0":"post-27050","1":"page","2":"type-page","3":"status-publish","4":"has-post-thumbnail","6":"category-gestionale-per-progetti-agile","7":"tag-agile","8":"tag-cloud","9":"tag-intercom","10":"tag-productboard","11":"tag-software-gestionale-per-progetti-agile","12":"tag-soluzione-gestionale-per-progetti-agile"},"wppr_data":{"cwp_meta_box_check":"Yes","cwp_rev_product_name":"","cwp_rev_product_image":"","cwp_image_link":"image","cwp_rev_price":"","wppr_rating":"0.00"},"acf":[],"yoast_head":"<!-- This site is optimized with the Yoast SEO plugin v27.4 - https:\/\/yoast.com\/product\/yoast-seo-wordpress\/ -->\n<title>Productboard: recensione gestionale per progetti agile - Accurate Reviews<\/title>\n<meta name=\"description\" content=\"Productboard: recensione soluzione di gestione dei prodotti e roadmap basata su cloud che aiuta gli utenti a comprendere le esigenze dei clienti.\" \/>\n<meta name=\"robots\" content=\"index, follow, max-snippet:-1, max-image-preview:large, max-video-preview:-1\" \/>\n<link rel=\"canonical\" href=\"https:\/\/www.accuratereviews.com\/it\/gestionale-per-progetti-agile\/productboard-recensione\/\" \/>\n<meta property=\"og:locale\" content=\"it_IT\" \/>\n<meta property=\"og:type\" content=\"article\" \/>\n<meta property=\"og:title\" content=\"Productboard: recensione gestionale per progetti agile - Accurate Reviews\" \/>\n<meta property=\"og:description\" content=\"Productboard: recensione soluzione di gestione dei prodotti e roadmap basata su cloud che aiuta gli utenti a comprendere le esigenze dei clienti.\" \/>\n<meta property=\"og:url\" content=\"https:\/\/www.accuratereviews.com\/it\/gestionale-per-progetti-agile\/productboard-recensione\/\" \/>\n<meta property=\"og:site_name\" content=\"Accurate Reviews\" \/>\n<meta property=\"og:image\" content=\"https:\/\/www.accuratereviews.com\/wp-content\/uploads\/2020\/06\/Productboard-logo-clean.png\" \/>\n\t<meta property=\"og:image:width\" content=\"1850\" \/>\n\t<meta property=\"og:image:height\" content=\"470\" \/>\n\t<meta property=\"og:image:type\" content=\"image\/png\" \/>\n<meta name=\"twitter:card\" content=\"summary_large_image\" \/>\n<meta name=\"twitter:label1\" content=\"Tempo di lettura stimato\" \/>\n\t<meta name=\"twitter:data1\" content=\"5 minuti\" \/>\n<script type=\"application\/ld+json\" class=\"yoast-schema-graph\">{\"@context\":\"https:\\\/\\\/schema.org\",\"@graph\":[{\"@type\":\"WebPage\",\"@id\":\"https:\\\/\\\/www.accuratereviews.com\\\/it\\\/gestionale-per-progetti-agile\\\/productboard-recensione\\\/\",\"url\":\"https:\\\/\\\/www.accuratereviews.com\\\/it\\\/gestionale-per-progetti-agile\\\/productboard-recensione\\\/\",\"name\":\"Productboard: recensione gestionale per progetti agile - Accurate Reviews\",\"isPartOf\":{\"@id\":\"https:\\\/\\\/www.accuratereviews.com\\\/it\\\/#website\"},\"primaryImageOfPage\":{\"@id\":\"https:\\\/\\\/www.accuratereviews.com\\\/it\\\/gestionale-per-progetti-agile\\\/productboard-recensione\\\/#primaryimage\"},\"image\":{\"@id\":\"https:\\\/\\\/www.accuratereviews.com\\\/it\\\/gestionale-per-progetti-agile\\\/productboard-recensione\\\/#primaryimage\"},\"thumbnailUrl\":\"https:\\\/\\\/www.accuratereviews.com\\\/wp-content\\\/uploads\\\/2020\\\/06\\\/Productboard-logo-clean.png\",\"datePublished\":\"2020-06-01T10:41:17+00:00\",\"description\":\"Productboard: recensione soluzione di gestione dei prodotti e roadmap basata su cloud che aiuta gli utenti a comprendere le esigenze dei clienti.\",\"breadcrumb\":{\"@id\":\"https:\\\/\\\/www.accuratereviews.com\\\/it\\\/gestionale-per-progetti-agile\\\/productboard-recensione\\\/#breadcrumb\"},\"inLanguage\":\"it-IT\",\"potentialAction\":[{\"@type\":\"ReadAction\",\"target\":[\"https:\\\/\\\/www.accuratereviews.com\\\/it\\\/gestionale-per-progetti-agile\\\/productboard-recensione\\\/\"]}]},{\"@type\":\"ImageObject\",\"inLanguage\":\"it-IT\",\"@id\":\"https:\\\/\\\/www.accuratereviews.com\\\/it\\\/gestionale-per-progetti-agile\\\/productboard-recensione\\\/#primaryimage\",\"url\":\"https:\\\/\\\/www.accuratereviews.com\\\/wp-content\\\/uploads\\\/2020\\\/06\\\/Productboard-logo-clean.png\",\"contentUrl\":\"https:\\\/\\\/www.accuratereviews.com\\\/wp-content\\\/uploads\\\/2020\\\/06\\\/Productboard-logo-clean.png\",\"width\":1850,\"height\":470},{\"@type\":\"BreadcrumbList\",\"@id\":\"https:\\\/\\\/www.accuratereviews.com\\\/it\\\/gestionale-per-progetti-agile\\\/productboard-recensione\\\/#breadcrumb\",\"itemListElement\":[{\"@type\":\"ListItem\",\"position\":1,\"name\":\"Home\",\"item\":\"https:\\\/\\\/www.accuratereviews.com\\\/it\\\/\"},{\"@type\":\"ListItem\",\"position\":2,\"name\":\"Gestionale per progetti Agile\",\"item\":\"https:\\\/\\\/www.accuratereviews.com\\\/it\\\/gestionale-per-progetti-agile\\\/\"},{\"@type\":\"ListItem\",\"position\":3,\"name\":\"Productboard\"}]},{\"@type\":\"WebSite\",\"@id\":\"https:\\\/\\\/www.accuratereviews.com\\\/it\\\/#website\",\"url\":\"https:\\\/\\\/www.accuratereviews.com\\\/it\\\/\",\"name\":\"Accurate Reviews\",\"description\":\"\",\"potentialAction\":[{\"@type\":\"SearchAction\",\"target\":{\"@type\":\"EntryPoint\",\"urlTemplate\":\"https:\\\/\\\/www.accuratereviews.com\\\/it\\\/?s={search_term_string}\"},\"query-input\":{\"@type\":\"PropertyValueSpecification\",\"valueRequired\":true,\"valueName\":\"search_term_string\"}}],\"inLanguage\":\"it-IT\"}]}<\/script>\n<!-- \/ Yoast SEO plugin. -->","yoast_head_json":{"title":"Productboard: recensione gestionale per progetti agile - Accurate Reviews","description":"Productboard: recensione soluzione di gestione dei prodotti e roadmap basata su cloud che aiuta gli utenti a comprendere le esigenze dei clienti.","robots":{"index":"index","follow":"follow","max-snippet":"max-snippet:-1","max-image-preview":"max-image-preview:large","max-video-preview":"max-video-preview:-1"},"canonical":"https:\/\/www.accuratereviews.com\/it\/gestionale-per-progetti-agile\/productboard-recensione\/","og_locale":"it_IT","og_type":"article","og_title":"Productboard: recensione gestionale per progetti agile - Accurate Reviews","og_description":"Productboard: recensione soluzione di gestione dei prodotti e roadmap basata su cloud che aiuta gli utenti a comprendere le esigenze dei clienti.","og_url":"https:\/\/www.accuratereviews.com\/it\/gestionale-per-progetti-agile\/productboard-recensione\/","og_site_name":"Accurate Reviews","og_image":[{"width":1850,"height":470,"url":"https:\/\/www.accuratereviews.com\/wp-content\/uploads\/2020\/06\/Productboard-logo-clean.png","type":"image\/png"}],"twitter_card":"summary_large_image","twitter_misc":{"Tempo di lettura stimato":"5 minuti"},"schema":{"@context":"https:\/\/schema.org","@graph":[{"@type":"WebPage","@id":"https:\/\/www.accuratereviews.com\/it\/gestionale-per-progetti-agile\/productboard-recensione\/","url":"https:\/\/www.accuratereviews.com\/it\/gestionale-per-progetti-agile\/productboard-recensione\/","name":"Productboard: recensione gestionale per progetti agile - Accurate Reviews","isPartOf":{"@id":"https:\/\/www.accuratereviews.com\/it\/#website"},"primaryImageOfPage":{"@id":"https:\/\/www.accuratereviews.com\/it\/gestionale-per-progetti-agile\/productboard-recensione\/#primaryimage"},"image":{"@id":"https:\/\/www.accuratereviews.com\/it\/gestionale-per-progetti-agile\/productboard-recensione\/#primaryimage"},"thumbnailUrl":"https:\/\/www.accuratereviews.com\/wp-content\/uploads\/2020\/06\/Productboard-logo-clean.png","datePublished":"2020-06-01T10:41:17+00:00","description":"Productboard: recensione soluzione di gestione dei prodotti e roadmap basata su cloud che aiuta gli utenti a comprendere le esigenze dei clienti.","breadcrumb":{"@id":"https:\/\/www.accuratereviews.com\/it\/gestionale-per-progetti-agile\/productboard-recensione\/#breadcrumb"},"inLanguage":"it-IT","potentialAction":[{"@type":"ReadAction","target":["https:\/\/www.accuratereviews.com\/it\/gestionale-per-progetti-agile\/productboard-recensione\/"]}]},{"@type":"ImageObject","inLanguage":"it-IT","@id":"https:\/\/www.accuratereviews.com\/it\/gestionale-per-progetti-agile\/productboard-recensione\/#primaryimage","url":"https:\/\/www.accuratereviews.com\/wp-content\/uploads\/2020\/06\/Productboard-logo-clean.png","contentUrl":"https:\/\/www.accuratereviews.com\/wp-content\/uploads\/2020\/06\/Productboard-logo-clean.png","width":1850,"height":470},{"@type":"BreadcrumbList","@id":"https:\/\/www.accuratereviews.com\/it\/gestionale-per-progetti-agile\/productboard-recensione\/#breadcrumb","itemListElement":[{"@type":"ListItem","position":1,"name":"Home","item":"https:\/\/www.accuratereviews.com\/it\/"},{"@type":"ListItem","position":2,"name":"Gestionale per progetti Agile","item":"https:\/\/www.accuratereviews.com\/it\/gestionale-per-progetti-agile\/"},{"@type":"ListItem","position":3,"name":"Productboard"}]},{"@type":"WebSite","@id":"https:\/\/www.accuratereviews.com\/it\/#website","url":"https:\/\/www.accuratereviews.com\/it\/","name":"Accurate Reviews","description":"","potentialAction":[{"@type":"SearchAction","target":{"@type":"EntryPoint","urlTemplate":"https:\/\/www.accuratereviews.com\/it\/?s={search_term_string}"},"query-input":{"@type":"PropertyValueSpecification","valueRequired":true,"valueName":"search_term_string"}}],"inLanguage":"it-IT"}]}},"_links":{"self":[{"href":"https:\/\/www.accuratereviews.com\/it\/wp-json\/wp\/v2\/pages\/27050","targetHints":{"allow":["GET"]}}],"collection":[{"href":"https:\/\/www.accuratereviews.com\/it\/wp-json\/wp\/v2\/pages"}],"about":[{"href":"https:\/\/www.accuratereviews.com\/it\/wp-json\/wp\/v2\/types\/page"}],"author":[{"embeddable":true,"href":"https:\/\/www.accuratereviews.com\/it\/wp-json\/wp\/v2\/users\/19"}],"replies":[{"embeddable":true,"href":"https:\/\/www.accuratereviews.com\/it\/wp-json\/wp\/v2\/comments?post=27050"}],"version-history":[{"count":5,"href":"https:\/\/www.accuratereviews.com\/it\/wp-json\/wp\/v2\/pages\/27050\/revisions"}],"predecessor-version":[{"id":27059,"href":"https:\/\/www.accuratereviews.com\/it\/wp-json\/wp\/v2\/pages\/27050\/revisions\/27059"}],"up":[{"embeddable":true,"href":"https:\/\/www.accuratereviews.com\/it\/wp-json\/wp\/v2\/pages\/27022"}],"wp:featuredmedia":[{"embeddable":true,"href":"https:\/\/www.accuratereviews.com\/it\/wp-json\/wp\/v2\/media\/27052"}],"wp:attachment":[{"href":"https:\/\/www.accuratereviews.com\/it\/wp-json\/wp\/v2\/media?parent=27050"}],"wp:term":[{"taxonomy":"category","embeddable":true,"href":"https:\/\/www.accuratereviews.com\/it\/wp-json\/wp\/v2\/categories?post=27050"},{"taxonomy":"post_tag","embeddable":true,"href":"https:\/\/www.accuratereviews.com\/it\/wp-json\/wp\/v2\/tags?post=27050"},{"taxonomy":"features","embeddable":true,"href":"https:\/\/www.accuratereviews.com\/it\/wp-json\/wp\/v2\/features?post=27050"}],"curies":[{"name":"wp","href":"https:\/\/api.w.org\/{rel}","templated":true}]}}