{"id":27060,"date":"2020-06-03T10:41:57","date_gmt":"2020-06-03T10:41:57","guid":{"rendered":"https:\/\/www.accuratereviews.com\/?page_id=27060"},"modified":"2023-10-28T08:33:05","modified_gmt":"2023-10-28T08:33:05","slug":"hygger-recensione","status":"publish","type":"page","link":"https:\/\/www.accuratereviews.com\/it\/gestionale-per-progetti-agile\/hygger-recensione\/","title":{"rendered":"Hygger"},"content":{"rendered":"<p><strong>Hygger<\/strong> \u00e8 uno <strong>strumento di gestione dei progetti<\/strong> che consente a vari team in tutto il mondo di utilizzare un <strong>approccio agile<\/strong> mentre organizzano i propri progetti, indipendentemente dal fatto che tali lavori siano collegati allo sviluppo di software, allo sviluppo di prodotti o alla gestione di campagne di marketing. <strong>Hygger<\/strong> utilizza le <strong>schede Kanban<\/strong> in cui i team possono monitorare il modo in cui stanno lavorando ai propri progetti e attivit\u00e0, consentendo di vedere cosa devono fare, per quanto tempo devono farlo e identificare i problemi che impediscono loro di svolgere i propri compiti pi\u00f9 rapidamente.\u00a0Possono anche creare tabelle di marcia in modo \u00a0possano visualizzare chiaramente i loro obiettivi e i passaggi, le procedure e le attivit\u00e0 necessarie per raggiungere gli obiettivi. Lo strumento consolida tutte le comunicazioni, i file e le liste di controllo relative ai progetti, assegnare compiti in un&#8217;unica posizione.<\/p>\n<h2>HYGGER &#8211; TUTORIAL<\/h2>\n<p>In questo video imparerai come gestire il Product Backlog per raccogliere e valutare idee, feedback dei clienti, funzionalit\u00e0 o approfondimenti su questo <strong>software gestionale agile:<\/strong><\/p>\n<div id=\"fluid-wrapper-counter-1\" class=\"g1-fluid-wrapper \" style=\"width:686px;\">\n<div style=\"padding-bottom:56.268221574344%;\"><iframe loading=\"lazy\" title=\"How to Manage Product Backlog, Share Roadmap and Apply ICE Prioritization | Hygger Tutorial\" width=\"686\" height=\"386\" src=\"https:\/\/www.youtube.com\/embed\/L7e8QDMrAN4?feature=oembed&amp;wmode=transparent&amp;autohide=1&amp;autoplay=0&amp;disablekb=0&amp;fs=1&amp;loop=0&amp;enablejsapi=1&amp;rel=0&amp;controls=2&amp;showinfo=0&amp;wmode=transparent&amp;autohide=2&amp;autoplay=0&amp;disablekb=0&amp;fs=1&amp;loop=0&amp;enablejsapi=1&amp;rel=0&amp;controls=2&amp;showinfo=1\" frameborder=\"0\" allow=\"accelerometer; autoplay; clipboard-write; encrypted-media; gyroscope; picture-in-picture; web-share\" allowfullscreen><\/iframe><\/div>\n<\/div>\n<h3>HYGGER &#8211; CARATTERISTICHE<\/h3>\n<ul>\n<li><strong>Sequenza temporale<\/strong>: crea tempistiche complete e precise per impostare il giusto inizio del progetto<\/li>\n<li><strong>Elenchi compiti<\/strong>: utilizza gli elenchi di attivit\u00e0 tradizionali per organizzare il tuo lavoro. Progetta la loro vista per le tue esigenze utilizzando campi personalizzati<\/li>\n<li><strong>Tavole Kanban<\/strong>: visualizza i tuoi flussi di lavoro personalizzati utilizzando le schede Kanban.Rendi la collaborazione del tuo team trasparente e allineata<\/li>\n<li><strong>Tavole Sprint<\/strong>: sposta le tue attivit\u00e0 in schede Sprint per il miglioramento continuo del progetto<\/li>\n<li><strong>Limiti WIP<\/strong>: imposta i limiti WIP per ridurre il multitasking e il cambio di attivit\u00e0 e fornire una consegna prevedibile del progetto<\/li>\n<li><strong>Matrice valore \/ sforzo<\/strong>: scegli le attivit\u00e0 vincenti nel grafico priorit\u00e0 valore \/ sforzo. Definisci le scommesse importanti, filtra i timesink e i maybes<\/li>\n<li><strong>Punteggio ponderato<\/strong>: definisci i tuoi criteri strategici attuali, segna le attivit\u00e0 e scegli quelle giuste<\/li>\n<li><strong>Progetti<\/strong>: ottieni una panoramica completa delle versioni del progetto, delle schede e delle attivit\u00e0<\/li>\n<li><strong>Stream di attivit\u00e0 in diretta<\/strong>: mostra le attivit\u00e0 completate e attuali, attivit\u00e0 scadute e registri di lavoro dei dipendenti<\/li>\n<li><strong>In entrata<\/strong>: ottieni solo gli aggiornamenti del team necessari<\/li>\n<li><strong>Link intelligenti<\/strong>: possiedi una rapida panoramica di un&#8217;attivit\u00e0 con un URL univoco che mostra lo stato dell&#8217;attivit\u00e0<\/li>\n<li><strong>Tracciamento del tempo con rapporti<\/strong>: tieni traccia delle prestazioni del tuo team e genera report dettagliati<\/li>\n<li><strong>IOS e Android<\/strong>: rimani aggiornato su tutti i tuoi progetti con le app per iPhone e Android<\/li>\n<\/ul>\n<h4>LE RECENSIONI DEGLI UTENTI<\/h4>\n<p class=\"font-weight-bold my-1 d-flex align-items-center\"><strong>Jeremy B.&#8221;Un grande con caratteristiche e design paragonabili ai prodotti pi\u00f9 costosi&#8221;<\/strong><br \/>\n<strong>Commenti: <\/strong>Lo adoro lo comprer\u00f2 presto ora che abbiamo avuto alcuni mesi di valutazione<br \/>\n<strong>Pro: <\/strong>La facilit\u00e0 d&#8217;uso, poich\u00e9 la curva di apprendimento \u00e8 MOLTO breve per Hygger<br \/>\n<strong>Contro: <\/strong>Ha bisogno di un po &#8216;pi\u00f9 di opzioni di personalizzazione, ma ne ho abbastanza per cominciare!<\/p>\n<p class=\"font-weight-bold my-1 d-flex align-items-center\"><strong>Mar\u00eda noel H.&#8221;Ottimo strumento per i team&#8221;<\/strong><br \/>\n<strong>Pro: <\/strong>\u00c8 un ottimo strumento per tutti i membri del mio team, poich\u00e9 per me Hygger \u00e8 fondamentale per tenere traccia delle attivit\u00e0 e dello sviluppo di ogni pacchetto di lavoro.<br \/>\n<strong>Contro: <\/strong>\u00c8 facile da imparare, facile da usare, sempre in pista.<\/p>\n<p class=\"font-weight-bold my-1 d-flex align-items-center\"><strong>Russell A.&#8221;Le agenzie di progettazione medio-piccole HANNO BISOGNO di questo strumento.&#8221;<\/strong><br \/>\n<strong>Commenti: <\/strong>Dato che siamo passati da 2 membri del personale a 6-7, dovevamo essere in grado di tenere traccia dell&#8217;ora in cui la gente stava lavorando e su cosa stavano lavorando. Avevamo anche bisogno di vedere le pietre miliari chiave di un progetto e assicurarci che tutto fosse sempre sulla destinazione per il completamento nel periodo di tempo assegnato. Questo fa tutto e non potremmo vivere senza di essa adesso.<br \/>\n<strong>Pro:\u00a0<\/strong>\u00c8 cos\u00ec facile da usare e siamo in grado di tracciare ogni dettaglio di un progetto. Non potremmo vivere senza di essa.<br \/>\n<strong>Contro: <\/strong>Non c&#8217;\u00e8 niente che non mi piace di Hygger. \u00c8 fantastico.<\/p>\n","protected":false},"excerpt":{"rendered":"<p>Hygger \u00e8 uno strumento di gestione dei progetti che consente a vari team in tutto il mondo di utilizzare un approccio agile mentre organizzano i propri progetti, indipendentemente dal fatto che tali lavori siano collegati allo sviluppo di software, allo sviluppo di prodotti o alla gestione di campagne di marketing.<\/p>\n","protected":false},"author":19,"featured_media":27061,"parent":27022,"menu_order":0,"comment_status":"open","ping_status":"closed","template":"g1_template_page_review_new.php","meta":{"_acf_changed":false,"cwp_meta_box_check":"Yes","cwp_rev_product_name":"","cwp_rev_product_image":"","wppr_links":[],"cwp_rev_price":"","wppr_options":[{"name":"Usability","value":"0"},{"name":"Speed","value":"0"},{"name":"Features","value":"0"},{"name":"Support","value":"0"},{"name":"Pricing","value":"0"}],"wppr_pros":["","","","",""],"wppr_cons":["","","","",""],"_monsterinsights_skip_tracking":false,"_monsterinsights_sitenote_active":false,"_monsterinsights_sitenote_note":"","_monsterinsights_sitenote_category":0,"footnotes":""},"categories":[2892],"tags":[396,464,2907,2893,2895,2905,2906],"features":[],"class_list":{"0":"post-27060","1":"page","2":"type-page","3":"status-publish","4":"has-post-thumbnail","6":"category-gestionale-per-progetti-agile","7":"tag-cloud","8":"tag-gratuito","9":"tag-hygger","10":"tag-software-gestionale-per-progetti-agile","11":"tag-soluzione-gestionale-per-progetti-agile","12":"tag-tavole-kanban","13":"tag-tavole-sprint"},"wppr_data":{"cwp_meta_box_check":"Yes","cwp_rev_product_name":"","_wppr_review_template":"default","cwp_rev_product_image":"","cwp_image_link":"image","wppr_links":[],"cwp_rev_price":"","wppr_pros":["","","","",""],"wppr_cons":["","","","",""],"wppr_rating":"0.00","wppr_options":{"1":{"name":"Usability","value":"0"},"2":{"name":"Speed","value":"0"},"3":{"name":"Features","value":"0"},"4":{"name":"Support","value":"0"},"5":{"name":"Pricing","value":"0"}},"wppr_review_type":"Product","wppr_review_custom_fields":{"additionalProperty":"","additionalType":"","aggregateRating":"","alternateName":"","audience":"","award":"","awards":"","brand":"","color":"","depth":"","description":"","disambiguatingDescription":"","gtin12":"","gtin13":"","gtin14":"","gtin8":"","height":"","identifier":"","image":"","isAccessoryOrSparePartFor":"","isConsumableFor":"","isRelatedTo":"","isSimilarTo":"","itemCondition":"","logo":"","mainEntityOfPage":"","manufacturer":"","material":"","model":"","mpn":"","name":"","offers":"","potentialAction":"","productID":"","productionDate":"","purchaseDate":"","releaseDate":"","review":"","reviews":"","sameAs":"","sku":"","slogan":"","subjectOf":"","url":"","weight":"","width":""}},"acf":[],"yoast_head":"<!-- This site is optimized with the Yoast SEO plugin v27.4 - https:\/\/yoast.com\/product\/yoast-seo-wordpress\/ -->\n<title>Hygger: recensione software gestionale progetti agile - Accurate Reviews<\/title>\n<meta name=\"description\" content=\"Hygger: recensione soluzione di gestione progetti che consente a vari team in tutto il mondo di utilizzare un approccio agile mentre organizzano i lavori.\" \/>\n<meta name=\"robots\" content=\"index, follow, max-snippet:-1, max-image-preview:large, max-video-preview:-1\" \/>\n<link rel=\"canonical\" href=\"https:\/\/www.accuratereviews.com\/it\/gestionale-per-progetti-agile\/hygger-recensione\/\" \/>\n<meta property=\"og:locale\" content=\"it_IT\" \/>\n<meta property=\"og:type\" content=\"article\" \/>\n<meta property=\"og:title\" content=\"Hygger: recensione software gestionale progetti agile - Accurate Reviews\" \/>\n<meta property=\"og:description\" content=\"Hygger: recensione soluzione di gestione progetti che consente a vari team in tutto il mondo di utilizzare un approccio agile mentre organizzano i lavori.\" \/>\n<meta property=\"og:url\" content=\"https:\/\/www.accuratereviews.com\/it\/gestionale-per-progetti-agile\/hygger-recensione\/\" \/>\n<meta property=\"og:site_name\" content=\"Accurate Reviews\" \/>\n<meta property=\"article:modified_time\" content=\"2023-10-28T08:33:05+00:00\" \/>\n<meta property=\"og:image\" content=\"https:\/\/www.accuratereviews.com\/wp-content\/uploads\/2020\/06\/hugger.png\" \/>\n\t<meta property=\"og:image:width\" content=\"624\" \/>\n\t<meta property=\"og:image:height\" content=\"240\" \/>\n\t<meta property=\"og:image:type\" content=\"image\/png\" \/>\n<meta name=\"twitter:card\" content=\"summary_large_image\" \/>\n<meta name=\"twitter:label1\" content=\"Tempo di lettura stimato\" \/>\n\t<meta name=\"twitter:data1\" content=\"4 minuti\" \/>\n<script type=\"application\/ld+json\" class=\"yoast-schema-graph\">{\"@context\":\"https:\\\/\\\/schema.org\",\"@graph\":[{\"@type\":\"WebPage\",\"@id\":\"https:\\\/\\\/www.accuratereviews.com\\\/it\\\/gestionale-per-progetti-agile\\\/hygger-recensione\\\/\",\"url\":\"https:\\\/\\\/www.accuratereviews.com\\\/it\\\/gestionale-per-progetti-agile\\\/hygger-recensione\\\/\",\"name\":\"Hygger: recensione software gestionale progetti agile - Accurate Reviews\",\"isPartOf\":{\"@id\":\"https:\\\/\\\/www.accuratereviews.com\\\/it\\\/#website\"},\"primaryImageOfPage\":{\"@id\":\"https:\\\/\\\/www.accuratereviews.com\\\/it\\\/gestionale-per-progetti-agile\\\/hygger-recensione\\\/#primaryimage\"},\"image\":{\"@id\":\"https:\\\/\\\/www.accuratereviews.com\\\/it\\\/gestionale-per-progetti-agile\\\/hygger-recensione\\\/#primaryimage\"},\"thumbnailUrl\":\"https:\\\/\\\/www.accuratereviews.com\\\/wp-content\\\/uploads\\\/2020\\\/06\\\/hugger.png\",\"datePublished\":\"2020-06-03T10:41:57+00:00\",\"dateModified\":\"2023-10-28T08:33:05+00:00\",\"description\":\"Hygger: recensione soluzione di gestione progetti che consente a vari team in tutto il mondo di utilizzare un approccio agile mentre organizzano i lavori.\",\"breadcrumb\":{\"@id\":\"https:\\\/\\\/www.accuratereviews.com\\\/it\\\/gestionale-per-progetti-agile\\\/hygger-recensione\\\/#breadcrumb\"},\"inLanguage\":\"it-IT\",\"potentialAction\":[{\"@type\":\"ReadAction\",\"target\":[\"https:\\\/\\\/www.accuratereviews.com\\\/it\\\/gestionale-per-progetti-agile\\\/hygger-recensione\\\/\"]}]},{\"@type\":\"ImageObject\",\"inLanguage\":\"it-IT\",\"@id\":\"https:\\\/\\\/www.accuratereviews.com\\\/it\\\/gestionale-per-progetti-agile\\\/hygger-recensione\\\/#primaryimage\",\"url\":\"https:\\\/\\\/www.accuratereviews.com\\\/wp-content\\\/uploads\\\/2020\\\/06\\\/hugger.png\",\"contentUrl\":\"https:\\\/\\\/www.accuratereviews.com\\\/wp-content\\\/uploads\\\/2020\\\/06\\\/hugger.png\",\"width\":624,\"height\":240},{\"@type\":\"BreadcrumbList\",\"@id\":\"https:\\\/\\\/www.accuratereviews.com\\\/it\\\/gestionale-per-progetti-agile\\\/hygger-recensione\\\/#breadcrumb\",\"itemListElement\":[{\"@type\":\"ListItem\",\"position\":1,\"name\":\"Home\",\"item\":\"https:\\\/\\\/www.accuratereviews.com\\\/it\\\/\"},{\"@type\":\"ListItem\",\"position\":2,\"name\":\"Gestionale per progetti Agile\",\"item\":\"https:\\\/\\\/www.accuratereviews.com\\\/it\\\/gestionale-per-progetti-agile\\\/\"},{\"@type\":\"ListItem\",\"position\":3,\"name\":\"Hygger\"}]},{\"@type\":\"WebSite\",\"@id\":\"https:\\\/\\\/www.accuratereviews.com\\\/it\\\/#website\",\"url\":\"https:\\\/\\\/www.accuratereviews.com\\\/it\\\/\",\"name\":\"Accurate Reviews\",\"description\":\"\",\"potentialAction\":[{\"@type\":\"SearchAction\",\"target\":{\"@type\":\"EntryPoint\",\"urlTemplate\":\"https:\\\/\\\/www.accuratereviews.com\\\/it\\\/?s={search_term_string}\"},\"query-input\":{\"@type\":\"PropertyValueSpecification\",\"valueRequired\":true,\"valueName\":\"search_term_string\"}}],\"inLanguage\":\"it-IT\"}]}<\/script>\n<!-- \/ Yoast SEO plugin. -->","yoast_head_json":{"title":"Hygger: recensione software gestionale progetti agile - Accurate Reviews","description":"Hygger: recensione soluzione di gestione progetti che consente a vari team in tutto il mondo di utilizzare un approccio agile mentre organizzano i lavori.","robots":{"index":"index","follow":"follow","max-snippet":"max-snippet:-1","max-image-preview":"max-image-preview:large","max-video-preview":"max-video-preview:-1"},"canonical":"https:\/\/www.accuratereviews.com\/it\/gestionale-per-progetti-agile\/hygger-recensione\/","og_locale":"it_IT","og_type":"article","og_title":"Hygger: recensione software gestionale progetti agile - Accurate Reviews","og_description":"Hygger: recensione soluzione di gestione progetti che consente a vari team in tutto il mondo di utilizzare un approccio agile mentre organizzano i lavori.","og_url":"https:\/\/www.accuratereviews.com\/it\/gestionale-per-progetti-agile\/hygger-recensione\/","og_site_name":"Accurate Reviews","article_modified_time":"2023-10-28T08:33:05+00:00","og_image":[{"width":624,"height":240,"url":"https:\/\/www.accuratereviews.com\/wp-content\/uploads\/2020\/06\/hugger.png","type":"image\/png"}],"twitter_card":"summary_large_image","twitter_misc":{"Tempo di lettura stimato":"4 minuti"},"schema":{"@context":"https:\/\/schema.org","@graph":[{"@type":"WebPage","@id":"https:\/\/www.accuratereviews.com\/it\/gestionale-per-progetti-agile\/hygger-recensione\/","url":"https:\/\/www.accuratereviews.com\/it\/gestionale-per-progetti-agile\/hygger-recensione\/","name":"Hygger: recensione software gestionale progetti agile - Accurate Reviews","isPartOf":{"@id":"https:\/\/www.accuratereviews.com\/it\/#website"},"primaryImageOfPage":{"@id":"https:\/\/www.accuratereviews.com\/it\/gestionale-per-progetti-agile\/hygger-recensione\/#primaryimage"},"image":{"@id":"https:\/\/www.accuratereviews.com\/it\/gestionale-per-progetti-agile\/hygger-recensione\/#primaryimage"},"thumbnailUrl":"https:\/\/www.accuratereviews.com\/wp-content\/uploads\/2020\/06\/hugger.png","datePublished":"2020-06-03T10:41:57+00:00","dateModified":"2023-10-28T08:33:05+00:00","description":"Hygger: recensione soluzione di gestione progetti che consente a vari team in tutto il mondo di utilizzare un approccio agile mentre organizzano i lavori.","breadcrumb":{"@id":"https:\/\/www.accuratereviews.com\/it\/gestionale-per-progetti-agile\/hygger-recensione\/#breadcrumb"},"inLanguage":"it-IT","potentialAction":[{"@type":"ReadAction","target":["https:\/\/www.accuratereviews.com\/it\/gestionale-per-progetti-agile\/hygger-recensione\/"]}]},{"@type":"ImageObject","inLanguage":"it-IT","@id":"https:\/\/www.accuratereviews.com\/it\/gestionale-per-progetti-agile\/hygger-recensione\/#primaryimage","url":"https:\/\/www.accuratereviews.com\/wp-content\/uploads\/2020\/06\/hugger.png","contentUrl":"https:\/\/www.accuratereviews.com\/wp-content\/uploads\/2020\/06\/hugger.png","width":624,"height":240},{"@type":"BreadcrumbList","@id":"https:\/\/www.accuratereviews.com\/it\/gestionale-per-progetti-agile\/hygger-recensione\/#breadcrumb","itemListElement":[{"@type":"ListItem","position":1,"name":"Home","item":"https:\/\/www.accuratereviews.com\/it\/"},{"@type":"ListItem","position":2,"name":"Gestionale per progetti Agile","item":"https:\/\/www.accuratereviews.com\/it\/gestionale-per-progetti-agile\/"},{"@type":"ListItem","position":3,"name":"Hygger"}]},{"@type":"WebSite","@id":"https:\/\/www.accuratereviews.com\/it\/#website","url":"https:\/\/www.accuratereviews.com\/it\/","name":"Accurate Reviews","description":"","potentialAction":[{"@type":"SearchAction","target":{"@type":"EntryPoint","urlTemplate":"https:\/\/www.accuratereviews.com\/it\/?s={search_term_string}"},"query-input":{"@type":"PropertyValueSpecification","valueRequired":true,"valueName":"search_term_string"}}],"inLanguage":"it-IT"}]}},"_links":{"self":[{"href":"https:\/\/www.accuratereviews.com\/it\/wp-json\/wp\/v2\/pages\/27060","targetHints":{"allow":["GET"]}}],"collection":[{"href":"https:\/\/www.accuratereviews.com\/it\/wp-json\/wp\/v2\/pages"}],"about":[{"href":"https:\/\/www.accuratereviews.com\/it\/wp-json\/wp\/v2\/types\/page"}],"author":[{"embeddable":true,"href":"https:\/\/www.accuratereviews.com\/it\/wp-json\/wp\/v2\/users\/19"}],"replies":[{"embeddable":true,"href":"https:\/\/www.accuratereviews.com\/it\/wp-json\/wp\/v2\/comments?post=27060"}],"version-history":[{"count":15,"href":"https:\/\/www.accuratereviews.com\/it\/wp-json\/wp\/v2\/pages\/27060\/revisions"}],"predecessor-version":[{"id":72580,"href":"https:\/\/www.accuratereviews.com\/it\/wp-json\/wp\/v2\/pages\/27060\/revisions\/72580"}],"up":[{"embeddable":true,"href":"https:\/\/www.accuratereviews.com\/it\/wp-json\/wp\/v2\/pages\/27022"}],"wp:featuredmedia":[{"embeddable":true,"href":"https:\/\/www.accuratereviews.com\/it\/wp-json\/wp\/v2\/media\/27061"}],"wp:attachment":[{"href":"https:\/\/www.accuratereviews.com\/it\/wp-json\/wp\/v2\/media?parent=27060"}],"wp:term":[{"taxonomy":"category","embeddable":true,"href":"https:\/\/www.accuratereviews.com\/it\/wp-json\/wp\/v2\/categories?post=27060"},{"taxonomy":"post_tag","embeddable":true,"href":"https:\/\/www.accuratereviews.com\/it\/wp-json\/wp\/v2\/tags?post=27060"},{"taxonomy":"features","embeddable":true,"href":"https:\/\/www.accuratereviews.com\/it\/wp-json\/wp\/v2\/features?post=27060"}],"curies":[{"name":"wp","href":"https:\/\/api.w.org\/{rel}","templated":true}]}}