{"id":27073,"date":"2020-06-03T10:41:14","date_gmt":"2020-06-03T10:41:14","guid":{"rendered":"https:\/\/www.accuratereviews.com\/?page_id=27073"},"modified":"2023-10-21T09:45:57","modified_gmt":"2023-10-21T09:45:57","slug":"coschedule-recensione","status":"publish","type":"page","link":"https:\/\/www.accuratereviews.com\/it\/gestionale-per-progetti-agile\/coschedule-recensione\/","title":{"rendered":"CoSchedule"},"content":{"rendered":"<p><strong>CoSchedule<\/strong> \u00e8 una <strong>soluzione gestionale per progetti agile<\/strong> basata su <strong>cloud<\/strong> che aiuta le piccole e grandi imprese a gestire progetti, campagne sui social media, risorse e altro ancora. La piattaforma centralizzata include un calendario interfunzionale personalizzabile, che permette agli utenti di visualizzare e pianificare eventi utilizzando un&#8217;interfaccia drag-and-drop.\u00a0La soluzione consente alle aziende di pianificare programmi di produzione e condividere aggiornamenti in tempo reale sui progetti con le parti interessate, migliorando i flussi di lavoro all&#8217;interno dell&#8217;organizzazione. Gli utenti possono archiviare progetti in una libreria di contenuti e file di catalogo utilizzando tag \/ etichette. Inoltre, le aziende possono condividere automaticamente post sui social media e creare campagne promozionali.\u00a0<strong>CoSchedule<\/strong> facilita l&#8217;integrazione con applicazioni di terze parti come <strong>MailChimp, Evernote, WordPress, Google Docs, Campaign Monitor<\/strong> e altro.<\/p>\n<h2>COSCHEDULE &#8211; TUTORIAL<\/h2>\n<p>Questo tutorial ti guider\u00e0 attraverso le diverse aree del <strong>software gestionale per progetti agile<\/strong> per facilitarti nel tuo lavoro:<\/p>\n<div id=\"fluid-wrapper-counter-1\" class=\"g1-fluid-wrapper \" style=\"width:686px;\">\n<div style=\"padding-bottom:56.268221574344%;\"><iframe loading=\"lazy\" title=\"Core Concepts: Create the Perfect Social Sharing Plan You Can Reuse Again and Again\" width=\"686\" height=\"386\" src=\"https:\/\/www.youtube.com\/embed\/fGrIl7Ub2Dc?list=PLMXYuKI6NOSpodn2bA_G72YiSeyua9DWw\" frameborder=\"0\" allow=\"accelerometer; autoplay; clipboard-write; encrypted-media; gyroscope; picture-in-picture; web-share\" allowfullscreen><\/iframe><\/div>\n<\/div>\n<h3>COSCHEDULE &#8211; CARATTERISTICHE<\/h3>\n<ul>\n<li><strong>Goditi una pianificazione semplice e flessibile<\/strong>: Basta trascinare e rilasciare un post sul blog e i tuoi messaggi social correlati si adatteranno istantaneamente senza riprogrammare<\/li>\n<li><strong>Gestisci facilmente i contenuti di WordPress<\/strong>: crea, pubblica e promuovi tutti i post del tuo blog e i messaggi sui social media direttamente in WordPress<\/li>\n<li><strong>Pianifica i contenuti in anticipo<\/strong>: pianifica i messaggi sui social media parallelamente ai post del tuo blog per pianificare in modo efficiente in anticipo, pubblicare pi\u00f9 contenuti e aumentare il tuo pubblico<\/li>\n<li><strong>Condividi i messaggi giusti al momento giusto<\/strong>: crea coinvolgimento condividendo automaticamente i tuoi messaggi social nei momenti migliori e ripubblicando i messaggi con le migliori prestazioni<\/li>\n<li><strong>Visualizza tutto in tempo reale<\/strong>: vedi ogni progetto su un calendario unificato di record. Mantieni le parti interessate &#8220;al corrente&#8221; e cambia rapidamente quando le priorit\u00e0 variano<\/li>\n<li><strong>Massimizza le risorse per aumentare l&#8217;output<\/strong>: implementare flussi di lavoro coerenti e definiti per accelerare la produzione e identificare l&#8217;impatto dei cambiamenti urgenti sul lavoro in modo proattivo<\/li>\n<\/ul>\n<h4>LE RECENSIONI DEGLI UTENTI<\/h4>\n<h4 class=\"font-weight-bold my-1 d-flex align-items-center\">Chardonnay I.&#8221;CoSchedule: efficace per uffici con grandi volumi di progetto&#8221;<\/h4>\n<p><strong>Commenti: <\/strong>Il nostro ufficio gestisce pi\u00f9 account di social media e invia email per i nostri ex studenti in tutto il paese. Con CoSchedule siamo in grado di gestire tutto ci\u00f2 e assegnare compiti e progetti a persone specifiche. Non c&#8217;\u00e8 dubbio su chi sia responsabile di un progetto. Inoltre, siamo in grado di collegare CoSchedule con Mailchimp e Slack e ogni volta che viene aggiunto un nuovo progetto, viene eseguito il ping. La nostra esperienza complessiva con CoSchedule \u00e8 stata fantastica e la consiglio agli uffici che gestiscono un grande volume di progetti.<\/p>\n<p><strong>Vantaggi: <\/strong>CoSchedule \u00e8 molto facile da usare. Il mio primo giorno in ufficio, sono stato in grado di capire come usarlo in pochi minuti. Gestisco pi\u00f9 account di social media e sono in grado di pianificare post per ogni account in un&#8217;unica piattaforma. Posso anche aggiungere facilmente contenuti social alle campagne email.<\/p>\n<p><strong>Inconvenienti: <\/strong>La pianificazione per Instagram non \u00e8 cos\u00ec efficace perch\u00e9 non sono in grado di taggare altri account, nemmeno all&#8217;interno della copia del nostro post. Devo andare su Instagram stesso per pubblicare e taggare gli account per aumentare il coinvolgimento. Se possibile, CoSchedule dovrebbe cercare di abilitare la funzione di tagging per Instagram, soprattutto perch\u00e9 \u00e8 abilitata per Facebook e Twitter.<\/p>\n<h4 class=\"font-weight-bold my-1 d-flex align-items-center\">Elena L.&#8221;Semplifica il marketing, gli eventi e la gestione delle attivit\u00e0&#8221;<\/h4>\n<p><strong>Commenti: <\/strong>Un sistema facile da usare con una grande interfaccia e una straordinaria funzionalit\u00e0.<\/p>\n<p><strong>Vantaggi: <\/strong>\u00c8 uno sportello unico per quasi tutte le esigenze della nostra organizzazione aziendale. Abbiamo iniziato a guardarlo quando cercavamo un sistema di gestione dei social media \/ marketing, ma lo fa molto di pi\u00f9. ADORO la vista del calendario soprattutto. Essere in grado di vedere ci\u00f2 che \u00e8 dovuto a prima vista \u00e8 cos\u00ec prezioso. La codifica a colori dei diversi flussi aziendali semplifica la pianificazione in un team di persone. Ci piace anche che tu possa assegnare compiti ai membri del team. La pianificazione e la gestione di eventi \/ blog sono ora super organizzate e facili: creiamo attivit\u00e0 per ciascun componente, le assegniamo alle persone e impostiamo i tempi e il nostro calendario viene automaticamente popolato.<\/p>\n<p><strong>Inconvenienti: <\/strong>La prima volta che ci siamo registrati era un po &#8216;caro, ma da allora hanno ridotto il prezzo del pacchetto su cui ci troviamo. Lo usiamo sempre per\u00f2. Vorrei che ci fosse un&#8217;app in cui puoi vedere la vista del tuo calendario sul tuo iPhone \/ iPad.<\/p>\n<h4 class=\"font-weight-bold my-1 d-flex align-items-center\">Rebecca S.&#8221;CoSchedule \u00e8 un must per definire le squadre&#8221;<\/h4>\n<p><strong>Vantaggi: <\/strong>CoSchedule ha l&#8217;elaborazione del flusso di lavoro in una forma d&#8217;arte! Come leader di una squadra di scrittura non posso dirti quanto tempo ho risparmiato con questa applicazione. Pianificare, assegnare e monitorare \u00e8 semplice, condividendo i contenuti su una variet\u00e0 di piattaforme di social media. Sono innamorato di CoSchedule!<\/p>\n<p><strong>Inconvenienti: <\/strong>Un po &#8216;caro, ma \u00e8 un assistente virtuale e questo lo rende molto pi\u00f9 economico di un dipendente a tempo pieno!<\/p>\n","protected":false},"excerpt":{"rendered":"<p>CoSchedule \u00e8 una soluzione gestionale per progetti agile basata su cloud che aiuta le piccole e grandi imprese a gestire progetti, campagne sui social media, risorse e altro ancora. La piattaforma centralizzata include un calendario interfunzionale personalizzabile, che permette agli utenti di visualizzare e pianificare eventi utilizzando un&#8217;interfaccia drag-and-drop.\u00a0<\/p>\n","protected":false},"author":19,"featured_media":27074,"parent":27022,"menu_order":0,"comment_status":"open","ping_status":"closed","template":"g1_template_page_review_new.php","meta":{"_acf_changed":false,"cwp_meta_box_check":"Yes","cwp_rev_product_name":"","cwp_rev_product_image":"","wppr_links":[],"cwp_rev_price":"","wppr_options":[{"name":"Usability","value":"0"},{"name":"Speed","value":"0"},{"name":"Features","value":"0"},{"name":"Support","value":"0"},{"name":"Pricing","value":"0"}],"wppr_pros":["","","","",""],"wppr_cons":["","","","",""],"_monsterinsights_skip_tracking":false,"_monsterinsights_sitenote_active":false,"_monsterinsights_sitenote_note":"","_monsterinsights_sitenote_category":0,"footnotes":""},"categories":[2892],"tags":[2910,2908,536,2909,495,2911,2895,876],"features":[],"class_list":{"0":"post-27073","1":"page","2":"type-page","3":"status-publish","4":"has-post-thumbnail","6":"category-gestionale-per-progetti-agile","7":"tag-campaign-monitor","8":"tag-coschedule","9":"tag-evernote","10":"tag-google-docs","11":"tag-mailchimp","12":"tag-software-gestionale-per-progetti-agili","13":"tag-soluzione-gestionale-per-progetti-agile","14":"tag-wordpress"},"wppr_data":{"cwp_meta_box_check":"Yes","cwp_rev_product_name":"","_wppr_review_template":"default","cwp_rev_product_image":"","cwp_image_link":"image","wppr_links":[],"cwp_rev_price":"","wppr_pros":["","","","",""],"wppr_cons":["","","","",""],"wppr_rating":"0.00","wppr_options":{"1":{"name":"Usability","value":"0"},"2":{"name":"Speed","value":"0"},"3":{"name":"Features","value":"0"},"4":{"name":"Support","value":"0"},"5":{"name":"Pricing","value":"0"}},"wppr_review_type":"Product","wppr_review_custom_fields":{"additionalProperty":"","additionalType":"","aggregateRating":"","alternateName":"","audience":"","award":"","awards":"","brand":"","color":"","depth":"","description":"","disambiguatingDescription":"","gtin12":"","gtin13":"","gtin14":"","gtin8":"","height":"","identifier":"","image":"","isAccessoryOrSparePartFor":"","isConsumableFor":"","isRelatedTo":"","isSimilarTo":"","itemCondition":"","logo":"","mainEntityOfPage":"","manufacturer":"","material":"","model":"","mpn":"","name":"","offers":"","potentialAction":"","productID":"","productionDate":"","purchaseDate":"","releaseDate":"","review":"","reviews":"","sameAs":"","sku":"","slogan":"","subjectOf":"","url":"","weight":"","width":""}},"acf":[],"yoast_head":"<!-- This site is optimized with the Yoast SEO plugin v27.4 - https:\/\/yoast.com\/product\/yoast-seo-wordpress\/ -->\n<title>CoSchedule: recensione gestionale progetti agile- Accurate Reviews<\/title>\n<meta name=\"description\" content=\"CoSchedule: recensione software gestionale di progetti agile utilizzato da oltre 7.000 clienti in tutto il mondo per le organizzare meglio il lavoro.\" \/>\n<meta name=\"robots\" content=\"index, follow, max-snippet:-1, max-image-preview:large, max-video-preview:-1\" \/>\n<link rel=\"canonical\" href=\"https:\/\/www.accuratereviews.com\/it\/gestionale-per-progetti-agile\/coschedule-recensione\/\" \/>\n<meta property=\"og:locale\" content=\"it_IT\" \/>\n<meta property=\"og:type\" content=\"article\" \/>\n<meta property=\"og:title\" content=\"CoSchedule: recensione gestionale progetti agile- Accurate Reviews\" \/>\n<meta property=\"og:description\" content=\"CoSchedule: recensione software gestionale di progetti agile utilizzato da oltre 7.000 clienti in tutto il mondo per le organizzare meglio il lavoro.\" \/>\n<meta property=\"og:url\" content=\"https:\/\/www.accuratereviews.com\/it\/gestionale-per-progetti-agile\/coschedule-recensione\/\" \/>\n<meta property=\"og:site_name\" content=\"Accurate Reviews\" \/>\n<meta property=\"article:modified_time\" content=\"2023-10-21T09:45:57+00:00\" \/>\n<meta property=\"og:image\" content=\"https:\/\/www.accuratereviews.com\/wp-content\/uploads\/2020\/06\/CoSchedule.png\" \/>\n\t<meta property=\"og:image:width\" content=\"900\" \/>\n\t<meta property=\"og:image:height\" content=\"480\" \/>\n\t<meta property=\"og:image:type\" content=\"image\/png\" \/>\n<meta name=\"twitter:card\" content=\"summary_large_image\" \/>\n<meta name=\"twitter:label1\" content=\"Tempo di lettura stimato\" \/>\n\t<meta name=\"twitter:data1\" content=\"5 minuti\" \/>\n<script type=\"application\/ld+json\" class=\"yoast-schema-graph\">{\"@context\":\"https:\\\/\\\/schema.org\",\"@graph\":[{\"@type\":\"WebPage\",\"@id\":\"https:\\\/\\\/www.accuratereviews.com\\\/it\\\/gestionale-per-progetti-agile\\\/coschedule-recensione\\\/\",\"url\":\"https:\\\/\\\/www.accuratereviews.com\\\/it\\\/gestionale-per-progetti-agile\\\/coschedule-recensione\\\/\",\"name\":\"CoSchedule: recensione gestionale progetti agile- Accurate Reviews\",\"isPartOf\":{\"@id\":\"https:\\\/\\\/www.accuratereviews.com\\\/it\\\/#website\"},\"primaryImageOfPage\":{\"@id\":\"https:\\\/\\\/www.accuratereviews.com\\\/it\\\/gestionale-per-progetti-agile\\\/coschedule-recensione\\\/#primaryimage\"},\"image\":{\"@id\":\"https:\\\/\\\/www.accuratereviews.com\\\/it\\\/gestionale-per-progetti-agile\\\/coschedule-recensione\\\/#primaryimage\"},\"thumbnailUrl\":\"https:\\\/\\\/www.accuratereviews.com\\\/wp-content\\\/uploads\\\/2020\\\/06\\\/CoSchedule.png\",\"datePublished\":\"2020-06-03T10:41:14+00:00\",\"dateModified\":\"2023-10-21T09:45:57+00:00\",\"description\":\"CoSchedule: recensione software gestionale di progetti agile utilizzato da oltre 7.000 clienti in tutto il mondo per le organizzare meglio il lavoro.\",\"breadcrumb\":{\"@id\":\"https:\\\/\\\/www.accuratereviews.com\\\/it\\\/gestionale-per-progetti-agile\\\/coschedule-recensione\\\/#breadcrumb\"},\"inLanguage\":\"it-IT\",\"potentialAction\":[{\"@type\":\"ReadAction\",\"target\":[\"https:\\\/\\\/www.accuratereviews.com\\\/it\\\/gestionale-per-progetti-agile\\\/coschedule-recensione\\\/\"]}]},{\"@type\":\"ImageObject\",\"inLanguage\":\"it-IT\",\"@id\":\"https:\\\/\\\/www.accuratereviews.com\\\/it\\\/gestionale-per-progetti-agile\\\/coschedule-recensione\\\/#primaryimage\",\"url\":\"https:\\\/\\\/www.accuratereviews.com\\\/wp-content\\\/uploads\\\/2020\\\/06\\\/CoSchedule.png\",\"contentUrl\":\"https:\\\/\\\/www.accuratereviews.com\\\/wp-content\\\/uploads\\\/2020\\\/06\\\/CoSchedule.png\",\"width\":900,\"height\":480},{\"@type\":\"BreadcrumbList\",\"@id\":\"https:\\\/\\\/www.accuratereviews.com\\\/it\\\/gestionale-per-progetti-agile\\\/coschedule-recensione\\\/#breadcrumb\",\"itemListElement\":[{\"@type\":\"ListItem\",\"position\":1,\"name\":\"Home\",\"item\":\"https:\\\/\\\/www.accuratereviews.com\\\/it\\\/\"},{\"@type\":\"ListItem\",\"position\":2,\"name\":\"Gestionale per progetti Agile\",\"item\":\"https:\\\/\\\/www.accuratereviews.com\\\/it\\\/gestionale-per-progetti-agile\\\/\"},{\"@type\":\"ListItem\",\"position\":3,\"name\":\"CoSchedule\"}]},{\"@type\":\"WebSite\",\"@id\":\"https:\\\/\\\/www.accuratereviews.com\\\/it\\\/#website\",\"url\":\"https:\\\/\\\/www.accuratereviews.com\\\/it\\\/\",\"name\":\"Accurate Reviews\",\"description\":\"\",\"potentialAction\":[{\"@type\":\"SearchAction\",\"target\":{\"@type\":\"EntryPoint\",\"urlTemplate\":\"https:\\\/\\\/www.accuratereviews.com\\\/it\\\/?s={search_term_string}\"},\"query-input\":{\"@type\":\"PropertyValueSpecification\",\"valueRequired\":true,\"valueName\":\"search_term_string\"}}],\"inLanguage\":\"it-IT\"}]}<\/script>\n<!-- \/ Yoast SEO plugin. -->","yoast_head_json":{"title":"CoSchedule: recensione gestionale progetti agile- Accurate Reviews","description":"CoSchedule: recensione software gestionale di progetti agile utilizzato da oltre 7.000 clienti in tutto il mondo per le organizzare meglio il lavoro.","robots":{"index":"index","follow":"follow","max-snippet":"max-snippet:-1","max-image-preview":"max-image-preview:large","max-video-preview":"max-video-preview:-1"},"canonical":"https:\/\/www.accuratereviews.com\/it\/gestionale-per-progetti-agile\/coschedule-recensione\/","og_locale":"it_IT","og_type":"article","og_title":"CoSchedule: recensione gestionale progetti agile- Accurate Reviews","og_description":"CoSchedule: recensione software gestionale di progetti agile utilizzato da oltre 7.000 clienti in tutto il mondo per le organizzare meglio il lavoro.","og_url":"https:\/\/www.accuratereviews.com\/it\/gestionale-per-progetti-agile\/coschedule-recensione\/","og_site_name":"Accurate Reviews","article_modified_time":"2023-10-21T09:45:57+00:00","og_image":[{"width":900,"height":480,"url":"https:\/\/www.accuratereviews.com\/wp-content\/uploads\/2020\/06\/CoSchedule.png","type":"image\/png"}],"twitter_card":"summary_large_image","twitter_misc":{"Tempo di lettura stimato":"5 minuti"},"schema":{"@context":"https:\/\/schema.org","@graph":[{"@type":"WebPage","@id":"https:\/\/www.accuratereviews.com\/it\/gestionale-per-progetti-agile\/coschedule-recensione\/","url":"https:\/\/www.accuratereviews.com\/it\/gestionale-per-progetti-agile\/coschedule-recensione\/","name":"CoSchedule: recensione gestionale progetti agile- Accurate Reviews","isPartOf":{"@id":"https:\/\/www.accuratereviews.com\/it\/#website"},"primaryImageOfPage":{"@id":"https:\/\/www.accuratereviews.com\/it\/gestionale-per-progetti-agile\/coschedule-recensione\/#primaryimage"},"image":{"@id":"https:\/\/www.accuratereviews.com\/it\/gestionale-per-progetti-agile\/coschedule-recensione\/#primaryimage"},"thumbnailUrl":"https:\/\/www.accuratereviews.com\/wp-content\/uploads\/2020\/06\/CoSchedule.png","datePublished":"2020-06-03T10:41:14+00:00","dateModified":"2023-10-21T09:45:57+00:00","description":"CoSchedule: recensione software gestionale di progetti agile utilizzato da oltre 7.000 clienti in tutto il mondo per le organizzare meglio il lavoro.","breadcrumb":{"@id":"https:\/\/www.accuratereviews.com\/it\/gestionale-per-progetti-agile\/coschedule-recensione\/#breadcrumb"},"inLanguage":"it-IT","potentialAction":[{"@type":"ReadAction","target":["https:\/\/www.accuratereviews.com\/it\/gestionale-per-progetti-agile\/coschedule-recensione\/"]}]},{"@type":"ImageObject","inLanguage":"it-IT","@id":"https:\/\/www.accuratereviews.com\/it\/gestionale-per-progetti-agile\/coschedule-recensione\/#primaryimage","url":"https:\/\/www.accuratereviews.com\/wp-content\/uploads\/2020\/06\/CoSchedule.png","contentUrl":"https:\/\/www.accuratereviews.com\/wp-content\/uploads\/2020\/06\/CoSchedule.png","width":900,"height":480},{"@type":"BreadcrumbList","@id":"https:\/\/www.accuratereviews.com\/it\/gestionale-per-progetti-agile\/coschedule-recensione\/#breadcrumb","itemListElement":[{"@type":"ListItem","position":1,"name":"Home","item":"https:\/\/www.accuratereviews.com\/it\/"},{"@type":"ListItem","position":2,"name":"Gestionale per progetti Agile","item":"https:\/\/www.accuratereviews.com\/it\/gestionale-per-progetti-agile\/"},{"@type":"ListItem","position":3,"name":"CoSchedule"}]},{"@type":"WebSite","@id":"https:\/\/www.accuratereviews.com\/it\/#website","url":"https:\/\/www.accuratereviews.com\/it\/","name":"Accurate Reviews","description":"","potentialAction":[{"@type":"SearchAction","target":{"@type":"EntryPoint","urlTemplate":"https:\/\/www.accuratereviews.com\/it\/?s={search_term_string}"},"query-input":{"@type":"PropertyValueSpecification","valueRequired":true,"valueName":"search_term_string"}}],"inLanguage":"it-IT"}]}},"_links":{"self":[{"href":"https:\/\/www.accuratereviews.com\/it\/wp-json\/wp\/v2\/pages\/27073","targetHints":{"allow":["GET"]}}],"collection":[{"href":"https:\/\/www.accuratereviews.com\/it\/wp-json\/wp\/v2\/pages"}],"about":[{"href":"https:\/\/www.accuratereviews.com\/it\/wp-json\/wp\/v2\/types\/page"}],"author":[{"embeddable":true,"href":"https:\/\/www.accuratereviews.com\/it\/wp-json\/wp\/v2\/users\/19"}],"replies":[{"embeddable":true,"href":"https:\/\/www.accuratereviews.com\/it\/wp-json\/wp\/v2\/comments?post=27073"}],"version-history":[{"count":7,"href":"https:\/\/www.accuratereviews.com\/it\/wp-json\/wp\/v2\/pages\/27073\/revisions"}],"predecessor-version":[{"id":72413,"href":"https:\/\/www.accuratereviews.com\/it\/wp-json\/wp\/v2\/pages\/27073\/revisions\/72413"}],"up":[{"embeddable":true,"href":"https:\/\/www.accuratereviews.com\/it\/wp-json\/wp\/v2\/pages\/27022"}],"wp:featuredmedia":[{"embeddable":true,"href":"https:\/\/www.accuratereviews.com\/it\/wp-json\/wp\/v2\/media\/27074"}],"wp:attachment":[{"href":"https:\/\/www.accuratereviews.com\/it\/wp-json\/wp\/v2\/media?parent=27073"}],"wp:term":[{"taxonomy":"category","embeddable":true,"href":"https:\/\/www.accuratereviews.com\/it\/wp-json\/wp\/v2\/categories?post=27073"},{"taxonomy":"post_tag","embeddable":true,"href":"https:\/\/www.accuratereviews.com\/it\/wp-json\/wp\/v2\/tags?post=27073"},{"taxonomy":"features","embeddable":true,"href":"https:\/\/www.accuratereviews.com\/it\/wp-json\/wp\/v2\/features?post=27073"}],"curies":[{"name":"wp","href":"https:\/\/api.w.org\/{rel}","templated":true}]}}