{"id":27087,"date":"2020-06-03T10:40:52","date_gmt":"2020-06-03T10:40:52","guid":{"rendered":"https:\/\/www.accuratereviews.com\/?page_id=27087"},"modified":"2024-01-13T08:52:12","modified_gmt":"2024-01-13T08:52:12","slug":"taiga-recensione","status":"publish","type":"page","link":"https:\/\/www.accuratereviews.com\/it\/gestionale-per-progetti-agile\/taiga-recensione\/","title":{"rendered":"Taiga"},"content":{"rendered":"<p><strong>Taiga<\/strong> \u00e8 un <strong>software di gestione di progetti open source<\/strong> <strong>gratuito<\/strong> per team di sviluppo <strong>agili<\/strong>. Ha una dashboard bella e intuitiva che consente ai collaboratori di gestire e completare le loro attivit\u00e0 con assoluta facilit\u00e0. Creata per sviluppatori e project manager, la soluzione supporta varie metodologie &#8211; come <strong>Scrum e\u00a0<\/strong><b>Kanban<\/b>\u00a0&#8211; per soddisfare le diverse preferenze.\u00a0Taiga \u00e8 stato anche progettato per essere potente, a differenza di altri freeware simili. Puoi personalizzare tutto nella soluzione, quindi hai il controllo completo. Nonostante la sua struttura di alta classe, la piattaforma \u00e8 abbastanza semplice e intuitiva da non aver bisogno di una lunga formazione per imparare ad usarlo.\u00a0Se hai numerosi progetti distribuiti su pi\u00f9 piattaforme, non preoccuparti pu\u00f2 aiutarti a recuperare file e dati di progetti importanti da una variet\u00e0 di fonti come <strong>Trello, Jira, Asana e Github<\/strong> attraverso i suoi importatori. In questo modo, \u00e8 possibile semplificare i flussi di lavoro diversi.<\/p>\n<h2>TAIGA &#8211; TUTORIAL<\/h2>\n<p>Il video spiega come, una volta registrato a questo software gestionale per progetti agili, si pu\u00f2 creare un progetto da zero e configurare alcune opzioni a piacimento:<\/p>\n<div id=\"fluid-wrapper-counter-1\" class=\"g1-fluid-wrapper \" style=\"width:686px;\">\n<div style=\"padding-bottom:56.268221574344%;\"><iframe loading=\"lazy\" title=\"#HackathonMurcia Crear proyecto desde cero y primeros pasos\" width=\"686\" height=\"386\" src=\"https:\/\/www.youtube.com\/embed\/gXB9mHYcaU4?feature=oembed&amp;wmode=transparent&amp;autohide=1&amp;autoplay=0&amp;disablekb=0&amp;fs=1&amp;loop=0&amp;enablejsapi=1&amp;rel=0&amp;controls=2&amp;showinfo=0&amp;wmode=transparent&amp;autohide=2&amp;autoplay=0&amp;disablekb=0&amp;fs=1&amp;loop=0&amp;enablejsapi=1&amp;rel=0&amp;controls=2&amp;showinfo=1\" frameborder=\"0\" allow=\"accelerometer; autoplay; clipboard-write; encrypted-media; gyroscope; picture-in-picture; web-share\" allowfullscreen><\/iframe><\/div>\n<\/div>\n<h3>TAIGA &#8211; CARATTERISTICHE<\/h3>\n<ul>\n<li>Tieni traccia dei bug, delle domande e dei miglioramenti relativi al tuo progetto<\/li>\n<li>Uno strumento di configurazione del progetto senza problemi per mettere a punto i tuoi lavori<\/li>\n<li>Epics pu\u00f2 monitorare i progressi di pi\u00f9 progetti<\/li>\n<li>Aggiungi, modifica o elimina contenuti in collaborazione con altri<\/li>\n<li>Suddividi le tue storie utente in piccoli lavori e monitora i loro progressi<\/li>\n<li>Applicazioni per dispositivi mobili sviluppata da una societ\u00e0 di terze parti<\/li>\n<li>Scrum \u00e8 una metodologia di sviluppo software agile iterativa e incrementale per la gestione dello sviluppo del prodotto<\/li>\n<li>La metodologia Kanban viene utilizzata per dividere lo sviluppo del progetto (qualsiasi tipo di progetto) in fasi<\/li>\n<\/ul>\n<h4>LE RECENSIONI DEGLI UTENTI<\/h4>\n<h4 class=\"font-weight-bold my-1 d-flex align-items-center\">Juan jose O.&#8221;Ottimo strumento per organizzare il lavoro per la tua squadra&#8221;<\/h4>\n<p><strong>Commenti: <\/strong>Usiamo taiga da oltre 1 anno per gestire un team di sviluppatori software. Poich\u00e9 stavamo usando SCRUM per la metodologia agile, taiga era lo strumento scelto per completare il lavoro<\/p>\n<p><strong>Vantaggi: <\/strong>L&#8217;interfaccia utente \u00e8 fantastica, puoi facilmente creare carte, tenere traccia dei progressi e altro per la tua squadra. Inoltre puoi gestire il tema della dashboard, mi \u00e8 piaciuto molto.<\/p>\n<p><strong>Inconvenienti: <\/strong>\u00c8 un po &#8216;costoso e puoi creare solo 1 progetto gratuitamente, dopodich\u00e9 devi pagare.<\/p>\n<h4 class=\"font-weight-bold my-1 d-flex align-items-center\">Rick C.&#8221;Software Dev Manager che ha utilizzato pi\u00f9 di 50 strumenti di gestione dei progetti basati sul Web con i team Agile.&#8221;<\/h4>\n<p><strong>Commenti: <\/strong>La semplice adozione ci consente di visualizzare le priorit\u00e0 del progetto nella bella panoramica di alto livello del kanban e di scomporre le storie in modo pi\u00f9 dettagliato usando attivit\u00e0 secondarie ed epiche.<\/p>\n<p><strong>Vantaggi: <\/strong>Adoro il display kanban. Tra gli oltre 50 prodotti che ho usato, la vista kanban di Taiga \u00e8 senza dubbio la mia preferita! E adoro il modo in cui funzionano le tue attivit\u00e0 secondarie \/ storie.<\/p>\n<p><strong>Inconvenienti: <\/strong>odio quando si scorre da un lato all&#8217;altro nel kanban e viene invocato il mio browser avanti e indietro attraverso la cronologia, specialmente quando mi fa perdere una storia utente dettagliata sono nel mezzo della digitazione<\/p>\n<h4 class=\"font-weight-bold my-1 d-flex align-items-center\">Remi A.&#8221;Strumento davvero eccezionale! Taiga ci ha permesso di sbarazzarci di tutti gli altri strumenti Scrum che stavamo usando&#8221;<\/h4>\n<p><strong>Commenti: <\/strong>Molto pi\u00f9 facile da usare rispetto a Jira.<\/p>\n<p><strong>Vantaggi: <\/strong>\u00c8 davvero facile da usare, tutti sono saliti a bordo molto velocemente. In precedenza utilizzavamo molti strumenti diversi da Google Spreadsheet a JIRA. Taiga \u00e8 molto pi\u00f9 semplice da usare. Non vedo nessun altro strumento che corrisponda ai nostri requisiti.<\/p>\n<p><strong>Inconvenienti: <\/strong>L&#8217;interfaccia utente sembra un po &#8216;vecchia: potrebbe essere un po&#8217; pi\u00f9 brillante. Abbiamo anche provato a installare la versione Open Source sul nostro server usando Docker ma la documentazione era piuttosto scadente al momento. Alla fine, abbiamo deciso di utilizzare la versione ospitata e ne siamo davvero contenti: non \u00e8 molto costoso.<\/p>\n<p>&nbsp;<\/p>\n","protected":false},"excerpt":{"rendered":"<p>Taiga \u00e8 un software di gestione di progetti open source gratuito per team di sviluppo agili. Ha una dashboard bella e intuitiva che consente ai collaboratori di gestire e completare le loro attivit\u00e0 con assoluta facilit\u00e0. Creata per sviluppatori e project manager, la soluzione supporta varie metodologie &#8211; come Scrum e\u00a0Kanban\u00a0&#8211; per soddisfare le diverse preferenze.<\/p>\n","protected":false},"author":19,"featured_media":27088,"parent":27022,"menu_order":0,"comment_status":"open","ping_status":"closed","template":"g1_template_page_review_new.php","meta":{"_acf_changed":false,"cwp_meta_box_check":"Yes","cwp_rev_product_name":"","cwp_rev_product_image":"","wppr_links":[],"cwp_rev_price":"","wppr_options":[{"name":"Usability","value":"0"},{"name":"Speed","value":"0"},{"name":"Features","value":"0"},{"name":"Support","value":"0"},{"name":"Pricing","value":"0"}],"wppr_pros":["","","","",""],"wppr_cons":["","","","",""],"_monsterinsights_skip_tracking":false,"_monsterinsights_sitenote_active":false,"_monsterinsights_sitenote_note":"","_monsterinsights_sitenote_category":0,"footnotes":""},"categories":[2892],"tags":[464,2900,246,2896,2893,2895,2912],"features":[],"class_list":{"0":"post-27087","1":"page","2":"type-page","3":"status-publish","4":"has-post-thumbnail","6":"category-gestionale-per-progetti-agile","7":"tag-gratuito","8":"tag-kanban-it","9":"tag-open-source","10":"tag-scrum","11":"tag-software-gestionale-per-progetti-agile","12":"tag-soluzione-gestionale-per-progetti-agile","13":"tag-taiga"},"wppr_data":{"cwp_meta_box_check":"Yes","cwp_rev_product_name":"","_wppr_review_template":"default","cwp_rev_product_image":"","cwp_image_link":"image","wppr_links":[],"cwp_rev_price":"","wppr_pros":["","","","",""],"wppr_cons":["","","","",""],"wppr_rating":"0.00","wppr_options":{"1":{"name":"Usability","value":"0"},"2":{"name":"Speed","value":"0"},"3":{"name":"Features","value":"0"},"4":{"name":"Support","value":"0"},"5":{"name":"Pricing","value":"0"}},"wppr_review_type":"Product","wppr_review_custom_fields":{"additionalProperty":"","additionalType":"","aggregateRating":"","alternateName":"","audience":"","award":"","awards":"","brand":"","color":"","depth":"","description":"","disambiguatingDescription":"","gtin12":"","gtin13":"","gtin14":"","gtin8":"","height":"","identifier":"","image":"","isAccessoryOrSparePartFor":"","isConsumableFor":"","isRelatedTo":"","isSimilarTo":"","itemCondition":"","logo":"","mainEntityOfPage":"","manufacturer":"","material":"","model":"","mpn":"","name":"","offers":"","potentialAction":"","productID":"","productionDate":"","purchaseDate":"","releaseDate":"","review":"","reviews":"","sameAs":"","sku":"","slogan":"","subjectOf":"","url":"","weight":"","width":""}},"acf":[],"yoast_head":"<!-- This site is optimized with the Yoast SEO plugin v27.4 - https:\/\/yoast.com\/product\/yoast-seo-wordpress\/ -->\n<title>Taiga: recensione software gestionale per progetti agili - Accurate Reviews<\/title>\n<meta name=\"description\" content=\"Taiga: recensione software di gestione di progetti open source gratuito per team di sviluppo per organizzare e completare le attivit\u00e0 con facilit\u00e0.\" \/>\n<meta name=\"robots\" content=\"index, follow, max-snippet:-1, max-image-preview:large, max-video-preview:-1\" \/>\n<link rel=\"canonical\" href=\"https:\/\/www.accuratereviews.com\/it\/gestionale-per-progetti-agile\/taiga-recensione\/\" \/>\n<meta property=\"og:locale\" content=\"it_IT\" \/>\n<meta property=\"og:type\" content=\"article\" \/>\n<meta property=\"og:title\" content=\"Taiga: recensione software gestionale per progetti agili - Accurate Reviews\" \/>\n<meta property=\"og:description\" content=\"Taiga: recensione software di gestione di progetti open source gratuito per team di sviluppo per organizzare e completare le attivit\u00e0 con facilit\u00e0.\" \/>\n<meta property=\"og:url\" content=\"https:\/\/www.accuratereviews.com\/it\/gestionale-per-progetti-agile\/taiga-recensione\/\" \/>\n<meta property=\"og:site_name\" content=\"Accurate Reviews\" \/>\n<meta property=\"article:modified_time\" content=\"2024-01-13T08:52:12+00:00\" \/>\n<meta property=\"og:image\" content=\"https:\/\/www.accuratereviews.com\/wp-content\/uploads\/2020\/06\/Taiga-logo.jpg\" \/>\n\t<meta property=\"og:image:width\" content=\"1000\" \/>\n\t<meta property=\"og:image:height\" content=\"1000\" \/>\n\t<meta property=\"og:image:type\" content=\"image\/jpeg\" \/>\n<meta name=\"twitter:card\" content=\"summary_large_image\" \/>\n<meta name=\"twitter:label1\" content=\"Tempo di lettura stimato\" \/>\n\t<meta name=\"twitter:data1\" content=\"4 minuti\" \/>\n<script type=\"application\/ld+json\" class=\"yoast-schema-graph\">{\"@context\":\"https:\\\/\\\/schema.org\",\"@graph\":[{\"@type\":\"WebPage\",\"@id\":\"https:\\\/\\\/www.accuratereviews.com\\\/it\\\/gestionale-per-progetti-agile\\\/taiga-recensione\\\/\",\"url\":\"https:\\\/\\\/www.accuratereviews.com\\\/it\\\/gestionale-per-progetti-agile\\\/taiga-recensione\\\/\",\"name\":\"Taiga: recensione software gestionale per progetti agili - Accurate Reviews\",\"isPartOf\":{\"@id\":\"https:\\\/\\\/www.accuratereviews.com\\\/it\\\/#website\"},\"primaryImageOfPage\":{\"@id\":\"https:\\\/\\\/www.accuratereviews.com\\\/it\\\/gestionale-per-progetti-agile\\\/taiga-recensione\\\/#primaryimage\"},\"image\":{\"@id\":\"https:\\\/\\\/www.accuratereviews.com\\\/it\\\/gestionale-per-progetti-agile\\\/taiga-recensione\\\/#primaryimage\"},\"thumbnailUrl\":\"https:\\\/\\\/www.accuratereviews.com\\\/wp-content\\\/uploads\\\/2020\\\/06\\\/Taiga-logo.jpg\",\"datePublished\":\"2020-06-03T10:40:52+00:00\",\"dateModified\":\"2024-01-13T08:52:12+00:00\",\"description\":\"Taiga: recensione software di gestione di progetti open source gratuito per team di sviluppo per organizzare e completare le attivit\u00e0 con facilit\u00e0.\",\"breadcrumb\":{\"@id\":\"https:\\\/\\\/www.accuratereviews.com\\\/it\\\/gestionale-per-progetti-agile\\\/taiga-recensione\\\/#breadcrumb\"},\"inLanguage\":\"it-IT\",\"potentialAction\":[{\"@type\":\"ReadAction\",\"target\":[\"https:\\\/\\\/www.accuratereviews.com\\\/it\\\/gestionale-per-progetti-agile\\\/taiga-recensione\\\/\"]}]},{\"@type\":\"ImageObject\",\"inLanguage\":\"it-IT\",\"@id\":\"https:\\\/\\\/www.accuratereviews.com\\\/it\\\/gestionale-per-progetti-agile\\\/taiga-recensione\\\/#primaryimage\",\"url\":\"https:\\\/\\\/www.accuratereviews.com\\\/wp-content\\\/uploads\\\/2020\\\/06\\\/Taiga-logo.jpg\",\"contentUrl\":\"https:\\\/\\\/www.accuratereviews.com\\\/wp-content\\\/uploads\\\/2020\\\/06\\\/Taiga-logo.jpg\",\"width\":1000,\"height\":1000},{\"@type\":\"BreadcrumbList\",\"@id\":\"https:\\\/\\\/www.accuratereviews.com\\\/it\\\/gestionale-per-progetti-agile\\\/taiga-recensione\\\/#breadcrumb\",\"itemListElement\":[{\"@type\":\"ListItem\",\"position\":1,\"name\":\"Home\",\"item\":\"https:\\\/\\\/www.accuratereviews.com\\\/it\\\/\"},{\"@type\":\"ListItem\",\"position\":2,\"name\":\"Gestionale per progetti Agile\",\"item\":\"https:\\\/\\\/www.accuratereviews.com\\\/it\\\/gestionale-per-progetti-agile\\\/\"},{\"@type\":\"ListItem\",\"position\":3,\"name\":\"Taiga\"}]},{\"@type\":\"WebSite\",\"@id\":\"https:\\\/\\\/www.accuratereviews.com\\\/it\\\/#website\",\"url\":\"https:\\\/\\\/www.accuratereviews.com\\\/it\\\/\",\"name\":\"Accurate Reviews\",\"description\":\"\",\"potentialAction\":[{\"@type\":\"SearchAction\",\"target\":{\"@type\":\"EntryPoint\",\"urlTemplate\":\"https:\\\/\\\/www.accuratereviews.com\\\/it\\\/?s={search_term_string}\"},\"query-input\":{\"@type\":\"PropertyValueSpecification\",\"valueRequired\":true,\"valueName\":\"search_term_string\"}}],\"inLanguage\":\"it-IT\"}]}<\/script>\n<!-- \/ Yoast SEO plugin. -->","yoast_head_json":{"title":"Taiga: recensione software gestionale per progetti agili - Accurate Reviews","description":"Taiga: recensione software di gestione di progetti open source gratuito per team di sviluppo per organizzare e completare le attivit\u00e0 con facilit\u00e0.","robots":{"index":"index","follow":"follow","max-snippet":"max-snippet:-1","max-image-preview":"max-image-preview:large","max-video-preview":"max-video-preview:-1"},"canonical":"https:\/\/www.accuratereviews.com\/it\/gestionale-per-progetti-agile\/taiga-recensione\/","og_locale":"it_IT","og_type":"article","og_title":"Taiga: recensione software gestionale per progetti agili - Accurate Reviews","og_description":"Taiga: recensione software di gestione di progetti open source gratuito per team di sviluppo per organizzare e completare le attivit\u00e0 con facilit\u00e0.","og_url":"https:\/\/www.accuratereviews.com\/it\/gestionale-per-progetti-agile\/taiga-recensione\/","og_site_name":"Accurate Reviews","article_modified_time":"2024-01-13T08:52:12+00:00","og_image":[{"width":1000,"height":1000,"url":"https:\/\/www.accuratereviews.com\/wp-content\/uploads\/2020\/06\/Taiga-logo.jpg","type":"image\/jpeg"}],"twitter_card":"summary_large_image","twitter_misc":{"Tempo di lettura stimato":"4 minuti"},"schema":{"@context":"https:\/\/schema.org","@graph":[{"@type":"WebPage","@id":"https:\/\/www.accuratereviews.com\/it\/gestionale-per-progetti-agile\/taiga-recensione\/","url":"https:\/\/www.accuratereviews.com\/it\/gestionale-per-progetti-agile\/taiga-recensione\/","name":"Taiga: recensione software gestionale per progetti agili - Accurate Reviews","isPartOf":{"@id":"https:\/\/www.accuratereviews.com\/it\/#website"},"primaryImageOfPage":{"@id":"https:\/\/www.accuratereviews.com\/it\/gestionale-per-progetti-agile\/taiga-recensione\/#primaryimage"},"image":{"@id":"https:\/\/www.accuratereviews.com\/it\/gestionale-per-progetti-agile\/taiga-recensione\/#primaryimage"},"thumbnailUrl":"https:\/\/www.accuratereviews.com\/wp-content\/uploads\/2020\/06\/Taiga-logo.jpg","datePublished":"2020-06-03T10:40:52+00:00","dateModified":"2024-01-13T08:52:12+00:00","description":"Taiga: recensione software di gestione di progetti open source gratuito per team di sviluppo per organizzare e completare le attivit\u00e0 con facilit\u00e0.","breadcrumb":{"@id":"https:\/\/www.accuratereviews.com\/it\/gestionale-per-progetti-agile\/taiga-recensione\/#breadcrumb"},"inLanguage":"it-IT","potentialAction":[{"@type":"ReadAction","target":["https:\/\/www.accuratereviews.com\/it\/gestionale-per-progetti-agile\/taiga-recensione\/"]}]},{"@type":"ImageObject","inLanguage":"it-IT","@id":"https:\/\/www.accuratereviews.com\/it\/gestionale-per-progetti-agile\/taiga-recensione\/#primaryimage","url":"https:\/\/www.accuratereviews.com\/wp-content\/uploads\/2020\/06\/Taiga-logo.jpg","contentUrl":"https:\/\/www.accuratereviews.com\/wp-content\/uploads\/2020\/06\/Taiga-logo.jpg","width":1000,"height":1000},{"@type":"BreadcrumbList","@id":"https:\/\/www.accuratereviews.com\/it\/gestionale-per-progetti-agile\/taiga-recensione\/#breadcrumb","itemListElement":[{"@type":"ListItem","position":1,"name":"Home","item":"https:\/\/www.accuratereviews.com\/it\/"},{"@type":"ListItem","position":2,"name":"Gestionale per progetti Agile","item":"https:\/\/www.accuratereviews.com\/it\/gestionale-per-progetti-agile\/"},{"@type":"ListItem","position":3,"name":"Taiga"}]},{"@type":"WebSite","@id":"https:\/\/www.accuratereviews.com\/it\/#website","url":"https:\/\/www.accuratereviews.com\/it\/","name":"Accurate Reviews","description":"","potentialAction":[{"@type":"SearchAction","target":{"@type":"EntryPoint","urlTemplate":"https:\/\/www.accuratereviews.com\/it\/?s={search_term_string}"},"query-input":{"@type":"PropertyValueSpecification","valueRequired":true,"valueName":"search_term_string"}}],"inLanguage":"it-IT"}]}},"_links":{"self":[{"href":"https:\/\/www.accuratereviews.com\/it\/wp-json\/wp\/v2\/pages\/27087","targetHints":{"allow":["GET"]}}],"collection":[{"href":"https:\/\/www.accuratereviews.com\/it\/wp-json\/wp\/v2\/pages"}],"about":[{"href":"https:\/\/www.accuratereviews.com\/it\/wp-json\/wp\/v2\/types\/page"}],"author":[{"embeddable":true,"href":"https:\/\/www.accuratereviews.com\/it\/wp-json\/wp\/v2\/users\/19"}],"replies":[{"embeddable":true,"href":"https:\/\/www.accuratereviews.com\/it\/wp-json\/wp\/v2\/comments?post=27087"}],"version-history":[{"count":7,"href":"https:\/\/www.accuratereviews.com\/it\/wp-json\/wp\/v2\/pages\/27087\/revisions"}],"predecessor-version":[{"id":73850,"href":"https:\/\/www.accuratereviews.com\/it\/wp-json\/wp\/v2\/pages\/27087\/revisions\/73850"}],"up":[{"embeddable":true,"href":"https:\/\/www.accuratereviews.com\/it\/wp-json\/wp\/v2\/pages\/27022"}],"wp:featuredmedia":[{"embeddable":true,"href":"https:\/\/www.accuratereviews.com\/it\/wp-json\/wp\/v2\/media\/27088"}],"wp:attachment":[{"href":"https:\/\/www.accuratereviews.com\/it\/wp-json\/wp\/v2\/media?parent=27087"}],"wp:term":[{"taxonomy":"category","embeddable":true,"href":"https:\/\/www.accuratereviews.com\/it\/wp-json\/wp\/v2\/categories?post=27087"},{"taxonomy":"post_tag","embeddable":true,"href":"https:\/\/www.accuratereviews.com\/it\/wp-json\/wp\/v2\/tags?post=27087"},{"taxonomy":"features","embeddable":true,"href":"https:\/\/www.accuratereviews.com\/it\/wp-json\/wp\/v2\/features?post=27087"}],"curies":[{"name":"wp","href":"https:\/\/api.w.org\/{rel}","templated":true}]}}