{"id":27095,"date":"2020-06-03T10:43:23","date_gmt":"2020-06-03T10:43:23","guid":{"rendered":"https:\/\/www.accuratereviews.com\/?page_id=27095"},"modified":"2023-10-28T08:34:43","modified_gmt":"2023-10-28T08:34:43","slug":"kanbanize-recensione","status":"publish","type":"page","link":"https:\/\/www.accuratereviews.com\/it\/gestionale-per-progetti-agile\/kanbanize-recensione\/","title":{"rendered":"Kanbanize"},"content":{"rendered":"<p style=\"text-align: left;\"><strong>Kanbanize<\/strong> \u00e8 un <strong>software di gestione dei progetti agile<\/strong> che offre prestazioni incredibili, dalla visualizzazione delle iniziative chiave dell&#8217;azienda alla suddivisione in pi\u00f9 livelli di elementi di lavoro gerarchici. Il software combina un set avanzato di <strong>strumenti Kanban<\/strong> e funzioni di collaborazione semplici e intuitive che possono aiutare il tuo team a valutare lo stato di avanzamento dei progetti.\u00a0Con l&#8217;uso di schede Kanban che offrono limiti WIP per colonna, accesso basato sui ruoli, campi personalizzati, puoi visualizzare efficacemente le attivit\u00e0 della tua azienda. \u00c8 possibile inserire manualmente le date di inizio e fine di un progetto, il che pu\u00f2 apportare maggiore flessibilit\u00e0 al processo di pianificazione. In questo modo, puoi raccogliere informazioni preziose sulla tua attivit\u00e0 e allo stesso tempo aumentare la tua produttivit\u00e0. <strong>Kanbanize<\/strong> consente inoltre ai propri utenti di disporre di pi\u00f9 flussi di lavoro. Questo \u00e8 molto efficace se stai cercando una soluzione software in cui \u00e8 possibile visualizzare il lavoro di team interfunzionali.<\/p>\n<h2>KANBANIZE &#8211; TUTORIAL<\/h2>\n<p>Il tutorial che segue mostra come creare rapporti e effettuare analisi utilizzando questo <strong>software gestionale per progetti agili<\/strong>:<\/p>\n<div id=\"fluid-wrapper-counter-1\" class=\"g1-fluid-wrapper \" style=\"width:686px;\">\n<div style=\"padding-bottom:56.268221574344%;\"><iframe loading=\"lazy\" title=\"Kanbanize Analytics and Reporting Webinar\" width=\"686\" height=\"386\" src=\"https:\/\/www.youtube.com\/embed\/CIFHlfAV6tw?feature=oembed&amp;wmode=transparent&amp;autohide=1&amp;autoplay=0&amp;disablekb=0&amp;fs=1&amp;loop=0&amp;enablejsapi=1&amp;rel=0&amp;controls=2&amp;showinfo=0&amp;wmode=transparent&amp;autohide=2&amp;autoplay=0&amp;disablekb=0&amp;fs=1&amp;loop=0&amp;enablejsapi=1&amp;rel=0&amp;controls=2&amp;showinfo=1\" frameborder=\"0\" allow=\"accelerometer; autoplay; clipboard-write; encrypted-media; gyroscope; picture-in-picture; web-share\" allowfullscreen><\/iframe><\/div>\n<\/div>\n<h3>KANBANIZE &#8211; CARATTERISTICHE<\/h3>\n<ul>\n<li><strong>Bacheche Kanban<\/strong>: visualizza i tuoi processi con schede Kanban completamente personalizzabili. Ottieni una panoramica chiara dello stato del progetto e del lavoro futuro a colpo d&#8217;occhio<\/li>\n<li><strong>Flussi di lavoro multipli<\/strong>: con pi\u00f9 flussi di lavoro, \u00e8 possibile personalizzare completamente le schede Kanban per adattarle alle esigenze specifiche di team interfunzionali o team che lavorano su pi\u00f9 progetti<\/li>\n<li><strong>Sequenza temporale<\/strong>: la sequenza temporale della soluzione porta un approccio Agile alla pianificazione. Fornisce un&#8217;immagine visiva delle tue iniziative passate, presenti e future in una vista del calendario, in modo da poter creare una roadmap di alto livello del tuo piano<\/li>\n<li><strong>Area di lavoro gestionale e di gruppo<\/strong>: con Aree di lavoro, \u00e8 possibile distribuire e tenere traccia del lavoro all&#8217;interno dell&#8217;organizzazione da un unico consiglio di amministrazione. Utilizza gli spazi di gestione e team per aumentare la visibilit\u00e0 tra pi\u00f9 team e progetti, supportare una suddivisione pi\u00f9 agevole e la delega del lavoro e ridimensionare con successo<\/li>\n<li><strong>Link<\/strong>: tieni traccia delle dipendenze tra team, visualizza l&#8217;avanzamento degli elementi di lavoro correlati e stabilisci collegamenti di relazioni di lavoro tracciabili<\/li>\n<li><strong>Integrazioni:<\/strong> potenzia ulteriormente il software con la nostra selezione di app appositamente progettate per migliorare l&#8217;esperienza con la soluzione<\/li>\n<li><strong>Regole di business:<\/strong> usa criteri di automazione flessibili &#8220;if-this-then-that&#8221; per sincronizzare i dati su schede diverse, impostare notifiche personalizzate e facilitare il tuo lavoro quotidiano con il sistema<\/li>\n<li><strong>Analisi del flusso di lavoro<\/strong>: utilizza gli strumenti di analisi del flusso di lavoro per analizzare le prestazioni del team, identificare opportunit\u00e0 di miglioramento e fare previsioni basate sui dati.<\/li>\n<li><strong>Integrazione email<\/strong>: accetta la sfida di ottimizzare il modo in cui supportate, helpdesk e assistenza clienti<\/li>\n<\/ul>\n<h4>LE RECENSIONI DEGLI UTENTI<\/h4>\n<h4 class=\"font-weight-bold my-1 d-flex align-items-center\">Luiz henrique P.&#8221;Semplice e utile&#8221;<\/h4>\n<p><strong>Commenti: <\/strong>Kanbanize ha reso possibile una migliore organizzazione per adempiere ai miei compiti, in particolare per i progetti di sviluppo.<br \/>\nSono diventato un dipendente pi\u00f9 produttivo.<\/p>\n<p><strong>Vantaggi: <\/strong>\u00c8 molto facile gestire questa app. Kanbanize consente in modo molto pratico di lavorare con metodi agili per lo sviluppo \/ implementazione del progetto.\u00a0Funziona sostanzialmente con il metodo do \/ doing \/ done, trascinando le carte con tutti i dettagli.<br \/>\nPossiamo organizzare rapidamente tutte le idee prima di stabilire le priorit\u00e0.<\/p>\n<p><strong>Inconvenienti: <\/strong>A volte \u00e8 un po &#8216;difficile trovare una vecchia scheda per rivedere un progetto.\u00a0Mentre lavoro in un ambiente con oltre 50 utenti Kanbanize e creiamo pagine separate per reparto, a volte spreco un po &#8216;di tempo (da 5 a 10 minuti) per trovare la scheda.<\/p>\n<h4 class=\"font-weight-bold my-1 d-flex align-items-center\">Barbora R.&#8221;Divertimento quotidiano con Kanbanize&#8221;<\/h4>\n<p><strong>Commenti: <\/strong>Lo stiamo usando per tutte le procedure in Azienda &#8211; Il servizio clienti lo usa per la comunicazione via email con i clienti, gli sviluppatori lo usano per problemi di sviluppo e la gestione lo usa per i loro ToDos e pu\u00f2 facilmente vedere quali problemi vengono aperti in tutta l&#8217;azienda.\u00a0\u00c8 davvero facile da usare e definito flusso di lavoro, regole automatizzate (lo adoriamo). Finalmente abbiamo un sistema per tutti i dipartimenti e le stesse metriche e statistiche (di nuovo facile da generare per il periodo personalizzato)<\/p>\n<p><strong>Vantaggi: <\/strong>Facile da usare e definire flusso di lavoro \/ regole.\u00a0Statistiche su problemi risolti.\u00a0Ottima assistenza clienti<\/p>\n<p><strong>Inconvenienti: <\/strong>Manca un po &#8216;di stast, ma sono nella lista<\/p>\n<h4 class=\"font-weight-bold my-1 d-flex align-items-center\">Natalia V.&#8221;Ottimo strumento di collaborazione, miglior supporto possibile&#8221;<\/h4>\n<p><strong>Vantaggi: <\/strong>Team di supporto e funzionalit\u00e0 non offerti da altri strumenti orientati ai team non tecnologici (come Trello, Monday, ecc.)<\/p>\n<p><strong>Inconvenienti: <\/strong>Parte del prezzo relativo al numero di regole aziendali<\/p>\n","protected":false},"excerpt":{"rendered":"<p>Kanbanize \u00e8 un software di gestione dei progetti agile che offre prestazioni incredibili, dalla visualizzazione delle iniziative chiave dell&#8217;azienda alla suddivisione in pi\u00f9 livelli di elementi di lavoro gerarchici. Il software combina un set avanzato di strumenti Kanban e funzioni di collaborazione semplici e intuitive che possono aiutare il tuo team a valutare lo stato di avanzamento dei progetti.<\/p>\n","protected":false},"author":19,"featured_media":30840,"parent":27022,"menu_order":0,"comment_status":"open","ping_status":"closed","template":"g1_template_page_review_new.php","meta":{"_acf_changed":false,"cwp_meta_box_check":"Yes","cwp_rev_product_name":"","cwp_rev_product_image":"","wppr_links":[],"cwp_rev_price":"","wppr_options":[{"name":"Usability","value":"0"},{"name":"Speed","value":"0"},{"name":"Features","value":"0"},{"name":"Support","value":"0"},{"name":"Pricing","value":"0"}],"wppr_pros":["","","","",""],"wppr_cons":["","","","",""],"_monsterinsights_skip_tracking":false,"_monsterinsights_sitenote_active":false,"_monsterinsights_sitenote_note":"","_monsterinsights_sitenote_category":0,"footnotes":""},"categories":[2892],"tags":[2916,2900,2913,2992,14656,2989,2893,2990,2895],"features":[],"class_list":{"0":"post-27095","1":"page","2":"type-page","3":"status-publish","4":"has-post-thumbnail","6":"category-gestionale-per-progetti-agile","7":"tag-gestionale-agile","8":"tag-kanban-it","9":"tag-kanbanize","10":"tag-piattaforma-gestionale-agile","11":"tag-programma-gestionale-agile","12":"tag-software-gestionale-agile","13":"tag-software-gestionale-per-progetti-agile","14":"tag-soluzione-gestionale-agile","15":"tag-soluzione-gestionale-per-progetti-agile"},"wppr_data":{"cwp_meta_box_check":"Yes","cwp_rev_product_name":"","_wppr_review_template":"default","cwp_rev_product_image":"","cwp_image_link":"image","wppr_links":[],"cwp_rev_price":"","wppr_pros":["","","","",""],"wppr_cons":["","","","",""],"wppr_rating":"0.00","wppr_options":{"1":{"name":"Usability","value":"0"},"2":{"name":"Speed","value":"0"},"3":{"name":"Features","value":"0"},"4":{"name":"Support","value":"0"},"5":{"name":"Pricing","value":"0"}},"wppr_review_type":"Product","wppr_review_custom_fields":{"additionalProperty":"","additionalType":"","aggregateRating":"","alternateName":"","audience":"","award":"","awards":"","brand":"","color":"","depth":"","description":"","disambiguatingDescription":"","gtin12":"","gtin13":"","gtin14":"","gtin8":"","height":"","identifier":"","image":"","isAccessoryOrSparePartFor":"","isConsumableFor":"","isRelatedTo":"","isSimilarTo":"","itemCondition":"","logo":"","mainEntityOfPage":"","manufacturer":"","material":"","model":"","mpn":"","name":"","offers":"","potentialAction":"","productID":"","productionDate":"","purchaseDate":"","releaseDate":"","review":"","reviews":"","sameAs":"","sku":"","slogan":"","subjectOf":"","url":"","weight":"","width":""}},"acf":[],"yoast_head":"<!-- This site is optimized with the Yoast SEO plugin v27.4 - https:\/\/yoast.com\/product\/yoast-seo-wordpress\/ -->\n<title>Kanbanize: recensione gestionale progetti agili - Accurate Reviews<\/title>\n<meta name=\"description\" content=\"Kanbanize: recensione software di gestione dei progetti agile che offre strumenti Kanban e funzioni di collaborazione semplici e intuitive.\" \/>\n<meta name=\"robots\" content=\"index, follow, max-snippet:-1, max-image-preview:large, max-video-preview:-1\" \/>\n<link rel=\"canonical\" href=\"https:\/\/www.accuratereviews.com\/it\/gestionale-per-progetti-agile\/kanbanize-recensione\/\" \/>\n<meta property=\"og:locale\" content=\"it_IT\" \/>\n<meta property=\"og:type\" content=\"article\" \/>\n<meta property=\"og:title\" content=\"Kanbanize: recensione gestionale progetti agili - Accurate Reviews\" \/>\n<meta property=\"og:description\" content=\"Kanbanize: recensione software di gestione dei progetti agile che offre strumenti Kanban e funzioni di collaborazione semplici e intuitive.\" \/>\n<meta property=\"og:url\" content=\"https:\/\/www.accuratereviews.com\/it\/gestionale-per-progetti-agile\/kanbanize-recensione\/\" \/>\n<meta property=\"og:site_name\" content=\"Accurate Reviews\" \/>\n<meta property=\"article:modified_time\" content=\"2023-10-28T08:34:43+00:00\" \/>\n<meta property=\"og:image\" content=\"https:\/\/www.accuratereviews.com\/wp-content\/uploads\/2020\/10\/Kanbanize_logo_huge_color.png\" \/>\n\t<meta property=\"og:image:width\" content=\"471\" \/>\n\t<meta property=\"og:image:height\" content=\"471\" \/>\n\t<meta property=\"og:image:type\" content=\"image\/png\" \/>\n<meta name=\"twitter:card\" content=\"summary_large_image\" \/>\n<meta name=\"twitter:label1\" content=\"Tempo di lettura stimato\" \/>\n\t<meta name=\"twitter:data1\" content=\"4 minuti\" \/>\n<script type=\"application\/ld+json\" class=\"yoast-schema-graph\">{\"@context\":\"https:\\\/\\\/schema.org\",\"@graph\":[{\"@type\":\"WebPage\",\"@id\":\"https:\\\/\\\/www.accuratereviews.com\\\/it\\\/gestionale-per-progetti-agile\\\/kanbanize-recensione\\\/\",\"url\":\"https:\\\/\\\/www.accuratereviews.com\\\/it\\\/gestionale-per-progetti-agile\\\/kanbanize-recensione\\\/\",\"name\":\"Kanbanize: recensione gestionale progetti agili - Accurate Reviews\",\"isPartOf\":{\"@id\":\"https:\\\/\\\/www.accuratereviews.com\\\/it\\\/#website\"},\"primaryImageOfPage\":{\"@id\":\"https:\\\/\\\/www.accuratereviews.com\\\/it\\\/gestionale-per-progetti-agile\\\/kanbanize-recensione\\\/#primaryimage\"},\"image\":{\"@id\":\"https:\\\/\\\/www.accuratereviews.com\\\/it\\\/gestionale-per-progetti-agile\\\/kanbanize-recensione\\\/#primaryimage\"},\"thumbnailUrl\":\"https:\\\/\\\/www.accuratereviews.com\\\/wp-content\\\/uploads\\\/2020\\\/10\\\/Kanbanize_logo_huge_color.png\",\"datePublished\":\"2020-06-03T10:43:23+00:00\",\"dateModified\":\"2023-10-28T08:34:43+00:00\",\"description\":\"Kanbanize: recensione software di gestione dei progetti agile che offre strumenti Kanban e funzioni di collaborazione semplici e intuitive.\",\"breadcrumb\":{\"@id\":\"https:\\\/\\\/www.accuratereviews.com\\\/it\\\/gestionale-per-progetti-agile\\\/kanbanize-recensione\\\/#breadcrumb\"},\"inLanguage\":\"it-IT\",\"potentialAction\":[{\"@type\":\"ReadAction\",\"target\":[\"https:\\\/\\\/www.accuratereviews.com\\\/it\\\/gestionale-per-progetti-agile\\\/kanbanize-recensione\\\/\"]}]},{\"@type\":\"ImageObject\",\"inLanguage\":\"it-IT\",\"@id\":\"https:\\\/\\\/www.accuratereviews.com\\\/it\\\/gestionale-per-progetti-agile\\\/kanbanize-recensione\\\/#primaryimage\",\"url\":\"https:\\\/\\\/www.accuratereviews.com\\\/wp-content\\\/uploads\\\/2020\\\/10\\\/Kanbanize_logo_huge_color.png\",\"contentUrl\":\"https:\\\/\\\/www.accuratereviews.com\\\/wp-content\\\/uploads\\\/2020\\\/10\\\/Kanbanize_logo_huge_color.png\",\"width\":471,\"height\":471},{\"@type\":\"BreadcrumbList\",\"@id\":\"https:\\\/\\\/www.accuratereviews.com\\\/it\\\/gestionale-per-progetti-agile\\\/kanbanize-recensione\\\/#breadcrumb\",\"itemListElement\":[{\"@type\":\"ListItem\",\"position\":1,\"name\":\"Home\",\"item\":\"https:\\\/\\\/www.accuratereviews.com\\\/it\\\/\"},{\"@type\":\"ListItem\",\"position\":2,\"name\":\"Gestionale per progetti Agile\",\"item\":\"https:\\\/\\\/www.accuratereviews.com\\\/it\\\/gestionale-per-progetti-agile\\\/\"},{\"@type\":\"ListItem\",\"position\":3,\"name\":\"Kanbanize\"}]},{\"@type\":\"WebSite\",\"@id\":\"https:\\\/\\\/www.accuratereviews.com\\\/it\\\/#website\",\"url\":\"https:\\\/\\\/www.accuratereviews.com\\\/it\\\/\",\"name\":\"Accurate Reviews\",\"description\":\"\",\"potentialAction\":[{\"@type\":\"SearchAction\",\"target\":{\"@type\":\"EntryPoint\",\"urlTemplate\":\"https:\\\/\\\/www.accuratereviews.com\\\/it\\\/?s={search_term_string}\"},\"query-input\":{\"@type\":\"PropertyValueSpecification\",\"valueRequired\":true,\"valueName\":\"search_term_string\"}}],\"inLanguage\":\"it-IT\"}]}<\/script>\n<!-- \/ Yoast SEO plugin. -->","yoast_head_json":{"title":"Kanbanize: recensione gestionale progetti agili - Accurate Reviews","description":"Kanbanize: recensione software di gestione dei progetti agile che offre strumenti Kanban e funzioni di collaborazione semplici e intuitive.","robots":{"index":"index","follow":"follow","max-snippet":"max-snippet:-1","max-image-preview":"max-image-preview:large","max-video-preview":"max-video-preview:-1"},"canonical":"https:\/\/www.accuratereviews.com\/it\/gestionale-per-progetti-agile\/kanbanize-recensione\/","og_locale":"it_IT","og_type":"article","og_title":"Kanbanize: recensione gestionale progetti agili - Accurate Reviews","og_description":"Kanbanize: recensione software di gestione dei progetti agile che offre strumenti Kanban e funzioni di collaborazione semplici e intuitive.","og_url":"https:\/\/www.accuratereviews.com\/it\/gestionale-per-progetti-agile\/kanbanize-recensione\/","og_site_name":"Accurate Reviews","article_modified_time":"2023-10-28T08:34:43+00:00","og_image":[{"width":471,"height":471,"url":"https:\/\/www.accuratereviews.com\/wp-content\/uploads\/2020\/10\/Kanbanize_logo_huge_color.png","type":"image\/png"}],"twitter_card":"summary_large_image","twitter_misc":{"Tempo di lettura stimato":"4 minuti"},"schema":{"@context":"https:\/\/schema.org","@graph":[{"@type":"WebPage","@id":"https:\/\/www.accuratereviews.com\/it\/gestionale-per-progetti-agile\/kanbanize-recensione\/","url":"https:\/\/www.accuratereviews.com\/it\/gestionale-per-progetti-agile\/kanbanize-recensione\/","name":"Kanbanize: recensione gestionale progetti agili - Accurate Reviews","isPartOf":{"@id":"https:\/\/www.accuratereviews.com\/it\/#website"},"primaryImageOfPage":{"@id":"https:\/\/www.accuratereviews.com\/it\/gestionale-per-progetti-agile\/kanbanize-recensione\/#primaryimage"},"image":{"@id":"https:\/\/www.accuratereviews.com\/it\/gestionale-per-progetti-agile\/kanbanize-recensione\/#primaryimage"},"thumbnailUrl":"https:\/\/www.accuratereviews.com\/wp-content\/uploads\/2020\/10\/Kanbanize_logo_huge_color.png","datePublished":"2020-06-03T10:43:23+00:00","dateModified":"2023-10-28T08:34:43+00:00","description":"Kanbanize: recensione software di gestione dei progetti agile che offre strumenti Kanban e funzioni di collaborazione semplici e intuitive.","breadcrumb":{"@id":"https:\/\/www.accuratereviews.com\/it\/gestionale-per-progetti-agile\/kanbanize-recensione\/#breadcrumb"},"inLanguage":"it-IT","potentialAction":[{"@type":"ReadAction","target":["https:\/\/www.accuratereviews.com\/it\/gestionale-per-progetti-agile\/kanbanize-recensione\/"]}]},{"@type":"ImageObject","inLanguage":"it-IT","@id":"https:\/\/www.accuratereviews.com\/it\/gestionale-per-progetti-agile\/kanbanize-recensione\/#primaryimage","url":"https:\/\/www.accuratereviews.com\/wp-content\/uploads\/2020\/10\/Kanbanize_logo_huge_color.png","contentUrl":"https:\/\/www.accuratereviews.com\/wp-content\/uploads\/2020\/10\/Kanbanize_logo_huge_color.png","width":471,"height":471},{"@type":"BreadcrumbList","@id":"https:\/\/www.accuratereviews.com\/it\/gestionale-per-progetti-agile\/kanbanize-recensione\/#breadcrumb","itemListElement":[{"@type":"ListItem","position":1,"name":"Home","item":"https:\/\/www.accuratereviews.com\/it\/"},{"@type":"ListItem","position":2,"name":"Gestionale per progetti Agile","item":"https:\/\/www.accuratereviews.com\/it\/gestionale-per-progetti-agile\/"},{"@type":"ListItem","position":3,"name":"Kanbanize"}]},{"@type":"WebSite","@id":"https:\/\/www.accuratereviews.com\/it\/#website","url":"https:\/\/www.accuratereviews.com\/it\/","name":"Accurate Reviews","description":"","potentialAction":[{"@type":"SearchAction","target":{"@type":"EntryPoint","urlTemplate":"https:\/\/www.accuratereviews.com\/it\/?s={search_term_string}"},"query-input":{"@type":"PropertyValueSpecification","valueRequired":true,"valueName":"search_term_string"}}],"inLanguage":"it-IT"}]}},"_links":{"self":[{"href":"https:\/\/www.accuratereviews.com\/it\/wp-json\/wp\/v2\/pages\/27095","targetHints":{"allow":["GET"]}}],"collection":[{"href":"https:\/\/www.accuratereviews.com\/it\/wp-json\/wp\/v2\/pages"}],"about":[{"href":"https:\/\/www.accuratereviews.com\/it\/wp-json\/wp\/v2\/types\/page"}],"author":[{"embeddable":true,"href":"https:\/\/www.accuratereviews.com\/it\/wp-json\/wp\/v2\/users\/19"}],"replies":[{"embeddable":true,"href":"https:\/\/www.accuratereviews.com\/it\/wp-json\/wp\/v2\/comments?post=27095"}],"version-history":[{"count":12,"href":"https:\/\/www.accuratereviews.com\/it\/wp-json\/wp\/v2\/pages\/27095\/revisions"}],"predecessor-version":[{"id":72581,"href":"https:\/\/www.accuratereviews.com\/it\/wp-json\/wp\/v2\/pages\/27095\/revisions\/72581"}],"up":[{"embeddable":true,"href":"https:\/\/www.accuratereviews.com\/it\/wp-json\/wp\/v2\/pages\/27022"}],"wp:featuredmedia":[{"embeddable":true,"href":"https:\/\/www.accuratereviews.com\/it\/wp-json\/wp\/v2\/media\/30840"}],"wp:attachment":[{"href":"https:\/\/www.accuratereviews.com\/it\/wp-json\/wp\/v2\/media?parent=27095"}],"wp:term":[{"taxonomy":"category","embeddable":true,"href":"https:\/\/www.accuratereviews.com\/it\/wp-json\/wp\/v2\/categories?post=27095"},{"taxonomy":"post_tag","embeddable":true,"href":"https:\/\/www.accuratereviews.com\/it\/wp-json\/wp\/v2\/tags?post=27095"},{"taxonomy":"features","embeddable":true,"href":"https:\/\/www.accuratereviews.com\/it\/wp-json\/wp\/v2\/features?post=27095"}],"curies":[{"name":"wp","href":"https:\/\/api.w.org\/{rel}","templated":true}]}}