{"id":27120,"date":"2020-06-04T11:22:39","date_gmt":"2020-06-04T11:22:39","guid":{"rendered":"https:\/\/www.accuratereviews.com\/?page_id=27120"},"modified":"2020-06-04T11:22:39","modified_gmt":"2020-06-04T11:22:39","slug":"forecast-recensione","status":"publish","type":"page","link":"https:\/\/www.accuratereviews.com\/it\/gestionale-per-progetti-agile\/forecast-recensione\/","title":{"rendered":"Forecast"},"content":{"rendered":"<p><strong>Forecast<\/strong>\u00a0\u00e8 una soluzione intuitiva che consente di risparmiare tempo e risorse per la<strong> gestione dei progetti agili<\/strong>\u00a0per i team che offrono risultati di alta qualit\u00e0. Funziona con una<strong> tecnologia AI<\/strong> che consente ai team di rendere redditizi tutti i progetti.\u00a0La soluzione offre anche approfondimenti a cui ogni membro pu\u00f2 dare un&#8217;occhiata. Questo livello di collaborazione apre la strada a una maggiore efficienza, poich\u00e9 tutti sono consapevoli dello stato dei progetti e sono consapevoli di ci\u00f2 che possono fare per essere pi\u00f9 produttivi.\u00a0Inoltre, <strong>Forecast<\/strong> dispone di strumenti di monitoraggio e pianificazione del tempo che consentono ai manager e ai team leader di delegare compiti a coloro che sono in grado di completarli in modo efficace. Con questi, ogni membro pu\u00f2 stabilire le priorit\u00e0 delle responsabilit\u00e0 in modo che il team possa rispettare le scadenze.<\/p>\n<h2>FORECAST &#8211; TUTORIAL<\/h2>\n<p>Guardiamo insieme il tutorial che illustra le principali funzioni di questo <strong>software gestionale di progetti agile<\/strong>:<\/p>\n<div id=\"fluid-wrapper-counter-1\" class=\"g1-fluid-wrapper \" style=\"width:686px;\">\n<div style=\"padding-bottom:56.268221574344%;\"><iframe loading=\"lazy\" title=\"Introducing Forecast\" width=\"686\" height=\"386\" src=\"https:\/\/www.youtube.com\/embed\/vrUY4bJIk4A?feature=oembed&amp;wmode=transparent&amp;autohide=1&amp;autoplay=0&amp;disablekb=0&amp;fs=1&amp;loop=0&amp;enablejsapi=1&amp;rel=0&amp;controls=2&amp;showinfo=0&amp;wmode=transparent&amp;autohide=2&amp;autoplay=0&amp;disablekb=0&amp;fs=1&amp;loop=0&amp;enablejsapi=1&amp;rel=0&amp;controls=2&amp;showinfo=1\" frameborder=\"0\" allow=\"accelerometer; autoplay; encrypted-media; gyroscope; picture-in-picture\" allowfullscreen><\/iframe><\/div>\n<\/div>\n<h3>FORECAST &#8211; CARATTERISTICHE<\/h3>\n<ul>\n<li><strong>Dimezza il lavoro amministrativo<\/strong>: la pianificazione automatica della soluzione ti aiuter\u00e0 a far funzionare i tuoi progetti pi\u00f9 velocemente, automatizzando la pianificazione del progetto e facendo tutti i calcoli per te<\/li>\n<li><strong>Pianifica, esegui e monitora i progetti<\/strong>: gestisci tutto, dal tuo portfolio fino a un singolo progetto o attivit\u00e0. Fornisci progetti di successo indipendentemente dal tipo di fatturazione<\/li>\n<li><strong>Allocare risorse per un lavoro efficiente<\/strong>: prendi decisioni intelligenti. Bilancia il carico di lavoro nell&#8217;intero pool di risorse e scopri quando \u00e8 il momento giusto di assumerlo. Sono calcolati automaticamente i tassi di utilizzo per massimizzare il tempo produttivo<\/li>\n<li><strong>Migliora il lavoro di squadra e la collaborazione tra uffici<\/strong>: aumenta la trasparenza nell&#8217;esecuzione con gli Sprint e il flusso di lavoro del software. Spianare la strada ai team agili per ottenere risultati migliori velocemente<\/li>\n<li><strong>Fornire progetti redditizi<\/strong>: ottieni un quadro completo delle entrate, dei costi e dei profitti di ciascun progetto generato automaticamente, in base al lavoro pianificato ed effettivo<\/li>\n<li><strong>Automatizza la pianificazione<\/strong>: crea un solido piano di progetto in un istante con la pianificazione automatica. La potente IA stima automaticamente le attivit\u00e0, assegna e ottimizza il carico di lavoro tra le risorse e stabilisce una data di consegna del progetto<\/li>\n<li><strong>Ottieni suggerimenti per la scheda attivit\u00e0 basata sull&#8217;intelligenza artificiale<\/strong>: rendi le registrazioni temporali la parte pi\u00f9 intuitiva e veloce della giornata della tua squadra<\/li>\n<li><strong>Metti la stima di costi e budget sul pilota automatico<\/strong>: calcola automaticamente il budget del progetto utilizzando stime di attivit\u00e0, tariffari e costi orari interni. Man mano che il tuo team registra il tempo, i dati si riflettono nei rapporti in tempo reale, in modo da poter affrontare i problemi prima che diventino disastri<\/li>\n<li><strong>Gestisci qualsiasi tipo di progetto<\/strong>: esegui con successo anche i progetti pi\u00f9 complessi, indipendentemente dalla metodologia utilizzata. Indipendentemente dal fatto che tu abbia un prezzo fisso, tempi e materiali o servizi di manutenzione, nessun&#8217;altra piattaforma ti offre la potenza e la flessibilit\u00e0 per gestirli tutti fianco a fianco<\/li>\n<\/ul>\n<h4>LE RECENSIONI DEGLI UTENTI<\/h4>\n<h4 class=\"font-weight-bold my-1 d-flex align-items-center\">Jonatan M.\u00a0&#8220;Ottimo software, eccezionale assistenza clienti&#8221;<\/h4>\n<p><strong>Vantaggi: <\/strong>Questo software automatizza molte cose nel nostro reporting di pianificazione \/ controllo \/ tempo. In caso di problemi, l&#8217;eccezionale assistenza clienti sar\u00e0 lieta di aiutarti.<\/p>\n<p><strong>Inconvenienti: <\/strong>L&#8217;API potrebbe fornire una specifica OpenAPI \/ Swagger per semplificare leggermente le integrazioni.<\/p>\n<h4 class=\"font-weight-bold my-1 d-flex align-items-center\">Dan O.&#8221;Ottimo strumento per modelli di business complessi&#8221;<\/h4>\n<p><strong>Commenti: <\/strong>Sin dal primo giorno l&#8217;esperienza con lo strumento Forecast e il team Forecast \u00e8 stata eccellente. \u00c8 chiaro che questo non \u00e8 affatto un prodotto finito che offre agli utenti la flessibilit\u00e0 di richiedere nuove funzionalit\u00e0 con le conoscenze che verranno ascoltate.\u00a0Non vedo l&#8217;ora di una lunga relazione con il team di Forecast<\/p>\n<p><strong>Vantaggi: <\/strong>Rilasci costanti e rapidi delle funzioni.\u00a0Ascolta i feedback e fai aggiornamenti in base alle esigenze dei clienti.\u00a0Grande esibizione<br \/>\nmolto facile da usare:\u00a0L&#8217;integrazione di Jira \u00e8 fantastica.\u00a0Molto lavoro svolto per migliorare il monitoraggio dei costi e gli elementi finanziari \/ di bilancio.\u00a0Grandi comunicazioni e disponibilit\u00e0 del team di previsione<\/p>\n<p><strong>Inconvenienti: <\/strong>La previsione inizialmente prevedeva un modello di business di tipo di agenzia molto specifico che non si adattava al modello di business di relayrs, tuttavia attraverso costanti miglioramenti e feedback lo strumento si sta avvicinando a ci\u00f2 che ci si aspetta.<\/p>\n<h4 class=\"font-weight-bold my-1 d-flex align-items-center\">Sacha R.&#8221;Ottimo strumento quasi tutto in uno&#8221;<\/h4>\n<p><strong>Commenti: <\/strong>In precedenza, avevamo fatto affidamento su una serie di prodotti per gestire i nostri progetti e team e, sebbene non ci siamo ancora, la previsione sembra essere lo strumento che finalmente ci permetter\u00e0 di consolidare la maggior parte di quegli altri strumenti in uno.<\/p>\n<p><strong>Vantaggi: <\/strong>Integrazione di tracciamento delle attivit\u00e0, rilevamento dei tempi e allocazione delle risorse.<\/p>\n<p><strong>Inconvenienti: <\/strong>Le pagine del budget sono un po&#8217; confuse ed \u00e8 un po&#8217; noioso aggiornare le voci di attivit\u00e0 e tempo. \u00c8 piuttosto costoso per una grande squadra.<\/p>\n<p>&nbsp;<\/p>\n","protected":false},"excerpt":{"rendered":"<p>Forecast\u00a0\u00e8 una soluzione intuitiva che consente di risparmiare tempo e risorse per la gestione dei progetti agili per i team che offrono risultati di alta qualit\u00e0. Funziona con una tecnologia AI che consente ai team di rendere redditizi tutti i progetti.\u00a0La soluzione offre anche approfondimenti a cui ogni membro pu\u00f2 dare un&#8217;occhiata.<\/p>\n","protected":false},"author":19,"featured_media":27121,"parent":27022,"menu_order":0,"comment_status":"open","ping_status":"closed","template":"g1_template_page_review_new.php","meta":{"_acf_changed":false,"cwp_meta_box_check":"Yes","cwp_rev_product_name":"","cwp_rev_product_image":"","wppr_links":[],"cwp_rev_price":"","wppr_options":[],"wppr_pros":[],"wppr_cons":[],"_monsterinsights_skip_tracking":false,"_monsterinsights_sitenote_active":false,"_monsterinsights_sitenote_note":"","_monsterinsights_sitenote_category":0,"footnotes":""},"categories":[2892],"tags":[2894,997,2914,2916,2893,2895,2915],"features":[],"class_list":{"0":"post-27120","1":"page","2":"type-page","3":"status-publish","4":"has-post-thumbnail","6":"category-gestionale-per-progetti-agile","7":"tag-agile","8":"tag-ai","9":"tag-forecast","10":"tag-gestionale-agile","11":"tag-software-gestionale-per-progetti-agile","12":"tag-soluzione-gestionale-per-progetti-agile","13":"tag-tecnologia-ai"},"wppr_data":{"cwp_meta_box_check":"Yes","cwp_rev_product_name":"","cwp_rev_product_image":"","cwp_image_link":"image","cwp_rev_price":"","wppr_rating":"0.00"},"acf":[],"yoast_head":"<!-- This site is optimized with the Yoast SEO plugin v27.4 - https:\/\/yoast.com\/product\/yoast-seo-wordpress\/ -->\n<title>Forecast: recensione software gestionale progetti agile - Accurate Reviews<\/title>\n<meta name=\"description\" content=\"Forecast: recensione soluzione intuitiva che consente di risparmiare tempo e risorse per la gestione dei progetti per il tuo team.\" \/>\n<meta name=\"robots\" content=\"index, follow, max-snippet:-1, max-image-preview:large, max-video-preview:-1\" \/>\n<link rel=\"canonical\" href=\"https:\/\/www.accuratereviews.com\/it\/gestionale-per-progetti-agile\/forecast-recensione\/\" \/>\n<meta property=\"og:locale\" content=\"it_IT\" \/>\n<meta property=\"og:type\" content=\"article\" \/>\n<meta property=\"og:title\" content=\"Forecast: recensione software gestionale progetti agile - Accurate Reviews\" \/>\n<meta property=\"og:description\" content=\"Forecast: recensione soluzione intuitiva che consente di risparmiare tempo e risorse per la gestione dei progetti per il tuo team.\" \/>\n<meta property=\"og:url\" content=\"https:\/\/www.accuratereviews.com\/it\/gestionale-per-progetti-agile\/forecast-recensione\/\" \/>\n<meta property=\"og:site_name\" content=\"Accurate Reviews\" \/>\n<meta property=\"og:image\" content=\"https:\/\/www.accuratereviews.com\/wp-content\/uploads\/2020\/06\/forecast_horizontal.png\" \/>\n\t<meta property=\"og:image:width\" content=\"1650\" \/>\n\t<meta property=\"og:image:height\" content=\"717\" \/>\n\t<meta property=\"og:image:type\" content=\"image\/png\" \/>\n<meta name=\"twitter:card\" content=\"summary_large_image\" \/>\n<meta name=\"twitter:label1\" content=\"Tempo di lettura stimato\" \/>\n\t<meta name=\"twitter:data1\" content=\"4 minuti\" \/>\n<script type=\"application\/ld+json\" class=\"yoast-schema-graph\">{\"@context\":\"https:\\\/\\\/schema.org\",\"@graph\":[{\"@type\":\"WebPage\",\"@id\":\"https:\\\/\\\/www.accuratereviews.com\\\/it\\\/gestionale-per-progetti-agile\\\/forecast-recensione\\\/\",\"url\":\"https:\\\/\\\/www.accuratereviews.com\\\/it\\\/gestionale-per-progetti-agile\\\/forecast-recensione\\\/\",\"name\":\"Forecast: recensione software gestionale progetti agile - Accurate Reviews\",\"isPartOf\":{\"@id\":\"https:\\\/\\\/www.accuratereviews.com\\\/it\\\/#website\"},\"primaryImageOfPage\":{\"@id\":\"https:\\\/\\\/www.accuratereviews.com\\\/it\\\/gestionale-per-progetti-agile\\\/forecast-recensione\\\/#primaryimage\"},\"image\":{\"@id\":\"https:\\\/\\\/www.accuratereviews.com\\\/it\\\/gestionale-per-progetti-agile\\\/forecast-recensione\\\/#primaryimage\"},\"thumbnailUrl\":\"https:\\\/\\\/www.accuratereviews.com\\\/wp-content\\\/uploads\\\/2020\\\/06\\\/forecast_horizontal.png\",\"datePublished\":\"2020-06-04T11:22:39+00:00\",\"description\":\"Forecast: recensione soluzione intuitiva che consente di risparmiare tempo e risorse per la gestione dei progetti per il tuo team.\",\"breadcrumb\":{\"@id\":\"https:\\\/\\\/www.accuratereviews.com\\\/it\\\/gestionale-per-progetti-agile\\\/forecast-recensione\\\/#breadcrumb\"},\"inLanguage\":\"it-IT\",\"potentialAction\":[{\"@type\":\"ReadAction\",\"target\":[\"https:\\\/\\\/www.accuratereviews.com\\\/it\\\/gestionale-per-progetti-agile\\\/forecast-recensione\\\/\"]}]},{\"@type\":\"ImageObject\",\"inLanguage\":\"it-IT\",\"@id\":\"https:\\\/\\\/www.accuratereviews.com\\\/it\\\/gestionale-per-progetti-agile\\\/forecast-recensione\\\/#primaryimage\",\"url\":\"https:\\\/\\\/www.accuratereviews.com\\\/wp-content\\\/uploads\\\/2020\\\/06\\\/forecast_horizontal.png\",\"contentUrl\":\"https:\\\/\\\/www.accuratereviews.com\\\/wp-content\\\/uploads\\\/2020\\\/06\\\/forecast_horizontal.png\",\"width\":1650,\"height\":717},{\"@type\":\"BreadcrumbList\",\"@id\":\"https:\\\/\\\/www.accuratereviews.com\\\/it\\\/gestionale-per-progetti-agile\\\/forecast-recensione\\\/#breadcrumb\",\"itemListElement\":[{\"@type\":\"ListItem\",\"position\":1,\"name\":\"Home\",\"item\":\"https:\\\/\\\/www.accuratereviews.com\\\/it\\\/\"},{\"@type\":\"ListItem\",\"position\":2,\"name\":\"Gestionale per progetti Agile\",\"item\":\"https:\\\/\\\/www.accuratereviews.com\\\/it\\\/gestionale-per-progetti-agile\\\/\"},{\"@type\":\"ListItem\",\"position\":3,\"name\":\"Forecast\"}]},{\"@type\":\"WebSite\",\"@id\":\"https:\\\/\\\/www.accuratereviews.com\\\/it\\\/#website\",\"url\":\"https:\\\/\\\/www.accuratereviews.com\\\/it\\\/\",\"name\":\"Accurate Reviews\",\"description\":\"\",\"potentialAction\":[{\"@type\":\"SearchAction\",\"target\":{\"@type\":\"EntryPoint\",\"urlTemplate\":\"https:\\\/\\\/www.accuratereviews.com\\\/it\\\/?s={search_term_string}\"},\"query-input\":{\"@type\":\"PropertyValueSpecification\",\"valueRequired\":true,\"valueName\":\"search_term_string\"}}],\"inLanguage\":\"it-IT\"}]}<\/script>\n<!-- \/ Yoast SEO plugin. -->","yoast_head_json":{"title":"Forecast: recensione software gestionale progetti agile - Accurate Reviews","description":"Forecast: recensione soluzione intuitiva che consente di risparmiare tempo e risorse per la gestione dei progetti per il tuo team.","robots":{"index":"index","follow":"follow","max-snippet":"max-snippet:-1","max-image-preview":"max-image-preview:large","max-video-preview":"max-video-preview:-1"},"canonical":"https:\/\/www.accuratereviews.com\/it\/gestionale-per-progetti-agile\/forecast-recensione\/","og_locale":"it_IT","og_type":"article","og_title":"Forecast: recensione software gestionale progetti agile - Accurate Reviews","og_description":"Forecast: recensione soluzione intuitiva che consente di risparmiare tempo e risorse per la gestione dei progetti per il tuo team.","og_url":"https:\/\/www.accuratereviews.com\/it\/gestionale-per-progetti-agile\/forecast-recensione\/","og_site_name":"Accurate Reviews","og_image":[{"width":1650,"height":717,"url":"https:\/\/www.accuratereviews.com\/wp-content\/uploads\/2020\/06\/forecast_horizontal.png","type":"image\/png"}],"twitter_card":"summary_large_image","twitter_misc":{"Tempo di lettura stimato":"4 minuti"},"schema":{"@context":"https:\/\/schema.org","@graph":[{"@type":"WebPage","@id":"https:\/\/www.accuratereviews.com\/it\/gestionale-per-progetti-agile\/forecast-recensione\/","url":"https:\/\/www.accuratereviews.com\/it\/gestionale-per-progetti-agile\/forecast-recensione\/","name":"Forecast: recensione software gestionale progetti agile - Accurate Reviews","isPartOf":{"@id":"https:\/\/www.accuratereviews.com\/it\/#website"},"primaryImageOfPage":{"@id":"https:\/\/www.accuratereviews.com\/it\/gestionale-per-progetti-agile\/forecast-recensione\/#primaryimage"},"image":{"@id":"https:\/\/www.accuratereviews.com\/it\/gestionale-per-progetti-agile\/forecast-recensione\/#primaryimage"},"thumbnailUrl":"https:\/\/www.accuratereviews.com\/wp-content\/uploads\/2020\/06\/forecast_horizontal.png","datePublished":"2020-06-04T11:22:39+00:00","description":"Forecast: recensione soluzione intuitiva che consente di risparmiare tempo e risorse per la gestione dei progetti per il tuo team.","breadcrumb":{"@id":"https:\/\/www.accuratereviews.com\/it\/gestionale-per-progetti-agile\/forecast-recensione\/#breadcrumb"},"inLanguage":"it-IT","potentialAction":[{"@type":"ReadAction","target":["https:\/\/www.accuratereviews.com\/it\/gestionale-per-progetti-agile\/forecast-recensione\/"]}]},{"@type":"ImageObject","inLanguage":"it-IT","@id":"https:\/\/www.accuratereviews.com\/it\/gestionale-per-progetti-agile\/forecast-recensione\/#primaryimage","url":"https:\/\/www.accuratereviews.com\/wp-content\/uploads\/2020\/06\/forecast_horizontal.png","contentUrl":"https:\/\/www.accuratereviews.com\/wp-content\/uploads\/2020\/06\/forecast_horizontal.png","width":1650,"height":717},{"@type":"BreadcrumbList","@id":"https:\/\/www.accuratereviews.com\/it\/gestionale-per-progetti-agile\/forecast-recensione\/#breadcrumb","itemListElement":[{"@type":"ListItem","position":1,"name":"Home","item":"https:\/\/www.accuratereviews.com\/it\/"},{"@type":"ListItem","position":2,"name":"Gestionale per progetti Agile","item":"https:\/\/www.accuratereviews.com\/it\/gestionale-per-progetti-agile\/"},{"@type":"ListItem","position":3,"name":"Forecast"}]},{"@type":"WebSite","@id":"https:\/\/www.accuratereviews.com\/it\/#website","url":"https:\/\/www.accuratereviews.com\/it\/","name":"Accurate Reviews","description":"","potentialAction":[{"@type":"SearchAction","target":{"@type":"EntryPoint","urlTemplate":"https:\/\/www.accuratereviews.com\/it\/?s={search_term_string}"},"query-input":{"@type":"PropertyValueSpecification","valueRequired":true,"valueName":"search_term_string"}}],"inLanguage":"it-IT"}]}},"_links":{"self":[{"href":"https:\/\/www.accuratereviews.com\/it\/wp-json\/wp\/v2\/pages\/27120","targetHints":{"allow":["GET"]}}],"collection":[{"href":"https:\/\/www.accuratereviews.com\/it\/wp-json\/wp\/v2\/pages"}],"about":[{"href":"https:\/\/www.accuratereviews.com\/it\/wp-json\/wp\/v2\/types\/page"}],"author":[{"embeddable":true,"href":"https:\/\/www.accuratereviews.com\/it\/wp-json\/wp\/v2\/users\/19"}],"replies":[{"embeddable":true,"href":"https:\/\/www.accuratereviews.com\/it\/wp-json\/wp\/v2\/comments?post=27120"}],"version-history":[{"count":8,"href":"https:\/\/www.accuratereviews.com\/it\/wp-json\/wp\/v2\/pages\/27120\/revisions"}],"predecessor-version":[{"id":27142,"href":"https:\/\/www.accuratereviews.com\/it\/wp-json\/wp\/v2\/pages\/27120\/revisions\/27142"}],"up":[{"embeddable":true,"href":"https:\/\/www.accuratereviews.com\/it\/wp-json\/wp\/v2\/pages\/27022"}],"wp:featuredmedia":[{"embeddable":true,"href":"https:\/\/www.accuratereviews.com\/it\/wp-json\/wp\/v2\/media\/27121"}],"wp:attachment":[{"href":"https:\/\/www.accuratereviews.com\/it\/wp-json\/wp\/v2\/media?parent=27120"}],"wp:term":[{"taxonomy":"category","embeddable":true,"href":"https:\/\/www.accuratereviews.com\/it\/wp-json\/wp\/v2\/categories?post=27120"},{"taxonomy":"post_tag","embeddable":true,"href":"https:\/\/www.accuratereviews.com\/it\/wp-json\/wp\/v2\/tags?post=27120"},{"taxonomy":"features","embeddable":true,"href":"https:\/\/www.accuratereviews.com\/it\/wp-json\/wp\/v2\/features?post=27120"}],"curies":[{"name":"wp","href":"https:\/\/api.w.org\/{rel}","templated":true}]}}