{"id":27130,"date":"2020-06-04T11:21:50","date_gmt":"2020-06-04T11:21:50","guid":{"rendered":"https:\/\/www.accuratereviews.com\/?page_id=27130"},"modified":"2023-10-28T08:19:12","modified_gmt":"2023-10-28T08:19:12","slug":"nifty-recensione","status":"publish","type":"page","link":"https:\/\/www.accuratereviews.com\/it\/gestionale-per-progetti-agile\/nifty-recensione\/","title":{"rendered":"Nifty"},"content":{"rendered":"<p>Il <strong>software di gestione dei progetti Nifty<\/strong>\u00a0\u00e8 uno strumento di collaborazione per il flusso di lavoro che allinea il team, accelera i cicli di progetto e automatizza i rapporti sui progressi. \u00c8 sviluppato per soddisfare tutti i tipi e dimensioni aziendali, offrendo loro tutti i vantaggi di un potente strumento di gestione dei progetti e altro ancora.\u00a0Le funzionalit\u00e0 \u00a0principali includono il monitoraggio del progetto, il supporto per la collaborazione e uno spazio di lavoro centralizzato. L&#8217;app migliora efficacemente il lavoro di squadra poich\u00e9 mantiene tutti i membri del team sulla stessa pagina. Migliora il processo decisionale promuovendo la collaborazione, consentendo ai collaboratori di raccogliere feedback, comunicare e condividere idee, il tutto in tempo reale.<\/p>\n<h2>NIFTY &#8211; TUTORIAL<\/h2>\n<p>Ecco un tutorial che mostra come creare un progetto utilizzando questo software:<\/p>\n<div id=\"fluid-wrapper-counter-1\" class=\"g1-fluid-wrapper \" style=\"width:686px;\">\n<div style=\"padding-bottom:56.268221574344%;\"><iframe loading=\"lazy\" title=\"Nifty Tutorial: Project Milestones\" width=\"686\" height=\"386\" src=\"https:\/\/www.youtube.com\/embed\/g4G5w07lr3I?feature=oembed&amp;wmode=transparent&amp;autohide=1&amp;autoplay=0&amp;disablekb=0&amp;fs=1&amp;loop=0&amp;enablejsapi=1&amp;rel=0&amp;controls=2&amp;showinfo=0&amp;wmode=transparent&amp;autohide=2&amp;autoplay=0&amp;disablekb=0&amp;fs=1&amp;loop=0&amp;enablejsapi=1&amp;rel=0&amp;controls=2&amp;showinfo=1\" frameborder=\"0\" allow=\"accelerometer; autoplay; clipboard-write; encrypted-media; gyroscope; picture-in-picture; web-share\" allowfullscreen><\/iframe><\/div>\n<\/div>\n<h3>NIFTY &#8211; CARATTERISTICHE<\/h3>\n<ul>\n<li><strong>Comprensione dettagliata del progetto<\/strong>: immergiti profondamente nello stato del progetto visualizzando le attivit\u00e0 associate a ciascuna pietra miliare del progetto<\/li>\n<li><strong>Gestione completa del team<\/strong>: visualizza i timelog dei membri del team sulle attivit\u00e0 per ottenere il quadro generale<\/li>\n<li><strong>Controlla la partecipazione<\/strong>: \u00e8 possibile creare progetti pubblici o privati \u200b\u200bsu invito all&#8217;interno di un portfolio per controllare manualmente la privacy di un progetto<\/li>\n<li><strong>Propriet\u00e0 del progetto<\/strong>: i progetti possono essere spostati tra i portafogli e pu\u00f2 essere assegnato un nuovo proprietario per garantire che l&#8217;area di lavoro sia personalizzata in base ai casi d&#8217;uso<\/li>\n<li><strong>Visualizzazione cronologia<\/strong>: crea un allineamento del team attorno alle iniziative, alle fasi e agli sprint del tuo progetto visualizzando le pietre miliari su una sequenza temporale<\/li>\n<li><strong>Automatizza il progresso fondamentale:<\/strong> le pietre miliari forniscono l&#8217;automazione in tempo reale dello stato in corso, completato e scaduto in base al completamento delle attivit\u00e0 connesse da parte dei membri<\/li>\n<li><strong>Imposta dipendenze<\/strong>: crea dipendenze cardine per imporre un flusso di progetto e impostare una gerarchia di priorit\u00e0<\/li>\n<li><strong>Etichette personalizzate<\/strong>: confronta i costi del traguardo con le proiezioni monitorando la durata dell&#8217;attivit\u00e0 rilevante per il traguardo<\/li>\n<\/ul>\n<h4>LE RECENSIONI DEGLI UTENTI<\/h4>\n<h4 class=\"font-weight-bold my-1 d-flex align-items-center\">Adam R.&#8221;Nifty \u00e8 un must per i PM&#8221;<\/h4>\n<p><strong>Vantaggi: <\/strong>Prima di Nifty abbiamo usato PivotalTracker. E &#8216;stato un casino. Gli ingegneri stavano duplicando le attivit\u00e0, il controllo qualit\u00e0 non sapeva cosa fosse pronto per il test e i miei colleghi capi dipartimento non avevano idea di cosa fosse rilasciato o quando sarebbe stato rilasciato. Quindi abbiamo ottenuto Nifty e tutti hanno avuto una chiara visibilit\u00e0 dei loro compiti, delle scadenze e di ci\u00f2 che era necessario fare. I capi dipartimento e i partner potrebbero pianificare le pubblicazioni in modo efficiente. Era come se tutto avesse appena iniziato a funzionare come avrebbe dovuto. Se si crea e spedisce software. Hai bisogno di Nifty per gestire i tuoi progetti.<\/p>\n<p><strong>Inconvenienti: <\/strong>La velocit\u00e0 dello sprint deve essere migliorata un po &#8216;, ma \u00e8 sulla loro road map. Tuttavia, la sua versione attuale di tracciamento dei punti della storia dell&#8217;utente \u00e8 migliore di Jira.<\/p>\n<h4 class=\"font-weight-bold my-1 d-flex align-items-center\">Belen C.&#8221;Lo strumento che ha aiutato a gestire 11 progetti contemporaneamente&#8221;<\/h4>\n<p class=\"font-weight-bold my-1 d-flex align-items-center\"><strong>Commenti: <\/strong>Siamo uno studio di progettazione che collabora con startup e aziende per migliorare le esperienze utente e le interfacce visive, nonch\u00e9 la progettazione dei servizi. Gestiamo diversi progetti al mese e Nifty mi ha aiutato come unico Program Manager presso lo studio, a gestire tutti i progetti che abbiamo, essendo molto precisi con i loro traguardi, compiti e scadenze.<\/p>\n<p><strong>Vantaggi: <\/strong>Adoro le pietre miliari + le funzioni delle attivit\u00e0, mi d\u00e0 la possibilit\u00e0 di mappare in modo molto chiaro in tempo come stiamo andando su ogni progetto che abbiamo.<\/p>\n<p><strong>Inconvenienti: <\/strong>La curva di apprendimento potrebbe essere impegnativa per alcuni ruoli che potrebbero trarne beneficio, ha bisogno di pi\u00f9 aiuto durante l&#8217;onboarding.<\/p>\n<h4 class=\"font-weight-bold my-1 d-flex align-items-center\">Aviva K.&#8221;Mac di Project Management!&#8221;<\/h4>\n<p><strong>Vantaggi: <\/strong>L&#8217;esperienza e il design dell&#8217;utente sono stati spettacolari! Ha permesso a tutto il mio team di iniziare a utilizzare e comprendere immediatamente lo strumento.<\/p>\n<p><strong>Inconvenienti: <\/strong>Vorrebbe vedere pi\u00f9 integrazioni, sembra che non li aspetteranno perch\u00e9 niente di meglio sul mercato a partire da ora.<\/p>\n<p>&nbsp;<\/p>\n<p>&nbsp;<\/p>\n","protected":false},"excerpt":{"rendered":"<p>Il software di gestione dei progetti Nifty\u00a0\u00e8 uno strumento di collaborazione per il flusso di lavoro che allinea il team, accelera i cicli di progetto e automatizza i rapporti sui progressi. \u00c8 sviluppato per soddisfare tutti i tipi e dimensioni aziendali, offrendo loro tutti i vantaggi di un potente strumento di gestione dei progetti e altro ancora.\u00a0<\/p>\n","protected":false},"author":19,"featured_media":27131,"parent":27022,"menu_order":0,"comment_status":"open","ping_status":"closed","template":"g1_template_page_review_new.php","meta":{"_acf_changed":false,"cwp_meta_box_check":"Yes","cwp_rev_product_name":"","cwp_rev_product_image":"","wppr_links":[],"cwp_rev_price":"","wppr_options":[{"name":"Usability","value":"0"},{"name":"Speed","value":"0"},{"name":"Features","value":"0"},{"name":"Support","value":"0"},{"name":"Pricing","value":"0"}],"wppr_pros":["","","","",""],"wppr_cons":["","","","",""],"_monsterinsights_skip_tracking":false,"_monsterinsights_sitenote_active":false,"_monsterinsights_sitenote_note":"","_monsterinsights_sitenote_category":0,"footnotes":""},"categories":[2892],"tags":[2919,2916,14655,2917,14666,14658,2911,2918],"features":[],"class_list":{"0":"post-27130","1":"page","2":"type-page","3":"status-publish","4":"has-post-thumbnail","6":"category-gestionale-per-progetti-agile","7":"tag-diagrammi-grantt","8":"tag-gestionale-agile","9":"tag-gestionale-progetti-agile","10":"tag-nifty","11":"tag-piattaforma-gestionale-progetti-agile","12":"tag-programma-gestionale-progetti-agile","13":"tag-software-gestionale-per-progetti-agili","14":"tag-soluzioni-gestionali-per-progetti-agili"},"wppr_data":{"cwp_meta_box_check":"Yes","cwp_rev_product_name":"","_wppr_review_template":"default","cwp_rev_product_image":"","cwp_image_link":"image","wppr_links":[],"cwp_rev_price":"","wppr_pros":["","","","",""],"wppr_cons":["","","","",""],"wppr_rating":"0.00","wppr_options":{"1":{"name":"Usability","value":"0"},"2":{"name":"Speed","value":"0"},"3":{"name":"Features","value":"0"},"4":{"name":"Support","value":"0"},"5":{"name":"Pricing","value":"0"}},"wppr_review_type":"Product","wppr_review_custom_fields":{"additionalProperty":"","additionalType":"","aggregateRating":"","alternateName":"","audience":"","award":"","awards":"","brand":"","color":"","depth":"","description":"","disambiguatingDescription":"","gtin12":"","gtin13":"","gtin14":"","gtin8":"","height":"","identifier":"","image":"","isAccessoryOrSparePartFor":"","isConsumableFor":"","isRelatedTo":"","isSimilarTo":"","itemCondition":"","logo":"","mainEntityOfPage":"","manufacturer":"","material":"","model":"","mpn":"","name":"","offers":"","potentialAction":"","productID":"","productionDate":"","purchaseDate":"","releaseDate":"","review":"","reviews":"","sameAs":"","sku":"","slogan":"","subjectOf":"","url":"","weight":"","width":""}},"acf":[],"yoast_head":"<!-- This site is optimized with the Yoast SEO plugin v27.4 - https:\/\/yoast.com\/product\/yoast-seo-wordpress\/ -->\n<title>Nifty: recensione software gestionale progetti agili - Accurate Reviews<\/title>\n<meta name=\"description\" content=\"Nifty: recensione strumento di collaborazione per il flusso di lavoro che allinea i team, accelera i cicli di progetto e automatizza i report sui progressi.\" \/>\n<meta name=\"robots\" content=\"index, follow, max-snippet:-1, max-image-preview:large, max-video-preview:-1\" \/>\n<link rel=\"canonical\" href=\"https:\/\/www.accuratereviews.com\/it\/gestionale-per-progetti-agile\/nifty-recensione\/\" \/>\n<meta property=\"og:locale\" content=\"it_IT\" \/>\n<meta property=\"og:type\" content=\"article\" \/>\n<meta property=\"og:title\" content=\"Nifty: recensione software gestionale progetti agili - Accurate Reviews\" \/>\n<meta property=\"og:description\" content=\"Nifty: recensione strumento di collaborazione per il flusso di lavoro che allinea i team, accelera i cicli di progetto e automatizza i report sui progressi.\" \/>\n<meta property=\"og:url\" content=\"https:\/\/www.accuratereviews.com\/it\/gestionale-per-progetti-agile\/nifty-recensione\/\" \/>\n<meta property=\"og:site_name\" content=\"Accurate Reviews\" \/>\n<meta property=\"article:modified_time\" content=\"2023-10-28T08:19:12+00:00\" \/>\n<meta property=\"og:image\" content=\"https:\/\/www.accuratereviews.com\/wp-content\/uploads\/2020\/06\/nifty.png\" \/>\n\t<meta property=\"og:image:width\" content=\"200\" \/>\n\t<meta property=\"og:image:height\" content=\"200\" \/>\n\t<meta property=\"og:image:type\" content=\"image\/png\" \/>\n<meta name=\"twitter:card\" content=\"summary_large_image\" \/>\n<meta name=\"twitter:label1\" content=\"Tempo di lettura stimato\" \/>\n\t<meta name=\"twitter:data1\" content=\"4 minuti\" \/>\n<script type=\"application\/ld+json\" class=\"yoast-schema-graph\">{\"@context\":\"https:\\\/\\\/schema.org\",\"@graph\":[{\"@type\":\"WebPage\",\"@id\":\"https:\\\/\\\/www.accuratereviews.com\\\/it\\\/gestionale-per-progetti-agile\\\/nifty-recensione\\\/\",\"url\":\"https:\\\/\\\/www.accuratereviews.com\\\/it\\\/gestionale-per-progetti-agile\\\/nifty-recensione\\\/\",\"name\":\"Nifty: recensione software gestionale progetti agili - Accurate Reviews\",\"isPartOf\":{\"@id\":\"https:\\\/\\\/www.accuratereviews.com\\\/it\\\/#website\"},\"primaryImageOfPage\":{\"@id\":\"https:\\\/\\\/www.accuratereviews.com\\\/it\\\/gestionale-per-progetti-agile\\\/nifty-recensione\\\/#primaryimage\"},\"image\":{\"@id\":\"https:\\\/\\\/www.accuratereviews.com\\\/it\\\/gestionale-per-progetti-agile\\\/nifty-recensione\\\/#primaryimage\"},\"thumbnailUrl\":\"https:\\\/\\\/www.accuratereviews.com\\\/wp-content\\\/uploads\\\/2020\\\/06\\\/nifty.png\",\"datePublished\":\"2020-06-04T11:21:50+00:00\",\"dateModified\":\"2023-10-28T08:19:12+00:00\",\"description\":\"Nifty: recensione strumento di collaborazione per il flusso di lavoro che allinea i team, accelera i cicli di progetto e automatizza i report sui progressi.\",\"breadcrumb\":{\"@id\":\"https:\\\/\\\/www.accuratereviews.com\\\/it\\\/gestionale-per-progetti-agile\\\/nifty-recensione\\\/#breadcrumb\"},\"inLanguage\":\"it-IT\",\"potentialAction\":[{\"@type\":\"ReadAction\",\"target\":[\"https:\\\/\\\/www.accuratereviews.com\\\/it\\\/gestionale-per-progetti-agile\\\/nifty-recensione\\\/\"]}]},{\"@type\":\"ImageObject\",\"inLanguage\":\"it-IT\",\"@id\":\"https:\\\/\\\/www.accuratereviews.com\\\/it\\\/gestionale-per-progetti-agile\\\/nifty-recensione\\\/#primaryimage\",\"url\":\"https:\\\/\\\/www.accuratereviews.com\\\/wp-content\\\/uploads\\\/2020\\\/06\\\/nifty.png\",\"contentUrl\":\"https:\\\/\\\/www.accuratereviews.com\\\/wp-content\\\/uploads\\\/2020\\\/06\\\/nifty.png\",\"width\":200,\"height\":200},{\"@type\":\"BreadcrumbList\",\"@id\":\"https:\\\/\\\/www.accuratereviews.com\\\/it\\\/gestionale-per-progetti-agile\\\/nifty-recensione\\\/#breadcrumb\",\"itemListElement\":[{\"@type\":\"ListItem\",\"position\":1,\"name\":\"Home\",\"item\":\"https:\\\/\\\/www.accuratereviews.com\\\/it\\\/\"},{\"@type\":\"ListItem\",\"position\":2,\"name\":\"Gestionale per progetti Agile\",\"item\":\"https:\\\/\\\/www.accuratereviews.com\\\/it\\\/gestionale-per-progetti-agile\\\/\"},{\"@type\":\"ListItem\",\"position\":3,\"name\":\"Nifty\"}]},{\"@type\":\"WebSite\",\"@id\":\"https:\\\/\\\/www.accuratereviews.com\\\/it\\\/#website\",\"url\":\"https:\\\/\\\/www.accuratereviews.com\\\/it\\\/\",\"name\":\"Accurate Reviews\",\"description\":\"\",\"potentialAction\":[{\"@type\":\"SearchAction\",\"target\":{\"@type\":\"EntryPoint\",\"urlTemplate\":\"https:\\\/\\\/www.accuratereviews.com\\\/it\\\/?s={search_term_string}\"},\"query-input\":{\"@type\":\"PropertyValueSpecification\",\"valueRequired\":true,\"valueName\":\"search_term_string\"}}],\"inLanguage\":\"it-IT\"}]}<\/script>\n<!-- \/ Yoast SEO plugin. -->","yoast_head_json":{"title":"Nifty: recensione software gestionale progetti agili - Accurate Reviews","description":"Nifty: recensione strumento di collaborazione per il flusso di lavoro che allinea i team, accelera i cicli di progetto e automatizza i report sui progressi.","robots":{"index":"index","follow":"follow","max-snippet":"max-snippet:-1","max-image-preview":"max-image-preview:large","max-video-preview":"max-video-preview:-1"},"canonical":"https:\/\/www.accuratereviews.com\/it\/gestionale-per-progetti-agile\/nifty-recensione\/","og_locale":"it_IT","og_type":"article","og_title":"Nifty: recensione software gestionale progetti agili - Accurate Reviews","og_description":"Nifty: recensione strumento di collaborazione per il flusso di lavoro che allinea i team, accelera i cicli di progetto e automatizza i report sui progressi.","og_url":"https:\/\/www.accuratereviews.com\/it\/gestionale-per-progetti-agile\/nifty-recensione\/","og_site_name":"Accurate Reviews","article_modified_time":"2023-10-28T08:19:12+00:00","og_image":[{"width":200,"height":200,"url":"https:\/\/www.accuratereviews.com\/wp-content\/uploads\/2020\/06\/nifty.png","type":"image\/png"}],"twitter_card":"summary_large_image","twitter_misc":{"Tempo di lettura stimato":"4 minuti"},"schema":{"@context":"https:\/\/schema.org","@graph":[{"@type":"WebPage","@id":"https:\/\/www.accuratereviews.com\/it\/gestionale-per-progetti-agile\/nifty-recensione\/","url":"https:\/\/www.accuratereviews.com\/it\/gestionale-per-progetti-agile\/nifty-recensione\/","name":"Nifty: recensione software gestionale progetti agili - Accurate Reviews","isPartOf":{"@id":"https:\/\/www.accuratereviews.com\/it\/#website"},"primaryImageOfPage":{"@id":"https:\/\/www.accuratereviews.com\/it\/gestionale-per-progetti-agile\/nifty-recensione\/#primaryimage"},"image":{"@id":"https:\/\/www.accuratereviews.com\/it\/gestionale-per-progetti-agile\/nifty-recensione\/#primaryimage"},"thumbnailUrl":"https:\/\/www.accuratereviews.com\/wp-content\/uploads\/2020\/06\/nifty.png","datePublished":"2020-06-04T11:21:50+00:00","dateModified":"2023-10-28T08:19:12+00:00","description":"Nifty: recensione strumento di collaborazione per il flusso di lavoro che allinea i team, accelera i cicli di progetto e automatizza i report sui progressi.","breadcrumb":{"@id":"https:\/\/www.accuratereviews.com\/it\/gestionale-per-progetti-agile\/nifty-recensione\/#breadcrumb"},"inLanguage":"it-IT","potentialAction":[{"@type":"ReadAction","target":["https:\/\/www.accuratereviews.com\/it\/gestionale-per-progetti-agile\/nifty-recensione\/"]}]},{"@type":"ImageObject","inLanguage":"it-IT","@id":"https:\/\/www.accuratereviews.com\/it\/gestionale-per-progetti-agile\/nifty-recensione\/#primaryimage","url":"https:\/\/www.accuratereviews.com\/wp-content\/uploads\/2020\/06\/nifty.png","contentUrl":"https:\/\/www.accuratereviews.com\/wp-content\/uploads\/2020\/06\/nifty.png","width":200,"height":200},{"@type":"BreadcrumbList","@id":"https:\/\/www.accuratereviews.com\/it\/gestionale-per-progetti-agile\/nifty-recensione\/#breadcrumb","itemListElement":[{"@type":"ListItem","position":1,"name":"Home","item":"https:\/\/www.accuratereviews.com\/it\/"},{"@type":"ListItem","position":2,"name":"Gestionale per progetti Agile","item":"https:\/\/www.accuratereviews.com\/it\/gestionale-per-progetti-agile\/"},{"@type":"ListItem","position":3,"name":"Nifty"}]},{"@type":"WebSite","@id":"https:\/\/www.accuratereviews.com\/it\/#website","url":"https:\/\/www.accuratereviews.com\/it\/","name":"Accurate Reviews","description":"","potentialAction":[{"@type":"SearchAction","target":{"@type":"EntryPoint","urlTemplate":"https:\/\/www.accuratereviews.com\/it\/?s={search_term_string}"},"query-input":{"@type":"PropertyValueSpecification","valueRequired":true,"valueName":"search_term_string"}}],"inLanguage":"it-IT"}]}},"_links":{"self":[{"href":"https:\/\/www.accuratereviews.com\/it\/wp-json\/wp\/v2\/pages\/27130","targetHints":{"allow":["GET"]}}],"collection":[{"href":"https:\/\/www.accuratereviews.com\/it\/wp-json\/wp\/v2\/pages"}],"about":[{"href":"https:\/\/www.accuratereviews.com\/it\/wp-json\/wp\/v2\/types\/page"}],"author":[{"embeddable":true,"href":"https:\/\/www.accuratereviews.com\/it\/wp-json\/wp\/v2\/users\/19"}],"replies":[{"embeddable":true,"href":"https:\/\/www.accuratereviews.com\/it\/wp-json\/wp\/v2\/comments?post=27130"}],"version-history":[{"count":6,"href":"https:\/\/www.accuratereviews.com\/it\/wp-json\/wp\/v2\/pages\/27130\/revisions"}],"predecessor-version":[{"id":72574,"href":"https:\/\/www.accuratereviews.com\/it\/wp-json\/wp\/v2\/pages\/27130\/revisions\/72574"}],"up":[{"embeddable":true,"href":"https:\/\/www.accuratereviews.com\/it\/wp-json\/wp\/v2\/pages\/27022"}],"wp:featuredmedia":[{"embeddable":true,"href":"https:\/\/www.accuratereviews.com\/it\/wp-json\/wp\/v2\/media\/27131"}],"wp:attachment":[{"href":"https:\/\/www.accuratereviews.com\/it\/wp-json\/wp\/v2\/media?parent=27130"}],"wp:term":[{"taxonomy":"category","embeddable":true,"href":"https:\/\/www.accuratereviews.com\/it\/wp-json\/wp\/v2\/categories?post=27130"},{"taxonomy":"post_tag","embeddable":true,"href":"https:\/\/www.accuratereviews.com\/it\/wp-json\/wp\/v2\/tags?post=27130"},{"taxonomy":"features","embeddable":true,"href":"https:\/\/www.accuratereviews.com\/it\/wp-json\/wp\/v2\/features?post=27130"}],"curies":[{"name":"wp","href":"https:\/\/api.w.org\/{rel}","templated":true}]}}