{"id":27186,"date":"2020-06-05T13:15:40","date_gmt":"2020-06-05T13:15:40","guid":{"rendered":"https:\/\/www.accuratereviews.com\/?page_id=27186"},"modified":"2023-10-21T07:54:35","modified_gmt":"2023-10-21T07:54:35","slug":"todo-vu-recensione","status":"publish","type":"page","link":"https:\/\/www.accuratereviews.com\/it\/gestionale-per-progetti-agile\/todo-vu-recensione\/","title":{"rendered":"Todo.vu"},"content":{"rendered":"<p><strong>Todo.vu<\/strong> \u00e8 un<strong> software integrato di gestione delle attivit\u00e0<\/strong>, CRM, monitoraggio del tempo e fatturazione che si rivolge a professionisti freelance e piccoli team. Fornisce agli utenti un&#8217;unica suite unificata progettata per alimentare la produttivit\u00e0 riunendo tutti i progetti, i clienti, i programmi, i dettagli di contatto e altro ancora, eliminando la necessit\u00e0 di utilizzare e collegare sistemi separati per portare a termine il lavoro.\u00a0Con <strong>Todo.vu<\/strong>, gli utenti sono in grado di gestire e monitorare il proprio lavoro in un&#8217;unica posizione. Una rapida occhiata alla dashboard offre agli utenti tutto ci\u00f2 di cui hanno bisogno per sapere cosa deve essere fatto, classificare le priorit\u00e0 e allocare in modo efficace risorse e tempo, nonch\u00e9 designare gli individui ai loro compiti.<\/p>\n<h2>TODO.VU &#8211; TUTORIAL<\/h2>\n<p>Una breve visita guidata dell&#8217;interfaccia utente e delle sezioni di questo<strong> software gestionale di progetti agili<\/strong>. Questo \u00e8 un buon punto di partenza per familiarizzare con il sistema.<\/p>\n<div id=\"fluid-wrapper-counter-1\" class=\"g1-fluid-wrapper \" style=\"width:686px;\">\n<div style=\"padding-bottom:56.268221574344%;\"><iframe loading=\"lazy\" title=\"todo.vu quick tour\" width=\"686\" height=\"386\" src=\"https:\/\/www.youtube.com\/embed\/PGlfhA_kHTo?feature=oembed&amp;wmode=transparent&amp;autohide=1&amp;autoplay=0&amp;disablekb=0&amp;fs=1&amp;loop=0&amp;enablejsapi=1&amp;rel=0&amp;controls=2&amp;showinfo=0&amp;wmode=transparent&amp;autohide=2&amp;autoplay=0&amp;disablekb=0&amp;fs=1&amp;loop=0&amp;enablejsapi=1&amp;rel=0&amp;controls=2&amp;showinfo=1\" frameborder=\"0\" allow=\"accelerometer; autoplay; clipboard-write; encrypted-media; gyroscope; picture-in-picture; web-share\" allowfullscreen><\/iframe><\/div>\n<\/div>\n<h3>TODO.VU &#8211; CARATTERISTICHE<\/h3>\n<ul>\n<li><strong>CRM<\/strong>: la soluzione fornisce un modo semplice ma efficace per tenere traccia di tutti i tuoi clienti e i loro contatti<\/li>\n<li><strong>Compiti<\/strong>: controlla tutto ci\u00f2 che fai tu o il tuo team, attivit\u00e0 interne, attivit\u00e0 personali e progetti dei clienti in un unico posto<\/li>\n<li><strong>Tracciamento del tempo<\/strong>: tieni traccia del tuo tempo direttamente sulle tue attivit\u00e0 con strumenti visivi semplici, intuitivi<\/li>\n<li><strong>Fatturazione del tempo:<\/strong> imposta le tariffe di fatturazione per progetti e personale. Seleziona il momento fatturabile, genera rapporti dettagliati sulle fatture. Fornire ai clienti rapporti orari dettagliati<\/li>\n<li><strong>Compiti Email<\/strong>: ogni area di lavoro ha il proprio indirizzo email. Tu e i tuoi clienti potete inviare email alle attivit\u00e0 direttamente nella soluzione. Gli allegati sono inclusi. Regole di installazione per l&#8217;assegnazione di attivit\u00e0 da email<\/li>\n<li><strong>Checklists<\/strong>: suddividere le attivit\u00e0 pi\u00f9 grandi in liste di controllo e tenere traccia dell&#8217;avanzamento del completamento delle attivit\u00e0<\/li>\n<li><strong>Sincronizzazione calendario<\/strong>: sincronizza le date di scadenza dell&#8217;attivit\u00e0 con qualsiasi calendario compatibile iCal. Ideale per i calendari di Google e Office365<\/li>\n<li><strong>Compiti ripetuti<\/strong>: crea attivit\u00e0 ricorrenti che si sincronizzano con un calendario e possono essere aggiornate individualmente, ognuna con promemoria indipendenti. Ulteriori informazioni su come abbiamo creato il miglior sistema di attivit\u00e0 ripetitive<\/li>\n<li><strong>Applicazioni:<\/strong> accedi alle tue attivit\u00e0 e monitora il tempo da qualsiasi luogo con le nostre app iOS e Android native<\/li>\n<li><strong>Integrazione con fogli Google<\/strong>: esporta i dati del tempo delle attivit\u00e0 in file CSV o direttamente in Fogli Google per l&#8217;archiviazione o ulteriori analisi<\/li>\n<li><strong>Controllo di accesso<\/strong>: i clienti possono essere invitati a vedere solo il lavoro associato alla propria attivit\u00e0. Gli agenti contrattuali possono essere limitati a clienti specifici. Qualsiasi attivit\u00e0 pu\u00f2 essere privata<\/li>\n<li><strong>Drag e drop:<\/strong> basta trascinare e rilasciare i file sull&#8217;attivit\u00e0 correlata. Con 2 GB di spazio di archiviazione dei dati per utente, tutti i file correlati per un&#8217;attivit\u00e0 si trovano in un&#8217;unica posizione a cui possono accedere tutti i membri del team<\/li>\n<\/ul>\n<h4>LE RECENSIONI DEGLI UTENTI<\/h4>\n<h4 class=\"font-weight-bold my-1 d-flex align-items-center\">Martin D.&#8221;Proprio quello che stavo cercando!&#8221;<\/h4>\n<p><strong>Vantaggi: <\/strong>La cosa migliore di todo.vu \u00e8 che il timer funziona sul lato server, il che significa che \u00e8 possibile avviare un timer su un dispositivo, controllarlo su un altro dispositivo e arrestare il timer da un altro ancora. Molto utile! Tutto attraverso il sito web!<\/p>\n<p><strong>Inconvenienti: <\/strong>Ora se solo ci fosse un&#8217;app Apple Watch<\/p>\n<h4 class=\"font-weight-bold my-1 d-flex align-items-center\">Bruno C.&#8221;un elenco di cose da fare, portato al lavoro&#8221;<\/h4>\n<p><strong>Commenti: <\/strong>In generale, felice. Al lavoro \u00e8 utile e puoi persino usarlo nella tua vita privata<\/p>\n<p><strong>Vantaggi: <\/strong>Utile. \u00c8 un tipo di CRM in cui \u00e8 possibile monitorare attivit\u00e0, obiettivi, budget e follow-up di clienti, dipendenti, attrezzature, realizzazione degli obiettivi.<\/p>\n<p><strong>Inconvenienti: <\/strong>\u00c8 in sospeso un aggiornamento con &#8220;attivit\u00e0 ricorrenti periodicamente&#8221;. Di solito rispondono rapidamente a idee e suggerimenti, quindi non c&#8217;\u00e8 molto da dire<\/p>\n<h4 class=\"font-weight-bold my-1 d-flex align-items-center\">Mike R.&#8221;\u00c8 assolutamente da provare per qualsiasi piccola impresa&#8221;<\/h4>\n<p><strong>Vantaggi: <\/strong>La facilit\u00e0 d&#8217;uso e l&#8217;interfaccia utente sono interessanti<\/p>\n<p><strong>Inconvenienti: <\/strong>Tutto ci\u00f2 di cui ho bisogno ora \u00e8 un&#8217;app mobile affidabile e per collegarla alla suite Microsoft<\/p>\n","protected":false},"excerpt":{"rendered":"<p>Todo.vu \u00e8 un software integrato di gestione delle attivit\u00e0, CRM, monitoraggio del tempo e fatturazione che si rivolge a professionisti freelance e piccoli team. Fornisce agli utenti un&#8217;unica suite unificata progettata per alimentare la produttivit\u00e0 riunendo tutti i progetti, i clienti, i programmi, i dettagli di contatto e altro ancora, eliminando la necessit\u00e0 di utilizzare e collegare sistemi separati per portare a termine il lavoro.<\/p>\n","protected":false},"author":19,"featured_media":27187,"parent":27022,"menu_order":0,"comment_status":"open","ping_status":"closed","template":"g1_template_page_review_new.php","meta":{"_acf_changed":false,"cwp_meta_box_check":"Yes","cwp_rev_product_name":"","cwp_rev_product_image":"","wppr_links":[],"cwp_rev_price":"","wppr_options":[{"name":"Usability","value":"0"},{"name":"Speed","value":"0"},{"name":"Features","value":"0"},{"name":"Support","value":"0"},{"name":"Pricing","value":"0"}],"wppr_pros":["","","","",""],"wppr_cons":["","","","",""],"_monsterinsights_skip_tracking":false,"_monsterinsights_sitenote_active":false,"_monsterinsights_sitenote_note":"","_monsterinsights_sitenote_category":0,"footnotes":""},"categories":[2892],"tags":[2894,1707,2916,14655,464,2992,14656,2893,2895,2971],"features":[],"class_list":{"0":"post-27186","1":"page","2":"type-page","3":"status-publish","4":"has-post-thumbnail","6":"category-gestionale-per-progetti-agile","7":"tag-agile","8":"tag-crm-integrato","9":"tag-gestionale-agile","10":"tag-gestionale-progetti-agile","11":"tag-gratuito","12":"tag-piattaforma-gestionale-agile","13":"tag-programma-gestionale-agile","14":"tag-software-gestionale-per-progetti-agile","15":"tag-soluzione-gestionale-per-progetti-agile","16":"tag-todo-vu"},"wppr_data":{"cwp_meta_box_check":"Yes","cwp_rev_product_name":"","_wppr_review_template":"default","cwp_rev_product_image":"","cwp_image_link":"image","wppr_links":[],"cwp_rev_price":"","wppr_pros":["","","","",""],"wppr_cons":["","","","",""],"wppr_rating":"0.00","wppr_options":{"1":{"name":"Usability","value":"0"},"2":{"name":"Speed","value":"0"},"3":{"name":"Features","value":"0"},"4":{"name":"Support","value":"0"},"5":{"name":"Pricing","value":"0"}},"wppr_review_type":"Product","wppr_review_custom_fields":{"additionalProperty":"","additionalType":"","aggregateRating":"","alternateName":"","audience":"","award":"","awards":"","brand":"","color":"","depth":"","description":"","disambiguatingDescription":"","gtin12":"","gtin13":"","gtin14":"","gtin8":"","height":"","identifier":"","image":"","isAccessoryOrSparePartFor":"","isConsumableFor":"","isRelatedTo":"","isSimilarTo":"","itemCondition":"","logo":"","mainEntityOfPage":"","manufacturer":"","material":"","model":"","mpn":"","name":"","offers":"","potentialAction":"","productID":"","productionDate":"","purchaseDate":"","releaseDate":"","review":"","reviews":"","sameAs":"","sku":"","slogan":"","subjectOf":"","url":"","weight":"","width":""}},"acf":[],"yoast_head":"<!-- This site is optimized with the Yoast SEO plugin v27.4 - https:\/\/yoast.com\/product\/yoast-seo-wordpress\/ -->\n<title>Todo.vu: recensione software gestionale progetti agili - Accurate Reviews<\/title>\n<meta name=\"description\" content=\"Todo.vu: recensione software di gestione delle attivit\u00e0, CRM, monitoraggio del tempo e fatturazione che si rivolge a professionisti e piccoli team.\" \/>\n<meta name=\"robots\" content=\"index, follow, max-snippet:-1, max-image-preview:large, max-video-preview:-1\" \/>\n<link rel=\"canonical\" href=\"https:\/\/www.accuratereviews.com\/it\/gestionale-per-progetti-agile\/todo-vu-recensione\/\" \/>\n<meta property=\"og:locale\" content=\"it_IT\" \/>\n<meta property=\"og:type\" content=\"article\" \/>\n<meta property=\"og:title\" content=\"Todo.vu: recensione software gestionale progetti agili - Accurate Reviews\" \/>\n<meta property=\"og:description\" content=\"Todo.vu: recensione software di gestione delle attivit\u00e0, CRM, monitoraggio del tempo e fatturazione che si rivolge a professionisti e piccoli team.\" \/>\n<meta property=\"og:url\" content=\"https:\/\/www.accuratereviews.com\/it\/gestionale-per-progetti-agile\/todo-vu-recensione\/\" \/>\n<meta property=\"og:site_name\" content=\"Accurate Reviews\" \/>\n<meta property=\"article:modified_time\" content=\"2023-10-21T07:54:35+00:00\" \/>\n<meta property=\"og:image\" content=\"https:\/\/www.accuratereviews.com\/wp-content\/uploads\/2020\/06\/todo.png\" \/>\n\t<meta property=\"og:image:width\" content=\"225\" \/>\n\t<meta property=\"og:image:height\" content=\"225\" \/>\n\t<meta property=\"og:image:type\" content=\"image\/png\" \/>\n<meta name=\"twitter:card\" content=\"summary_large_image\" \/>\n<meta name=\"twitter:label1\" content=\"Tempo di lettura stimato\" \/>\n\t<meta name=\"twitter:data1\" content=\"4 minuti\" \/>\n<script type=\"application\/ld+json\" class=\"yoast-schema-graph\">{\"@context\":\"https:\\\/\\\/schema.org\",\"@graph\":[{\"@type\":\"WebPage\",\"@id\":\"https:\\\/\\\/www.accuratereviews.com\\\/it\\\/gestionale-per-progetti-agile\\\/todo-vu-recensione\\\/\",\"url\":\"https:\\\/\\\/www.accuratereviews.com\\\/it\\\/gestionale-per-progetti-agile\\\/todo-vu-recensione\\\/\",\"name\":\"Todo.vu: recensione software gestionale progetti agili - Accurate Reviews\",\"isPartOf\":{\"@id\":\"https:\\\/\\\/www.accuratereviews.com\\\/it\\\/#website\"},\"primaryImageOfPage\":{\"@id\":\"https:\\\/\\\/www.accuratereviews.com\\\/it\\\/gestionale-per-progetti-agile\\\/todo-vu-recensione\\\/#primaryimage\"},\"image\":{\"@id\":\"https:\\\/\\\/www.accuratereviews.com\\\/it\\\/gestionale-per-progetti-agile\\\/todo-vu-recensione\\\/#primaryimage\"},\"thumbnailUrl\":\"https:\\\/\\\/www.accuratereviews.com\\\/wp-content\\\/uploads\\\/2020\\\/06\\\/todo.png\",\"datePublished\":\"2020-06-05T13:15:40+00:00\",\"dateModified\":\"2023-10-21T07:54:35+00:00\",\"description\":\"Todo.vu: recensione software di gestione delle attivit\u00e0, CRM, monitoraggio del tempo e fatturazione che si rivolge a professionisti e piccoli team.\",\"breadcrumb\":{\"@id\":\"https:\\\/\\\/www.accuratereviews.com\\\/it\\\/gestionale-per-progetti-agile\\\/todo-vu-recensione\\\/#breadcrumb\"},\"inLanguage\":\"it-IT\",\"potentialAction\":[{\"@type\":\"ReadAction\",\"target\":[\"https:\\\/\\\/www.accuratereviews.com\\\/it\\\/gestionale-per-progetti-agile\\\/todo-vu-recensione\\\/\"]}]},{\"@type\":\"ImageObject\",\"inLanguage\":\"it-IT\",\"@id\":\"https:\\\/\\\/www.accuratereviews.com\\\/it\\\/gestionale-per-progetti-agile\\\/todo-vu-recensione\\\/#primaryimage\",\"url\":\"https:\\\/\\\/www.accuratereviews.com\\\/wp-content\\\/uploads\\\/2020\\\/06\\\/todo.png\",\"contentUrl\":\"https:\\\/\\\/www.accuratereviews.com\\\/wp-content\\\/uploads\\\/2020\\\/06\\\/todo.png\",\"width\":225,\"height\":225},{\"@type\":\"BreadcrumbList\",\"@id\":\"https:\\\/\\\/www.accuratereviews.com\\\/it\\\/gestionale-per-progetti-agile\\\/todo-vu-recensione\\\/#breadcrumb\",\"itemListElement\":[{\"@type\":\"ListItem\",\"position\":1,\"name\":\"Home\",\"item\":\"https:\\\/\\\/www.accuratereviews.com\\\/it\\\/\"},{\"@type\":\"ListItem\",\"position\":2,\"name\":\"Gestionale per progetti Agile\",\"item\":\"https:\\\/\\\/www.accuratereviews.com\\\/it\\\/gestionale-per-progetti-agile\\\/\"},{\"@type\":\"ListItem\",\"position\":3,\"name\":\"Todo.vu\"}]},{\"@type\":\"WebSite\",\"@id\":\"https:\\\/\\\/www.accuratereviews.com\\\/it\\\/#website\",\"url\":\"https:\\\/\\\/www.accuratereviews.com\\\/it\\\/\",\"name\":\"Accurate Reviews\",\"description\":\"\",\"potentialAction\":[{\"@type\":\"SearchAction\",\"target\":{\"@type\":\"EntryPoint\",\"urlTemplate\":\"https:\\\/\\\/www.accuratereviews.com\\\/it\\\/?s={search_term_string}\"},\"query-input\":{\"@type\":\"PropertyValueSpecification\",\"valueRequired\":true,\"valueName\":\"search_term_string\"}}],\"inLanguage\":\"it-IT\"}]}<\/script>\n<!-- \/ Yoast SEO plugin. -->","yoast_head_json":{"title":"Todo.vu: recensione software gestionale progetti agili - Accurate Reviews","description":"Todo.vu: recensione software di gestione delle attivit\u00e0, CRM, monitoraggio del tempo e fatturazione che si rivolge a professionisti e piccoli team.","robots":{"index":"index","follow":"follow","max-snippet":"max-snippet:-1","max-image-preview":"max-image-preview:large","max-video-preview":"max-video-preview:-1"},"canonical":"https:\/\/www.accuratereviews.com\/it\/gestionale-per-progetti-agile\/todo-vu-recensione\/","og_locale":"it_IT","og_type":"article","og_title":"Todo.vu: recensione software gestionale progetti agili - Accurate Reviews","og_description":"Todo.vu: recensione software di gestione delle attivit\u00e0, CRM, monitoraggio del tempo e fatturazione che si rivolge a professionisti e piccoli team.","og_url":"https:\/\/www.accuratereviews.com\/it\/gestionale-per-progetti-agile\/todo-vu-recensione\/","og_site_name":"Accurate Reviews","article_modified_time":"2023-10-21T07:54:35+00:00","og_image":[{"width":225,"height":225,"url":"https:\/\/www.accuratereviews.com\/wp-content\/uploads\/2020\/06\/todo.png","type":"image\/png"}],"twitter_card":"summary_large_image","twitter_misc":{"Tempo di lettura stimato":"4 minuti"},"schema":{"@context":"https:\/\/schema.org","@graph":[{"@type":"WebPage","@id":"https:\/\/www.accuratereviews.com\/it\/gestionale-per-progetti-agile\/todo-vu-recensione\/","url":"https:\/\/www.accuratereviews.com\/it\/gestionale-per-progetti-agile\/todo-vu-recensione\/","name":"Todo.vu: recensione software gestionale progetti agili - Accurate Reviews","isPartOf":{"@id":"https:\/\/www.accuratereviews.com\/it\/#website"},"primaryImageOfPage":{"@id":"https:\/\/www.accuratereviews.com\/it\/gestionale-per-progetti-agile\/todo-vu-recensione\/#primaryimage"},"image":{"@id":"https:\/\/www.accuratereviews.com\/it\/gestionale-per-progetti-agile\/todo-vu-recensione\/#primaryimage"},"thumbnailUrl":"https:\/\/www.accuratereviews.com\/wp-content\/uploads\/2020\/06\/todo.png","datePublished":"2020-06-05T13:15:40+00:00","dateModified":"2023-10-21T07:54:35+00:00","description":"Todo.vu: recensione software di gestione delle attivit\u00e0, CRM, monitoraggio del tempo e fatturazione che si rivolge a professionisti e piccoli team.","breadcrumb":{"@id":"https:\/\/www.accuratereviews.com\/it\/gestionale-per-progetti-agile\/todo-vu-recensione\/#breadcrumb"},"inLanguage":"it-IT","potentialAction":[{"@type":"ReadAction","target":["https:\/\/www.accuratereviews.com\/it\/gestionale-per-progetti-agile\/todo-vu-recensione\/"]}]},{"@type":"ImageObject","inLanguage":"it-IT","@id":"https:\/\/www.accuratereviews.com\/it\/gestionale-per-progetti-agile\/todo-vu-recensione\/#primaryimage","url":"https:\/\/www.accuratereviews.com\/wp-content\/uploads\/2020\/06\/todo.png","contentUrl":"https:\/\/www.accuratereviews.com\/wp-content\/uploads\/2020\/06\/todo.png","width":225,"height":225},{"@type":"BreadcrumbList","@id":"https:\/\/www.accuratereviews.com\/it\/gestionale-per-progetti-agile\/todo-vu-recensione\/#breadcrumb","itemListElement":[{"@type":"ListItem","position":1,"name":"Home","item":"https:\/\/www.accuratereviews.com\/it\/"},{"@type":"ListItem","position":2,"name":"Gestionale per progetti Agile","item":"https:\/\/www.accuratereviews.com\/it\/gestionale-per-progetti-agile\/"},{"@type":"ListItem","position":3,"name":"Todo.vu"}]},{"@type":"WebSite","@id":"https:\/\/www.accuratereviews.com\/it\/#website","url":"https:\/\/www.accuratereviews.com\/it\/","name":"Accurate Reviews","description":"","potentialAction":[{"@type":"SearchAction","target":{"@type":"EntryPoint","urlTemplate":"https:\/\/www.accuratereviews.com\/it\/?s={search_term_string}"},"query-input":{"@type":"PropertyValueSpecification","valueRequired":true,"valueName":"search_term_string"}}],"inLanguage":"it-IT"}]}},"_links":{"self":[{"href":"https:\/\/www.accuratereviews.com\/it\/wp-json\/wp\/v2\/pages\/27186","targetHints":{"allow":["GET"]}}],"collection":[{"href":"https:\/\/www.accuratereviews.com\/it\/wp-json\/wp\/v2\/pages"}],"about":[{"href":"https:\/\/www.accuratereviews.com\/it\/wp-json\/wp\/v2\/types\/page"}],"author":[{"embeddable":true,"href":"https:\/\/www.accuratereviews.com\/it\/wp-json\/wp\/v2\/users\/19"}],"replies":[{"embeddable":true,"href":"https:\/\/www.accuratereviews.com\/it\/wp-json\/wp\/v2\/comments?post=27186"}],"version-history":[{"count":9,"href":"https:\/\/www.accuratereviews.com\/it\/wp-json\/wp\/v2\/pages\/27186\/revisions"}],"predecessor-version":[{"id":72408,"href":"https:\/\/www.accuratereviews.com\/it\/wp-json\/wp\/v2\/pages\/27186\/revisions\/72408"}],"up":[{"embeddable":true,"href":"https:\/\/www.accuratereviews.com\/it\/wp-json\/wp\/v2\/pages\/27022"}],"wp:featuredmedia":[{"embeddable":true,"href":"https:\/\/www.accuratereviews.com\/it\/wp-json\/wp\/v2\/media\/27187"}],"wp:attachment":[{"href":"https:\/\/www.accuratereviews.com\/it\/wp-json\/wp\/v2\/media?parent=27186"}],"wp:term":[{"taxonomy":"category","embeddable":true,"href":"https:\/\/www.accuratereviews.com\/it\/wp-json\/wp\/v2\/categories?post=27186"},{"taxonomy":"post_tag","embeddable":true,"href":"https:\/\/www.accuratereviews.com\/it\/wp-json\/wp\/v2\/tags?post=27186"},{"taxonomy":"features","embeddable":true,"href":"https:\/\/www.accuratereviews.com\/it\/wp-json\/wp\/v2\/features?post=27186"}],"curies":[{"name":"wp","href":"https:\/\/api.w.org\/{rel}","templated":true}]}}