{"id":27207,"date":"2020-06-05T13:15:38","date_gmt":"2020-06-05T13:15:38","guid":{"rendered":"https:\/\/www.accuratereviews.com\/?page_id=27207"},"modified":"2026-04-03T10:28:48","modified_gmt":"2026-04-03T10:28:48","slug":"axosoft-recensione","status":"publish","type":"page","link":"https:\/\/www.accuratereviews.com\/it\/gestionale-per-progetti-agile\/axosoft-recensione\/","title":{"rendered":"Axosoft"},"content":{"rendered":"<p><strong>Axosoft<\/strong> \u00e8 una <strong>soluzione di gestione dei progetti agile<\/strong> e di tracciamento dei bug che pu\u00f2 essere implementata come software ospitato o locale.\u00a0La soluzione viene fornita con un ricco set di strumenti di cui gli sviluppatori hanno bisogno per assicurarsi di creare e distribuire nei tempi previsti software completamente funzionale e privo di bug. Con <strong>Axosoft<\/strong>, gli utenti possono creare piani fattibili per lo sviluppo, tracciare le fasi del processo, collaborare in modo efficace e senza soluzione di continuit\u00e0, identificare i problemi e risolverli in tempo prima della consegna.\u00a0Tutto \u00e8 centralizzato, garantendo trasparenza e che tutti siano sulla stessa pagina. Inoltre aiuta a garantire che ricevano feedback dai loro clienti e forniscano loro supporto quando necessario. Gli utenti hanno la possibilit\u00e0 di utilizzare <strong>Scrum, Kanban<\/strong> o un approccio completamente personalizzato per visualizzare l&#8217;intero progetto.<\/p>\n<h2>AXSOFT &#8211; TUTORIAL<\/h2>\n<p>Scopri le informazioni essenziali sui grafici di burndown, sul tachimetro e altro ancora sfruttando le funzioni di questo <strong>software gestionale per progetti Agile:<\/strong><\/p>\n<div id=\"fluid-wrapper-counter-1\" class=\"g1-fluid-wrapper \" style=\"width:686px;\">\n<div style=\"padding-bottom:56.268221574344%;\"><iframe loading=\"lazy\" title=\"Axosoft Dashboards Webinar\" width=\"515\" height=\"386\" src=\"https:\/\/www.youtube.com\/embed\/xMJJZ5Hiepc?feature=oembed&amp;wmode=transparent&amp;autohide=1&amp;autoplay=0&amp;disablekb=0&amp;fs=1&amp;loop=0&amp;enablejsapi=1&amp;rel=0&amp;controls=2&amp;showinfo=0&amp;wmode=transparent&amp;autohide=2&amp;autoplay=0&amp;disablekb=0&amp;fs=1&amp;loop=0&amp;enablejsapi=1&amp;rel=0&amp;controls=2&amp;showinfo=1\" frameborder=\"0\" allow=\"accelerometer; autoplay; clipboard-write; encrypted-media; gyroscope; picture-in-picture; web-share\" referrerpolicy=\"strict-origin-when-cross-origin\" allowfullscreen><\/iframe><\/div>\n<\/div>\n<h3>AXSOFT &#8211; CARATTERISTICHE<\/h3>\n<ul>\n<li>Visualizza le capacit\u00e0 dei membri dello sprint, del team e assegna il lavoro di conseguenza<\/li>\n<li>Scheda Kanban completamente interattiva consente di personalizzare e modificare schede oggetto, aggiungere registri di lavoro e visualizzare i limiti dei lavori in corso<\/li>\n<li>Dashboard personalizzati che offrono una panoramica concisa della velocit\u00e0, della data di spedizione prevista e altro ancora<\/li>\n<li>Trasforma le email in ticket di supporto, rispondi dall&#8217;interno della soluzione e monitora le conversazioni dei clienti dall&#8217;inizio alla fine<\/li>\n<li>Costruisci pagine Wiki illimitate per casi di test e documentazione e collegali a loro dagli articoli del software per una rapida consultazione<\/li>\n<li>Crea un portale personalizzato per i tuoi clienti per creare e modificare i tickets<\/li>\n<\/ul>\n<h4>LE RECENSIONI DEGLI UTENTI<\/h4>\n<h4 class=\"font-weight-bold my-1 d-flex align-items-center\">Ali H.&#8221;PRODOTTI MULTI-STRATO&#8221;<\/h4>\n<p><strong>Vantaggi: <\/strong>La migliore caratteristica del software \u00e8 la sua elasticit\u00e0 e semplicit\u00e0. Questo strumento fa un lavoro eccellente per me nel lavoro collaborativo.<\/p>\n<p><strong>Inconvenienti: <\/strong>Il server non risponde frequentemente e presenta molti problemi di bug.<\/p>\n<h5 class=\"font-weight-bold my-1 d-flex align-items-center\">David Y.&#8221;Axosoft&#8221;<\/h5>\n<p><strong>Commenti: <\/strong>Abbiamo iniziato con Axosoft quando si chiamava OnTime. Ha funzionato alla grande per noi come organizzazione pi\u00f9 piccola per la pianificazione, il monitoraggio e il rilascio di software. Funzionalit\u00e0 e prezzi sono molto competitivi. L&#8217;interfaccia utente \u00e8 intuitiva e offre molte informazioni glaceable e riferibili.<\/p>\n<p><strong>Vantaggi: <\/strong>Ottimo per SCRUM e rilevamento dei difetti.<br \/>\nIterazione facile da pianificare.<br \/>\nUI intuitiva.<\/p>\n<p><strong>Inconvenienti: <\/strong>Mentre la documentazione era abbastanza buona, non c&#8217;\u00e8 tanta comunit\u00e0 di utenti rispetto ad altre soluzioni.<\/p>\n<h4 class=\"font-weight-bold my-1 d-flex align-items-center\">Justin K.&#8221;Questo software ha molti pro e pochi contro. La curva di apprendimento \u00e8 un po &#8216;alta ma eccezionale una volta appresa&#8221;<\/h4>\n<p><strong>Commenti: <\/strong>La capacit\u00e0 di tenere traccia dei progetti e tenere traccia dei progressi di altri utenti sui loro progetti \u00e8 molto vantaggiosa. Tracciare le diverse carte e riuscire a classificarle e prepararle per le uscite fa risparmiare molto tempo ai gestori del progetto. Comprendere dove si trovano gli altri utenti nella loro sezione di un progetto consente agli altri utenti di sapere dove si trovano e se devono raccogliere pi\u00f9 risorse da parte loro.<\/p>\n<p><strong>Vantaggi: <\/strong>Ci sono molte funzionalit\u00e0 incluse in Axosoft. La capacit\u00e0 di tracciare progetti e sprint \u00e8 eccezionale. La capacit\u00e0 di trovare la carta \u00e8 anche molto facile e semplice. La categorizzazione \u00e8 molto semplificata dopo che \u00e8 stata appresa dal team.<\/p>\n<p><strong>Inconvenienti: <\/strong>La pagina si aggiorna automaticamente dopo aver inserito le informazioni in determinati campi e reimposta il cursore sul campo precedente, il che pu\u00f2 causare alcuni problemi. C&#8217;\u00e8 una curva di apprendimento ripida per imparare tutto su questo software.<\/p>\n","protected":false},"excerpt":{"rendered":"<p>Axosoft \u00e8 una soluzione di gestione dei progetti agile e di tracciamento dei bug che pu\u00f2 essere implementata come software ospitato o locale.\u00a0La soluzione viene fornita con un ricco set di strumenti di cui gli sviluppatori hanno bisogno per assicurarsi di creare e distribuire nei tempi previsti software completamente funzionale e privo di bug.<\/p>\n","protected":false},"author":19,"featured_media":27213,"parent":27022,"menu_order":0,"comment_status":"open","ping_status":"closed","template":"g1_template_page_review_new.php","meta":{"_acf_changed":false,"cwp_meta_box_check":"Yes","cwp_rev_product_name":"","cwp_rev_product_image":"","wppr_links":[],"cwp_rev_price":"","wppr_options":[{"name":"Usability","value":"0"},{"name":"Speed","value":"0"},{"name":"Features","value":"0"},{"name":"Support","value":"0"},{"name":"Pricing","value":"0"}],"wppr_pros":["","","","",""],"wppr_cons":["","","","",""],"_monsterinsights_skip_tracking":false,"_monsterinsights_sitenote_active":false,"_monsterinsights_sitenote_note":"","_monsterinsights_sitenote_category":0,"footnotes":""},"categories":[2892],"tags":[2894,2981,2916,2900,2896,2893,2983],"features":[],"class_list":{"0":"post-27207","1":"page","2":"type-page","3":"status-publish","4":"has-post-thumbnail","6":"category-gestionale-per-progetti-agile","7":"tag-agile","8":"tag-axosoft","9":"tag-gestionale-agile","10":"tag-kanban-it","11":"tag-scrum","12":"tag-software-gestionale-per-progetti-agile","13":"tag-soluzione-gestionale-per-progetti-agili"},"wppr_data":{"cwp_meta_box_check":"Yes","cwp_rev_product_name":"","_wppr_review_template":"default","cwp_rev_product_image":"","cwp_image_link":"image","wppr_links":[],"cwp_rev_price":"","wppr_pros":["","","","",""],"wppr_cons":["","","","",""],"wppr_rating":"0.00","wppr_options":{"1":{"name":"Usability","value":"0"},"2":{"name":"Speed","value":"0"},"3":{"name":"Features","value":"0"},"4":{"name":"Support","value":"0"},"5":{"name":"Pricing","value":"0"}},"wppr_review_type":"Product","wppr_review_custom_fields":{"additionalProperty":"","additionalType":"","aggregateRating":"","alternateName":"","audience":"","award":"","awards":"","brand":"","color":"","depth":"","description":"","disambiguatingDescription":"","gtin12":"","gtin13":"","gtin14":"","gtin8":"","height":"","identifier":"","image":"","isAccessoryOrSparePartFor":"","isConsumableFor":"","isRelatedTo":"","isSimilarTo":"","itemCondition":"","logo":"","mainEntityOfPage":"","manufacturer":"","material":"","model":"","mpn":"","name":"","offers":"","potentialAction":"","productID":"","productionDate":"","purchaseDate":"","releaseDate":"","review":"","reviews":"","sameAs":"","sku":"","slogan":"","subjectOf":"","url":"","weight":"","width":""}},"acf":[],"yoast_head":"<!-- This site is optimized with the Yoast SEO plugin v27.4 - https:\/\/yoast.com\/product\/yoast-seo-wordpress\/ -->\n<title>Axosoft: recensione software gestionale progetti agile - Accurate Reviews<\/title>\n<meta name=\"description\" content=\"Axosoft: recensione soluzione di gestione dei progetti agile e di tracciamento dei bug che pu\u00f2 essere implementata come software ospitato o locale.\u00a0\" \/>\n<meta name=\"robots\" content=\"index, follow, max-snippet:-1, max-image-preview:large, max-video-preview:-1\" \/>\n<link rel=\"canonical\" href=\"https:\/\/www.accuratereviews.com\/it\/gestionale-per-progetti-agile\/axosoft-recensione\/\" \/>\n<meta property=\"og:locale\" content=\"it_IT\" \/>\n<meta property=\"og:type\" content=\"article\" \/>\n<meta property=\"og:title\" content=\"Axosoft: recensione software gestionale progetti agile - Accurate Reviews\" \/>\n<meta property=\"og:description\" content=\"Axosoft: recensione soluzione di gestione dei progetti agile e di tracciamento dei bug che pu\u00f2 essere implementata come software ospitato o locale.\u00a0\" \/>\n<meta property=\"og:url\" content=\"https:\/\/www.accuratereviews.com\/it\/gestionale-per-progetti-agile\/axosoft-recensione\/\" \/>\n<meta property=\"og:site_name\" content=\"Accurate Reviews\" \/>\n<meta property=\"article:modified_time\" content=\"2026-04-03T10:28:48+00:00\" \/>\n<meta property=\"og:image\" content=\"https:\/\/www.accuratereviews.com\/wp-content\/uploads\/2020\/06\/axosoft.png\" \/>\n\t<meta property=\"og:image:width\" content=\"600\" \/>\n\t<meta property=\"og:image:height\" content=\"315\" \/>\n\t<meta property=\"og:image:type\" content=\"image\/png\" \/>\n<meta name=\"twitter:card\" content=\"summary_large_image\" \/>\n<meta name=\"twitter:label1\" content=\"Tempo di lettura stimato\" \/>\n\t<meta name=\"twitter:data1\" content=\"4 minuti\" \/>\n<script type=\"application\/ld+json\" class=\"yoast-schema-graph\">{\"@context\":\"https:\\\/\\\/schema.org\",\"@graph\":[{\"@type\":\"WebPage\",\"@id\":\"https:\\\/\\\/www.accuratereviews.com\\\/it\\\/gestionale-per-progetti-agile\\\/axosoft-recensione\\\/\",\"url\":\"https:\\\/\\\/www.accuratereviews.com\\\/it\\\/gestionale-per-progetti-agile\\\/axosoft-recensione\\\/\",\"name\":\"Axosoft: recensione software gestionale progetti agile - Accurate Reviews\",\"isPartOf\":{\"@id\":\"https:\\\/\\\/www.accuratereviews.com\\\/it\\\/#website\"},\"primaryImageOfPage\":{\"@id\":\"https:\\\/\\\/www.accuratereviews.com\\\/it\\\/gestionale-per-progetti-agile\\\/axosoft-recensione\\\/#primaryimage\"},\"image\":{\"@id\":\"https:\\\/\\\/www.accuratereviews.com\\\/it\\\/gestionale-per-progetti-agile\\\/axosoft-recensione\\\/#primaryimage\"},\"thumbnailUrl\":\"https:\\\/\\\/www.accuratereviews.com\\\/wp-content\\\/uploads\\\/2020\\\/06\\\/axosoft.png\",\"datePublished\":\"2020-06-05T13:15:38+00:00\",\"dateModified\":\"2026-04-03T10:28:48+00:00\",\"description\":\"Axosoft: recensione soluzione di gestione dei progetti agile e di tracciamento dei bug che pu\u00f2 essere implementata come software ospitato o locale.\u00a0\",\"breadcrumb\":{\"@id\":\"https:\\\/\\\/www.accuratereviews.com\\\/it\\\/gestionale-per-progetti-agile\\\/axosoft-recensione\\\/#breadcrumb\"},\"inLanguage\":\"it-IT\",\"potentialAction\":[{\"@type\":\"ReadAction\",\"target\":[\"https:\\\/\\\/www.accuratereviews.com\\\/it\\\/gestionale-per-progetti-agile\\\/axosoft-recensione\\\/\"]}]},{\"@type\":\"ImageObject\",\"inLanguage\":\"it-IT\",\"@id\":\"https:\\\/\\\/www.accuratereviews.com\\\/it\\\/gestionale-per-progetti-agile\\\/axosoft-recensione\\\/#primaryimage\",\"url\":\"https:\\\/\\\/www.accuratereviews.com\\\/wp-content\\\/uploads\\\/2020\\\/06\\\/axosoft.png\",\"contentUrl\":\"https:\\\/\\\/www.accuratereviews.com\\\/wp-content\\\/uploads\\\/2020\\\/06\\\/axosoft.png\",\"width\":600,\"height\":315},{\"@type\":\"BreadcrumbList\",\"@id\":\"https:\\\/\\\/www.accuratereviews.com\\\/it\\\/gestionale-per-progetti-agile\\\/axosoft-recensione\\\/#breadcrumb\",\"itemListElement\":[{\"@type\":\"ListItem\",\"position\":1,\"name\":\"Home\",\"item\":\"https:\\\/\\\/www.accuratereviews.com\\\/it\\\/\"},{\"@type\":\"ListItem\",\"position\":2,\"name\":\"Gestionale per progetti Agile\",\"item\":\"https:\\\/\\\/www.accuratereviews.com\\\/it\\\/gestionale-per-progetti-agile\\\/\"},{\"@type\":\"ListItem\",\"position\":3,\"name\":\"Axosoft\"}]},{\"@type\":\"WebSite\",\"@id\":\"https:\\\/\\\/www.accuratereviews.com\\\/it\\\/#website\",\"url\":\"https:\\\/\\\/www.accuratereviews.com\\\/it\\\/\",\"name\":\"Accurate Reviews\",\"description\":\"\",\"potentialAction\":[{\"@type\":\"SearchAction\",\"target\":{\"@type\":\"EntryPoint\",\"urlTemplate\":\"https:\\\/\\\/www.accuratereviews.com\\\/it\\\/?s={search_term_string}\"},\"query-input\":{\"@type\":\"PropertyValueSpecification\",\"valueRequired\":true,\"valueName\":\"search_term_string\"}}],\"inLanguage\":\"it-IT\"}]}<\/script>\n<!-- \/ Yoast SEO plugin. -->","yoast_head_json":{"title":"Axosoft: recensione software gestionale progetti agile - Accurate Reviews","description":"Axosoft: recensione soluzione di gestione dei progetti agile e di tracciamento dei bug che pu\u00f2 essere implementata come software ospitato o locale.\u00a0","robots":{"index":"index","follow":"follow","max-snippet":"max-snippet:-1","max-image-preview":"max-image-preview:large","max-video-preview":"max-video-preview:-1"},"canonical":"https:\/\/www.accuratereviews.com\/it\/gestionale-per-progetti-agile\/axosoft-recensione\/","og_locale":"it_IT","og_type":"article","og_title":"Axosoft: recensione software gestionale progetti agile - Accurate Reviews","og_description":"Axosoft: recensione soluzione di gestione dei progetti agile e di tracciamento dei bug che pu\u00f2 essere implementata come software ospitato o locale.\u00a0","og_url":"https:\/\/www.accuratereviews.com\/it\/gestionale-per-progetti-agile\/axosoft-recensione\/","og_site_name":"Accurate Reviews","article_modified_time":"2026-04-03T10:28:48+00:00","og_image":[{"width":600,"height":315,"url":"https:\/\/www.accuratereviews.com\/wp-content\/uploads\/2020\/06\/axosoft.png","type":"image\/png"}],"twitter_card":"summary_large_image","twitter_misc":{"Tempo di lettura stimato":"4 minuti"},"schema":{"@context":"https:\/\/schema.org","@graph":[{"@type":"WebPage","@id":"https:\/\/www.accuratereviews.com\/it\/gestionale-per-progetti-agile\/axosoft-recensione\/","url":"https:\/\/www.accuratereviews.com\/it\/gestionale-per-progetti-agile\/axosoft-recensione\/","name":"Axosoft: recensione software gestionale progetti agile - Accurate Reviews","isPartOf":{"@id":"https:\/\/www.accuratereviews.com\/it\/#website"},"primaryImageOfPage":{"@id":"https:\/\/www.accuratereviews.com\/it\/gestionale-per-progetti-agile\/axosoft-recensione\/#primaryimage"},"image":{"@id":"https:\/\/www.accuratereviews.com\/it\/gestionale-per-progetti-agile\/axosoft-recensione\/#primaryimage"},"thumbnailUrl":"https:\/\/www.accuratereviews.com\/wp-content\/uploads\/2020\/06\/axosoft.png","datePublished":"2020-06-05T13:15:38+00:00","dateModified":"2026-04-03T10:28:48+00:00","description":"Axosoft: recensione soluzione di gestione dei progetti agile e di tracciamento dei bug che pu\u00f2 essere implementata come software ospitato o locale.\u00a0","breadcrumb":{"@id":"https:\/\/www.accuratereviews.com\/it\/gestionale-per-progetti-agile\/axosoft-recensione\/#breadcrumb"},"inLanguage":"it-IT","potentialAction":[{"@type":"ReadAction","target":["https:\/\/www.accuratereviews.com\/it\/gestionale-per-progetti-agile\/axosoft-recensione\/"]}]},{"@type":"ImageObject","inLanguage":"it-IT","@id":"https:\/\/www.accuratereviews.com\/it\/gestionale-per-progetti-agile\/axosoft-recensione\/#primaryimage","url":"https:\/\/www.accuratereviews.com\/wp-content\/uploads\/2020\/06\/axosoft.png","contentUrl":"https:\/\/www.accuratereviews.com\/wp-content\/uploads\/2020\/06\/axosoft.png","width":600,"height":315},{"@type":"BreadcrumbList","@id":"https:\/\/www.accuratereviews.com\/it\/gestionale-per-progetti-agile\/axosoft-recensione\/#breadcrumb","itemListElement":[{"@type":"ListItem","position":1,"name":"Home","item":"https:\/\/www.accuratereviews.com\/it\/"},{"@type":"ListItem","position":2,"name":"Gestionale per progetti Agile","item":"https:\/\/www.accuratereviews.com\/it\/gestionale-per-progetti-agile\/"},{"@type":"ListItem","position":3,"name":"Axosoft"}]},{"@type":"WebSite","@id":"https:\/\/www.accuratereviews.com\/it\/#website","url":"https:\/\/www.accuratereviews.com\/it\/","name":"Accurate Reviews","description":"","potentialAction":[{"@type":"SearchAction","target":{"@type":"EntryPoint","urlTemplate":"https:\/\/www.accuratereviews.com\/it\/?s={search_term_string}"},"query-input":{"@type":"PropertyValueSpecification","valueRequired":true,"valueName":"search_term_string"}}],"inLanguage":"it-IT"}]}},"_links":{"self":[{"href":"https:\/\/www.accuratereviews.com\/it\/wp-json\/wp\/v2\/pages\/27207","targetHints":{"allow":["GET"]}}],"collection":[{"href":"https:\/\/www.accuratereviews.com\/it\/wp-json\/wp\/v2\/pages"}],"about":[{"href":"https:\/\/www.accuratereviews.com\/it\/wp-json\/wp\/v2\/types\/page"}],"author":[{"embeddable":true,"href":"https:\/\/www.accuratereviews.com\/it\/wp-json\/wp\/v2\/users\/19"}],"replies":[{"embeddable":true,"href":"https:\/\/www.accuratereviews.com\/it\/wp-json\/wp\/v2\/comments?post=27207"}],"version-history":[{"count":9,"href":"https:\/\/www.accuratereviews.com\/it\/wp-json\/wp\/v2\/pages\/27207\/revisions"}],"predecessor-version":[{"id":108057,"href":"https:\/\/www.accuratereviews.com\/it\/wp-json\/wp\/v2\/pages\/27207\/revisions\/108057"}],"up":[{"embeddable":true,"href":"https:\/\/www.accuratereviews.com\/it\/wp-json\/wp\/v2\/pages\/27022"}],"wp:featuredmedia":[{"embeddable":true,"href":"https:\/\/www.accuratereviews.com\/it\/wp-json\/wp\/v2\/media\/27213"}],"wp:attachment":[{"href":"https:\/\/www.accuratereviews.com\/it\/wp-json\/wp\/v2\/media?parent=27207"}],"wp:term":[{"taxonomy":"category","embeddable":true,"href":"https:\/\/www.accuratereviews.com\/it\/wp-json\/wp\/v2\/categories?post=27207"},{"taxonomy":"post_tag","embeddable":true,"href":"https:\/\/www.accuratereviews.com\/it\/wp-json\/wp\/v2\/tags?post=27207"},{"taxonomy":"features","embeddable":true,"href":"https:\/\/www.accuratereviews.com\/it\/wp-json\/wp\/v2\/features?post=27207"}],"curies":[{"name":"wp","href":"https:\/\/api.w.org\/{rel}","templated":true}]}}