{"id":27247,"date":"2020-06-09T07:00:11","date_gmt":"2020-06-09T07:00:11","guid":{"rendered":"https:\/\/www.accuratereviews.com\/?page_id=27247"},"modified":"2023-10-28T09:08:02","modified_gmt":"2023-10-28T09:08:02","slug":"reqtest-recensione","status":"publish","type":"page","link":"https:\/\/www.accuratereviews.com\/it\/gestionale-per-progetti-agile\/reqtest-recensione\/","title":{"rendered":"ReQtest"},"content":{"rendered":"<p><strong>ReQtest<\/strong> \u00e8 un software <strong>basato su cloud<\/strong>\u00a0per la\u00a0<strong>gestione di progettati agile<\/strong> per supportare i processi di sviluppo e implementazione dei software. Queste funzionalit\u00e0 lo rendono una soluzione unica per la gestione del ciclo di vita delle applicazioni, riunendo varie attivit\u00e0 da parte del team di supporto IT, tester, sviluppatori e analisti aziendali per la consegna del software.\u00a0Il modulo requisiti altamente personalizzabile semplifica l&#8217;organizzazione, la revisione e la definizione delle priorit\u00e0 dei requisiti. Inoltre, fornisce la visualizzazione dei dati per tenere traccia dei bug e fornisce informazioni utili per aumentare la produttivit\u00e0 dei tester di accettazione. Con la tecnologia cloud, lo strumento \u00e8 accessibile ovunque e in qualsiasi momento facilmente tramite il browser web.<\/p>\n<h2>REQTEST &#8211; TUTORIAL<\/h2>\n<p>Con questo tutorial vediamo come \u00e8 semplice creare rapporti con questo <strong>software gestionale di progetti agile<\/strong>:<\/p>\n<div id=\"fluid-wrapper-counter-1\" class=\"g1-fluid-wrapper \" style=\"width:686px;\">\n<div style=\"padding-bottom:56.268221574344%;\"><iframe loading=\"lazy\" title=\"ReQtest Reports tutorial\" width=\"515\" height=\"386\" src=\"https:\/\/www.youtube.com\/embed\/wx4py5lMttY?feature=oembed&amp;wmode=transparent&amp;autohide=1&amp;autoplay=0&amp;disablekb=0&amp;fs=1&amp;loop=0&amp;enablejsapi=1&amp;rel=0&amp;controls=2&amp;showinfo=0&amp;wmode=transparent&amp;autohide=2&amp;autoplay=0&amp;disablekb=0&amp;fs=1&amp;loop=0&amp;enablejsapi=1&amp;rel=0&amp;controls=2&amp;showinfo=1\" frameborder=\"0\" allow=\"accelerometer; autoplay; clipboard-write; encrypted-media; gyroscope; picture-in-picture; web-share\" allowfullscreen><\/iframe><\/div>\n<\/div>\n<h3>REQTEST &#8211; CARATTERISTICHE<\/h3>\n<ul>\n<li>Organizza, rivedi e assegna le priorit\u00e0 in modo intuitivo<\/li>\n<li>Adatto per la gestione dei requisiti Agile<\/li>\n<li>Controlla e monitora tutte le modifiche all&#8217;istante<\/li>\n<li>Modulo requisiti altamente personalizzabile<\/li>\n<li>Suite di test integrata per pianificare, eseguire e seguire i test<\/li>\n<li>Su misura per supportare la gestione agile dei casi di test<\/li>\n<li>Processo di gestione dei test intuitivo<\/li>\n<li>Rapporti aggregati per ottenere informazioni utili<\/li>\n<li>Cattura, monitora e gestisci facilmente bug e problemi<\/li>\n<li>Visualizza l&#8217;anteprima dei bug report senza alcun clic<\/li>\n<li>Grafici per la presentazione visiva di segnalazioni di bug<\/li>\n<li>Filtri integrati per trovare rapidamente segnalazioni di errori specifici<\/li>\n<li>Aggiungi immagini o video con voice over alle segnalazioni di bug. Ottieni una visione olistica dei progressi del tuo progetto<\/li>\n<li>Collegamento a requisiti, segnalazioni di bug e attivit\u00e0 di test<\/li>\n<li>Collabora, comunica e coordina con una scheda agile<\/li>\n<li>Aggiungi commenti direttamente all&#8217;istantanea per il feedback<\/li>\n<li>Crea una segnalazione istantanea dei bug e trasferiscila su ReQtest<\/li>\n<li>Porta subito la segnalazione di bug alla persona giusta<\/li>\n<li>Ottieni una visione olistica dei progressi del tuo progetto<\/li>\n<li>Collabora, comunica e coordina con una scheda agile<\/li>\n<\/ul>\n<h4>LE RECENSIONI DEGLI UTENTI<\/h4>\n<h4 class=\"font-weight-bold my-1 d-flex align-items-center\">Sakunder K.&#8221;Strumento ReQtest implementato per un progetto ERP Hana SAP S \/ 4 globale&#8221;<\/h4>\n<p><strong>Commenti: <\/strong>Un fantastico SaaS basato su requisiti e strumento di test che ha supportato la consegna di un progetto ERP globale.<\/p>\n<p><strong>Vantaggi: <\/strong>L&#8217;interfaccia utente \u00e8 molto fresca e aveva un bell&#8217;aspetto.\u00a0La possibilit\u00e0 di personalizzare il prodotto per adattarlo alle esigenze del progetto.\u00a0La tracciabilit\u00e0 dei requisiti e il reporting dei test sono stati facilitati quando si opera in un business globale.\u00a0Gestione dei test case Lo strumento Easy Test lo ha reso un&#8217;ottima esperienza per i nostri tester UAT.\u00a0Il rilevamento dei bug \u00e8 stato semplificato, soprattutto durante l&#8217;integrazione con fornitori di terze parti<\/p>\n<p><strong>Inconvenienti: <\/strong>L&#8217;Agile Board potrebbe avere migliori capacit\u00e0 di rendicontazione<\/p>\n<h4 class=\"font-weight-bold my-1 d-flex align-items-center\">Ann V.&#8221;Ottimo strumento per acquisire requisiti, bug e casi di test&#8221;<\/h4>\n<p><strong>Commenti: <\/strong>Abbiamo appena iniziato a inserire i nostri requisiti in ReQtest. Ci auguriamo di poter utilizzare questo strumento per mantenere facilmente i nostri requisiti, ma anche di utilizzare il modulo Test per documentare i test che facciamo e per fornire semplici linee guida per i test ai nostri utenti.<\/p>\n<p><strong>Vantaggi: <\/strong>* Facile da usare e facilmente configurato per le tue esigenze.\u00a0\u00c8 facile attivare e disattivare gli utenti su base mensile.\u00a0Viene mantenuta la cronologia delle versioni dei requisiti<\/p>\n<p><strong>Inconvenienti: <\/strong>Sto ancora esplorando le possibilit\u00e0. L&#8217;esportazione dei requisiti dalla vista del documento in un documento di Word sarebbe ottima.<\/p>\n<h4 class=\"font-weight-bold my-1 d-flex align-items-center\">Tricia M.&#8221;ReQtest &#8211; Ottimo rapporto qualit\u00e0 prezzo&#8221;<\/h4>\n<p><strong>Commenti: <\/strong>Nel complesso, ReQtest ha un ottimo rapporto qualit\u00e0-prezzo. Siamo in grado di gestire i test per i nostri progetti con una solida pista di controllo. \u00c8 facile da usare ed \u00e8 stato un prodotto facile da adottare in tutti i team a cui abbiamo chiesto di utilizzarlo.<br \/>\nSi noti che lo utilizziamo solo in una regione di una divisione aziendale. Pertanto, la dimensione dell&#8217;azienda indicata nel riepilogo \u00e8 per la divisione che utilizza il prodotto.<\/p>\n<p><strong>Vantaggi: <\/strong>L&#8217;applicazione ReQtest \u00e8 molto intuitiva. Segue gli standard di settore per i test di qualit\u00e0 ed ha un prezzo ragionevole. La cosa migliore \u00e8 che l&#8217;audit trail \u00e8 fantastico.<\/p>\n<p><strong>Inconvenienti: <\/strong>L&#8217;applicazione non \u00e8 molto personalizzabile, il che va bene per le nostre esigenze, ma posso vedere dove alcune aziende potrebbero desiderare un&#8217;applicazione di test pi\u00f9 robusta quando si tratta di personalizzare o avere pi\u00f9 livelli di utenti e autorizzazioni tra questi tipi di utenti.<\/p>\n","protected":false},"excerpt":{"rendered":"<p>ReQtest \u00e8 un software basato su cloud\u00a0per la\u00a0gestione di progettati agile per supportare i processi di sviluppo e implementazione dei software. Queste funzionalit\u00e0 lo rendono una soluzione unica per la gestione del ciclo di vita delle applicazioni, riunendo varie attivit\u00e0 da parte del team di supporto IT, tester, sviluppatori e analisti aziendali per la consegna del software.\u00a0<\/p>\n","protected":false},"author":19,"featured_media":27248,"parent":27022,"menu_order":0,"comment_status":"open","ping_status":"closed","template":"g1_template_page_review_new.php","meta":{"_acf_changed":false,"cwp_meta_box_check":"Yes","cwp_rev_product_name":"","cwp_rev_product_image":"","wppr_links":[],"cwp_rev_price":"","wppr_options":[{"name":"Usability","value":"0"},{"name":"Speed","value":"0"},{"name":"Features","value":"0"},{"name":"Support","value":"0"},{"name":"Pricing","value":"0"}],"wppr_pros":["","","","",""],"wppr_cons":["","","","",""],"_monsterinsights_skip_tracking":false,"_monsterinsights_sitenote_active":false,"_monsterinsights_sitenote_note":"","_monsterinsights_sitenote_category":0,"footnotes":""},"categories":[2892],"tags":[2894,396,2916,494,2986,2985,2984],"features":[],"class_list":{"0":"post-27247","1":"page","2":"type-page","3":"status-publish","4":"has-post-thumbnail","6":"category-gestionale-per-progetti-agile","7":"tag-agile","8":"tag-cloud","9":"tag-gestionale-agile","10":"tag-jira","11":"tag-reqtest","12":"tag-software-gestionale-progetti-agile","13":"tag-soluzione-gestionale-progetti-agile"},"wppr_data":{"cwp_meta_box_check":"Yes","cwp_rev_product_name":"","_wppr_review_template":"default","cwp_rev_product_image":"","cwp_image_link":"image","wppr_links":[],"cwp_rev_price":"","wppr_pros":["","","","",""],"wppr_cons":["","","","",""],"wppr_rating":"0.00","wppr_options":{"1":{"name":"Usability","value":"0"},"2":{"name":"Speed","value":"0"},"3":{"name":"Features","value":"0"},"4":{"name":"Support","value":"0"},"5":{"name":"Pricing","value":"0"}},"wppr_review_type":"Product","wppr_review_custom_fields":{"additionalProperty":"","additionalType":"","aggregateRating":"","alternateName":"","audience":"","award":"","awards":"","brand":"","color":"","depth":"","description":"","disambiguatingDescription":"","gtin12":"","gtin13":"","gtin14":"","gtin8":"","height":"","identifier":"","image":"","isAccessoryOrSparePartFor":"","isConsumableFor":"","isRelatedTo":"","isSimilarTo":"","itemCondition":"","logo":"","mainEntityOfPage":"","manufacturer":"","material":"","model":"","mpn":"","name":"","offers":"","potentialAction":"","productID":"","productionDate":"","purchaseDate":"","releaseDate":"","review":"","reviews":"","sameAs":"","sku":"","slogan":"","subjectOf":"","url":"","weight":"","width":""}},"acf":[],"yoast_head":"<!-- This site is optimized with the Yoast SEO plugin v27.4 - https:\/\/yoast.com\/product\/yoast-seo-wordpress\/ -->\n<title>ReQtest: recensione software gestionale progetti agile - Accurate Reviews<\/title>\n<meta name=\"description\" content=\"ReQtest: recensione soluzione basato su cloud\u00a0per la\u00a0gestione di progettati agile per supportare i processi di sviluppo e implementazione dei software.\" \/>\n<meta name=\"robots\" content=\"index, follow, max-snippet:-1, max-image-preview:large, max-video-preview:-1\" \/>\n<link rel=\"canonical\" href=\"https:\/\/www.accuratereviews.com\/it\/gestionale-per-progetti-agile\/reqtest-recensione\/\" \/>\n<meta property=\"og:locale\" content=\"it_IT\" \/>\n<meta property=\"og:type\" content=\"article\" \/>\n<meta property=\"og:title\" content=\"ReQtest: recensione software gestionale progetti agile - Accurate Reviews\" \/>\n<meta property=\"og:description\" content=\"ReQtest: recensione soluzione basato su cloud\u00a0per la\u00a0gestione di progettati agile per supportare i processi di sviluppo e implementazione dei software.\" \/>\n<meta property=\"og:url\" content=\"https:\/\/www.accuratereviews.com\/it\/gestionale-per-progetti-agile\/reqtest-recensione\/\" \/>\n<meta property=\"og:site_name\" content=\"Accurate Reviews\" \/>\n<meta property=\"article:modified_time\" content=\"2023-10-28T09:08:02+00:00\" \/>\n<meta property=\"og:image\" content=\"https:\/\/www.accuratereviews.com\/wp-content\/uploads\/2020\/06\/reqtest.jpg\" \/>\n\t<meta property=\"og:image:width\" content=\"250\" \/>\n\t<meta property=\"og:image:height\" content=\"250\" \/>\n\t<meta property=\"og:image:type\" content=\"image\/jpeg\" \/>\n<meta name=\"twitter:card\" content=\"summary_large_image\" \/>\n<meta name=\"twitter:label1\" content=\"Tempo di lettura stimato\" \/>\n\t<meta name=\"twitter:data1\" content=\"4 minuti\" \/>\n<script type=\"application\/ld+json\" class=\"yoast-schema-graph\">{\"@context\":\"https:\\\/\\\/schema.org\",\"@graph\":[{\"@type\":\"WebPage\",\"@id\":\"https:\\\/\\\/www.accuratereviews.com\\\/it\\\/gestionale-per-progetti-agile\\\/reqtest-recensione\\\/\",\"url\":\"https:\\\/\\\/www.accuratereviews.com\\\/it\\\/gestionale-per-progetti-agile\\\/reqtest-recensione\\\/\",\"name\":\"ReQtest: recensione software gestionale progetti agile - Accurate Reviews\",\"isPartOf\":{\"@id\":\"https:\\\/\\\/www.accuratereviews.com\\\/it\\\/#website\"},\"primaryImageOfPage\":{\"@id\":\"https:\\\/\\\/www.accuratereviews.com\\\/it\\\/gestionale-per-progetti-agile\\\/reqtest-recensione\\\/#primaryimage\"},\"image\":{\"@id\":\"https:\\\/\\\/www.accuratereviews.com\\\/it\\\/gestionale-per-progetti-agile\\\/reqtest-recensione\\\/#primaryimage\"},\"thumbnailUrl\":\"https:\\\/\\\/www.accuratereviews.com\\\/wp-content\\\/uploads\\\/2020\\\/06\\\/reqtest.jpg\",\"datePublished\":\"2020-06-09T07:00:11+00:00\",\"dateModified\":\"2023-10-28T09:08:02+00:00\",\"description\":\"ReQtest: recensione soluzione basato su cloud\u00a0per la\u00a0gestione di progettati agile per supportare i processi di sviluppo e implementazione dei software.\",\"breadcrumb\":{\"@id\":\"https:\\\/\\\/www.accuratereviews.com\\\/it\\\/gestionale-per-progetti-agile\\\/reqtest-recensione\\\/#breadcrumb\"},\"inLanguage\":\"it-IT\",\"potentialAction\":[{\"@type\":\"ReadAction\",\"target\":[\"https:\\\/\\\/www.accuratereviews.com\\\/it\\\/gestionale-per-progetti-agile\\\/reqtest-recensione\\\/\"]}]},{\"@type\":\"ImageObject\",\"inLanguage\":\"it-IT\",\"@id\":\"https:\\\/\\\/www.accuratereviews.com\\\/it\\\/gestionale-per-progetti-agile\\\/reqtest-recensione\\\/#primaryimage\",\"url\":\"https:\\\/\\\/www.accuratereviews.com\\\/wp-content\\\/uploads\\\/2020\\\/06\\\/reqtest.jpg\",\"contentUrl\":\"https:\\\/\\\/www.accuratereviews.com\\\/wp-content\\\/uploads\\\/2020\\\/06\\\/reqtest.jpg\",\"width\":250,\"height\":250},{\"@type\":\"BreadcrumbList\",\"@id\":\"https:\\\/\\\/www.accuratereviews.com\\\/it\\\/gestionale-per-progetti-agile\\\/reqtest-recensione\\\/#breadcrumb\",\"itemListElement\":[{\"@type\":\"ListItem\",\"position\":1,\"name\":\"Home\",\"item\":\"https:\\\/\\\/www.accuratereviews.com\\\/it\\\/\"},{\"@type\":\"ListItem\",\"position\":2,\"name\":\"Gestionale per progetti Agile\",\"item\":\"https:\\\/\\\/www.accuratereviews.com\\\/it\\\/gestionale-per-progetti-agile\\\/\"},{\"@type\":\"ListItem\",\"position\":3,\"name\":\"ReQtest\"}]},{\"@type\":\"WebSite\",\"@id\":\"https:\\\/\\\/www.accuratereviews.com\\\/it\\\/#website\",\"url\":\"https:\\\/\\\/www.accuratereviews.com\\\/it\\\/\",\"name\":\"Accurate Reviews\",\"description\":\"\",\"potentialAction\":[{\"@type\":\"SearchAction\",\"target\":{\"@type\":\"EntryPoint\",\"urlTemplate\":\"https:\\\/\\\/www.accuratereviews.com\\\/it\\\/?s={search_term_string}\"},\"query-input\":{\"@type\":\"PropertyValueSpecification\",\"valueRequired\":true,\"valueName\":\"search_term_string\"}}],\"inLanguage\":\"it-IT\"}]}<\/script>\n<!-- \/ Yoast SEO plugin. -->","yoast_head_json":{"title":"ReQtest: recensione software gestionale progetti agile - Accurate Reviews","description":"ReQtest: recensione soluzione basato su cloud\u00a0per la\u00a0gestione di progettati agile per supportare i processi di sviluppo e implementazione dei software.","robots":{"index":"index","follow":"follow","max-snippet":"max-snippet:-1","max-image-preview":"max-image-preview:large","max-video-preview":"max-video-preview:-1"},"canonical":"https:\/\/www.accuratereviews.com\/it\/gestionale-per-progetti-agile\/reqtest-recensione\/","og_locale":"it_IT","og_type":"article","og_title":"ReQtest: recensione software gestionale progetti agile - Accurate Reviews","og_description":"ReQtest: recensione soluzione basato su cloud\u00a0per la\u00a0gestione di progettati agile per supportare i processi di sviluppo e implementazione dei software.","og_url":"https:\/\/www.accuratereviews.com\/it\/gestionale-per-progetti-agile\/reqtest-recensione\/","og_site_name":"Accurate Reviews","article_modified_time":"2023-10-28T09:08:02+00:00","og_image":[{"width":250,"height":250,"url":"https:\/\/www.accuratereviews.com\/wp-content\/uploads\/2020\/06\/reqtest.jpg","type":"image\/jpeg"}],"twitter_card":"summary_large_image","twitter_misc":{"Tempo di lettura stimato":"4 minuti"},"schema":{"@context":"https:\/\/schema.org","@graph":[{"@type":"WebPage","@id":"https:\/\/www.accuratereviews.com\/it\/gestionale-per-progetti-agile\/reqtest-recensione\/","url":"https:\/\/www.accuratereviews.com\/it\/gestionale-per-progetti-agile\/reqtest-recensione\/","name":"ReQtest: recensione software gestionale progetti agile - Accurate Reviews","isPartOf":{"@id":"https:\/\/www.accuratereviews.com\/it\/#website"},"primaryImageOfPage":{"@id":"https:\/\/www.accuratereviews.com\/it\/gestionale-per-progetti-agile\/reqtest-recensione\/#primaryimage"},"image":{"@id":"https:\/\/www.accuratereviews.com\/it\/gestionale-per-progetti-agile\/reqtest-recensione\/#primaryimage"},"thumbnailUrl":"https:\/\/www.accuratereviews.com\/wp-content\/uploads\/2020\/06\/reqtest.jpg","datePublished":"2020-06-09T07:00:11+00:00","dateModified":"2023-10-28T09:08:02+00:00","description":"ReQtest: recensione soluzione basato su cloud\u00a0per la\u00a0gestione di progettati agile per supportare i processi di sviluppo e implementazione dei software.","breadcrumb":{"@id":"https:\/\/www.accuratereviews.com\/it\/gestionale-per-progetti-agile\/reqtest-recensione\/#breadcrumb"},"inLanguage":"it-IT","potentialAction":[{"@type":"ReadAction","target":["https:\/\/www.accuratereviews.com\/it\/gestionale-per-progetti-agile\/reqtest-recensione\/"]}]},{"@type":"ImageObject","inLanguage":"it-IT","@id":"https:\/\/www.accuratereviews.com\/it\/gestionale-per-progetti-agile\/reqtest-recensione\/#primaryimage","url":"https:\/\/www.accuratereviews.com\/wp-content\/uploads\/2020\/06\/reqtest.jpg","contentUrl":"https:\/\/www.accuratereviews.com\/wp-content\/uploads\/2020\/06\/reqtest.jpg","width":250,"height":250},{"@type":"BreadcrumbList","@id":"https:\/\/www.accuratereviews.com\/it\/gestionale-per-progetti-agile\/reqtest-recensione\/#breadcrumb","itemListElement":[{"@type":"ListItem","position":1,"name":"Home","item":"https:\/\/www.accuratereviews.com\/it\/"},{"@type":"ListItem","position":2,"name":"Gestionale per progetti Agile","item":"https:\/\/www.accuratereviews.com\/it\/gestionale-per-progetti-agile\/"},{"@type":"ListItem","position":3,"name":"ReQtest"}]},{"@type":"WebSite","@id":"https:\/\/www.accuratereviews.com\/it\/#website","url":"https:\/\/www.accuratereviews.com\/it\/","name":"Accurate Reviews","description":"","potentialAction":[{"@type":"SearchAction","target":{"@type":"EntryPoint","urlTemplate":"https:\/\/www.accuratereviews.com\/it\/?s={search_term_string}"},"query-input":{"@type":"PropertyValueSpecification","valueRequired":true,"valueName":"search_term_string"}}],"inLanguage":"it-IT"}]}},"_links":{"self":[{"href":"https:\/\/www.accuratereviews.com\/it\/wp-json\/wp\/v2\/pages\/27247","targetHints":{"allow":["GET"]}}],"collection":[{"href":"https:\/\/www.accuratereviews.com\/it\/wp-json\/wp\/v2\/pages"}],"about":[{"href":"https:\/\/www.accuratereviews.com\/it\/wp-json\/wp\/v2\/types\/page"}],"author":[{"embeddable":true,"href":"https:\/\/www.accuratereviews.com\/it\/wp-json\/wp\/v2\/users\/19"}],"replies":[{"embeddable":true,"href":"https:\/\/www.accuratereviews.com\/it\/wp-json\/wp\/v2\/comments?post=27247"}],"version-history":[{"count":6,"href":"https:\/\/www.accuratereviews.com\/it\/wp-json\/wp\/v2\/pages\/27247\/revisions"}],"predecessor-version":[{"id":72582,"href":"https:\/\/www.accuratereviews.com\/it\/wp-json\/wp\/v2\/pages\/27247\/revisions\/72582"}],"up":[{"embeddable":true,"href":"https:\/\/www.accuratereviews.com\/it\/wp-json\/wp\/v2\/pages\/27022"}],"wp:featuredmedia":[{"embeddable":true,"href":"https:\/\/www.accuratereviews.com\/it\/wp-json\/wp\/v2\/media\/27248"}],"wp:attachment":[{"href":"https:\/\/www.accuratereviews.com\/it\/wp-json\/wp\/v2\/media?parent=27247"}],"wp:term":[{"taxonomy":"category","embeddable":true,"href":"https:\/\/www.accuratereviews.com\/it\/wp-json\/wp\/v2\/categories?post=27247"},{"taxonomy":"post_tag","embeddable":true,"href":"https:\/\/www.accuratereviews.com\/it\/wp-json\/wp\/v2\/tags?post=27247"},{"taxonomy":"features","embeddable":true,"href":"https:\/\/www.accuratereviews.com\/it\/wp-json\/wp\/v2\/features?post=27247"}],"curies":[{"name":"wp","href":"https:\/\/api.w.org\/{rel}","templated":true}]}}