{"id":27255,"date":"2020-06-08T07:13:26","date_gmt":"2020-06-08T07:13:26","guid":{"rendered":"https:\/\/www.accuratereviews.com\/?page_id=27255"},"modified":"2020-06-08T07:13:26","modified_gmt":"2020-06-08T07:13:26","slug":"proggio-recensione","status":"publish","type":"page","link":"https:\/\/www.accuratereviews.com\/it\/gestionale-per-progetti-agile\/proggio-recensione\/","title":{"rendered":"Proggio"},"content":{"rendered":"<p><strong>Proggio<\/strong> \u00e8 un <strong>software di gestione dei progetti<\/strong>\u00a0<strong>agili<\/strong> che premia la collaborazione e il lavoro di squadra. \u00c8 sviluppato per gestire tutti i tipi di progetti, sia a lungo termine (progetti altamente integrati) che a breve termine (flusso continuo di consegne), semplici e complicati.\u00a0Con questa soluzione i team di progetto hanno una visione chiara dei loro compiti, programmi e priorit\u00e0. I manager possono pianificare facilmente i loro passi, monitorare i loro progressi e gestire efficacemente budget, risorse e manodopera. La dashboard del progetto pu\u00f2 essere personalizzata per fornire agli utenti tutte le informazioni di cui hanno bisogno a colpo d&#8217;occhio.\u00a0Gli utenti in viaggio possono facilmente vedere cosa sta succedendo, cosa deve essere fatto e prendere decisioni critiche poich\u00e9 <strong>Proggio<\/strong>\u00a0\u00e8 dotato di applicazioni per dispositivi mobili.<\/p>\n<h2>PROGGIO &#8211; TUTORIAL<\/h2>\n<p>Ecco un tutorial in cui si illustra le principali funzioni di questo <strong>software gestionale per progetti Agili<\/strong>:<\/p>\n<div id=\"fluid-wrapper-counter-1\" class=\"g1-fluid-wrapper \" style=\"width:686px;\">\n<div style=\"padding-bottom:56.268221574344%;\"><iframe loading=\"lazy\" title=\"Proggio Webinar: The Proggio Basics\" width=\"686\" height=\"386\" src=\"https:\/\/www.youtube.com\/embed\/GWq7F5vPX7k?feature=oembed&amp;wmode=transparent&amp;autohide=1&amp;autoplay=0&amp;disablekb=0&amp;fs=1&amp;loop=0&amp;enablejsapi=1&amp;rel=0&amp;controls=2&amp;showinfo=0&amp;wmode=transparent&amp;autohide=2&amp;autoplay=0&amp;disablekb=0&amp;fs=1&amp;loop=0&amp;enablejsapi=1&amp;rel=0&amp;controls=2&amp;showinfo=1\" frameborder=\"0\" allow=\"accelerometer; autoplay; encrypted-media; gyroscope; picture-in-picture\" allowfullscreen><\/iframe><\/div>\n<\/div>\n<h3>PROGGIO &#8211; CARATTERISTICHE<\/h3>\n<ul>\n<li>Mappe di progetto brevettate<\/li>\n<li>Gestione attivit\u00e0<\/li>\n<li>Assistenza 24\/7<\/li>\n<li>Gestione portfolio progetti<\/li>\n<li>TipCross Project Links<\/li>\n<li>Sessione di installazione con un esperto<\/li>\n<li>Integrazione di App TipOffice<\/li>\n<li>Gestione delle risorse Di base<\/li>\n<li>Modulo budget Basic<\/li>\n<li>Pacchetto di integrazione JIRA Opzionale Opzionale<\/li>\n<li>Formazione<\/li>\n<li>Punteggio del progetto e definizione delle priorit\u00e0<\/li>\n<li>SLA aziendale<\/li>\n<li>Disponibilit\u00e0 elevata database<\/li>\n<li>Rollback del database di 7 giorni<\/li>\n<\/ul>\n<h4>LE RECENSIONI DEGLI UTENTI<\/h4>\n<h4 class=\"font-weight-bold my-1 d-flex align-items-center\">Alexander R.&#8221;Gestione del progetto per lo sviluppo del prodotto&#8221;<\/h4>\n<p><strong>Commenti: <\/strong>Stiamo usando Proggio per gestire gli sviluppi dei nostri prodotti, i progetti di ricerca e sviluppo e per facilitare l&#8217;immissione sul mercato di nuove collezioni di design.<\/p>\n<p><strong>Vantaggi: <\/strong>Ci\u00f2 che ci piace di pi\u00f9 \u00e8 la visualizzazione della pianificazione del progetto dal vivo e collaborativo come mezzo per gestire le attivit\u00e0 e le persone del progetto.<\/p>\n<p><strong>Inconvenienti: <\/strong>Sebbene sia abbastanza intuitivo da usare, \u00e8 necessario un certo tempo di adozione e familiarizzazione per coinvolgere gli utenti e utilizzare l&#8217;applicazione per aumentare la produttivit\u00e0. Richiede davvero un amministratore proattivo con una buona attenzione ai dettagli per mantenere aggiornati i progetti. Suggerimento: \u00e8 importante ricordare di salvare manualmente le istantanee al fine di confrontare &#8220;piano&#8221; con &#8220;reale&#8221;.<\/p>\n<h4 class=\"font-weight-bold my-1 d-flex align-items-center\">Bonnie D.\u00a0&#8220;Ottimo strumento di gestione del progetto&#8221;<\/h4>\n<p><strong>Commenti: <\/strong>Eccellente. Ottimo servizio clienti.<\/p>\n<p><strong>Vantaggi: <\/strong>Questo software prende qualsiasi progetto che stai gestendo e lo suddivide per attivit\u00e0, persona, sequenza temporale e crea una rappresentazione VISUAL che \u00e8 facile da seguire. Gli strumenti per la comunicazione sono facili da usare ed efficaci.<\/p>\n<p><strong>Inconvenienti: <\/strong>Vorrei poter allegare file agli elementi assegnati.<\/p>\n<h4 class=\"font-weight-bold my-1 d-flex align-items-center\">Asaf T.&#8221;Proggio \u00e8 fantastico!&#8221;<\/h4>\n<p><strong>Commenti: <\/strong>Ottimo strumento di progetto mgmt, consigliato in qualsiasi settore<\/p>\n<p><strong>Vantaggi: <\/strong>Facile da usare, intuitivo, ottimo per tutti i livelli di mgmt, supporta jira, agile,<\/p>\n<p><strong>Inconvenienti: <\/strong>Niente, semplicemente niente.<\/p>\n<div class=\"ml-4 pl-4 border-left border-left__dotted i18n-translation_vendor_container\" data-translation-id=\"1524966\" data-translation-vendor-target=\"original\">\n<div class=\"d-flex flex-wrap flex-md-nowrap align-items-center\">\n<h4 class=\"h5 font-weight-bold\"><\/h4>\n<\/div>\n<\/div>\n","protected":false},"excerpt":{"rendered":"<p>Proggio \u00e8 un software di gestione dei progetti\u00a0agili che premia la collaborazione e il lavoro di squadra. \u00c8 sviluppato per gestire tutti i tipi di progetti, sia a lungo termine (progetti altamente integrati) che a breve termine (flusso continuo di consegne), semplici e complicati.\u00a0Con questa soluzione i team di progetto hanno una visione chiara dei loro compiti, programmi e priorit\u00e0.<\/p>\n","protected":false},"author":19,"featured_media":27257,"parent":27022,"menu_order":0,"comment_status":"open","ping_status":"closed","template":"g1_template_page_review_new.php","meta":{"_acf_changed":false,"cwp_meta_box_check":"Yes","cwp_rev_product_name":"","cwp_rev_product_image":"","wppr_links":[],"cwp_rev_price":"","wppr_options":[],"wppr_pros":[],"wppr_cons":[],"_monsterinsights_skip_tracking":false,"_monsterinsights_sitenote_active":false,"_monsterinsights_sitenote_note":"","_monsterinsights_sitenote_category":0,"footnotes":""},"categories":[2892],"tags":[2894,2916,464,2987,2893,2984],"features":[],"class_list":{"0":"post-27255","1":"page","2":"type-page","3":"status-publish","4":"has-post-thumbnail","6":"category-gestionale-per-progetti-agile","7":"tag-agile","8":"tag-gestionale-agile","9":"tag-gratuito","10":"tag-proggio","11":"tag-software-gestionale-per-progetti-agile","12":"tag-soluzione-gestionale-progetti-agile"},"wppr_data":{"cwp_meta_box_check":"Yes","cwp_rev_product_name":"","cwp_rev_product_image":"","cwp_image_link":"image","cwp_rev_price":"","wppr_rating":"0.00"},"acf":[],"yoast_head":"<!-- This site is optimized with the Yoast SEO plugin v27.4 - https:\/\/yoast.com\/product\/yoast-seo-wordpress\/ -->\n<title>Proggio: recensionesoftware gestionale progetti agile - Accurate Reviews<\/title>\n<meta name=\"description\" content=\"Proggio: recensione software di gestione dei progetti\u00a0agili che premia la collaborazione e il lavoro di squadra con strumenti potenti.\" \/>\n<meta name=\"robots\" content=\"index, follow, max-snippet:-1, max-image-preview:large, max-video-preview:-1\" \/>\n<link rel=\"canonical\" href=\"https:\/\/www.accuratereviews.com\/it\/gestionale-per-progetti-agile\/proggio-recensione\/\" \/>\n<meta property=\"og:locale\" content=\"it_IT\" \/>\n<meta property=\"og:type\" content=\"article\" \/>\n<meta property=\"og:title\" content=\"Proggio: recensionesoftware gestionale progetti agile - Accurate Reviews\" \/>\n<meta property=\"og:description\" content=\"Proggio: recensione software di gestione dei progetti\u00a0agili che premia la collaborazione e il lavoro di squadra con strumenti potenti.\" \/>\n<meta property=\"og:url\" content=\"https:\/\/www.accuratereviews.com\/it\/gestionale-per-progetti-agile\/proggio-recensione\/\" \/>\n<meta property=\"og:site_name\" content=\"Accurate Reviews\" \/>\n<meta property=\"og:image\" content=\"https:\/\/www.accuratereviews.com\/wp-content\/uploads\/2020\/06\/proggio.png\" \/>\n\t<meta property=\"og:image:width\" content=\"602\" \/>\n\t<meta property=\"og:image:height\" content=\"208\" \/>\n\t<meta property=\"og:image:type\" content=\"image\/png\" \/>\n<meta name=\"twitter:card\" content=\"summary_large_image\" \/>\n<meta name=\"twitter:label1\" content=\"Tempo di lettura stimato\" \/>\n\t<meta name=\"twitter:data1\" content=\"2 minuti\" \/>\n<script type=\"application\/ld+json\" class=\"yoast-schema-graph\">{\"@context\":\"https:\\\/\\\/schema.org\",\"@graph\":[{\"@type\":\"WebPage\",\"@id\":\"https:\\\/\\\/www.accuratereviews.com\\\/it\\\/gestionale-per-progetti-agile\\\/proggio-recensione\\\/\",\"url\":\"https:\\\/\\\/www.accuratereviews.com\\\/it\\\/gestionale-per-progetti-agile\\\/proggio-recensione\\\/\",\"name\":\"Proggio: recensionesoftware gestionale progetti agile - Accurate Reviews\",\"isPartOf\":{\"@id\":\"https:\\\/\\\/www.accuratereviews.com\\\/it\\\/#website\"},\"primaryImageOfPage\":{\"@id\":\"https:\\\/\\\/www.accuratereviews.com\\\/it\\\/gestionale-per-progetti-agile\\\/proggio-recensione\\\/#primaryimage\"},\"image\":{\"@id\":\"https:\\\/\\\/www.accuratereviews.com\\\/it\\\/gestionale-per-progetti-agile\\\/proggio-recensione\\\/#primaryimage\"},\"thumbnailUrl\":\"https:\\\/\\\/www.accuratereviews.com\\\/wp-content\\\/uploads\\\/2020\\\/06\\\/proggio.png\",\"datePublished\":\"2020-06-08T07:13:26+00:00\",\"description\":\"Proggio: recensione software di gestione dei progetti\u00a0agili che premia la collaborazione e il lavoro di squadra con strumenti potenti.\",\"breadcrumb\":{\"@id\":\"https:\\\/\\\/www.accuratereviews.com\\\/it\\\/gestionale-per-progetti-agile\\\/proggio-recensione\\\/#breadcrumb\"},\"inLanguage\":\"it-IT\",\"potentialAction\":[{\"@type\":\"ReadAction\",\"target\":[\"https:\\\/\\\/www.accuratereviews.com\\\/it\\\/gestionale-per-progetti-agile\\\/proggio-recensione\\\/\"]}]},{\"@type\":\"ImageObject\",\"inLanguage\":\"it-IT\",\"@id\":\"https:\\\/\\\/www.accuratereviews.com\\\/it\\\/gestionale-per-progetti-agile\\\/proggio-recensione\\\/#primaryimage\",\"url\":\"https:\\\/\\\/www.accuratereviews.com\\\/wp-content\\\/uploads\\\/2020\\\/06\\\/proggio.png\",\"contentUrl\":\"https:\\\/\\\/www.accuratereviews.com\\\/wp-content\\\/uploads\\\/2020\\\/06\\\/proggio.png\",\"width\":602,\"height\":208},{\"@type\":\"BreadcrumbList\",\"@id\":\"https:\\\/\\\/www.accuratereviews.com\\\/it\\\/gestionale-per-progetti-agile\\\/proggio-recensione\\\/#breadcrumb\",\"itemListElement\":[{\"@type\":\"ListItem\",\"position\":1,\"name\":\"Home\",\"item\":\"https:\\\/\\\/www.accuratereviews.com\\\/it\\\/\"},{\"@type\":\"ListItem\",\"position\":2,\"name\":\"Gestionale per progetti Agile\",\"item\":\"https:\\\/\\\/www.accuratereviews.com\\\/it\\\/gestionale-per-progetti-agile\\\/\"},{\"@type\":\"ListItem\",\"position\":3,\"name\":\"Proggio\"}]},{\"@type\":\"WebSite\",\"@id\":\"https:\\\/\\\/www.accuratereviews.com\\\/it\\\/#website\",\"url\":\"https:\\\/\\\/www.accuratereviews.com\\\/it\\\/\",\"name\":\"Accurate Reviews\",\"description\":\"\",\"potentialAction\":[{\"@type\":\"SearchAction\",\"target\":{\"@type\":\"EntryPoint\",\"urlTemplate\":\"https:\\\/\\\/www.accuratereviews.com\\\/it\\\/?s={search_term_string}\"},\"query-input\":{\"@type\":\"PropertyValueSpecification\",\"valueRequired\":true,\"valueName\":\"search_term_string\"}}],\"inLanguage\":\"it-IT\"}]}<\/script>\n<!-- \/ Yoast SEO plugin. -->","yoast_head_json":{"title":"Proggio: recensionesoftware gestionale progetti agile - Accurate Reviews","description":"Proggio: recensione software di gestione dei progetti\u00a0agili che premia la collaborazione e il lavoro di squadra con strumenti potenti.","robots":{"index":"index","follow":"follow","max-snippet":"max-snippet:-1","max-image-preview":"max-image-preview:large","max-video-preview":"max-video-preview:-1"},"canonical":"https:\/\/www.accuratereviews.com\/it\/gestionale-per-progetti-agile\/proggio-recensione\/","og_locale":"it_IT","og_type":"article","og_title":"Proggio: recensionesoftware gestionale progetti agile - Accurate Reviews","og_description":"Proggio: recensione software di gestione dei progetti\u00a0agili che premia la collaborazione e il lavoro di squadra con strumenti potenti.","og_url":"https:\/\/www.accuratereviews.com\/it\/gestionale-per-progetti-agile\/proggio-recensione\/","og_site_name":"Accurate Reviews","og_image":[{"width":602,"height":208,"url":"https:\/\/www.accuratereviews.com\/wp-content\/uploads\/2020\/06\/proggio.png","type":"image\/png"}],"twitter_card":"summary_large_image","twitter_misc":{"Tempo di lettura stimato":"2 minuti"},"schema":{"@context":"https:\/\/schema.org","@graph":[{"@type":"WebPage","@id":"https:\/\/www.accuratereviews.com\/it\/gestionale-per-progetti-agile\/proggio-recensione\/","url":"https:\/\/www.accuratereviews.com\/it\/gestionale-per-progetti-agile\/proggio-recensione\/","name":"Proggio: recensionesoftware gestionale progetti agile - Accurate Reviews","isPartOf":{"@id":"https:\/\/www.accuratereviews.com\/it\/#website"},"primaryImageOfPage":{"@id":"https:\/\/www.accuratereviews.com\/it\/gestionale-per-progetti-agile\/proggio-recensione\/#primaryimage"},"image":{"@id":"https:\/\/www.accuratereviews.com\/it\/gestionale-per-progetti-agile\/proggio-recensione\/#primaryimage"},"thumbnailUrl":"https:\/\/www.accuratereviews.com\/wp-content\/uploads\/2020\/06\/proggio.png","datePublished":"2020-06-08T07:13:26+00:00","description":"Proggio: recensione software di gestione dei progetti\u00a0agili che premia la collaborazione e il lavoro di squadra con strumenti potenti.","breadcrumb":{"@id":"https:\/\/www.accuratereviews.com\/it\/gestionale-per-progetti-agile\/proggio-recensione\/#breadcrumb"},"inLanguage":"it-IT","potentialAction":[{"@type":"ReadAction","target":["https:\/\/www.accuratereviews.com\/it\/gestionale-per-progetti-agile\/proggio-recensione\/"]}]},{"@type":"ImageObject","inLanguage":"it-IT","@id":"https:\/\/www.accuratereviews.com\/it\/gestionale-per-progetti-agile\/proggio-recensione\/#primaryimage","url":"https:\/\/www.accuratereviews.com\/wp-content\/uploads\/2020\/06\/proggio.png","contentUrl":"https:\/\/www.accuratereviews.com\/wp-content\/uploads\/2020\/06\/proggio.png","width":602,"height":208},{"@type":"BreadcrumbList","@id":"https:\/\/www.accuratereviews.com\/it\/gestionale-per-progetti-agile\/proggio-recensione\/#breadcrumb","itemListElement":[{"@type":"ListItem","position":1,"name":"Home","item":"https:\/\/www.accuratereviews.com\/it\/"},{"@type":"ListItem","position":2,"name":"Gestionale per progetti Agile","item":"https:\/\/www.accuratereviews.com\/it\/gestionale-per-progetti-agile\/"},{"@type":"ListItem","position":3,"name":"Proggio"}]},{"@type":"WebSite","@id":"https:\/\/www.accuratereviews.com\/it\/#website","url":"https:\/\/www.accuratereviews.com\/it\/","name":"Accurate Reviews","description":"","potentialAction":[{"@type":"SearchAction","target":{"@type":"EntryPoint","urlTemplate":"https:\/\/www.accuratereviews.com\/it\/?s={search_term_string}"},"query-input":{"@type":"PropertyValueSpecification","valueRequired":true,"valueName":"search_term_string"}}],"inLanguage":"it-IT"}]}},"_links":{"self":[{"href":"https:\/\/www.accuratereviews.com\/it\/wp-json\/wp\/v2\/pages\/27255","targetHints":{"allow":["GET"]}}],"collection":[{"href":"https:\/\/www.accuratereviews.com\/it\/wp-json\/wp\/v2\/pages"}],"about":[{"href":"https:\/\/www.accuratereviews.com\/it\/wp-json\/wp\/v2\/types\/page"}],"author":[{"embeddable":true,"href":"https:\/\/www.accuratereviews.com\/it\/wp-json\/wp\/v2\/users\/19"}],"replies":[{"embeddable":true,"href":"https:\/\/www.accuratereviews.com\/it\/wp-json\/wp\/v2\/comments?post=27255"}],"version-history":[{"count":7,"href":"https:\/\/www.accuratereviews.com\/it\/wp-json\/wp\/v2\/pages\/27255\/revisions"}],"predecessor-version":[{"id":27268,"href":"https:\/\/www.accuratereviews.com\/it\/wp-json\/wp\/v2\/pages\/27255\/revisions\/27268"}],"up":[{"embeddable":true,"href":"https:\/\/www.accuratereviews.com\/it\/wp-json\/wp\/v2\/pages\/27022"}],"wp:featuredmedia":[{"embeddable":true,"href":"https:\/\/www.accuratereviews.com\/it\/wp-json\/wp\/v2\/media\/27257"}],"wp:attachment":[{"href":"https:\/\/www.accuratereviews.com\/it\/wp-json\/wp\/v2\/media?parent=27255"}],"wp:term":[{"taxonomy":"category","embeddable":true,"href":"https:\/\/www.accuratereviews.com\/it\/wp-json\/wp\/v2\/categories?post=27255"},{"taxonomy":"post_tag","embeddable":true,"href":"https:\/\/www.accuratereviews.com\/it\/wp-json\/wp\/v2\/tags?post=27255"},{"taxonomy":"features","embeddable":true,"href":"https:\/\/www.accuratereviews.com\/it\/wp-json\/wp\/v2\/features?post=27255"}],"curies":[{"name":"wp","href":"https:\/\/api.w.org\/{rel}","templated":true}]}}