{"id":27270,"date":"2020-06-09T07:00:15","date_gmt":"2020-06-09T07:00:15","guid":{"rendered":"https:\/\/www.accuratereviews.com\/?page_id=27270"},"modified":"2023-10-28T09:20:47","modified_gmt":"2023-10-28T09:20:47","slug":"demand-metric-recensione","status":"publish","type":"page","link":"https:\/\/www.accuratereviews.com\/it\/gestionale-per-progetti-agile\/demand-metric-recensione\/","title":{"rendered":"Demand Metric"},"content":{"rendered":"<p><strong>Demand Metric<\/strong> \u00e8 una <strong>soluzione di marketing agile<\/strong> che offre modelli pratici, documenti, guide, risorse di formazione e altri strumenti per aiutare a concettualizzare, pianificare , eseguire e analizzare i <strong>loro grandi progetti<\/strong>.\u00a0Con questa soluzione, gli utenti sono in grado di accelerare l&#8217;intero ciclo di pianificazione, implementazione e valutazione del marketing tramite piani di progetto predefiniti, risorse e strumenti familiari di Microsoft Office e molto altro ancora. Gli strumenti di valutazione del marketing aiutano gli utenti a determinare le aree che richiedono miglioramenti, consentendo loro di diventare pi\u00f9 efficaci ed efficienti nei progetti futuri. I modelli sono estremamente flessibili e consentono di apportare le modifiche necessarie in modo da soddisfare le proprie esigenze specifiche. Il software utilizza strumenti Microsoft, che ti consentono di familiarizzare con la soluzione senza attraversare una curva di apprendimento ripida e difficile.<\/p>\n<h2>DEMAND METRIC &#8211; TUTORIAL<\/h2>\n<p>Segui questo semplice framework per sfruttare i 25 migliori strumenti, progettati per aiutarti a ottenere <strong>risultati di marketing<\/strong> immediati:<\/p>\n<div id=\"fluid-wrapper-counter-1\" class=\"g1-fluid-wrapper \" style=\"width:686px;\">\n<div style=\"padding-bottom:56.268221574344%;\"><iframe loading=\"lazy\" title=\"Top 25 Tools Framework\" width=\"515\" height=\"386\" src=\"https:\/\/www.youtube.com\/embed\/z3r0z3hjlg0?feature=oembed&amp;wmode=transparent&amp;autohide=1&amp;autoplay=0&amp;disablekb=0&amp;fs=1&amp;loop=0&amp;enablejsapi=1&amp;rel=0&amp;controls=2&amp;showinfo=0&amp;wmode=transparent&amp;autohide=2&amp;autoplay=0&amp;disablekb=0&amp;fs=1&amp;loop=0&amp;enablejsapi=1&amp;rel=0&amp;controls=2&amp;showinfo=1\" frameborder=\"0\" allow=\"accelerometer; autoplay; encrypted-media; gyroscope; picture-in-picture\" allowfullscreen><\/iframe><\/div>\n<\/div>\n<h2>DEMAND METRIC &#8211; CARATTERISTICHE<\/h2>\n<ul>\n<li>Sai chi sta lavorando su cosa<\/li>\n<li>Aiuta il team a svolgere il lavoro pi\u00f9 velocemente<\/li>\n<li>Crea un ambiente di lavoro positivo<\/li>\n<li>Sentiti organizzato e propositivo<\/li>\n<li>Mostra il valore offerto dal marketing<\/li>\n<li>Esegui il roll-up delle attivit\u00e0 in tutti i progetti del tuo team con la flessibilit\u00e0 di visualizzare e filtrare le attivit\u00e0 su una singola schermata<\/li>\n<li>Un &#8220;sistema di registrazione&#8221; per tracciare i progetti, ottenere feedback, accelerare le approvazioni e mostrare l&#8217;allineamento agli obiettivi strategici.<\/li>\n<li>Una soluzione semplice che il tuo team adorer\u00e0 utilizzare. Dedica pi\u00f9 tempo all&#8217;operativit\u00e0<\/li>\n<li>Collabora con un coach esperto per standardizzare i tuoi processi e creare modelli per eventi, produzione di contenuti, campagne e lancio di prodotti.<\/li>\n<li>Procedure operative standard (SOP) che definiscono il processo su come ricevere richieste, stabilire le priorit\u00e0, assegnare, pianificare e approvare il lavoro<\/li>\n<\/ul>\n<h4>LE RECENSIONI DEGLI UTENTI<\/h4>\n<h4 class=\"font-weight-bold my-1 d-flex align-items-center\">Victor f. O.&#8221;<strong>Demand Metric<\/strong> \u00e8 la mia risorsa di consulenza pi\u00f9 preziosa&#8221;<\/h4>\n<p><strong>Commenti: <\/strong>Demand Metric mi ha permesso di espandere i miei servizi di consulenza con le conoscenze e gli strumenti che ho utilizzato. Offro a questa risorsa la mia pi\u00f9 alta raccomandazione e un abbonamento offre un valore incomparabile.<\/p>\n<p><strong>Vantaggi: <\/strong>In qualit\u00e0 di Executive Coach e consulente aziendale, i miei clienti hanno una variet\u00e0 di esigenze di marketing e sviluppo delle vendite. Con le risorse e gli strumenti disponibili per me su Demand Metric, sono in grado di guidare e guidare i miei clienti nello sviluppo di strategie, piani e programmi personalizzati in base alle loro esigenze e necessit\u00e0. Inoltre, sono in grado di espandere continuamente le mie conoscenze e competenze con la vasta gamma di webinar e strumenti di apprendimento autonomi disponibili per me su richiesta. \u00c8 la mia risorsa unica per le mie iniziative di consulenza e coaching di marketing e vendite.<\/p>\n<p><strong>Inconvenienti: <\/strong>Non \u00e8 certo una lamentela, ma ci sono cos\u00ec tanti contenuti sul sito che pu\u00f2 essere un po &#8216;travolgente. Tuttavia, il team di Demand Metric \u00e8 sempre stato proattivo e attento alle mie richieste di supporto.<\/p>\n<h4 class=\"font-weight-bold my-1 d-flex align-items-center\">Anne C.\u00a0&#8220;Prodotto eccellente&#8221;<\/h4>\n<p><strong>Commenti: <\/strong>Ho avuto una buona esperienza sia con i prodotti che con il servizio con Demand Metric. Abbiamo utilizzato lo strumento di definizione delle priorit\u00e0 per aiutarci a decidere quali progetti avremmo intrapreso per l&#8217;anno e quali avrebbero dovuto aspettare. Ci\u00f2 \u00e8 stato particolarmente utile quando abbiamo valutato i progetti rispetto al nostro piano strategico. Inoltre, abbiamo utilizzato le risorse per l&#8217;esperienza del cliente, lo sviluppo del prodotto e il marketing strategico, tutto ci\u00f2 ha guidato il nostro modo di pensare in nuovi modi o fornito uno strumento utile anche se non abbiamo utilizzato l&#8217;intero framework.<\/p>\n<p><strong>Vantaggi: <\/strong>La cosa pi\u00f9 preziosa per me nella libreria Demand Metric sono i framework. Nel mio lavoro, indosso molti modelli e spesso sono incaricato di indagare e implementare idee o sistemi che sono nuovi per me. I framework passo dopo passo mi offrono non solo il quadro generale, ma lo scompongono in passaggi che posso implementare come meglio ritengo. Poich\u00e9 tutto \u00e8 personalizzabile, posso scegliere ci\u00f2 che funziona per il mio progetto e la mia azienda.<\/p>\n<p><strong>Inconvenienti: <\/strong>Mentre i modelli sono personalizzabili, non \u00e8 sempre facile cambiare i colori del marchio, specialmente nei documenti Excel. Se potessi vivere in un mondo perfetto, questa sarebbe una piattaforma Saas con un editor WYSIWYG e toglierla da Excel tutti insieme.<\/p>\n<h4 class=\"font-weight-bold my-1 d-flex align-items-center\">Jon N.&#8221;Demand Metric Marketing&#8221;<\/h4>\n<p><strong>Commenti: <\/strong>Mi piace il team di Demand Metric. Sono professionali, cortesi e possono indicarmi rapidamente la giusta direzione.<\/p>\n<p><strong>Vantaggi: <\/strong>Quello che mi piace di pi\u00f9 del software \u00e8 che ci sono piani con passaggi tattici che posso implementare. Ci sono video che spiegano come utilizzare i piani associati alla strategia che voglio implementare.<\/p>\n<p><strong>Inconvenienti: <\/strong>Il dashboard per misurare le metriche \u00e8 un po &#8216;contorto. Non ho ancora una mano sulla misurazione delle prestazioni, che potrebbe essere il mio problema al contrario di Demand Metrics.<\/p>\n","protected":false},"excerpt":{"rendered":"<p>Demand Metric \u00e8 una soluzione di marketing agile che offre modelli pratici, documenti, guide, risorse di formazione e altri strumenti per aiutare a concettualizzare, pianificare , eseguire e analizzare i loro grandi progetti.\u00a0Con questa soluzione, gli utenti sono in grado di accelerare l&#8217;intero ciclo di pianificazione, implementazione e valutazione del marketing tramite piani di progetto predefiniti, risorse e strumenti familiari di Microsoft Office e molto altro ancora.<\/p>\n","protected":false},"author":19,"featured_media":27271,"parent":27022,"menu_order":0,"comment_status":"open","ping_status":"closed","template":"g1_template_page_review_new.php","meta":{"_acf_changed":false,"cwp_meta_box_check":"Yes","cwp_rev_product_name":"","cwp_rev_product_image":"","wppr_links":[],"cwp_rev_price":"","wppr_options":[{"name":"Usability","value":"0"},{"name":"Speed","value":"0"},{"name":"Features","value":"0"},{"name":"Support","value":"0"},{"name":"Pricing","value":"0"}],"wppr_pros":["","","","",""],"wppr_cons":["","","","",""],"_monsterinsights_skip_tracking":false,"_monsterinsights_sitenote_active":false,"_monsterinsights_sitenote_note":"","_monsterinsights_sitenote_category":0,"footnotes":""},"categories":[2892],"tags":[2894,396,2988,2916,14655,2992,14656,14658,2989,2985,2990,2984],"features":[],"class_list":{"0":"post-27270","1":"page","2":"type-page","3":"status-publish","4":"has-post-thumbnail","6":"category-gestionale-per-progetti-agile","7":"tag-agile","8":"tag-cloud","9":"tag-demand-metric","10":"tag-gestionale-agile","11":"tag-gestionale-progetti-agile","12":"tag-piattaforma-gestionale-agile","13":"tag-programma-gestionale-agile","14":"tag-programma-gestionale-progetti-agile","15":"tag-software-gestionale-agile","16":"tag-software-gestionale-progetti-agile","17":"tag-soluzione-gestionale-agile","18":"tag-soluzione-gestionale-progetti-agile"},"wppr_data":{"cwp_meta_box_check":"Yes","cwp_rev_product_name":"","_wppr_review_template":"default","cwp_rev_product_image":"","cwp_image_link":"image","wppr_links":[],"cwp_rev_price":"","wppr_pros":["","","","",""],"wppr_cons":["","","","",""],"wppr_rating":"0.00","wppr_options":{"1":{"name":"Usability","value":"0"},"2":{"name":"Speed","value":"0"},"3":{"name":"Features","value":"0"},"4":{"name":"Support","value":"0"},"5":{"name":"Pricing","value":"0"}},"wppr_review_type":"Product","wppr_review_custom_fields":{"additionalProperty":"","additionalType":"","aggregateRating":"","alternateName":"","audience":"","award":"","awards":"","brand":"","color":"","depth":"","description":"","disambiguatingDescription":"","gtin12":"","gtin13":"","gtin14":"","gtin8":"","height":"","identifier":"","image":"","isAccessoryOrSparePartFor":"","isConsumableFor":"","isRelatedTo":"","isSimilarTo":"","itemCondition":"","logo":"","mainEntityOfPage":"","manufacturer":"","material":"","model":"","mpn":"","name":"","offers":"","potentialAction":"","productID":"","productionDate":"","purchaseDate":"","releaseDate":"","review":"","reviews":"","sameAs":"","sku":"","slogan":"","subjectOf":"","url":"","weight":"","width":""}},"acf":[],"yoast_head":"<!-- This site is optimized with the Yoast SEO plugin v27.4 - https:\/\/yoast.com\/product\/yoast-seo-wordpress\/ -->\n<title>Demand Metric: recensione software gestionale agile - Accurate Reviews<\/title>\n<meta name=\"description\" content=\"Demand Metric: recensione soluzione di marketing agile che offre modelli pratici, documenti, guide, risorse di formazione e altri strumenti per l&#039;attivit\u00e0.\" \/>\n<meta name=\"robots\" content=\"index, follow, max-snippet:-1, max-image-preview:large, max-video-preview:-1\" \/>\n<link rel=\"canonical\" href=\"https:\/\/www.accuratereviews.com\/it\/gestionale-per-progetti-agile\/demand-metric-recensione\/\" \/>\n<meta property=\"og:locale\" content=\"it_IT\" \/>\n<meta property=\"og:type\" content=\"article\" \/>\n<meta property=\"og:title\" content=\"Demand Metric: recensione software gestionale agile - Accurate Reviews\" \/>\n<meta property=\"og:description\" content=\"Demand Metric: recensione soluzione di marketing agile che offre modelli pratici, documenti, guide, risorse di formazione e altri strumenti per l&#039;attivit\u00e0.\" \/>\n<meta property=\"og:url\" content=\"https:\/\/www.accuratereviews.com\/it\/gestionale-per-progetti-agile\/demand-metric-recensione\/\" \/>\n<meta property=\"og:site_name\" content=\"Accurate Reviews\" \/>\n<meta property=\"article:modified_time\" content=\"2023-10-28T09:20:47+00:00\" \/>\n<meta property=\"og:image\" content=\"https:\/\/www.accuratereviews.com\/wp-content\/uploads\/2020\/06\/demand-metric.png\" \/>\n\t<meta property=\"og:image:width\" content=\"600\" \/>\n\t<meta property=\"og:image:height\" content=\"315\" \/>\n\t<meta property=\"og:image:type\" content=\"image\/png\" \/>\n<meta name=\"twitter:card\" content=\"summary_large_image\" \/>\n<meta name=\"twitter:label1\" content=\"Tempo di lettura stimato\" \/>\n\t<meta name=\"twitter:data1\" content=\"5 minuti\" \/>\n<script type=\"application\/ld+json\" class=\"yoast-schema-graph\">{\"@context\":\"https:\\\/\\\/schema.org\",\"@graph\":[{\"@type\":\"WebPage\",\"@id\":\"https:\\\/\\\/www.accuratereviews.com\\\/it\\\/gestionale-per-progetti-agile\\\/demand-metric-recensione\\\/\",\"url\":\"https:\\\/\\\/www.accuratereviews.com\\\/it\\\/gestionale-per-progetti-agile\\\/demand-metric-recensione\\\/\",\"name\":\"Demand Metric: recensione software gestionale agile - Accurate Reviews\",\"isPartOf\":{\"@id\":\"https:\\\/\\\/www.accuratereviews.com\\\/it\\\/#website\"},\"primaryImageOfPage\":{\"@id\":\"https:\\\/\\\/www.accuratereviews.com\\\/it\\\/gestionale-per-progetti-agile\\\/demand-metric-recensione\\\/#primaryimage\"},\"image\":{\"@id\":\"https:\\\/\\\/www.accuratereviews.com\\\/it\\\/gestionale-per-progetti-agile\\\/demand-metric-recensione\\\/#primaryimage\"},\"thumbnailUrl\":\"https:\\\/\\\/www.accuratereviews.com\\\/wp-content\\\/uploads\\\/2020\\\/06\\\/demand-metric.png\",\"datePublished\":\"2020-06-09T07:00:15+00:00\",\"dateModified\":\"2023-10-28T09:20:47+00:00\",\"description\":\"Demand Metric: recensione soluzione di marketing agile che offre modelli pratici, documenti, guide, risorse di formazione e altri strumenti per l'attivit\u00e0.\",\"breadcrumb\":{\"@id\":\"https:\\\/\\\/www.accuratereviews.com\\\/it\\\/gestionale-per-progetti-agile\\\/demand-metric-recensione\\\/#breadcrumb\"},\"inLanguage\":\"it-IT\",\"potentialAction\":[{\"@type\":\"ReadAction\",\"target\":[\"https:\\\/\\\/www.accuratereviews.com\\\/it\\\/gestionale-per-progetti-agile\\\/demand-metric-recensione\\\/\"]}]},{\"@type\":\"ImageObject\",\"inLanguage\":\"it-IT\",\"@id\":\"https:\\\/\\\/www.accuratereviews.com\\\/it\\\/gestionale-per-progetti-agile\\\/demand-metric-recensione\\\/#primaryimage\",\"url\":\"https:\\\/\\\/www.accuratereviews.com\\\/wp-content\\\/uploads\\\/2020\\\/06\\\/demand-metric.png\",\"contentUrl\":\"https:\\\/\\\/www.accuratereviews.com\\\/wp-content\\\/uploads\\\/2020\\\/06\\\/demand-metric.png\",\"width\":600,\"height\":315},{\"@type\":\"BreadcrumbList\",\"@id\":\"https:\\\/\\\/www.accuratereviews.com\\\/it\\\/gestionale-per-progetti-agile\\\/demand-metric-recensione\\\/#breadcrumb\",\"itemListElement\":[{\"@type\":\"ListItem\",\"position\":1,\"name\":\"Home\",\"item\":\"https:\\\/\\\/www.accuratereviews.com\\\/it\\\/\"},{\"@type\":\"ListItem\",\"position\":2,\"name\":\"Gestionale per progetti Agile\",\"item\":\"https:\\\/\\\/www.accuratereviews.com\\\/it\\\/gestionale-per-progetti-agile\\\/\"},{\"@type\":\"ListItem\",\"position\":3,\"name\":\"Demand Metric\"}]},{\"@type\":\"WebSite\",\"@id\":\"https:\\\/\\\/www.accuratereviews.com\\\/it\\\/#website\",\"url\":\"https:\\\/\\\/www.accuratereviews.com\\\/it\\\/\",\"name\":\"Accurate Reviews\",\"description\":\"\",\"potentialAction\":[{\"@type\":\"SearchAction\",\"target\":{\"@type\":\"EntryPoint\",\"urlTemplate\":\"https:\\\/\\\/www.accuratereviews.com\\\/it\\\/?s={search_term_string}\"},\"query-input\":{\"@type\":\"PropertyValueSpecification\",\"valueRequired\":true,\"valueName\":\"search_term_string\"}}],\"inLanguage\":\"it-IT\"}]}<\/script>\n<!-- \/ Yoast SEO plugin. -->","yoast_head_json":{"title":"Demand Metric: recensione software gestionale agile - Accurate Reviews","description":"Demand Metric: recensione soluzione di marketing agile che offre modelli pratici, documenti, guide, risorse di formazione e altri strumenti per l'attivit\u00e0.","robots":{"index":"index","follow":"follow","max-snippet":"max-snippet:-1","max-image-preview":"max-image-preview:large","max-video-preview":"max-video-preview:-1"},"canonical":"https:\/\/www.accuratereviews.com\/it\/gestionale-per-progetti-agile\/demand-metric-recensione\/","og_locale":"it_IT","og_type":"article","og_title":"Demand Metric: recensione software gestionale agile - Accurate Reviews","og_description":"Demand Metric: recensione soluzione di marketing agile che offre modelli pratici, documenti, guide, risorse di formazione e altri strumenti per l'attivit\u00e0.","og_url":"https:\/\/www.accuratereviews.com\/it\/gestionale-per-progetti-agile\/demand-metric-recensione\/","og_site_name":"Accurate Reviews","article_modified_time":"2023-10-28T09:20:47+00:00","og_image":[{"width":600,"height":315,"url":"https:\/\/www.accuratereviews.com\/wp-content\/uploads\/2020\/06\/demand-metric.png","type":"image\/png"}],"twitter_card":"summary_large_image","twitter_misc":{"Tempo di lettura stimato":"5 minuti"},"schema":{"@context":"https:\/\/schema.org","@graph":[{"@type":"WebPage","@id":"https:\/\/www.accuratereviews.com\/it\/gestionale-per-progetti-agile\/demand-metric-recensione\/","url":"https:\/\/www.accuratereviews.com\/it\/gestionale-per-progetti-agile\/demand-metric-recensione\/","name":"Demand Metric: recensione software gestionale agile - Accurate Reviews","isPartOf":{"@id":"https:\/\/www.accuratereviews.com\/it\/#website"},"primaryImageOfPage":{"@id":"https:\/\/www.accuratereviews.com\/it\/gestionale-per-progetti-agile\/demand-metric-recensione\/#primaryimage"},"image":{"@id":"https:\/\/www.accuratereviews.com\/it\/gestionale-per-progetti-agile\/demand-metric-recensione\/#primaryimage"},"thumbnailUrl":"https:\/\/www.accuratereviews.com\/wp-content\/uploads\/2020\/06\/demand-metric.png","datePublished":"2020-06-09T07:00:15+00:00","dateModified":"2023-10-28T09:20:47+00:00","description":"Demand Metric: recensione soluzione di marketing agile che offre modelli pratici, documenti, guide, risorse di formazione e altri strumenti per l'attivit\u00e0.","breadcrumb":{"@id":"https:\/\/www.accuratereviews.com\/it\/gestionale-per-progetti-agile\/demand-metric-recensione\/#breadcrumb"},"inLanguage":"it-IT","potentialAction":[{"@type":"ReadAction","target":["https:\/\/www.accuratereviews.com\/it\/gestionale-per-progetti-agile\/demand-metric-recensione\/"]}]},{"@type":"ImageObject","inLanguage":"it-IT","@id":"https:\/\/www.accuratereviews.com\/it\/gestionale-per-progetti-agile\/demand-metric-recensione\/#primaryimage","url":"https:\/\/www.accuratereviews.com\/wp-content\/uploads\/2020\/06\/demand-metric.png","contentUrl":"https:\/\/www.accuratereviews.com\/wp-content\/uploads\/2020\/06\/demand-metric.png","width":600,"height":315},{"@type":"BreadcrumbList","@id":"https:\/\/www.accuratereviews.com\/it\/gestionale-per-progetti-agile\/demand-metric-recensione\/#breadcrumb","itemListElement":[{"@type":"ListItem","position":1,"name":"Home","item":"https:\/\/www.accuratereviews.com\/it\/"},{"@type":"ListItem","position":2,"name":"Gestionale per progetti Agile","item":"https:\/\/www.accuratereviews.com\/it\/gestionale-per-progetti-agile\/"},{"@type":"ListItem","position":3,"name":"Demand Metric"}]},{"@type":"WebSite","@id":"https:\/\/www.accuratereviews.com\/it\/#website","url":"https:\/\/www.accuratereviews.com\/it\/","name":"Accurate Reviews","description":"","potentialAction":[{"@type":"SearchAction","target":{"@type":"EntryPoint","urlTemplate":"https:\/\/www.accuratereviews.com\/it\/?s={search_term_string}"},"query-input":{"@type":"PropertyValueSpecification","valueRequired":true,"valueName":"search_term_string"}}],"inLanguage":"it-IT"}]}},"_links":{"self":[{"href":"https:\/\/www.accuratereviews.com\/it\/wp-json\/wp\/v2\/pages\/27270","targetHints":{"allow":["GET"]}}],"collection":[{"href":"https:\/\/www.accuratereviews.com\/it\/wp-json\/wp\/v2\/pages"}],"about":[{"href":"https:\/\/www.accuratereviews.com\/it\/wp-json\/wp\/v2\/types\/page"}],"author":[{"embeddable":true,"href":"https:\/\/www.accuratereviews.com\/it\/wp-json\/wp\/v2\/users\/19"}],"replies":[{"embeddable":true,"href":"https:\/\/www.accuratereviews.com\/it\/wp-json\/wp\/v2\/comments?post=27270"}],"version-history":[{"count":12,"href":"https:\/\/www.accuratereviews.com\/it\/wp-json\/wp\/v2\/pages\/27270\/revisions"}],"predecessor-version":[{"id":72584,"href":"https:\/\/www.accuratereviews.com\/it\/wp-json\/wp\/v2\/pages\/27270\/revisions\/72584"}],"up":[{"embeddable":true,"href":"https:\/\/www.accuratereviews.com\/it\/wp-json\/wp\/v2\/pages\/27022"}],"wp:featuredmedia":[{"embeddable":true,"href":"https:\/\/www.accuratereviews.com\/it\/wp-json\/wp\/v2\/media\/27271"}],"wp:attachment":[{"href":"https:\/\/www.accuratereviews.com\/it\/wp-json\/wp\/v2\/media?parent=27270"}],"wp:term":[{"taxonomy":"category","embeddable":true,"href":"https:\/\/www.accuratereviews.com\/it\/wp-json\/wp\/v2\/categories?post=27270"},{"taxonomy":"post_tag","embeddable":true,"href":"https:\/\/www.accuratereviews.com\/it\/wp-json\/wp\/v2\/tags?post=27270"},{"taxonomy":"features","embeddable":true,"href":"https:\/\/www.accuratereviews.com\/it\/wp-json\/wp\/v2\/features?post=27270"}],"curies":[{"name":"wp","href":"https:\/\/api.w.org\/{rel}","templated":true}]}}