{"id":27283,"date":"2020-06-08T07:14:06","date_gmt":"2020-06-08T07:14:06","guid":{"rendered":"https:\/\/www.accuratereviews.com\/?page_id=27283"},"modified":"2020-06-08T07:14:06","modified_gmt":"2020-06-08T07:14:06","slug":"planio-recensione","status":"publish","type":"page","link":"https:\/\/www.accuratereviews.com\/it\/gestionale-per-progetti-agile\/planio-recensione\/","title":{"rendered":"Planio"},"content":{"rendered":"<p><strong>Planio<\/strong> \u00e8 una piattaforma per la <strong>gestione di progetti online agile<\/strong>. Combina diverse funzionalit\u00e0 per facilitare l&#8217;attivit\u00e0 di pianificazione ed esecuzione dei progetti. La soluzione\u00a0rende la gestione dei progetti basata sul web e la collaborazione in team pi\u00f9 efficienti e produttivi. Le caratteristiche principali includono: gestione collaborativa dei file, un sistema di ticket, diagrammi e roadmap Gantt generati automaticamente, controllo degli accessi in base al ruolo, un sistema di notizie, wiki e forum. Il software \u00e8 altamente configurabile quindi non \u00e8 necessario adattare il flusso di lavoro. Sarai in grado di gestire i tuoi progetti, a modo tuo. \u00c8 possibile eseguire progetti <strong>Agile<\/strong> con <strong>schede Scrum o Kanban<\/strong> e una gamma completa di grafici, inclusi i grafici di burndown. Le schede drag-n-drop semplificano la pianificazione degli sprint come trascinare gli elementi dal backlog agli sprint.<\/p>\n<h2>PLANIO &#8211; TUTORIAL<\/h2>\n<p>Ecco un tutorial in cui descrive le principali funzioni di questo <strong>software gestionale di progetti Agile<\/strong>:<\/p>\n<div id=\"fluid-wrapper-counter-1\" class=\"g1-fluid-wrapper \" style=\"width:686px;\">\n<div style=\"padding-bottom:56.268221574344%;\"><iframe loading=\"lazy\" title=\"Redmine Tutorial\" width=\"686\" height=\"386\" src=\"https:\/\/www.youtube.com\/embed\/jDEpIL-OcUw?start=21&#038;feature=oembed&amp;wmode=transparent&amp;autohide=1&amp;autoplay=0&amp;disablekb=0&amp;fs=1&amp;loop=0&amp;enablejsapi=1&amp;rel=0&amp;controls=2&amp;showinfo=0&amp;wmode=transparent&amp;autohide=2&amp;autoplay=0&amp;disablekb=0&amp;fs=1&amp;loop=0&amp;enablejsapi=1&amp;rel=0&amp;controls=2&amp;showinfo=1\" frameborder=\"0\" allow=\"accelerometer; autoplay; encrypted-media; gyroscope; picture-in-picture\" allowfullscreen><\/iframe><\/div>\n<\/div>\n<h3>PLANIO &#8211; CARATTERISTICHE<\/h3>\n<ul>\n<li>Soluzione completa per la gestione delle attivit\u00e0<\/li>\n<li>Gestisci i tuoi progetti in modo agile<\/li>\n<li>Pianificazione ed esecuzione dei tuoi progetti<\/li>\n<li>Crea, collabora e condividi informazioni in un ambiente wiki<\/li>\n<li>Comunicare in modo efficace tramite un blog, forum e commenti<\/li>\n<li>Repos integrati Git e SVN che funzionano<\/li>\n<li>Tenere traccia dell&#8217;avanzamento dei progetti<\/li>\n<li>Sincronizza facilmente file e cartelle con i tuoi dispositivi<\/li>\n<li>Mantieniti aggiornato ed eccellere nel servizio clienti<\/li>\n<li>Chatta con il tuo team in tempo reale<\/li>\n<\/ul>\n<h4>LE RECENSIONI DEGLI UTENTI<\/h4>\n<h4 class=\"font-weight-bold my-1 d-flex align-items-center\">Daniel P.&#8221;Strumento utile per la gestione del progetto.&#8221;<\/h4>\n<p><strong>Commenti: <\/strong>Ottenere relazioni delle ore lavorate, sui progetti assegnati e alla struttura organizzativa \u00e8 fantastico. Continuiamo a utilizzare Planio per tutti i nostri progetti. Ci consente di ottimizzare le operazioni sempre di pi\u00f9.<\/p>\n<p><strong>Vantaggi: <\/strong>\u00c8 un&#8217;applicazione innovativa che ha una gestione intrinseca del progetto secondo una metodologia agile.<br \/>\nCi\u00f2 consente di creare sezioni, tempistiche, lettere, etichette, tempo per ogni attivit\u00e0, incorporazione dei membri nel team di lavoro, monitoraggio delle attivit\u00e0, registrazione delle ore lavorate.\u00a0\u00c8 uno strumento che ci ha aiutato molto nell&#8217;azienda, sottolineo sempre il suo potenziale per la pianificazione pi\u00f9 precisa di ogni realt\u00e0 nella fornitura di servizi tecnologici.<\/p>\n<p><strong>Inconvenienti: <\/strong>Prestare attenzione quando si creano orari, lettere, attivit\u00e0 o biglietti per qualsiasi membro del team.<br \/>\nPu\u00f2 costare molto. Bene, questa applicazione pu\u00f2 generare report con pi\u00f9 filtri. Inoltre, \u00e8 noioso eliminare le attivit\u00e0 una volta completate e trasferite alla linea di produzione.\u00a0Hanno notifiche via email, ma lo fanno in eccesso.<\/p>\n<h4 class=\"font-weight-bold my-1 d-flex align-items-center\">Matt F.&#8221;Un prodotto di pianificazione del progetto davvero semplice&#8221;<\/h4>\n<p><strong>Commenti: <\/strong>Mi \u00e8 piaciuto perch\u00e9 \u00e8 semplice, facile da usare e ha molte ottime funzionalit\u00e0 e persino un piano gratuito se hai solo bisogno di una piattaforma di gestione personale.<\/p>\n<p><strong>Vantaggi: <\/strong>Lo sto usando per il monitoraggio dei bug e la gestione dei progetti. La sua semplicit\u00e0 \u00e8 davvero eccezionale.<\/p>\n<p><strong>Inconvenienti: <\/strong>A volte ci possono essere troppe opzioni che non sono spiegate bene.<\/p>\n<h4 class=\"font-weight-bold my-1 d-flex align-items-center\">Alexander T.&#8221;L&#8217;assistenza clienti e l&#8217;aiuto nella migrazione sono fantastici!&#8221;<\/h4>\n<p><strong>Commenti: <\/strong>In realt\u00e0 non posso ancora dire molto dello strumento, ho appena iniziato a usarlo. Ho lavorato con Redmine prima e sulla prima impressione plan.io sembra una configurazione molto stabile e coerente con belle funzioni come backup, scheda agile, schede attivit\u00e0 e repository integrato. L&#8217;ho scelto da molte altre offerte di Redmine. Quello che vorrei menzionare \u00e8 un supporto clienti davvero eccezionale. Plan.io offre servizi di migrazione gratuiti all&#8217;inizio. Avevamo Redbooth come tracker delle attivit\u00e0 precedenti e dovevamo migrare tutte le attivit\u00e0 e la cronologia da l\u00ec. La migrazione \u00e8 stata eseguita molto rapidamente (~ 1,5 giorni lavorativi), grazie a Jens Kr\u00e4mer e al suo team. Ci\u00f2 che \u00e8 davvero impressionante per me \u00e8 che non hanno chiesto i dati in un formato speciale, ho semplicemente fornito loro i dati di Redbooth come li avevo e hanno fatto tutte le conversioni di formattazione \/ codifica e cose del genere. \u00c8 stato davvero impressionante e utile. Grazie mille ragazzi! E buona fortuna con il prodotto! +1 cliente fedele da ora<\/p>\n","protected":false},"excerpt":{"rendered":"<p>Planio \u00e8 una piattaforma per la gestione di progetti online agile. Combina diverse funzionalit\u00e0 per facilitare l&#8217;attivit\u00e0 di pianificazione ed esecuzione dei progetti. La soluzione\u00a0rende la gestione dei progetti basata sul web e la collaborazione in team pi\u00f9 efficienti e produttivi.<\/p>\n","protected":false},"author":19,"featured_media":27285,"parent":27022,"menu_order":0,"comment_status":"open","ping_status":"closed","template":"g1_template_page_review_new.php","meta":{"_acf_changed":false,"cwp_meta_box_check":"Yes","cwp_rev_product_name":"","cwp_rev_product_image":"","wppr_links":[],"cwp_rev_price":"","wppr_options":[],"wppr_pros":[],"wppr_cons":[],"_monsterinsights_skip_tracking":false,"_monsterinsights_sitenote_active":false,"_monsterinsights_sitenote_note":"","_monsterinsights_sitenote_category":0,"footnotes":""},"categories":[2892],"tags":[2894,2916,2900,2992,2991,2896,2989,2990],"features":[],"class_list":{"0":"post-27283","1":"page","2":"type-page","3":"status-publish","4":"has-post-thumbnail","6":"category-gestionale-per-progetti-agile","7":"tag-agile","8":"tag-gestionale-agile","9":"tag-kanban-it","10":"tag-piattaforma-gestionale-agile","11":"tag-planio","12":"tag-scrum","13":"tag-software-gestionale-agile","14":"tag-soluzione-gestionale-agile"},"wppr_data":{"cwp_meta_box_check":"Yes","cwp_rev_product_name":"","cwp_rev_product_image":"","cwp_image_link":"image","cwp_rev_price":"","wppr_rating":"0.00"},"acf":[],"yoast_head":"<!-- This site is optimized with the Yoast SEO plugin v27.4 - https:\/\/yoast.com\/product\/yoast-seo-wordpress\/ -->\n<title>Planio: recensione software gestionale progetti agile - Accurate Reviews<\/title>\n<meta name=\"description\" content=\"Planio: recensione piattaforma per la gestione di progetti agile che combina diverse funzionalit\u00e0 per facilitare l&#039;attivit\u00e0 di pianificazione dei progetti.\" \/>\n<meta name=\"robots\" content=\"index, follow, max-snippet:-1, max-image-preview:large, max-video-preview:-1\" \/>\n<link rel=\"canonical\" href=\"https:\/\/www.accuratereviews.com\/it\/gestionale-per-progetti-agile\/planio-recensione\/\" \/>\n<meta property=\"og:locale\" content=\"it_IT\" \/>\n<meta property=\"og:type\" content=\"article\" \/>\n<meta property=\"og:title\" content=\"Planio: recensione software gestionale progetti agile - Accurate Reviews\" \/>\n<meta property=\"og:description\" content=\"Planio: recensione piattaforma per la gestione di progetti agile che combina diverse funzionalit\u00e0 per facilitare l&#039;attivit\u00e0 di pianificazione dei progetti.\" \/>\n<meta property=\"og:url\" content=\"https:\/\/www.accuratereviews.com\/it\/gestionale-per-progetti-agile\/planio-recensione\/\" \/>\n<meta property=\"og:site_name\" content=\"Accurate Reviews\" \/>\n<meta property=\"og:image\" content=\"https:\/\/www.accuratereviews.com\/wp-content\/uploads\/2020\/06\/planio.png\" \/>\n\t<meta property=\"og:image:width\" content=\"600\" \/>\n\t<meta property=\"og:image:height\" content=\"315\" \/>\n\t<meta property=\"og:image:type\" content=\"image\/png\" \/>\n<meta name=\"twitter:card\" content=\"summary_large_image\" \/>\n<meta name=\"twitter:label1\" content=\"Tempo di lettura stimato\" \/>\n\t<meta name=\"twitter:data1\" content=\"3 minuti\" \/>\n<script type=\"application\/ld+json\" class=\"yoast-schema-graph\">{\"@context\":\"https:\\\/\\\/schema.org\",\"@graph\":[{\"@type\":\"WebPage\",\"@id\":\"https:\\\/\\\/www.accuratereviews.com\\\/it\\\/gestionale-per-progetti-agile\\\/planio-recensione\\\/\",\"url\":\"https:\\\/\\\/www.accuratereviews.com\\\/it\\\/gestionale-per-progetti-agile\\\/planio-recensione\\\/\",\"name\":\"Planio: recensione software gestionale progetti agile - Accurate Reviews\",\"isPartOf\":{\"@id\":\"https:\\\/\\\/www.accuratereviews.com\\\/it\\\/#website\"},\"primaryImageOfPage\":{\"@id\":\"https:\\\/\\\/www.accuratereviews.com\\\/it\\\/gestionale-per-progetti-agile\\\/planio-recensione\\\/#primaryimage\"},\"image\":{\"@id\":\"https:\\\/\\\/www.accuratereviews.com\\\/it\\\/gestionale-per-progetti-agile\\\/planio-recensione\\\/#primaryimage\"},\"thumbnailUrl\":\"https:\\\/\\\/www.accuratereviews.com\\\/wp-content\\\/uploads\\\/2020\\\/06\\\/planio.png\",\"datePublished\":\"2020-06-08T07:14:06+00:00\",\"description\":\"Planio: recensione piattaforma per la gestione di progetti agile che combina diverse funzionalit\u00e0 per facilitare l'attivit\u00e0 di pianificazione dei progetti.\",\"breadcrumb\":{\"@id\":\"https:\\\/\\\/www.accuratereviews.com\\\/it\\\/gestionale-per-progetti-agile\\\/planio-recensione\\\/#breadcrumb\"},\"inLanguage\":\"it-IT\",\"potentialAction\":[{\"@type\":\"ReadAction\",\"target\":[\"https:\\\/\\\/www.accuratereviews.com\\\/it\\\/gestionale-per-progetti-agile\\\/planio-recensione\\\/\"]}]},{\"@type\":\"ImageObject\",\"inLanguage\":\"it-IT\",\"@id\":\"https:\\\/\\\/www.accuratereviews.com\\\/it\\\/gestionale-per-progetti-agile\\\/planio-recensione\\\/#primaryimage\",\"url\":\"https:\\\/\\\/www.accuratereviews.com\\\/wp-content\\\/uploads\\\/2020\\\/06\\\/planio.png\",\"contentUrl\":\"https:\\\/\\\/www.accuratereviews.com\\\/wp-content\\\/uploads\\\/2020\\\/06\\\/planio.png\",\"width\":600,\"height\":315},{\"@type\":\"BreadcrumbList\",\"@id\":\"https:\\\/\\\/www.accuratereviews.com\\\/it\\\/gestionale-per-progetti-agile\\\/planio-recensione\\\/#breadcrumb\",\"itemListElement\":[{\"@type\":\"ListItem\",\"position\":1,\"name\":\"Home\",\"item\":\"https:\\\/\\\/www.accuratereviews.com\\\/it\\\/\"},{\"@type\":\"ListItem\",\"position\":2,\"name\":\"Gestionale per progetti Agile\",\"item\":\"https:\\\/\\\/www.accuratereviews.com\\\/it\\\/gestionale-per-progetti-agile\\\/\"},{\"@type\":\"ListItem\",\"position\":3,\"name\":\"Planio\"}]},{\"@type\":\"WebSite\",\"@id\":\"https:\\\/\\\/www.accuratereviews.com\\\/it\\\/#website\",\"url\":\"https:\\\/\\\/www.accuratereviews.com\\\/it\\\/\",\"name\":\"Accurate Reviews\",\"description\":\"\",\"potentialAction\":[{\"@type\":\"SearchAction\",\"target\":{\"@type\":\"EntryPoint\",\"urlTemplate\":\"https:\\\/\\\/www.accuratereviews.com\\\/it\\\/?s={search_term_string}\"},\"query-input\":{\"@type\":\"PropertyValueSpecification\",\"valueRequired\":true,\"valueName\":\"search_term_string\"}}],\"inLanguage\":\"it-IT\"}]}<\/script>\n<!-- \/ Yoast SEO plugin. -->","yoast_head_json":{"title":"Planio: recensione software gestionale progetti agile - Accurate Reviews","description":"Planio: recensione piattaforma per la gestione di progetti agile che combina diverse funzionalit\u00e0 per facilitare l'attivit\u00e0 di pianificazione dei progetti.","robots":{"index":"index","follow":"follow","max-snippet":"max-snippet:-1","max-image-preview":"max-image-preview:large","max-video-preview":"max-video-preview:-1"},"canonical":"https:\/\/www.accuratereviews.com\/it\/gestionale-per-progetti-agile\/planio-recensione\/","og_locale":"it_IT","og_type":"article","og_title":"Planio: recensione software gestionale progetti agile - Accurate Reviews","og_description":"Planio: recensione piattaforma per la gestione di progetti agile che combina diverse funzionalit\u00e0 per facilitare l'attivit\u00e0 di pianificazione dei progetti.","og_url":"https:\/\/www.accuratereviews.com\/it\/gestionale-per-progetti-agile\/planio-recensione\/","og_site_name":"Accurate Reviews","og_image":[{"width":600,"height":315,"url":"https:\/\/www.accuratereviews.com\/wp-content\/uploads\/2020\/06\/planio.png","type":"image\/png"}],"twitter_card":"summary_large_image","twitter_misc":{"Tempo di lettura stimato":"3 minuti"},"schema":{"@context":"https:\/\/schema.org","@graph":[{"@type":"WebPage","@id":"https:\/\/www.accuratereviews.com\/it\/gestionale-per-progetti-agile\/planio-recensione\/","url":"https:\/\/www.accuratereviews.com\/it\/gestionale-per-progetti-agile\/planio-recensione\/","name":"Planio: recensione software gestionale progetti agile - Accurate Reviews","isPartOf":{"@id":"https:\/\/www.accuratereviews.com\/it\/#website"},"primaryImageOfPage":{"@id":"https:\/\/www.accuratereviews.com\/it\/gestionale-per-progetti-agile\/planio-recensione\/#primaryimage"},"image":{"@id":"https:\/\/www.accuratereviews.com\/it\/gestionale-per-progetti-agile\/planio-recensione\/#primaryimage"},"thumbnailUrl":"https:\/\/www.accuratereviews.com\/wp-content\/uploads\/2020\/06\/planio.png","datePublished":"2020-06-08T07:14:06+00:00","description":"Planio: recensione piattaforma per la gestione di progetti agile che combina diverse funzionalit\u00e0 per facilitare l'attivit\u00e0 di pianificazione dei progetti.","breadcrumb":{"@id":"https:\/\/www.accuratereviews.com\/it\/gestionale-per-progetti-agile\/planio-recensione\/#breadcrumb"},"inLanguage":"it-IT","potentialAction":[{"@type":"ReadAction","target":["https:\/\/www.accuratereviews.com\/it\/gestionale-per-progetti-agile\/planio-recensione\/"]}]},{"@type":"ImageObject","inLanguage":"it-IT","@id":"https:\/\/www.accuratereviews.com\/it\/gestionale-per-progetti-agile\/planio-recensione\/#primaryimage","url":"https:\/\/www.accuratereviews.com\/wp-content\/uploads\/2020\/06\/planio.png","contentUrl":"https:\/\/www.accuratereviews.com\/wp-content\/uploads\/2020\/06\/planio.png","width":600,"height":315},{"@type":"BreadcrumbList","@id":"https:\/\/www.accuratereviews.com\/it\/gestionale-per-progetti-agile\/planio-recensione\/#breadcrumb","itemListElement":[{"@type":"ListItem","position":1,"name":"Home","item":"https:\/\/www.accuratereviews.com\/it\/"},{"@type":"ListItem","position":2,"name":"Gestionale per progetti Agile","item":"https:\/\/www.accuratereviews.com\/it\/gestionale-per-progetti-agile\/"},{"@type":"ListItem","position":3,"name":"Planio"}]},{"@type":"WebSite","@id":"https:\/\/www.accuratereviews.com\/it\/#website","url":"https:\/\/www.accuratereviews.com\/it\/","name":"Accurate Reviews","description":"","potentialAction":[{"@type":"SearchAction","target":{"@type":"EntryPoint","urlTemplate":"https:\/\/www.accuratereviews.com\/it\/?s={search_term_string}"},"query-input":{"@type":"PropertyValueSpecification","valueRequired":true,"valueName":"search_term_string"}}],"inLanguage":"it-IT"}]}},"_links":{"self":[{"href":"https:\/\/www.accuratereviews.com\/it\/wp-json\/wp\/v2\/pages\/27283","targetHints":{"allow":["GET"]}}],"collection":[{"href":"https:\/\/www.accuratereviews.com\/it\/wp-json\/wp\/v2\/pages"}],"about":[{"href":"https:\/\/www.accuratereviews.com\/it\/wp-json\/wp\/v2\/types\/page"}],"author":[{"embeddable":true,"href":"https:\/\/www.accuratereviews.com\/it\/wp-json\/wp\/v2\/users\/19"}],"replies":[{"embeddable":true,"href":"https:\/\/www.accuratereviews.com\/it\/wp-json\/wp\/v2\/comments?post=27283"}],"version-history":[{"count":7,"href":"https:\/\/www.accuratereviews.com\/it\/wp-json\/wp\/v2\/pages\/27283\/revisions"}],"predecessor-version":[{"id":27297,"href":"https:\/\/www.accuratereviews.com\/it\/wp-json\/wp\/v2\/pages\/27283\/revisions\/27297"}],"up":[{"embeddable":true,"href":"https:\/\/www.accuratereviews.com\/it\/wp-json\/wp\/v2\/pages\/27022"}],"wp:featuredmedia":[{"embeddable":true,"href":"https:\/\/www.accuratereviews.com\/it\/wp-json\/wp\/v2\/media\/27285"}],"wp:attachment":[{"href":"https:\/\/www.accuratereviews.com\/it\/wp-json\/wp\/v2\/media?parent=27283"}],"wp:term":[{"taxonomy":"category","embeddable":true,"href":"https:\/\/www.accuratereviews.com\/it\/wp-json\/wp\/v2\/categories?post=27283"},{"taxonomy":"post_tag","embeddable":true,"href":"https:\/\/www.accuratereviews.com\/it\/wp-json\/wp\/v2\/tags?post=27283"},{"taxonomy":"features","embeddable":true,"href":"https:\/\/www.accuratereviews.com\/it\/wp-json\/wp\/v2\/features?post=27283"}],"curies":[{"name":"wp","href":"https:\/\/api.w.org\/{rel}","templated":true}]}}