{"id":27307,"date":"2020-06-10T08:42:40","date_gmt":"2020-06-10T08:42:40","guid":{"rendered":"https:\/\/www.accuratereviews.com\/?page_id=27307"},"modified":"2021-02-02T16:41:46","modified_gmt":"2021-02-02T16:41:46","slug":"simplepractice-recensione","status":"publish","type":"page","link":"https:\/\/www.accuratereviews.com\/it\/gestionali-per-fisioterapia-lista\/simplepractice-recensione\/","title":{"rendered":"SimplePractice"},"content":{"rendered":"<p><strong>SimplePractice<\/strong> \u00e8 un software di <strong>gestione pratiche per centri di fisioterapia<\/strong> creato per i professionisti della salute centralizza la memorizzazione e l&#8217;accesso di note, fatture e pianificazione per un facile recupero.\u00a0Lo strumento ti aiuta anche a rispettare i requisiti di sicurezza e privacy HIPAA. Utilizzando un&#8217;app mobile, puoi gestire la tua pratica in qualsiasi luogo in qualsiasi momento tramite il tuo smartphone sia per iPhone che per dispositivi Android. Nel frattempo, i clienti possono fissare appuntamenti attraverso il portale cliente o sul sito web in base alla disponibilit\u00e0 su Google Calendar. Inoltre, la soluzione gestisce anche la contabilit\u00e0 per assicurarti di essere pagato facilmente elaborando i pagamenti con carta di credito in modo sicuro, utilizzando AutoPay e archiviando elettronicamente i reclami assicurativi.<\/p>\n<h2>SIMPLEPRACTICE &#8211; TUTORIAL<\/h2>\n<p>In questo video, vediamo come fatturare e tracciare i crediti, nonch\u00e9 le migliori pratiche per il monitoraggio dei pagamenti utilizzando questo <strong>software gestionale per fisioterapia<\/strong>:<\/p>\n<div id=\"fluid-wrapper-counter-1\" class=\"g1-fluid-wrapper \" style=\"width:686px;\">\n<div style=\"padding-bottom:56.268221574344%;\"><iframe loading=\"lazy\" title=\"SimplePractice: Insurance Accounting Set Up and Best Practices\" width=\"686\" height=\"386\" src=\"https:\/\/www.youtube.com\/embed\/P8eE04CyE6A?feature=oembed&amp;wmode=transparent&amp;autohide=1&amp;autoplay=0&amp;disablekb=0&amp;fs=1&amp;loop=0&amp;enablejsapi=1&amp;rel=0&amp;controls=2&amp;showinfo=0&amp;wmode=transparent&amp;autohide=2&amp;autoplay=0&amp;disablekb=0&amp;fs=1&amp;loop=0&amp;enablejsapi=1&amp;rel=0&amp;controls=2&amp;showinfo=1\" frameborder=\"0\" allow=\"accelerometer; autoplay; clipboard-write; encrypted-media; gyroscope; picture-in-picture\" allowfullscreen><\/iframe><\/div>\n<\/div>\n<h3>SIMPLEPRACTICE &#8211; CARATTERISTICHE<\/h3>\n<ul>\n<li><strong>Resta sempre conforme a HIPAA<\/strong>: mantieni i dati al sicuro, chiama le persone anonime e le informazioni private con la crittografia a livello di banca<\/li>\n<li><strong>Avvia una videochiamata da qualsiasi luogo<\/strong>: migliora l&#8217;accessibilit\u00e0 del client con un solo link senza password o seccatura<\/li>\n<li><strong>Coinvolgi i clienti in tempo reale<\/strong>: condividi video, fogli di lavoro per il monitoraggio degli obiettivi e altro ancora dallo schermo per mantenere un&#8217;assistenza di alta qualit\u00e0<\/li>\n<li><strong>Fornire praticit\u00e0 e flessibilit\u00e0<\/strong>: consentire ai clienti nuovi ed esistenti di prenotare i propri appuntamenti e mantenere comunque il controllo sul programma<\/li>\n<li><strong>Offri un facile accesso alla prenotazione online<\/strong>: incorpora il widget di prenotazione sul tuo sito web per consentire ai clienti potenziali ed esistenti di richiedere appuntamenti<\/li>\n<li><strong>Tutto tramite smartphone<\/strong>: invia ai clienti documenti sicuri e ottimizzati per i dispositivi mobili che possono essere rapidamente compilati prima dell&#8217;orario degli appuntamenti<\/li>\n<li><strong>Consenti ai clienti di caricare documenti:<\/strong> ricevi tessere assicurative per i clienti, documenti di assunzione firmati e altro direttamente dal loro portale clienti online<\/li>\n<li><strong>Raccogli i pagamenti con comodit\u00e0<\/strong>: aggiorna i dati della carta di credito, invia i documenti di fatturazione ed elabora i pagamenti in pochi secondi con il Portale clienti<\/li>\n<li><strong>Invia messaggi sicuri<\/strong>: garantisci la privacy dei clienti e centralizza tutte le comunicazioni con la messaggistica conforme a HIPAA<\/li>\n<li><strong>Gestisci gli appuntamenti a modo tuo<\/strong>: avere il controllo su orari, servizi e posizioni disponibili. Puoi anche accettare o rifiutare richieste di appuntamento<\/li>\n<li><strong>Ridurre le mancate presentazioni<\/strong>: invia gratuitamente quanti messaggi di testo, e-mail e promemoria vocali automatizzati e personalizzabili desideri<\/li>\n<li><strong>Rimani organizzato su tutti i calendari<\/strong>: sincronizza il tuo calendario iCal, Google o Outlook per organizzare gli appuntamenti personali e aziendali<\/li>\n<li><strong>Ridurre le ore dedicate alla documentazione<\/strong>: scegli da una solida libreria di moduli di assunzione, piani di trattamento e altro ancora che puoi personalizzare e aggiungere firme elettroniche sicure<\/li>\n<\/ul>\n<h4>LE RECENSIONI DEGLI UTENTI<\/h4>\n<h4 class=\"font-weight-bold my-1 d-flex align-items-center\">Drew A.&#8221;Il miglior sistema l\u00e0 fuori&#8221;<\/h4>\n<p><strong>Commenti: <\/strong>Finora ho avuto un&#8217;esperienza eccellente con SP. Sono molto felice di aver firmato e vorrei davvero averlo fatto prima. Il loro supporto clienti, in particolare, \u00e8 stato molto apprezzato. Questo sta gi\u00e0 migliorando la mia pratica. Grazie!<\/p>\n<p><strong>Vantaggi: <\/strong>Esistono molte funzionalit\u00e0 intuitive che consentono di spostarsi agilmente attraverso il sistema gestendo diversi aspetti di un file client. Mi piace anche l&#8217;aspetto del sistema e che posso accedervi tramite l&#8217;app del telefono. Inoltre, ha un grande valore, soprattutto se confrontato con altri sistemi. Fidati di me, li ho testati tutti.<\/p>\n<p><strong>Inconvenienti: <\/strong>Ci sono alcuni pezzi che sembrano goffi. Ad esempio, il passaggio tra il lato client e il lato clinico a volte mi confonde. Inoltre, mentre i moduli sono personalizzabili, ci sono stati alcuni aspetti che non potevo cambiare. Vorrei poter usare il tuo account Stripe con il sistema invece di doverne creare uno nuovo. Mi rende difficile tracciare dove sono i miei fondi in un dato momento. Alla fine, quando apri una nota ma la abbandoni, lascia l&#8217;elenco delle attivit\u00e0. Ci\u00f2 pu\u00f2 rendere difficile tenere traccia di quali note devono essere completate o rimanere sbloccate.<\/p>\n<h5 class=\"font-weight-bold my-1 d-flex align-items-center\">Anny G.&#8221;Tendenzialmente semplice&#8221;<\/h5>\n<p><strong>Commenti: <\/strong>Molto facile da usare per compiti semplici. Dopo aver ottenuto rapporti dall&#8217;assicurazione e scrivere \/ creare moduli. C&#8217;\u00e8 una curva di apprendimento.<\/p>\n<p><strong>Vantaggi: <\/strong>Prezzo. \u00c8 molto conveniente rispetto a Therabill. Nell&#8217;edizione, sono in grado di trasferire l&#8217;elenco dei client sul loro sistema.<\/p>\n<p><strong>Inconvenienti: <\/strong>Con alcune assicurazioni, ci sono moduli complicati da inviare via e-mail \/ scansione \/ fax in modo da ritardare la ricezione di ERA. Vorrei che semplificassero il processo.<\/p>\n<h4 class=\"font-weight-bold my-1 d-flex align-items-center\">Eydie G.&#8221;Funzionalit\u00e0 impressionanti&#8221;<\/h4>\n<p><strong>Commenti: <\/strong>Strumento molto utile per eseguire la mia pratica.<\/p>\n<p><strong>Vantaggi: <\/strong>Facile da configurare e navigare.<\/p>\n<p><strong>Inconvenienti: <\/strong>Le funzionalit\u00e0 complete sono disponibili solo per il doppio della tariffa prevista. Dar\u00f2 un altro mese per vedere se vale la pena investire.<\/p>\n","protected":false},"excerpt":{"rendered":"<p>SimplePractice \u00e8 un software di gestione pratiche per centri di fisioterapia creato per i professionisti della salute centralizza la memorizzazione e l&#8217;accesso di note, fatture e pianificazione per un facile recupero.\u00a0Lo strumento ti aiuta anche a rispettare i requisiti di sicurezza e privacy HIPAA<\/p>\n","protected":false},"author":19,"featured_media":27308,"parent":27304,"menu_order":0,"comment_status":"open","ping_status":"closed","template":"g1_template_page_review_new.php","meta":{"_acf_changed":false,"cwp_meta_box_check":"Yes","cwp_rev_product_name":"","cwp_rev_product_image":"","wppr_links":[],"cwp_rev_price":"","wppr_options":[],"wppr_pros":[],"wppr_cons":[],"_monsterinsights_skip_tracking":false,"_monsterinsights_sitenote_active":false,"_monsterinsights_sitenote_note":"","_monsterinsights_sitenote_category":0,"footnotes":""},"categories":[2993],"tags":[2997,2994,2998,2995,2996],"features":[],"class_list":{"0":"post-27307","1":"page","2":"type-page","3":"status-publish","4":"has-post-thumbnail","6":"category-gestionale-per-fisioterapia-categoria","7":"tag-applicazione-gestionale-per-fisioterapie","8":"tag-physical-therapy-software","9":"tag-piattaforma-per-fisioterapia","10":"tag-software-gestionale-per-fisioterapie","11":"tag-soluzioni-gestionali-per-fisioterapie"},"wppr_data":{"cwp_meta_box_check":"Yes","cwp_rev_product_name":"","cwp_rev_product_image":"","cwp_image_link":"image","cwp_rev_price":"","wppr_rating":"0.00"},"acf":[],"yoast_head":"<!-- This site is optimized with the Yoast SEO plugin v27.4 - https:\/\/yoast.com\/product\/yoast-seo-wordpress\/ -->\n<title>SimplePractice: recensione gestionale per fisioterapia - Accurate Reviews<\/title>\n<meta name=\"description\" content=\"SimplePractice: recensione software di gestione pratiche per centri di fisioterapia creato per i professionisti della salute.\" \/>\n<meta name=\"robots\" content=\"index, follow, max-snippet:-1, max-image-preview:large, max-video-preview:-1\" \/>\n<link rel=\"canonical\" href=\"https:\/\/www.accuratereviews.com\/it\/gestionali-per-fisioterapia-lista\/simplepractice-recensione\/\" \/>\n<meta property=\"og:locale\" content=\"it_IT\" \/>\n<meta property=\"og:type\" content=\"article\" \/>\n<meta property=\"og:title\" content=\"SimplePractice: recensione gestionale per fisioterapia - Accurate Reviews\" \/>\n<meta property=\"og:description\" content=\"SimplePractice: recensione software di gestione pratiche per centri di fisioterapia creato per i professionisti della salute.\" \/>\n<meta property=\"og:url\" content=\"https:\/\/www.accuratereviews.com\/it\/gestionali-per-fisioterapia-lista\/simplepractice-recensione\/\" \/>\n<meta property=\"og:site_name\" content=\"Accurate Reviews\" \/>\n<meta property=\"article:modified_time\" content=\"2021-02-02T16:41:46+00:00\" \/>\n<meta property=\"og:image\" content=\"https:\/\/www.accuratereviews.com\/wp-content\/uploads\/2020\/06\/simplepractice-logo.png\" \/>\n\t<meta property=\"og:image:width\" content=\"1000\" \/>\n\t<meta property=\"og:image:height\" content=\"235\" \/>\n\t<meta property=\"og:image:type\" content=\"image\/png\" \/>\n<meta name=\"twitter:card\" content=\"summary_large_image\" \/>\n<meta name=\"twitter:label1\" content=\"Tempo di lettura stimato\" \/>\n\t<meta name=\"twitter:data1\" content=\"4 minuti\" \/>\n<script type=\"application\/ld+json\" class=\"yoast-schema-graph\">{\"@context\":\"https:\\\/\\\/schema.org\",\"@graph\":[{\"@type\":\"WebPage\",\"@id\":\"https:\\\/\\\/www.accuratereviews.com\\\/it\\\/gestionali-per-fisioterapia-lista\\\/simplepractice-recensione\\\/\",\"url\":\"https:\\\/\\\/www.accuratereviews.com\\\/it\\\/gestionali-per-fisioterapia-lista\\\/simplepractice-recensione\\\/\",\"name\":\"SimplePractice: recensione gestionale per fisioterapia - Accurate Reviews\",\"isPartOf\":{\"@id\":\"https:\\\/\\\/www.accuratereviews.com\\\/it\\\/#website\"},\"primaryImageOfPage\":{\"@id\":\"https:\\\/\\\/www.accuratereviews.com\\\/it\\\/gestionali-per-fisioterapia-lista\\\/simplepractice-recensione\\\/#primaryimage\"},\"image\":{\"@id\":\"https:\\\/\\\/www.accuratereviews.com\\\/it\\\/gestionali-per-fisioterapia-lista\\\/simplepractice-recensione\\\/#primaryimage\"},\"thumbnailUrl\":\"https:\\\/\\\/www.accuratereviews.com\\\/wp-content\\\/uploads\\\/2020\\\/06\\\/simplepractice-logo.png\",\"datePublished\":\"2020-06-10T08:42:40+00:00\",\"dateModified\":\"2021-02-02T16:41:46+00:00\",\"description\":\"SimplePractice: recensione software di gestione pratiche per centri di fisioterapia creato per i professionisti della salute.\",\"breadcrumb\":{\"@id\":\"https:\\\/\\\/www.accuratereviews.com\\\/it\\\/gestionali-per-fisioterapia-lista\\\/simplepractice-recensione\\\/#breadcrumb\"},\"inLanguage\":\"it-IT\",\"potentialAction\":[{\"@type\":\"ReadAction\",\"target\":[\"https:\\\/\\\/www.accuratereviews.com\\\/it\\\/gestionali-per-fisioterapia-lista\\\/simplepractice-recensione\\\/\"]}]},{\"@type\":\"ImageObject\",\"inLanguage\":\"it-IT\",\"@id\":\"https:\\\/\\\/www.accuratereviews.com\\\/it\\\/gestionali-per-fisioterapia-lista\\\/simplepractice-recensione\\\/#primaryimage\",\"url\":\"https:\\\/\\\/www.accuratereviews.com\\\/wp-content\\\/uploads\\\/2020\\\/06\\\/simplepractice-logo.png\",\"contentUrl\":\"https:\\\/\\\/www.accuratereviews.com\\\/wp-content\\\/uploads\\\/2020\\\/06\\\/simplepractice-logo.png\",\"width\":1000,\"height\":235},{\"@type\":\"BreadcrumbList\",\"@id\":\"https:\\\/\\\/www.accuratereviews.com\\\/it\\\/gestionali-per-fisioterapia-lista\\\/simplepractice-recensione\\\/#breadcrumb\",\"itemListElement\":[{\"@type\":\"ListItem\",\"position\":1,\"name\":\"Home\",\"item\":\"https:\\\/\\\/www.accuratereviews.com\\\/it\\\/\"},{\"@type\":\"ListItem\",\"position\":2,\"name\":\"Gestionali per fisioterapia\",\"item\":\"https:\\\/\\\/www.accuratereviews.com\\\/it\\\/gestionali-per-fisioterapia-lista\\\/\"},{\"@type\":\"ListItem\",\"position\":3,\"name\":\"SimplePractice\"}]},{\"@type\":\"WebSite\",\"@id\":\"https:\\\/\\\/www.accuratereviews.com\\\/it\\\/#website\",\"url\":\"https:\\\/\\\/www.accuratereviews.com\\\/it\\\/\",\"name\":\"Accurate Reviews\",\"description\":\"\",\"potentialAction\":[{\"@type\":\"SearchAction\",\"target\":{\"@type\":\"EntryPoint\",\"urlTemplate\":\"https:\\\/\\\/www.accuratereviews.com\\\/it\\\/?s={search_term_string}\"},\"query-input\":{\"@type\":\"PropertyValueSpecification\",\"valueRequired\":true,\"valueName\":\"search_term_string\"}}],\"inLanguage\":\"it-IT\"}]}<\/script>\n<!-- \/ Yoast SEO plugin. -->","yoast_head_json":{"title":"SimplePractice: recensione gestionale per fisioterapia - Accurate Reviews","description":"SimplePractice: recensione software di gestione pratiche per centri di fisioterapia creato per i professionisti della salute.","robots":{"index":"index","follow":"follow","max-snippet":"max-snippet:-1","max-image-preview":"max-image-preview:large","max-video-preview":"max-video-preview:-1"},"canonical":"https:\/\/www.accuratereviews.com\/it\/gestionali-per-fisioterapia-lista\/simplepractice-recensione\/","og_locale":"it_IT","og_type":"article","og_title":"SimplePractice: recensione gestionale per fisioterapia - Accurate Reviews","og_description":"SimplePractice: recensione software di gestione pratiche per centri di fisioterapia creato per i professionisti della salute.","og_url":"https:\/\/www.accuratereviews.com\/it\/gestionali-per-fisioterapia-lista\/simplepractice-recensione\/","og_site_name":"Accurate Reviews","article_modified_time":"2021-02-02T16:41:46+00:00","og_image":[{"width":1000,"height":235,"url":"https:\/\/www.accuratereviews.com\/wp-content\/uploads\/2020\/06\/simplepractice-logo.png","type":"image\/png"}],"twitter_card":"summary_large_image","twitter_misc":{"Tempo di lettura stimato":"4 minuti"},"schema":{"@context":"https:\/\/schema.org","@graph":[{"@type":"WebPage","@id":"https:\/\/www.accuratereviews.com\/it\/gestionali-per-fisioterapia-lista\/simplepractice-recensione\/","url":"https:\/\/www.accuratereviews.com\/it\/gestionali-per-fisioterapia-lista\/simplepractice-recensione\/","name":"SimplePractice: recensione gestionale per fisioterapia - Accurate Reviews","isPartOf":{"@id":"https:\/\/www.accuratereviews.com\/it\/#website"},"primaryImageOfPage":{"@id":"https:\/\/www.accuratereviews.com\/it\/gestionali-per-fisioterapia-lista\/simplepractice-recensione\/#primaryimage"},"image":{"@id":"https:\/\/www.accuratereviews.com\/it\/gestionali-per-fisioterapia-lista\/simplepractice-recensione\/#primaryimage"},"thumbnailUrl":"https:\/\/www.accuratereviews.com\/wp-content\/uploads\/2020\/06\/simplepractice-logo.png","datePublished":"2020-06-10T08:42:40+00:00","dateModified":"2021-02-02T16:41:46+00:00","description":"SimplePractice: recensione software di gestione pratiche per centri di fisioterapia creato per i professionisti della salute.","breadcrumb":{"@id":"https:\/\/www.accuratereviews.com\/it\/gestionali-per-fisioterapia-lista\/simplepractice-recensione\/#breadcrumb"},"inLanguage":"it-IT","potentialAction":[{"@type":"ReadAction","target":["https:\/\/www.accuratereviews.com\/it\/gestionali-per-fisioterapia-lista\/simplepractice-recensione\/"]}]},{"@type":"ImageObject","inLanguage":"it-IT","@id":"https:\/\/www.accuratereviews.com\/it\/gestionali-per-fisioterapia-lista\/simplepractice-recensione\/#primaryimage","url":"https:\/\/www.accuratereviews.com\/wp-content\/uploads\/2020\/06\/simplepractice-logo.png","contentUrl":"https:\/\/www.accuratereviews.com\/wp-content\/uploads\/2020\/06\/simplepractice-logo.png","width":1000,"height":235},{"@type":"BreadcrumbList","@id":"https:\/\/www.accuratereviews.com\/it\/gestionali-per-fisioterapia-lista\/simplepractice-recensione\/#breadcrumb","itemListElement":[{"@type":"ListItem","position":1,"name":"Home","item":"https:\/\/www.accuratereviews.com\/it\/"},{"@type":"ListItem","position":2,"name":"Gestionali per fisioterapia","item":"https:\/\/www.accuratereviews.com\/it\/gestionali-per-fisioterapia-lista\/"},{"@type":"ListItem","position":3,"name":"SimplePractice"}]},{"@type":"WebSite","@id":"https:\/\/www.accuratereviews.com\/it\/#website","url":"https:\/\/www.accuratereviews.com\/it\/","name":"Accurate Reviews","description":"","potentialAction":[{"@type":"SearchAction","target":{"@type":"EntryPoint","urlTemplate":"https:\/\/www.accuratereviews.com\/it\/?s={search_term_string}"},"query-input":{"@type":"PropertyValueSpecification","valueRequired":true,"valueName":"search_term_string"}}],"inLanguage":"it-IT"}]}},"_links":{"self":[{"href":"https:\/\/www.accuratereviews.com\/it\/wp-json\/wp\/v2\/pages\/27307","targetHints":{"allow":["GET"]}}],"collection":[{"href":"https:\/\/www.accuratereviews.com\/it\/wp-json\/wp\/v2\/pages"}],"about":[{"href":"https:\/\/www.accuratereviews.com\/it\/wp-json\/wp\/v2\/types\/page"}],"author":[{"embeddable":true,"href":"https:\/\/www.accuratereviews.com\/it\/wp-json\/wp\/v2\/users\/19"}],"replies":[{"embeddable":true,"href":"https:\/\/www.accuratereviews.com\/it\/wp-json\/wp\/v2\/comments?post=27307"}],"version-history":[{"count":9,"href":"https:\/\/www.accuratereviews.com\/it\/wp-json\/wp\/v2\/pages\/27307\/revisions"}],"predecessor-version":[{"id":36547,"href":"https:\/\/www.accuratereviews.com\/it\/wp-json\/wp\/v2\/pages\/27307\/revisions\/36547"}],"up":[{"embeddable":true,"href":"https:\/\/www.accuratereviews.com\/it\/wp-json\/wp\/v2\/pages\/27304"}],"wp:featuredmedia":[{"embeddable":true,"href":"https:\/\/www.accuratereviews.com\/it\/wp-json\/wp\/v2\/media\/27308"}],"wp:attachment":[{"href":"https:\/\/www.accuratereviews.com\/it\/wp-json\/wp\/v2\/media?parent=27307"}],"wp:term":[{"taxonomy":"category","embeddable":true,"href":"https:\/\/www.accuratereviews.com\/it\/wp-json\/wp\/v2\/categories?post=27307"},{"taxonomy":"post_tag","embeddable":true,"href":"https:\/\/www.accuratereviews.com\/it\/wp-json\/wp\/v2\/tags?post=27307"},{"taxonomy":"features","embeddable":true,"href":"https:\/\/www.accuratereviews.com\/it\/wp-json\/wp\/v2\/features?post=27307"}],"curies":[{"name":"wp","href":"https:\/\/api.w.org\/{rel}","templated":true}]}}