{"id":27379,"date":"2020-06-10T08:43:22","date_gmt":"2020-06-10T08:43:22","guid":{"rendered":"https:\/\/www.accuratereviews.com\/?page_id=27379"},"modified":"2021-02-02T17:33:41","modified_gmt":"2021-02-02T17:33:41","slug":"advancedmd-recensione","status":"publish","type":"page","link":"https:\/\/www.accuratereviews.com\/it\/gestionali-per-fisioterapia-lista\/advancedmd-recensione\/","title":{"rendered":"AdvancedMD"},"content":{"rendered":"<p><strong>AdvancedMD<\/strong> \u00e8 una <strong>soluzione EMR<\/strong> elettronica che assiste cliniche e professionisti nell&#8217;automazione del flusso di lavoro e garantisce trasferimenti di dati senza interruzioni e registrazioni accurate. La soluzione EHR basata su <strong>cloud<\/strong> mantiene le informazioni aggiornate e consente ai medici di gestire l&#8217;assistenza dei pazienti in modo pi\u00f9 efficiente. La stretta integrazione della soluzione con il software di fatturazione medica garantisce un funzionamento armonioso delle funzioni cliniche e aziendali.\u00a0I componenti aggiuntivi e le funzionalit\u00e0, tra cui app per dispositivi mobili iOS, prescrizione elettronica, e-fax e telemedicina, eliminano lo stress dal lavoro e consentono alle organizzazioni di concentrarsi maggiormente sui loro servizi invece di preoccuparsi delle normali attivit\u00e0 amministrative. I sofisticati flussi di lavoro sono progettati per migliorare la qualit\u00e0 e l&#8217;efficienza clinica e aiutare le organizzazioni a ridurre i costi.<\/p>\n<h2>ADVANCEDMD &#8211; TUTORIAL<\/h2>\n<p>Ecco un video in cui scopriamo come utilizzare questo <strong>software gestionale per fisioterapie<\/strong>:<\/p>\n<div id=\"fluid-wrapper-counter-1\" class=\"g1-fluid-wrapper \" style=\"width:686px;\">\n<div style=\"padding-bottom:56.268221574344%;\"><iframe loading=\"lazy\" title=\"Patient Chart Reimagined | AdvancedMD EHR\" width=\"686\" height=\"386\" src=\"https:\/\/www.youtube.com\/embed\/2jSP5tgRhl4?feature=oembed&amp;wmode=transparent&amp;autohide=1&amp;autoplay=0&amp;disablekb=0&amp;fs=1&amp;loop=0&amp;enablejsapi=1&amp;rel=0&amp;controls=2&amp;showinfo=0&amp;wmode=transparent&amp;autohide=2&amp;autoplay=0&amp;disablekb=0&amp;fs=1&amp;loop=0&amp;enablejsapi=1&amp;rel=0&amp;controls=2&amp;showinfo=1\" frameborder=\"0\" allow=\"accelerometer; autoplay; clipboard-write; encrypted-media; gyroscope; picture-in-picture\" allowfullscreen><\/iframe><\/div>\n<\/div>\n<h2>ADVANCEDMD &#8211; CARATTERISTICHE<\/h2>\n<ul>\n<li><strong>Analisi e rapporti<\/strong>: misura il tuo successo e massimizza le entrate con gli strumenti di reporting e business intelligence esclusivi e facili da usare<\/li>\n<li><strong>Centro di controllo A\/R<\/strong>: Incrementa le entrate con facilit\u00e0. Le liste di lavoro delle collezioni e gli strumenti di tracciamento dei rifiuti eliminano la seccatura della gestione dei crediti in modo da poterli raccogliere di pi\u00f9, pi\u00f9 velocemente<\/li>\n<li><strong>Pianificazione medica<\/strong>: software di fatturazione \u00e8 integrato con gli strumenti di pianificazione e front office in modo da poter raccogliere pagamenti con la visualizzazione con un clic di informazioni sul paziente, copays e ammissibilit\u00e0<\/li>\n<li><strong>Fatturazione medica ospitata su cloud<\/strong>: pi\u00f9 libert\u00e0, meno attrezzatura. La fatturazione medica ospitata su cloud mantiene i tuoi dati al sicuro e ti consente di risparmiare un sacco di costi di apparecchiature e IT<\/li>\n<li><strong>Integrazione EHR<\/strong>: i dati sui reclami e gli addebiti per il pagamento vengono automaticamente trasferiti nei tuoi registri sanitari elettronici, quindi non devi preoccuparti di processi manuali e doppia immissione dei dati<\/li>\n<li><strong>Fatturazione centralizzata<\/strong>: fatturazione medica centralizzata con prestazioni straordinarie. \u00c8 possibile gestire la fatturazione per ciascun provider e posizione all&#8217;interno di un singolo database e accesso<\/li>\n<li><strong>ClaimInspector<\/strong>: pulisce automaticamente i tuoi reclami per errori CCI, HIPAA e LCD in modo da vedere un tasso di accettazione dei reclami di primo passaggio quasi del 100%<\/li>\n<li><strong>Servizi di conversione dei dati<\/strong>: consenti ai nostri esperti di dati di gestire la migrazione dei dati dal tuo sistema precedente<\/li>\n<li><strong>eEligibility<\/strong>: controlla l&#8217;idoneit\u00e0 dell&#8217;assicurazione del paziente prima degli appuntamenti o esegui controlli su richiesta con un semplice clic<\/li>\n<li><strong>eRemittance<\/strong>: soluzione di elaborazione automatizzata ERA (consulenza sulla rimessa elettronica) per pratiche indipendenti<\/li>\n<\/ul>\n<h4>LE RECENSIONE DEGLI UTENTI<\/h4>\n<h4 class=\"font-weight-bold my-1 d-flex align-items-center\">Yaima O.&#8221;Revisione PM di AdvancedHM EHR&#8221;<\/h4>\n<p><strong>Commenti: <\/strong>Ottima esperienza con Advanced MD. Prendono suggerimenti e idee e ne implementano alcuni.<\/p>\n<p><strong>Vantaggi: <\/strong>AdvancedMD \u00e8 un sistema affidabile per la fatturazione. Siamo in grado di fatturare, tracciare i sinistri, verificare la copertura assicurativa e registrare facilmente i pagamenti.<\/p>\n<p><strong>Inconvenienti: <\/strong>Ritengo che i farmaci sul lato EHR debbano migliorare e pi\u00f9 rapporti di fatturazione.<\/p>\n<h4 class=\"font-weight-bold my-1 d-flex align-items-center\">Jeanette W.&#8221;Software eccellente per la fatturazione assicurativa&#8221;<\/h4>\n<p><strong>Vantaggi: <\/strong>Un software semplice da usare per la fatturazione dei crediti assicurativi. Usiamo Practice Fusion e questo \u00e8 uno dei pochi software di fatturazione che &#8220;parleranno&#8221; con il nostro EMR. Il sistema \u00e8 semplice da configurare e la societ\u00e0 pu\u00f2 metterti in funzione (utilizzando la loro stanza di compensazione) entro circa 4 settimane. L&#8217;assistenza clienti \u00e8 buona. Rispondono rapidamente. La funzionalit\u00e0 consente di risparmiare tempo con ERA e la pubblicazione automatica. Abbiamo un unico fornitore e questo funziona alla grande.<\/p>\n<p><strong>Inconvenienti: <\/strong>Pu\u00f2 essere difficile \/ richiedere tempo per aggiungere un altro provider. Devi pianificare in anticipo se hai intenzione di farlo.<\/p>\n<h4 class=\"font-weight-bold my-1 d-flex align-items-center\">Amy K.&#8221;Ottimo servizio, ricco di funzionalit\u00e0, risultati eccellenti&#8221;<\/h4>\n<p><strong>Commenti: <\/strong>Siamo clienti da oltre 12 anni e non ho mai trovato un prodotto che offre tante funzionalit\u00e0, un servizio clienti migliore e un ritorno sull&#8217;investimento complessivo. Ha permesso alla nostra attivit\u00e0 di espandersi in modo efficiente sin dal primo giorno e ci ha fornito un veicolo per funzionalit\u00e0 all&#8217;avanguardia, a un prezzo sensato per la nostra attivit\u00e0 in ogni fase del processo.<\/p>\n<p><strong>Vantaggi: <\/strong>La piattaforma basata su cloud consente un utilizzo e una collaborazione molto flessibili tra utenti e posizioni. Ci sono molte funzionalit\u00e0 offerte e aggiunte ogni anno, al passo con gli ultimi progressi, efficienze e automazioni. I flussi di lavoro sono ben studiati, sia dal punto di vista clinico, sia da quelli amministrativi e contabili. Il livello di personalizzazione per i report non ha eguali al di fuori della creazione dei propri server di report. Il servizio clienti \u00e8 rimasto costantemente eccezionale per oltre 12 anni, con particolare attenzione e attenzione all&#8217;esperienza dell&#8217;utente. Non ho mai visto file di aiuto robusti e aggiornati in modo coerente e il supporto telefonico \u00e8 sempre eccezionale. Persone cordiali, prodotto facile da usare, ottimo rapporto qualit\u00e0 prezzo.<\/p>\n<p><strong>Inconvenienti: <\/strong>Esistono ancora aree specifiche che non consentono la personalizzazione completa.<\/p>\n","protected":false},"excerpt":{"rendered":"<p>AdvancedMD \u00e8 una soluzione EMR elettronica che assiste cliniche e professionisti nell&#8217;automazione del flusso di lavoro e garantisce trasferimenti di dati senza interruzioni e registrazioni accurate. La soluzione EHR basata su cloud mantiene le informazioni aggiornate e consente ai medici di gestire l&#8217;assistenza dei pazienti in modo pi\u00f9 efficiente.<\/p>\n","protected":false},"author":19,"featured_media":27380,"parent":27304,"menu_order":0,"comment_status":"open","ping_status":"closed","template":"g1_template_page_review_new.php","meta":{"_acf_changed":false,"cwp_meta_box_check":"Yes","cwp_rev_product_name":"","cwp_rev_product_image":"","wppr_links":[],"cwp_rev_price":"","wppr_options":[],"wppr_pros":[],"wppr_cons":[],"_monsterinsights_skip_tracking":false,"_monsterinsights_sitenote_active":false,"_monsterinsights_sitenote_note":"","_monsterinsights_sitenote_category":0,"footnotes":""},"categories":[2993],"tags":[396,2994,3009,2995,3008],"features":[],"class_list":{"0":"post-27379","1":"page","2":"type-page","3":"status-publish","4":"has-post-thumbnail","6":"category-gestionale-per-fisioterapia-categoria","7":"tag-cloud","8":"tag-physical-therapy-software","9":"tag-piattaforma-gestionale-per-fisioterapie","10":"tag-software-gestionale-per-fisioterapie","11":"tag-soluzione-gestionale-per-fisioterapie"},"wppr_data":{"cwp_meta_box_check":"Yes","cwp_rev_product_name":"","cwp_rev_product_image":"","cwp_image_link":"image","cwp_rev_price":"","wppr_rating":"0.00"},"acf":[],"yoast_head":"<!-- This site is optimized with the Yoast SEO plugin v27.4 - https:\/\/yoast.com\/product\/yoast-seo-wordpress\/ -->\n<title>AdvancedMD: recensione gestionale per fisioterapia - Accurate Reviews<\/title>\n<meta name=\"description\" content=\"AdvancedMD: recensione soluzione EMR elettronica che assiste cliniche e professionisti nell&#039;automazione del flusso di lavoro.\" \/>\n<meta name=\"robots\" content=\"index, follow, max-snippet:-1, max-image-preview:large, max-video-preview:-1\" \/>\n<link rel=\"canonical\" href=\"https:\/\/www.accuratereviews.com\/it\/gestionali-per-fisioterapia-lista\/advancedmd-recensione\/\" \/>\n<meta property=\"og:locale\" content=\"it_IT\" \/>\n<meta property=\"og:type\" content=\"article\" \/>\n<meta property=\"og:title\" content=\"AdvancedMD: recensione gestionale per fisioterapia - Accurate Reviews\" \/>\n<meta property=\"og:description\" content=\"AdvancedMD: recensione soluzione EMR elettronica che assiste cliniche e professionisti nell&#039;automazione del flusso di lavoro.\" \/>\n<meta property=\"og:url\" content=\"https:\/\/www.accuratereviews.com\/it\/gestionali-per-fisioterapia-lista\/advancedmd-recensione\/\" \/>\n<meta property=\"og:site_name\" content=\"Accurate Reviews\" \/>\n<meta property=\"article:modified_time\" content=\"2021-02-02T17:33:41+00:00\" \/>\n<meta property=\"og:image\" content=\"https:\/\/www.accuratereviews.com\/wp-content\/uploads\/2020\/06\/AdvancedMD.png\" \/>\n\t<meta property=\"og:image:width\" content=\"640\" \/>\n\t<meta property=\"og:image:height\" content=\"427\" \/>\n\t<meta property=\"og:image:type\" content=\"image\/png\" \/>\n<meta name=\"twitter:card\" content=\"summary_large_image\" \/>\n<meta name=\"twitter:label1\" content=\"Tempo di lettura stimato\" \/>\n\t<meta name=\"twitter:data1\" content=\"4 minuti\" \/>\n<script type=\"application\/ld+json\" class=\"yoast-schema-graph\">{\"@context\":\"https:\\\/\\\/schema.org\",\"@graph\":[{\"@type\":\"WebPage\",\"@id\":\"https:\\\/\\\/www.accuratereviews.com\\\/it\\\/gestionali-per-fisioterapia-lista\\\/advancedmd-recensione\\\/\",\"url\":\"https:\\\/\\\/www.accuratereviews.com\\\/it\\\/gestionali-per-fisioterapia-lista\\\/advancedmd-recensione\\\/\",\"name\":\"AdvancedMD: recensione gestionale per fisioterapia - Accurate Reviews\",\"isPartOf\":{\"@id\":\"https:\\\/\\\/www.accuratereviews.com\\\/it\\\/#website\"},\"primaryImageOfPage\":{\"@id\":\"https:\\\/\\\/www.accuratereviews.com\\\/it\\\/gestionali-per-fisioterapia-lista\\\/advancedmd-recensione\\\/#primaryimage\"},\"image\":{\"@id\":\"https:\\\/\\\/www.accuratereviews.com\\\/it\\\/gestionali-per-fisioterapia-lista\\\/advancedmd-recensione\\\/#primaryimage\"},\"thumbnailUrl\":\"https:\\\/\\\/www.accuratereviews.com\\\/wp-content\\\/uploads\\\/2020\\\/06\\\/AdvancedMD.png\",\"datePublished\":\"2020-06-10T08:43:22+00:00\",\"dateModified\":\"2021-02-02T17:33:41+00:00\",\"description\":\"AdvancedMD: recensione soluzione EMR elettronica che assiste cliniche e professionisti nell'automazione del flusso di lavoro.\",\"breadcrumb\":{\"@id\":\"https:\\\/\\\/www.accuratereviews.com\\\/it\\\/gestionali-per-fisioterapia-lista\\\/advancedmd-recensione\\\/#breadcrumb\"},\"inLanguage\":\"it-IT\",\"potentialAction\":[{\"@type\":\"ReadAction\",\"target\":[\"https:\\\/\\\/www.accuratereviews.com\\\/it\\\/gestionali-per-fisioterapia-lista\\\/advancedmd-recensione\\\/\"]}]},{\"@type\":\"ImageObject\",\"inLanguage\":\"it-IT\",\"@id\":\"https:\\\/\\\/www.accuratereviews.com\\\/it\\\/gestionali-per-fisioterapia-lista\\\/advancedmd-recensione\\\/#primaryimage\",\"url\":\"https:\\\/\\\/www.accuratereviews.com\\\/wp-content\\\/uploads\\\/2020\\\/06\\\/AdvancedMD.png\",\"contentUrl\":\"https:\\\/\\\/www.accuratereviews.com\\\/wp-content\\\/uploads\\\/2020\\\/06\\\/AdvancedMD.png\",\"width\":640,\"height\":427},{\"@type\":\"BreadcrumbList\",\"@id\":\"https:\\\/\\\/www.accuratereviews.com\\\/it\\\/gestionali-per-fisioterapia-lista\\\/advancedmd-recensione\\\/#breadcrumb\",\"itemListElement\":[{\"@type\":\"ListItem\",\"position\":1,\"name\":\"Home\",\"item\":\"https:\\\/\\\/www.accuratereviews.com\\\/it\\\/\"},{\"@type\":\"ListItem\",\"position\":2,\"name\":\"Gestionali per fisioterapia\",\"item\":\"https:\\\/\\\/www.accuratereviews.com\\\/it\\\/gestionali-per-fisioterapia-lista\\\/\"},{\"@type\":\"ListItem\",\"position\":3,\"name\":\"AdvancedMD\"}]},{\"@type\":\"WebSite\",\"@id\":\"https:\\\/\\\/www.accuratereviews.com\\\/it\\\/#website\",\"url\":\"https:\\\/\\\/www.accuratereviews.com\\\/it\\\/\",\"name\":\"Accurate Reviews\",\"description\":\"\",\"potentialAction\":[{\"@type\":\"SearchAction\",\"target\":{\"@type\":\"EntryPoint\",\"urlTemplate\":\"https:\\\/\\\/www.accuratereviews.com\\\/it\\\/?s={search_term_string}\"},\"query-input\":{\"@type\":\"PropertyValueSpecification\",\"valueRequired\":true,\"valueName\":\"search_term_string\"}}],\"inLanguage\":\"it-IT\"}]}<\/script>\n<!-- \/ Yoast SEO plugin. -->","yoast_head_json":{"title":"AdvancedMD: recensione gestionale per fisioterapia - Accurate Reviews","description":"AdvancedMD: recensione soluzione EMR elettronica che assiste cliniche e professionisti nell'automazione del flusso di lavoro.","robots":{"index":"index","follow":"follow","max-snippet":"max-snippet:-1","max-image-preview":"max-image-preview:large","max-video-preview":"max-video-preview:-1"},"canonical":"https:\/\/www.accuratereviews.com\/it\/gestionali-per-fisioterapia-lista\/advancedmd-recensione\/","og_locale":"it_IT","og_type":"article","og_title":"AdvancedMD: recensione gestionale per fisioterapia - Accurate Reviews","og_description":"AdvancedMD: recensione soluzione EMR elettronica che assiste cliniche e professionisti nell'automazione del flusso di lavoro.","og_url":"https:\/\/www.accuratereviews.com\/it\/gestionali-per-fisioterapia-lista\/advancedmd-recensione\/","og_site_name":"Accurate Reviews","article_modified_time":"2021-02-02T17:33:41+00:00","og_image":[{"width":640,"height":427,"url":"https:\/\/www.accuratereviews.com\/wp-content\/uploads\/2020\/06\/AdvancedMD.png","type":"image\/png"}],"twitter_card":"summary_large_image","twitter_misc":{"Tempo di lettura stimato":"4 minuti"},"schema":{"@context":"https:\/\/schema.org","@graph":[{"@type":"WebPage","@id":"https:\/\/www.accuratereviews.com\/it\/gestionali-per-fisioterapia-lista\/advancedmd-recensione\/","url":"https:\/\/www.accuratereviews.com\/it\/gestionali-per-fisioterapia-lista\/advancedmd-recensione\/","name":"AdvancedMD: recensione gestionale per fisioterapia - Accurate Reviews","isPartOf":{"@id":"https:\/\/www.accuratereviews.com\/it\/#website"},"primaryImageOfPage":{"@id":"https:\/\/www.accuratereviews.com\/it\/gestionali-per-fisioterapia-lista\/advancedmd-recensione\/#primaryimage"},"image":{"@id":"https:\/\/www.accuratereviews.com\/it\/gestionali-per-fisioterapia-lista\/advancedmd-recensione\/#primaryimage"},"thumbnailUrl":"https:\/\/www.accuratereviews.com\/wp-content\/uploads\/2020\/06\/AdvancedMD.png","datePublished":"2020-06-10T08:43:22+00:00","dateModified":"2021-02-02T17:33:41+00:00","description":"AdvancedMD: recensione soluzione EMR elettronica che assiste cliniche e professionisti nell'automazione del flusso di lavoro.","breadcrumb":{"@id":"https:\/\/www.accuratereviews.com\/it\/gestionali-per-fisioterapia-lista\/advancedmd-recensione\/#breadcrumb"},"inLanguage":"it-IT","potentialAction":[{"@type":"ReadAction","target":["https:\/\/www.accuratereviews.com\/it\/gestionali-per-fisioterapia-lista\/advancedmd-recensione\/"]}]},{"@type":"ImageObject","inLanguage":"it-IT","@id":"https:\/\/www.accuratereviews.com\/it\/gestionali-per-fisioterapia-lista\/advancedmd-recensione\/#primaryimage","url":"https:\/\/www.accuratereviews.com\/wp-content\/uploads\/2020\/06\/AdvancedMD.png","contentUrl":"https:\/\/www.accuratereviews.com\/wp-content\/uploads\/2020\/06\/AdvancedMD.png","width":640,"height":427},{"@type":"BreadcrumbList","@id":"https:\/\/www.accuratereviews.com\/it\/gestionali-per-fisioterapia-lista\/advancedmd-recensione\/#breadcrumb","itemListElement":[{"@type":"ListItem","position":1,"name":"Home","item":"https:\/\/www.accuratereviews.com\/it\/"},{"@type":"ListItem","position":2,"name":"Gestionali per fisioterapia","item":"https:\/\/www.accuratereviews.com\/it\/gestionali-per-fisioterapia-lista\/"},{"@type":"ListItem","position":3,"name":"AdvancedMD"}]},{"@type":"WebSite","@id":"https:\/\/www.accuratereviews.com\/it\/#website","url":"https:\/\/www.accuratereviews.com\/it\/","name":"Accurate Reviews","description":"","potentialAction":[{"@type":"SearchAction","target":{"@type":"EntryPoint","urlTemplate":"https:\/\/www.accuratereviews.com\/it\/?s={search_term_string}"},"query-input":{"@type":"PropertyValueSpecification","valueRequired":true,"valueName":"search_term_string"}}],"inLanguage":"it-IT"}]}},"_links":{"self":[{"href":"https:\/\/www.accuratereviews.com\/it\/wp-json\/wp\/v2\/pages\/27379","targetHints":{"allow":["GET"]}}],"collection":[{"href":"https:\/\/www.accuratereviews.com\/it\/wp-json\/wp\/v2\/pages"}],"about":[{"href":"https:\/\/www.accuratereviews.com\/it\/wp-json\/wp\/v2\/types\/page"}],"author":[{"embeddable":true,"href":"https:\/\/www.accuratereviews.com\/it\/wp-json\/wp\/v2\/users\/19"}],"replies":[{"embeddable":true,"href":"https:\/\/www.accuratereviews.com\/it\/wp-json\/wp\/v2\/comments?post=27379"}],"version-history":[{"count":10,"href":"https:\/\/www.accuratereviews.com\/it\/wp-json\/wp\/v2\/pages\/27379\/revisions"}],"predecessor-version":[{"id":36617,"href":"https:\/\/www.accuratereviews.com\/it\/wp-json\/wp\/v2\/pages\/27379\/revisions\/36617"}],"up":[{"embeddable":true,"href":"https:\/\/www.accuratereviews.com\/it\/wp-json\/wp\/v2\/pages\/27304"}],"wp:featuredmedia":[{"embeddable":true,"href":"https:\/\/www.accuratereviews.com\/it\/wp-json\/wp\/v2\/media\/27380"}],"wp:attachment":[{"href":"https:\/\/www.accuratereviews.com\/it\/wp-json\/wp\/v2\/media?parent=27379"}],"wp:term":[{"taxonomy":"category","embeddable":true,"href":"https:\/\/www.accuratereviews.com\/it\/wp-json\/wp\/v2\/categories?post=27379"},{"taxonomy":"post_tag","embeddable":true,"href":"https:\/\/www.accuratereviews.com\/it\/wp-json\/wp\/v2\/tags?post=27379"},{"taxonomy":"features","embeddable":true,"href":"https:\/\/www.accuratereviews.com\/it\/wp-json\/wp\/v2\/features?post=27379"}],"curies":[{"name":"wp","href":"https:\/\/api.w.org\/{rel}","templated":true}]}}