{"id":27446,"date":"2020-06-11T10:53:42","date_gmt":"2020-06-11T10:53:42","guid":{"rendered":"https:\/\/www.accuratereviews.com\/?page_id=27446"},"modified":"2021-02-02T17:30:33","modified_gmt":"2021-02-02T17:30:33","slug":"kareo-recensione","status":"publish","type":"page","link":"https:\/\/www.accuratereviews.com\/it\/gestionali-per-fisioterapia-lista\/kareo-recensione\/","title":{"rendered":"Kareo"},"content":{"rendered":"<p><strong>Kareo<\/strong> \u00e8 una <strong>piattaforma basata su cloud<\/strong> che fornisce un set completo e integrato di strumenti progettati per gli <strong>amministratori medici<\/strong>. Con <strong>Kareo<\/strong>, gli utenti possono gestire una grande quantit\u00e0 di attivit\u00e0 di back-office come la gestione della fatturazione, la registrazione dei pazienti, le cartelle cliniche, la prescrizione dei farmaci e la gestione dei pazienti. La soluzione mira a facilitare i professionisti medici facilitando loro il rapporto con i loro pazienti e aiutandoli anche nella gestione dei dati medici, finanziari e amministrativi.\u00a0Altre funzionalit\u00e0 di <strong>Kareo<\/strong> includono pianificazione e gestione degli appuntamenti, creazione di regole amministrative, monitoraggio della produttivit\u00e0, dashboard configurabili, tracciamento dei dati, visualizzazione delle informazioni e report sui progressi.<\/p>\n<h2>KAREO &#8211; TUTORIAL<\/h2>\n<p>Guardiamo il tutorial per imparare in 10 minuti come sfruttare al meglio gli strumenti di questo <strong>software gestionale per fisioterapia<\/strong>:<\/p>\n<div id=\"fluid-wrapper-counter-1\" class=\"g1-fluid-wrapper \" style=\"width:686px;\">\n<div style=\"padding-bottom:56.268221574344%;\"><iframe loading=\"lazy\" title=\"Kareo Platform 10 Minute Demo\" width=\"686\" height=\"386\" src=\"https:\/\/www.youtube.com\/embed\/FXUkZAD9Q5k?feature=oembed&amp;wmode=transparent&amp;autohide=1&amp;autoplay=0&amp;disablekb=0&amp;fs=1&amp;loop=0&amp;enablejsapi=1&amp;rel=0&amp;controls=2&amp;showinfo=0&amp;wmode=transparent&amp;autohide=2&amp;autoplay=0&amp;disablekb=0&amp;fs=1&amp;loop=0&amp;enablejsapi=1&amp;rel=0&amp;controls=2&amp;showinfo=1\" frameborder=\"0\" allow=\"accelerometer; autoplay; clipboard-write; encrypted-media; gyroscope; picture-in-picture\" allowfullscreen><\/iframe><\/div>\n<\/div>\n<h3>KAREO &#8211; CARATTERISTICHE<\/h3>\n<ul>\n<li><strong>Dashboard complete<\/strong>: goditi la dashboard intuitiva, gli elenchi di attivit\u00e0 e il calendario multi-risorsa personalizzabile<\/li>\n<li><strong>Creazione di grafici<\/strong>: scopri quanto pu\u00f2 essere semplice e veloce creare appuntamenti con pazienti<\/li>\n<li><strong>E-Prescribing facile<\/strong>: risparmia tempo ed elimina le telefonate per te e il tuo staff con la prescrizione elettronica<\/li>\n<li><strong>ELab convenienti<\/strong>: automatizza i processi basati su carta inefficienti con Kareo eLabs<\/li>\n<li><strong>Portale paziente integrato<\/strong>: condividi le cartelle cliniche e le informazioni di fatturazione e comunica in modo sicuro con i pazienti in qualsiasi momento<\/li>\n<li><strong>Messaggistica sicura<\/strong>: invia messaggi a chiunque nella tua pratica, al tuo addetto alla fatturazione o al team di fatturazione, persino ai tuoi pazienti<\/li>\n<li><strong>Massimizza la produttivit\u00e0<\/strong>: supportare l&#8217;intero flusso di lavoro dello staff, inclusa la gestione dei pazienti, il caricamento di documenti e l&#8217;invio di messaggi sicuri<\/li>\n<li><strong>Calendario flessibile<\/strong>: risparmia tempo e personalizza il tuo programma in modo che il tuo front office possa facilmente gestire importanti comunicazioni con il paziente<\/li>\n<li><strong>Panoramica dell&#8217;agenda<\/strong>: ottieni una visibilit\u00e0 completa a colpo d&#8217;occhio mostrandoti oggetti eccezionali che richiedono la tua attenzione per la giornata<\/li>\n<li><strong>Sconti di prescrizione integrati<\/strong>: cerca e confronta i prezzi al momento della prescrizione.Aumentare la probabilit\u00e0 che i pazienti riempiano le loro prescrizioni fornendo loro sconti per risparmiare denaro<\/li>\n<li><strong>Diagrammi di flusso<\/strong>: esamina facilmente e apporta le modifiche necessarie al singolo laboratorio e alle tendenze vitali su una schermata, ottenendo nel contempo una visione olistica dei dati chiave del paziente<\/li>\n<\/ul>\n<h4>LE RECENSIONI DEGLI UTENTI<\/h4>\n<h4 class=\"font-weight-bold my-1 d-flex align-items-center\">Blake O.&#8221;Kareo Practice Management&#8221;<\/h4>\n<p><strong>Commenti: <\/strong>Segnalare, registrare pagamenti, inviare fatture, ecc. Sono tutti un gioco da ragazzi con il software. Il servizio clienti \u00e8 senza dubbio il pi\u00f9 utile e semplice di tutti i venditori che abbia mai usato.<\/p>\n<p><strong>Vantaggi: <\/strong>Il software \u00e8 molto facile da usare dopo alcune settimane di apprendimento di entrata e uscita. Probabilmente non utilizzo la met\u00e0 di ci\u00f2 che il software \u00e8 in grado di fare, ma \u00e8 perfetto per ci\u00f2 di cui ho bisogno.<\/p>\n<p><strong>Inconvenienti: <\/strong>Vorrei che fosse possibile integrare il software Kareo Practice Management con pi\u00f9 di un EHR nel mio settore. \u00c8 disponibile solo per l&#8217;integrazione con Medicfusion.<\/p>\n<h4 class=\"font-weight-bold my-1 d-flex align-items-center\">Carolynn N.&#8221;Ottimo software&#8221;<\/h4>\n<p><strong>Commenti: <\/strong>Usiamo Kareo da 8 anni ed \u00e8 il miglior software adatto alla nostra pratica!<\/p>\n<p><strong>Vantaggi: <\/strong>Mi piacciono molto i rapporti ed \u00e8 facile da usare!<\/p>\n<p><strong>Inconvenienti: <\/strong>Alcune funzioni durante l&#8217;utilizzo della posta elettronica per inviare messaggi non funzionano correttamente<\/p>\n<h4 class=\"font-weight-bold my-1 d-flex align-items-center\">Shirley W.&#8221;Facile da imparare e da usare&#8221;<\/h4>\n<p><strong>Commenti: <\/strong>Quando siamo andati a Kareo per la prima volta, stavamo uscendo da un sistema che ci aveva messo in ginocchio: nulla funzionava bene, i clienti erano frustrati e non avevamo fiducia nelle cose riportate nel sistema. Kareo ha cambiato tutto per noi: siamo stati in grado di avere rapporti di cui potevamo fidarci, vera trasparenza per i clienti e cos\u00ec tante funzioni che siamo stati in grado di svolgere il lavori in modo pi\u00f9 efficiente.<\/p>\n<p><strong>Vantaggi: <\/strong>Adoriamo che il software sia intuitivo e possiamo insegnare a una clinica come usarlo (a livello base) in circa un&#8217;ora. I report sono accurati e facili da usare. Siamo in grado di impostare rapporti preferiti e in genere ottenere assistenza ogni volta che siamo &#8220;bloccati&#8221;<\/p>\n<p><strong>Inconvenienti: <\/strong>Iscrizioni: ottenere la corretta iscrizione dei fornitori e ottenere assistenza con tali iscrizioni. Inoltre, non ci piace davvero che offshore il loro help desk. \u00c8 difficile trovare qualcuno che ci possa aiutare quando otteniamo un rappresentante offshore.\u00a0Vorremmo anche che ci fosse una procedura \/ stato delle raccolte meglio definiti nel sistema che ci aiutasse a monitorare meglio ci\u00f2 che \u00e8 andato alla raccolta.\u00a0Non possiamo fatturare le spese UB04 per le strutture fuori da Kareo.<\/p>\n","protected":false},"excerpt":{"rendered":"<p>Kareo \u00e8 una piattaforma basata su cloud che fornisce un set completo e integrato di strumenti progettati per gli amministratori medici. Con Kareo, gli utenti possono gestire una grande quantit\u00e0 di attivit\u00e0 di back-office come la gestione della fatturazione, la registrazione dei pazienti, le cartelle cliniche, la prescrizione dei farmaci e la gestione dei pazienti.<\/p>\n","protected":false},"author":19,"featured_media":27447,"parent":27304,"menu_order":0,"comment_status":"open","ping_status":"closed","template":"g1_template_page_review_new.php","meta":{"_acf_changed":false,"cwp_meta_box_check":"Yes","cwp_rev_product_name":"","cwp_rev_product_image":"","wppr_links":[],"cwp_rev_price":"","wppr_options":[],"wppr_pros":[],"wppr_cons":[],"_monsterinsights_skip_tracking":false,"_monsterinsights_sitenote_active":false,"_monsterinsights_sitenote_note":"","_monsterinsights_sitenote_category":0,"footnotes":""},"categories":[2993],"tags":[396,3025,2994,3009,2995,3008],"features":[],"class_list":{"0":"post-27446","1":"page","2":"type-page","3":"status-publish","4":"has-post-thumbnail","6":"category-gestionale-per-fisioterapia-categoria","7":"tag-cloud","8":"tag-kareo","9":"tag-physical-therapy-software","10":"tag-piattaforma-gestionale-per-fisioterapie","11":"tag-software-gestionale-per-fisioterapie","12":"tag-soluzione-gestionale-per-fisioterapie"},"wppr_data":{"cwp_meta_box_check":"Yes","cwp_rev_product_name":"","cwp_rev_product_image":"","cwp_image_link":"image","cwp_rev_price":"","wppr_rating":"0.00"},"acf":[],"yoast_head":"<!-- This site is optimized with the Yoast SEO plugin v27.4 - https:\/\/yoast.com\/product\/yoast-seo-wordpress\/ -->\n<title>Kareo: recensione software gestionale per fisioterapia - Accurate Reviews<\/title>\n<meta name=\"description\" content=\"Kareo: recensione piattaforma basata su cloud che fornisce un set completo e integrato di strumenti progettati per gli amministratori medici.\" \/>\n<meta name=\"robots\" content=\"index, follow, max-snippet:-1, max-image-preview:large, max-video-preview:-1\" \/>\n<link rel=\"canonical\" href=\"https:\/\/www.accuratereviews.com\/it\/gestionali-per-fisioterapia-lista\/kareo-recensione\/\" \/>\n<meta property=\"og:locale\" content=\"it_IT\" \/>\n<meta property=\"og:type\" content=\"article\" \/>\n<meta property=\"og:title\" content=\"Kareo: recensione software gestionale per fisioterapia - Accurate Reviews\" \/>\n<meta property=\"og:description\" content=\"Kareo: recensione piattaforma basata su cloud che fornisce un set completo e integrato di strumenti progettati per gli amministratori medici.\" \/>\n<meta property=\"og:url\" content=\"https:\/\/www.accuratereviews.com\/it\/gestionali-per-fisioterapia-lista\/kareo-recensione\/\" \/>\n<meta property=\"og:site_name\" content=\"Accurate Reviews\" \/>\n<meta property=\"article:modified_time\" content=\"2021-02-02T17:30:33+00:00\" \/>\n<meta property=\"og:image\" content=\"https:\/\/www.accuratereviews.com\/wp-content\/uploads\/2020\/06\/kareo.jpg\" \/>\n\t<meta property=\"og:image:width\" content=\"200\" \/>\n\t<meta property=\"og:image:height\" content=\"200\" \/>\n\t<meta property=\"og:image:type\" content=\"image\/jpeg\" \/>\n<meta name=\"twitter:card\" content=\"summary_large_image\" \/>\n<meta name=\"twitter:label1\" content=\"Tempo di lettura stimato\" \/>\n\t<meta name=\"twitter:data1\" content=\"4 minuti\" \/>\n<script type=\"application\/ld+json\" class=\"yoast-schema-graph\">{\"@context\":\"https:\\\/\\\/schema.org\",\"@graph\":[{\"@type\":\"WebPage\",\"@id\":\"https:\\\/\\\/www.accuratereviews.com\\\/it\\\/gestionali-per-fisioterapia-lista\\\/kareo-recensione\\\/\",\"url\":\"https:\\\/\\\/www.accuratereviews.com\\\/it\\\/gestionali-per-fisioterapia-lista\\\/kareo-recensione\\\/\",\"name\":\"Kareo: recensione software gestionale per fisioterapia - Accurate Reviews\",\"isPartOf\":{\"@id\":\"https:\\\/\\\/www.accuratereviews.com\\\/it\\\/#website\"},\"primaryImageOfPage\":{\"@id\":\"https:\\\/\\\/www.accuratereviews.com\\\/it\\\/gestionali-per-fisioterapia-lista\\\/kareo-recensione\\\/#primaryimage\"},\"image\":{\"@id\":\"https:\\\/\\\/www.accuratereviews.com\\\/it\\\/gestionali-per-fisioterapia-lista\\\/kareo-recensione\\\/#primaryimage\"},\"thumbnailUrl\":\"https:\\\/\\\/www.accuratereviews.com\\\/wp-content\\\/uploads\\\/2020\\\/06\\\/kareo.jpg\",\"datePublished\":\"2020-06-11T10:53:42+00:00\",\"dateModified\":\"2021-02-02T17:30:33+00:00\",\"description\":\"Kareo: recensione piattaforma basata su cloud che fornisce un set completo e integrato di strumenti progettati per gli amministratori medici.\",\"breadcrumb\":{\"@id\":\"https:\\\/\\\/www.accuratereviews.com\\\/it\\\/gestionali-per-fisioterapia-lista\\\/kareo-recensione\\\/#breadcrumb\"},\"inLanguage\":\"it-IT\",\"potentialAction\":[{\"@type\":\"ReadAction\",\"target\":[\"https:\\\/\\\/www.accuratereviews.com\\\/it\\\/gestionali-per-fisioterapia-lista\\\/kareo-recensione\\\/\"]}]},{\"@type\":\"ImageObject\",\"inLanguage\":\"it-IT\",\"@id\":\"https:\\\/\\\/www.accuratereviews.com\\\/it\\\/gestionali-per-fisioterapia-lista\\\/kareo-recensione\\\/#primaryimage\",\"url\":\"https:\\\/\\\/www.accuratereviews.com\\\/wp-content\\\/uploads\\\/2020\\\/06\\\/kareo.jpg\",\"contentUrl\":\"https:\\\/\\\/www.accuratereviews.com\\\/wp-content\\\/uploads\\\/2020\\\/06\\\/kareo.jpg\",\"width\":200,\"height\":200},{\"@type\":\"BreadcrumbList\",\"@id\":\"https:\\\/\\\/www.accuratereviews.com\\\/it\\\/gestionali-per-fisioterapia-lista\\\/kareo-recensione\\\/#breadcrumb\",\"itemListElement\":[{\"@type\":\"ListItem\",\"position\":1,\"name\":\"Home\",\"item\":\"https:\\\/\\\/www.accuratereviews.com\\\/it\\\/\"},{\"@type\":\"ListItem\",\"position\":2,\"name\":\"Gestionali per fisioterapia\",\"item\":\"https:\\\/\\\/www.accuratereviews.com\\\/it\\\/gestionali-per-fisioterapia-lista\\\/\"},{\"@type\":\"ListItem\",\"position\":3,\"name\":\"Kareo\"}]},{\"@type\":\"WebSite\",\"@id\":\"https:\\\/\\\/www.accuratereviews.com\\\/it\\\/#website\",\"url\":\"https:\\\/\\\/www.accuratereviews.com\\\/it\\\/\",\"name\":\"Accurate Reviews\",\"description\":\"\",\"potentialAction\":[{\"@type\":\"SearchAction\",\"target\":{\"@type\":\"EntryPoint\",\"urlTemplate\":\"https:\\\/\\\/www.accuratereviews.com\\\/it\\\/?s={search_term_string}\"},\"query-input\":{\"@type\":\"PropertyValueSpecification\",\"valueRequired\":true,\"valueName\":\"search_term_string\"}}],\"inLanguage\":\"it-IT\"}]}<\/script>\n<!-- \/ Yoast SEO plugin. -->","yoast_head_json":{"title":"Kareo: recensione software gestionale per fisioterapia - Accurate Reviews","description":"Kareo: recensione piattaforma basata su cloud che fornisce un set completo e integrato di strumenti progettati per gli amministratori medici.","robots":{"index":"index","follow":"follow","max-snippet":"max-snippet:-1","max-image-preview":"max-image-preview:large","max-video-preview":"max-video-preview:-1"},"canonical":"https:\/\/www.accuratereviews.com\/it\/gestionali-per-fisioterapia-lista\/kareo-recensione\/","og_locale":"it_IT","og_type":"article","og_title":"Kareo: recensione software gestionale per fisioterapia - Accurate Reviews","og_description":"Kareo: recensione piattaforma basata su cloud che fornisce un set completo e integrato di strumenti progettati per gli amministratori medici.","og_url":"https:\/\/www.accuratereviews.com\/it\/gestionali-per-fisioterapia-lista\/kareo-recensione\/","og_site_name":"Accurate Reviews","article_modified_time":"2021-02-02T17:30:33+00:00","og_image":[{"width":200,"height":200,"url":"https:\/\/www.accuratereviews.com\/wp-content\/uploads\/2020\/06\/kareo.jpg","type":"image\/jpeg"}],"twitter_card":"summary_large_image","twitter_misc":{"Tempo di lettura stimato":"4 minuti"},"schema":{"@context":"https:\/\/schema.org","@graph":[{"@type":"WebPage","@id":"https:\/\/www.accuratereviews.com\/it\/gestionali-per-fisioterapia-lista\/kareo-recensione\/","url":"https:\/\/www.accuratereviews.com\/it\/gestionali-per-fisioterapia-lista\/kareo-recensione\/","name":"Kareo: recensione software gestionale per fisioterapia - Accurate Reviews","isPartOf":{"@id":"https:\/\/www.accuratereviews.com\/it\/#website"},"primaryImageOfPage":{"@id":"https:\/\/www.accuratereviews.com\/it\/gestionali-per-fisioterapia-lista\/kareo-recensione\/#primaryimage"},"image":{"@id":"https:\/\/www.accuratereviews.com\/it\/gestionali-per-fisioterapia-lista\/kareo-recensione\/#primaryimage"},"thumbnailUrl":"https:\/\/www.accuratereviews.com\/wp-content\/uploads\/2020\/06\/kareo.jpg","datePublished":"2020-06-11T10:53:42+00:00","dateModified":"2021-02-02T17:30:33+00:00","description":"Kareo: recensione piattaforma basata su cloud che fornisce un set completo e integrato di strumenti progettati per gli amministratori medici.","breadcrumb":{"@id":"https:\/\/www.accuratereviews.com\/it\/gestionali-per-fisioterapia-lista\/kareo-recensione\/#breadcrumb"},"inLanguage":"it-IT","potentialAction":[{"@type":"ReadAction","target":["https:\/\/www.accuratereviews.com\/it\/gestionali-per-fisioterapia-lista\/kareo-recensione\/"]}]},{"@type":"ImageObject","inLanguage":"it-IT","@id":"https:\/\/www.accuratereviews.com\/it\/gestionali-per-fisioterapia-lista\/kareo-recensione\/#primaryimage","url":"https:\/\/www.accuratereviews.com\/wp-content\/uploads\/2020\/06\/kareo.jpg","contentUrl":"https:\/\/www.accuratereviews.com\/wp-content\/uploads\/2020\/06\/kareo.jpg","width":200,"height":200},{"@type":"BreadcrumbList","@id":"https:\/\/www.accuratereviews.com\/it\/gestionali-per-fisioterapia-lista\/kareo-recensione\/#breadcrumb","itemListElement":[{"@type":"ListItem","position":1,"name":"Home","item":"https:\/\/www.accuratereviews.com\/it\/"},{"@type":"ListItem","position":2,"name":"Gestionali per fisioterapia","item":"https:\/\/www.accuratereviews.com\/it\/gestionali-per-fisioterapia-lista\/"},{"@type":"ListItem","position":3,"name":"Kareo"}]},{"@type":"WebSite","@id":"https:\/\/www.accuratereviews.com\/it\/#website","url":"https:\/\/www.accuratereviews.com\/it\/","name":"Accurate Reviews","description":"","potentialAction":[{"@type":"SearchAction","target":{"@type":"EntryPoint","urlTemplate":"https:\/\/www.accuratereviews.com\/it\/?s={search_term_string}"},"query-input":{"@type":"PropertyValueSpecification","valueRequired":true,"valueName":"search_term_string"}}],"inLanguage":"it-IT"}]}},"_links":{"self":[{"href":"https:\/\/www.accuratereviews.com\/it\/wp-json\/wp\/v2\/pages\/27446","targetHints":{"allow":["GET"]}}],"collection":[{"href":"https:\/\/www.accuratereviews.com\/it\/wp-json\/wp\/v2\/pages"}],"about":[{"href":"https:\/\/www.accuratereviews.com\/it\/wp-json\/wp\/v2\/types\/page"}],"author":[{"embeddable":true,"href":"https:\/\/www.accuratereviews.com\/it\/wp-json\/wp\/v2\/users\/19"}],"replies":[{"embeddable":true,"href":"https:\/\/www.accuratereviews.com\/it\/wp-json\/wp\/v2\/comments?post=27446"}],"version-history":[{"count":7,"href":"https:\/\/www.accuratereviews.com\/it\/wp-json\/wp\/v2\/pages\/27446\/revisions"}],"predecessor-version":[{"id":36613,"href":"https:\/\/www.accuratereviews.com\/it\/wp-json\/wp\/v2\/pages\/27446\/revisions\/36613"}],"up":[{"embeddable":true,"href":"https:\/\/www.accuratereviews.com\/it\/wp-json\/wp\/v2\/pages\/27304"}],"wp:featuredmedia":[{"embeddable":true,"href":"https:\/\/www.accuratereviews.com\/it\/wp-json\/wp\/v2\/media\/27447"}],"wp:attachment":[{"href":"https:\/\/www.accuratereviews.com\/it\/wp-json\/wp\/v2\/media?parent=27446"}],"wp:term":[{"taxonomy":"category","embeddable":true,"href":"https:\/\/www.accuratereviews.com\/it\/wp-json\/wp\/v2\/categories?post=27446"},{"taxonomy":"post_tag","embeddable":true,"href":"https:\/\/www.accuratereviews.com\/it\/wp-json\/wp\/v2\/tags?post=27446"},{"taxonomy":"features","embeddable":true,"href":"https:\/\/www.accuratereviews.com\/it\/wp-json\/wp\/v2\/features?post=27446"}],"curies":[{"name":"wp","href":"https:\/\/api.w.org\/{rel}","templated":true}]}}