{"id":27453,"date":"2020-06-11T10:52:59","date_gmt":"2020-06-11T10:52:59","guid":{"rendered":"https:\/\/www.accuratereviews.com\/?page_id=27453"},"modified":"2021-02-02T17:09:56","modified_gmt":"2021-02-02T17:09:56","slug":"nuemd-recensione","status":"publish","type":"page","link":"https:\/\/www.accuratereviews.com\/it\/gestionali-per-fisioterapia-lista\/nuemd-recensione\/","title":{"rendered":"NueMD"},"content":{"rendered":"<p><strong>NueMD<\/strong> \u00e8 una <strong>soluzione di gestione per i professionisti medici<\/strong> che fornisce loro prodotti come Practice Management, Electronic Health Records, Medical Billing Services e app mobile.\u00a0Gestisce tutti i reclami e i rimborsi in modo rapido e affidabile. La <strong>soluzione EHR<\/strong> ti consente di amministrare i dati dei tuoi pazienti e ordinare test o farmaci. Il software pu\u00f2 essere personalizzato in base al settore in cui operi ad esempio visite mediche generiche, cicli di fisioterapia, visite 0culistiche ecc.\u00a0Con i servizi di fatturazione \u00e8 possibile gestire tutte le attivit\u00e0 di fatturazione. Pu\u00f2 essere integrato con EHR per organizzare tutte le richieste dei pazienti in un unico posto. Con l&#8217;app per dispositivi mobili, puoi eseguire tutte queste attivit\u00e0 mentre sei in movimento e coinvolgere l&#8217;intero team in tempo reale.<\/p>\n<h2>NUEMD &#8211; TUTORIAL<\/h2>\n<p>Guardiamo il tutorial che illustra come utilizzare l&#8217;applicazione per dispositivi Android di questo <strong>software gestionale per fisioterapia<\/strong>:<\/p>\n<div id=\"fluid-wrapper-counter-1\" class=\"g1-fluid-wrapper \" style=\"width:686px;\">\n<div style=\"padding-bottom:56.268221574344%;\"><iframe loading=\"lazy\" title=\"CureMD Avalon - iPad EHR\" width=\"686\" height=\"386\" src=\"https:\/\/www.youtube.com\/embed\/sO3OPtGQwBc?feature=oembed&amp;wmode=transparent&amp;autohide=1&amp;autoplay=0&amp;disablekb=0&amp;fs=1&amp;loop=0&amp;enablejsapi=1&amp;rel=0&amp;controls=2&amp;showinfo=0&amp;wmode=transparent&amp;autohide=2&amp;autoplay=0&amp;disablekb=0&amp;fs=1&amp;loop=0&amp;enablejsapi=1&amp;rel=0&amp;controls=2&amp;showinfo=1\" frameborder=\"0\" allow=\"accelerometer; autoplay; clipboard-write; encrypted-media; gyroscope; picture-in-picture\" allowfullscreen><\/iframe><\/div>\n<\/div>\n<h3>NUEMD &#8211; CARATTERISTICHE<\/h3>\n<ul>\n<li>Con una gamma in continua espansione di funzionalit\u00e0 la soluzione ti mantiene efficiente, redditizio e conforme<\/li>\n<li>EHR centralizzato e intuitivo \u00e8 basato su cloud, quindi non devi preoccuparti di server, backup o tempi di inattivit\u00e0. Goditi i dati dei pazienti a portata di mano e aggiorna i loro record in tempo reale<\/li>\n<li>Aumenta i tuoi rimborsi con i servizi di fatturazione. Recupererai le tue richieste in sospeso, di solito in soli 30 giorni<\/li>\n<li>Visualizza le pianificazioni degli appuntamenti e accedi ai dati dei pazienti dalla sala d&#8217;esame mentre il personale invia reclami, dichiarazioni ed esegue rapporti dalle spese giornaliere<\/li>\n<li>Pianificazione e promemoria di appuntamenti<\/li>\n<li>Report personalizzati<\/li>\n<\/ul>\n<h4>LE RECENSIONI DEGLI UTENTI<\/h4>\n<h4 class=\"font-weight-bold my-1 d-flex align-items-center\">Amos O.&#8221;Ottimo software&#8221;<\/h4>\n<p><strong>Commenti: <\/strong>Mi ha aiutato a far crescere molto il mio business, offre molte opportunit\u00e0<\/p>\n<p><strong>Vantaggi: <\/strong>Il prodotto \u00e8 molto facile da usare, \u00e8 molto conveniente e soddisfacente per il cliente<\/p>\n<p><strong>Inconvenienti: <\/strong>Dovrebbe migliorare di pi\u00f9 il servizio clienti, ottima app<\/p>\n<h4 class=\"font-weight-bold my-1 d-flex align-items-center\">Kim P.&#8221;Adoro questo software di gestione pratica.&#8221;<\/h4>\n<p><strong>Vantaggi: <\/strong>La facilit\u00e0 d&#8217;uso rende questo software perfetto. Soddisfa tutte le nostre esigenze di fatturazione \/ reportistica per una pratica medica a cinque fornitori. Il supporto di NueMD \u00e8 stato fantastico. Offrono una funzione di supporto chat online, che elimina cos\u00ec tante frustrazioni da &#8220;tag telefono&#8221; e messaggi vocali. Il supporto continuo nel dipartimento EDI per mantenere il flusso di cassa in corso \u00e8 eccezionale. Non ho avuto problemi a formare il personale, compresi i miei fornitori.<\/p>\n<p><strong>Inconvenienti: <\/strong>Non ho davvero alcuna lamentela riguardo al prodotto o al fornitore. Ho alcuni desideri, tali che sono probabilmente pratiche specifiche per la segnalazione o funzionalit\u00e0 relative a questa pratica. Ad esempio, mi piacerebbe avere pi\u00f9 opzioni per i contenuti e impostarle su estratti conto mensili. Ma nel complesso, ritengo che il prodotto sia eccellente.<\/p>\n<h4 class=\"font-weight-bold my-1 d-flex align-items-center\">Rebecca B.&#8221;Il servizio clienti \u00e8 il migliore&#8221;<\/h4>\n<p><strong>Vantaggi: <\/strong>Ottimo servizio clienti. Risponde a qualsiasi domanda e problema in modo rapido e preciso. Ti diverti a lavorare con loro e il personale. Dispone di una vasta gamma di funzionalit\u00e0 che \u00e8 possibile sfruttare o utilizzare da soli per personalizzare in base alle proprie esigenze.<\/p>\n<p><strong>Inconvenienti: <\/strong>Ancora alcuni bug che potrebbero essere migliorati. Continua a migliorare con ogni suggerimento. \u00c8 necessario che alcune informazioni siano consolidate su una schermata quando si tratta di compagnie di assicurazione, ovvero la data di nascita nella stessa pagina dei piani e dei numeri di assicurazione<\/p>\n","protected":false},"excerpt":{"rendered":"<p>NueMD \u00e8 una soluzione di gestione per i professionisti medici che fornisce loro prodotti come Practice Management, Electronic Health Records, Medical Billing Services e app mobile.\u00a0Gestisce tutti i reclami e i rimborsi in modo rapido e affidabile. La soluzione EHR ti consente di amministrare i dati dei tuoi pazienti e ordinare test o farmaci.<\/p>\n","protected":false},"author":19,"featured_media":27454,"parent":27304,"menu_order":0,"comment_status":"open","ping_status":"closed","template":"g1_template_page_review_new.php","meta":{"_acf_changed":false,"cwp_meta_box_check":"Yes","cwp_rev_product_name":"","cwp_rev_product_image":"","wppr_links":[],"cwp_rev_price":"","wppr_options":[],"wppr_pros":[],"wppr_cons":[],"_monsterinsights_skip_tracking":false,"_monsterinsights_sitenote_active":false,"_monsterinsights_sitenote_note":"","_monsterinsights_sitenote_category":0,"footnotes":""},"categories":[2993],"tags":[396,3028,3029,3026,2994,3009,3027,2995,3008],"features":[],"class_list":{"0":"post-27453","1":"page","2":"type-page","3":"status-publish","4":"has-post-thumbnail","6":"category-gestionale-per-fisioterapia-categoria","7":"tag-cloud","8":"tag-electronic-health-records","9":"tag-medical-billing-services","10":"tag-nuemd","11":"tag-physical-therapy-software","12":"tag-piattaforma-gestionale-per-fisioterapie","13":"tag-practice-management","14":"tag-software-gestionale-per-fisioterapie","15":"tag-soluzione-gestionale-per-fisioterapie"},"wppr_data":{"cwp_meta_box_check":"Yes","cwp_rev_product_name":"","cwp_rev_product_image":"","cwp_image_link":"image","cwp_rev_price":"","wppr_rating":"0.00"},"acf":[],"yoast_head":"<!-- This site is optimized with the Yoast SEO plugin v27.4 - https:\/\/yoast.com\/product\/yoast-seo-wordpress\/ -->\n<title>NueMD: recensione soluzione gestionale fisioterapia - Accurate Reviews<\/title>\n<meta name=\"description\" content=\"NueMD: recensione gestionale per professionisti medici che fornisce prodotti come Practice Management, Electronic Health Records e altro.\" \/>\n<meta name=\"robots\" content=\"index, follow, max-snippet:-1, max-image-preview:large, max-video-preview:-1\" \/>\n<link rel=\"canonical\" href=\"https:\/\/www.accuratereviews.com\/it\/gestionali-per-fisioterapia-lista\/nuemd-recensione\/\" \/>\n<meta property=\"og:locale\" content=\"it_IT\" \/>\n<meta property=\"og:type\" content=\"article\" \/>\n<meta property=\"og:title\" content=\"NueMD: recensione soluzione gestionale fisioterapia - Accurate Reviews\" \/>\n<meta property=\"og:description\" content=\"NueMD: recensione gestionale per professionisti medici che fornisce prodotti come Practice Management, Electronic Health Records e altro.\" \/>\n<meta property=\"og:url\" content=\"https:\/\/www.accuratereviews.com\/it\/gestionali-per-fisioterapia-lista\/nuemd-recensione\/\" \/>\n<meta property=\"og:site_name\" content=\"Accurate Reviews\" \/>\n<meta property=\"article:modified_time\" content=\"2021-02-02T17:09:56+00:00\" \/>\n<meta property=\"og:image\" content=\"https:\/\/www.accuratereviews.com\/wp-content\/uploads\/2020\/06\/NUEMD.png\" \/>\n\t<meta property=\"og:image:width\" content=\"1052\" \/>\n\t<meta property=\"og:image:height\" content=\"272\" \/>\n\t<meta property=\"og:image:type\" content=\"image\/png\" \/>\n<meta name=\"twitter:card\" content=\"summary_large_image\" \/>\n<meta name=\"twitter:label1\" content=\"Tempo di lettura stimato\" \/>\n\t<meta name=\"twitter:data1\" content=\"3 minuti\" \/>\n<script type=\"application\/ld+json\" class=\"yoast-schema-graph\">{\"@context\":\"https:\\\/\\\/schema.org\",\"@graph\":[{\"@type\":\"WebPage\",\"@id\":\"https:\\\/\\\/www.accuratereviews.com\\\/it\\\/gestionali-per-fisioterapia-lista\\\/nuemd-recensione\\\/\",\"url\":\"https:\\\/\\\/www.accuratereviews.com\\\/it\\\/gestionali-per-fisioterapia-lista\\\/nuemd-recensione\\\/\",\"name\":\"NueMD: recensione soluzione gestionale fisioterapia - Accurate Reviews\",\"isPartOf\":{\"@id\":\"https:\\\/\\\/www.accuratereviews.com\\\/it\\\/#website\"},\"primaryImageOfPage\":{\"@id\":\"https:\\\/\\\/www.accuratereviews.com\\\/it\\\/gestionali-per-fisioterapia-lista\\\/nuemd-recensione\\\/#primaryimage\"},\"image\":{\"@id\":\"https:\\\/\\\/www.accuratereviews.com\\\/it\\\/gestionali-per-fisioterapia-lista\\\/nuemd-recensione\\\/#primaryimage\"},\"thumbnailUrl\":\"https:\\\/\\\/www.accuratereviews.com\\\/wp-content\\\/uploads\\\/2020\\\/06\\\/NUEMD.png\",\"datePublished\":\"2020-06-11T10:52:59+00:00\",\"dateModified\":\"2021-02-02T17:09:56+00:00\",\"description\":\"NueMD: recensione gestionale per professionisti medici che fornisce prodotti come Practice Management, Electronic Health Records e altro.\",\"breadcrumb\":{\"@id\":\"https:\\\/\\\/www.accuratereviews.com\\\/it\\\/gestionali-per-fisioterapia-lista\\\/nuemd-recensione\\\/#breadcrumb\"},\"inLanguage\":\"it-IT\",\"potentialAction\":[{\"@type\":\"ReadAction\",\"target\":[\"https:\\\/\\\/www.accuratereviews.com\\\/it\\\/gestionali-per-fisioterapia-lista\\\/nuemd-recensione\\\/\"]}]},{\"@type\":\"ImageObject\",\"inLanguage\":\"it-IT\",\"@id\":\"https:\\\/\\\/www.accuratereviews.com\\\/it\\\/gestionali-per-fisioterapia-lista\\\/nuemd-recensione\\\/#primaryimage\",\"url\":\"https:\\\/\\\/www.accuratereviews.com\\\/wp-content\\\/uploads\\\/2020\\\/06\\\/NUEMD.png\",\"contentUrl\":\"https:\\\/\\\/www.accuratereviews.com\\\/wp-content\\\/uploads\\\/2020\\\/06\\\/NUEMD.png\",\"width\":1052,\"height\":272},{\"@type\":\"BreadcrumbList\",\"@id\":\"https:\\\/\\\/www.accuratereviews.com\\\/it\\\/gestionali-per-fisioterapia-lista\\\/nuemd-recensione\\\/#breadcrumb\",\"itemListElement\":[{\"@type\":\"ListItem\",\"position\":1,\"name\":\"Home\",\"item\":\"https:\\\/\\\/www.accuratereviews.com\\\/it\\\/\"},{\"@type\":\"ListItem\",\"position\":2,\"name\":\"Gestionali per fisioterapia\",\"item\":\"https:\\\/\\\/www.accuratereviews.com\\\/it\\\/gestionali-per-fisioterapia-lista\\\/\"},{\"@type\":\"ListItem\",\"position\":3,\"name\":\"NueMD\"}]},{\"@type\":\"WebSite\",\"@id\":\"https:\\\/\\\/www.accuratereviews.com\\\/it\\\/#website\",\"url\":\"https:\\\/\\\/www.accuratereviews.com\\\/it\\\/\",\"name\":\"Accurate Reviews\",\"description\":\"\",\"potentialAction\":[{\"@type\":\"SearchAction\",\"target\":{\"@type\":\"EntryPoint\",\"urlTemplate\":\"https:\\\/\\\/www.accuratereviews.com\\\/it\\\/?s={search_term_string}\"},\"query-input\":{\"@type\":\"PropertyValueSpecification\",\"valueRequired\":true,\"valueName\":\"search_term_string\"}}],\"inLanguage\":\"it-IT\"}]}<\/script>\n<!-- \/ Yoast SEO plugin. -->","yoast_head_json":{"title":"NueMD: recensione soluzione gestionale fisioterapia - Accurate Reviews","description":"NueMD: recensione gestionale per professionisti medici che fornisce prodotti come Practice Management, Electronic Health Records e altro.","robots":{"index":"index","follow":"follow","max-snippet":"max-snippet:-1","max-image-preview":"max-image-preview:large","max-video-preview":"max-video-preview:-1"},"canonical":"https:\/\/www.accuratereviews.com\/it\/gestionali-per-fisioterapia-lista\/nuemd-recensione\/","og_locale":"it_IT","og_type":"article","og_title":"NueMD: recensione soluzione gestionale fisioterapia - Accurate Reviews","og_description":"NueMD: recensione gestionale per professionisti medici che fornisce prodotti come Practice Management, Electronic Health Records e altro.","og_url":"https:\/\/www.accuratereviews.com\/it\/gestionali-per-fisioterapia-lista\/nuemd-recensione\/","og_site_name":"Accurate Reviews","article_modified_time":"2021-02-02T17:09:56+00:00","og_image":[{"width":1052,"height":272,"url":"https:\/\/www.accuratereviews.com\/wp-content\/uploads\/2020\/06\/NUEMD.png","type":"image\/png"}],"twitter_card":"summary_large_image","twitter_misc":{"Tempo di lettura stimato":"3 minuti"},"schema":{"@context":"https:\/\/schema.org","@graph":[{"@type":"WebPage","@id":"https:\/\/www.accuratereviews.com\/it\/gestionali-per-fisioterapia-lista\/nuemd-recensione\/","url":"https:\/\/www.accuratereviews.com\/it\/gestionali-per-fisioterapia-lista\/nuemd-recensione\/","name":"NueMD: recensione soluzione gestionale fisioterapia - Accurate Reviews","isPartOf":{"@id":"https:\/\/www.accuratereviews.com\/it\/#website"},"primaryImageOfPage":{"@id":"https:\/\/www.accuratereviews.com\/it\/gestionali-per-fisioterapia-lista\/nuemd-recensione\/#primaryimage"},"image":{"@id":"https:\/\/www.accuratereviews.com\/it\/gestionali-per-fisioterapia-lista\/nuemd-recensione\/#primaryimage"},"thumbnailUrl":"https:\/\/www.accuratereviews.com\/wp-content\/uploads\/2020\/06\/NUEMD.png","datePublished":"2020-06-11T10:52:59+00:00","dateModified":"2021-02-02T17:09:56+00:00","description":"NueMD: recensione gestionale per professionisti medici che fornisce prodotti come Practice Management, Electronic Health Records e altro.","breadcrumb":{"@id":"https:\/\/www.accuratereviews.com\/it\/gestionali-per-fisioterapia-lista\/nuemd-recensione\/#breadcrumb"},"inLanguage":"it-IT","potentialAction":[{"@type":"ReadAction","target":["https:\/\/www.accuratereviews.com\/it\/gestionali-per-fisioterapia-lista\/nuemd-recensione\/"]}]},{"@type":"ImageObject","inLanguage":"it-IT","@id":"https:\/\/www.accuratereviews.com\/it\/gestionali-per-fisioterapia-lista\/nuemd-recensione\/#primaryimage","url":"https:\/\/www.accuratereviews.com\/wp-content\/uploads\/2020\/06\/NUEMD.png","contentUrl":"https:\/\/www.accuratereviews.com\/wp-content\/uploads\/2020\/06\/NUEMD.png","width":1052,"height":272},{"@type":"BreadcrumbList","@id":"https:\/\/www.accuratereviews.com\/it\/gestionali-per-fisioterapia-lista\/nuemd-recensione\/#breadcrumb","itemListElement":[{"@type":"ListItem","position":1,"name":"Home","item":"https:\/\/www.accuratereviews.com\/it\/"},{"@type":"ListItem","position":2,"name":"Gestionali per fisioterapia","item":"https:\/\/www.accuratereviews.com\/it\/gestionali-per-fisioterapia-lista\/"},{"@type":"ListItem","position":3,"name":"NueMD"}]},{"@type":"WebSite","@id":"https:\/\/www.accuratereviews.com\/it\/#website","url":"https:\/\/www.accuratereviews.com\/it\/","name":"Accurate Reviews","description":"","potentialAction":[{"@type":"SearchAction","target":{"@type":"EntryPoint","urlTemplate":"https:\/\/www.accuratereviews.com\/it\/?s={search_term_string}"},"query-input":{"@type":"PropertyValueSpecification","valueRequired":true,"valueName":"search_term_string"}}],"inLanguage":"it-IT"}]}},"_links":{"self":[{"href":"https:\/\/www.accuratereviews.com\/it\/wp-json\/wp\/v2\/pages\/27453","targetHints":{"allow":["GET"]}}],"collection":[{"href":"https:\/\/www.accuratereviews.com\/it\/wp-json\/wp\/v2\/pages"}],"about":[{"href":"https:\/\/www.accuratereviews.com\/it\/wp-json\/wp\/v2\/types\/page"}],"author":[{"embeddable":true,"href":"https:\/\/www.accuratereviews.com\/it\/wp-json\/wp\/v2\/users\/19"}],"replies":[{"embeddable":true,"href":"https:\/\/www.accuratereviews.com\/it\/wp-json\/wp\/v2\/comments?post=27453"}],"version-history":[{"count":6,"href":"https:\/\/www.accuratereviews.com\/it\/wp-json\/wp\/v2\/pages\/27453\/revisions"}],"predecessor-version":[{"id":36587,"href":"https:\/\/www.accuratereviews.com\/it\/wp-json\/wp\/v2\/pages\/27453\/revisions\/36587"}],"up":[{"embeddable":true,"href":"https:\/\/www.accuratereviews.com\/it\/wp-json\/wp\/v2\/pages\/27304"}],"wp:featuredmedia":[{"embeddable":true,"href":"https:\/\/www.accuratereviews.com\/it\/wp-json\/wp\/v2\/media\/27454"}],"wp:attachment":[{"href":"https:\/\/www.accuratereviews.com\/it\/wp-json\/wp\/v2\/media?parent=27453"}],"wp:term":[{"taxonomy":"category","embeddable":true,"href":"https:\/\/www.accuratereviews.com\/it\/wp-json\/wp\/v2\/categories?post=27453"},{"taxonomy":"post_tag","embeddable":true,"href":"https:\/\/www.accuratereviews.com\/it\/wp-json\/wp\/v2\/tags?post=27453"},{"taxonomy":"features","embeddable":true,"href":"https:\/\/www.accuratereviews.com\/it\/wp-json\/wp\/v2\/features?post=27453"}],"curies":[{"name":"wp","href":"https:\/\/api.w.org\/{rel}","templated":true}]}}