{"id":27488,"date":"2020-06-12T10:51:09","date_gmt":"2020-06-12T10:51:09","guid":{"rendered":"https:\/\/www.accuratereviews.com\/?page_id=27488"},"modified":"2021-02-02T17:11:30","modified_gmt":"2021-02-02T17:11:30","slug":"webpt-recensione","status":"publish","type":"page","link":"https:\/\/www.accuratereviews.com\/it\/gestionali-per-fisioterapia-lista\/webpt-recensione\/","title":{"rendered":"WebPT"},"content":{"rendered":"<p><strong>WebPT<\/strong> mira ad aiutare i fisioterapisti a gestire le loro cliniche in modo pi\u00f9 efficiente e fornisce una<strong> soluzione EMR<\/strong> (Electronic Medical Record) basata sul web e la documentazione. Riduce al minimo il lavoro manuale e aiuta a trasformare una clinica tradizionale in una clinica digitale. EMT, pianificazione, fatturazione e risultati di WebPT forniscono una soluzione completa per mettere tutto in un unico posto. Essendo un software basato sul web, \u00e8 accessibile da qualsiasi luogo da qualsiasi dispositivo abilitato a Internet e non richiede alcun hardware o software aggiuntivo per funzionare. \u00c8 inoltre completamente conforme HIPAA, che garantisce la conformit\u00e0, riduce gli errori e massimizza i rimborsi. Lo <em>scheduler<\/em> personalizzabile consente di accedere sul calendario della clinica e invia automaticamente promemoria che alla fine si traducono in riduzioni delle cancellazioni e mancate presentazioni. I promemoria per i pazienti possono essere inviati tramite email, SMS o telefono.<\/p>\n<h2>WEBPT &#8211; TUTORIAL<\/h2>\n<p>Ecco un breve tutorial in cui illustra come configurare questo<strong> software gestionale per fisioterapia<\/strong>:<\/p>\n<div id=\"fluid-wrapper-counter-1\" class=\"g1-fluid-wrapper \" style=\"width:686px;\">\n<div style=\"padding-bottom:56.268221574344%;\"><iframe loading=\"lazy\" title=\"WebPT Tutorial\" width=\"686\" height=\"386\" src=\"https:\/\/www.youtube.com\/embed\/cWmcQa28YHA?feature=oembed&amp;wmode=transparent&amp;autohide=1&amp;autoplay=0&amp;disablekb=0&amp;fs=1&amp;loop=0&amp;enablejsapi=1&amp;rel=0&amp;controls=2&amp;showinfo=0&amp;wmode=transparent&amp;autohide=2&amp;autoplay=0&amp;disablekb=0&amp;fs=1&amp;loop=0&amp;enablejsapi=1&amp;rel=0&amp;controls=2&amp;showinfo=1\" frameborder=\"0\" allow=\"accelerometer; autoplay; clipboard-write; encrypted-media; gyroscope; picture-in-picture\" allowfullscreen><\/iframe><\/div>\n<\/div>\n<h3>WEBPT &#8211; CARATTERISTICHE<\/h3>\n<ul>\n<li><strong>Documentare in modo efficiente<\/strong>: utilizza EMR per fisioterapia per creare e inviare documentazione specifica, comprese valutazioni iniziali, note sullo stato di avanzamento, note giornaliere, fogli di flusso personalizzabili e riepiloghi delle dimissioni. Inoltre, fax ed email direttamente dal sistema gratuitamente<\/li>\n<li><strong>Fornire assistenza<\/strong>: equipaggia la tua pratica per fornire telehealth con la nostra funzione di video in diretta sicura HIPAA, Visite virtuali. Prenota, avvia e conduci facilmente appuntamenti di terapia remota direttamente dal software<\/li>\n<li><strong>Documento sicuro<\/strong>: inserisci e salva in sicurezza i dati dei pazienti sempre e ovunque, da qualsiasi dispositivo abilitato, e fallo con sicurezza poich\u00e9 il nostro sistema \u00e8 dotato di crittografia a livello di banca, backup automatici e infrastruttura completamente conforme a HIPAA<\/li>\n<li><strong>Invia promemoria automaticamente<\/strong>: riduzione fino al 30% di cancellazioni e mancate presentazioni inviando promemoria per appuntamenti dei pazienti via SMS, email o telefono<\/li>\n<li><strong>Accedi agli orari della clinica<\/strong>: costruisci, modifica e visualizza programmi per pazienti, terapisti, apparecchiature o sale di trattamento ovunque e in qualsiasi momento<\/li>\n<li><strong>Documento difendibile<\/strong>: semplifica la conformit\u00e0 Medicare con il reporting integrato delle limitazioni funzionali, il monitoraggio della soglia del modificatore KX, i calcoli delle regole di 8 minuti, gli avvisi di modifica CCI e un selettore di codice ICD-10 intelligente<\/li>\n<li><strong>Carica file esterni<\/strong>:\u00a0\u00a0\u00e8 possibile caricare documenti paziente esterni, quali immagini diagnostiche, moduli di assunzione, referenze di medici e piani di assistenza firmati, direttamente nella cartella del paziente<\/li>\n<li><strong>Interrompere il dropout del paziente<\/strong>: elimina i casi di autoscarica sfruttando un feedback significativo e in tempo reale per migliorare l&#8217;assistenza, i risultati del trattamento e l&#8217;esperienza del paziente<\/li>\n<li><strong>Ottieni pi\u00f9 pazienti:<\/strong> sfrutta le landing page e i flussi di lavoro di gestione dei lead per generare prospettive e convertirle in pazienti. Quindi, porta ancora pi\u00f9 persone alle tue porte acquistando recensioni dai tuoi clienti pi\u00f9 felici, automaticamente<\/li>\n<li><strong>Aumentare la fidelizzazione del paziente<\/strong>: utilizza le campagne email automatiche di Reach per consegnare il messaggio giusto al momento giusto al paziente giusto, mantenendo cos\u00ec i pazienti coinvolti con il tuo prac<\/li>\n<li><strong>Crea HEP personalizzati in pochi minuti:<\/strong> cerca rapidamente migliaia di esercizi basati sull&#8217;evidenza per creare programmi di esercizi domestici interattivi e personalizzabili<\/li>\n<li><strong>Interagisci con i pazienti tramite un&#8217;app mobile<\/strong>: consentire ai pazienti di accedere, completare e fornire feedback sui loro esercizi tramite un&#8217;app mobile, che possono scaricare dall&#8217;App Store di Apple o da Google Play<\/li>\n<li><strong>Garantire che i pazienti raggiungano obiettivi funzionali:<\/strong> dai ai tuoi pazienti un HEP \u200b\u200bche non solo useranno, ma che adoreranno. Grazie alla messaggistica bidirezionale sicura, alla definizione degli obiettivi e ad altre funzionalit\u00e0 rivolte al paziente, WebPT HEP mantiene i pazienti coinvolti e in linea con le loro cure<\/li>\n<li><strong>Gestisci e rispondi alle recensioni<\/strong>: ottieni una visione olistica di tutte le tue recensioni online e rispondi a ognuna con una semplice piattaforma<\/li>\n<li><strong>Allocare risorse in modo efficiente<\/strong>: identifica rapidamente le tendenze delle prestazioni a livello di terapista, clinica e azienda e utilizza tale intuizione per prendere personale, marketing e decisioni finanziarie pi\u00f9 intelligenti<\/li>\n<li><strong>Migliora le operazioni cliniche<\/strong>: semplifica i processi di pianificazione per migliorare la presenza e la fidelizzazione dei pazienti e analizzare le metriche di fatturazione per ottimizzare il mix di pagatori e negoziare meglio i contratti<\/li>\n<li><strong>Vedi i tuoi dati a modo tuo<\/strong>: ordina, filtra, aggrega e formatta i tuoi dati in base al contenuto usando la suite di report predefiniti. In alternativa, esporta i dati grezzi della tua pratica in un foglio di calcolo Excel o PDF<\/li>\n<li><strong>Migliora la cura del paziente<\/strong>: raccogliere e tracciare il feedback dei pazienti per gestire la qualit\u00e0 dell&#8217;assistenza a livello di terapista, clinica e azienda<\/li>\n<li><strong>Vedi come impilare<\/strong>: monitorare le metriche complessive sulle prestazioni della clinica e dell&#8217;azienda e confrontare tali numeri con le medie nazionali<\/li>\n<li><strong>Migliora la produttivit\u00e0 della clinica<\/strong>: identificare le tendenze nella cura dei pazienti e apportare modifiche per migliorare l&#8217;efficacia del terapista e l&#8217;efficienza clinica<\/li>\n<li><strong>Accedi a pi\u00f9 di 1.000 ore di contenuti:<\/strong> soddisfa i requisiti di licenza annuali del tuo stato online accedendo alla vasta libreria di corsi accreditati su richiesta<\/li>\n<\/ul>\n<h4>LE RECENSIONI DEGLI UTENTI<\/h4>\n<h4 class=\"font-weight-bold my-1 d-flex align-items-center\">Kalin H.&#8221;Ottimo software sanitario&#8221;<\/h4>\n<p><strong>Commenti: <\/strong>Nel complesso, WebPT \u00e8 stata una piattaforma eccellente per tenere traccia dei progressi e delle informazioni dei pazienti. \u00c8 molto conveniente grazie al fatto che \u00e8 basato sul Web e accessibile da molti dispositivi e piattaforme.<\/p>\n<p><strong>Vantaggi: <\/strong>Ho usato questo software come tecnologia di terapia fisica per tenere appunti sui pazienti e prendere appunti sui loro progressi. Una delle migliori caratteristiche di WebPT \u00e8 che \u00e8 basato sul Web, quindi \u00e8 possibile accedervi ovunque. Ha anche permesso alla mia struttura di risparmiare denaro sui computer semplicemente usando i Chromebook invece di dover acquistare PC a tutti gli effetti per la clinica.<\/p>\n<p><strong>Inconvenienti: <\/strong>Questa interfaccia visiva \u00e8 molto semplice e l&#8217;estetica non \u00e8 stata aggiornata da un po &#8216;di tempo. Anche se questa \u00e8 solo una lamentela pungente, vorrei vedere un po &#8216;di aggiornamento nell&#8217;interfaccia per renderlo pi\u00f9 pulito e moderno. Questa \u00e8 sicuramente una preferenza personale, e alcuni potrebbero preferire il layout senza fronzoli.<\/p>\n<h4 class=\"font-weight-bold my-1 d-flex align-items-center\">Kara F.&#8221;WebPT era lo strumento perfetto per l&#8217;ufficio&#8221;<\/h4>\n<p><strong>Commenti: <\/strong>Nel complesso, WebPT \u00e8 stato il software perfetto per il nostro ufficio ambulatoriale.<\/p>\n<p><strong>Vantaggi: <\/strong>WebPT ha funzionato perfettamente per il nostro ufficio ambulatoriale; ci ha fornito un metodo semplice per programmare e mantenere le cartelle dei pazienti.<\/p>\n<p><strong>Inconvenienti: <\/strong>Non c&#8217;erano davvero svantaggi con questo software; alcune volte il sistema era spento ma a parte questo \u00e8 tornato piuttosto rapidamente.<\/p>\n<h4 class=\"font-weight-bold my-1 d-flex align-items-center\">Ingrid V.&#8221;Utile per stare al passo con i clienti PT&#8221;<\/h4>\n<p><strong>Commenti: <\/strong>Mi sono tenuto al passo con i nostri pazienti PT utilizzando WebPT &#8211; i loro progressi, il pagamento corrente per verificare se siamo aggiornati e qualsiasi cambiamento nel fisioterapista. Non posso lamentarmi.<\/p>\n<p><strong>Vantaggi: <\/strong>Posso verificare i progressi dei nostri clienti in PT e la fase in cui si trovano al fine di determinare quanta copertura rimanga<\/p>\n<p><strong>Inconvenienti: <\/strong>L&#8217;interfaccia non mi piace particolarmente, semplicemente non mi sento molto a mio agio. Tuttavia, il software \u00e8 estremamente buono!<\/p>\n","protected":false},"excerpt":{"rendered":"<p>WebPT mira ad aiutare i fisioterapisti a gestire le loro cliniche in modo pi\u00f9 efficiente e fornisce una soluzione EMR (Electronic Medical Record) basata sul web e la documentazione. Riduce al minimo le scartoffie e il lavoro manuale e aiuta a trasformare una clinica tradizionale in una clinica digitale.\u00a0<\/p>\n","protected":false},"author":19,"featured_media":27489,"parent":27304,"menu_order":0,"comment_status":"open","ping_status":"closed","template":"g1_template_page_review_new.php","meta":{"_acf_changed":false,"cwp_meta_box_check":"Yes","cwp_rev_product_name":"","cwp_rev_product_image":"","wppr_links":[],"cwp_rev_price":"","wppr_options":[],"wppr_pros":[],"wppr_cons":[],"_monsterinsights_skip_tracking":false,"_monsterinsights_sitenote_active":false,"_monsterinsights_sitenote_note":"","_monsterinsights_sitenote_category":0,"footnotes":""},"categories":[2993],"tags":[2994,3009,2995,3008,3030],"features":[],"class_list":{"0":"post-27488","1":"page","2":"type-page","3":"status-publish","4":"has-post-thumbnail","6":"category-gestionale-per-fisioterapia-categoria","7":"tag-physical-therapy-software","8":"tag-piattaforma-gestionale-per-fisioterapie","9":"tag-software-gestionale-per-fisioterapie","10":"tag-soluzione-gestionale-per-fisioterapie","11":"tag-webpt"},"wppr_data":{"cwp_meta_box_check":"Yes","cwp_rev_product_name":"","cwp_rev_product_image":"","cwp_image_link":"image","cwp_rev_price":"","wppr_rating":"0.00"},"acf":[],"yoast_head":"<!-- This site is optimized with the Yoast SEO plugin v27.4 - https:\/\/yoast.com\/product\/yoast-seo-wordpress\/ -->\n<title>WebPT: recensione software gestionale per fisioterapia - Accurate Reviews<\/title>\n<meta name=\"description\" content=\"WebPT: software per gestire cliniche in modo efficiente e fornisce una soluzione EMR basata sul web e documentazione.\" \/>\n<meta name=\"robots\" content=\"index, follow, max-snippet:-1, max-image-preview:large, max-video-preview:-1\" \/>\n<link rel=\"canonical\" href=\"https:\/\/www.accuratereviews.com\/it\/gestionali-per-fisioterapia-lista\/webpt-recensione\/\" \/>\n<meta property=\"og:locale\" content=\"it_IT\" \/>\n<meta property=\"og:type\" content=\"article\" \/>\n<meta property=\"og:title\" content=\"WebPT: recensione software gestionale per fisioterapia - Accurate Reviews\" \/>\n<meta property=\"og:description\" content=\"WebPT: software per gestire cliniche in modo efficiente e fornisce una soluzione EMR basata sul web e documentazione.\" \/>\n<meta property=\"og:url\" content=\"https:\/\/www.accuratereviews.com\/it\/gestionali-per-fisioterapia-lista\/webpt-recensione\/\" \/>\n<meta property=\"og:site_name\" content=\"Accurate Reviews\" \/>\n<meta property=\"article:modified_time\" content=\"2021-02-02T17:11:30+00:00\" \/>\n<meta property=\"og:image\" content=\"https:\/\/www.accuratereviews.com\/wp-content\/uploads\/2020\/06\/webpt-logo.png\" \/>\n\t<meta property=\"og:image:width\" content=\"906\" \/>\n\t<meta property=\"og:image:height\" content=\"290\" \/>\n\t<meta property=\"og:image:type\" content=\"image\/png\" \/>\n<meta name=\"twitter:card\" content=\"summary_large_image\" \/>\n<meta name=\"twitter:label1\" content=\"Tempo di lettura stimato\" \/>\n\t<meta name=\"twitter:data1\" content=\"6 minuti\" \/>\n<script type=\"application\/ld+json\" class=\"yoast-schema-graph\">{\"@context\":\"https:\\\/\\\/schema.org\",\"@graph\":[{\"@type\":\"WebPage\",\"@id\":\"https:\\\/\\\/www.accuratereviews.com\\\/it\\\/gestionali-per-fisioterapia-lista\\\/webpt-recensione\\\/\",\"url\":\"https:\\\/\\\/www.accuratereviews.com\\\/it\\\/gestionali-per-fisioterapia-lista\\\/webpt-recensione\\\/\",\"name\":\"WebPT: recensione software gestionale per fisioterapia - Accurate Reviews\",\"isPartOf\":{\"@id\":\"https:\\\/\\\/www.accuratereviews.com\\\/it\\\/#website\"},\"primaryImageOfPage\":{\"@id\":\"https:\\\/\\\/www.accuratereviews.com\\\/it\\\/gestionali-per-fisioterapia-lista\\\/webpt-recensione\\\/#primaryimage\"},\"image\":{\"@id\":\"https:\\\/\\\/www.accuratereviews.com\\\/it\\\/gestionali-per-fisioterapia-lista\\\/webpt-recensione\\\/#primaryimage\"},\"thumbnailUrl\":\"https:\\\/\\\/www.accuratereviews.com\\\/wp-content\\\/uploads\\\/2020\\\/06\\\/webpt-logo.png\",\"datePublished\":\"2020-06-12T10:51:09+00:00\",\"dateModified\":\"2021-02-02T17:11:30+00:00\",\"description\":\"WebPT: software per gestire cliniche in modo efficiente e fornisce una soluzione EMR basata sul web e documentazione.\",\"breadcrumb\":{\"@id\":\"https:\\\/\\\/www.accuratereviews.com\\\/it\\\/gestionali-per-fisioterapia-lista\\\/webpt-recensione\\\/#breadcrumb\"},\"inLanguage\":\"it-IT\",\"potentialAction\":[{\"@type\":\"ReadAction\",\"target\":[\"https:\\\/\\\/www.accuratereviews.com\\\/it\\\/gestionali-per-fisioterapia-lista\\\/webpt-recensione\\\/\"]}]},{\"@type\":\"ImageObject\",\"inLanguage\":\"it-IT\",\"@id\":\"https:\\\/\\\/www.accuratereviews.com\\\/it\\\/gestionali-per-fisioterapia-lista\\\/webpt-recensione\\\/#primaryimage\",\"url\":\"https:\\\/\\\/www.accuratereviews.com\\\/wp-content\\\/uploads\\\/2020\\\/06\\\/webpt-logo.png\",\"contentUrl\":\"https:\\\/\\\/www.accuratereviews.com\\\/wp-content\\\/uploads\\\/2020\\\/06\\\/webpt-logo.png\",\"width\":906,\"height\":290},{\"@type\":\"BreadcrumbList\",\"@id\":\"https:\\\/\\\/www.accuratereviews.com\\\/it\\\/gestionali-per-fisioterapia-lista\\\/webpt-recensione\\\/#breadcrumb\",\"itemListElement\":[{\"@type\":\"ListItem\",\"position\":1,\"name\":\"Home\",\"item\":\"https:\\\/\\\/www.accuratereviews.com\\\/it\\\/\"},{\"@type\":\"ListItem\",\"position\":2,\"name\":\"Gestionali per fisioterapia\",\"item\":\"https:\\\/\\\/www.accuratereviews.com\\\/it\\\/gestionali-per-fisioterapia-lista\\\/\"},{\"@type\":\"ListItem\",\"position\":3,\"name\":\"WebPT\"}]},{\"@type\":\"WebSite\",\"@id\":\"https:\\\/\\\/www.accuratereviews.com\\\/it\\\/#website\",\"url\":\"https:\\\/\\\/www.accuratereviews.com\\\/it\\\/\",\"name\":\"Accurate Reviews\",\"description\":\"\",\"potentialAction\":[{\"@type\":\"SearchAction\",\"target\":{\"@type\":\"EntryPoint\",\"urlTemplate\":\"https:\\\/\\\/www.accuratereviews.com\\\/it\\\/?s={search_term_string}\"},\"query-input\":{\"@type\":\"PropertyValueSpecification\",\"valueRequired\":true,\"valueName\":\"search_term_string\"}}],\"inLanguage\":\"it-IT\"}]}<\/script>\n<!-- \/ Yoast SEO plugin. -->","yoast_head_json":{"title":"WebPT: recensione software gestionale per fisioterapia - Accurate Reviews","description":"WebPT: software per gestire cliniche in modo efficiente e fornisce una soluzione EMR basata sul web e documentazione.","robots":{"index":"index","follow":"follow","max-snippet":"max-snippet:-1","max-image-preview":"max-image-preview:large","max-video-preview":"max-video-preview:-1"},"canonical":"https:\/\/www.accuratereviews.com\/it\/gestionali-per-fisioterapia-lista\/webpt-recensione\/","og_locale":"it_IT","og_type":"article","og_title":"WebPT: recensione software gestionale per fisioterapia - Accurate Reviews","og_description":"WebPT: software per gestire cliniche in modo efficiente e fornisce una soluzione EMR basata sul web e documentazione.","og_url":"https:\/\/www.accuratereviews.com\/it\/gestionali-per-fisioterapia-lista\/webpt-recensione\/","og_site_name":"Accurate Reviews","article_modified_time":"2021-02-02T17:11:30+00:00","og_image":[{"width":906,"height":290,"url":"https:\/\/www.accuratereviews.com\/wp-content\/uploads\/2020\/06\/webpt-logo.png","type":"image\/png"}],"twitter_card":"summary_large_image","twitter_misc":{"Tempo di lettura stimato":"6 minuti"},"schema":{"@context":"https:\/\/schema.org","@graph":[{"@type":"WebPage","@id":"https:\/\/www.accuratereviews.com\/it\/gestionali-per-fisioterapia-lista\/webpt-recensione\/","url":"https:\/\/www.accuratereviews.com\/it\/gestionali-per-fisioterapia-lista\/webpt-recensione\/","name":"WebPT: recensione software gestionale per fisioterapia - Accurate Reviews","isPartOf":{"@id":"https:\/\/www.accuratereviews.com\/it\/#website"},"primaryImageOfPage":{"@id":"https:\/\/www.accuratereviews.com\/it\/gestionali-per-fisioterapia-lista\/webpt-recensione\/#primaryimage"},"image":{"@id":"https:\/\/www.accuratereviews.com\/it\/gestionali-per-fisioterapia-lista\/webpt-recensione\/#primaryimage"},"thumbnailUrl":"https:\/\/www.accuratereviews.com\/wp-content\/uploads\/2020\/06\/webpt-logo.png","datePublished":"2020-06-12T10:51:09+00:00","dateModified":"2021-02-02T17:11:30+00:00","description":"WebPT: software per gestire cliniche in modo efficiente e fornisce una soluzione EMR basata sul web e documentazione.","breadcrumb":{"@id":"https:\/\/www.accuratereviews.com\/it\/gestionali-per-fisioterapia-lista\/webpt-recensione\/#breadcrumb"},"inLanguage":"it-IT","potentialAction":[{"@type":"ReadAction","target":["https:\/\/www.accuratereviews.com\/it\/gestionali-per-fisioterapia-lista\/webpt-recensione\/"]}]},{"@type":"ImageObject","inLanguage":"it-IT","@id":"https:\/\/www.accuratereviews.com\/it\/gestionali-per-fisioterapia-lista\/webpt-recensione\/#primaryimage","url":"https:\/\/www.accuratereviews.com\/wp-content\/uploads\/2020\/06\/webpt-logo.png","contentUrl":"https:\/\/www.accuratereviews.com\/wp-content\/uploads\/2020\/06\/webpt-logo.png","width":906,"height":290},{"@type":"BreadcrumbList","@id":"https:\/\/www.accuratereviews.com\/it\/gestionali-per-fisioterapia-lista\/webpt-recensione\/#breadcrumb","itemListElement":[{"@type":"ListItem","position":1,"name":"Home","item":"https:\/\/www.accuratereviews.com\/it\/"},{"@type":"ListItem","position":2,"name":"Gestionali per fisioterapia","item":"https:\/\/www.accuratereviews.com\/it\/gestionali-per-fisioterapia-lista\/"},{"@type":"ListItem","position":3,"name":"WebPT"}]},{"@type":"WebSite","@id":"https:\/\/www.accuratereviews.com\/it\/#website","url":"https:\/\/www.accuratereviews.com\/it\/","name":"Accurate Reviews","description":"","potentialAction":[{"@type":"SearchAction","target":{"@type":"EntryPoint","urlTemplate":"https:\/\/www.accuratereviews.com\/it\/?s={search_term_string}"},"query-input":{"@type":"PropertyValueSpecification","valueRequired":true,"valueName":"search_term_string"}}],"inLanguage":"it-IT"}]}},"_links":{"self":[{"href":"https:\/\/www.accuratereviews.com\/it\/wp-json\/wp\/v2\/pages\/27488","targetHints":{"allow":["GET"]}}],"collection":[{"href":"https:\/\/www.accuratereviews.com\/it\/wp-json\/wp\/v2\/pages"}],"about":[{"href":"https:\/\/www.accuratereviews.com\/it\/wp-json\/wp\/v2\/types\/page"}],"author":[{"embeddable":true,"href":"https:\/\/www.accuratereviews.com\/it\/wp-json\/wp\/v2\/users\/19"}],"replies":[{"embeddable":true,"href":"https:\/\/www.accuratereviews.com\/it\/wp-json\/wp\/v2\/comments?post=27488"}],"version-history":[{"count":6,"href":"https:\/\/www.accuratereviews.com\/it\/wp-json\/wp\/v2\/pages\/27488\/revisions"}],"predecessor-version":[{"id":36589,"href":"https:\/\/www.accuratereviews.com\/it\/wp-json\/wp\/v2\/pages\/27488\/revisions\/36589"}],"up":[{"embeddable":true,"href":"https:\/\/www.accuratereviews.com\/it\/wp-json\/wp\/v2\/pages\/27304"}],"wp:featuredmedia":[{"embeddable":true,"href":"https:\/\/www.accuratereviews.com\/it\/wp-json\/wp\/v2\/media\/27489"}],"wp:attachment":[{"href":"https:\/\/www.accuratereviews.com\/it\/wp-json\/wp\/v2\/media?parent=27488"}],"wp:term":[{"taxonomy":"category","embeddable":true,"href":"https:\/\/www.accuratereviews.com\/it\/wp-json\/wp\/v2\/categories?post=27488"},{"taxonomy":"post_tag","embeddable":true,"href":"https:\/\/www.accuratereviews.com\/it\/wp-json\/wp\/v2\/tags?post=27488"},{"taxonomy":"features","embeddable":true,"href":"https:\/\/www.accuratereviews.com\/it\/wp-json\/wp\/v2\/features?post=27488"}],"curies":[{"name":"wp","href":"https:\/\/api.w.org\/{rel}","templated":true}]}}