{"id":27507,"date":"2020-06-16T07:00:21","date_gmt":"2020-06-16T07:00:21","guid":{"rendered":"https:\/\/www.accuratereviews.com\/?page_id=27507"},"modified":"2021-02-02T17:04:25","modified_gmt":"2021-02-02T17:04:25","slug":"eclipse-pm-recensione","status":"publish","type":"page","link":"https:\/\/www.accuratereviews.com\/it\/gestionali-per-fisioterapia-lista\/eclipse-pm-recensione\/","title":{"rendered":"Eclipse PM"},"content":{"rendered":"<p><strong>Eclipse PM<\/strong> \u00e8 un robusto <strong>software di cartelle cliniche elettroniche<\/strong> certificato ONC progettato per terapia fisica, chiropratica e strutture mediche. Il software \u00e8 progettato per l&#8217;implementazione su cloud o LAN ed \u00e8 adatto sia per il singolo professionista che per le pratiche multidisciplinari. Inoltre, il sistema \u00e8 utile per le pratiche multi-sito con molti provider e oltre 200 computer in rete che fatturano milioni di entrate mensili.\u00a0Questa piattaforma include; pianificazione, fatturazione, note giornaliere, EHR, sistema di allerta, reclami e rimesse digitali (conforme a HIPAA), sicurezza e una miriade di funzionalit\u00e0 di report richieste per operare con successo una pratica conforme a HIPAA. Tutte queste funzionalit\u00e0 sono progettate per funzionare insieme senza interruzioni e offrire prestazioni di alto livello. La pianificazione degli appuntamenti e i promemoria via email aumentano l&#8217;interazione del paziente ed eliminano le mancate presentazioni. La flessibilit\u00e0 di personalizzare i moduli semplifica l&#8217;automazione dei documenti del pagatore standard.<\/p>\n<h2>ECLIPSE PM &#8211; TUTORIAL<\/h2>\n<p>Con questo tutorial capirai come usare questo <strong>software gestionale per fisioterapia<\/strong>:<\/p>\n<div id=\"fluid-wrapper-counter-1\" class=\"g1-fluid-wrapper \" style=\"width:686px;\">\n<div style=\"padding-bottom:56.268221574344%;\"><iframe loading=\"lazy\" title=\"Setting up ChiroHealthUSA in Eclipse Practice Management Software\" width=\"686\" height=\"386\" src=\"https:\/\/www.youtube.com\/embed\/niX14HEJoA8?feature=oembed&amp;wmode=transparent&amp;autohide=1&amp;autoplay=0&amp;disablekb=0&amp;fs=1&amp;loop=0&amp;enablejsapi=1&amp;rel=0&amp;controls=2&amp;showinfo=0&amp;wmode=transparent&amp;autohide=2&amp;autoplay=0&amp;disablekb=0&amp;fs=1&amp;loop=0&amp;enablejsapi=1&amp;rel=0&amp;controls=2&amp;showinfo=1\" frameborder=\"0\" allow=\"accelerometer; autoplay; clipboard-write; encrypted-media; gyroscope; picture-in-picture\" allowfullscreen><\/iframe><\/div>\n<\/div>\n<h3>ECLIPSE PM &#8211; CARATTERISTICHE<\/h3>\n<ul>\n<li><strong>Gestione dei casi<\/strong>: aiuta a consolidare tutti i dati importanti per un caso. Permette ai medici di collaborare con il personale amministrativo per facilitare i piani di trattamento per fornire cure adeguate<\/li>\n<li><strong>Importa ed esporta<\/strong>: l&#8217;interfaccia offre molti modi per integrare le applicazioni utente con la soluzione e gestisce le attivit\u00e0 automaticamente utilizzando i file CSV<\/li>\n<li><strong>API paziente<\/strong>: l&#8217;API \u00a0consente solo agli utenti autorizzati di accedere ai dati sensibili dei pazienti.<\/li>\n<li><strong>Layout dei file:<\/strong> l&#8217;interfaccia fornisce l&#8217;accesso ai dati EHR tramite server o driver SQL, che possono essere acquistati dal menu.API paziente: l&#8217;API consente solo agli utenti autorizzati di accedere ai dati sensibili dei pazienti<\/li>\n<li><strong>Pianificazione appuntamenti<\/strong>: la pianificazione di appuntamenti, promemoria email, voci di servizio, messaggi di testo, criteri di ordinamento e filtro e altro ancora sono caratteristiche standard<\/li>\n<li><strong>Funzionalit\u00e0 di documentazione ottimizzate<\/strong>: la soluzione ha capacit\u00e0 di documentazione multiforme, che consente agli utenti di creare SOAP (Simple Object Access Protocol). Utilizzando SOAP, gli utenti possono creare PDF e documentazione e inviarli a un avvocato o inviarli come fatture<\/li>\n<li><strong>Moduli personalizzati<\/strong>: supporta moduli personalizzati, che consentono agli utenti di inviare automaticamente documenti come i documenti HMO<\/li>\n<\/ul>\n<p><strong>LE RECENSIONI DEGLI UTENTI<\/strong><\/p>\n<h4 class=\"font-weight-bold my-1 d-flex align-items-center\">Paul T.&#8221;Servizio clienti e supporto sorprendenti&#8221;<\/h4>\n<p><strong>Commenti: <\/strong>A dire il vero, ho avuto il software Eclipse dal mio primo giorno di prove. L&#8217;ho utilizzato per le mie esigenze, ma mai oltre. Questo fino a quando ho ricevuto un aiuto PI\u00d9 ECCEZIONALE. So che lo uso per molto pi\u00f9 di quanto potessi mai immaginare. Tutto perch\u00e9 ho fatto una telefonata. Il problema \u00e8 che in pratica ho impiegato una vita a chiedere aiuto. Una volta che l&#8217;ho fatto, ha fatto la differenza.<\/p>\n<p><strong>Vantaggi: <\/strong>Il mio Practice Manager ama la facilit\u00e0 del programma di fatturazione e raccolta. Ho scoperto che l&#8217;EHR \u00e8 eccezionale, facile (con una piccola curva di apprendimento) e ho preso appunti sugli esami eseguiti insieme alle note SOAP giornaliere &#8230;.. DIVERTENTE.<\/p>\n<p><strong>Inconvenienti: <\/strong>Il Con era la mia stessa paura nell&#8217;usare il software al massimo delle sue capacit\u00e0.\u00a0Ci\u00f2 \u00e8 stato superato semplicemente facendo una telefonata all&#8217;assistenza clienti. Mi ha preso per mano, ha spiegato in modo completo le procedure necessarie per prendere appunti. Ogni passo del modo in cui \u00e8 stato disponibile per ulteriori domande e di volta in volta, mi ha aiutato non solo a utilizzare il software ma a godermi il processo.<\/p>\n<h4 class=\"font-weight-bold my-1 d-flex align-items-center\">Denise C.&#8221;ECCEZIONALE Software di gestione delle pratiche&#8221;<\/h4>\n<p><strong>Commenti: <\/strong>Eclipse ha il miglior servizio clienti, team di vendita e di supporto che abbia mai incontrato. Anche il loro team di allenamento \u00e8 fantastico. Il supporto \u00e8 solo una telefonata e risolto al 100% alla prima chiamata e tempestivo. Il team di Eclipse \u00e8 veramente dedicato alla tua pratica e alla tua sicurezza.<\/p>\n<p><strong>Vantaggi: <\/strong>Adoro questo software; Ho usato diverse societ\u00e0 di software negli ultimi 15 anni ed Eclipse \u00e8 di gran lunga eccezionale. Eclipse \u00e8 cos\u00ec facile da imparare e da usare. Offrono molto di pi\u00f9 del semplice software; questa compagnia ti d\u00e0 tranquillit\u00e0. I video di formazione sono di grande aiuto quando ne hai bisogno. Aggiornato e con i soldi.<\/p>\n<p><strong>Inconvenienti: <\/strong>Non c&#8217;\u00e8 nulla di negativo che posso dire su Eclipse.<\/p>\n<h4 class=\"font-weight-bold my-1 d-flex align-items-center\">Rick E.&#8221;La mia esperienza con il software Eclipse&#8221;<\/h4>\n<p><strong>Commenti: <\/strong>Mi ha permesso di ridurre la quantit\u00e0 di tempo che passo a inserire le informazioni del paziente ed \u00e8 molto facile da usare su base giornaliera<\/p>\n<p><strong>Vantaggi: <\/strong>Sono poco tecnologico e ho trovato questo software come il pi\u00f9 facile da usare dei quattro diversi EHR e software di fatturazione che ho usato. \u00c8 molto intuitivo e il supporto tecnico \u00e8 cena.<\/p>\n<p><strong>Inconvenienti: <\/strong>Non ho trovato nulla che non mi piaccia. Ah<\/p>\n","protected":false},"excerpt":{"rendered":"<p>Eclipse PM \u00e8 un robusto software di cartelle cliniche elettroniche certificato ONC progettato per terapia fisica, chiropratica e strutture mediche. Il software \u00e8 progettato per l&#8217;implementazione su cloud o LAN ed \u00e8 adatto sia per il singolo professionista che per le pratiche multidisciplinari. Inoltre, il sistema \u00e8 utile per le pratiche multi-sito con molti provider e oltre 200 computer in rete che fatturano milioni di entrate mensili.<\/p>\n","protected":false},"author":19,"featured_media":27516,"parent":27304,"menu_order":0,"comment_status":"open","ping_status":"closed","template":"g1_template_page_review_new.php","meta":{"_acf_changed":false,"cwp_meta_box_check":"Yes","cwp_rev_product_name":"","cwp_rev_product_image":"","wppr_links":[],"cwp_rev_price":"","wppr_options":[],"wppr_pros":[],"wppr_cons":[],"_monsterinsights_skip_tracking":false,"_monsterinsights_sitenote_active":false,"_monsterinsights_sitenote_note":"","_monsterinsights_sitenote_category":0,"footnotes":""},"categories":[2993],"tags":[3032,2994,3009,3033,2995,3008],"features":[],"class_list":{"0":"post-27507","1":"page","2":"type-page","3":"status-publish","4":"has-post-thumbnail","6":"category-gestionale-per-fisioterapia-categoria","7":"tag-eclipse-pm","8":"tag-physical-therapy-software","9":"tag-piattaforma-gestionale-per-fisioterapie","10":"tag-programma-gestionale-per-fisioterpie","11":"tag-software-gestionale-per-fisioterapie","12":"tag-soluzione-gestionale-per-fisioterapie"},"wppr_data":{"cwp_meta_box_check":"Yes","cwp_rev_product_name":"","cwp_rev_product_image":"","cwp_image_link":"image","cwp_rev_price":"","wppr_rating":"0.00"},"acf":[],"yoast_head":"<!-- This site is optimized with the Yoast SEO plugin v27.4 - https:\/\/yoast.com\/product\/yoast-seo-wordpress\/ -->\n<title>Eclipse PM: recensione software gestionale fisioterapia - Accurate Reviews<\/title>\n<meta name=\"description\" content=\"Eclipse PM: recensione software gestionale per la fisioterapia che offre un buon servizio grazie al suo set unico di funzionalit\u00e0.\" \/>\n<meta name=\"robots\" content=\"index, follow, max-snippet:-1, max-image-preview:large, max-video-preview:-1\" \/>\n<link rel=\"canonical\" href=\"https:\/\/www.accuratereviews.com\/it\/gestionali-per-fisioterapia-lista\/eclipse-pm-recensione\/\" \/>\n<meta property=\"og:locale\" content=\"it_IT\" \/>\n<meta property=\"og:type\" content=\"article\" \/>\n<meta property=\"og:title\" content=\"Eclipse PM: recensione software gestionale fisioterapia - Accurate Reviews\" \/>\n<meta property=\"og:description\" content=\"Eclipse PM: recensione software gestionale per la fisioterapia che offre un buon servizio grazie al suo set unico di funzionalit\u00e0.\" \/>\n<meta property=\"og:url\" content=\"https:\/\/www.accuratereviews.com\/it\/gestionali-per-fisioterapia-lista\/eclipse-pm-recensione\/\" \/>\n<meta property=\"og:site_name\" content=\"Accurate Reviews\" \/>\n<meta property=\"article:modified_time\" content=\"2021-02-02T17:04:25+00:00\" \/>\n<meta property=\"og:image\" content=\"https:\/\/www.accuratereviews.com\/wp-content\/uploads\/2020\/06\/eclipse-.png\" \/>\n\t<meta property=\"og:image:width\" content=\"300\" \/>\n\t<meta property=\"og:image:height\" content=\"250\" \/>\n\t<meta property=\"og:image:type\" content=\"image\/png\" \/>\n<meta name=\"twitter:card\" content=\"summary_large_image\" \/>\n<meta name=\"twitter:label1\" content=\"Tempo di lettura stimato\" \/>\n\t<meta name=\"twitter:data1\" content=\"4 minuti\" \/>\n<script type=\"application\/ld+json\" class=\"yoast-schema-graph\">{\"@context\":\"https:\\\/\\\/schema.org\",\"@graph\":[{\"@type\":\"WebPage\",\"@id\":\"https:\\\/\\\/www.accuratereviews.com\\\/it\\\/gestionali-per-fisioterapia-lista\\\/eclipse-pm-recensione\\\/\",\"url\":\"https:\\\/\\\/www.accuratereviews.com\\\/it\\\/gestionali-per-fisioterapia-lista\\\/eclipse-pm-recensione\\\/\",\"name\":\"Eclipse PM: recensione software gestionale fisioterapia - Accurate Reviews\",\"isPartOf\":{\"@id\":\"https:\\\/\\\/www.accuratereviews.com\\\/it\\\/#website\"},\"primaryImageOfPage\":{\"@id\":\"https:\\\/\\\/www.accuratereviews.com\\\/it\\\/gestionali-per-fisioterapia-lista\\\/eclipse-pm-recensione\\\/#primaryimage\"},\"image\":{\"@id\":\"https:\\\/\\\/www.accuratereviews.com\\\/it\\\/gestionali-per-fisioterapia-lista\\\/eclipse-pm-recensione\\\/#primaryimage\"},\"thumbnailUrl\":\"https:\\\/\\\/www.accuratereviews.com\\\/wp-content\\\/uploads\\\/2020\\\/06\\\/eclipse-.png\",\"datePublished\":\"2020-06-16T07:00:21+00:00\",\"dateModified\":\"2021-02-02T17:04:25+00:00\",\"description\":\"Eclipse PM: recensione software gestionale per la fisioterapia che offre un buon servizio grazie al suo set unico di funzionalit\u00e0.\",\"breadcrumb\":{\"@id\":\"https:\\\/\\\/www.accuratereviews.com\\\/it\\\/gestionali-per-fisioterapia-lista\\\/eclipse-pm-recensione\\\/#breadcrumb\"},\"inLanguage\":\"it-IT\",\"potentialAction\":[{\"@type\":\"ReadAction\",\"target\":[\"https:\\\/\\\/www.accuratereviews.com\\\/it\\\/gestionali-per-fisioterapia-lista\\\/eclipse-pm-recensione\\\/\"]}]},{\"@type\":\"ImageObject\",\"inLanguage\":\"it-IT\",\"@id\":\"https:\\\/\\\/www.accuratereviews.com\\\/it\\\/gestionali-per-fisioterapia-lista\\\/eclipse-pm-recensione\\\/#primaryimage\",\"url\":\"https:\\\/\\\/www.accuratereviews.com\\\/wp-content\\\/uploads\\\/2020\\\/06\\\/eclipse-.png\",\"contentUrl\":\"https:\\\/\\\/www.accuratereviews.com\\\/wp-content\\\/uploads\\\/2020\\\/06\\\/eclipse-.png\",\"width\":300,\"height\":250},{\"@type\":\"BreadcrumbList\",\"@id\":\"https:\\\/\\\/www.accuratereviews.com\\\/it\\\/gestionali-per-fisioterapia-lista\\\/eclipse-pm-recensione\\\/#breadcrumb\",\"itemListElement\":[{\"@type\":\"ListItem\",\"position\":1,\"name\":\"Home\",\"item\":\"https:\\\/\\\/www.accuratereviews.com\\\/it\\\/\"},{\"@type\":\"ListItem\",\"position\":2,\"name\":\"Gestionali per fisioterapia\",\"item\":\"https:\\\/\\\/www.accuratereviews.com\\\/it\\\/gestionali-per-fisioterapia-lista\\\/\"},{\"@type\":\"ListItem\",\"position\":3,\"name\":\"Eclipse PM\"}]},{\"@type\":\"WebSite\",\"@id\":\"https:\\\/\\\/www.accuratereviews.com\\\/it\\\/#website\",\"url\":\"https:\\\/\\\/www.accuratereviews.com\\\/it\\\/\",\"name\":\"Accurate Reviews\",\"description\":\"\",\"potentialAction\":[{\"@type\":\"SearchAction\",\"target\":{\"@type\":\"EntryPoint\",\"urlTemplate\":\"https:\\\/\\\/www.accuratereviews.com\\\/it\\\/?s={search_term_string}\"},\"query-input\":{\"@type\":\"PropertyValueSpecification\",\"valueRequired\":true,\"valueName\":\"search_term_string\"}}],\"inLanguage\":\"it-IT\"}]}<\/script>\n<!-- \/ Yoast SEO plugin. -->","yoast_head_json":{"title":"Eclipse PM: recensione software gestionale fisioterapia - Accurate Reviews","description":"Eclipse PM: recensione software gestionale per la fisioterapia che offre un buon servizio grazie al suo set unico di funzionalit\u00e0.","robots":{"index":"index","follow":"follow","max-snippet":"max-snippet:-1","max-image-preview":"max-image-preview:large","max-video-preview":"max-video-preview:-1"},"canonical":"https:\/\/www.accuratereviews.com\/it\/gestionali-per-fisioterapia-lista\/eclipse-pm-recensione\/","og_locale":"it_IT","og_type":"article","og_title":"Eclipse PM: recensione software gestionale fisioterapia - Accurate Reviews","og_description":"Eclipse PM: recensione software gestionale per la fisioterapia che offre un buon servizio grazie al suo set unico di funzionalit\u00e0.","og_url":"https:\/\/www.accuratereviews.com\/it\/gestionali-per-fisioterapia-lista\/eclipse-pm-recensione\/","og_site_name":"Accurate Reviews","article_modified_time":"2021-02-02T17:04:25+00:00","og_image":[{"width":300,"height":250,"url":"https:\/\/www.accuratereviews.com\/wp-content\/uploads\/2020\/06\/eclipse-.png","type":"image\/png"}],"twitter_card":"summary_large_image","twitter_misc":{"Tempo di lettura stimato":"4 minuti"},"schema":{"@context":"https:\/\/schema.org","@graph":[{"@type":"WebPage","@id":"https:\/\/www.accuratereviews.com\/it\/gestionali-per-fisioterapia-lista\/eclipse-pm-recensione\/","url":"https:\/\/www.accuratereviews.com\/it\/gestionali-per-fisioterapia-lista\/eclipse-pm-recensione\/","name":"Eclipse PM: recensione software gestionale fisioterapia - Accurate Reviews","isPartOf":{"@id":"https:\/\/www.accuratereviews.com\/it\/#website"},"primaryImageOfPage":{"@id":"https:\/\/www.accuratereviews.com\/it\/gestionali-per-fisioterapia-lista\/eclipse-pm-recensione\/#primaryimage"},"image":{"@id":"https:\/\/www.accuratereviews.com\/it\/gestionali-per-fisioterapia-lista\/eclipse-pm-recensione\/#primaryimage"},"thumbnailUrl":"https:\/\/www.accuratereviews.com\/wp-content\/uploads\/2020\/06\/eclipse-.png","datePublished":"2020-06-16T07:00:21+00:00","dateModified":"2021-02-02T17:04:25+00:00","description":"Eclipse PM: recensione software gestionale per la fisioterapia che offre un buon servizio grazie al suo set unico di funzionalit\u00e0.","breadcrumb":{"@id":"https:\/\/www.accuratereviews.com\/it\/gestionali-per-fisioterapia-lista\/eclipse-pm-recensione\/#breadcrumb"},"inLanguage":"it-IT","potentialAction":[{"@type":"ReadAction","target":["https:\/\/www.accuratereviews.com\/it\/gestionali-per-fisioterapia-lista\/eclipse-pm-recensione\/"]}]},{"@type":"ImageObject","inLanguage":"it-IT","@id":"https:\/\/www.accuratereviews.com\/it\/gestionali-per-fisioterapia-lista\/eclipse-pm-recensione\/#primaryimage","url":"https:\/\/www.accuratereviews.com\/wp-content\/uploads\/2020\/06\/eclipse-.png","contentUrl":"https:\/\/www.accuratereviews.com\/wp-content\/uploads\/2020\/06\/eclipse-.png","width":300,"height":250},{"@type":"BreadcrumbList","@id":"https:\/\/www.accuratereviews.com\/it\/gestionali-per-fisioterapia-lista\/eclipse-pm-recensione\/#breadcrumb","itemListElement":[{"@type":"ListItem","position":1,"name":"Home","item":"https:\/\/www.accuratereviews.com\/it\/"},{"@type":"ListItem","position":2,"name":"Gestionali per fisioterapia","item":"https:\/\/www.accuratereviews.com\/it\/gestionali-per-fisioterapia-lista\/"},{"@type":"ListItem","position":3,"name":"Eclipse PM"}]},{"@type":"WebSite","@id":"https:\/\/www.accuratereviews.com\/it\/#website","url":"https:\/\/www.accuratereviews.com\/it\/","name":"Accurate Reviews","description":"","potentialAction":[{"@type":"SearchAction","target":{"@type":"EntryPoint","urlTemplate":"https:\/\/www.accuratereviews.com\/it\/?s={search_term_string}"},"query-input":{"@type":"PropertyValueSpecification","valueRequired":true,"valueName":"search_term_string"}}],"inLanguage":"it-IT"}]}},"_links":{"self":[{"href":"https:\/\/www.accuratereviews.com\/it\/wp-json\/wp\/v2\/pages\/27507","targetHints":{"allow":["GET"]}}],"collection":[{"href":"https:\/\/www.accuratereviews.com\/it\/wp-json\/wp\/v2\/pages"}],"about":[{"href":"https:\/\/www.accuratereviews.com\/it\/wp-json\/wp\/v2\/types\/page"}],"author":[{"embeddable":true,"href":"https:\/\/www.accuratereviews.com\/it\/wp-json\/wp\/v2\/users\/19"}],"replies":[{"embeddable":true,"href":"https:\/\/www.accuratereviews.com\/it\/wp-json\/wp\/v2\/comments?post=27507"}],"version-history":[{"count":8,"href":"https:\/\/www.accuratereviews.com\/it\/wp-json\/wp\/v2\/pages\/27507\/revisions"}],"predecessor-version":[{"id":36578,"href":"https:\/\/www.accuratereviews.com\/it\/wp-json\/wp\/v2\/pages\/27507\/revisions\/36578"}],"up":[{"embeddable":true,"href":"https:\/\/www.accuratereviews.com\/it\/wp-json\/wp\/v2\/pages\/27304"}],"wp:featuredmedia":[{"embeddable":true,"href":"https:\/\/www.accuratereviews.com\/it\/wp-json\/wp\/v2\/media\/27516"}],"wp:attachment":[{"href":"https:\/\/www.accuratereviews.com\/it\/wp-json\/wp\/v2\/media?parent=27507"}],"wp:term":[{"taxonomy":"category","embeddable":true,"href":"https:\/\/www.accuratereviews.com\/it\/wp-json\/wp\/v2\/categories?post=27507"},{"taxonomy":"post_tag","embeddable":true,"href":"https:\/\/www.accuratereviews.com\/it\/wp-json\/wp\/v2\/tags?post=27507"},{"taxonomy":"features","embeddable":true,"href":"https:\/\/www.accuratereviews.com\/it\/wp-json\/wp\/v2\/features?post=27507"}],"curies":[{"name":"wp","href":"https:\/\/api.w.org\/{rel}","templated":true}]}}