{"id":27522,"date":"2020-06-15T10:59:10","date_gmt":"2020-06-15T10:59:10","guid":{"rendered":"https:\/\/www.accuratereviews.com\/?page_id=27522"},"modified":"2021-02-02T16:48:40","modified_gmt":"2021-02-02T16:48:40","slug":"my-clients-plus-recensione","status":"publish","type":"page","link":"https:\/\/www.accuratereviews.com\/it\/gestionali-per-fisioterapia-lista\/my-clients-plus-recensione\/","title":{"rendered":"My Clients Plus"},"content":{"rendered":"<p><strong>My Clients Plus<\/strong> \u00e8 una <strong>soluzione di gestione pratica<\/strong> di facile utilizzo progettata per sezioni di fisioterapia, chiropratica, studi medici e di altro tipo. La piattaforma \u00e8 acclamata come uno dei migliori software di gestione e fatturazione basati sul web nel settore sanitario moderno.\u00a0Offre una vasta gamma di funzionalit\u00e0 che includono; Modelli EMR, promemoria di appuntamenti, programmazione online integrata, assunzione automatizzata dei clienti, ecc. La soluzione pu\u00f2 essere personalizzata per soddisfare le esigenze del cliente.\u00a0<strong>MyClients Plus<\/strong> \u00e8 un ottimo modo per tenere traccia delle entrate generate dalla tua azienda. \u00c8 uno sportello unico che offre tutto ci\u00f2 di cui la tua azienda ha bisogno per fatturare con successo clienti e assicurazioni. Inoltre, la piattaforma ha una funzionalit\u00e0 di videoconferenza conforme a HIPAA. Questa funzione \u00e8 molto apprezzata perch\u00e9 ti aiuta a comunicare in modo efficace con i tuoi pazienti.<\/p>\n<h2>MY CLIENTS PLUS &#8211; TUTORIAL<\/h2>\n<p>Vediamo con questo video come \u00e8 semplice aggiungere una nota su questo <strong>programma gestionale per fisioterapia<\/strong>:<\/p>\n<div id=\"fluid-wrapper-counter-1\" class=\"g1-fluid-wrapper \" style=\"width:686px;\">\n<div style=\"padding-bottom:56.268221574344%;\"><iframe loading=\"lazy\" title=\"Myclientsplus Notes\" width=\"686\" height=\"386\" src=\"https:\/\/www.youtube.com\/embed\/0VbG5axlHKQ?feature=oembed&amp;wmode=transparent&amp;autohide=1&amp;autoplay=0&amp;disablekb=0&amp;fs=1&amp;loop=0&amp;enablejsapi=1&amp;rel=0&amp;controls=2&amp;showinfo=0&amp;wmode=transparent&amp;autohide=2&amp;autoplay=0&amp;disablekb=0&amp;fs=1&amp;loop=0&amp;enablejsapi=1&amp;rel=0&amp;controls=2&amp;showinfo=1\" frameborder=\"0\" allow=\"accelerometer; autoplay; clipboard-write; encrypted-media; gyroscope; picture-in-picture\" allowfullscreen><\/iframe><\/div>\n<\/div>\n<h3>MY CLIENTS PLUS &#8211; CARATTERISTICHE<\/h3>\n<ul>\n<li>Fatturare elettronicamente le assicurazioni primarie e secondarie<\/li>\n<li>Controlla facilmente lo stato del reclamo elettronico direttamente nell&#8217;applicazione<\/li>\n<li>Avviso di rimessa elettronica automatica (ERA)<\/li>\n<li>Fatturare a clienti fuori rete per loro conto<\/li>\n<li>Generare moduli CMS per assicurazioni primarie e secondarie<\/li>\n<li>Traccia i pagamenti del cliente e dell&#8217;assicurazione<\/li>\n<li>Generare rapidamente fatture clienti e fatture assicurative<\/li>\n<li>Traccia le autorizzazioni assicurative<\/li>\n<li>Accetta pagamenti con carta di credito con il nostro portale clienti integrato<\/li>\n<li>Perfetta integrazione con Jituzu, una delle piattaforme di portale client pi\u00f9 potenti del settore<\/li>\n<li>La pianificazione e l&#8217;elaborazione della carta di credito tramite Jituzu sono incluse nel tuo account My Clients Plus. Scorri, inserisci le carte manualmente o carica le carte memorizzate<\/li>\n<li>Promemoria di appuntamenti di testo o vocali con aggiornamenti automatici del calendario<\/li>\n<li>Consente ai clienti di compilare moduli di assunzione clinica online e inserire informazioni demografiche<\/li>\n<li>I clienti sono in grado di aggiornare in modo sicuro le informazioni di contatto in qualsiasi momento<\/li>\n<li>I moduli di assunzione compilati elettronicamente vengono automaticamente aggiunti ai record dei clienti<\/li>\n<li>I clienti possono pianificare gli appuntamenti, visualizzare gli appuntamenti imminenti e pagare le tasse di sessione online<\/li>\n<li>Invia e ricevi messaggi sicuri con file allegati<\/li>\n<li>Condurre videoconferenze (telehealth) conformi a HIPAA<\/li>\n<li>Invia automaticamente email dichiarazioni e moduli di divulgazione ai nuovi clienti<\/li>\n<li>Il portale client \u00e8 disponibile come app mobile in modo che tu e i tuoi clienti siate sempre connessi<\/li>\n<li>Crea e gestisci il tuo elenco di cose da fare<\/li>\n<li>Assegnare attivit\u00e0 da completare quotidianamente, settimanalmente o mensilmente o impostare come ricorrenti<\/li>\n<li>Le attivit\u00e0 possono essere designate come personali o relative al lavoro<\/li>\n<li>Etichettare le attivit\u00e0 con vari gradi di importanza<\/li>\n<li>Capacit\u00e0 di associare compiti a singoli clienti<\/li>\n<li>Le attivit\u00e0 possono essere filtrate per etichette, livello di priorit\u00e0 o client associati<\/li>\n<li>Riassumi le informazioni finanziarie e di sessione del cliente per intervallo di date<\/li>\n<li>Le attivit\u00e0 completate vengono registrate e facilmente accessibili<\/li>\n<li>Filtra le statistiche di pratica in base alle metriche che ti interessano<\/li>\n<li>Tieni traccia delle entrate, del numero di sessioni e del tipo di sessioni<\/li>\n<li>Raggruppare i clienti dalle compagnie assicurative<\/li>\n<li>Creare report per singoli professionisti<\/li>\n<li>Identifica facilmente le sessioni client per le quali \u00e8 ancora necessaria una nota di avanzamento<\/li>\n<li>Ordina i pagamenti registrati per pagatore o data<\/li>\n<li>Fatti di pratica e report statistici per una rapida panoramica della salute pratica<\/li>\n<\/ul>\n<h4>LE RECENSIONI DEGLI UTENTI<\/h4>\n<h4 class=\"font-weight-bold my-1 d-flex align-items-center\">Matt C.&#8221;My Clients Plus \u00e8 il miglior prodotto sul mercato.&#8221;<\/h4>\n<p><strong>Commenti: <\/strong>La mia azienda \u00e8 stata associata a My Clients Plus negli ultimi 11 anni e assiste oltre 180 pratiche in tutta la nazione. Durante quel periodo di tempo, abbiamo avuto l&#8217;opportunit\u00e0 di cambiare i fornitori di software che offrivano incentivi e benefici che MCP non offriva in quel momento. Tuttavia, non abbiamo mai apportato alcuna modifica a causa della capacit\u00e0 di MCP di migliorare il loro prodotto al fine di migliorare l&#8217;offerta dei loro concorrenti.\u00a0Ci\u00f2 che si distingue ed \u00e8 pi\u00f9 importante nel lavorare con MCP \u00e8 il livello costantemente elevato di servizio clienti che forniscono. Niente \u00e8 troppo grande o troppo piccolo da affrontare. L&#8217;azienda ha dipendenti disponibili, competenti, amichevoli \u00a0che vanno al di l\u00e0 di qualsiasi altro fornitore di software con cui abbia mai lavorato. Quando hai bisogno di qualcuno o qualcosa indirizzato immediatamente, MCP ha sempre intensificato e risolto in un tempo minimo. Non posso che elogiare quanto sia meraviglioso lavorare con questa azienda. Dai loro una possibilit\u00e0, non rimarrai deluso!<\/p>\n<p><strong>Vantaggi: <\/strong>La curva di apprendimento, la facilit\u00e0 d&#8217;uso e, soprattutto, il servizio che l&#8217;azienda fornisce agli utenti.<\/p>\n<p><strong>Inconvenienti: <\/strong>Non c&#8217;\u00e8 nulla che mi venga in mente. Ogni volta che c&#8217;\u00e8 stato un problema, MCP fa tutto il necessario per risolvere il problema il pi\u00f9 rapidamente possibile.<\/p>\n<h4 class=\"font-weight-bold my-1 d-flex align-items-center\">Sue A.&#8221;MIGLIOR SOFTWARE MAI&#8221;<\/h4>\n<p><strong>Commenti: <\/strong>Le mie note sono aggiornate e conformi a HIPAA. Posso accedere a qualsiasi cosa in qualsiasi momento da qualsiasi luogo!<br \/>\nLa fatturazione mi consente di inviare dichiarazioni, seguire le compagnie assicurative se necessario e tenere traccia di tutte le attivit\u00e0 semplicemente.<br \/>\nMi definisco il pi\u00f9 grande fan di MCP perch\u00e9 dico a TUTTI i miei amici e colleghi di quanto sia bello e consiglio loro di usarlo per le proprie pratiche. Molti dei miei amici hanno condiviso che ha anche salvato la vita per quanto riguarda il tenersi aggiornato e non perdere pi\u00f9 la fatturazione.<\/p>\n<p><strong>Vantaggi: <\/strong>Adoro la facilit\u00e0 d&#8217;uso dell&#8217;MCP: \u00e8 facile da usare, tutto \u00e8 semplicemente collegato e mi fornisce tutti i servizi di cui ho bisogno. C&#8217;\u00e8 una grande variet\u00e0 di modelli, posso collegare il calendario con gli appuntamenti semplicemente tramite Jituzu. I promemoria per la pianificazione sono i migliori!<br \/>\nL&#8217;assistenza clienti \u00e8 straordinaria: gli agenti sono professionali, competenti e cordiali.<\/p>\n<p><strong>Inconvenienti: <\/strong>Niente &#8211; Adoro tutto! Al limite direi che vorrei che le note fossero salvate automaticamente poich\u00e9 ne avevo perso alcune dopo non aver ricordato di salvarle prima di lasciare la pagina!<\/p>\n<h4 class=\"font-weight-bold my-1 d-flex align-items-center\">Colin P.&#8221;Ha reso la vita molto pi\u00f9 semplice.&#8221;<\/h4>\n<p><strong>Commenti: <\/strong>Nel complesso molto bene. Il tempo che avrei speso per la fatturazione e lo sviluppo di un mezzo sicuro per tenere i miei appunti \u00e8 ora dedicato alla crescita della mia attivit\u00e0 e alla cura dei miei clienti.<\/p>\n<p><strong>Vantaggi: <\/strong>La piattaforma \u00e8 intuitiva e facile da imparare. La mia fatturazione \u00e8 molto pi\u00f9 semplice e rapida rispetto ad altri mezzi. Le mie note vengono inserite in un server sicuro e crittografato. Il prezzo \u00e8 ragionevole Il servizio clienti \u00e8 rapido e utile nelle occasioni in cui ho avuto domande.<\/p>\n<p><strong>Inconvenienti: <\/strong>Sto ancora usando la prima versione. Il software non funziona bene con tutti i sistemi operativi. Ho un vecchio Mac, funzionante su 10.7 che va bene. Il mio desktop pi\u00f9 attuale, che funziona su 10.14, non svolge molte funzioni su questo programma. Sono un po &#8216;preoccupato per quando il mio vecchio laptop muore.<\/p>\n","protected":false},"excerpt":{"rendered":"<p>My Clients Plus \u00e8 una soluzione di gestione pratica di facile utilizzo progettata per sezioni di fisioterapia, chiropratica, studi medici e di altro tipo. La piattaforma \u00e8 acclamata come uno dei migliori software di gestione e fatturazione basati sul web nel settore sanitario moderno.\u00a0Offre una vasta gamma di funzionalit\u00e0 che includono; Modelli EMR, promemoria di appuntamenti, programmazione online integrata, assunzione automatizzata dei clienti, ecc.,<\/p>\n","protected":false},"author":19,"featured_media":27523,"parent":27304,"menu_order":0,"comment_status":"open","ping_status":"closed","template":"g1_template_page_review_new.php","meta":{"_acf_changed":false,"cwp_meta_box_check":"Yes","cwp_rev_product_name":"","cwp_rev_product_image":"","wppr_links":[],"cwp_rev_price":"","wppr_options":[],"wppr_pros":[],"wppr_cons":[],"_monsterinsights_skip_tracking":false,"_monsterinsights_sitenote_active":false,"_monsterinsights_sitenote_note":"","_monsterinsights_sitenote_category":0,"footnotes":""},"categories":[2993],"tags":[3035,3034,2994,3009,3033,2995,3008],"features":[],"class_list":{"0":"post-27522","1":"page","2":"type-page","3":"status-publish","4":"has-post-thumbnail","6":"category-gestionale-per-fisioterapia-categoria","7":"tag-jituzu","8":"tag-my-clients-plus","9":"tag-physical-therapy-software","10":"tag-piattaforma-gestionale-per-fisioterapie","11":"tag-programma-gestionale-per-fisioterpie","12":"tag-software-gestionale-per-fisioterapie","13":"tag-soluzione-gestionale-per-fisioterapie"},"wppr_data":{"cwp_meta_box_check":"Yes","cwp_rev_product_name":"","cwp_rev_product_image":"","cwp_image_link":"image","cwp_rev_price":"","wppr_rating":"0.00"},"acf":[],"yoast_head":"<!-- This site is optimized with the Yoast SEO plugin v27.4 - https:\/\/yoast.com\/product\/yoast-seo-wordpress\/ -->\n<title>My Clients Plus: rencensione gestionale fisioterapia- Accurate Reviews<\/title>\n<meta name=\"description\" content=\"My Clients Plus: recensione soluzione gestionale per fisioterapia di facile utilizzo per centri di massaggi, chiropratica e studi medici.\" \/>\n<meta name=\"robots\" content=\"index, follow, max-snippet:-1, max-image-preview:large, max-video-preview:-1\" \/>\n<link rel=\"canonical\" href=\"https:\/\/www.accuratereviews.com\/it\/gestionali-per-fisioterapia-lista\/my-clients-plus-recensione\/\" \/>\n<meta property=\"og:locale\" content=\"it_IT\" \/>\n<meta property=\"og:type\" content=\"article\" \/>\n<meta property=\"og:title\" content=\"My Clients Plus: rencensione gestionale fisioterapia- Accurate Reviews\" \/>\n<meta property=\"og:description\" content=\"My Clients Plus: recensione soluzione gestionale per fisioterapia di facile utilizzo per centri di massaggi, chiropratica e studi medici.\" \/>\n<meta property=\"og:url\" content=\"https:\/\/www.accuratereviews.com\/it\/gestionali-per-fisioterapia-lista\/my-clients-plus-recensione\/\" \/>\n<meta property=\"og:site_name\" content=\"Accurate Reviews\" \/>\n<meta property=\"article:modified_time\" content=\"2021-02-02T16:48:40+00:00\" \/>\n<meta property=\"og:image\" content=\"https:\/\/www.accuratereviews.com\/wp-content\/uploads\/2020\/06\/MYCLIENTS.png\" \/>\n\t<meta property=\"og:image:width\" content=\"1211\" \/>\n\t<meta property=\"og:image:height\" content=\"399\" \/>\n\t<meta property=\"og:image:type\" content=\"image\/png\" \/>\n<meta name=\"twitter:card\" content=\"summary_large_image\" \/>\n<meta name=\"twitter:label1\" content=\"Tempo di lettura stimato\" \/>\n\t<meta name=\"twitter:data1\" content=\"6 minuti\" \/>\n<script type=\"application\/ld+json\" class=\"yoast-schema-graph\">{\"@context\":\"https:\\\/\\\/schema.org\",\"@graph\":[{\"@type\":\"WebPage\",\"@id\":\"https:\\\/\\\/www.accuratereviews.com\\\/it\\\/gestionali-per-fisioterapia-lista\\\/my-clients-plus-recensione\\\/\",\"url\":\"https:\\\/\\\/www.accuratereviews.com\\\/it\\\/gestionali-per-fisioterapia-lista\\\/my-clients-plus-recensione\\\/\",\"name\":\"My Clients Plus: rencensione gestionale fisioterapia- Accurate Reviews\",\"isPartOf\":{\"@id\":\"https:\\\/\\\/www.accuratereviews.com\\\/it\\\/#website\"},\"primaryImageOfPage\":{\"@id\":\"https:\\\/\\\/www.accuratereviews.com\\\/it\\\/gestionali-per-fisioterapia-lista\\\/my-clients-plus-recensione\\\/#primaryimage\"},\"image\":{\"@id\":\"https:\\\/\\\/www.accuratereviews.com\\\/it\\\/gestionali-per-fisioterapia-lista\\\/my-clients-plus-recensione\\\/#primaryimage\"},\"thumbnailUrl\":\"https:\\\/\\\/www.accuratereviews.com\\\/wp-content\\\/uploads\\\/2020\\\/06\\\/MYCLIENTS.png\",\"datePublished\":\"2020-06-15T10:59:10+00:00\",\"dateModified\":\"2021-02-02T16:48:40+00:00\",\"description\":\"My Clients Plus: recensione soluzione gestionale per fisioterapia di facile utilizzo per centri di massaggi, chiropratica e studi medici.\",\"breadcrumb\":{\"@id\":\"https:\\\/\\\/www.accuratereviews.com\\\/it\\\/gestionali-per-fisioterapia-lista\\\/my-clients-plus-recensione\\\/#breadcrumb\"},\"inLanguage\":\"it-IT\",\"potentialAction\":[{\"@type\":\"ReadAction\",\"target\":[\"https:\\\/\\\/www.accuratereviews.com\\\/it\\\/gestionali-per-fisioterapia-lista\\\/my-clients-plus-recensione\\\/\"]}]},{\"@type\":\"ImageObject\",\"inLanguage\":\"it-IT\",\"@id\":\"https:\\\/\\\/www.accuratereviews.com\\\/it\\\/gestionali-per-fisioterapia-lista\\\/my-clients-plus-recensione\\\/#primaryimage\",\"url\":\"https:\\\/\\\/www.accuratereviews.com\\\/wp-content\\\/uploads\\\/2020\\\/06\\\/MYCLIENTS.png\",\"contentUrl\":\"https:\\\/\\\/www.accuratereviews.com\\\/wp-content\\\/uploads\\\/2020\\\/06\\\/MYCLIENTS.png\",\"width\":1211,\"height\":399},{\"@type\":\"BreadcrumbList\",\"@id\":\"https:\\\/\\\/www.accuratereviews.com\\\/it\\\/gestionali-per-fisioterapia-lista\\\/my-clients-plus-recensione\\\/#breadcrumb\",\"itemListElement\":[{\"@type\":\"ListItem\",\"position\":1,\"name\":\"Home\",\"item\":\"https:\\\/\\\/www.accuratereviews.com\\\/it\\\/\"},{\"@type\":\"ListItem\",\"position\":2,\"name\":\"Gestionali per fisioterapia\",\"item\":\"https:\\\/\\\/www.accuratereviews.com\\\/it\\\/gestionali-per-fisioterapia-lista\\\/\"},{\"@type\":\"ListItem\",\"position\":3,\"name\":\"My Clients Plus\"}]},{\"@type\":\"WebSite\",\"@id\":\"https:\\\/\\\/www.accuratereviews.com\\\/it\\\/#website\",\"url\":\"https:\\\/\\\/www.accuratereviews.com\\\/it\\\/\",\"name\":\"Accurate Reviews\",\"description\":\"\",\"potentialAction\":[{\"@type\":\"SearchAction\",\"target\":{\"@type\":\"EntryPoint\",\"urlTemplate\":\"https:\\\/\\\/www.accuratereviews.com\\\/it\\\/?s={search_term_string}\"},\"query-input\":{\"@type\":\"PropertyValueSpecification\",\"valueRequired\":true,\"valueName\":\"search_term_string\"}}],\"inLanguage\":\"it-IT\"}]}<\/script>\n<!-- \/ Yoast SEO plugin. -->","yoast_head_json":{"title":"My Clients Plus: rencensione gestionale fisioterapia- Accurate Reviews","description":"My Clients Plus: recensione soluzione gestionale per fisioterapia di facile utilizzo per centri di massaggi, chiropratica e studi medici.","robots":{"index":"index","follow":"follow","max-snippet":"max-snippet:-1","max-image-preview":"max-image-preview:large","max-video-preview":"max-video-preview:-1"},"canonical":"https:\/\/www.accuratereviews.com\/it\/gestionali-per-fisioterapia-lista\/my-clients-plus-recensione\/","og_locale":"it_IT","og_type":"article","og_title":"My Clients Plus: rencensione gestionale fisioterapia- Accurate Reviews","og_description":"My Clients Plus: recensione soluzione gestionale per fisioterapia di facile utilizzo per centri di massaggi, chiropratica e studi medici.","og_url":"https:\/\/www.accuratereviews.com\/it\/gestionali-per-fisioterapia-lista\/my-clients-plus-recensione\/","og_site_name":"Accurate Reviews","article_modified_time":"2021-02-02T16:48:40+00:00","og_image":[{"width":1211,"height":399,"url":"https:\/\/www.accuratereviews.com\/wp-content\/uploads\/2020\/06\/MYCLIENTS.png","type":"image\/png"}],"twitter_card":"summary_large_image","twitter_misc":{"Tempo di lettura stimato":"6 minuti"},"schema":{"@context":"https:\/\/schema.org","@graph":[{"@type":"WebPage","@id":"https:\/\/www.accuratereviews.com\/it\/gestionali-per-fisioterapia-lista\/my-clients-plus-recensione\/","url":"https:\/\/www.accuratereviews.com\/it\/gestionali-per-fisioterapia-lista\/my-clients-plus-recensione\/","name":"My Clients Plus: rencensione gestionale fisioterapia- Accurate Reviews","isPartOf":{"@id":"https:\/\/www.accuratereviews.com\/it\/#website"},"primaryImageOfPage":{"@id":"https:\/\/www.accuratereviews.com\/it\/gestionali-per-fisioterapia-lista\/my-clients-plus-recensione\/#primaryimage"},"image":{"@id":"https:\/\/www.accuratereviews.com\/it\/gestionali-per-fisioterapia-lista\/my-clients-plus-recensione\/#primaryimage"},"thumbnailUrl":"https:\/\/www.accuratereviews.com\/wp-content\/uploads\/2020\/06\/MYCLIENTS.png","datePublished":"2020-06-15T10:59:10+00:00","dateModified":"2021-02-02T16:48:40+00:00","description":"My Clients Plus: recensione soluzione gestionale per fisioterapia di facile utilizzo per centri di massaggi, chiropratica e studi medici.","breadcrumb":{"@id":"https:\/\/www.accuratereviews.com\/it\/gestionali-per-fisioterapia-lista\/my-clients-plus-recensione\/#breadcrumb"},"inLanguage":"it-IT","potentialAction":[{"@type":"ReadAction","target":["https:\/\/www.accuratereviews.com\/it\/gestionali-per-fisioterapia-lista\/my-clients-plus-recensione\/"]}]},{"@type":"ImageObject","inLanguage":"it-IT","@id":"https:\/\/www.accuratereviews.com\/it\/gestionali-per-fisioterapia-lista\/my-clients-plus-recensione\/#primaryimage","url":"https:\/\/www.accuratereviews.com\/wp-content\/uploads\/2020\/06\/MYCLIENTS.png","contentUrl":"https:\/\/www.accuratereviews.com\/wp-content\/uploads\/2020\/06\/MYCLIENTS.png","width":1211,"height":399},{"@type":"BreadcrumbList","@id":"https:\/\/www.accuratereviews.com\/it\/gestionali-per-fisioterapia-lista\/my-clients-plus-recensione\/#breadcrumb","itemListElement":[{"@type":"ListItem","position":1,"name":"Home","item":"https:\/\/www.accuratereviews.com\/it\/"},{"@type":"ListItem","position":2,"name":"Gestionali per fisioterapia","item":"https:\/\/www.accuratereviews.com\/it\/gestionali-per-fisioterapia-lista\/"},{"@type":"ListItem","position":3,"name":"My Clients Plus"}]},{"@type":"WebSite","@id":"https:\/\/www.accuratereviews.com\/it\/#website","url":"https:\/\/www.accuratereviews.com\/it\/","name":"Accurate Reviews","description":"","potentialAction":[{"@type":"SearchAction","target":{"@type":"EntryPoint","urlTemplate":"https:\/\/www.accuratereviews.com\/it\/?s={search_term_string}"},"query-input":{"@type":"PropertyValueSpecification","valueRequired":true,"valueName":"search_term_string"}}],"inLanguage":"it-IT"}]}},"_links":{"self":[{"href":"https:\/\/www.accuratereviews.com\/it\/wp-json\/wp\/v2\/pages\/27522","targetHints":{"allow":["GET"]}}],"collection":[{"href":"https:\/\/www.accuratereviews.com\/it\/wp-json\/wp\/v2\/pages"}],"about":[{"href":"https:\/\/www.accuratereviews.com\/it\/wp-json\/wp\/v2\/types\/page"}],"author":[{"embeddable":true,"href":"https:\/\/www.accuratereviews.com\/it\/wp-json\/wp\/v2\/users\/19"}],"replies":[{"embeddable":true,"href":"https:\/\/www.accuratereviews.com\/it\/wp-json\/wp\/v2\/comments?post=27522"}],"version-history":[{"count":8,"href":"https:\/\/www.accuratereviews.com\/it\/wp-json\/wp\/v2\/pages\/27522\/revisions"}],"predecessor-version":[{"id":36555,"href":"https:\/\/www.accuratereviews.com\/it\/wp-json\/wp\/v2\/pages\/27522\/revisions\/36555"}],"up":[{"embeddable":true,"href":"https:\/\/www.accuratereviews.com\/it\/wp-json\/wp\/v2\/pages\/27304"}],"wp:featuredmedia":[{"embeddable":true,"href":"https:\/\/www.accuratereviews.com\/it\/wp-json\/wp\/v2\/media\/27523"}],"wp:attachment":[{"href":"https:\/\/www.accuratereviews.com\/it\/wp-json\/wp\/v2\/media?parent=27522"}],"wp:term":[{"taxonomy":"category","embeddable":true,"href":"https:\/\/www.accuratereviews.com\/it\/wp-json\/wp\/v2\/categories?post=27522"},{"taxonomy":"post_tag","embeddable":true,"href":"https:\/\/www.accuratereviews.com\/it\/wp-json\/wp\/v2\/tags?post=27522"},{"taxonomy":"features","embeddable":true,"href":"https:\/\/www.accuratereviews.com\/it\/wp-json\/wp\/v2\/features?post=27522"}],"curies":[{"name":"wp","href":"https:\/\/api.w.org\/{rel}","templated":true}]}}