{"id":27532,"date":"2020-06-15T11:00:19","date_gmt":"2020-06-15T11:00:19","guid":{"rendered":"https:\/\/www.accuratereviews.com\/?page_id=27532"},"modified":"2021-02-02T17:00:13","modified_gmt":"2021-02-02T17:00:13","slug":"fusion-recensione","status":"publish","type":"page","link":"https:\/\/www.accuratereviews.com\/it\/gestionali-per-fisioterapia-lista\/fusion-recensione\/","title":{"rendered":"Fusion"},"content":{"rendered":"<p><strong>Fusion<\/strong> \u00e8 una <strong>soluzione di cartelle cliniche elettroniche (EMR)<\/strong> basata su <strong>cloud<\/strong> per cliniche pediatriche multi-specialit\u00e0. Le caratteristiche principali includono la pianificazione degli appuntamenti, la documentazione del paziente, i promemoria, la fatturazione e la gestione dei reclami.\u00a0La soluzione offre una funzione di trascinamento della selezione per modificare e aggiornare i calendari degli appuntamenti, impostare appuntamenti ricorrenti e inviare promemoria a terapisti e pazienti. A calendari e appuntamenti possono essere assegnati codici colore diversi per contrassegnare appuntamenti prioritari, prenotazioni regolari e spazi disponibili. L&#8217;avanzamento delle cure del paziente pu\u00f2 essere visualizzato graficamente utilizzando grafici dinamici che possono essere integrati nel relativo rapporto. La soluzione si occupa anche della fatturazione medica e dei reclami assicurativi e offre una dashboard per monitorare, tracciare, analizzare e segnalare le principali attivit\u00e0 cliniche.<\/p>\n<h2>FUSION &#8211; TUTORIAL<\/h2>\n<p>Guardiamo un video in cui illustra le principali funzioni di questo software gestionale per fisioterapie:<\/p>\n<div id=\"fluid-wrapper-counter-1\" class=\"g1-fluid-wrapper \" style=\"width:686px;\">\n<div style=\"padding-bottom:56.268221574344%;\"><iframe loading=\"lazy\" title=\"Why Therapists Love Fusion\" width=\"686\" height=\"386\" src=\"https:\/\/www.youtube.com\/embed\/CS6I6aCoHhQ?start=4&#038;feature=oembed&amp;wmode=transparent&amp;autohide=1&amp;autoplay=0&amp;disablekb=0&amp;fs=1&amp;loop=0&amp;enablejsapi=1&amp;rel=0&amp;controls=2&amp;showinfo=0&amp;wmode=transparent&amp;autohide=2&amp;autoplay=0&amp;disablekb=0&amp;fs=1&amp;loop=0&amp;enablejsapi=1&amp;rel=0&amp;controls=2&amp;showinfo=1\" frameborder=\"0\" allow=\"accelerometer; autoplay; clipboard-write; encrypted-media; gyroscope; picture-in-picture\" allowfullscreen><\/iframe><\/div>\n<\/div>\n<h3>FUSION &#8211; CARATTERISTICHE<\/h3>\n<ul>\n<li>Aggiorna e modifica rapidamente il calendario degli appuntamenti. Imposta appuntamenti ricorrenti e invia promemoria automatici<\/li>\n<li>Organizza la tua settimana a colpo d&#8217;occhio. Usa i tipi di appuntamento integrati o personalizza il tuo, quindi inserisci il codice colore per una facile identificazione<\/li>\n<li>Confronta gli orari del personale al volo. Visualizza tutti i calendari dei terapisti da una schermata, quindi ordina o filtra per posizione e specialit\u00e0<\/li>\n<li>Riduci il tempo dedicato alla documentazione con i modelli pediatrici creati dai clienti, risparmiando tempo su note e valutazioni giornaliere<\/li>\n<li>Traccia graficamente i progressi del paziente. Visualizza i progressi del paziente durante le note quotidiane e inserisci i grafici dei progressi dei singoli obiettivi nei rapporti dei pazienti<\/li>\n<li>Registra rapidamente le valutazioni con modelli predefiniti per i test standardizzati pi\u00f9 popolari nella tua specialit\u00e0, utilizzando qualsiasi metrica di cui hai bisogno<\/li>\n<li>Quando si completa la documentazione per un appuntamento, la soluzione genera automaticamente un reclamo legato alla nota giornaliera<\/li>\n<li>Completare e rivedere elettronicamente i reclami, utilizzando il nostro E.O.B. automatizzato sistema<\/li>\n<li>Il processore di carte di credito integrato ti consente di gestire i pagamenti dei pazienti direttamente all&#8217;interno dell&#8217;EMR<\/li>\n<li>Mantieni il controllo con dashboard delle prestazioni della clinica in tempo reale. Concediti dei poteri decisionali con una visione istantanea di cosa sta succedendo e dove concentrare il tuo tempo<\/li>\n<li>Visualizza rapidamente e traccia chi, cosa, dove, quando, perch\u00e9 e quanto di ogni parte della tua clinica. Esegui e misura i tuoi rapporti in periodi di tempo specifici per avere una visione dettagliata di ci\u00f2 che funziona e cosa no<\/li>\n<li>Crea, rivedi ed esporta facilmente i dati necessari per rimanere aggiornato sui dettagli che contano di pi\u00f9 per te e per la tua azienda<\/li>\n<\/ul>\n<h4>LE RECENSIONI DEGLI UTENTI<\/h4>\n<h4 class=\"font-weight-bold my-1 d-flex align-items-center\">Wayne S.&#8221;Efficiente ma costoso.&#8221;<\/h4>\n<p><strong>Vantaggi: <\/strong>Mi piace che Fusion sia un software pediatrico. Mi piace la possibilit\u00e0 di completare tutta la mia documentazione e fatturazione in un unico spazio<\/p>\n<p><strong>Inconvenienti: <\/strong>Se la tua pratica \u00e8 piccola (1-2) con un terapista che fornisce servizi part-time, Fusion \u00e8 costosa. Vorrei che avessero prezzi diversi per le piccole cliniche come alcuni degli altri prodotti EMR in circolazione. Mi trovo spesso a cercare un software adatto al mio budget.<\/p>\n<h4 class=\"font-weight-bold my-1 d-flex align-items-center\">Jasmine M.&#8221;Adoro questo EMR !!&#8221;<\/h4>\n<p><strong>Vantaggi: <\/strong>Fusion \u00e8 molto snello, facile da personalizzare e dall&#8217;aspetto molto professionale. Adoro l&#8217;aspetto dei report stampati. Il POC viene creato automaticamente in base al rapporto di valutazione e ha anche un aspetto molto professionale. Gli obiettivi vengono compilati automaticamente nelle note SOAP con grafici di avanzamento per i rapporti sullo stato di avanzamento. \u00c8 facile tenere traccia del lavoro con la barra delle attivit\u00e0 nella pagina principale del programma. \u00c8 possibile assegnare diversi compiti a un terapista e il promemoria giornaliero della nota di sapone appare automaticamente una volta effettuato il check-in di un paziente. Ottimo sistema EMR.<\/p>\n<p><strong>Inconvenienti: <\/strong>Vorrei che fosse pi\u00f9 facile creare un POC quando si riceve una valutazione da una clinica diversa. L&#8217;unica altra cosa che ho \u00e8 che \u00e8 il sistema EMR pi\u00f9 costoso che abbia mai visto.<\/p>\n<h4 class=\"font-weight-bold my-1 d-flex align-items-center\">Chelsea S.&#8221;Abbiamo usato questo EMR per diversi anni. \u00c8 ben progettato, funzionale e facile da usare.&#8221;<\/h4>\n<p><strong>Commenti: <\/strong>Pianificazione, fatturazione e immissione dei dati inclusi in un prodotto<\/p>\n<p><strong>Vantaggi: <\/strong>Questo software \u00e8 tutto compreso ed \u00e8 molto utile essere in grado di gestire pi\u00f9 uffici in un&#8217;unica posizione. I dati dei pazienti sono accessibili ma sicuri. Il sistema \u00e8 inoltre progettato per pi\u00f9 discipline. La parte migliore per me sono le sezioni di fatturazione e amministrative che consentono un facile monitoraggio dei reclami e rapporti informativi che richiederebbero ore per essere eseguiti a mano.<\/p>\n<p><strong>Inconvenienti: <\/strong>La mia parte meno preferita di questo software \u00e8 non essere in grado di contrassegnare un paziente in ritardo o calcolare la frequenza in base a un intervallo di date piuttosto che complessivo. Sarebbe pi\u00f9 utile se contrassegniamo appuntamenti in modo pi\u00f9 appropriato come &#8220;Annullato dalla clinica&#8221; o &#8220;annullato dal genitore&#8221; o &#8220;tardivo&#8221; e quindi essere in grado di calcolarli per categoria. Dobbiamo segnalare la percentuale a molte assicurazioni.<\/p>\n","protected":false},"excerpt":{"rendered":"<p>Fusion \u00e8 una soluzione di cartelle cliniche elettroniche (EMR) basata su cloud per cliniche pediatriche multi-specialit\u00e0. Le caratteristiche principali includono la pianificazione degli appuntamenti, la documentazione del paziente, i promemoria, la fatturazione e la gestione dei reclami.\u00a0La soluzione offre una funzione di trascinamento della selezione per modificare e aggiornare i calendari degli appuntamenti, impostare appuntamenti ricorrenti e inviare promemoria a terapisti e pazienti.<\/p>\n","protected":false},"author":19,"featured_media":27536,"parent":27304,"menu_order":0,"comment_status":"open","ping_status":"closed","template":"g1_template_page_review_new.php","meta":{"_acf_changed":false,"cwp_meta_box_check":"Yes","cwp_rev_product_name":"","cwp_rev_product_image":"","wppr_links":[],"cwp_rev_price":"","wppr_options":[],"wppr_pros":[],"wppr_cons":[],"_monsterinsights_skip_tracking":false,"_monsterinsights_sitenote_active":false,"_monsterinsights_sitenote_note":"","_monsterinsights_sitenote_category":0,"footnotes":""},"categories":[2993],"tags":[396,3036,3009,3033,2995,3008],"features":[],"class_list":{"0":"post-27532","1":"page","2":"type-page","3":"status-publish","4":"has-post-thumbnail","6":"category-gestionale-per-fisioterapia-categoria","7":"tag-cloud","8":"tag-fusion","9":"tag-piattaforma-gestionale-per-fisioterapie","10":"tag-programma-gestionale-per-fisioterpie","11":"tag-software-gestionale-per-fisioterapie","12":"tag-soluzione-gestionale-per-fisioterapie"},"wppr_data":{"cwp_meta_box_check":"Yes","cwp_rev_product_name":"","cwp_rev_product_image":"","cwp_image_link":"image","cwp_rev_price":"","wppr_rating":"0.00"},"acf":[],"yoast_head":"<!-- This site is optimized with the Yoast SEO plugin v27.4 - https:\/\/yoast.com\/product\/yoast-seo-wordpress\/ -->\n<title>Fusion: recensione software gestionale per fisioterapia - Accurate Reviews<\/title>\n<meta name=\"description\" content=\"Fusion: recensione soluzione di cartelle cliniche elettroniche (EMR) basata su cloud per cliniche pediatriche multi-specialit\u00e0.\" \/>\n<meta name=\"robots\" content=\"index, follow, max-snippet:-1, max-image-preview:large, max-video-preview:-1\" \/>\n<link rel=\"canonical\" href=\"https:\/\/www.accuratereviews.com\/it\/gestionali-per-fisioterapia-lista\/fusion-recensione\/\" \/>\n<meta property=\"og:locale\" content=\"it_IT\" \/>\n<meta property=\"og:type\" content=\"article\" \/>\n<meta property=\"og:title\" content=\"Fusion: recensione software gestionale per fisioterapia - Accurate Reviews\" \/>\n<meta property=\"og:description\" content=\"Fusion: recensione soluzione di cartelle cliniche elettroniche (EMR) basata su cloud per cliniche pediatriche multi-specialit\u00e0.\" \/>\n<meta property=\"og:url\" content=\"https:\/\/www.accuratereviews.com\/it\/gestionali-per-fisioterapia-lista\/fusion-recensione\/\" \/>\n<meta property=\"og:site_name\" content=\"Accurate Reviews\" \/>\n<meta property=\"article:modified_time\" content=\"2021-02-02T17:00:13+00:00\" \/>\n<meta property=\"og:image\" content=\"https:\/\/www.accuratereviews.com\/wp-content\/uploads\/2020\/06\/fusion2.jpg\" \/>\n\t<meta property=\"og:image:width\" content=\"500\" \/>\n\t<meta property=\"og:image:height\" content=\"500\" \/>\n\t<meta property=\"og:image:type\" content=\"image\/jpeg\" \/>\n<meta name=\"twitter:card\" content=\"summary_large_image\" \/>\n<meta name=\"twitter:label1\" content=\"Tempo di lettura stimato\" \/>\n\t<meta name=\"twitter:data1\" content=\"4 minuti\" \/>\n<script type=\"application\/ld+json\" class=\"yoast-schema-graph\">{\"@context\":\"https:\\\/\\\/schema.org\",\"@graph\":[{\"@type\":\"WebPage\",\"@id\":\"https:\\\/\\\/www.accuratereviews.com\\\/it\\\/gestionali-per-fisioterapia-lista\\\/fusion-recensione\\\/\",\"url\":\"https:\\\/\\\/www.accuratereviews.com\\\/it\\\/gestionali-per-fisioterapia-lista\\\/fusion-recensione\\\/\",\"name\":\"Fusion: recensione software gestionale per fisioterapia - Accurate Reviews\",\"isPartOf\":{\"@id\":\"https:\\\/\\\/www.accuratereviews.com\\\/it\\\/#website\"},\"primaryImageOfPage\":{\"@id\":\"https:\\\/\\\/www.accuratereviews.com\\\/it\\\/gestionali-per-fisioterapia-lista\\\/fusion-recensione\\\/#primaryimage\"},\"image\":{\"@id\":\"https:\\\/\\\/www.accuratereviews.com\\\/it\\\/gestionali-per-fisioterapia-lista\\\/fusion-recensione\\\/#primaryimage\"},\"thumbnailUrl\":\"https:\\\/\\\/www.accuratereviews.com\\\/wp-content\\\/uploads\\\/2020\\\/06\\\/fusion2.jpg\",\"datePublished\":\"2020-06-15T11:00:19+00:00\",\"dateModified\":\"2021-02-02T17:00:13+00:00\",\"description\":\"Fusion: recensione soluzione di cartelle cliniche elettroniche (EMR) basata su cloud per cliniche pediatriche multi-specialit\u00e0.\",\"breadcrumb\":{\"@id\":\"https:\\\/\\\/www.accuratereviews.com\\\/it\\\/gestionali-per-fisioterapia-lista\\\/fusion-recensione\\\/#breadcrumb\"},\"inLanguage\":\"it-IT\",\"potentialAction\":[{\"@type\":\"ReadAction\",\"target\":[\"https:\\\/\\\/www.accuratereviews.com\\\/it\\\/gestionali-per-fisioterapia-lista\\\/fusion-recensione\\\/\"]}]},{\"@type\":\"ImageObject\",\"inLanguage\":\"it-IT\",\"@id\":\"https:\\\/\\\/www.accuratereviews.com\\\/it\\\/gestionali-per-fisioterapia-lista\\\/fusion-recensione\\\/#primaryimage\",\"url\":\"https:\\\/\\\/www.accuratereviews.com\\\/wp-content\\\/uploads\\\/2020\\\/06\\\/fusion2.jpg\",\"contentUrl\":\"https:\\\/\\\/www.accuratereviews.com\\\/wp-content\\\/uploads\\\/2020\\\/06\\\/fusion2.jpg\",\"width\":500,\"height\":500},{\"@type\":\"BreadcrumbList\",\"@id\":\"https:\\\/\\\/www.accuratereviews.com\\\/it\\\/gestionali-per-fisioterapia-lista\\\/fusion-recensione\\\/#breadcrumb\",\"itemListElement\":[{\"@type\":\"ListItem\",\"position\":1,\"name\":\"Home\",\"item\":\"https:\\\/\\\/www.accuratereviews.com\\\/it\\\/\"},{\"@type\":\"ListItem\",\"position\":2,\"name\":\"Gestionali per fisioterapia\",\"item\":\"https:\\\/\\\/www.accuratereviews.com\\\/it\\\/gestionali-per-fisioterapia-lista\\\/\"},{\"@type\":\"ListItem\",\"position\":3,\"name\":\"Fusion\"}]},{\"@type\":\"WebSite\",\"@id\":\"https:\\\/\\\/www.accuratereviews.com\\\/it\\\/#website\",\"url\":\"https:\\\/\\\/www.accuratereviews.com\\\/it\\\/\",\"name\":\"Accurate Reviews\",\"description\":\"\",\"potentialAction\":[{\"@type\":\"SearchAction\",\"target\":{\"@type\":\"EntryPoint\",\"urlTemplate\":\"https:\\\/\\\/www.accuratereviews.com\\\/it\\\/?s={search_term_string}\"},\"query-input\":{\"@type\":\"PropertyValueSpecification\",\"valueRequired\":true,\"valueName\":\"search_term_string\"}}],\"inLanguage\":\"it-IT\"}]}<\/script>\n<!-- \/ Yoast SEO plugin. -->","yoast_head_json":{"title":"Fusion: recensione software gestionale per fisioterapia - Accurate Reviews","description":"Fusion: recensione soluzione di cartelle cliniche elettroniche (EMR) basata su cloud per cliniche pediatriche multi-specialit\u00e0.","robots":{"index":"index","follow":"follow","max-snippet":"max-snippet:-1","max-image-preview":"max-image-preview:large","max-video-preview":"max-video-preview:-1"},"canonical":"https:\/\/www.accuratereviews.com\/it\/gestionali-per-fisioterapia-lista\/fusion-recensione\/","og_locale":"it_IT","og_type":"article","og_title":"Fusion: recensione software gestionale per fisioterapia - Accurate Reviews","og_description":"Fusion: recensione soluzione di cartelle cliniche elettroniche (EMR) basata su cloud per cliniche pediatriche multi-specialit\u00e0.","og_url":"https:\/\/www.accuratereviews.com\/it\/gestionali-per-fisioterapia-lista\/fusion-recensione\/","og_site_name":"Accurate Reviews","article_modified_time":"2021-02-02T17:00:13+00:00","og_image":[{"width":500,"height":500,"url":"https:\/\/www.accuratereviews.com\/wp-content\/uploads\/2020\/06\/fusion2.jpg","type":"image\/jpeg"}],"twitter_card":"summary_large_image","twitter_misc":{"Tempo di lettura stimato":"4 minuti"},"schema":{"@context":"https:\/\/schema.org","@graph":[{"@type":"WebPage","@id":"https:\/\/www.accuratereviews.com\/it\/gestionali-per-fisioterapia-lista\/fusion-recensione\/","url":"https:\/\/www.accuratereviews.com\/it\/gestionali-per-fisioterapia-lista\/fusion-recensione\/","name":"Fusion: recensione software gestionale per fisioterapia - Accurate Reviews","isPartOf":{"@id":"https:\/\/www.accuratereviews.com\/it\/#website"},"primaryImageOfPage":{"@id":"https:\/\/www.accuratereviews.com\/it\/gestionali-per-fisioterapia-lista\/fusion-recensione\/#primaryimage"},"image":{"@id":"https:\/\/www.accuratereviews.com\/it\/gestionali-per-fisioterapia-lista\/fusion-recensione\/#primaryimage"},"thumbnailUrl":"https:\/\/www.accuratereviews.com\/wp-content\/uploads\/2020\/06\/fusion2.jpg","datePublished":"2020-06-15T11:00:19+00:00","dateModified":"2021-02-02T17:00:13+00:00","description":"Fusion: recensione soluzione di cartelle cliniche elettroniche (EMR) basata su cloud per cliniche pediatriche multi-specialit\u00e0.","breadcrumb":{"@id":"https:\/\/www.accuratereviews.com\/it\/gestionali-per-fisioterapia-lista\/fusion-recensione\/#breadcrumb"},"inLanguage":"it-IT","potentialAction":[{"@type":"ReadAction","target":["https:\/\/www.accuratereviews.com\/it\/gestionali-per-fisioterapia-lista\/fusion-recensione\/"]}]},{"@type":"ImageObject","inLanguage":"it-IT","@id":"https:\/\/www.accuratereviews.com\/it\/gestionali-per-fisioterapia-lista\/fusion-recensione\/#primaryimage","url":"https:\/\/www.accuratereviews.com\/wp-content\/uploads\/2020\/06\/fusion2.jpg","contentUrl":"https:\/\/www.accuratereviews.com\/wp-content\/uploads\/2020\/06\/fusion2.jpg","width":500,"height":500},{"@type":"BreadcrumbList","@id":"https:\/\/www.accuratereviews.com\/it\/gestionali-per-fisioterapia-lista\/fusion-recensione\/#breadcrumb","itemListElement":[{"@type":"ListItem","position":1,"name":"Home","item":"https:\/\/www.accuratereviews.com\/it\/"},{"@type":"ListItem","position":2,"name":"Gestionali per fisioterapia","item":"https:\/\/www.accuratereviews.com\/it\/gestionali-per-fisioterapia-lista\/"},{"@type":"ListItem","position":3,"name":"Fusion"}]},{"@type":"WebSite","@id":"https:\/\/www.accuratereviews.com\/it\/#website","url":"https:\/\/www.accuratereviews.com\/it\/","name":"Accurate Reviews","description":"","potentialAction":[{"@type":"SearchAction","target":{"@type":"EntryPoint","urlTemplate":"https:\/\/www.accuratereviews.com\/it\/?s={search_term_string}"},"query-input":{"@type":"PropertyValueSpecification","valueRequired":true,"valueName":"search_term_string"}}],"inLanguage":"it-IT"}]}},"_links":{"self":[{"href":"https:\/\/www.accuratereviews.com\/it\/wp-json\/wp\/v2\/pages\/27532","targetHints":{"allow":["GET"]}}],"collection":[{"href":"https:\/\/www.accuratereviews.com\/it\/wp-json\/wp\/v2\/pages"}],"about":[{"href":"https:\/\/www.accuratereviews.com\/it\/wp-json\/wp\/v2\/types\/page"}],"author":[{"embeddable":true,"href":"https:\/\/www.accuratereviews.com\/it\/wp-json\/wp\/v2\/users\/19"}],"replies":[{"embeddable":true,"href":"https:\/\/www.accuratereviews.com\/it\/wp-json\/wp\/v2\/comments?post=27532"}],"version-history":[{"count":10,"href":"https:\/\/www.accuratereviews.com\/it\/wp-json\/wp\/v2\/pages\/27532\/revisions"}],"predecessor-version":[{"id":36572,"href":"https:\/\/www.accuratereviews.com\/it\/wp-json\/wp\/v2\/pages\/27532\/revisions\/36572"}],"up":[{"embeddable":true,"href":"https:\/\/www.accuratereviews.com\/it\/wp-json\/wp\/v2\/pages\/27304"}],"wp:featuredmedia":[{"embeddable":true,"href":"https:\/\/www.accuratereviews.com\/it\/wp-json\/wp\/v2\/media\/27536"}],"wp:attachment":[{"href":"https:\/\/www.accuratereviews.com\/it\/wp-json\/wp\/v2\/media?parent=27532"}],"wp:term":[{"taxonomy":"category","embeddable":true,"href":"https:\/\/www.accuratereviews.com\/it\/wp-json\/wp\/v2\/categories?post=27532"},{"taxonomy":"post_tag","embeddable":true,"href":"https:\/\/www.accuratereviews.com\/it\/wp-json\/wp\/v2\/tags?post=27532"},{"taxonomy":"features","embeddable":true,"href":"https:\/\/www.accuratereviews.com\/it\/wp-json\/wp\/v2\/features?post=27532"}],"curies":[{"name":"wp","href":"https:\/\/api.w.org\/{rel}","templated":true}]}}