{"id":27544,"date":"2020-06-16T07:00:25","date_gmt":"2020-06-16T07:00:25","guid":{"rendered":"https:\/\/www.accuratereviews.com\/?page_id=27544"},"modified":"2021-02-02T16:52:27","modified_gmt":"2021-02-02T16:52:27","slug":"power-diary-recensione","status":"publish","type":"page","link":"https:\/\/www.accuratereviews.com\/it\/gestionali-per-fisioterapia-lista\/power-diary-recensione\/","title":{"rendered":"Power Diary"},"content":{"rendered":"<p><strong>Power Diary<\/strong> \u00e8 un <strong>software di gestione pratica online<\/strong> che include la gestione del calendario, promemoria degli appuntamenti automatici (SMS o email), modelli di note sul trattamento (che possono essere personalizzati), database dei clienti, fatturazione dei clienti, liste di attesa, prenotazioni online (link a questo tramite il sito Web ), Chat SMS a due vie e altro. Aiuta a gestire cliniche sanitarie ed \u00e8 popolare tra fisioterapisti, psicologi, logopedisti, podologi, massaggiatori, naturopati, osteopati, chiropratici, consulenti e altre pratiche sanitarie.\u00a0<strong>Power Diary<\/strong> mira a fornire agli operatori sanitari un software di gestione delle pratiche che rende pi\u00f9 semplice, semplice e gratificante la gestione di una pratica sanitaria. Si integra direttamente con<strong> Xero, Mailchimp, Stripe, Physitrack<\/strong> e altri.<\/p>\n<h2>POWER DIARY &#8211; TUTORIAL<\/h2>\n<p>Guardiamo come \u00e8 semplice inserire un appuntamento su questo<strong> software gestionale per fisioterapie<\/strong>:<\/p>\n<div id=\"fluid-wrapper-counter-1\" class=\"g1-fluid-wrapper \" style=\"width:686px;\">\n<div style=\"padding-bottom:56.268221574344%;\"><iframe loading=\"lazy\" title=\"Appointment Reminders\" width=\"515\" height=\"386\" src=\"https:\/\/www.youtube.com\/embed\/sXk6Os0F5M0?feature=oembed&amp;wmode=transparent&amp;autohide=1&amp;autoplay=0&amp;disablekb=0&amp;fs=1&amp;loop=0&amp;enablejsapi=1&amp;rel=0&amp;controls=2&amp;showinfo=0&amp;wmode=transparent&amp;autohide=2&amp;autoplay=0&amp;disablekb=0&amp;fs=1&amp;loop=0&amp;enablejsapi=1&amp;rel=0&amp;controls=2&amp;showinfo=1\" frameborder=\"0\" allow=\"accelerometer; autoplay; clipboard-write; encrypted-media; gyroscope; picture-in-picture\" allowfullscreen><\/iframe><\/div>\n<\/div>\n<h3>POWER DIARY &#8211; CARATTERISTICHE<\/h3>\n<ul>\n<li>Appuntamenti individuali, di gruppo e personali<\/li>\n<li>Viste personalizzabili e codice colore<\/li>\n<li>Funzionalit\u00e0 lista d&#8217;attesa e altro ancora<\/li>\n<li>Promemoria appuntamenti automatici<\/li>\n<li>Invia messaggi di marketing via SMS o email<\/li>\n<li>Chat SMS a 2 vie con i client e altro ancora<\/li>\n<li>Telehealth<\/li>\n<li>Videochiamate<\/li>\n<li>Fatture personalizzabili<\/li>\n<li>Semplice da usare senza accessi o download<\/li>\n<li>Utilizza moduli personalizzati sicuri per raccogliere informazioni sui clienti<\/li>\n<li>Modelli pre-preparati da cui iniziare<\/li>\n<li>Risposte salvate nel record del cliente<\/li>\n<li>Mantieni tutti i dettagli del cliente sicuri e accessibili<\/li>\n<li>Collega tutte le comunicazioni<\/li>\n<li>Scrittore di lettere istantaneo<\/li>\n<li>Codifica dei dati, dettagli di terze parti e altro ancora<\/li>\n<li>Crea modelli di note di trattamento personalizzati<\/li>\n<li>Duplica facilmente le note precedenti e altro ancora<\/li>\n<li>Tramite il portale clienti, i pazienti possono fissare appuntamenti, pagare online e altro ancora<\/li>\n<li>Fatturazione e incasso dei pagamenti completamente integrati<\/li>\n<li>Raccogli i pagamenti e gestisci i conti in sospeso con facilit\u00e0<\/li>\n<li>Analizza i tuoi clienti, dati finanziari e altri dati<\/li>\n<\/ul>\n<h4>LE RECENSIONI DEGLI UTENTI<\/h4>\n<h4 class=\"font-weight-bold my-1 d-flex align-items-center\">Natalie W.&#8221;Power Diary mi aiuta a risparmiare tempo&#8221;<\/h4>\n<p><strong>Commenti: <\/strong>Non ho una doppia gestione &#8230; Posso inviare e-mail ai clienti e ad altri professionisti della salute direttamente dal software che si collega al file del rispettivo cliente.<\/p>\n<p><strong>Vantaggi: <\/strong>Funzioni personalizzate per le note dei clienti, facile contabilit\u00e0 con feed a Xero e disponibilit\u00e0 a cercare adattamenti per soddisfare le esigenze della mia attivit\u00e0.\u00a0Inoltre, il supporto di Australian&#8217;s \u00e8 completo, rapido e amichevole.\u00a0Portale clienti<\/p>\n<p><strong>Inconvenienti: <\/strong>Ancora alcuni aspetti dei moduli di nota che richiedono modifiche per rendere note utili per la mia clinica.<\/p>\n<h5 class=\"font-weight-bold my-1 d-flex align-items-center\">Rebecca U.<\/h5>\n<h3 class=\"h5 font-weight-bold flex-grow-1 mb-4\">&#8220;La migliore decisione che ho preso per la mia pratica&#8221;<\/h3>\n<p><strong>Vantaggi: <\/strong>La cosa migliore di PowerDiary dovrebbe essere il risparmio di tempo con tutto ci\u00f2 che \u00e8 incorporato in un unico programma, essere in grado di inviare \/ ricevere SMS inclusi promemoria automatici e poter esportare direttamente su Xero! \u00c8 ottimo! \u00c8 anche cos\u00ec semplice da usare e ci sono sempre nuove funzionalit\u00e0 aggiunte. Anche l&#8217;assistenza clienti \u00e8 favolosa quando hai bisogno di una mano con qualcosa!<\/p>\n<p><strong>Inconvenienti: <\/strong>Non mi piace avere il mio calendario impostato in intervalli di 30 minuti, quindi devo scorrere per visualizzare l&#8217;intera giornata. Niente di grave! Oh e vorrei che tu potessi inviare fax da PowerDiary.<\/p>\n<h4 class=\"font-weight-bold my-1 d-flex align-items-center\">Adam H.&#8221;Professionale rispetto agli strumenti alternativi di gestione della clinica&#8221;<\/h4>\n<p><strong>Vantaggi: <\/strong>Una delle migliori caratteristiche sono i modelli personalizzabili di note cliniche. Essere in grado di creare note cliniche per ogni tipo di paziente e ogni interazione ha reso la mia gestione del paziente molto pi\u00f9 semplice.<br \/>\nPromemoria di appuntamenti automatici e modelli di comunicazione aggiungono un tocco professionale che i miei pazienti apprezzano.<\/p>\n<p><strong>Inconvenienti: <\/strong>Al momento l&#8217;unico sistema di pagamento con carta di credito integrato da PowerDiary \u00e8 Stripe. L&#8217;aggiunta di integrazione con altri sistemi di pagamento come Square faciliterebbe la gestione dei pagamenti con carta di credito.<\/p>\n","protected":false},"excerpt":{"rendered":"<p>Power Diary \u00e8 un software di gestione pratica online che include la gestione del calendario, promemoria degli appuntamenti automatici (SMS o email), modelli di note sul trattamento (che possono essere personalizzati), database dei clienti, fatturazione dei clienti, liste di attesa, prenotazioni online (link a questo tramite il sito Web ), Chat SMS a due vie e altro.<\/p>\n","protected":false},"author":19,"featured_media":27545,"parent":27304,"menu_order":0,"comment_status":"open","ping_status":"closed","template":"g1_template_page_review_new.php","meta":{"_acf_changed":false,"cwp_meta_box_check":"Yes","cwp_rev_product_name":"","cwp_rev_product_image":"","wppr_links":[],"cwp_rev_price":"","wppr_options":[],"wppr_pros":[],"wppr_cons":[],"_monsterinsights_skip_tracking":false,"_monsterinsights_sitenote_active":false,"_monsterinsights_sitenote_note":"","_monsterinsights_sitenote_category":0,"footnotes":""},"categories":[2993],"tags":[3009,3037,3033,2995,3008],"features":[],"class_list":{"0":"post-27544","1":"page","2":"type-page","3":"status-publish","4":"has-post-thumbnail","6":"category-gestionale-per-fisioterapia-categoria","7":"tag-piattaforma-gestionale-per-fisioterapie","8":"tag-power-diary","9":"tag-programma-gestionale-per-fisioterpie","10":"tag-software-gestionale-per-fisioterapie","11":"tag-soluzione-gestionale-per-fisioterapie"},"wppr_data":{"cwp_meta_box_check":"Yes","cwp_rev_product_name":"","cwp_rev_product_image":"","cwp_image_link":"image","cwp_rev_price":"","wppr_rating":"0.00"},"acf":[],"yoast_head":"<!-- This site is optimized with the Yoast SEO plugin v27.4 - https:\/\/yoast.com\/product\/yoast-seo-wordpress\/ -->\n<title>Power Diary: recensione gestionale per fisioterapia - Accurate Reviews<\/title>\n<meta name=\"description\" content=\"Power Diary: recensione software di gestione pratica online che include la gestione del calendario, promemoria degli appuntamenti e altro.\" \/>\n<meta name=\"robots\" content=\"index, follow, max-snippet:-1, max-image-preview:large, max-video-preview:-1\" \/>\n<link rel=\"canonical\" href=\"https:\/\/www.accuratereviews.com\/it\/gestionali-per-fisioterapia-lista\/power-diary-recensione\/\" \/>\n<meta property=\"og:locale\" content=\"it_IT\" \/>\n<meta property=\"og:type\" content=\"article\" \/>\n<meta property=\"og:title\" content=\"Power Diary: recensione gestionale per fisioterapia - Accurate Reviews\" \/>\n<meta property=\"og:description\" content=\"Power Diary: recensione software di gestione pratica online che include la gestione del calendario, promemoria degli appuntamenti e altro.\" \/>\n<meta property=\"og:url\" content=\"https:\/\/www.accuratereviews.com\/it\/gestionali-per-fisioterapia-lista\/power-diary-recensione\/\" \/>\n<meta property=\"og:site_name\" content=\"Accurate Reviews\" \/>\n<meta property=\"article:modified_time\" content=\"2021-02-02T16:52:27+00:00\" \/>\n<meta property=\"og:image\" content=\"https:\/\/www.accuratereviews.com\/wp-content\/uploads\/2020\/06\/power-diary-main.jpg\" \/>\n\t<meta property=\"og:image:width\" content=\"1018\" \/>\n\t<meta property=\"og:image:height\" content=\"535\" \/>\n\t<meta property=\"og:image:type\" content=\"image\/jpeg\" \/>\n<meta name=\"twitter:card\" content=\"summary_large_image\" \/>\n<meta name=\"twitter:label1\" content=\"Tempo di lettura stimato\" \/>\n\t<meta name=\"twitter:data1\" content=\"3 minuti\" \/>\n<script type=\"application\/ld+json\" class=\"yoast-schema-graph\">{\"@context\":\"https:\\\/\\\/schema.org\",\"@graph\":[{\"@type\":\"WebPage\",\"@id\":\"https:\\\/\\\/www.accuratereviews.com\\\/it\\\/gestionali-per-fisioterapia-lista\\\/power-diary-recensione\\\/\",\"url\":\"https:\\\/\\\/www.accuratereviews.com\\\/it\\\/gestionali-per-fisioterapia-lista\\\/power-diary-recensione\\\/\",\"name\":\"Power Diary: recensione gestionale per fisioterapia - Accurate Reviews\",\"isPartOf\":{\"@id\":\"https:\\\/\\\/www.accuratereviews.com\\\/it\\\/#website\"},\"primaryImageOfPage\":{\"@id\":\"https:\\\/\\\/www.accuratereviews.com\\\/it\\\/gestionali-per-fisioterapia-lista\\\/power-diary-recensione\\\/#primaryimage\"},\"image\":{\"@id\":\"https:\\\/\\\/www.accuratereviews.com\\\/it\\\/gestionali-per-fisioterapia-lista\\\/power-diary-recensione\\\/#primaryimage\"},\"thumbnailUrl\":\"https:\\\/\\\/www.accuratereviews.com\\\/wp-content\\\/uploads\\\/2020\\\/06\\\/power-diary-main.jpg\",\"datePublished\":\"2020-06-16T07:00:25+00:00\",\"dateModified\":\"2021-02-02T16:52:27+00:00\",\"description\":\"Power Diary: recensione software di gestione pratica online che include la gestione del calendario, promemoria degli appuntamenti e altro.\",\"breadcrumb\":{\"@id\":\"https:\\\/\\\/www.accuratereviews.com\\\/it\\\/gestionali-per-fisioterapia-lista\\\/power-diary-recensione\\\/#breadcrumb\"},\"inLanguage\":\"it-IT\",\"potentialAction\":[{\"@type\":\"ReadAction\",\"target\":[\"https:\\\/\\\/www.accuratereviews.com\\\/it\\\/gestionali-per-fisioterapia-lista\\\/power-diary-recensione\\\/\"]}]},{\"@type\":\"ImageObject\",\"inLanguage\":\"it-IT\",\"@id\":\"https:\\\/\\\/www.accuratereviews.com\\\/it\\\/gestionali-per-fisioterapia-lista\\\/power-diary-recensione\\\/#primaryimage\",\"url\":\"https:\\\/\\\/www.accuratereviews.com\\\/wp-content\\\/uploads\\\/2020\\\/06\\\/power-diary-main.jpg\",\"contentUrl\":\"https:\\\/\\\/www.accuratereviews.com\\\/wp-content\\\/uploads\\\/2020\\\/06\\\/power-diary-main.jpg\",\"width\":1018,\"height\":535},{\"@type\":\"BreadcrumbList\",\"@id\":\"https:\\\/\\\/www.accuratereviews.com\\\/it\\\/gestionali-per-fisioterapia-lista\\\/power-diary-recensione\\\/#breadcrumb\",\"itemListElement\":[{\"@type\":\"ListItem\",\"position\":1,\"name\":\"Home\",\"item\":\"https:\\\/\\\/www.accuratereviews.com\\\/it\\\/\"},{\"@type\":\"ListItem\",\"position\":2,\"name\":\"Gestionali per fisioterapia\",\"item\":\"https:\\\/\\\/www.accuratereviews.com\\\/it\\\/gestionali-per-fisioterapia-lista\\\/\"},{\"@type\":\"ListItem\",\"position\":3,\"name\":\"Power Diary\"}]},{\"@type\":\"WebSite\",\"@id\":\"https:\\\/\\\/www.accuratereviews.com\\\/it\\\/#website\",\"url\":\"https:\\\/\\\/www.accuratereviews.com\\\/it\\\/\",\"name\":\"Accurate Reviews\",\"description\":\"\",\"potentialAction\":[{\"@type\":\"SearchAction\",\"target\":{\"@type\":\"EntryPoint\",\"urlTemplate\":\"https:\\\/\\\/www.accuratereviews.com\\\/it\\\/?s={search_term_string}\"},\"query-input\":{\"@type\":\"PropertyValueSpecification\",\"valueRequired\":true,\"valueName\":\"search_term_string\"}}],\"inLanguage\":\"it-IT\"}]}<\/script>\n<!-- \/ Yoast SEO plugin. -->","yoast_head_json":{"title":"Power Diary: recensione gestionale per fisioterapia - Accurate Reviews","description":"Power Diary: recensione software di gestione pratica online che include la gestione del calendario, promemoria degli appuntamenti e altro.","robots":{"index":"index","follow":"follow","max-snippet":"max-snippet:-1","max-image-preview":"max-image-preview:large","max-video-preview":"max-video-preview:-1"},"canonical":"https:\/\/www.accuratereviews.com\/it\/gestionali-per-fisioterapia-lista\/power-diary-recensione\/","og_locale":"it_IT","og_type":"article","og_title":"Power Diary: recensione gestionale per fisioterapia - Accurate Reviews","og_description":"Power Diary: recensione software di gestione pratica online che include la gestione del calendario, promemoria degli appuntamenti e altro.","og_url":"https:\/\/www.accuratereviews.com\/it\/gestionali-per-fisioterapia-lista\/power-diary-recensione\/","og_site_name":"Accurate Reviews","article_modified_time":"2021-02-02T16:52:27+00:00","og_image":[{"width":1018,"height":535,"url":"https:\/\/www.accuratereviews.com\/wp-content\/uploads\/2020\/06\/power-diary-main.jpg","type":"image\/jpeg"}],"twitter_card":"summary_large_image","twitter_misc":{"Tempo di lettura stimato":"3 minuti"},"schema":{"@context":"https:\/\/schema.org","@graph":[{"@type":"WebPage","@id":"https:\/\/www.accuratereviews.com\/it\/gestionali-per-fisioterapia-lista\/power-diary-recensione\/","url":"https:\/\/www.accuratereviews.com\/it\/gestionali-per-fisioterapia-lista\/power-diary-recensione\/","name":"Power Diary: recensione gestionale per fisioterapia - Accurate Reviews","isPartOf":{"@id":"https:\/\/www.accuratereviews.com\/it\/#website"},"primaryImageOfPage":{"@id":"https:\/\/www.accuratereviews.com\/it\/gestionali-per-fisioterapia-lista\/power-diary-recensione\/#primaryimage"},"image":{"@id":"https:\/\/www.accuratereviews.com\/it\/gestionali-per-fisioterapia-lista\/power-diary-recensione\/#primaryimage"},"thumbnailUrl":"https:\/\/www.accuratereviews.com\/wp-content\/uploads\/2020\/06\/power-diary-main.jpg","datePublished":"2020-06-16T07:00:25+00:00","dateModified":"2021-02-02T16:52:27+00:00","description":"Power Diary: recensione software di gestione pratica online che include la gestione del calendario, promemoria degli appuntamenti e altro.","breadcrumb":{"@id":"https:\/\/www.accuratereviews.com\/it\/gestionali-per-fisioterapia-lista\/power-diary-recensione\/#breadcrumb"},"inLanguage":"it-IT","potentialAction":[{"@type":"ReadAction","target":["https:\/\/www.accuratereviews.com\/it\/gestionali-per-fisioterapia-lista\/power-diary-recensione\/"]}]},{"@type":"ImageObject","inLanguage":"it-IT","@id":"https:\/\/www.accuratereviews.com\/it\/gestionali-per-fisioterapia-lista\/power-diary-recensione\/#primaryimage","url":"https:\/\/www.accuratereviews.com\/wp-content\/uploads\/2020\/06\/power-diary-main.jpg","contentUrl":"https:\/\/www.accuratereviews.com\/wp-content\/uploads\/2020\/06\/power-diary-main.jpg","width":1018,"height":535},{"@type":"BreadcrumbList","@id":"https:\/\/www.accuratereviews.com\/it\/gestionali-per-fisioterapia-lista\/power-diary-recensione\/#breadcrumb","itemListElement":[{"@type":"ListItem","position":1,"name":"Home","item":"https:\/\/www.accuratereviews.com\/it\/"},{"@type":"ListItem","position":2,"name":"Gestionali per fisioterapia","item":"https:\/\/www.accuratereviews.com\/it\/gestionali-per-fisioterapia-lista\/"},{"@type":"ListItem","position":3,"name":"Power Diary"}]},{"@type":"WebSite","@id":"https:\/\/www.accuratereviews.com\/it\/#website","url":"https:\/\/www.accuratereviews.com\/it\/","name":"Accurate Reviews","description":"","potentialAction":[{"@type":"SearchAction","target":{"@type":"EntryPoint","urlTemplate":"https:\/\/www.accuratereviews.com\/it\/?s={search_term_string}"},"query-input":{"@type":"PropertyValueSpecification","valueRequired":true,"valueName":"search_term_string"}}],"inLanguage":"it-IT"}]}},"_links":{"self":[{"href":"https:\/\/www.accuratereviews.com\/it\/wp-json\/wp\/v2\/pages\/27544","targetHints":{"allow":["GET"]}}],"collection":[{"href":"https:\/\/www.accuratereviews.com\/it\/wp-json\/wp\/v2\/pages"}],"about":[{"href":"https:\/\/www.accuratereviews.com\/it\/wp-json\/wp\/v2\/types\/page"}],"author":[{"embeddable":true,"href":"https:\/\/www.accuratereviews.com\/it\/wp-json\/wp\/v2\/users\/19"}],"replies":[{"embeddable":true,"href":"https:\/\/www.accuratereviews.com\/it\/wp-json\/wp\/v2\/comments?post=27544"}],"version-history":[{"count":3,"href":"https:\/\/www.accuratereviews.com\/it\/wp-json\/wp\/v2\/pages\/27544\/revisions"}],"predecessor-version":[{"id":36563,"href":"https:\/\/www.accuratereviews.com\/it\/wp-json\/wp\/v2\/pages\/27544\/revisions\/36563"}],"up":[{"embeddable":true,"href":"https:\/\/www.accuratereviews.com\/it\/wp-json\/wp\/v2\/pages\/27304"}],"wp:featuredmedia":[{"embeddable":true,"href":"https:\/\/www.accuratereviews.com\/it\/wp-json\/wp\/v2\/media\/27545"}],"wp:attachment":[{"href":"https:\/\/www.accuratereviews.com\/it\/wp-json\/wp\/v2\/media?parent=27544"}],"wp:term":[{"taxonomy":"category","embeddable":true,"href":"https:\/\/www.accuratereviews.com\/it\/wp-json\/wp\/v2\/categories?post=27544"},{"taxonomy":"post_tag","embeddable":true,"href":"https:\/\/www.accuratereviews.com\/it\/wp-json\/wp\/v2\/tags?post=27544"},{"taxonomy":"features","embeddable":true,"href":"https:\/\/www.accuratereviews.com\/it\/wp-json\/wp\/v2\/features?post=27544"}],"curies":[{"name":"wp","href":"https:\/\/api.w.org\/{rel}","templated":true}]}}