{"id":27557,"date":"2020-06-17T10:24:53","date_gmt":"2020-06-17T10:24:53","guid":{"rendered":"https:\/\/www.accuratereviews.com\/?page_id=27557"},"modified":"2021-02-02T16:44:15","modified_gmt":"2021-02-02T16:44:15","slug":"jane-app-recensione","status":"publish","type":"page","link":"https:\/\/www.accuratereviews.com\/it\/gestionali-per-fisioterapia-lista\/jane-app-recensione\/","title":{"rendered":"Jane App"},"content":{"rendered":"<p>Progettata da proprietari di cliniche, <strong>Jane<\/strong> \u00e8 una <strong>piattaforma di gestione delle pratiche<\/strong>\u00a0relative alla salute e benessere sviluppata per aiutarti, ad amministrare la tua attivit\u00e0. Disponibile online e su qualsiasi dispositivo, la soluzione offre prenotazioni online con marchio, programmazione straordinaria, gestione assicurativa, documentazione elettronica personalizzata (EMR), moduli di assunzione online, promemoria per i pazienti ed elaborazione integrata dei pagamenti.\u00a0Jane \u00e8 una piattaforma di gestione pratica online flessibile e semplice da usare che modernizzer\u00e0 il tuo flusso di lavoro quotidiano nel rispetto del tuo stile unico di pratica.<\/p>\n<h2>JANE APP &#8211; TUTORIAL<\/h2>\n<p>Guardiamo insieme questo breve video per imparare a utilizzare questo <strong>software gestionale per fisioterapia:<\/strong><\/p>\n<div id=\"fluid-wrapper-counter-1\" class=\"g1-fluid-wrapper \" style=\"width:686px;\">\n<div style=\"padding-bottom:56.268221574344%;\"><iframe loading=\"lazy\" title=\"Schedule Display with Lots of Practitioners\" src=\"https:\/\/player.vimeo.com\/video\/189186811?dnt=1&amp;app_id=122963?title=0&amp;byline=0&amp;portrait=0\" width=\"686\" height=\"381\" frameborder=\"0\" allow=\"autoplay; fullscreen\" allowfullscreen><\/iframe><\/div>\n<\/div>\n<h3>JANE APP &#8211; CARATTERISTICHE<\/h3>\n<ul>\n<li><strong>Prenotazione online<\/strong>: fissa gli appuntamenti per i visitatori e lascia che scelgano il loro medico e la loro specialit\u00e0. Completo di notifiche email<\/li>\n<li><strong>Creazione di grafici<\/strong>: visualizza le informazioni mediche del paziente da qualsiasi dispositivo.Aggiungi foto e video per documentare le condizioni. Personalizza il grafico con vari modelli<\/li>\n<li><strong>Pianificazione:<\/strong> visualizza una panoramica della tua clinica e di ci\u00f2 che \u00e8 in programma ora e in futuro. Crea lezioni e prenotazioni di gruppo<\/li>\n<li><strong>Fatturazione<\/strong>: gestisci l&#8217;intero flusso di lavoro di fatturazione di un cliente, ad esempio riscuotendo pagamenti e gestendo compagnie assicurative. Archivia le carte di credito, ricevi i pagamenti al momento della prenotazione e aiuta i clienti a regolare i conti<\/li>\n<li><strong>Appuntamenti online<\/strong>: include funzionalit\u00e0 software di telemedicina per incontrare i pazienti tramite videoconferenza. Questo pu\u00f2 aiutare a limitare gli incontri faccia a faccia per prevenire la diffusione di malattie e consentire pi\u00f9 tempo per vedere i pazienti e meno tempo per preparare le stanze<\/li>\n<li><strong>Integrazioni<\/strong>: disponibile con MailChimp, Physitrack, Fullscript, Bench e altro<\/li>\n<\/ul>\n<h4>LE RECENSIONI DEGLI UTENTI<\/h4>\n<h4 class=\"font-weight-bold my-1 d-flex align-items-center\">Sandra V.\u00a0&#8220;Jane mi ha aiutato fino all&#8217;aprile 2020&#8221;<\/h4>\n<p><strong>Commenti: <\/strong>Alla mia attivit\u00e0 fu ordinato di interrompere le operazioni in clinica a causa della crisi del COVID-19. Il Team Jane ha lanciato la funzione di videoconferenza online che stavano pianificando di lanciare alla fine del 2020. Mi ha permesso di continuare a condurre affari e aderire al mandato del governo di mantenere le distanze fisiche.\u00a0Non solo hanno offerto due settimane di sessioni di formazione in stile webinar che stavano pianificando di offrire utilizzando un&#8217;impostazione della conferenza in loco.\u00a0Sono stata in grado di gestire l&#8217;attivit\u00e0 per tutto aprile 2020 e non avrei potuto farlo senza &#8220;lei&#8221;!<\/p>\n<p><strong>Vantaggi: <\/strong>Fatturazione online, prenotazione online, segnalazione degli indicatori chiave di prestazione, programmazione e cartelle cliniche elettroniche in un unico pacchetto conveniente.\u00a0Ottimo servizio clienti.<\/p>\n<p><strong>Inconvenienti: <\/strong>Non c&#8217;\u00e8 stato un aspetto negativo. \u00c8 molto facile da imparare e ha tutte le funzionalit\u00e0 di cui ho bisogno.<\/p>\n<h4 class=\"font-weight-bold my-1 d-flex align-items-center\">Mandi M.\u00a0&#8220;Facile da configurare, tutto compreso, facile da usare, ottimo design&#8221;<\/h4>\n<p><strong>Commenti: <\/strong>Avere la pianificazione, il pagamento, i promemoria automatici, le informazioni sul paziente, la pianificazione online &#8211; fondamentalmente avere tutto ci\u00f2 di cui ho bisogno in un posto \u00e8 stato un sogno. Come solista, questo \u00e8 stato un salvavita per me!<\/p>\n<p><strong>Vantaggi: <\/strong>Facile da configurare e utilizzare, design intuitivo, mi piace poter personalizzare i colori \/ il marchio e avere pi\u00f9 posizioni. Mi piace avere accesso ai modelli ma anche la possibilit\u00e0 di modificarli o crearne uno mio. Il servizio clienti \u00e8 eccellente, anche se onestamente, oltre a un piccolo aiuto con la configurazione iniziale, ho dovuto contattarli solo una volta nei primi 6 mesi di utilizzo.<\/p>\n<p><strong>Inconvenienti: <\/strong>Oltre agli appuntamenti per i pazienti 1: 1, offro seminari e corsi di formazione. Vorrei poter impostare la registrazione per questi in modo leggermente diverso invece che sembrare una classe di pazienti, e preferirei un link per inviare le persone a registrarsi SOLO per quel seminario, invece di inviarle al mio calendario.<\/p>\n<h4 class=\"font-weight-bold my-1 d-flex align-items-center\">Peter L.\u00a0&#8220;Jane App \u00e8 un fantastico sistema di gestione delle pratiche&#8221;<\/h4>\n<p><strong>Commenti: <\/strong>Volevo solo prendere un momento e condividere quanto apprezzo Jane e tutto il team. Sono un&#8217;organizzazione straordinaria e di prim&#8217;ordine e il loro supporto e servizio clienti non sono secondi a nessuno! La loro apertura al feedback e il costante miglioramento delle prestazioni e delle funzioni rendono piacevole l&#8217;utilizzo del sistema. Anche i miei pazienti adorano l&#8217;esperienza dell&#8217;utente!<br \/>\nGrazie Jane per andare sempre oltre!<\/p>\n<p><strong>Vantaggi: <\/strong>EHR integrato, pianificazione, fatturazione, funzioni contabili, integrazioni con altre app \/ programmi altamente personalizzabili per ogni individuo o azienda<\/p>\n<p><strong>Inconvenienti: <\/strong>Mi piacerebbe vedere un&#8217;espansione della funzione &#8220;modulo di assunzione&#8221; che consentirebbe un linguaggio personalizzato per i moduli di follow-up a pazienti come sondaggi sul dolore e sulle funzioni, aggiornamenti delle informazioni personali \/ assicurative (penso che la maggior parte delle cliniche lo faccia su base annuale) , ecc. Attualmente invio regolarmente diversi sondaggi e per questo utilizzo la funzione del modulo di assunzione. Sfortunatamente, la lingua \u00e8 impostata per le nuove pratiche di assunzione dei pazienti. Sarebbe bello avere anche solo un&#8217;altra categoria per &#8220;Aggiornamenti&#8221; o qualcosa del genere.<\/p>\n","protected":false},"excerpt":{"rendered":"<p>Progettata da proprietari di cliniche, Jane \u00e8 una piattaforma di gestione delle pratiche\u00a0relative alla salute e benessere sviluppata per aiutarti, ad amministrare la tua attivit\u00e0. Disponibile online e su qualsiasi dispositivo, la soluzione offre prenotazioni online con marchio, programmazione straordinaria, gestione assicurativa, documentazione elettronica personalizzata (EMR), moduli di assunzione online, promemoria per i pazienti ed elaborazione integrata dei pagamenti.<\/p>\n","protected":false},"author":19,"featured_media":27562,"parent":27304,"menu_order":0,"comment_status":"open","ping_status":"closed","template":"g1_template_page_review_new.php","meta":{"_acf_changed":false,"cwp_meta_box_check":"Yes","cwp_rev_product_name":"","cwp_rev_product_image":"","wppr_links":[],"cwp_rev_price":"","wppr_options":[],"wppr_pros":[],"wppr_cons":[],"_monsterinsights_skip_tracking":false,"_monsterinsights_sitenote_active":false,"_monsterinsights_sitenote_note":"","_monsterinsights_sitenote_category":0,"footnotes":""},"categories":[2993],"tags":[3048,396,3047,3045,495,3046,3009,3033,2995,3008],"features":[],"class_list":{"0":"post-27557","1":"page","2":"type-page","3":"status-publish","4":"has-post-thumbnail","6":"category-gestionale-per-fisioterapia-categoria","7":"tag-bench","8":"tag-cloud","9":"tag-fullscript","10":"tag-jane-app","11":"tag-mailchimp","12":"tag-physitrack","13":"tag-piattaforma-gestionale-per-fisioterapie","14":"tag-programma-gestionale-per-fisioterpie","15":"tag-software-gestionale-per-fisioterapie","16":"tag-soluzione-gestionale-per-fisioterapie"},"wppr_data":{"cwp_meta_box_check":"Yes","cwp_rev_product_name":"","cwp_rev_product_image":"","cwp_image_link":"image","cwp_rev_price":"","wppr_rating":"0.00"},"acf":[],"yoast_head":"<!-- This site is optimized with the Yoast SEO plugin v27.4 - https:\/\/yoast.com\/product\/yoast-seo-wordpress\/ -->\n<title>Jane App: recensione software gestionale fisioterapia - Accurate Reviews<\/title>\n<meta name=\"description\" content=\"Jane App: recensione piattaforma di gestione delle pratiche\u00a0relative alla salute e benessere sviluppata per aiutarti nella tua attivit\u00e0.\" \/>\n<meta name=\"robots\" content=\"index, follow, max-snippet:-1, max-image-preview:large, max-video-preview:-1\" \/>\n<link rel=\"canonical\" href=\"https:\/\/www.accuratereviews.com\/it\/gestionali-per-fisioterapia-lista\/jane-app-recensione\/\" \/>\n<meta property=\"og:locale\" content=\"it_IT\" \/>\n<meta property=\"og:type\" content=\"article\" \/>\n<meta property=\"og:title\" content=\"Jane App: recensione software gestionale fisioterapia - Accurate Reviews\" \/>\n<meta property=\"og:description\" content=\"Jane App: recensione piattaforma di gestione delle pratiche\u00a0relative alla salute e benessere sviluppata per aiutarti nella tua attivit\u00e0.\" \/>\n<meta property=\"og:url\" content=\"https:\/\/www.accuratereviews.com\/it\/gestionali-per-fisioterapia-lista\/jane-app-recensione\/\" \/>\n<meta property=\"og:site_name\" content=\"Accurate Reviews\" \/>\n<meta property=\"article:modified_time\" content=\"2021-02-02T16:44:15+00:00\" \/>\n<meta property=\"og:image\" content=\"https:\/\/www.accuratereviews.com\/wp-content\/uploads\/2020\/06\/JANE.jpg\" \/>\n\t<meta property=\"og:image:width\" content=\"400\" \/>\n\t<meta property=\"og:image:height\" content=\"328\" \/>\n\t<meta property=\"og:image:type\" content=\"image\/jpeg\" \/>\n<meta name=\"twitter:card\" content=\"summary_large_image\" \/>\n<meta name=\"twitter:label1\" content=\"Tempo di lettura stimato\" \/>\n\t<meta name=\"twitter:data1\" content=\"4 minuti\" \/>\n<script type=\"application\/ld+json\" class=\"yoast-schema-graph\">{\"@context\":\"https:\\\/\\\/schema.org\",\"@graph\":[{\"@type\":\"WebPage\",\"@id\":\"https:\\\/\\\/www.accuratereviews.com\\\/it\\\/gestionali-per-fisioterapia-lista\\\/jane-app-recensione\\\/\",\"url\":\"https:\\\/\\\/www.accuratereviews.com\\\/it\\\/gestionali-per-fisioterapia-lista\\\/jane-app-recensione\\\/\",\"name\":\"Jane App: recensione software gestionale fisioterapia - Accurate Reviews\",\"isPartOf\":{\"@id\":\"https:\\\/\\\/www.accuratereviews.com\\\/it\\\/#website\"},\"primaryImageOfPage\":{\"@id\":\"https:\\\/\\\/www.accuratereviews.com\\\/it\\\/gestionali-per-fisioterapia-lista\\\/jane-app-recensione\\\/#primaryimage\"},\"image\":{\"@id\":\"https:\\\/\\\/www.accuratereviews.com\\\/it\\\/gestionali-per-fisioterapia-lista\\\/jane-app-recensione\\\/#primaryimage\"},\"thumbnailUrl\":\"https:\\\/\\\/www.accuratereviews.com\\\/wp-content\\\/uploads\\\/2020\\\/06\\\/JANE.jpg\",\"datePublished\":\"2020-06-17T10:24:53+00:00\",\"dateModified\":\"2021-02-02T16:44:15+00:00\",\"description\":\"Jane App: recensione piattaforma di gestione delle pratiche\u00a0relative alla salute e benessere sviluppata per aiutarti nella tua attivit\u00e0.\",\"breadcrumb\":{\"@id\":\"https:\\\/\\\/www.accuratereviews.com\\\/it\\\/gestionali-per-fisioterapia-lista\\\/jane-app-recensione\\\/#breadcrumb\"},\"inLanguage\":\"it-IT\",\"potentialAction\":[{\"@type\":\"ReadAction\",\"target\":[\"https:\\\/\\\/www.accuratereviews.com\\\/it\\\/gestionali-per-fisioterapia-lista\\\/jane-app-recensione\\\/\"]}]},{\"@type\":\"ImageObject\",\"inLanguage\":\"it-IT\",\"@id\":\"https:\\\/\\\/www.accuratereviews.com\\\/it\\\/gestionali-per-fisioterapia-lista\\\/jane-app-recensione\\\/#primaryimage\",\"url\":\"https:\\\/\\\/www.accuratereviews.com\\\/wp-content\\\/uploads\\\/2020\\\/06\\\/JANE.jpg\",\"contentUrl\":\"https:\\\/\\\/www.accuratereviews.com\\\/wp-content\\\/uploads\\\/2020\\\/06\\\/JANE.jpg\",\"width\":400,\"height\":328},{\"@type\":\"BreadcrumbList\",\"@id\":\"https:\\\/\\\/www.accuratereviews.com\\\/it\\\/gestionali-per-fisioterapia-lista\\\/jane-app-recensione\\\/#breadcrumb\",\"itemListElement\":[{\"@type\":\"ListItem\",\"position\":1,\"name\":\"Home\",\"item\":\"https:\\\/\\\/www.accuratereviews.com\\\/it\\\/\"},{\"@type\":\"ListItem\",\"position\":2,\"name\":\"Gestionali per fisioterapia\",\"item\":\"https:\\\/\\\/www.accuratereviews.com\\\/it\\\/gestionali-per-fisioterapia-lista\\\/\"},{\"@type\":\"ListItem\",\"position\":3,\"name\":\"Jane App\"}]},{\"@type\":\"WebSite\",\"@id\":\"https:\\\/\\\/www.accuratereviews.com\\\/it\\\/#website\",\"url\":\"https:\\\/\\\/www.accuratereviews.com\\\/it\\\/\",\"name\":\"Accurate Reviews\",\"description\":\"\",\"potentialAction\":[{\"@type\":\"SearchAction\",\"target\":{\"@type\":\"EntryPoint\",\"urlTemplate\":\"https:\\\/\\\/www.accuratereviews.com\\\/it\\\/?s={search_term_string}\"},\"query-input\":{\"@type\":\"PropertyValueSpecification\",\"valueRequired\":true,\"valueName\":\"search_term_string\"}}],\"inLanguage\":\"it-IT\"}]}<\/script>\n<!-- \/ Yoast SEO plugin. -->","yoast_head_json":{"title":"Jane App: recensione software gestionale fisioterapia - Accurate Reviews","description":"Jane App: recensione piattaforma di gestione delle pratiche\u00a0relative alla salute e benessere sviluppata per aiutarti nella tua attivit\u00e0.","robots":{"index":"index","follow":"follow","max-snippet":"max-snippet:-1","max-image-preview":"max-image-preview:large","max-video-preview":"max-video-preview:-1"},"canonical":"https:\/\/www.accuratereviews.com\/it\/gestionali-per-fisioterapia-lista\/jane-app-recensione\/","og_locale":"it_IT","og_type":"article","og_title":"Jane App: recensione software gestionale fisioterapia - Accurate Reviews","og_description":"Jane App: recensione piattaforma di gestione delle pratiche\u00a0relative alla salute e benessere sviluppata per aiutarti nella tua attivit\u00e0.","og_url":"https:\/\/www.accuratereviews.com\/it\/gestionali-per-fisioterapia-lista\/jane-app-recensione\/","og_site_name":"Accurate Reviews","article_modified_time":"2021-02-02T16:44:15+00:00","og_image":[{"width":400,"height":328,"url":"https:\/\/www.accuratereviews.com\/wp-content\/uploads\/2020\/06\/JANE.jpg","type":"image\/jpeg"}],"twitter_card":"summary_large_image","twitter_misc":{"Tempo di lettura stimato":"4 minuti"},"schema":{"@context":"https:\/\/schema.org","@graph":[{"@type":"WebPage","@id":"https:\/\/www.accuratereviews.com\/it\/gestionali-per-fisioterapia-lista\/jane-app-recensione\/","url":"https:\/\/www.accuratereviews.com\/it\/gestionali-per-fisioterapia-lista\/jane-app-recensione\/","name":"Jane App: recensione software gestionale fisioterapia - Accurate Reviews","isPartOf":{"@id":"https:\/\/www.accuratereviews.com\/it\/#website"},"primaryImageOfPage":{"@id":"https:\/\/www.accuratereviews.com\/it\/gestionali-per-fisioterapia-lista\/jane-app-recensione\/#primaryimage"},"image":{"@id":"https:\/\/www.accuratereviews.com\/it\/gestionali-per-fisioterapia-lista\/jane-app-recensione\/#primaryimage"},"thumbnailUrl":"https:\/\/www.accuratereviews.com\/wp-content\/uploads\/2020\/06\/JANE.jpg","datePublished":"2020-06-17T10:24:53+00:00","dateModified":"2021-02-02T16:44:15+00:00","description":"Jane App: recensione piattaforma di gestione delle pratiche\u00a0relative alla salute e benessere sviluppata per aiutarti nella tua attivit\u00e0.","breadcrumb":{"@id":"https:\/\/www.accuratereviews.com\/it\/gestionali-per-fisioterapia-lista\/jane-app-recensione\/#breadcrumb"},"inLanguage":"it-IT","potentialAction":[{"@type":"ReadAction","target":["https:\/\/www.accuratereviews.com\/it\/gestionali-per-fisioterapia-lista\/jane-app-recensione\/"]}]},{"@type":"ImageObject","inLanguage":"it-IT","@id":"https:\/\/www.accuratereviews.com\/it\/gestionali-per-fisioterapia-lista\/jane-app-recensione\/#primaryimage","url":"https:\/\/www.accuratereviews.com\/wp-content\/uploads\/2020\/06\/JANE.jpg","contentUrl":"https:\/\/www.accuratereviews.com\/wp-content\/uploads\/2020\/06\/JANE.jpg","width":400,"height":328},{"@type":"BreadcrumbList","@id":"https:\/\/www.accuratereviews.com\/it\/gestionali-per-fisioterapia-lista\/jane-app-recensione\/#breadcrumb","itemListElement":[{"@type":"ListItem","position":1,"name":"Home","item":"https:\/\/www.accuratereviews.com\/it\/"},{"@type":"ListItem","position":2,"name":"Gestionali per fisioterapia","item":"https:\/\/www.accuratereviews.com\/it\/gestionali-per-fisioterapia-lista\/"},{"@type":"ListItem","position":3,"name":"Jane App"}]},{"@type":"WebSite","@id":"https:\/\/www.accuratereviews.com\/it\/#website","url":"https:\/\/www.accuratereviews.com\/it\/","name":"Accurate Reviews","description":"","potentialAction":[{"@type":"SearchAction","target":{"@type":"EntryPoint","urlTemplate":"https:\/\/www.accuratereviews.com\/it\/?s={search_term_string}"},"query-input":{"@type":"PropertyValueSpecification","valueRequired":true,"valueName":"search_term_string"}}],"inLanguage":"it-IT"}]}},"_links":{"self":[{"href":"https:\/\/www.accuratereviews.com\/it\/wp-json\/wp\/v2\/pages\/27557","targetHints":{"allow":["GET"]}}],"collection":[{"href":"https:\/\/www.accuratereviews.com\/it\/wp-json\/wp\/v2\/pages"}],"about":[{"href":"https:\/\/www.accuratereviews.com\/it\/wp-json\/wp\/v2\/types\/page"}],"author":[{"embeddable":true,"href":"https:\/\/www.accuratereviews.com\/it\/wp-json\/wp\/v2\/users\/19"}],"replies":[{"embeddable":true,"href":"https:\/\/www.accuratereviews.com\/it\/wp-json\/wp\/v2\/comments?post=27557"}],"version-history":[{"count":8,"href":"https:\/\/www.accuratereviews.com\/it\/wp-json\/wp\/v2\/pages\/27557\/revisions"}],"predecessor-version":[{"id":36551,"href":"https:\/\/www.accuratereviews.com\/it\/wp-json\/wp\/v2\/pages\/27557\/revisions\/36551"}],"up":[{"embeddable":true,"href":"https:\/\/www.accuratereviews.com\/it\/wp-json\/wp\/v2\/pages\/27304"}],"wp:featuredmedia":[{"embeddable":true,"href":"https:\/\/www.accuratereviews.com\/it\/wp-json\/wp\/v2\/media\/27562"}],"wp:attachment":[{"href":"https:\/\/www.accuratereviews.com\/it\/wp-json\/wp\/v2\/media?parent=27557"}],"wp:term":[{"taxonomy":"category","embeddable":true,"href":"https:\/\/www.accuratereviews.com\/it\/wp-json\/wp\/v2\/categories?post=27557"},{"taxonomy":"post_tag","embeddable":true,"href":"https:\/\/www.accuratereviews.com\/it\/wp-json\/wp\/v2\/tags?post=27557"},{"taxonomy":"features","embeddable":true,"href":"https:\/\/www.accuratereviews.com\/it\/wp-json\/wp\/v2\/features?post=27557"}],"curies":[{"name":"wp","href":"https:\/\/api.w.org\/{rel}","templated":true}]}}