{"id":27591,"date":"2020-06-17T10:25:05","date_gmt":"2020-06-17T10:25:05","guid":{"rendered":"https:\/\/www.accuratereviews.com\/?page_id=27591"},"modified":"2021-02-02T16:49:41","modified_gmt":"2021-02-02T16:49:41","slug":"therapysync-recensione","status":"publish","type":"page","link":"https:\/\/www.accuratereviews.com\/it\/gestionali-per-fisioterapia-lista\/therapysync-recensione\/","title":{"rendered":"TherapySync"},"content":{"rendered":"<p><strong>TherapySync<\/strong> \u00e8 una <strong>soluzione di gestione di fisioterapia<\/strong> completa per le aziende di terapie a contratto. \u00c8 possibile accedere al software tramite il cloud o come versione offline. La soluzione semplifica i processi aziendali offrendo molte utili applicazioni per i terapisti che lavorano in pi\u00f9 agenzie infermieristiche. Come programmare e consegnare note elettroniche, gestire i salari, monitorare le fatture, registrare le spese e garantendo la conformit\u00e0 normativa.\u00a0La versatilit\u00e0 del sistema consente agli utenti di accedervi da piattaforme Mac, Windows o Android, senza nemmeno utilizzare una connessione Internet. <strong>TherapySync<\/strong> sincronizzer\u00e0 i dati offline con i suoi sistemi server ogni volta che diventa disponibile una connessione. La soluzione offre funzionalit\u00e0 interattive come consegna rapida delle note, servizio integrato di fatturazione, documentazione, esportazione dei dati, monitoraggio dello stato in tempo reale, controllo e monitoraggio della valutazione.<\/p>\n<h2>THERAPYSYNC &#8211; TUTORIAL<\/h2>\n<p>Guardiamo insieme questo video per vedere le principali funzioni di questo <strong>software gestionale per fisioterapie<\/strong>:<\/p>\n<div id=\"fluid-wrapper-counter-1\" class=\"g1-fluid-wrapper \" style=\"width:686px;\">\n<div style=\"padding-bottom:56.268221574344%;\"><iframe loading=\"lazy\" title=\"Personalized TherapySync\" width=\"515\" height=\"386\" src=\"https:\/\/www.youtube.com\/embed\/G8Or15EvjPo?feature=oembed&amp;wmode=transparent&amp;autohide=1&amp;autoplay=0&amp;disablekb=0&amp;fs=1&amp;loop=0&amp;enablejsapi=1&amp;rel=0&amp;controls=2&amp;showinfo=0&amp;wmode=transparent&amp;autohide=2&amp;autoplay=0&amp;disablekb=0&amp;fs=1&amp;loop=0&amp;enablejsapi=1&amp;rel=0&amp;controls=2&amp;showinfo=1\" frameborder=\"0\" allow=\"accelerometer; autoplay; clipboard-write; encrypted-media; gyroscope; picture-in-picture\" allowfullscreen><\/iframe><\/div>\n<\/div>\n<h3>THERAPYSYNC &#8211; CARATTERISTICHE<\/h3>\n<ul>\n<li>Gestisci referral, certificazioni, note, conformit\u00e0 e documenti senza sforzo.<\/li>\n<li>Con i requisiti di assistenza sanitaria statale che cambiano frequentemente il software viene sempre aggiornato con le nuove disposizioni,<\/li>\n<li>Ti consente di mantenere i tuoi attuali schemi di flusso di lavoro.<\/li>\n<li>Quando l&#8217;industria della terapia domestica richiede cambiamenti, la soluzione incorpora i suggerimenti dei nostri clienti per aggiornare e migliorare il prodotto in modo da offrirvi un servizio migliore.<\/li>\n<li>Supportare con successo migliaia di accreditamenti e sondaggi delle agenzie tra cui ACHC, JCAHCO (Commissione congiunta) e CHAP.<\/li>\n<li>Programmazione<\/li>\n<li>Libro paga<\/li>\n<li>Fatturazione<\/li>\n<li>Disciplina della gestione delle credenziali personalizzabile<\/li>\n<li>Sistema di messaggistica interno email sicuro<\/li>\n<li>Disponibile la versione per terapista offline<\/li>\n<li>Team interno di assistenza clienti<\/li>\n<li>Strumenti per QA, amministrazione e produttivit\u00e0<\/li>\n<\/ul>\n<h4>LE RECENSIONI DEGLI UTENTI<\/h4>\n<h4 class=\"font-weight-bold my-1 d-flex align-items-center\">Abraham S.&#8221;Eccellente e conciso&#8221;<\/h4>\n<p><strong>Vantaggi: <\/strong>Uso il software da diversi mesi in collaborazione con un ufficio PT a New York. Non ho lamentele da dire su TherapySync, poich\u00e9 sta facendo la met\u00e0 del mio lavoro per me. Possiedo una societ\u00e0 di fatturazione e la Therapy Sync \u00e8 cos\u00ec conveniente, facile da usare per la fatturazione, il monitoraggio dei pagamenti e la riconciliazione che minaccia di allontanare i miei clienti da me. \u00c8 ricco di funzionalit\u00e0 e ho monitorato solo alcune volte le funzionalit\u00e0 di gestione dei salari, ma sembra che render\u00e0 la vita un gioco da ragazzi anche per quel reparto. L&#8217;integrazione e la fusione incrociata con altre piattaforme di fatturazione o software supplementare non sono affatto necessarie. Non vedo l&#8217;ora che un altro cliente venga da me con TherapySync gi\u00e0 nel suo arsenale.<\/p>\n<p><strong>Inconvenienti: <\/strong>Finora non ci sono contro con questo software. Ho utilizzato tutte le funzionalit\u00e0 relative alla fatturazione e al monitoraggio delle fatture disponibili sulla piattaforma e non potrei essere pi\u00f9 soddisfatto.<\/p>\n<h4 class=\"font-weight-bold my-1 d-flex align-items-center\">Ruth W.&#8221;Therapysync \u00e8 sicuramente creato per il terapeuta poich\u00e9 ha funzionato in questo campo terapeutico.&#8221;<\/h4>\n<p><strong>Commenti: <\/strong>Ha reso la terapia pi\u00f9 interessante<\/p>\n<p><strong>Vantaggi: <\/strong>Capacit\u00e0 di lavorare sia offline che online. Ha un ottimo team di supporto. \u00c8 facile da usare e molto reattivo<\/p>\n<p><strong>Inconvenienti: <\/strong>Finora non ho riscontrato alcun problema con il software, \u00e8 stato molto utile, ma se ci sono aggiornamenti non vedo l&#8217;ora di vederli.<\/p>\n<h4 class=\"font-weight-bold my-1 d-flex align-items-center\">Dan D.&#8221;Revisione del direttore del software&#8221;<\/h4>\n<p><strong>Vantaggi: <\/strong>Ottimo servizio clienti. Sono sempre in grado di contattare qualcuno al DTS se sono necessarie correzioni o se ho bisogno di qualcuno che mi accompagni attraverso qualcosa. Sono molto grato di avere un servizio clienti cos\u00ec eccellente. Il software scorre bene e consente una documentazione molto dettagliata e opzioni di check-off per accelerare il processo di valutazione quando appropriato.<\/p>\n<p><strong>Inconvenienti: <\/strong>Ho alcuni terapisti che usano il proprio dispositivo sul campo e perdono appunti di tanto in tanto. \u00c8 frustrante per i terapeuti perdere una nota.<\/p>\n","protected":false},"excerpt":{"rendered":"<p>TherapySync \u00e8 una soluzione di gestione di fisioterapia completa per le aziende di terapie a contratto. \u00c8 possibile accedere al software tramite il cloud o come versione offline. La soluzione semplifica i processi aziendali offrendo molte utili applicazioni per i terapisti che lavorano in pi\u00f9 agenzie infermieristiche.<\/p>\n","protected":false},"author":19,"featured_media":27595,"parent":27304,"menu_order":0,"comment_status":"open","ping_status":"closed","template":"g1_template_page_review_new.php","meta":{"_acf_changed":false,"cwp_meta_box_check":"Yes","cwp_rev_product_name":"","cwp_rev_product_image":"","wppr_links":[],"cwp_rev_price":"","wppr_options":[],"wppr_pros":[],"wppr_cons":[],"_monsterinsights_skip_tracking":false,"_monsterinsights_sitenote_active":false,"_monsterinsights_sitenote_note":"","_monsterinsights_sitenote_category":0,"footnotes":""},"categories":[2993],"tags":[3009,3033,2995,3008,3056],"features":[],"class_list":{"0":"post-27591","1":"page","2":"type-page","3":"status-publish","4":"has-post-thumbnail","6":"category-gestionale-per-fisioterapia-categoria","7":"tag-piattaforma-gestionale-per-fisioterapie","8":"tag-programma-gestionale-per-fisioterpie","9":"tag-software-gestionale-per-fisioterapie","10":"tag-soluzione-gestionale-per-fisioterapie","11":"tag-therapysync"},"wppr_data":{"cwp_meta_box_check":"Yes","cwp_rev_product_name":"","cwp_rev_product_image":"","cwp_image_link":"image","cwp_rev_price":"","wppr_rating":"0.00"},"acf":[],"yoast_head":"<!-- This site is optimized with the Yoast SEO plugin v27.4 - https:\/\/yoast.com\/product\/yoast-seo-wordpress\/ -->\n<title>TherapySync: recensione gestionale fisioterapia - Accurate Reviews<\/title>\n<meta name=\"description\" content=\"TherapySync: recensione soluzione di gestione di fisioterapia completa per aziende di terapie a contratto con accesso tramite cloud.\" \/>\n<meta name=\"robots\" content=\"index, follow, max-snippet:-1, max-image-preview:large, max-video-preview:-1\" \/>\n<link rel=\"canonical\" href=\"https:\/\/www.accuratereviews.com\/it\/gestionali-per-fisioterapia-lista\/therapysync-recensione\/\" \/>\n<meta property=\"og:locale\" content=\"it_IT\" \/>\n<meta property=\"og:type\" content=\"article\" \/>\n<meta property=\"og:title\" content=\"TherapySync: recensione gestionale fisioterapia - Accurate Reviews\" \/>\n<meta property=\"og:description\" content=\"TherapySync: recensione soluzione di gestione di fisioterapia completa per aziende di terapie a contratto con accesso tramite cloud.\" \/>\n<meta property=\"og:url\" content=\"https:\/\/www.accuratereviews.com\/it\/gestionali-per-fisioterapia-lista\/therapysync-recensione\/\" \/>\n<meta property=\"og:site_name\" content=\"Accurate Reviews\" \/>\n<meta property=\"article:modified_time\" content=\"2021-02-02T16:49:41+00:00\" \/>\n<meta property=\"og:image\" content=\"https:\/\/www.accuratereviews.com\/wp-content\/uploads\/2020\/06\/TherapySync2.png\" \/>\n\t<meta property=\"og:image:width\" content=\"200\" \/>\n\t<meta property=\"og:image:height\" content=\"200\" \/>\n\t<meta property=\"og:image:type\" content=\"image\/png\" \/>\n<meta name=\"twitter:card\" content=\"summary_large_image\" \/>\n<meta name=\"twitter:label1\" content=\"Tempo di lettura stimato\" \/>\n\t<meta name=\"twitter:data1\" content=\"3 minuti\" \/>\n<script type=\"application\/ld+json\" class=\"yoast-schema-graph\">{\"@context\":\"https:\\\/\\\/schema.org\",\"@graph\":[{\"@type\":\"WebPage\",\"@id\":\"https:\\\/\\\/www.accuratereviews.com\\\/it\\\/gestionali-per-fisioterapia-lista\\\/therapysync-recensione\\\/\",\"url\":\"https:\\\/\\\/www.accuratereviews.com\\\/it\\\/gestionali-per-fisioterapia-lista\\\/therapysync-recensione\\\/\",\"name\":\"TherapySync: recensione gestionale fisioterapia - Accurate Reviews\",\"isPartOf\":{\"@id\":\"https:\\\/\\\/www.accuratereviews.com\\\/it\\\/#website\"},\"primaryImageOfPage\":{\"@id\":\"https:\\\/\\\/www.accuratereviews.com\\\/it\\\/gestionali-per-fisioterapia-lista\\\/therapysync-recensione\\\/#primaryimage\"},\"image\":{\"@id\":\"https:\\\/\\\/www.accuratereviews.com\\\/it\\\/gestionali-per-fisioterapia-lista\\\/therapysync-recensione\\\/#primaryimage\"},\"thumbnailUrl\":\"https:\\\/\\\/www.accuratereviews.com\\\/wp-content\\\/uploads\\\/2020\\\/06\\\/TherapySync2.png\",\"datePublished\":\"2020-06-17T10:25:05+00:00\",\"dateModified\":\"2021-02-02T16:49:41+00:00\",\"description\":\"TherapySync: recensione soluzione di gestione di fisioterapia completa per aziende di terapie a contratto con accesso tramite cloud.\",\"breadcrumb\":{\"@id\":\"https:\\\/\\\/www.accuratereviews.com\\\/it\\\/gestionali-per-fisioterapia-lista\\\/therapysync-recensione\\\/#breadcrumb\"},\"inLanguage\":\"it-IT\",\"potentialAction\":[{\"@type\":\"ReadAction\",\"target\":[\"https:\\\/\\\/www.accuratereviews.com\\\/it\\\/gestionali-per-fisioterapia-lista\\\/therapysync-recensione\\\/\"]}]},{\"@type\":\"ImageObject\",\"inLanguage\":\"it-IT\",\"@id\":\"https:\\\/\\\/www.accuratereviews.com\\\/it\\\/gestionali-per-fisioterapia-lista\\\/therapysync-recensione\\\/#primaryimage\",\"url\":\"https:\\\/\\\/www.accuratereviews.com\\\/wp-content\\\/uploads\\\/2020\\\/06\\\/TherapySync2.png\",\"contentUrl\":\"https:\\\/\\\/www.accuratereviews.com\\\/wp-content\\\/uploads\\\/2020\\\/06\\\/TherapySync2.png\",\"width\":200,\"height\":200},{\"@type\":\"BreadcrumbList\",\"@id\":\"https:\\\/\\\/www.accuratereviews.com\\\/it\\\/gestionali-per-fisioterapia-lista\\\/therapysync-recensione\\\/#breadcrumb\",\"itemListElement\":[{\"@type\":\"ListItem\",\"position\":1,\"name\":\"Home\",\"item\":\"https:\\\/\\\/www.accuratereviews.com\\\/it\\\/\"},{\"@type\":\"ListItem\",\"position\":2,\"name\":\"Gestionali per fisioterapia\",\"item\":\"https:\\\/\\\/www.accuratereviews.com\\\/it\\\/gestionali-per-fisioterapia-lista\\\/\"},{\"@type\":\"ListItem\",\"position\":3,\"name\":\"TherapySync\"}]},{\"@type\":\"WebSite\",\"@id\":\"https:\\\/\\\/www.accuratereviews.com\\\/it\\\/#website\",\"url\":\"https:\\\/\\\/www.accuratereviews.com\\\/it\\\/\",\"name\":\"Accurate Reviews\",\"description\":\"\",\"potentialAction\":[{\"@type\":\"SearchAction\",\"target\":{\"@type\":\"EntryPoint\",\"urlTemplate\":\"https:\\\/\\\/www.accuratereviews.com\\\/it\\\/?s={search_term_string}\"},\"query-input\":{\"@type\":\"PropertyValueSpecification\",\"valueRequired\":true,\"valueName\":\"search_term_string\"}}],\"inLanguage\":\"it-IT\"}]}<\/script>\n<!-- \/ Yoast SEO plugin. -->","yoast_head_json":{"title":"TherapySync: recensione gestionale fisioterapia - Accurate Reviews","description":"TherapySync: recensione soluzione di gestione di fisioterapia completa per aziende di terapie a contratto con accesso tramite cloud.","robots":{"index":"index","follow":"follow","max-snippet":"max-snippet:-1","max-image-preview":"max-image-preview:large","max-video-preview":"max-video-preview:-1"},"canonical":"https:\/\/www.accuratereviews.com\/it\/gestionali-per-fisioterapia-lista\/therapysync-recensione\/","og_locale":"it_IT","og_type":"article","og_title":"TherapySync: recensione gestionale fisioterapia - Accurate Reviews","og_description":"TherapySync: recensione soluzione di gestione di fisioterapia completa per aziende di terapie a contratto con accesso tramite cloud.","og_url":"https:\/\/www.accuratereviews.com\/it\/gestionali-per-fisioterapia-lista\/therapysync-recensione\/","og_site_name":"Accurate Reviews","article_modified_time":"2021-02-02T16:49:41+00:00","og_image":[{"width":200,"height":200,"url":"https:\/\/www.accuratereviews.com\/wp-content\/uploads\/2020\/06\/TherapySync2.png","type":"image\/png"}],"twitter_card":"summary_large_image","twitter_misc":{"Tempo di lettura stimato":"3 minuti"},"schema":{"@context":"https:\/\/schema.org","@graph":[{"@type":"WebPage","@id":"https:\/\/www.accuratereviews.com\/it\/gestionali-per-fisioterapia-lista\/therapysync-recensione\/","url":"https:\/\/www.accuratereviews.com\/it\/gestionali-per-fisioterapia-lista\/therapysync-recensione\/","name":"TherapySync: recensione gestionale fisioterapia - Accurate Reviews","isPartOf":{"@id":"https:\/\/www.accuratereviews.com\/it\/#website"},"primaryImageOfPage":{"@id":"https:\/\/www.accuratereviews.com\/it\/gestionali-per-fisioterapia-lista\/therapysync-recensione\/#primaryimage"},"image":{"@id":"https:\/\/www.accuratereviews.com\/it\/gestionali-per-fisioterapia-lista\/therapysync-recensione\/#primaryimage"},"thumbnailUrl":"https:\/\/www.accuratereviews.com\/wp-content\/uploads\/2020\/06\/TherapySync2.png","datePublished":"2020-06-17T10:25:05+00:00","dateModified":"2021-02-02T16:49:41+00:00","description":"TherapySync: recensione soluzione di gestione di fisioterapia completa per aziende di terapie a contratto con accesso tramite cloud.","breadcrumb":{"@id":"https:\/\/www.accuratereviews.com\/it\/gestionali-per-fisioterapia-lista\/therapysync-recensione\/#breadcrumb"},"inLanguage":"it-IT","potentialAction":[{"@type":"ReadAction","target":["https:\/\/www.accuratereviews.com\/it\/gestionali-per-fisioterapia-lista\/therapysync-recensione\/"]}]},{"@type":"ImageObject","inLanguage":"it-IT","@id":"https:\/\/www.accuratereviews.com\/it\/gestionali-per-fisioterapia-lista\/therapysync-recensione\/#primaryimage","url":"https:\/\/www.accuratereviews.com\/wp-content\/uploads\/2020\/06\/TherapySync2.png","contentUrl":"https:\/\/www.accuratereviews.com\/wp-content\/uploads\/2020\/06\/TherapySync2.png","width":200,"height":200},{"@type":"BreadcrumbList","@id":"https:\/\/www.accuratereviews.com\/it\/gestionali-per-fisioterapia-lista\/therapysync-recensione\/#breadcrumb","itemListElement":[{"@type":"ListItem","position":1,"name":"Home","item":"https:\/\/www.accuratereviews.com\/it\/"},{"@type":"ListItem","position":2,"name":"Gestionali per fisioterapia","item":"https:\/\/www.accuratereviews.com\/it\/gestionali-per-fisioterapia-lista\/"},{"@type":"ListItem","position":3,"name":"TherapySync"}]},{"@type":"WebSite","@id":"https:\/\/www.accuratereviews.com\/it\/#website","url":"https:\/\/www.accuratereviews.com\/it\/","name":"Accurate Reviews","description":"","potentialAction":[{"@type":"SearchAction","target":{"@type":"EntryPoint","urlTemplate":"https:\/\/www.accuratereviews.com\/it\/?s={search_term_string}"},"query-input":{"@type":"PropertyValueSpecification","valueRequired":true,"valueName":"search_term_string"}}],"inLanguage":"it-IT"}]}},"_links":{"self":[{"href":"https:\/\/www.accuratereviews.com\/it\/wp-json\/wp\/v2\/pages\/27591","targetHints":{"allow":["GET"]}}],"collection":[{"href":"https:\/\/www.accuratereviews.com\/it\/wp-json\/wp\/v2\/pages"}],"about":[{"href":"https:\/\/www.accuratereviews.com\/it\/wp-json\/wp\/v2\/types\/page"}],"author":[{"embeddable":true,"href":"https:\/\/www.accuratereviews.com\/it\/wp-json\/wp\/v2\/users\/19"}],"replies":[{"embeddable":true,"href":"https:\/\/www.accuratereviews.com\/it\/wp-json\/wp\/v2\/comments?post=27591"}],"version-history":[{"count":6,"href":"https:\/\/www.accuratereviews.com\/it\/wp-json\/wp\/v2\/pages\/27591\/revisions"}],"predecessor-version":[{"id":36558,"href":"https:\/\/www.accuratereviews.com\/it\/wp-json\/wp\/v2\/pages\/27591\/revisions\/36558"}],"up":[{"embeddable":true,"href":"https:\/\/www.accuratereviews.com\/it\/wp-json\/wp\/v2\/pages\/27304"}],"wp:featuredmedia":[{"embeddable":true,"href":"https:\/\/www.accuratereviews.com\/it\/wp-json\/wp\/v2\/media\/27595"}],"wp:attachment":[{"href":"https:\/\/www.accuratereviews.com\/it\/wp-json\/wp\/v2\/media?parent=27591"}],"wp:term":[{"taxonomy":"category","embeddable":true,"href":"https:\/\/www.accuratereviews.com\/it\/wp-json\/wp\/v2\/categories?post=27591"},{"taxonomy":"post_tag","embeddable":true,"href":"https:\/\/www.accuratereviews.com\/it\/wp-json\/wp\/v2\/tags?post=27591"},{"taxonomy":"features","embeddable":true,"href":"https:\/\/www.accuratereviews.com\/it\/wp-json\/wp\/v2\/features?post=27591"}],"curies":[{"name":"wp","href":"https:\/\/api.w.org\/{rel}","templated":true}]}}