{"id":27664,"date":"2020-06-18T12:41:31","date_gmt":"2020-06-18T12:41:31","guid":{"rendered":"https:\/\/www.accuratereviews.com\/?page_id=27664"},"modified":"2021-02-02T17:12:41","modified_gmt":"2021-02-02T17:12:41","slug":"redoc-recensione","status":"publish","type":"page","link":"https:\/\/www.accuratereviews.com\/it\/gestionali-per-fisioterapia-lista\/redoc-recensione\/","title":{"rendered":"ReDoc"},"content":{"rendered":"<p><strong>ReDoc di Xfit<\/strong> \u00e8 un <strong>software di gestione delle pratiche<\/strong> basato su <strong>cloud<\/strong>, terapia riabilitativa e documentazione progettato per pratiche di ogni dimensione. \u00c8 una soluzione completamente integrata che guida i flussi di lavoro SLP, OT e PT per garantire che le tue pratiche passino rapidamente attraverso la giornata.\u00a0Il software si integra con pi\u00f9 sistemi HIS ed EMR tramite integrazioni di livello plus e interfacce HL7. Il suo obiettivo principale sono i <strong>risultati terapeutici<\/strong> ed \u00e8 realizzato per garantire conformit\u00e0, crescita dei ricavi e maggiore efficienza.\u00a0La piattaforma include inoltre flussi di lavoro configurabili, valutazione funzionale e altri strumenti tra cui; promemoria di appuntamenti, gestione fax integrata, programma di \u00a0esercizi a casa e abbonamento FOTO premier.<\/p>\n<h2>REDOC &#8211; TUTORIAL<\/h2>\n<p>Guardiamo le funzioni di questo <strong>software gestionale per fisioterapia<\/strong>:<\/p>\n<div id=\"fluid-wrapper-counter-1\" class=\"g1-fluid-wrapper \" style=\"width:686px;\">\n<div style=\"padding-bottom:56.268221574344%;\"><iframe loading=\"lazy\" title=\"Prepare for the Changing Value Proposition in Rehab Therapy\" width=\"686\" height=\"386\" src=\"https:\/\/www.youtube.com\/embed\/NxbopJWZH_w?feature=oembed&amp;wmode=transparent&amp;autohide=1&amp;autoplay=0&amp;disablekb=0&amp;fs=1&amp;loop=0&amp;enablejsapi=1&amp;rel=0&amp;controls=2&amp;showinfo=0&amp;wmode=transparent&amp;autohide=2&amp;autoplay=0&amp;disablekb=0&amp;fs=1&amp;loop=0&amp;enablejsapi=1&amp;rel=0&amp;controls=2&amp;showinfo=1\" frameborder=\"0\" allow=\"accelerometer; autoplay; clipboard-write; encrypted-media; gyroscope; picture-in-picture\" allowfullscreen><\/iframe><\/div>\n<\/div>\n<h3>REDOC &#8211; CARATTERISTICHE<\/h3>\n<ul>\n<li><strong>EHR<\/strong>: documentazione clinica e gestione del flusso di lavoro<\/li>\n<li><strong>Analitica<\/strong>: informazioni in tempo reale sugli indicatori KPI clinici, operativi e finanziari<\/li>\n<li><strong>Gestione pratica<\/strong>: La gestione dei referral, la programmazione e molto altro mantengono in movimento l&#8217;assistenza<\/li>\n<li><strong>Risultati<\/strong>: dati utilizzabili per pazienti, fornitori e pagatori<\/li>\n<li><strong>Fatture<\/strong>: Fatturazione flessibile, fatturazione semplice e reportistica con un clic<\/li>\n<li><strong>Servizi<\/strong>: coaching esperto, soluzioni diagnostiche e di marketing clinico<\/li>\n<\/ul>\n<h4>LE RECENSIONI DEGLI UTENTI<\/h4>\n<h4 class=\"font-weight-bold my-1 d-flex align-items-center\">Marcie G.&#8221;ReDoc alimentato da xfit \u00e8 un fantastico EMR ambulatoriale per Therapy-PT, OT e ST&#8221;<\/h4>\n<p><strong>Commenti: <\/strong>Sono stato molto contento della mia esperienza complessiva con ReDoc xfit. Ti tengono informato con tutti i loro aggiornamenti e rilasci su base regolare. Questo \u00e8 veramente apprezzato dal punto di vista del manager. Il nostro staff di terapia qui \u00e8 molto soddisfatto di questo EMR.<\/p>\n<p><strong>Vantaggi: <\/strong>Penso che le persone della piattaforma ReDoc xfit \/ EMR siano sempre al corrente delle regole e dei regolamenti e facciano rapidi ritardi nel tempo per gli aggiornamenti e le versioni. ReDoc xfit ascolta i propri clienti e agisce come \/ quando necessario e d\u00e0 la priorit\u00e0 al loro modello di lavoro in quanto tale. Secondo me, portano i fornitori a supportare e rendere il loro EMR uno dei migliori EMR disponibili per i servizi terapeutici. Continuate cos\u00ec. Non vedo l&#8217;ora di implementare presto Telehealth! Grazie!<\/p>\n<p><strong>Inconvenienti: <\/strong>Qualche lavoro iniziale che doveva essere fatto per interfacciarsi, \u00e8 stato molto lungo. Ma adesso \u00a0funziona magnificamente.<\/p>\n<h4 class=\"font-weight-bold my-1 d-flex align-items-center\">Nancy H.&#8221;REDOC&#8221;<\/h4>\n<p><strong>Vantaggi: <\/strong>caratteristiche speciali come allarmi \/ promemoria per terapista; Decima visita e monitoraggio del dollaro per i pazienti Medicare.<\/p>\n<p><strong>Inconvenienti: <\/strong>alcune funzionalit\u00e0 come &#8220;finalizzazione&#8221; sembravano ridondanti; un po &#8216;di confusione su pi\u00f9 cicli di trattamento che si stanno configurando.<\/p>\n<h4 class=\"font-weight-bold my-1 d-flex align-items-center\">Pamela M.&#8221;Caratteristiche di ReDoc&#8221;<\/h4>\n<p><strong>Commenti: <\/strong>La mia esperienza complessiva con il software \u00e8 stata una facile trasformazione dal nostro vecchio programma a ReDoc, all&#8217;inizio ero molto nervoso, ma dopo che mi \u00e8 stato mostrato quanto fosse facile da usare, sono stato molto felice da quanto fosse facile. Mi piace molto la stampa in batch \u00e8 piacevole da usare per i pazienti che devo inviare note di avanzamento settimanali alle compagnie assicurative. L&#8217;assistenza clienti \u00e8 molto utile quando ne abbiamo bisogno.<\/p>\n<p><strong>Vantaggi: <\/strong>Mi piace la facilit\u00e0 di programmare i pazienti. Stampa in batch di note sullo stato di avanzamento delle attivit\u00e0 lavorative, compagnie assicurative e cos\u00ec via, la facilit\u00e0 di inserire informazioni sui pazienti, autorizzazioni e informazioni assicurative. Inoltre tengono il passo con il numero di visite che il paziente deve aiutarci a non superare l&#8217;importo assegnato.<\/p>\n<p><strong>Inconvenienti: <\/strong>Alcune volte abbiamo problemi per quanto riguarda il rallentamento del sistema a volte. ma quando viene contattato il supporto cutomer, fanno del loro meglio per risolvere il problema.<\/p>\n","protected":false},"excerpt":{"rendered":"<p>ReDoc di Xfit \u00e8 un software di gestione delle pratiche basato su cloud, terapia riabilitativa e documentazione progettato per pratiche di ogni dimensione. \u00c8 una soluzione completamente integrata che guida i flussi di lavoro SLP, OT e PT per garantire che le tue pratiche passino rapidamente attraverso la giornata.\u00a0Il software si integra con pi\u00f9 sistemi HIS ed EMR tramite integrazioni di livello plus e interfacce HL7.<\/p>\n","protected":false},"author":19,"featured_media":27668,"parent":27304,"menu_order":0,"comment_status":"open","ping_status":"closed","template":"g1_template_page_review_new.php","meta":{"_acf_changed":false,"cwp_meta_box_check":"Yes","cwp_rev_product_name":"","cwp_rev_product_image":"","wppr_links":[],"cwp_rev_price":"","wppr_options":[],"wppr_pros":[],"wppr_cons":[],"_monsterinsights_skip_tracking":false,"_monsterinsights_sitenote_active":false,"_monsterinsights_sitenote_note":"","_monsterinsights_sitenote_category":0,"footnotes":""},"categories":[2993],"tags":[396,3009,3033,3066,2995,3008,3067],"features":[],"class_list":{"0":"post-27664","1":"page","2":"type-page","3":"status-publish","4":"has-post-thumbnail","6":"category-gestionale-per-fisioterapia-categoria","7":"tag-cloud","8":"tag-piattaforma-gestionale-per-fisioterapie","9":"tag-programma-gestionale-per-fisioterpie","10":"tag-redoc","11":"tag-software-gestionale-per-fisioterapie","12":"tag-soluzione-gestionale-per-fisioterapie","13":"tag-xfit"},"wppr_data":{"cwp_meta_box_check":"Yes","cwp_rev_product_name":"","cwp_rev_product_image":"","cwp_image_link":"image","cwp_rev_price":"","wppr_rating":"0.00"},"acf":[],"yoast_head":"<!-- This site is optimized with the Yoast SEO plugin v27.4 - https:\/\/yoast.com\/product\/yoast-seo-wordpress\/ -->\n<title>ReDoc: recenione software gestionale per fisioterapia - Accurate Reviews<\/title>\n<meta name=\"description\" content=\"ReDoc:recensione software di gestione delle pratiche basato su cloud, terapia riabilitativa e documentazione per pratiche di ogni dimensione.\" \/>\n<meta name=\"robots\" content=\"index, follow, max-snippet:-1, max-image-preview:large, max-video-preview:-1\" \/>\n<link rel=\"canonical\" href=\"https:\/\/www.accuratereviews.com\/it\/gestionali-per-fisioterapia-lista\/redoc-recensione\/\" \/>\n<meta property=\"og:locale\" content=\"it_IT\" \/>\n<meta property=\"og:type\" content=\"article\" \/>\n<meta property=\"og:title\" content=\"ReDoc: recenione software gestionale per fisioterapia - Accurate Reviews\" \/>\n<meta property=\"og:description\" content=\"ReDoc:recensione software di gestione delle pratiche basato su cloud, terapia riabilitativa e documentazione per pratiche di ogni dimensione.\" \/>\n<meta property=\"og:url\" content=\"https:\/\/www.accuratereviews.com\/it\/gestionali-per-fisioterapia-lista\/redoc-recensione\/\" \/>\n<meta property=\"og:site_name\" content=\"Accurate Reviews\" \/>\n<meta property=\"article:modified_time\" content=\"2021-02-02T17:12:41+00:00\" \/>\n<meta property=\"og:image\" content=\"https:\/\/www.accuratereviews.com\/wp-content\/uploads\/2020\/06\/ReDoc2.jpg\" \/>\n\t<meta property=\"og:image:width\" content=\"450\" \/>\n\t<meta property=\"og:image:height\" content=\"300\" \/>\n\t<meta property=\"og:image:type\" content=\"image\/jpeg\" \/>\n<meta name=\"twitter:card\" content=\"summary_large_image\" \/>\n<meta name=\"twitter:label1\" content=\"Tempo di lettura stimato\" \/>\n\t<meta name=\"twitter:data1\" content=\"3 minuti\" \/>\n<script type=\"application\/ld+json\" class=\"yoast-schema-graph\">{\"@context\":\"https:\\\/\\\/schema.org\",\"@graph\":[{\"@type\":\"WebPage\",\"@id\":\"https:\\\/\\\/www.accuratereviews.com\\\/it\\\/gestionali-per-fisioterapia-lista\\\/redoc-recensione\\\/\",\"url\":\"https:\\\/\\\/www.accuratereviews.com\\\/it\\\/gestionali-per-fisioterapia-lista\\\/redoc-recensione\\\/\",\"name\":\"ReDoc: recenione software gestionale per fisioterapia - Accurate Reviews\",\"isPartOf\":{\"@id\":\"https:\\\/\\\/www.accuratereviews.com\\\/it\\\/#website\"},\"primaryImageOfPage\":{\"@id\":\"https:\\\/\\\/www.accuratereviews.com\\\/it\\\/gestionali-per-fisioterapia-lista\\\/redoc-recensione\\\/#primaryimage\"},\"image\":{\"@id\":\"https:\\\/\\\/www.accuratereviews.com\\\/it\\\/gestionali-per-fisioterapia-lista\\\/redoc-recensione\\\/#primaryimage\"},\"thumbnailUrl\":\"https:\\\/\\\/www.accuratereviews.com\\\/wp-content\\\/uploads\\\/2020\\\/06\\\/ReDoc2.jpg\",\"datePublished\":\"2020-06-18T12:41:31+00:00\",\"dateModified\":\"2021-02-02T17:12:41+00:00\",\"description\":\"ReDoc:recensione software di gestione delle pratiche basato su cloud, terapia riabilitativa e documentazione per pratiche di ogni dimensione.\",\"breadcrumb\":{\"@id\":\"https:\\\/\\\/www.accuratereviews.com\\\/it\\\/gestionali-per-fisioterapia-lista\\\/redoc-recensione\\\/#breadcrumb\"},\"inLanguage\":\"it-IT\",\"potentialAction\":[{\"@type\":\"ReadAction\",\"target\":[\"https:\\\/\\\/www.accuratereviews.com\\\/it\\\/gestionali-per-fisioterapia-lista\\\/redoc-recensione\\\/\"]}]},{\"@type\":\"ImageObject\",\"inLanguage\":\"it-IT\",\"@id\":\"https:\\\/\\\/www.accuratereviews.com\\\/it\\\/gestionali-per-fisioterapia-lista\\\/redoc-recensione\\\/#primaryimage\",\"url\":\"https:\\\/\\\/www.accuratereviews.com\\\/wp-content\\\/uploads\\\/2020\\\/06\\\/ReDoc2.jpg\",\"contentUrl\":\"https:\\\/\\\/www.accuratereviews.com\\\/wp-content\\\/uploads\\\/2020\\\/06\\\/ReDoc2.jpg\",\"width\":450,\"height\":300},{\"@type\":\"BreadcrumbList\",\"@id\":\"https:\\\/\\\/www.accuratereviews.com\\\/it\\\/gestionali-per-fisioterapia-lista\\\/redoc-recensione\\\/#breadcrumb\",\"itemListElement\":[{\"@type\":\"ListItem\",\"position\":1,\"name\":\"Home\",\"item\":\"https:\\\/\\\/www.accuratereviews.com\\\/it\\\/\"},{\"@type\":\"ListItem\",\"position\":2,\"name\":\"Gestionali per fisioterapia\",\"item\":\"https:\\\/\\\/www.accuratereviews.com\\\/it\\\/gestionali-per-fisioterapia-lista\\\/\"},{\"@type\":\"ListItem\",\"position\":3,\"name\":\"ReDoc\"}]},{\"@type\":\"WebSite\",\"@id\":\"https:\\\/\\\/www.accuratereviews.com\\\/it\\\/#website\",\"url\":\"https:\\\/\\\/www.accuratereviews.com\\\/it\\\/\",\"name\":\"Accurate Reviews\",\"description\":\"\",\"potentialAction\":[{\"@type\":\"SearchAction\",\"target\":{\"@type\":\"EntryPoint\",\"urlTemplate\":\"https:\\\/\\\/www.accuratereviews.com\\\/it\\\/?s={search_term_string}\"},\"query-input\":{\"@type\":\"PropertyValueSpecification\",\"valueRequired\":true,\"valueName\":\"search_term_string\"}}],\"inLanguage\":\"it-IT\"}]}<\/script>\n<!-- \/ Yoast SEO plugin. -->","yoast_head_json":{"title":"ReDoc: recenione software gestionale per fisioterapia - Accurate Reviews","description":"ReDoc:recensione software di gestione delle pratiche basato su cloud, terapia riabilitativa e documentazione per pratiche di ogni dimensione.","robots":{"index":"index","follow":"follow","max-snippet":"max-snippet:-1","max-image-preview":"max-image-preview:large","max-video-preview":"max-video-preview:-1"},"canonical":"https:\/\/www.accuratereviews.com\/it\/gestionali-per-fisioterapia-lista\/redoc-recensione\/","og_locale":"it_IT","og_type":"article","og_title":"ReDoc: recenione software gestionale per fisioterapia - Accurate Reviews","og_description":"ReDoc:recensione software di gestione delle pratiche basato su cloud, terapia riabilitativa e documentazione per pratiche di ogni dimensione.","og_url":"https:\/\/www.accuratereviews.com\/it\/gestionali-per-fisioterapia-lista\/redoc-recensione\/","og_site_name":"Accurate Reviews","article_modified_time":"2021-02-02T17:12:41+00:00","og_image":[{"width":450,"height":300,"url":"https:\/\/www.accuratereviews.com\/wp-content\/uploads\/2020\/06\/ReDoc2.jpg","type":"image\/jpeg"}],"twitter_card":"summary_large_image","twitter_misc":{"Tempo di lettura stimato":"3 minuti"},"schema":{"@context":"https:\/\/schema.org","@graph":[{"@type":"WebPage","@id":"https:\/\/www.accuratereviews.com\/it\/gestionali-per-fisioterapia-lista\/redoc-recensione\/","url":"https:\/\/www.accuratereviews.com\/it\/gestionali-per-fisioterapia-lista\/redoc-recensione\/","name":"ReDoc: recenione software gestionale per fisioterapia - Accurate Reviews","isPartOf":{"@id":"https:\/\/www.accuratereviews.com\/it\/#website"},"primaryImageOfPage":{"@id":"https:\/\/www.accuratereviews.com\/it\/gestionali-per-fisioterapia-lista\/redoc-recensione\/#primaryimage"},"image":{"@id":"https:\/\/www.accuratereviews.com\/it\/gestionali-per-fisioterapia-lista\/redoc-recensione\/#primaryimage"},"thumbnailUrl":"https:\/\/www.accuratereviews.com\/wp-content\/uploads\/2020\/06\/ReDoc2.jpg","datePublished":"2020-06-18T12:41:31+00:00","dateModified":"2021-02-02T17:12:41+00:00","description":"ReDoc:recensione software di gestione delle pratiche basato su cloud, terapia riabilitativa e documentazione per pratiche di ogni dimensione.","breadcrumb":{"@id":"https:\/\/www.accuratereviews.com\/it\/gestionali-per-fisioterapia-lista\/redoc-recensione\/#breadcrumb"},"inLanguage":"it-IT","potentialAction":[{"@type":"ReadAction","target":["https:\/\/www.accuratereviews.com\/it\/gestionali-per-fisioterapia-lista\/redoc-recensione\/"]}]},{"@type":"ImageObject","inLanguage":"it-IT","@id":"https:\/\/www.accuratereviews.com\/it\/gestionali-per-fisioterapia-lista\/redoc-recensione\/#primaryimage","url":"https:\/\/www.accuratereviews.com\/wp-content\/uploads\/2020\/06\/ReDoc2.jpg","contentUrl":"https:\/\/www.accuratereviews.com\/wp-content\/uploads\/2020\/06\/ReDoc2.jpg","width":450,"height":300},{"@type":"BreadcrumbList","@id":"https:\/\/www.accuratereviews.com\/it\/gestionali-per-fisioterapia-lista\/redoc-recensione\/#breadcrumb","itemListElement":[{"@type":"ListItem","position":1,"name":"Home","item":"https:\/\/www.accuratereviews.com\/it\/"},{"@type":"ListItem","position":2,"name":"Gestionali per fisioterapia","item":"https:\/\/www.accuratereviews.com\/it\/gestionali-per-fisioterapia-lista\/"},{"@type":"ListItem","position":3,"name":"ReDoc"}]},{"@type":"WebSite","@id":"https:\/\/www.accuratereviews.com\/it\/#website","url":"https:\/\/www.accuratereviews.com\/it\/","name":"Accurate Reviews","description":"","potentialAction":[{"@type":"SearchAction","target":{"@type":"EntryPoint","urlTemplate":"https:\/\/www.accuratereviews.com\/it\/?s={search_term_string}"},"query-input":{"@type":"PropertyValueSpecification","valueRequired":true,"valueName":"search_term_string"}}],"inLanguage":"it-IT"}]}},"_links":{"self":[{"href":"https:\/\/www.accuratereviews.com\/it\/wp-json\/wp\/v2\/pages\/27664","targetHints":{"allow":["GET"]}}],"collection":[{"href":"https:\/\/www.accuratereviews.com\/it\/wp-json\/wp\/v2\/pages"}],"about":[{"href":"https:\/\/www.accuratereviews.com\/it\/wp-json\/wp\/v2\/types\/page"}],"author":[{"embeddable":true,"href":"https:\/\/www.accuratereviews.com\/it\/wp-json\/wp\/v2\/users\/19"}],"replies":[{"embeddable":true,"href":"https:\/\/www.accuratereviews.com\/it\/wp-json\/wp\/v2\/comments?post=27664"}],"version-history":[{"count":9,"href":"https:\/\/www.accuratereviews.com\/it\/wp-json\/wp\/v2\/pages\/27664\/revisions"}],"predecessor-version":[{"id":36592,"href":"https:\/\/www.accuratereviews.com\/it\/wp-json\/wp\/v2\/pages\/27664\/revisions\/36592"}],"up":[{"embeddable":true,"href":"https:\/\/www.accuratereviews.com\/it\/wp-json\/wp\/v2\/pages\/27304"}],"wp:featuredmedia":[{"embeddable":true,"href":"https:\/\/www.accuratereviews.com\/it\/wp-json\/wp\/v2\/media\/27668"}],"wp:attachment":[{"href":"https:\/\/www.accuratereviews.com\/it\/wp-json\/wp\/v2\/media?parent=27664"}],"wp:term":[{"taxonomy":"category","embeddable":true,"href":"https:\/\/www.accuratereviews.com\/it\/wp-json\/wp\/v2\/categories?post=27664"},{"taxonomy":"post_tag","embeddable":true,"href":"https:\/\/www.accuratereviews.com\/it\/wp-json\/wp\/v2\/tags?post=27664"},{"taxonomy":"features","embeddable":true,"href":"https:\/\/www.accuratereviews.com\/it\/wp-json\/wp\/v2\/features?post=27664"}],"curies":[{"name":"wp","href":"https:\/\/api.w.org\/{rel}","templated":true}]}}