{"id":27683,"date":"2020-06-18T12:47:40","date_gmt":"2020-06-18T12:47:40","guid":{"rendered":"https:\/\/www.accuratereviews.com\/?page_id=27683"},"modified":"2021-02-02T17:01:42","modified_gmt":"2021-02-02T17:01:42","slug":"systems4pt-recensione","status":"publish","type":"page","link":"https:\/\/www.accuratereviews.com\/it\/gestionali-per-fisioterapia-lista\/systems4pt-recensione\/","title":{"rendered":"Systems4PT"},"content":{"rendered":"<p><strong>Systems 4PT<\/strong> \u00e8 una<strong> soluzione gestionale per la fisioterapia<\/strong> che offre strumenti per l&#8217;assunzione, pianificazione, EMR, monitoraggio dei risultati, report di gestione, fatturazione e invio QCDR MIPS elettronici del paziente, il tutto integrato in un unico database.\u00a0Il software aiuta i professionisti a eseguire valutazioni, tra cui domande dei pazienti, anamnesi familiare, prescrizione di farmaci, stato lavorativo, necessit\u00e0 di terapia \u00a0qualificata, STG, LTG, logica di codifica e difesa MIPS. Sono disponibili fax integrati, chiamate \/ messaggi di promemoria di appuntamento e un modulo di scansione. Consente l&#8217;integrazione di test di risultato standardizzati all&#8217;interno del sistema affinch\u00e9 i pazienti possano gestire le proprie informazioni. Raccomanda inoltre appropriati codici G e modificatori di gravit\u00e0 per esigenze specifiche.<\/p>\n<h2>SYSTEMS 4PT &#8211; TUTORIAL<\/h2>\n<p>Ecco un tutorial in cui mostra come utilizzare questo<strong> software gestionale per fisioterapia<\/strong>:<\/p>\n<div id=\"fluid-wrapper-counter-1\" class=\"g1-fluid-wrapper \" style=\"width:686px;\">\n<div style=\"padding-bottom:56.268221574344%;\"><iframe loading=\"lazy\" title=\"Systems 4PT Billing Overview\" width=\"686\" height=\"386\" src=\"https:\/\/www.youtube.com\/embed\/RUlc3EH2u54?feature=oembed&amp;wmode=transparent&amp;autohide=1&amp;autoplay=0&amp;disablekb=0&amp;fs=1&amp;loop=0&amp;enablejsapi=1&amp;rel=0&amp;controls=2&amp;showinfo=0&amp;wmode=transparent&amp;autohide=2&amp;autoplay=0&amp;disablekb=0&amp;fs=1&amp;loop=0&amp;enablejsapi=1&amp;rel=0&amp;controls=2&amp;showinfo=1\" frameborder=\"0\" allow=\"accelerometer; autoplay; clipboard-write; encrypted-media; gyroscope; picture-in-picture\" allowfullscreen><\/iframe><\/div>\n<\/div>\n<h3>SYSTEMS 4PT &#8211; CARATTERISTICHE<\/h3>\n<ul>\n<li><strong>Portale<\/strong>: i\u00a0pazienti completano il processo di check-in online, prima dell&#8217;appuntamento<\/li>\n<li><strong>Programmazione<\/strong>: le regole specifiche del pagatore guidano il personale nella creazione di reclami chiari che vengono pagati<\/li>\n<li><strong>Relazione sul paziente<\/strong>:\u00a0PRM \u00e8 integrato con EMR; quindi, i pazienti vedono i loro obiettivi e la loro progressione in tempo reale<\/li>\n<li><strong>Conformit\u00e0<\/strong>: tecnologia collaudata che controlla la conformit\u00e0 mentre lavori<\/li>\n<li><strong> Fatturazione e incassi<\/strong>: la fatturazione e le raccolte sono integrate nello stesso database di pianificazione, EMR e rapporti<\/li>\n<li><strong>Gestione rapporti<\/strong>: basato sul profitto dal terapista, dalla fonte di riferimento e dal pagatore<\/li>\n<\/ul>\n<h4>LE RECENSIONI DEGLI UTENTI<\/h4>\n<h4 class=\"font-weight-bold my-1 d-flex align-items-center\">Heather P.&#8221;Il MIGLIORE software per qualsiasi PRATICA DI TERAPIA FISICA&#8221;<\/h4>\n<p><strong>Vantaggi: <\/strong>Questo software \u00e8 stato realizzato per le pratiche di terapia fisica. Sono in cima a tutti i nuovi requisiti di Medicare e assicurazioni private. Non ci hanno fatto pagare extra per questi cambiamenti. \u00c8 facile da usare e addestrare il nuovo personale a utilizzare il software. Siamo stati in pratica per 16 anni e gli ultimi quattro anni con Systems4. Vorrei che non avessimo aspettato cos\u00ec tanto tempo per trovarli. Il loro servizio clienti \u00e8 di prim&#8217;ordine! Se abbiamo bisogno di supporto, viene risolto rapidamente e professionalmente.<\/p>\n<p><strong>Inconvenienti: <\/strong>Rispetto a quello che stavamo usando prima, non ho nulla di negativo da dire.<\/p>\n<h4 class=\"font-weight-bold my-1 d-flex align-items-center\">Jane M.&#8221;Come proprietario, dormo bene la notte sapendo che S4PT \u00e8 l\u00ec&#8221;<\/h4>\n<p><strong>Vantaggi: <\/strong>La conformit\u00e0 e l&#8217;uso integrati dell&#8217;IA non sono secondi a nessuno. Vedrai che nessun altro sistema pu\u00f2 competere con la passione che S4PT deve farti pagare per intero il pi\u00f9 velocemente possibile umanamente.<\/p>\n<p><strong>Inconvenienti: <\/strong>Sono sicuro che le cose sono cambiate negli ultimi anni da quando ho usato il programma per la prima volta, ma avevo molto da imparare su come usarlo. Tuttavia, tutti i miei nuovi DPT e PTA si sono integrati abbastanza facilmente e tutti affermano che finora \u00e8 la loro esperienza EMR preferita.<\/p>\n<h4 class=\"font-weight-bold my-1 d-flex align-items-center\">Todd W.&#8221;Software eccellente!&#8221;<\/h4>\n<p><strong>Commenti: <\/strong>Esperienza eccellente I proprietari sono persone fantastiche che sono raggiungibili e l&#8217;assistenza clienti \u00e8 eccellente. Li ho usati prima di vendere la mia attivit\u00e0 e quando ne ho aperta un altra ho continuato a usarlo. Entrambe le pratiche sono cresciute e continuano a crescere rapidamente.<\/p>\n<p><strong>Vantaggi: <\/strong>Si collega alla pianificazione, alla documentazione e alla fatturazione in un unico pacchetto intelligente che ci consente di aumentare la percentuale delle nostre raccolte, cercare i pazienti e rivedere facilmente i reclami. \u00c8 molto dettagliato e pi\u00f9 conforme di qualsiasi altro software PT disponibile sul mercato. Considerando i dettagli di ogni valutazione, nota di avanzamento e nota di dimissione, \u00e8 il pi\u00f9 rapido possibile con molte funzioni automatizzate. I grafici, le statistiche, le relazioni cliniche e i singoli terapisti sono inestimabili e sono i migliori del settore per condurre con successo una pratica.<\/p>\n<p><strong>Inconvenienti: <\/strong>Non c&#8217;\u00e8 molto da non gradire. Sarebbe bello avere la possibilit\u00e0 di utilizzare il riconoscimento vocale o le opzioni taglia \/ incolla con la documentazione.<\/p>\n","protected":false},"excerpt":{"rendered":"<p>Systems 4PT \u00e8 una soluzione gestionale per la fisioterapia che offre strumenti per l&#8217;assunzione, pianificazione, EMR, monitoraggio dei risultati, report di gestione, fatturazione e invio QCDR MIPS elettronici del paziente, il tutto integrato in un unico database.\u00a0Il software aiuta i professionisti a eseguire valutazioni, tra cui domande dei pazienti, anamnesi familiare, prescrizione di farmaci, stato lavorativo, necessit\u00e0 di terapia \u00a0qualificata, STG, LTG, logica di codifica e difesa MIPS.<\/p>\n","protected":false},"author":19,"featured_media":27684,"parent":27304,"menu_order":0,"comment_status":"open","ping_status":"closed","template":"g1_template_page_review_new.php","meta":{"_acf_changed":false,"cwp_meta_box_check":"Yes","cwp_rev_product_name":"","cwp_rev_product_image":"","wppr_links":[],"cwp_rev_price":"","wppr_options":[],"wppr_pros":[],"wppr_cons":[],"_monsterinsights_skip_tracking":false,"_monsterinsights_sitenote_active":false,"_monsterinsights_sitenote_note":"","_monsterinsights_sitenote_category":0,"footnotes":""},"categories":[2993],"tags":[3009,3033,2995,3008,3074],"features":[],"class_list":{"0":"post-27683","1":"page","2":"type-page","3":"status-publish","4":"has-post-thumbnail","6":"category-gestionale-per-fisioterapia-categoria","7":"tag-piattaforma-gestionale-per-fisioterapie","8":"tag-programma-gestionale-per-fisioterpie","9":"tag-software-gestionale-per-fisioterapie","10":"tag-soluzione-gestionale-per-fisioterapie","11":"tag-systems-4pt"},"wppr_data":{"cwp_meta_box_check":"Yes","cwp_rev_product_name":"","cwp_rev_product_image":"","cwp_image_link":"image","cwp_rev_price":"","wppr_rating":"0.00"},"acf":[],"yoast_head":"<!-- This site is optimized with the Yoast SEO plugin v27.4 - https:\/\/yoast.com\/product\/yoast-seo-wordpress\/ -->\n<title>Systems 4PT: recensione gestionale per fisioterapia - Accurate Reviews<\/title>\n<meta name=\"description\" content=\"Systems 4PT: recensione soluzione per la fisioterapia che offre strumenti per l&#039;assunzione, pianificazione, monitoraggio dei risultati\" \/>\n<meta name=\"robots\" content=\"index, follow, max-snippet:-1, max-image-preview:large, max-video-preview:-1\" \/>\n<link rel=\"canonical\" href=\"https:\/\/www.accuratereviews.com\/it\/gestionali-per-fisioterapia-lista\/systems4pt-recensione\/\" \/>\n<meta property=\"og:locale\" content=\"it_IT\" \/>\n<meta property=\"og:type\" content=\"article\" \/>\n<meta property=\"og:title\" content=\"Systems 4PT: recensione gestionale per fisioterapia - Accurate Reviews\" \/>\n<meta property=\"og:description\" content=\"Systems 4PT: recensione soluzione per la fisioterapia che offre strumenti per l&#039;assunzione, pianificazione, monitoraggio dei risultati\" \/>\n<meta property=\"og:url\" content=\"https:\/\/www.accuratereviews.com\/it\/gestionali-per-fisioterapia-lista\/systems4pt-recensione\/\" \/>\n<meta property=\"og:site_name\" content=\"Accurate Reviews\" \/>\n<meta property=\"article:modified_time\" content=\"2021-02-02T17:01:42+00:00\" \/>\n<meta property=\"og:image\" content=\"https:\/\/www.accuratereviews.com\/wp-content\/uploads\/2020\/06\/S4PTSocialLogo.png\" \/>\n\t<meta property=\"og:image:width\" content=\"1200\" \/>\n\t<meta property=\"og:image:height\" content=\"630\" \/>\n\t<meta property=\"og:image:type\" content=\"image\/png\" \/>\n<meta name=\"twitter:card\" content=\"summary_large_image\" \/>\n<meta name=\"twitter:label1\" content=\"Tempo di lettura stimato\" \/>\n\t<meta name=\"twitter:data1\" content=\"3 minuti\" \/>\n<script type=\"application\/ld+json\" class=\"yoast-schema-graph\">{\"@context\":\"https:\\\/\\\/schema.org\",\"@graph\":[{\"@type\":\"WebPage\",\"@id\":\"https:\\\/\\\/www.accuratereviews.com\\\/it\\\/gestionali-per-fisioterapia-lista\\\/systems4pt-recensione\\\/\",\"url\":\"https:\\\/\\\/www.accuratereviews.com\\\/it\\\/gestionali-per-fisioterapia-lista\\\/systems4pt-recensione\\\/\",\"name\":\"Systems 4PT: recensione gestionale per fisioterapia - Accurate Reviews\",\"isPartOf\":{\"@id\":\"https:\\\/\\\/www.accuratereviews.com\\\/it\\\/#website\"},\"primaryImageOfPage\":{\"@id\":\"https:\\\/\\\/www.accuratereviews.com\\\/it\\\/gestionali-per-fisioterapia-lista\\\/systems4pt-recensione\\\/#primaryimage\"},\"image\":{\"@id\":\"https:\\\/\\\/www.accuratereviews.com\\\/it\\\/gestionali-per-fisioterapia-lista\\\/systems4pt-recensione\\\/#primaryimage\"},\"thumbnailUrl\":\"https:\\\/\\\/www.accuratereviews.com\\\/wp-content\\\/uploads\\\/2020\\\/06\\\/S4PTSocialLogo.png\",\"datePublished\":\"2020-06-18T12:47:40+00:00\",\"dateModified\":\"2021-02-02T17:01:42+00:00\",\"description\":\"Systems 4PT: recensione soluzione per la fisioterapia che offre strumenti per l'assunzione, pianificazione, monitoraggio dei risultati\",\"breadcrumb\":{\"@id\":\"https:\\\/\\\/www.accuratereviews.com\\\/it\\\/gestionali-per-fisioterapia-lista\\\/systems4pt-recensione\\\/#breadcrumb\"},\"inLanguage\":\"it-IT\",\"potentialAction\":[{\"@type\":\"ReadAction\",\"target\":[\"https:\\\/\\\/www.accuratereviews.com\\\/it\\\/gestionali-per-fisioterapia-lista\\\/systems4pt-recensione\\\/\"]}]},{\"@type\":\"ImageObject\",\"inLanguage\":\"it-IT\",\"@id\":\"https:\\\/\\\/www.accuratereviews.com\\\/it\\\/gestionali-per-fisioterapia-lista\\\/systems4pt-recensione\\\/#primaryimage\",\"url\":\"https:\\\/\\\/www.accuratereviews.com\\\/wp-content\\\/uploads\\\/2020\\\/06\\\/S4PTSocialLogo.png\",\"contentUrl\":\"https:\\\/\\\/www.accuratereviews.com\\\/wp-content\\\/uploads\\\/2020\\\/06\\\/S4PTSocialLogo.png\",\"width\":1200,\"height\":630},{\"@type\":\"BreadcrumbList\",\"@id\":\"https:\\\/\\\/www.accuratereviews.com\\\/it\\\/gestionali-per-fisioterapia-lista\\\/systems4pt-recensione\\\/#breadcrumb\",\"itemListElement\":[{\"@type\":\"ListItem\",\"position\":1,\"name\":\"Home\",\"item\":\"https:\\\/\\\/www.accuratereviews.com\\\/it\\\/\"},{\"@type\":\"ListItem\",\"position\":2,\"name\":\"Gestionali per fisioterapia\",\"item\":\"https:\\\/\\\/www.accuratereviews.com\\\/it\\\/gestionali-per-fisioterapia-lista\\\/\"},{\"@type\":\"ListItem\",\"position\":3,\"name\":\"Systems4PT\"}]},{\"@type\":\"WebSite\",\"@id\":\"https:\\\/\\\/www.accuratereviews.com\\\/it\\\/#website\",\"url\":\"https:\\\/\\\/www.accuratereviews.com\\\/it\\\/\",\"name\":\"Accurate Reviews\",\"description\":\"\",\"potentialAction\":[{\"@type\":\"SearchAction\",\"target\":{\"@type\":\"EntryPoint\",\"urlTemplate\":\"https:\\\/\\\/www.accuratereviews.com\\\/it\\\/?s={search_term_string}\"},\"query-input\":{\"@type\":\"PropertyValueSpecification\",\"valueRequired\":true,\"valueName\":\"search_term_string\"}}],\"inLanguage\":\"it-IT\"}]}<\/script>\n<!-- \/ Yoast SEO plugin. -->","yoast_head_json":{"title":"Systems 4PT: recensione gestionale per fisioterapia - Accurate Reviews","description":"Systems 4PT: recensione soluzione per la fisioterapia che offre strumenti per l'assunzione, pianificazione, monitoraggio dei risultati","robots":{"index":"index","follow":"follow","max-snippet":"max-snippet:-1","max-image-preview":"max-image-preview:large","max-video-preview":"max-video-preview:-1"},"canonical":"https:\/\/www.accuratereviews.com\/it\/gestionali-per-fisioterapia-lista\/systems4pt-recensione\/","og_locale":"it_IT","og_type":"article","og_title":"Systems 4PT: recensione gestionale per fisioterapia - Accurate Reviews","og_description":"Systems 4PT: recensione soluzione per la fisioterapia che offre strumenti per l'assunzione, pianificazione, monitoraggio dei risultati","og_url":"https:\/\/www.accuratereviews.com\/it\/gestionali-per-fisioterapia-lista\/systems4pt-recensione\/","og_site_name":"Accurate Reviews","article_modified_time":"2021-02-02T17:01:42+00:00","og_image":[{"width":1200,"height":630,"url":"https:\/\/www.accuratereviews.com\/wp-content\/uploads\/2020\/06\/S4PTSocialLogo.png","type":"image\/png"}],"twitter_card":"summary_large_image","twitter_misc":{"Tempo di lettura stimato":"3 minuti"},"schema":{"@context":"https:\/\/schema.org","@graph":[{"@type":"WebPage","@id":"https:\/\/www.accuratereviews.com\/it\/gestionali-per-fisioterapia-lista\/systems4pt-recensione\/","url":"https:\/\/www.accuratereviews.com\/it\/gestionali-per-fisioterapia-lista\/systems4pt-recensione\/","name":"Systems 4PT: recensione gestionale per fisioterapia - Accurate Reviews","isPartOf":{"@id":"https:\/\/www.accuratereviews.com\/it\/#website"},"primaryImageOfPage":{"@id":"https:\/\/www.accuratereviews.com\/it\/gestionali-per-fisioterapia-lista\/systems4pt-recensione\/#primaryimage"},"image":{"@id":"https:\/\/www.accuratereviews.com\/it\/gestionali-per-fisioterapia-lista\/systems4pt-recensione\/#primaryimage"},"thumbnailUrl":"https:\/\/www.accuratereviews.com\/wp-content\/uploads\/2020\/06\/S4PTSocialLogo.png","datePublished":"2020-06-18T12:47:40+00:00","dateModified":"2021-02-02T17:01:42+00:00","description":"Systems 4PT: recensione soluzione per la fisioterapia che offre strumenti per l'assunzione, pianificazione, monitoraggio dei risultati","breadcrumb":{"@id":"https:\/\/www.accuratereviews.com\/it\/gestionali-per-fisioterapia-lista\/systems4pt-recensione\/#breadcrumb"},"inLanguage":"it-IT","potentialAction":[{"@type":"ReadAction","target":["https:\/\/www.accuratereviews.com\/it\/gestionali-per-fisioterapia-lista\/systems4pt-recensione\/"]}]},{"@type":"ImageObject","inLanguage":"it-IT","@id":"https:\/\/www.accuratereviews.com\/it\/gestionali-per-fisioterapia-lista\/systems4pt-recensione\/#primaryimage","url":"https:\/\/www.accuratereviews.com\/wp-content\/uploads\/2020\/06\/S4PTSocialLogo.png","contentUrl":"https:\/\/www.accuratereviews.com\/wp-content\/uploads\/2020\/06\/S4PTSocialLogo.png","width":1200,"height":630},{"@type":"BreadcrumbList","@id":"https:\/\/www.accuratereviews.com\/it\/gestionali-per-fisioterapia-lista\/systems4pt-recensione\/#breadcrumb","itemListElement":[{"@type":"ListItem","position":1,"name":"Home","item":"https:\/\/www.accuratereviews.com\/it\/"},{"@type":"ListItem","position":2,"name":"Gestionali per fisioterapia","item":"https:\/\/www.accuratereviews.com\/it\/gestionali-per-fisioterapia-lista\/"},{"@type":"ListItem","position":3,"name":"Systems4PT"}]},{"@type":"WebSite","@id":"https:\/\/www.accuratereviews.com\/it\/#website","url":"https:\/\/www.accuratereviews.com\/it\/","name":"Accurate Reviews","description":"","potentialAction":[{"@type":"SearchAction","target":{"@type":"EntryPoint","urlTemplate":"https:\/\/www.accuratereviews.com\/it\/?s={search_term_string}"},"query-input":{"@type":"PropertyValueSpecification","valueRequired":true,"valueName":"search_term_string"}}],"inLanguage":"it-IT"}]}},"_links":{"self":[{"href":"https:\/\/www.accuratereviews.com\/it\/wp-json\/wp\/v2\/pages\/27683","targetHints":{"allow":["GET"]}}],"collection":[{"href":"https:\/\/www.accuratereviews.com\/it\/wp-json\/wp\/v2\/pages"}],"about":[{"href":"https:\/\/www.accuratereviews.com\/it\/wp-json\/wp\/v2\/types\/page"}],"author":[{"embeddable":true,"href":"https:\/\/www.accuratereviews.com\/it\/wp-json\/wp\/v2\/users\/19"}],"replies":[{"embeddable":true,"href":"https:\/\/www.accuratereviews.com\/it\/wp-json\/wp\/v2\/comments?post=27683"}],"version-history":[{"count":8,"href":"https:\/\/www.accuratereviews.com\/it\/wp-json\/wp\/v2\/pages\/27683\/revisions"}],"predecessor-version":[{"id":36574,"href":"https:\/\/www.accuratereviews.com\/it\/wp-json\/wp\/v2\/pages\/27683\/revisions\/36574"}],"up":[{"embeddable":true,"href":"https:\/\/www.accuratereviews.com\/it\/wp-json\/wp\/v2\/pages\/27304"}],"wp:featuredmedia":[{"embeddable":true,"href":"https:\/\/www.accuratereviews.com\/it\/wp-json\/wp\/v2\/media\/27684"}],"wp:attachment":[{"href":"https:\/\/www.accuratereviews.com\/it\/wp-json\/wp\/v2\/media?parent=27683"}],"wp:term":[{"taxonomy":"category","embeddable":true,"href":"https:\/\/www.accuratereviews.com\/it\/wp-json\/wp\/v2\/categories?post=27683"},{"taxonomy":"post_tag","embeddable":true,"href":"https:\/\/www.accuratereviews.com\/it\/wp-json\/wp\/v2\/tags?post=27683"},{"taxonomy":"features","embeddable":true,"href":"https:\/\/www.accuratereviews.com\/it\/wp-json\/wp\/v2\/features?post=27683"}],"curies":[{"name":"wp","href":"https:\/\/api.w.org\/{rel}","templated":true}]}}