{"id":27713,"date":"2020-06-19T11:39:11","date_gmt":"2020-06-19T11:39:11","guid":{"rendered":"https:\/\/www.accuratereviews.com\/?page_id=27713"},"modified":"2021-02-02T17:38:17","modified_gmt":"2021-02-02T17:38:17","slug":"isalus-ehr-recensione","status":"publish","type":"page","link":"https:\/\/www.accuratereviews.com\/it\/gestionali-per-fisioterapia-lista\/isalus-ehr-recensione\/","title":{"rendered":"iSALUS EHR"},"content":{"rendered":"<p><strong>iSalus EHR<\/strong> \u00e8 un <strong>software di cartelle cliniche<\/strong> <strong>elettroniche<\/strong> progettato per cliniche, organizzazioni sanitarie e studi di tutte le dimensioni. La soluzione \u00e8 intuitiva, flessibile e personalizzabile; <strong>iSalus EHR<\/strong> automatizza il flusso di lavoro dei medici e del loro personale, consentendo ai primi di trascorrere pi\u00f9 tempo con i loro pazienti. Il programma\u00a0offre funzionalit\u00e0 chiave che includono prescrizione elettronica, ordini e laboratori, uso significativo e flussi di lavoro automatizzati. Inoltre consente ai medici e ai fornitori di condividere automaticamente le cartelle dei pazienti con altre cliniche, istituti scolastici e sanitari. Saranno anche in grado di scambiare rapporti clinici con altri ospedali. La revisione dei farmaci e dei problemi del paziente, il monitoraggio delle immunizzazioni e l&#8217;analisi dei parametri vitali possono anche essere eseguiti comodamente tramite il software.<\/p>\n<h2>iSALUS EHR &#8211; TUTORIAL<\/h2>\n<p>Questa breve clip evidenzia la funzionalit\u00e0 per i pazienti di effettuare un pagamento online direttamente attraverso il portale di questo <strong>software gestionale per fisioterapia<\/strong>:<\/p>\n<div id=\"fluid-wrapper-counter-1\" class=\"g1-fluid-wrapper \" style=\"width:686px;\">\n<div style=\"padding-bottom:56.268221574344%;\"><iframe loading=\"lazy\" title=\"Patient Portal Credit Card Payments\" width=\"686\" height=\"386\" src=\"https:\/\/www.youtube.com\/embed\/APiZBO7X1JE?feature=oembed&amp;wmode=transparent&amp;autohide=1&amp;autoplay=0&amp;disablekb=0&amp;fs=1&amp;loop=0&amp;enablejsapi=1&amp;rel=0&amp;controls=2&amp;showinfo=0&amp;wmode=transparent&amp;autohide=2&amp;autoplay=0&amp;disablekb=0&amp;fs=1&amp;loop=0&amp;enablejsapi=1&amp;rel=0&amp;controls=2&amp;showinfo=1\" frameborder=\"0\" allow=\"accelerometer; autoplay; clipboard-write; encrypted-media; gyroscope; picture-in-picture\" allowfullscreen><\/iframe><\/div>\n<\/div>\n<h3>iSALUS EHR &#8211; CARATTERISTICHE<\/h3>\n<ul>\n<li>Promemoria appuntamenti: migliora i tassi di presenza dei pazienti inviando email, messaggi di testo e promemoria di appuntamento per chiamate ai pazienti<\/li>\n<li>Software di fatturazione: il sistema di fatturazione \u00e8 integrato con oltre 2.500 pagatori in tutto il paese. Questo ti assicura di essere pagato rapidamente<\/li>\n<li>Gestione delle cure: aumenta i livelli di coinvolgimento dei pazienti e offrendo una migliore assistenza ai pazienti<\/li>\n<li>Fax elettronico: passa a una piattaforma di fax elettronica integrata che ti consente di inviare e ricevere fax direttamente utilizzando il tuo EMR. Dichiarazioni elettroniche: le dichiarazioni elettroniche offrono la possibilit\u00e0 di stampare, riempire e spedire automaticamente le dichiarazioni con un clic di un pulsante<\/li>\n<li>Rapporti MIPS: Rapporti MIPS per aiutarti ad avere successo e il nuovo programma di pagamento di qualit\u00e0. Evita le penalit\u00e0 e posiziona la tua pratica per incentivi bonus<\/li>\n<li>Ammissibilit\u00e0 in lotti: l&#8217;ammissibilit\u00e0 in lotti consente alla pratica di eseguire controlli di ammissibilit\u00e0 in blocco sulle esigenze definite dalla pratica per massimizzare l&#8217;efficienza del personale<\/li>\n<\/ul>\n<h4>LE RECENSIONI DEGLI UTENTI<\/h4>\n<h4 class=\"font-weight-bold my-1 d-flex align-items-center\">Kathy W.&#8221;Sono un amministratore di ufficio e utilizzo iSalus in ogni aspetto del mio lavoro.&#8221;<\/h4>\n<p><strong>Vantaggi: <\/strong>iSalus sostituisce i libri degli appuntamenti, le ricevute, ecc., facilitando il check-in \/ out dei pazienti, accettando pagamenti, ricevute, ecc.<\/p>\n<p><strong>Inconvenienti: <\/strong>Non sono un fan di alcuni dei cambiamenti che si verificano (senza preavviso) e quando apro iSalus, devo passare attraverso tutta la formazione prima di poter effettuare il check-in dei pazienti. Molti dei cambiamenti sono grandi, ma sembra che quando si verifica un cambiamento, alcuni altri (che funzionavano bene prima) avranno problemi. Es: Impossibile inserire i dati in determinate aree che prima potevo.<\/p>\n<h4 class=\"font-weight-bold my-1 d-flex align-items-center\">Samantha H.&#8221;Prodotto di facile apprendimento&#8221;<\/h4>\n<p><strong>Vantaggi: <\/strong>Il prodotto \u00e8 di facile accesso e passa dallo scheduler all&#8217;EMR. \u00c8 facile trovare quello che stai cercando nell&#8217;EMR (es. &#8211; lettere, prescrizioni, ecc.). La ricerca \u00e8 semplice.<\/p>\n<p><strong>Inconvenienti: <\/strong>Dopo l&#8217;ultimo aggiornamento, non \u00e8 possibile salvare il Paese nella configurazione del paziente. Non \u00e8 possibile chiudere un paziente dopo averlo appena tirato su nell&#8217;EMR. Mi piace chiudere ogni paziente fuori quando ho finito, quindi mi assicuro di non salvare alcuna nota, ecc. Sotto il paziente sbagliato.<\/p>\n<h4 class=\"font-weight-bold my-1 d-flex align-items-center\">Brittany N.&#8221;La transizione \u00e8 stata facile, grazie mille ad Austin !! Era il migliore.&#8221;<\/h4>\n<p><strong>Commenti: <\/strong>La facilit\u00e0 d&#8217;uso.<\/p>\n<p><strong>Vantaggi: <\/strong>L&#8217;intero sistema \u00e8 stato facile da navigare e tutto ci\u00f2 di cui ho bisogno pu\u00f2 essere trovato in un unico posto .. inoltre il supporto tecnico \u00e8 stato cos\u00ec utile nel rispondere a qualsiasi domanda e guidarmi lungo il percorso.<\/p>\n<p><strong>Inconvenienti: <\/strong>All&#8217;inizio non mi piaceva che tu dovessi usare la carta d&#8217;identit\u00e0 per recuperare tutte le informazioni demografiche e assicurative, ma da allora mi sono abituato.<\/p>\n","protected":false},"excerpt":{"rendered":"<p>iSalus EHR \u00e8 un software di cartelle cliniche elettroniche progettato per cliniche, organizzazioni sanitarie e studi di tutte le dimensioni. La soluzione \u00e8 intuitiva, flessibile e personalizzabile; iSalus EHR automatizza il flusso di lavoro dei medici e del loro personale, consentendo ai primi di trascorrere pi\u00f9 tempo con i loro pazienti.<\/p>\n","protected":false},"author":19,"featured_media":27714,"parent":27304,"menu_order":0,"comment_status":"open","ping_status":"closed","template":"g1_template_page_review_new.php","meta":{"_acf_changed":false,"cwp_meta_box_check":"Yes","cwp_rev_product_name":"","cwp_rev_product_image":"","wppr_links":[],"cwp_rev_price":"","wppr_options":[],"wppr_pros":[],"wppr_cons":[],"_monsterinsights_skip_tracking":false,"_monsterinsights_sitenote_active":false,"_monsterinsights_sitenote_note":"","_monsterinsights_sitenote_category":0,"footnotes":""},"categories":[2993],"tags":[3086,3009,3033,2995,3008],"features":[],"class_list":{"0":"post-27713","1":"page","2":"type-page","3":"status-publish","4":"has-post-thumbnail","6":"category-gestionale-per-fisioterapia-categoria","7":"tag-isalus-ehr","8":"tag-piattaforma-gestionale-per-fisioterapie","9":"tag-programma-gestionale-per-fisioterpie","10":"tag-software-gestionale-per-fisioterapie","11":"tag-soluzione-gestionale-per-fisioterapie"},"wppr_data":{"cwp_meta_box_check":"Yes","cwp_rev_product_name":"","cwp_rev_product_image":"","cwp_image_link":"image","cwp_rev_price":"","wppr_rating":"0.00"},"acf":[],"yoast_head":"<!-- This site is optimized with the Yoast SEO plugin v27.4 - https:\/\/yoast.com\/product\/yoast-seo-wordpress\/ -->\n<title>iSalus EHR: recensione gestionale fisioterapie - Accurate Reviews<\/title>\n<meta name=\"description\" content=\"iSalus EHR: recensione software di cartelle cliniche elettroniche progettato per cliniche, organizzazioni sanitarie e studi di tutte le dimensioni.\" \/>\n<meta name=\"robots\" content=\"index, follow, max-snippet:-1, max-image-preview:large, max-video-preview:-1\" \/>\n<link rel=\"canonical\" href=\"https:\/\/www.accuratereviews.com\/it\/gestionali-per-fisioterapia-lista\/isalus-ehr-recensione\/\" \/>\n<meta property=\"og:locale\" content=\"it_IT\" \/>\n<meta property=\"og:type\" content=\"article\" \/>\n<meta property=\"og:title\" content=\"iSalus EHR: recensione gestionale fisioterapie - Accurate Reviews\" \/>\n<meta property=\"og:description\" content=\"iSalus EHR: recensione software di cartelle cliniche elettroniche progettato per cliniche, organizzazioni sanitarie e studi di tutte le dimensioni.\" \/>\n<meta property=\"og:url\" content=\"https:\/\/www.accuratereviews.com\/it\/gestionali-per-fisioterapia-lista\/isalus-ehr-recensione\/\" \/>\n<meta property=\"og:site_name\" content=\"Accurate Reviews\" \/>\n<meta property=\"article:modified_time\" content=\"2021-02-02T17:38:17+00:00\" \/>\n<meta property=\"og:image\" content=\"https:\/\/www.accuratereviews.com\/wp-content\/uploads\/2020\/06\/isalus.jpg\" \/>\n\t<meta property=\"og:image:width\" content=\"1500\" \/>\n\t<meta property=\"og:image:height\" content=\"393\" \/>\n\t<meta property=\"og:image:type\" content=\"image\/jpeg\" \/>\n<meta name=\"twitter:card\" content=\"summary_large_image\" \/>\n<meta name=\"twitter:label1\" content=\"Tempo di lettura stimato\" \/>\n\t<meta name=\"twitter:data1\" content=\"3 minuti\" \/>\n<script type=\"application\/ld+json\" class=\"yoast-schema-graph\">{\"@context\":\"https:\\\/\\\/schema.org\",\"@graph\":[{\"@type\":\"WebPage\",\"@id\":\"https:\\\/\\\/www.accuratereviews.com\\\/it\\\/gestionali-per-fisioterapia-lista\\\/isalus-ehr-recensione\\\/\",\"url\":\"https:\\\/\\\/www.accuratereviews.com\\\/it\\\/gestionali-per-fisioterapia-lista\\\/isalus-ehr-recensione\\\/\",\"name\":\"iSalus EHR: recensione gestionale fisioterapie - Accurate Reviews\",\"isPartOf\":{\"@id\":\"https:\\\/\\\/www.accuratereviews.com\\\/it\\\/#website\"},\"primaryImageOfPage\":{\"@id\":\"https:\\\/\\\/www.accuratereviews.com\\\/it\\\/gestionali-per-fisioterapia-lista\\\/isalus-ehr-recensione\\\/#primaryimage\"},\"image\":{\"@id\":\"https:\\\/\\\/www.accuratereviews.com\\\/it\\\/gestionali-per-fisioterapia-lista\\\/isalus-ehr-recensione\\\/#primaryimage\"},\"thumbnailUrl\":\"https:\\\/\\\/www.accuratereviews.com\\\/wp-content\\\/uploads\\\/2020\\\/06\\\/isalus.jpg\",\"datePublished\":\"2020-06-19T11:39:11+00:00\",\"dateModified\":\"2021-02-02T17:38:17+00:00\",\"description\":\"iSalus EHR: recensione software di cartelle cliniche elettroniche progettato per cliniche, organizzazioni sanitarie e studi di tutte le dimensioni.\",\"breadcrumb\":{\"@id\":\"https:\\\/\\\/www.accuratereviews.com\\\/it\\\/gestionali-per-fisioterapia-lista\\\/isalus-ehr-recensione\\\/#breadcrumb\"},\"inLanguage\":\"it-IT\",\"potentialAction\":[{\"@type\":\"ReadAction\",\"target\":[\"https:\\\/\\\/www.accuratereviews.com\\\/it\\\/gestionali-per-fisioterapia-lista\\\/isalus-ehr-recensione\\\/\"]}]},{\"@type\":\"ImageObject\",\"inLanguage\":\"it-IT\",\"@id\":\"https:\\\/\\\/www.accuratereviews.com\\\/it\\\/gestionali-per-fisioterapia-lista\\\/isalus-ehr-recensione\\\/#primaryimage\",\"url\":\"https:\\\/\\\/www.accuratereviews.com\\\/wp-content\\\/uploads\\\/2020\\\/06\\\/isalus.jpg\",\"contentUrl\":\"https:\\\/\\\/www.accuratereviews.com\\\/wp-content\\\/uploads\\\/2020\\\/06\\\/isalus.jpg\",\"width\":1500,\"height\":393,\"caption\":\"iSalus Healthcare innovates healthcare so that the lives of physicians and their patients are improved.\"},{\"@type\":\"BreadcrumbList\",\"@id\":\"https:\\\/\\\/www.accuratereviews.com\\\/it\\\/gestionali-per-fisioterapia-lista\\\/isalus-ehr-recensione\\\/#breadcrumb\",\"itemListElement\":[{\"@type\":\"ListItem\",\"position\":1,\"name\":\"Home\",\"item\":\"https:\\\/\\\/www.accuratereviews.com\\\/it\\\/\"},{\"@type\":\"ListItem\",\"position\":2,\"name\":\"Gestionali per fisioterapia\",\"item\":\"https:\\\/\\\/www.accuratereviews.com\\\/it\\\/gestionali-per-fisioterapia-lista\\\/\"},{\"@type\":\"ListItem\",\"position\":3,\"name\":\"iSALUS EHR\"}]},{\"@type\":\"WebSite\",\"@id\":\"https:\\\/\\\/www.accuratereviews.com\\\/it\\\/#website\",\"url\":\"https:\\\/\\\/www.accuratereviews.com\\\/it\\\/\",\"name\":\"Accurate Reviews\",\"description\":\"\",\"potentialAction\":[{\"@type\":\"SearchAction\",\"target\":{\"@type\":\"EntryPoint\",\"urlTemplate\":\"https:\\\/\\\/www.accuratereviews.com\\\/it\\\/?s={search_term_string}\"},\"query-input\":{\"@type\":\"PropertyValueSpecification\",\"valueRequired\":true,\"valueName\":\"search_term_string\"}}],\"inLanguage\":\"it-IT\"}]}<\/script>\n<!-- \/ Yoast SEO plugin. -->","yoast_head_json":{"title":"iSalus EHR: recensione gestionale fisioterapie - Accurate Reviews","description":"iSalus EHR: recensione software di cartelle cliniche elettroniche progettato per cliniche, organizzazioni sanitarie e studi di tutte le dimensioni.","robots":{"index":"index","follow":"follow","max-snippet":"max-snippet:-1","max-image-preview":"max-image-preview:large","max-video-preview":"max-video-preview:-1"},"canonical":"https:\/\/www.accuratereviews.com\/it\/gestionali-per-fisioterapia-lista\/isalus-ehr-recensione\/","og_locale":"it_IT","og_type":"article","og_title":"iSalus EHR: recensione gestionale fisioterapie - Accurate Reviews","og_description":"iSalus EHR: recensione software di cartelle cliniche elettroniche progettato per cliniche, organizzazioni sanitarie e studi di tutte le dimensioni.","og_url":"https:\/\/www.accuratereviews.com\/it\/gestionali-per-fisioterapia-lista\/isalus-ehr-recensione\/","og_site_name":"Accurate Reviews","article_modified_time":"2021-02-02T17:38:17+00:00","og_image":[{"width":1500,"height":393,"url":"https:\/\/www.accuratereviews.com\/wp-content\/uploads\/2020\/06\/isalus.jpg","type":"image\/jpeg"}],"twitter_card":"summary_large_image","twitter_misc":{"Tempo di lettura stimato":"3 minuti"},"schema":{"@context":"https:\/\/schema.org","@graph":[{"@type":"WebPage","@id":"https:\/\/www.accuratereviews.com\/it\/gestionali-per-fisioterapia-lista\/isalus-ehr-recensione\/","url":"https:\/\/www.accuratereviews.com\/it\/gestionali-per-fisioterapia-lista\/isalus-ehr-recensione\/","name":"iSalus EHR: recensione gestionale fisioterapie - Accurate Reviews","isPartOf":{"@id":"https:\/\/www.accuratereviews.com\/it\/#website"},"primaryImageOfPage":{"@id":"https:\/\/www.accuratereviews.com\/it\/gestionali-per-fisioterapia-lista\/isalus-ehr-recensione\/#primaryimage"},"image":{"@id":"https:\/\/www.accuratereviews.com\/it\/gestionali-per-fisioterapia-lista\/isalus-ehr-recensione\/#primaryimage"},"thumbnailUrl":"https:\/\/www.accuratereviews.com\/wp-content\/uploads\/2020\/06\/isalus.jpg","datePublished":"2020-06-19T11:39:11+00:00","dateModified":"2021-02-02T17:38:17+00:00","description":"iSalus EHR: recensione software di cartelle cliniche elettroniche progettato per cliniche, organizzazioni sanitarie e studi di tutte le dimensioni.","breadcrumb":{"@id":"https:\/\/www.accuratereviews.com\/it\/gestionali-per-fisioterapia-lista\/isalus-ehr-recensione\/#breadcrumb"},"inLanguage":"it-IT","potentialAction":[{"@type":"ReadAction","target":["https:\/\/www.accuratereviews.com\/it\/gestionali-per-fisioterapia-lista\/isalus-ehr-recensione\/"]}]},{"@type":"ImageObject","inLanguage":"it-IT","@id":"https:\/\/www.accuratereviews.com\/it\/gestionali-per-fisioterapia-lista\/isalus-ehr-recensione\/#primaryimage","url":"https:\/\/www.accuratereviews.com\/wp-content\/uploads\/2020\/06\/isalus.jpg","contentUrl":"https:\/\/www.accuratereviews.com\/wp-content\/uploads\/2020\/06\/isalus.jpg","width":1500,"height":393,"caption":"iSalus Healthcare innovates healthcare so that the lives of physicians and their patients are improved."},{"@type":"BreadcrumbList","@id":"https:\/\/www.accuratereviews.com\/it\/gestionali-per-fisioterapia-lista\/isalus-ehr-recensione\/#breadcrumb","itemListElement":[{"@type":"ListItem","position":1,"name":"Home","item":"https:\/\/www.accuratereviews.com\/it\/"},{"@type":"ListItem","position":2,"name":"Gestionali per fisioterapia","item":"https:\/\/www.accuratereviews.com\/it\/gestionali-per-fisioterapia-lista\/"},{"@type":"ListItem","position":3,"name":"iSALUS EHR"}]},{"@type":"WebSite","@id":"https:\/\/www.accuratereviews.com\/it\/#website","url":"https:\/\/www.accuratereviews.com\/it\/","name":"Accurate Reviews","description":"","potentialAction":[{"@type":"SearchAction","target":{"@type":"EntryPoint","urlTemplate":"https:\/\/www.accuratereviews.com\/it\/?s={search_term_string}"},"query-input":{"@type":"PropertyValueSpecification","valueRequired":true,"valueName":"search_term_string"}}],"inLanguage":"it-IT"}]}},"_links":{"self":[{"href":"https:\/\/www.accuratereviews.com\/it\/wp-json\/wp\/v2\/pages\/27713","targetHints":{"allow":["GET"]}}],"collection":[{"href":"https:\/\/www.accuratereviews.com\/it\/wp-json\/wp\/v2\/pages"}],"about":[{"href":"https:\/\/www.accuratereviews.com\/it\/wp-json\/wp\/v2\/types\/page"}],"author":[{"embeddable":true,"href":"https:\/\/www.accuratereviews.com\/it\/wp-json\/wp\/v2\/users\/19"}],"replies":[{"embeddable":true,"href":"https:\/\/www.accuratereviews.com\/it\/wp-json\/wp\/v2\/comments?post=27713"}],"version-history":[{"count":9,"href":"https:\/\/www.accuratereviews.com\/it\/wp-json\/wp\/v2\/pages\/27713\/revisions"}],"predecessor-version":[{"id":36623,"href":"https:\/\/www.accuratereviews.com\/it\/wp-json\/wp\/v2\/pages\/27713\/revisions\/36623"}],"up":[{"embeddable":true,"href":"https:\/\/www.accuratereviews.com\/it\/wp-json\/wp\/v2\/pages\/27304"}],"wp:featuredmedia":[{"embeddable":true,"href":"https:\/\/www.accuratereviews.com\/it\/wp-json\/wp\/v2\/media\/27714"}],"wp:attachment":[{"href":"https:\/\/www.accuratereviews.com\/it\/wp-json\/wp\/v2\/media?parent=27713"}],"wp:term":[{"taxonomy":"category","embeddable":true,"href":"https:\/\/www.accuratereviews.com\/it\/wp-json\/wp\/v2\/categories?post=27713"},{"taxonomy":"post_tag","embeddable":true,"href":"https:\/\/www.accuratereviews.com\/it\/wp-json\/wp\/v2\/tags?post=27713"},{"taxonomy":"features","embeddable":true,"href":"https:\/\/www.accuratereviews.com\/it\/wp-json\/wp\/v2\/features?post=27713"}],"curies":[{"name":"wp","href":"https:\/\/api.w.org\/{rel}","templated":true}]}}