{"id":27784,"date":"2020-06-22T10:11:40","date_gmt":"2020-06-22T10:11:40","guid":{"rendered":"https:\/\/www.accuratereviews.com\/?page_id=27784"},"modified":"2021-02-02T16:57:13","modified_gmt":"2021-02-02T16:57:13","slug":"foto-recensione","status":"publish","type":"page","link":"https:\/\/www.accuratereviews.com\/it\/gestionali-per-fisioterapia-lista\/foto-recensione\/","title":{"rendered":"Foto"},"content":{"rendered":"<p><strong>Foto<\/strong> \u00e8 un sistema di <strong>gestione per la fisioterapia<\/strong>\u00a0basato su <strong>cloud<\/strong> progettato per gli ospedali e le pratiche nel campo della riabilitazione ambulatoriale. Il software utilizza un test adattativo al computer (CAT) per aiutare i medici a gestire i dati riportati dai pazienti. Sviluppato per rendere la valutazione funzionale un gioco da ragazzi per tutti i pazienti fornendo misure e gestione convenienti. Il software\u00a0\u00e8 un sistema affidabile che utilizza analisi predittive e solidi algoritmi di regolazione del rischio per fornire confronti equi e precisi per i report di riferimento su clienti, pazienti, cliniche e organizzazioni. Le sue misure sono approvate per il Programma di pagamento di qualit\u00e0 Medicare (MIPS) e sono certificate dai National Quality Forum (NQF). Inoltre, <strong>FOTO<\/strong> \u00e8 un <strong>Pay for Performance (P4P)<\/strong> e ha tutte le metriche di cui la tua pratica ha bisogno per programmi di pagamento di qualit\u00e0. In pi\u00f9, il software comunica le informazioni pertinenti al pagatore per facilitare il saldo.<\/p>\n<h2>FOTO &#8211; TUTORIAL<\/h2>\n<p>Guardiamo insieme il video su questo software gestionale per fisioterapia:<\/p>\n<div id=\"fluid-wrapper-counter-1\" class=\"g1-fluid-wrapper \" style=\"width:686px;\">\n<div style=\"padding-bottom:56.268221574344%;\"><iframe loading=\"lazy\" title=\"FOTO Increase Patient Engagement\" width=\"686\" height=\"386\" src=\"https:\/\/www.youtube.com\/embed\/Iv2a1FWa_KE?feature=oembed&amp;wmode=transparent&amp;autohide=1&amp;autoplay=0&amp;disablekb=0&amp;fs=1&amp;loop=0&amp;enablejsapi=1&amp;rel=0&amp;controls=2&amp;showinfo=0&amp;wmode=transparent&amp;autohide=2&amp;autoplay=0&amp;disablekb=0&amp;fs=1&amp;loop=0&amp;enablejsapi=1&amp;rel=0&amp;controls=2&amp;showinfo=1\" frameborder=\"0\" allow=\"accelerometer; autoplay; clipboard-write; encrypted-media; gyroscope; picture-in-picture\" allowfullscreen><\/iframe><\/div>\n<\/div>\n<h3>FOTO &#8211; CARATTERISTICHE<\/h3>\n<ul>\n<li>Raccogli facilmente punteggi di promotori di rete (NPS)<\/li>\n<li>Genera automaticamente rapporti sui risultati per le principali fonti di referral<\/li>\n<li>Scopri gli indicatori chiave delle prestazioni a colpo d&#8217;occhio sul Dashboard NPS<\/li>\n<li>Usa il tuo cellulare per il marketing<\/li>\n<li>Promuovi i tuoi risultati con i widget web e social<\/li>\n<li>Progetta materiali promozionali personalizzati con modelli<\/li>\n<li>Ordina i rapporti sui referral per data, riduzione di valore, risultati e altro.<\/li>\n<li>Includi ci\u00f2 che \u00e8 importante: numero di episodi o visite, cambiamento funzionale, soddisfazione del paziente<\/li>\n<li>Crea un rapporto live online e invialo tramite email direttamente da quella pagina.<\/li>\n<li>Monitora e rispondi in tempo reale<\/li>\n<li>Aumentare il coinvolgimento del paziente<\/li>\n<\/ul>\n<h4>LE RECENSIONI DEGLI UTENTI<\/h4>\n<h4 class=\"font-weight-bold my-1 d-flex align-items-center\">Stefan V.&#8221;Perch\u00e9 uso FOTO&#8221;<\/h4>\n<p><strong>Vantaggi: <\/strong>Come piccola clinica ho bisogno di ogni singolo strumento per commercializzare la mia clinica alla comunit\u00e0 e alle nostre fonti di riferimento. Gli strumenti di marketing di FOTO sono molto utili e sicuramente fanno parte della mia strategia di marketing.<\/p>\n<p><strong>Inconvenienti: <\/strong>I pagatori sempre pi\u00f9 commerciali comunicano di non essere assolutamente interessati alle cure basate sull&#8217;evidenza. Il loro ragionamento \u00e8 mistificante e gran parte del motivo per cui il nostro sistema sanitario \u00e8 in gravi difficolt\u00e0.<br \/>\nFOTO \u00e8 un&#8217;attivit\u00e0 amministrativa aggiuntiva per il personale. Dal momento che non vedono benefici diretti nel senso di un carico di lavoro pi\u00f9 leggero, \u00e8 fondamentale che FOTO sviluppi un sistema sempre pi\u00f9 efficiente.<\/p>\n<h4 class=\"font-weight-bold my-1 d-flex align-items-center\">Trent S.&#8221;Strumento risultato eccellente&#8221;<\/h4>\n<p><strong>Vantaggi: <\/strong>\u00c8 facile da usare, i pazienti possono compilarlo su un tablet, \u00e8 possibile confrontarlo con la media nazionale e utilizzarlo per educare i pazienti sulla prognosi tipica per le loro condizioni. Le domande cambiano in base alla risposta del paziente. Adoro anche che tu possa vedere i tuoi punteggi di efficacia e soddisfazione per medico.<\/p>\n<p><strong>Inconvenienti: <\/strong>In una piccola organizzazione, la raccolta di informazioni pu\u00f2 richiedere molto tempo. \u00c8 meglio fare in modo che il personale amministrativo lavori con i pazienti e i PT dovrebbero leggere e interpretare le informazioni, non amministrare il questionario.<\/p>\n<h4 class=\"font-weight-bold my-1 d-flex align-items-center\">Phil M.&#8221;I risultati sono il futuro e il futuro \u00e8 adesso!&#8221;<\/h4>\n<p><strong>Commenti: <\/strong>I dati FOTO ci consentono di confrontare la qualit\u00e0 dei nostri servizi a livello nazionale ma anche per struttura, singolo clinico, per gruppi diagnostici. Ci consente di identificare obiettivamente esperti, identificare i nostri costi per caso, mercato per medici e pagatori.<\/p>\n<p><strong>Vantaggi: <\/strong>\u00c8 aggiustato per il rischio, contrassegnato da banco e il pi\u00f9 grande database di risultati terapeutici al mondo.<\/p>\n<p><strong>Inconvenienti: <\/strong>\u00c8 una sfida per i disturbi neurologici progressivi.<\/p>\n<p>&nbsp;<\/p>\n","protected":false},"excerpt":{"rendered":"<p>Foto \u00e8 un sistema di gestione per la fisioterapia\u00a0basato su cloud progettato per gli ospedali e le pratiche nel campo della riabilitazione ambulatoriale. Il software utilizza un test adattativo al computer (CAT) per aiutare i medici a gestire i dati riportati dai pazienti. \u00c8 sviluppato per rendere la valutazione funzionale un gioco da ragazzi per tutti i pazienti fornendo misure e gestione convenienti.<\/p>\n","protected":false},"author":19,"featured_media":27786,"parent":27304,"menu_order":0,"comment_status":"open","ping_status":"closed","template":"g1_template_page_review_new.php","meta":{"_acf_changed":false,"cwp_meta_box_check":"Yes","cwp_rev_product_name":"","cwp_rev_product_image":"","wppr_links":[],"cwp_rev_price":"","wppr_options":[],"wppr_pros":[],"wppr_cons":[],"_monsterinsights_skip_tracking":false,"_monsterinsights_sitenote_active":false,"_monsterinsights_sitenote_note":"","_monsterinsights_sitenote_category":0,"footnotes":""},"categories":[2993],"tags":[396,3089,3009,3033,2995,3008],"features":[],"class_list":{"0":"post-27784","1":"page","2":"type-page","3":"status-publish","4":"has-post-thumbnail","6":"category-gestionale-per-fisioterapia-categoria","7":"tag-cloud","8":"tag-foto","9":"tag-piattaforma-gestionale-per-fisioterapie","10":"tag-programma-gestionale-per-fisioterpie","11":"tag-software-gestionale-per-fisioterapie","12":"tag-soluzione-gestionale-per-fisioterapie"},"wppr_data":{"cwp_meta_box_check":"Yes","cwp_rev_product_name":"","cwp_rev_product_image":"","cwp_image_link":"image","cwp_rev_price":"","wppr_rating":"0.00"},"acf":[],"yoast_head":"<!-- This site is optimized with the Yoast SEO plugin v27.4 - https:\/\/yoast.com\/product\/yoast-seo-wordpress\/ -->\n<title>Foto: recensione software gestionale per fisioterapia - Accurate Reviews<\/title>\n<meta name=\"description\" content=\"Foto: recensione sistema di gestione per la fisioterapia\u00a0basato su cloud progettato per gli ospedali e strutture di riabilitazione.\" \/>\n<meta name=\"robots\" content=\"index, follow, max-snippet:-1, max-image-preview:large, max-video-preview:-1\" \/>\n<link rel=\"canonical\" href=\"https:\/\/www.accuratereviews.com\/it\/gestionali-per-fisioterapia-lista\/foto-recensione\/\" \/>\n<meta property=\"og:locale\" content=\"it_IT\" \/>\n<meta property=\"og:type\" content=\"article\" \/>\n<meta property=\"og:title\" content=\"Foto: recensione software gestionale per fisioterapia - Accurate Reviews\" \/>\n<meta property=\"og:description\" content=\"Foto: recensione sistema di gestione per la fisioterapia\u00a0basato su cloud progettato per gli ospedali e strutture di riabilitazione.\" \/>\n<meta property=\"og:url\" content=\"https:\/\/www.accuratereviews.com\/it\/gestionali-per-fisioterapia-lista\/foto-recensione\/\" \/>\n<meta property=\"og:site_name\" content=\"Accurate Reviews\" \/>\n<meta property=\"article:modified_time\" content=\"2021-02-02T16:57:13+00:00\" \/>\n<meta property=\"og:image\" content=\"https:\/\/www.accuratereviews.com\/wp-content\/uploads\/2020\/06\/FOTOlogo-01.jpg\" \/>\n\t<meta property=\"og:image:width\" content=\"1200\" \/>\n\t<meta property=\"og:image:height\" content=\"627\" \/>\n\t<meta property=\"og:image:type\" content=\"image\/jpeg\" \/>\n<meta name=\"twitter:card\" content=\"summary_large_image\" \/>\n<meta name=\"twitter:label1\" content=\"Tempo di lettura stimato\" \/>\n\t<meta name=\"twitter:data1\" content=\"3 minuti\" \/>\n<script type=\"application\/ld+json\" class=\"yoast-schema-graph\">{\"@context\":\"https:\\\/\\\/schema.org\",\"@graph\":[{\"@type\":\"WebPage\",\"@id\":\"https:\\\/\\\/www.accuratereviews.com\\\/it\\\/gestionali-per-fisioterapia-lista\\\/foto-recensione\\\/\",\"url\":\"https:\\\/\\\/www.accuratereviews.com\\\/it\\\/gestionali-per-fisioterapia-lista\\\/foto-recensione\\\/\",\"name\":\"Foto: recensione software gestionale per fisioterapia - Accurate Reviews\",\"isPartOf\":{\"@id\":\"https:\\\/\\\/www.accuratereviews.com\\\/it\\\/#website\"},\"primaryImageOfPage\":{\"@id\":\"https:\\\/\\\/www.accuratereviews.com\\\/it\\\/gestionali-per-fisioterapia-lista\\\/foto-recensione\\\/#primaryimage\"},\"image\":{\"@id\":\"https:\\\/\\\/www.accuratereviews.com\\\/it\\\/gestionali-per-fisioterapia-lista\\\/foto-recensione\\\/#primaryimage\"},\"thumbnailUrl\":\"https:\\\/\\\/www.accuratereviews.com\\\/wp-content\\\/uploads\\\/2020\\\/06\\\/FOTOlogo-01.jpg\",\"datePublished\":\"2020-06-22T10:11:40+00:00\",\"dateModified\":\"2021-02-02T16:57:13+00:00\",\"description\":\"Foto: recensione sistema di gestione per la fisioterapia\u00a0basato su cloud progettato per gli ospedali e strutture di riabilitazione.\",\"breadcrumb\":{\"@id\":\"https:\\\/\\\/www.accuratereviews.com\\\/it\\\/gestionali-per-fisioterapia-lista\\\/foto-recensione\\\/#breadcrumb\"},\"inLanguage\":\"it-IT\",\"potentialAction\":[{\"@type\":\"ReadAction\",\"target\":[\"https:\\\/\\\/www.accuratereviews.com\\\/it\\\/gestionali-per-fisioterapia-lista\\\/foto-recensione\\\/\"]}]},{\"@type\":\"ImageObject\",\"inLanguage\":\"it-IT\",\"@id\":\"https:\\\/\\\/www.accuratereviews.com\\\/it\\\/gestionali-per-fisioterapia-lista\\\/foto-recensione\\\/#primaryimage\",\"url\":\"https:\\\/\\\/www.accuratereviews.com\\\/wp-content\\\/uploads\\\/2020\\\/06\\\/FOTOlogo-01.jpg\",\"contentUrl\":\"https:\\\/\\\/www.accuratereviews.com\\\/wp-content\\\/uploads\\\/2020\\\/06\\\/FOTOlogo-01.jpg\",\"width\":1200,\"height\":627},{\"@type\":\"BreadcrumbList\",\"@id\":\"https:\\\/\\\/www.accuratereviews.com\\\/it\\\/gestionali-per-fisioterapia-lista\\\/foto-recensione\\\/#breadcrumb\",\"itemListElement\":[{\"@type\":\"ListItem\",\"position\":1,\"name\":\"Home\",\"item\":\"https:\\\/\\\/www.accuratereviews.com\\\/it\\\/\"},{\"@type\":\"ListItem\",\"position\":2,\"name\":\"Gestionali per fisioterapia\",\"item\":\"https:\\\/\\\/www.accuratereviews.com\\\/it\\\/gestionali-per-fisioterapia-lista\\\/\"},{\"@type\":\"ListItem\",\"position\":3,\"name\":\"Foto\"}]},{\"@type\":\"WebSite\",\"@id\":\"https:\\\/\\\/www.accuratereviews.com\\\/it\\\/#website\",\"url\":\"https:\\\/\\\/www.accuratereviews.com\\\/it\\\/\",\"name\":\"Accurate Reviews\",\"description\":\"\",\"potentialAction\":[{\"@type\":\"SearchAction\",\"target\":{\"@type\":\"EntryPoint\",\"urlTemplate\":\"https:\\\/\\\/www.accuratereviews.com\\\/it\\\/?s={search_term_string}\"},\"query-input\":{\"@type\":\"PropertyValueSpecification\",\"valueRequired\":true,\"valueName\":\"search_term_string\"}}],\"inLanguage\":\"it-IT\"}]}<\/script>\n<!-- \/ Yoast SEO plugin. -->","yoast_head_json":{"title":"Foto: recensione software gestionale per fisioterapia - Accurate Reviews","description":"Foto: recensione sistema di gestione per la fisioterapia\u00a0basato su cloud progettato per gli ospedali e strutture di riabilitazione.","robots":{"index":"index","follow":"follow","max-snippet":"max-snippet:-1","max-image-preview":"max-image-preview:large","max-video-preview":"max-video-preview:-1"},"canonical":"https:\/\/www.accuratereviews.com\/it\/gestionali-per-fisioterapia-lista\/foto-recensione\/","og_locale":"it_IT","og_type":"article","og_title":"Foto: recensione software gestionale per fisioterapia - Accurate Reviews","og_description":"Foto: recensione sistema di gestione per la fisioterapia\u00a0basato su cloud progettato per gli ospedali e strutture di riabilitazione.","og_url":"https:\/\/www.accuratereviews.com\/it\/gestionali-per-fisioterapia-lista\/foto-recensione\/","og_site_name":"Accurate Reviews","article_modified_time":"2021-02-02T16:57:13+00:00","og_image":[{"width":1200,"height":627,"url":"https:\/\/www.accuratereviews.com\/wp-content\/uploads\/2020\/06\/FOTOlogo-01.jpg","type":"image\/jpeg"}],"twitter_card":"summary_large_image","twitter_misc":{"Tempo di lettura stimato":"3 minuti"},"schema":{"@context":"https:\/\/schema.org","@graph":[{"@type":"WebPage","@id":"https:\/\/www.accuratereviews.com\/it\/gestionali-per-fisioterapia-lista\/foto-recensione\/","url":"https:\/\/www.accuratereviews.com\/it\/gestionali-per-fisioterapia-lista\/foto-recensione\/","name":"Foto: recensione software gestionale per fisioterapia - Accurate Reviews","isPartOf":{"@id":"https:\/\/www.accuratereviews.com\/it\/#website"},"primaryImageOfPage":{"@id":"https:\/\/www.accuratereviews.com\/it\/gestionali-per-fisioterapia-lista\/foto-recensione\/#primaryimage"},"image":{"@id":"https:\/\/www.accuratereviews.com\/it\/gestionali-per-fisioterapia-lista\/foto-recensione\/#primaryimage"},"thumbnailUrl":"https:\/\/www.accuratereviews.com\/wp-content\/uploads\/2020\/06\/FOTOlogo-01.jpg","datePublished":"2020-06-22T10:11:40+00:00","dateModified":"2021-02-02T16:57:13+00:00","description":"Foto: recensione sistema di gestione per la fisioterapia\u00a0basato su cloud progettato per gli ospedali e strutture di riabilitazione.","breadcrumb":{"@id":"https:\/\/www.accuratereviews.com\/it\/gestionali-per-fisioterapia-lista\/foto-recensione\/#breadcrumb"},"inLanguage":"it-IT","potentialAction":[{"@type":"ReadAction","target":["https:\/\/www.accuratereviews.com\/it\/gestionali-per-fisioterapia-lista\/foto-recensione\/"]}]},{"@type":"ImageObject","inLanguage":"it-IT","@id":"https:\/\/www.accuratereviews.com\/it\/gestionali-per-fisioterapia-lista\/foto-recensione\/#primaryimage","url":"https:\/\/www.accuratereviews.com\/wp-content\/uploads\/2020\/06\/FOTOlogo-01.jpg","contentUrl":"https:\/\/www.accuratereviews.com\/wp-content\/uploads\/2020\/06\/FOTOlogo-01.jpg","width":1200,"height":627},{"@type":"BreadcrumbList","@id":"https:\/\/www.accuratereviews.com\/it\/gestionali-per-fisioterapia-lista\/foto-recensione\/#breadcrumb","itemListElement":[{"@type":"ListItem","position":1,"name":"Home","item":"https:\/\/www.accuratereviews.com\/it\/"},{"@type":"ListItem","position":2,"name":"Gestionali per fisioterapia","item":"https:\/\/www.accuratereviews.com\/it\/gestionali-per-fisioterapia-lista\/"},{"@type":"ListItem","position":3,"name":"Foto"}]},{"@type":"WebSite","@id":"https:\/\/www.accuratereviews.com\/it\/#website","url":"https:\/\/www.accuratereviews.com\/it\/","name":"Accurate Reviews","description":"","potentialAction":[{"@type":"SearchAction","target":{"@type":"EntryPoint","urlTemplate":"https:\/\/www.accuratereviews.com\/it\/?s={search_term_string}"},"query-input":{"@type":"PropertyValueSpecification","valueRequired":true,"valueName":"search_term_string"}}],"inLanguage":"it-IT"}]}},"_links":{"self":[{"href":"https:\/\/www.accuratereviews.com\/it\/wp-json\/wp\/v2\/pages\/27784","targetHints":{"allow":["GET"]}}],"collection":[{"href":"https:\/\/www.accuratereviews.com\/it\/wp-json\/wp\/v2\/pages"}],"about":[{"href":"https:\/\/www.accuratereviews.com\/it\/wp-json\/wp\/v2\/types\/page"}],"author":[{"embeddable":true,"href":"https:\/\/www.accuratereviews.com\/it\/wp-json\/wp\/v2\/users\/19"}],"replies":[{"embeddable":true,"href":"https:\/\/www.accuratereviews.com\/it\/wp-json\/wp\/v2\/comments?post=27784"}],"version-history":[{"count":8,"href":"https:\/\/www.accuratereviews.com\/it\/wp-json\/wp\/v2\/pages\/27784\/revisions"}],"predecessor-version":[{"id":36567,"href":"https:\/\/www.accuratereviews.com\/it\/wp-json\/wp\/v2\/pages\/27784\/revisions\/36567"}],"up":[{"embeddable":true,"href":"https:\/\/www.accuratereviews.com\/it\/wp-json\/wp\/v2\/pages\/27304"}],"wp:featuredmedia":[{"embeddable":true,"href":"https:\/\/www.accuratereviews.com\/it\/wp-json\/wp\/v2\/media\/27786"}],"wp:attachment":[{"href":"https:\/\/www.accuratereviews.com\/it\/wp-json\/wp\/v2\/media?parent=27784"}],"wp:term":[{"taxonomy":"category","embeddable":true,"href":"https:\/\/www.accuratereviews.com\/it\/wp-json\/wp\/v2\/categories?post=27784"},{"taxonomy":"post_tag","embeddable":true,"href":"https:\/\/www.accuratereviews.com\/it\/wp-json\/wp\/v2\/tags?post=27784"},{"taxonomy":"features","embeddable":true,"href":"https:\/\/www.accuratereviews.com\/it\/wp-json\/wp\/v2\/features?post=27784"}],"curies":[{"name":"wp","href":"https:\/\/api.w.org\/{rel}","templated":true}]}}