{"id":27804,"date":"2020-06-23T10:27:45","date_gmt":"2020-06-23T10:27:45","guid":{"rendered":"https:\/\/www.accuratereviews.com\/?page_id=27804"},"modified":"2021-02-02T16:51:06","modified_gmt":"2021-02-02T16:51:06","slug":"heno-recensione","status":"publish","type":"page","link":"https:\/\/www.accuratereviews.com\/it\/gestionali-per-fisioterapia-lista\/heno-recensione\/","title":{"rendered":"Heno"},"content":{"rendered":"<p><strong>Heno<\/strong> \u00e8 una <strong>soluzione integrata<\/strong> basata su <strong>cloud<\/strong> adatta per terapie di fisioterapia, riabilitazione e logopedia. Le caratteristiche principali del sistema includono cartelle cliniche elettroniche, software di fatturazione medica e software di pianificazione dei pazienti. I dati centralizzati dei pazienti e i caricamenti di file digitali offrono agli utenti una panoramica completa dei clienti. I dati vengono inseriti, salvati e consultati in modo sicuro da qualsiasi dispositivo. I rapporti finanziari consentono agli utenti di visualizzare dati finanziari, tendenze degli appuntamenti, mancate presentazioni e cancellazioni. Le registrazioni automatizzate di pagamento e i rapporti personalizzati di posta elettronica automatizzata sono inclusi nel software di fatturazione. La pianificazione personalizzabile \u00e8 disponibile per pi\u00f9 strutture, medici e fornitori. L&#8217;integrazione con pi\u00f9 sedi consente agli utenti di accedere ai profili dei pazienti, gestire i check-in, impostare appuntamenti ricorrenti e visualizzare gli elenchi degli appuntamenti giornalieri.<\/p>\n<h2>HENO &#8211; TUTORIAL<\/h2>\n<p>Guardiamo il tutorial per capire come creare report di qualit\u00e0 sfruttando le funzioni di questo software gestionale per fisioterapia:<\/p>\n<div id=\"fluid-wrapper-counter-1\" class=\"g1-fluid-wrapper \" style=\"width:686px;\">\n<div style=\"padding-bottom:56.268221574344%;\"><iframe loading=\"lazy\" title=\"Heno Reports\" width=\"686\" height=\"386\" src=\"https:\/\/www.youtube.com\/embed\/6z_kUmW1Qzc?feature=oembed&amp;wmode=transparent&amp;autohide=1&amp;autoplay=0&amp;disablekb=0&amp;fs=1&amp;loop=0&amp;enablejsapi=1&amp;rel=0&amp;controls=2&amp;showinfo=0&amp;wmode=transparent&amp;autohide=2&amp;autoplay=0&amp;disablekb=0&amp;fs=1&amp;loop=0&amp;enablejsapi=1&amp;rel=0&amp;controls=2&amp;showinfo=1\" frameborder=\"0\" allow=\"accelerometer; autoplay; encrypted-media; gyroscope; picture-in-picture\" allowfullscreen><\/iframe><\/div>\n<\/div>\n<h3>HENO &#8211; CARATTERISTICHE<\/h3>\n<ul>\n<li>Generatore di spazi per appuntamenti<\/li>\n<li>Trova slot per appuntamenti<\/li>\n<li>Check-in online<\/li>\n<li>Calendario personalizzabile<\/li>\n<li>CRM paziente giornaliero \/ elenco di appuntamenti<\/li>\n<li>Dati di pianificazione aggregati automaticamente<\/li>\n<li>Pianifica e gestisci i promemoria degli appuntamenti<\/li>\n<li>Punch card per l&#8217;acquisto virtuale<\/li>\n<li>Visualizza, aggiorna, scarica e iscriviti alle cartelle dei pazienti<\/li>\n<li>Invia e ricevi fax nel sistema<\/li>\n<li>Informazioni su caso, reclamo e politica<\/li>\n<li>Registra la cronologia delle chiamate e le note di follow-up<\/li>\n<li>Imposta promemoria di follow-up interno<\/li>\n<li>Strumento di ricerca diagnosi a ricerca rapida<\/li>\n<li>Accedi alla cronologia dei pagamenti<\/li>\n<li>Imposta promemoria di appuntamenti<\/li>\n<li>Clearinghouse integrato di terapia fisica<\/li>\n<li>Registrazione automatica dei pagamenti ERA<\/li>\n<li>Reporting personalizzato e motore di analisi<\/li>\n<li>Monitora le mancate presentazioni e le cancellazioni in tutte le localit\u00e0<\/li>\n<li>Rapporti di ammissibilit\u00e0 dell&#8217;assicurazione PT<\/li>\n<li>Monitoraggio e promemoria delle autorizzazioni precedenti<\/li>\n<li>Rapporto di conformit\u00e0 GPRO<\/li>\n<li>Registro dettagliato di rimborso e pagamento<\/li>\n<li>Invia reclami per lavoratori elettronici e reclami automatici<\/li>\n<li>Promemoria per creare e completare la documentazione<\/li>\n<li>Registro attivit\u00e0 di marketing personalizzabile<\/li>\n<li>Imposta azioni di follow-up e promemoria<\/li>\n<li>Traccia i referral e le offerte in corso<\/li>\n<li>Visualizza le azioni di marketing pianificate e le esplosioni di fax<\/li>\n<li>Dettagli potenziali lead, aziende e medici<\/li>\n<li>Crea e salva elenchi fax-blast<\/li>\n<li>Tieni traccia dei progressi di marketing del tuo team<\/li>\n<\/ul>\n<h4>LE RECENSIONI DEGLI UTENTI<\/h4>\n<h4 class=\"font-weight-bold my-1 d-flex align-items-center\">Katie S.&#8221;L&#8217;UNICO VERO software all-in-one per l&#8217;industria PT \/ OT \/ ST&#8221;<\/h4>\n<p><strong>Commenti: <\/strong>Guarda una demo e guarda tu stesso.<\/p>\n<p><strong>Vantaggi: <\/strong>1 accesso per tutto ci\u00f2 di cui hai bisogno per accedere alla tua attivit\u00e0, facilit\u00e0 d&#8217;uso e un migliore utilizzo complessivo dei dipendenti e meno spazio per problemi di immissione dei dati, ecc. Costruito su una piattaforma che supera di gran lunga la concorrenza &#8211; niente ore \/ giorni di blackout &#8230; come molti hanno recentemente sperimentato con WebPT e Clinicient. L&#8217;intero flusso del sistema ha senso ed \u00e8 facile e completo per tutti i membri dello staff.\u00a0Incredibile supporto clienti se rimani bloccato &#8230; disponibile facilmente tramite email, telefono o hanno anche molte risorse per capirlo da solo se sei quel tipo di persona.<\/p>\n<p><strong>Inconvenienti: <\/strong>Passare a un nuovo software presenta sempre una curva di apprendimento, ma il team di supporto ti tiene la mano per tutto il tempo fino a quando tu e il tuo team non siete completamente a vostro agio.<\/p>\n<h4 class=\"font-weight-bold my-1 d-flex align-items-center\">Melissa L.&#8221;Esercitati a cambiare&#8221;<\/h4>\n<p><strong>Commenti: <\/strong>L&#8217;esperienza complessiva di OptimaLivings con HENO \u00e8 stata SODDISFATTA! Ti seguiranno in ogni modo da terminare la tua pratica a correre il pi\u00f9 agevolmente possibile. Forniscono persino riunioni di routine per esaminare statistiche e domande e assicurarsi che la clinica stia raggiungendo il suo massimo potenziale.<\/p>\n<p><strong>Vantaggi: <\/strong>HENO offre incredibili capacit\u00e0 di pianificazione, report di dati informativi su qualsiasi cosa tu possa pensare, fatturazione rapida ed efficiente e assistenza clienti straordinaria per qualsiasi domanda tu possa incontrare.<\/p>\n<p><strong>Inconvenienti: <\/strong>No contro. Stanno sempre migliorando i loro sistemi e facendo aggiornamenti per risolvere eventuali problemi che potrebbero sorgere<\/p>\n<h4 class=\"font-weight-bold my-1 d-flex align-items-center\">Eun jung D.\u00a0&#8220;Ottimo nuovo prodotto&#8221;<\/h4>\n<p><strong>Vantaggi: <\/strong>Siamo stati con Heno per un paio d&#8217;anni e siamo stati in grado di crescere man mano che Heno \u00e8 cresciuto. Abbiamo un ottimo rapporto con il core team, stiamo ottenendo analisi migliori rispetto a prima con il nostro EHR precedente e ci piace molto la fatturazione integrata. Il team di Heno \u00e8 costantemente al lavoro per creare una piattaforma migliore ricevendo il nostro feedback, di cui siamo grati.<\/p>\n<p><strong>Inconvenienti: <\/strong>UX potrebbe essere migliorato e viene migliorato in ogni momento. Ma la funzionalit\u00e0 \u00e8 tutto l\u00ec e ci aiuta a valutare i nostri KPI su base giornaliera.<\/p>\n","protected":false},"excerpt":{"rendered":"<p>Heno \u00e8 una soluzione integrata basata su cloud adatta per terapie di fisioterapia \/ riabilitazione e logopedia di tutte le dimensioni. Le caratteristiche principali del sistema includono cartelle cliniche elettroniche, software di fatturazione medica e software di pianificazione dei pazienti.\u00a0I dati centralizzati dei pazienti e i caricamenti di file digitali offrono agli utenti una panoramica completa dei clienti.<\/p>\n","protected":false},"author":19,"featured_media":27806,"parent":27304,"menu_order":0,"comment_status":"open","ping_status":"closed","template":"g1_template_page_review_new.php","meta":{"_acf_changed":false,"cwp_meta_box_check":"Yes","cwp_rev_product_name":"","cwp_rev_product_image":"","wppr_links":[],"cwp_rev_price":"","wppr_options":[],"wppr_pros":[],"wppr_cons":[],"_monsterinsights_skip_tracking":false,"_monsterinsights_sitenote_active":false,"_monsterinsights_sitenote_note":"","_monsterinsights_sitenote_category":0,"footnotes":""},"categories":[2993],"tags":[396,3091,3009,3033,2995,3008],"features":[],"class_list":{"0":"post-27804","1":"page","2":"type-page","3":"status-publish","4":"has-post-thumbnail","6":"category-gestionale-per-fisioterapia-categoria","7":"tag-cloud","8":"tag-heno","9":"tag-piattaforma-gestionale-per-fisioterapie","10":"tag-programma-gestionale-per-fisioterpie","11":"tag-software-gestionale-per-fisioterapie","12":"tag-soluzione-gestionale-per-fisioterapie"},"wppr_data":{"cwp_meta_box_check":"Yes","cwp_rev_product_name":"","cwp_rev_product_image":"","cwp_image_link":"image","cwp_rev_price":"","wppr_rating":"0.00"},"acf":[],"yoast_head":"<!-- This site is optimized with the Yoast SEO plugin v27.4 - https:\/\/yoast.com\/product\/yoast-seo-wordpress\/ -->\n<title>Heno: recenisone software gestionale per fisioterapie - Accurate Reviews<\/title>\n<meta name=\"description\" content=\"Heno: recensione soluzione integrata basata su cloud adatta per terapie di fisioterapia \/ riabilitazione e logopedia di tutte le dimensioni.\" \/>\n<meta name=\"robots\" content=\"index, follow, max-snippet:-1, max-image-preview:large, max-video-preview:-1\" \/>\n<link rel=\"canonical\" href=\"https:\/\/www.accuratereviews.com\/it\/gestionali-per-fisioterapia-lista\/heno-recensione\/\" \/>\n<meta property=\"og:locale\" content=\"it_IT\" \/>\n<meta property=\"og:type\" content=\"article\" \/>\n<meta property=\"og:title\" content=\"Heno: recenisone software gestionale per fisioterapie - Accurate Reviews\" \/>\n<meta property=\"og:description\" content=\"Heno: recensione soluzione integrata basata su cloud adatta per terapie di fisioterapia \/ riabilitazione e logopedia di tutte le dimensioni.\" \/>\n<meta property=\"og:url\" content=\"https:\/\/www.accuratereviews.com\/it\/gestionali-per-fisioterapia-lista\/heno-recensione\/\" \/>\n<meta property=\"og:site_name\" content=\"Accurate Reviews\" \/>\n<meta property=\"article:modified_time\" content=\"2021-02-02T16:51:06+00:00\" \/>\n<meta property=\"og:image\" content=\"https:\/\/www.accuratereviews.com\/wp-content\/uploads\/2020\/06\/Heno.png\" \/>\n\t<meta property=\"og:image:width\" content=\"200\" \/>\n\t<meta property=\"og:image:height\" content=\"200\" \/>\n\t<meta property=\"og:image:type\" content=\"image\/png\" \/>\n<meta name=\"twitter:card\" content=\"summary_large_image\" \/>\n<meta name=\"twitter:label1\" content=\"Tempo di lettura stimato\" \/>\n\t<meta name=\"twitter:data1\" content=\"4 minuti\" \/>\n<script type=\"application\/ld+json\" class=\"yoast-schema-graph\">{\"@context\":\"https:\\\/\\\/schema.org\",\"@graph\":[{\"@type\":\"WebPage\",\"@id\":\"https:\\\/\\\/www.accuratereviews.com\\\/it\\\/gestionali-per-fisioterapia-lista\\\/heno-recensione\\\/\",\"url\":\"https:\\\/\\\/www.accuratereviews.com\\\/it\\\/gestionali-per-fisioterapia-lista\\\/heno-recensione\\\/\",\"name\":\"Heno: recenisone software gestionale per fisioterapie - Accurate Reviews\",\"isPartOf\":{\"@id\":\"https:\\\/\\\/www.accuratereviews.com\\\/it\\\/#website\"},\"primaryImageOfPage\":{\"@id\":\"https:\\\/\\\/www.accuratereviews.com\\\/it\\\/gestionali-per-fisioterapia-lista\\\/heno-recensione\\\/#primaryimage\"},\"image\":{\"@id\":\"https:\\\/\\\/www.accuratereviews.com\\\/it\\\/gestionali-per-fisioterapia-lista\\\/heno-recensione\\\/#primaryimage\"},\"thumbnailUrl\":\"https:\\\/\\\/www.accuratereviews.com\\\/wp-content\\\/uploads\\\/2020\\\/06\\\/Heno.png\",\"datePublished\":\"2020-06-23T10:27:45+00:00\",\"dateModified\":\"2021-02-02T16:51:06+00:00\",\"description\":\"Heno: recensione soluzione integrata basata su cloud adatta per terapie di fisioterapia \\\/ riabilitazione e logopedia di tutte le dimensioni.\",\"breadcrumb\":{\"@id\":\"https:\\\/\\\/www.accuratereviews.com\\\/it\\\/gestionali-per-fisioterapia-lista\\\/heno-recensione\\\/#breadcrumb\"},\"inLanguage\":\"it-IT\",\"potentialAction\":[{\"@type\":\"ReadAction\",\"target\":[\"https:\\\/\\\/www.accuratereviews.com\\\/it\\\/gestionali-per-fisioterapia-lista\\\/heno-recensione\\\/\"]}]},{\"@type\":\"ImageObject\",\"inLanguage\":\"it-IT\",\"@id\":\"https:\\\/\\\/www.accuratereviews.com\\\/it\\\/gestionali-per-fisioterapia-lista\\\/heno-recensione\\\/#primaryimage\",\"url\":\"https:\\\/\\\/www.accuratereviews.com\\\/wp-content\\\/uploads\\\/2020\\\/06\\\/Heno.png\",\"contentUrl\":\"https:\\\/\\\/www.accuratereviews.com\\\/wp-content\\\/uploads\\\/2020\\\/06\\\/Heno.png\",\"width\":200,\"height\":200},{\"@type\":\"BreadcrumbList\",\"@id\":\"https:\\\/\\\/www.accuratereviews.com\\\/it\\\/gestionali-per-fisioterapia-lista\\\/heno-recensione\\\/#breadcrumb\",\"itemListElement\":[{\"@type\":\"ListItem\",\"position\":1,\"name\":\"Home\",\"item\":\"https:\\\/\\\/www.accuratereviews.com\\\/it\\\/\"},{\"@type\":\"ListItem\",\"position\":2,\"name\":\"Gestionali per fisioterapia\",\"item\":\"https:\\\/\\\/www.accuratereviews.com\\\/it\\\/gestionali-per-fisioterapia-lista\\\/\"},{\"@type\":\"ListItem\",\"position\":3,\"name\":\"Heno\"}]},{\"@type\":\"WebSite\",\"@id\":\"https:\\\/\\\/www.accuratereviews.com\\\/it\\\/#website\",\"url\":\"https:\\\/\\\/www.accuratereviews.com\\\/it\\\/\",\"name\":\"Accurate Reviews\",\"description\":\"\",\"potentialAction\":[{\"@type\":\"SearchAction\",\"target\":{\"@type\":\"EntryPoint\",\"urlTemplate\":\"https:\\\/\\\/www.accuratereviews.com\\\/it\\\/?s={search_term_string}\"},\"query-input\":{\"@type\":\"PropertyValueSpecification\",\"valueRequired\":true,\"valueName\":\"search_term_string\"}}],\"inLanguage\":\"it-IT\"}]}<\/script>\n<!-- \/ Yoast SEO plugin. -->","yoast_head_json":{"title":"Heno: recenisone software gestionale per fisioterapie - Accurate Reviews","description":"Heno: recensione soluzione integrata basata su cloud adatta per terapie di fisioterapia \/ riabilitazione e logopedia di tutte le dimensioni.","robots":{"index":"index","follow":"follow","max-snippet":"max-snippet:-1","max-image-preview":"max-image-preview:large","max-video-preview":"max-video-preview:-1"},"canonical":"https:\/\/www.accuratereviews.com\/it\/gestionali-per-fisioterapia-lista\/heno-recensione\/","og_locale":"it_IT","og_type":"article","og_title":"Heno: recenisone software gestionale per fisioterapie - Accurate Reviews","og_description":"Heno: recensione soluzione integrata basata su cloud adatta per terapie di fisioterapia \/ riabilitazione e logopedia di tutte le dimensioni.","og_url":"https:\/\/www.accuratereviews.com\/it\/gestionali-per-fisioterapia-lista\/heno-recensione\/","og_site_name":"Accurate Reviews","article_modified_time":"2021-02-02T16:51:06+00:00","og_image":[{"width":200,"height":200,"url":"https:\/\/www.accuratereviews.com\/wp-content\/uploads\/2020\/06\/Heno.png","type":"image\/png"}],"twitter_card":"summary_large_image","twitter_misc":{"Tempo di lettura stimato":"4 minuti"},"schema":{"@context":"https:\/\/schema.org","@graph":[{"@type":"WebPage","@id":"https:\/\/www.accuratereviews.com\/it\/gestionali-per-fisioterapia-lista\/heno-recensione\/","url":"https:\/\/www.accuratereviews.com\/it\/gestionali-per-fisioterapia-lista\/heno-recensione\/","name":"Heno: recenisone software gestionale per fisioterapie - Accurate Reviews","isPartOf":{"@id":"https:\/\/www.accuratereviews.com\/it\/#website"},"primaryImageOfPage":{"@id":"https:\/\/www.accuratereviews.com\/it\/gestionali-per-fisioterapia-lista\/heno-recensione\/#primaryimage"},"image":{"@id":"https:\/\/www.accuratereviews.com\/it\/gestionali-per-fisioterapia-lista\/heno-recensione\/#primaryimage"},"thumbnailUrl":"https:\/\/www.accuratereviews.com\/wp-content\/uploads\/2020\/06\/Heno.png","datePublished":"2020-06-23T10:27:45+00:00","dateModified":"2021-02-02T16:51:06+00:00","description":"Heno: recensione soluzione integrata basata su cloud adatta per terapie di fisioterapia \/ riabilitazione e logopedia di tutte le dimensioni.","breadcrumb":{"@id":"https:\/\/www.accuratereviews.com\/it\/gestionali-per-fisioterapia-lista\/heno-recensione\/#breadcrumb"},"inLanguage":"it-IT","potentialAction":[{"@type":"ReadAction","target":["https:\/\/www.accuratereviews.com\/it\/gestionali-per-fisioterapia-lista\/heno-recensione\/"]}]},{"@type":"ImageObject","inLanguage":"it-IT","@id":"https:\/\/www.accuratereviews.com\/it\/gestionali-per-fisioterapia-lista\/heno-recensione\/#primaryimage","url":"https:\/\/www.accuratereviews.com\/wp-content\/uploads\/2020\/06\/Heno.png","contentUrl":"https:\/\/www.accuratereviews.com\/wp-content\/uploads\/2020\/06\/Heno.png","width":200,"height":200},{"@type":"BreadcrumbList","@id":"https:\/\/www.accuratereviews.com\/it\/gestionali-per-fisioterapia-lista\/heno-recensione\/#breadcrumb","itemListElement":[{"@type":"ListItem","position":1,"name":"Home","item":"https:\/\/www.accuratereviews.com\/it\/"},{"@type":"ListItem","position":2,"name":"Gestionali per fisioterapia","item":"https:\/\/www.accuratereviews.com\/it\/gestionali-per-fisioterapia-lista\/"},{"@type":"ListItem","position":3,"name":"Heno"}]},{"@type":"WebSite","@id":"https:\/\/www.accuratereviews.com\/it\/#website","url":"https:\/\/www.accuratereviews.com\/it\/","name":"Accurate Reviews","description":"","potentialAction":[{"@type":"SearchAction","target":{"@type":"EntryPoint","urlTemplate":"https:\/\/www.accuratereviews.com\/it\/?s={search_term_string}"},"query-input":{"@type":"PropertyValueSpecification","valueRequired":true,"valueName":"search_term_string"}}],"inLanguage":"it-IT"}]}},"_links":{"self":[{"href":"https:\/\/www.accuratereviews.com\/it\/wp-json\/wp\/v2\/pages\/27804","targetHints":{"allow":["GET"]}}],"collection":[{"href":"https:\/\/www.accuratereviews.com\/it\/wp-json\/wp\/v2\/pages"}],"about":[{"href":"https:\/\/www.accuratereviews.com\/it\/wp-json\/wp\/v2\/types\/page"}],"author":[{"embeddable":true,"href":"https:\/\/www.accuratereviews.com\/it\/wp-json\/wp\/v2\/users\/19"}],"replies":[{"embeddable":true,"href":"https:\/\/www.accuratereviews.com\/it\/wp-json\/wp\/v2\/comments?post=27804"}],"version-history":[{"count":10,"href":"https:\/\/www.accuratereviews.com\/it\/wp-json\/wp\/v2\/pages\/27804\/revisions"}],"predecessor-version":[{"id":36561,"href":"https:\/\/www.accuratereviews.com\/it\/wp-json\/wp\/v2\/pages\/27804\/revisions\/36561"}],"up":[{"embeddable":true,"href":"https:\/\/www.accuratereviews.com\/it\/wp-json\/wp\/v2\/pages\/27304"}],"wp:featuredmedia":[{"embeddable":true,"href":"https:\/\/www.accuratereviews.com\/it\/wp-json\/wp\/v2\/media\/27806"}],"wp:attachment":[{"href":"https:\/\/www.accuratereviews.com\/it\/wp-json\/wp\/v2\/media?parent=27804"}],"wp:term":[{"taxonomy":"category","embeddable":true,"href":"https:\/\/www.accuratereviews.com\/it\/wp-json\/wp\/v2\/categories?post=27804"},{"taxonomy":"post_tag","embeddable":true,"href":"https:\/\/www.accuratereviews.com\/it\/wp-json\/wp\/v2\/tags?post=27804"},{"taxonomy":"features","embeddable":true,"href":"https:\/\/www.accuratereviews.com\/it\/wp-json\/wp\/v2\/features?post=27804"}],"curies":[{"name":"wp","href":"https:\/\/api.w.org\/{rel}","templated":true}]}}