{"id":27813,"date":"2020-06-23T10:30:03","date_gmt":"2020-06-23T10:30:03","guid":{"rendered":"https:\/\/www.accuratereviews.com\/?page_id=27813"},"modified":"2021-02-02T17:06:54","modified_gmt":"2021-02-02T17:06:54","slug":"theraoffice-recensione","status":"publish","type":"page","link":"https:\/\/www.accuratereviews.com\/it\/gestionali-per-fisioterapia-lista\/theraoffice-recensione\/","title":{"rendered":"TheraOffice"},"content":{"rendered":"<p><strong>TheraOffice<\/strong> \u00e8 una <strong>soluzione di gestione pratica<\/strong> specificamente progettata per la terapia fisica e le pratiche di riabilitazione. L&#8217;applicazione <strong>Single Sign-On<\/strong> completamente integrata include funzionalit\u00e0 di pianificazione, documentazione, contabilit\u00e0 e reportistica ed \u00e8 adatta per pratiche di varie specialit\u00e0 e dimensioni.\u00a0Il sistema di documentazione consente agli utenti di personalizzare ogni singola sezione ottenendo modelli personalizzati per ciascun terapeuta. Ci\u00f2 si correla direttamente con il potenziale per completare le note giornaliere in 1-2 minuti e le valutazioni iniziali in 5-7 minuti.<strong>\u00a0TheraOffice<\/strong> supporta la messaggistica conforme a HL7 e altre tecnologie per consentire l&#8217;interoperabilit\u00e0 tra i sistemi sanitari. Gli utenti possono trasmettere in modo sicuro i dati dalla soluzione a piattaforme aziendali o ospedaliere come i sistemi di fatturazione e i sistemi di grandi aziende.<\/p>\n<h2>THERAOFFICE &#8211; TUTORIAL<\/h2>\n<p>Ecco un tutorial in cui vediamo come organizzare le note su questo software gestionale in 1 minuto:<\/p>\n<div id=\"fluid-wrapper-counter-1\" class=\"g1-fluid-wrapper \" style=\"width:686px;\">\n<div style=\"padding-bottom:56.268221574344%;\"><iframe loading=\"lazy\" title=\"Daily Note in Under 1 Minute\" width=\"686\" height=\"386\" src=\"https:\/\/www.youtube.com\/embed\/G3uvJy_vap0?feature=oembed&amp;wmode=transparent&amp;autohide=1&amp;autoplay=0&amp;disablekb=0&amp;fs=1&amp;loop=0&amp;enablejsapi=1&amp;rel=0&amp;controls=2&amp;showinfo=0&amp;wmode=transparent&amp;autohide=2&amp;autoplay=0&amp;disablekb=0&amp;fs=1&amp;loop=0&amp;enablejsapi=1&amp;rel=0&amp;controls=2&amp;showinfo=1\" frameborder=\"0\" allow=\"accelerometer; autoplay; clipboard-write; encrypted-media; gyroscope; picture-in-picture\" allowfullscreen><\/iframe><\/div>\n<\/div>\n<h3>THERAOFFICE &#8211; CARATTERISTICHE<\/h3>\n<ul>\n<li><strong>Cloud o sul posto<\/strong>: consente molteplici scelte di implementazione. \u00c8 un vero software basato sul web, mentre la versione on-site \u00e8 pensata per coloro che dispongono dell&#8217;infrastruttura per ospitare i propri dati<\/li>\n<li><strong>Crescita sincronizzata<\/strong>: qualunque sia la tua aspirazione a lungo termine per la tua azienda, la soluzione pu\u00f2 gestire la crescita<\/li>\n<li><strong>Assistenza Medicare<\/strong>: in un settore della riabilitazione in continua evoluzione, possiamo aiutarti a rimanere conforme al 100%<\/li>\n<li><strong>Velocit\u00e0 ed efficienza<\/strong>: documentazione rapida, completa e difendibile \u00e8 la chiave del successo clinico. Avvisi e promemoria aiutano costantemente a dare una spinta al personale per evitare costosi errori che portano alla perdita di entrate<\/li>\n<li><strong>Interoperabilit\u00e0 flessibile<\/strong>: l&#8217;assistenza centrata sul paziente richiede ai fornitori di comunicare in modo efficiente ed efficace. La compatibilit\u00e0 HL7 consente infinite possibilit\u00e0 di interfacciarsi con ospedali e clienti aziendali<\/li>\n<li><strong>Ciclo di gestione delle entrate<\/strong>: mantenere un flusso di cassa positivo, riducendo al contempo gli errori di fatturazione e i tempi di pagamento, \u00e8 essenziale per esercitare il successo<\/li>\n<\/ul>\n<h4>LE RECENSIONI DEGLI UTENTI<\/h4>\n<h4 class=\"font-weight-bold my-1 d-flex align-items-center\">Lauren A.&#8221;Buon EMR tutto in uno&#8221;<\/h4>\n<p><strong>Vantaggi: <\/strong>TheraOffice \u00e8 un buon EMR all-in-one, in cui possiamo programmare, documentare e fatturare da un modulo. Dopo aver provato molti EMR, mi sono reso conto che questa \u00e8 in realt\u00e0 una combinazione rara. La documentazione consente di inserire frasi comuni in un menu a discesa, in modo che sia possibile puntare e fare clic. BCBS ha tirato i nostri appunti per la revisione e ha detto che erano alcuni dei migliori documentati che avessero visto.<\/p>\n<p><strong>Inconvenienti: <\/strong>Ci sono MOLTE stranezze. Una volta che li capisci, diventano una seconda natura e non sono generalmente un problema, ma devi capire che all&#8217;inizio potrebbe essere frustrante. Ad esempio, TheraOffice consente controlli di addebito, ma non li controlla automaticamente, quindi devi essere sicuro di fare clic sul pulsante su ogni reclamo. Inoltre, TheraOffice recentemente \u00e8 passato a un modulo e non posso dire di essere un grande fan. Se sto entrando in un SER che costa $ 8.000 e il telefono squilla ed \u00e8 un paziente che chiede quando \u00e8 il loro prossimo appuntamento, devo chiudere il SER e ricominciare pi\u00f9 tardi, non c&#8217;\u00e8 &#8220;salvataggio&#8221;.<\/p>\n<h4 class=\"font-weight-bold my-1 d-flex align-items-center\">Susan B.&#8221;TheraOffice \u00e8 il solido fondamento della nostra pratica.&#8221;<\/h4>\n<p><strong>Commenti: <\/strong>Mantiene gestibile la contabilit\u00e0 clienti. La documentazione \u00e8 semplicissima soprattutto quando si utilizzano modelli personalizzati. In realt\u00e0 ho imparato alcune cose sulle pratiche terapeutiche di cui non ero a conoscenza in passato. Ancora pi\u00f9 importante, esegue gli altri tre programmi che abbiamo usato in passato.<\/p>\n<p><strong>Vantaggi: <\/strong>Ascolta i suggerimenti con nuove implementazioni ogni trimestre. L&#8217;assistenza clienti \u00e8 sempre cordiale, competente ed efficiente. L&#8217;attivit\u00e0 orientata al cliente pi\u00f9 positiva che abbia mai conosciuto.<\/p>\n<p><strong>Inconvenienti: <\/strong>Il manuale dell&#8217;utente deve essere pi\u00f9 aggiornato e includere effettivamente tutti gli aspetti del software e del suo utilizzo.<\/p>\n<h4 class=\"font-weight-bold my-1 d-flex align-items-center\">Carol S.&#8221;Favoloso. Theraoffice mi ha davvero aiutato a gestire la mia attivit\u00e0 in modo pi\u00f9 efficiente.&#8221;<\/h4>\n<p><strong>Commenti: <\/strong>Il reporting aziendale \u00e8 semplice.\u00a0La formazione che l&#8217;azienda offre non \u00e8 solo prontamente disponibile, ma ogni persona che risponde al telefono \u00e8 paziente, competente ed entusiasta.<\/p>\n<p><strong>Vantaggi: <\/strong>Quello che mi piace di pi\u00f9 del software sono proprio le persone che lo supportano. Sono sempre prontamente disponibili, competenti e cos\u00ec pazienti!<\/p>\n<p><strong>Inconvenienti: <\/strong>\u00c8 difficile trovare i report utili per gestire il business. Trovo i loro nomi molto complessi e non facili da ricordare.<\/p>\n","protected":false},"excerpt":{"rendered":"<p>TheraOffice \u00e8 una soluzione di gestione pratica specificamente progettata per la terapia fisica e le pratiche di riabilitazione. L&#8217;applicazione Single Sign-On completamente integrata include funzionalit\u00e0 di pianificazione, documentazione, contabilit\u00e0 e reportistica ed \u00e8 adatta per pratiche di varie specialit\u00e0 e dimensioni.\u00a0Il sistema di documentazione consente agli utenti di personalizzare ogni singola sezione ottenendo modelli personalizzati per ciascun terapeuta.<\/p>\n","protected":false},"author":19,"featured_media":27815,"parent":27304,"menu_order":0,"comment_status":"open","ping_status":"closed","template":"g1_template_page_review_new.php","meta":{"_acf_changed":false,"cwp_meta_box_check":"Yes","cwp_rev_product_name":"","cwp_rev_product_image":"","wppr_links":[],"cwp_rev_price":"","wppr_options":[],"wppr_pros":[],"wppr_cons":[],"_monsterinsights_skip_tracking":false,"_monsterinsights_sitenote_active":false,"_monsterinsights_sitenote_note":"","_monsterinsights_sitenote_category":0,"footnotes":""},"categories":[2993],"tags":[396,3009,3033,2995,3008,3092],"features":[],"class_list":{"0":"post-27813","1":"page","2":"type-page","3":"status-publish","4":"has-post-thumbnail","6":"category-gestionale-per-fisioterapia-categoria","7":"tag-cloud","8":"tag-piattaforma-gestionale-per-fisioterapie","9":"tag-programma-gestionale-per-fisioterpie","10":"tag-software-gestionale-per-fisioterapie","11":"tag-soluzione-gestionale-per-fisioterapie","12":"tag-theraoffice"},"wppr_data":{"cwp_meta_box_check":"Yes","cwp_rev_product_name":"","cwp_rev_product_image":"","cwp_image_link":"image","cwp_rev_price":"","wppr_rating":"0.00"},"acf":[],"yoast_head":"<!-- This site is optimized with the Yoast SEO plugin v27.4 - https:\/\/yoast.com\/product\/yoast-seo-wordpress\/ -->\n<title>TheraOffice: recensione gestionale fisioterapia - Accurate Reviews<\/title>\n<meta name=\"description\" content=\"TheraOffice: recensione soluzione di gestione pratica specificamente progettata per la terapia fisica e le pratiche di riabilitazione.\" \/>\n<meta name=\"robots\" content=\"index, follow, max-snippet:-1, max-image-preview:large, max-video-preview:-1\" \/>\n<link rel=\"canonical\" href=\"https:\/\/www.accuratereviews.com\/it\/gestionali-per-fisioterapia-lista\/theraoffice-recensione\/\" \/>\n<meta property=\"og:locale\" content=\"it_IT\" \/>\n<meta property=\"og:type\" content=\"article\" \/>\n<meta property=\"og:title\" content=\"TheraOffice: recensione gestionale fisioterapia - Accurate Reviews\" \/>\n<meta property=\"og:description\" content=\"TheraOffice: recensione soluzione di gestione pratica specificamente progettata per la terapia fisica e le pratiche di riabilitazione.\" \/>\n<meta property=\"og:url\" content=\"https:\/\/www.accuratereviews.com\/it\/gestionali-per-fisioterapia-lista\/theraoffice-recensione\/\" \/>\n<meta property=\"og:site_name\" content=\"Accurate Reviews\" \/>\n<meta property=\"article:modified_time\" content=\"2021-02-02T17:06:54+00:00\" \/>\n<meta property=\"og:image\" content=\"https:\/\/www.accuratereviews.com\/wp-content\/uploads\/2020\/06\/Theraoffice.jpg\" \/>\n\t<meta property=\"og:image:width\" content=\"2560\" \/>\n\t<meta property=\"og:image:height\" content=\"467\" \/>\n\t<meta property=\"og:image:type\" content=\"image\/jpeg\" \/>\n<meta name=\"twitter:card\" content=\"summary_large_image\" \/>\n<meta name=\"twitter:label1\" content=\"Tempo di lettura stimato\" \/>\n\t<meta name=\"twitter:data1\" content=\"3 minuti\" \/>\n<script type=\"application\/ld+json\" class=\"yoast-schema-graph\">{\"@context\":\"https:\\\/\\\/schema.org\",\"@graph\":[{\"@type\":\"WebPage\",\"@id\":\"https:\\\/\\\/www.accuratereviews.com\\\/it\\\/gestionali-per-fisioterapia-lista\\\/theraoffice-recensione\\\/\",\"url\":\"https:\\\/\\\/www.accuratereviews.com\\\/it\\\/gestionali-per-fisioterapia-lista\\\/theraoffice-recensione\\\/\",\"name\":\"TheraOffice: recensione gestionale fisioterapia - Accurate Reviews\",\"isPartOf\":{\"@id\":\"https:\\\/\\\/www.accuratereviews.com\\\/it\\\/#website\"},\"primaryImageOfPage\":{\"@id\":\"https:\\\/\\\/www.accuratereviews.com\\\/it\\\/gestionali-per-fisioterapia-lista\\\/theraoffice-recensione\\\/#primaryimage\"},\"image\":{\"@id\":\"https:\\\/\\\/www.accuratereviews.com\\\/it\\\/gestionali-per-fisioterapia-lista\\\/theraoffice-recensione\\\/#primaryimage\"},\"thumbnailUrl\":\"https:\\\/\\\/www.accuratereviews.com\\\/wp-content\\\/uploads\\\/2020\\\/06\\\/Theraoffice.jpg\",\"datePublished\":\"2020-06-23T10:30:03+00:00\",\"dateModified\":\"2021-02-02T17:06:54+00:00\",\"description\":\"TheraOffice: recensione soluzione di gestione pratica specificamente progettata per la terapia fisica e le pratiche di riabilitazione.\",\"breadcrumb\":{\"@id\":\"https:\\\/\\\/www.accuratereviews.com\\\/it\\\/gestionali-per-fisioterapia-lista\\\/theraoffice-recensione\\\/#breadcrumb\"},\"inLanguage\":\"it-IT\",\"potentialAction\":[{\"@type\":\"ReadAction\",\"target\":[\"https:\\\/\\\/www.accuratereviews.com\\\/it\\\/gestionali-per-fisioterapia-lista\\\/theraoffice-recensione\\\/\"]}]},{\"@type\":\"ImageObject\",\"inLanguage\":\"it-IT\",\"@id\":\"https:\\\/\\\/www.accuratereviews.com\\\/it\\\/gestionali-per-fisioterapia-lista\\\/theraoffice-recensione\\\/#primaryimage\",\"url\":\"https:\\\/\\\/www.accuratereviews.com\\\/wp-content\\\/uploads\\\/2020\\\/06\\\/Theraoffice.jpg\",\"contentUrl\":\"https:\\\/\\\/www.accuratereviews.com\\\/wp-content\\\/uploads\\\/2020\\\/06\\\/Theraoffice.jpg\",\"width\":2560,\"height\":467},{\"@type\":\"BreadcrumbList\",\"@id\":\"https:\\\/\\\/www.accuratereviews.com\\\/it\\\/gestionali-per-fisioterapia-lista\\\/theraoffice-recensione\\\/#breadcrumb\",\"itemListElement\":[{\"@type\":\"ListItem\",\"position\":1,\"name\":\"Home\",\"item\":\"https:\\\/\\\/www.accuratereviews.com\\\/it\\\/\"},{\"@type\":\"ListItem\",\"position\":2,\"name\":\"Gestionali per fisioterapia\",\"item\":\"https:\\\/\\\/www.accuratereviews.com\\\/it\\\/gestionali-per-fisioterapia-lista\\\/\"},{\"@type\":\"ListItem\",\"position\":3,\"name\":\"TheraOffice\"}]},{\"@type\":\"WebSite\",\"@id\":\"https:\\\/\\\/www.accuratereviews.com\\\/it\\\/#website\",\"url\":\"https:\\\/\\\/www.accuratereviews.com\\\/it\\\/\",\"name\":\"Accurate Reviews\",\"description\":\"\",\"potentialAction\":[{\"@type\":\"SearchAction\",\"target\":{\"@type\":\"EntryPoint\",\"urlTemplate\":\"https:\\\/\\\/www.accuratereviews.com\\\/it\\\/?s={search_term_string}\"},\"query-input\":{\"@type\":\"PropertyValueSpecification\",\"valueRequired\":true,\"valueName\":\"search_term_string\"}}],\"inLanguage\":\"it-IT\"}]}<\/script>\n<!-- \/ Yoast SEO plugin. -->","yoast_head_json":{"title":"TheraOffice: recensione gestionale fisioterapia - Accurate Reviews","description":"TheraOffice: recensione soluzione di gestione pratica specificamente progettata per la terapia fisica e le pratiche di riabilitazione.","robots":{"index":"index","follow":"follow","max-snippet":"max-snippet:-1","max-image-preview":"max-image-preview:large","max-video-preview":"max-video-preview:-1"},"canonical":"https:\/\/www.accuratereviews.com\/it\/gestionali-per-fisioterapia-lista\/theraoffice-recensione\/","og_locale":"it_IT","og_type":"article","og_title":"TheraOffice: recensione gestionale fisioterapia - Accurate Reviews","og_description":"TheraOffice: recensione soluzione di gestione pratica specificamente progettata per la terapia fisica e le pratiche di riabilitazione.","og_url":"https:\/\/www.accuratereviews.com\/it\/gestionali-per-fisioterapia-lista\/theraoffice-recensione\/","og_site_name":"Accurate Reviews","article_modified_time":"2021-02-02T17:06:54+00:00","og_image":[{"width":2560,"height":467,"url":"https:\/\/www.accuratereviews.com\/wp-content\/uploads\/2020\/06\/Theraoffice.jpg","type":"image\/jpeg"}],"twitter_card":"summary_large_image","twitter_misc":{"Tempo di lettura stimato":"3 minuti"},"schema":{"@context":"https:\/\/schema.org","@graph":[{"@type":"WebPage","@id":"https:\/\/www.accuratereviews.com\/it\/gestionali-per-fisioterapia-lista\/theraoffice-recensione\/","url":"https:\/\/www.accuratereviews.com\/it\/gestionali-per-fisioterapia-lista\/theraoffice-recensione\/","name":"TheraOffice: recensione gestionale fisioterapia - Accurate Reviews","isPartOf":{"@id":"https:\/\/www.accuratereviews.com\/it\/#website"},"primaryImageOfPage":{"@id":"https:\/\/www.accuratereviews.com\/it\/gestionali-per-fisioterapia-lista\/theraoffice-recensione\/#primaryimage"},"image":{"@id":"https:\/\/www.accuratereviews.com\/it\/gestionali-per-fisioterapia-lista\/theraoffice-recensione\/#primaryimage"},"thumbnailUrl":"https:\/\/www.accuratereviews.com\/wp-content\/uploads\/2020\/06\/Theraoffice.jpg","datePublished":"2020-06-23T10:30:03+00:00","dateModified":"2021-02-02T17:06:54+00:00","description":"TheraOffice: recensione soluzione di gestione pratica specificamente progettata per la terapia fisica e le pratiche di riabilitazione.","breadcrumb":{"@id":"https:\/\/www.accuratereviews.com\/it\/gestionali-per-fisioterapia-lista\/theraoffice-recensione\/#breadcrumb"},"inLanguage":"it-IT","potentialAction":[{"@type":"ReadAction","target":["https:\/\/www.accuratereviews.com\/it\/gestionali-per-fisioterapia-lista\/theraoffice-recensione\/"]}]},{"@type":"ImageObject","inLanguage":"it-IT","@id":"https:\/\/www.accuratereviews.com\/it\/gestionali-per-fisioterapia-lista\/theraoffice-recensione\/#primaryimage","url":"https:\/\/www.accuratereviews.com\/wp-content\/uploads\/2020\/06\/Theraoffice.jpg","contentUrl":"https:\/\/www.accuratereviews.com\/wp-content\/uploads\/2020\/06\/Theraoffice.jpg","width":2560,"height":467},{"@type":"BreadcrumbList","@id":"https:\/\/www.accuratereviews.com\/it\/gestionali-per-fisioterapia-lista\/theraoffice-recensione\/#breadcrumb","itemListElement":[{"@type":"ListItem","position":1,"name":"Home","item":"https:\/\/www.accuratereviews.com\/it\/"},{"@type":"ListItem","position":2,"name":"Gestionali per fisioterapia","item":"https:\/\/www.accuratereviews.com\/it\/gestionali-per-fisioterapia-lista\/"},{"@type":"ListItem","position":3,"name":"TheraOffice"}]},{"@type":"WebSite","@id":"https:\/\/www.accuratereviews.com\/it\/#website","url":"https:\/\/www.accuratereviews.com\/it\/","name":"Accurate Reviews","description":"","potentialAction":[{"@type":"SearchAction","target":{"@type":"EntryPoint","urlTemplate":"https:\/\/www.accuratereviews.com\/it\/?s={search_term_string}"},"query-input":{"@type":"PropertyValueSpecification","valueRequired":true,"valueName":"search_term_string"}}],"inLanguage":"it-IT"}]}},"_links":{"self":[{"href":"https:\/\/www.accuratereviews.com\/it\/wp-json\/wp\/v2\/pages\/27813","targetHints":{"allow":["GET"]}}],"collection":[{"href":"https:\/\/www.accuratereviews.com\/it\/wp-json\/wp\/v2\/pages"}],"about":[{"href":"https:\/\/www.accuratereviews.com\/it\/wp-json\/wp\/v2\/types\/page"}],"author":[{"embeddable":true,"href":"https:\/\/www.accuratereviews.com\/it\/wp-json\/wp\/v2\/users\/19"}],"replies":[{"embeddable":true,"href":"https:\/\/www.accuratereviews.com\/it\/wp-json\/wp\/v2\/comments?post=27813"}],"version-history":[{"count":8,"href":"https:\/\/www.accuratereviews.com\/it\/wp-json\/wp\/v2\/pages\/27813\/revisions"}],"predecessor-version":[{"id":36582,"href":"https:\/\/www.accuratereviews.com\/it\/wp-json\/wp\/v2\/pages\/27813\/revisions\/36582"}],"up":[{"embeddable":true,"href":"https:\/\/www.accuratereviews.com\/it\/wp-json\/wp\/v2\/pages\/27304"}],"wp:featuredmedia":[{"embeddable":true,"href":"https:\/\/www.accuratereviews.com\/it\/wp-json\/wp\/v2\/media\/27815"}],"wp:attachment":[{"href":"https:\/\/www.accuratereviews.com\/it\/wp-json\/wp\/v2\/media?parent=27813"}],"wp:term":[{"taxonomy":"category","embeddable":true,"href":"https:\/\/www.accuratereviews.com\/it\/wp-json\/wp\/v2\/categories?post=27813"},{"taxonomy":"post_tag","embeddable":true,"href":"https:\/\/www.accuratereviews.com\/it\/wp-json\/wp\/v2\/tags?post=27813"},{"taxonomy":"features","embeddable":true,"href":"https:\/\/www.accuratereviews.com\/it\/wp-json\/wp\/v2\/features?post=27813"}],"curies":[{"name":"wp","href":"https:\/\/api.w.org\/{rel}","templated":true}]}}