{"id":27858,"date":"2020-06-24T13:32:07","date_gmt":"2020-06-24T13:32:07","guid":{"rendered":"https:\/\/www.accuratereviews.com\/?page_id=27858"},"modified":"2021-02-02T16:40:48","modified_gmt":"2021-02-02T16:40:48","slug":"yocale-recensione","status":"publish","type":"page","link":"https:\/\/www.accuratereviews.com\/it\/gestionali-per-fisioterapia-lista\/yocale-recensione\/","title":{"rendered":"Yocale"},"content":{"rendered":"<p><strong>Yocale<\/strong> \u00e8 una <strong>popolare app di pianificazione e appuntamenti<\/strong> per privati \u200b\u200be aziende e un CRM basato su <strong>cloud<\/strong> con funzionalit\u00e0 personalizzabili. La piattaforma semplifica l&#8217;individuazione e la gestione di appuntamenti locali aperti, utilizzando funzionalit\u00e0 come la pianificazione online, gli strumenti di gestione delle relazioni con i clienti, la promozione degli appuntamenti disponibili, i rapporti e le notifiche intuitive. L&#8217;app \u00e8 completamente ottimizzata per dispositivi mobili. Il sito web viene visualizzato correttamente su qualsiasi browser e dispositivo e consente di fissare appuntamenti mentre si \u00e8 in viaggio.\u00a0Dal punto di vista aziendale, <strong>Yocale<\/strong> tiene traccia dei clienti attuali e precedenti, organizzandoli ordinatamente in un database di backup e potenziando una serie di promemoria per tenere traccia dei clienti pi\u00f9 fedeli.<\/p>\n<h2>YOCALE &#8211; TUTORIAL<\/h2>\n<p>Ecco un tutorial in cui mostra come inserire un appuntamento su questo <strong>software gestionale per fisioterapia<\/strong>:<\/p>\n<div id=\"fluid-wrapper-counter-1\" class=\"g1-fluid-wrapper \" style=\"width:686px;\">\n<div style=\"padding-bottom:56.268221574344%;\"><iframe loading=\"lazy\" title=\"Yocale: Online Booking &amp; Appointment Scheduling Software\" width=\"686\" height=\"386\" src=\"https:\/\/www.youtube.com\/embed\/dHd89ndYKsM?feature=oembed&amp;wmode=transparent&amp;autohide=1&amp;autoplay=0&amp;disablekb=0&amp;fs=1&amp;loop=0&amp;enablejsapi=1&amp;rel=0&amp;controls=2&amp;showinfo=0&amp;wmode=transparent&amp;autohide=2&amp;autoplay=0&amp;disablekb=0&amp;fs=1&amp;loop=0&amp;enablejsapi=1&amp;rel=0&amp;controls=2&amp;showinfo=1\" frameborder=\"0\" allow=\"accelerometer; autoplay; clipboard-write; encrypted-media; gyroscope; picture-in-picture\" allowfullscreen><\/iframe><\/div>\n<\/div>\n<h3>YOCALE &#8211; CARATTERISTICHE<\/h3>\n<ul>\n<li><strong>Sincronizzazione a 2 vie<\/strong>: assicurati che il tuo calendario sia sempre sincronizzato e aggiornato con calendari esterni consentendo la sincronizzazione del calendario a 2 vie. Crea e gestisci facilmente appuntamenti da tutti i calendari<\/li>\n<li><strong>Scheduler personalizzabile<\/strong>: il calendario pi\u00f9 personalizzabile e flessibile per tutte le esigenze del tuo calendario. Definisci chi fornisce i servizi e quando sono disponibili<\/li>\n<li><strong>Classi:<\/strong> imposta il tuo programma di lezione con i tuoi requisiti per i partecipanti e guardali riempire<\/li>\n<li><strong>Appuntamenti ricorrenti<\/strong>: automatizza gli appuntamenti ricorrenti in modo che i clienti visitino la tua attivit\u00e0 pi\u00f9 regolarmente senza sforzo<\/li>\n<li><strong>Videoconferenza<\/strong>: non lasciare che la tua attivit\u00e0 sia limitata dalla geografia. Incontra i tuoi clienti da qualsiasi luogo con appuntamenti di videoconferenza<\/li>\n<li><strong>Promemoria per la prenotazione<\/strong>:\u00a0automatizza i promemoria per la prenotazione per mantenere i clienti che tornano settimana dopo settimana, mantenendo alta la fedelt\u00e0 e i profitti dei clienti<\/li>\n<li><strong>Prenota con Google:<\/strong> distingui la tua attivit\u00e0 rendendo i tuoi servizi prenotabili dalla prima pagina di Google. Consenti ai tuoi clienti di prenotare direttamente tramite la ricerca di Google e Google Maps<\/li>\n<li><strong>Prenotazione via Facebook<\/strong>: consenti ai tuoi clienti di fare prenotazioni direttamente attraverso la tua pagina Facebook aziendale<\/li>\n<li><strong>Marketing via email<\/strong>: mantieni i tuoi clienti coinvolti con la tua attivit\u00e0 \u00a0e automatizza il processo allo stesso tempo \u00a0con la forma di marketing pi\u00f9 redditizia: l&#8217;email marketing<\/li>\n<li><strong>Gestione autentica delle recensioni dei clienti:<\/strong> automatizza il processo e risparmia pi\u00f9 tempo pur mantenendo il controllo totale con un vero stumento di gestione delle recensioni dei clienti.<\/li>\n<\/ul>\n<h4>LE RECENSIONI DEGLI UTENTI<\/h4>\n<h4 class=\"font-weight-bold my-1 d-flex align-items-center\">Chara K.\u00a0&#8220;SI&#8221;<\/h4>\n<p><strong>Commenti: <\/strong>Pubblicit\u00e0 e prenotazione completate mentre lavoro. Un sogno divenuto realta.<\/p>\n<p><strong>Vantaggi: <\/strong>Cos\u00ec facile da usare. Risparmia tempo. Ottimo team di supporto.<\/p>\n<p><strong>Inconvenienti: <\/strong>Ci vuole un po &#8216;di tempo per l&#8217;installazione, ma funziona bene.<\/p>\n<h4 class=\"font-weight-bold my-1 d-flex align-items-center\">Dayna W.&#8221;persone fantastiche e amichevoli super disponibili a personalizzare la nostra interfaccia&#8221;<\/h4>\n<p><strong>Vantaggi: <\/strong>La facilit\u00e0 d&#8217;uso e la chiarezza fornite attraverso varie opzioni, ad esempio la codifica a colori dei servizi.<\/p>\n<p><strong>Inconvenienti: <\/strong>L&#8217;incapacit\u00e0 a questo punto di cercare clienti da parte di persone a carico \u00e8 alquanto frustrante da aggirare, ma ci stanno lavorando.<\/p>\n<h4 class=\"font-weight-bold my-1 d-flex align-items-center\">Sherry Y.&#8221;Laser medico&#8221;<\/h4>\n<p><strong>Commenti: <\/strong>Complimenti !!!! Sono cos\u00ec felice del mio programma Yocale &#8216;Tu e tutto il team di Yocale state lavorando sodo per soddisfare e supportare i vostri clienti. questo \u00e8 un programma incredibile che mi facilita il lavoro. Come cliente Yocale sono contento del servizio che offri. Credo che Yocale meriti questo premio e ti auguro pi\u00f9 successo. Congratulazioni a tutto il team di Yocale :)<\/p>\n<p><strong>Vantaggi: <\/strong>\u00c8 facile da usare per i miei clienti e il personale della nostra clinica. L&#8217;opzione migliore che mi piace di pi\u00f9 \u00e8 che ricorda automaticamente l&#8217;appuntamento dei nostri clienti.<\/p>\n","protected":false},"excerpt":{"rendered":"<p>Yocale \u00e8 una popolare app di pianificazione e appuntamenti per privati \u200b\u200be aziende e un CRM basato su cloud con funzionalit\u00e0 personalizzabili.<\/p>\n","protected":false},"author":19,"featured_media":27862,"parent":27304,"menu_order":0,"comment_status":"open","ping_status":"closed","template":"g1_template_page_review_new.php","meta":{"_acf_changed":false,"cwp_meta_box_check":"Yes","cwp_rev_product_name":"","cwp_rev_product_image":"","wppr_links":[],"cwp_rev_price":"","wppr_options":[],"wppr_pros":[],"wppr_cons":[],"_monsterinsights_skip_tracking":false,"_monsterinsights_sitenote_active":false,"_monsterinsights_sitenote_note":"","_monsterinsights_sitenote_category":0,"footnotes":""},"categories":[2993],"tags":[3099,3009,2995,3008,3100],"features":[],"class_list":{"0":"post-27858","1":"page","2":"type-page","3":"status-publish","4":"has-post-thumbnail","6":"category-gestionale-per-fisioterapia-categoria","7":"tag-app-di-pianificazione-e-appuntamenti","8":"tag-piattaforma-gestionale-per-fisioterapie","9":"tag-software-gestionale-per-fisioterapie","10":"tag-soluzione-gestionale-per-fisioterapie","11":"tag-yocale"},"wppr_data":{"cwp_meta_box_check":"Yes","cwp_rev_product_name":"","cwp_rev_product_image":"","cwp_image_link":"image","cwp_rev_price":"","wppr_rating":"0.00"},"acf":[],"yoast_head":"<!-- This site is optimized with the Yoast SEO plugin v27.4 - https:\/\/yoast.com\/product\/yoast-seo-wordpress\/ -->\n<title>Yocale: recensione software gestionale per fisioterapia - Accurate Reviews<\/title>\n<meta name=\"description\" content=\"Yocale: recensione app di pianificazione e appuntamenti per privati \u200b\u200be aziende e un CRM basato su cloud con funzionalit\u00e0 personalizzabili\" \/>\n<meta name=\"robots\" content=\"index, follow, max-snippet:-1, max-image-preview:large, max-video-preview:-1\" \/>\n<link rel=\"canonical\" href=\"https:\/\/www.accuratereviews.com\/it\/gestionali-per-fisioterapia-lista\/yocale-recensione\/\" \/>\n<meta property=\"og:locale\" content=\"it_IT\" \/>\n<meta property=\"og:type\" content=\"article\" \/>\n<meta property=\"og:title\" content=\"Yocale: recensione software gestionale per fisioterapia - Accurate Reviews\" \/>\n<meta property=\"og:description\" content=\"Yocale: recensione app di pianificazione e appuntamenti per privati \u200b\u200be aziende e un CRM basato su cloud con funzionalit\u00e0 personalizzabili\" \/>\n<meta property=\"og:url\" content=\"https:\/\/www.accuratereviews.com\/it\/gestionali-per-fisioterapia-lista\/yocale-recensione\/\" \/>\n<meta property=\"og:site_name\" content=\"Accurate Reviews\" \/>\n<meta property=\"article:modified_time\" content=\"2021-02-02T16:40:48+00:00\" \/>\n<meta property=\"og:image\" content=\"https:\/\/www.accuratereviews.com\/wp-content\/uploads\/2020\/06\/Yocale.png\" \/>\n\t<meta property=\"og:image:width\" content=\"1673\" \/>\n\t<meta property=\"og:image:height\" content=\"694\" \/>\n\t<meta property=\"og:image:type\" content=\"image\/png\" \/>\n<meta name=\"twitter:card\" content=\"summary_large_image\" \/>\n<meta name=\"twitter:label1\" content=\"Tempo di lettura stimato\" \/>\n\t<meta name=\"twitter:data1\" content=\"3 minuti\" \/>\n<script type=\"application\/ld+json\" class=\"yoast-schema-graph\">{\"@context\":\"https:\\\/\\\/schema.org\",\"@graph\":[{\"@type\":\"WebPage\",\"@id\":\"https:\\\/\\\/www.accuratereviews.com\\\/it\\\/gestionali-per-fisioterapia-lista\\\/yocale-recensione\\\/\",\"url\":\"https:\\\/\\\/www.accuratereviews.com\\\/it\\\/gestionali-per-fisioterapia-lista\\\/yocale-recensione\\\/\",\"name\":\"Yocale: recensione software gestionale per fisioterapia - Accurate Reviews\",\"isPartOf\":{\"@id\":\"https:\\\/\\\/www.accuratereviews.com\\\/it\\\/#website\"},\"primaryImageOfPage\":{\"@id\":\"https:\\\/\\\/www.accuratereviews.com\\\/it\\\/gestionali-per-fisioterapia-lista\\\/yocale-recensione\\\/#primaryimage\"},\"image\":{\"@id\":\"https:\\\/\\\/www.accuratereviews.com\\\/it\\\/gestionali-per-fisioterapia-lista\\\/yocale-recensione\\\/#primaryimage\"},\"thumbnailUrl\":\"https:\\\/\\\/www.accuratereviews.com\\\/wp-content\\\/uploads\\\/2020\\\/06\\\/Yocale.png\",\"datePublished\":\"2020-06-24T13:32:07+00:00\",\"dateModified\":\"2021-02-02T16:40:48+00:00\",\"description\":\"Yocale: recensione app di pianificazione e appuntamenti per privati \u200b\u200be aziende e un CRM basato su cloud con funzionalit\u00e0 personalizzabili\",\"breadcrumb\":{\"@id\":\"https:\\\/\\\/www.accuratereviews.com\\\/it\\\/gestionali-per-fisioterapia-lista\\\/yocale-recensione\\\/#breadcrumb\"},\"inLanguage\":\"it-IT\",\"potentialAction\":[{\"@type\":\"ReadAction\",\"target\":[\"https:\\\/\\\/www.accuratereviews.com\\\/it\\\/gestionali-per-fisioterapia-lista\\\/yocale-recensione\\\/\"]}]},{\"@type\":\"ImageObject\",\"inLanguage\":\"it-IT\",\"@id\":\"https:\\\/\\\/www.accuratereviews.com\\\/it\\\/gestionali-per-fisioterapia-lista\\\/yocale-recensione\\\/#primaryimage\",\"url\":\"https:\\\/\\\/www.accuratereviews.com\\\/wp-content\\\/uploads\\\/2020\\\/06\\\/Yocale.png\",\"contentUrl\":\"https:\\\/\\\/www.accuratereviews.com\\\/wp-content\\\/uploads\\\/2020\\\/06\\\/Yocale.png\",\"width\":1673,\"height\":694},{\"@type\":\"BreadcrumbList\",\"@id\":\"https:\\\/\\\/www.accuratereviews.com\\\/it\\\/gestionali-per-fisioterapia-lista\\\/yocale-recensione\\\/#breadcrumb\",\"itemListElement\":[{\"@type\":\"ListItem\",\"position\":1,\"name\":\"Home\",\"item\":\"https:\\\/\\\/www.accuratereviews.com\\\/it\\\/\"},{\"@type\":\"ListItem\",\"position\":2,\"name\":\"Gestionali per fisioterapia\",\"item\":\"https:\\\/\\\/www.accuratereviews.com\\\/it\\\/gestionali-per-fisioterapia-lista\\\/\"},{\"@type\":\"ListItem\",\"position\":3,\"name\":\"Yocale\"}]},{\"@type\":\"WebSite\",\"@id\":\"https:\\\/\\\/www.accuratereviews.com\\\/it\\\/#website\",\"url\":\"https:\\\/\\\/www.accuratereviews.com\\\/it\\\/\",\"name\":\"Accurate Reviews\",\"description\":\"\",\"potentialAction\":[{\"@type\":\"SearchAction\",\"target\":{\"@type\":\"EntryPoint\",\"urlTemplate\":\"https:\\\/\\\/www.accuratereviews.com\\\/it\\\/?s={search_term_string}\"},\"query-input\":{\"@type\":\"PropertyValueSpecification\",\"valueRequired\":true,\"valueName\":\"search_term_string\"}}],\"inLanguage\":\"it-IT\"}]}<\/script>\n<!-- \/ Yoast SEO plugin. -->","yoast_head_json":{"title":"Yocale: recensione software gestionale per fisioterapia - Accurate Reviews","description":"Yocale: recensione app di pianificazione e appuntamenti per privati \u200b\u200be aziende e un CRM basato su cloud con funzionalit\u00e0 personalizzabili","robots":{"index":"index","follow":"follow","max-snippet":"max-snippet:-1","max-image-preview":"max-image-preview:large","max-video-preview":"max-video-preview:-1"},"canonical":"https:\/\/www.accuratereviews.com\/it\/gestionali-per-fisioterapia-lista\/yocale-recensione\/","og_locale":"it_IT","og_type":"article","og_title":"Yocale: recensione software gestionale per fisioterapia - Accurate Reviews","og_description":"Yocale: recensione app di pianificazione e appuntamenti per privati \u200b\u200be aziende e un CRM basato su cloud con funzionalit\u00e0 personalizzabili","og_url":"https:\/\/www.accuratereviews.com\/it\/gestionali-per-fisioterapia-lista\/yocale-recensione\/","og_site_name":"Accurate Reviews","article_modified_time":"2021-02-02T16:40:48+00:00","og_image":[{"width":1673,"height":694,"url":"https:\/\/www.accuratereviews.com\/wp-content\/uploads\/2020\/06\/Yocale.png","type":"image\/png"}],"twitter_card":"summary_large_image","twitter_misc":{"Tempo di lettura stimato":"3 minuti"},"schema":{"@context":"https:\/\/schema.org","@graph":[{"@type":"WebPage","@id":"https:\/\/www.accuratereviews.com\/it\/gestionali-per-fisioterapia-lista\/yocale-recensione\/","url":"https:\/\/www.accuratereviews.com\/it\/gestionali-per-fisioterapia-lista\/yocale-recensione\/","name":"Yocale: recensione software gestionale per fisioterapia - Accurate Reviews","isPartOf":{"@id":"https:\/\/www.accuratereviews.com\/it\/#website"},"primaryImageOfPage":{"@id":"https:\/\/www.accuratereviews.com\/it\/gestionali-per-fisioterapia-lista\/yocale-recensione\/#primaryimage"},"image":{"@id":"https:\/\/www.accuratereviews.com\/it\/gestionali-per-fisioterapia-lista\/yocale-recensione\/#primaryimage"},"thumbnailUrl":"https:\/\/www.accuratereviews.com\/wp-content\/uploads\/2020\/06\/Yocale.png","datePublished":"2020-06-24T13:32:07+00:00","dateModified":"2021-02-02T16:40:48+00:00","description":"Yocale: recensione app di pianificazione e appuntamenti per privati \u200b\u200be aziende e un CRM basato su cloud con funzionalit\u00e0 personalizzabili","breadcrumb":{"@id":"https:\/\/www.accuratereviews.com\/it\/gestionali-per-fisioterapia-lista\/yocale-recensione\/#breadcrumb"},"inLanguage":"it-IT","potentialAction":[{"@type":"ReadAction","target":["https:\/\/www.accuratereviews.com\/it\/gestionali-per-fisioterapia-lista\/yocale-recensione\/"]}]},{"@type":"ImageObject","inLanguage":"it-IT","@id":"https:\/\/www.accuratereviews.com\/it\/gestionali-per-fisioterapia-lista\/yocale-recensione\/#primaryimage","url":"https:\/\/www.accuratereviews.com\/wp-content\/uploads\/2020\/06\/Yocale.png","contentUrl":"https:\/\/www.accuratereviews.com\/wp-content\/uploads\/2020\/06\/Yocale.png","width":1673,"height":694},{"@type":"BreadcrumbList","@id":"https:\/\/www.accuratereviews.com\/it\/gestionali-per-fisioterapia-lista\/yocale-recensione\/#breadcrumb","itemListElement":[{"@type":"ListItem","position":1,"name":"Home","item":"https:\/\/www.accuratereviews.com\/it\/"},{"@type":"ListItem","position":2,"name":"Gestionali per fisioterapia","item":"https:\/\/www.accuratereviews.com\/it\/gestionali-per-fisioterapia-lista\/"},{"@type":"ListItem","position":3,"name":"Yocale"}]},{"@type":"WebSite","@id":"https:\/\/www.accuratereviews.com\/it\/#website","url":"https:\/\/www.accuratereviews.com\/it\/","name":"Accurate Reviews","description":"","potentialAction":[{"@type":"SearchAction","target":{"@type":"EntryPoint","urlTemplate":"https:\/\/www.accuratereviews.com\/it\/?s={search_term_string}"},"query-input":{"@type":"PropertyValueSpecification","valueRequired":true,"valueName":"search_term_string"}}],"inLanguage":"it-IT"}]}},"_links":{"self":[{"href":"https:\/\/www.accuratereviews.com\/it\/wp-json\/wp\/v2\/pages\/27858","targetHints":{"allow":["GET"]}}],"collection":[{"href":"https:\/\/www.accuratereviews.com\/it\/wp-json\/wp\/v2\/pages"}],"about":[{"href":"https:\/\/www.accuratereviews.com\/it\/wp-json\/wp\/v2\/types\/page"}],"author":[{"embeddable":true,"href":"https:\/\/www.accuratereviews.com\/it\/wp-json\/wp\/v2\/users\/19"}],"replies":[{"embeddable":true,"href":"https:\/\/www.accuratereviews.com\/it\/wp-json\/wp\/v2\/comments?post=27858"}],"version-history":[{"count":13,"href":"https:\/\/www.accuratereviews.com\/it\/wp-json\/wp\/v2\/pages\/27858\/revisions"}],"predecessor-version":[{"id":36546,"href":"https:\/\/www.accuratereviews.com\/it\/wp-json\/wp\/v2\/pages\/27858\/revisions\/36546"}],"up":[{"embeddable":true,"href":"https:\/\/www.accuratereviews.com\/it\/wp-json\/wp\/v2\/pages\/27304"}],"wp:featuredmedia":[{"embeddable":true,"href":"https:\/\/www.accuratereviews.com\/it\/wp-json\/wp\/v2\/media\/27862"}],"wp:attachment":[{"href":"https:\/\/www.accuratereviews.com\/it\/wp-json\/wp\/v2\/media?parent=27858"}],"wp:term":[{"taxonomy":"category","embeddable":true,"href":"https:\/\/www.accuratereviews.com\/it\/wp-json\/wp\/v2\/categories?post=27858"},{"taxonomy":"post_tag","embeddable":true,"href":"https:\/\/www.accuratereviews.com\/it\/wp-json\/wp\/v2\/tags?post=27858"},{"taxonomy":"features","embeddable":true,"href":"https:\/\/www.accuratereviews.com\/it\/wp-json\/wp\/v2\/features?post=27858"}],"curies":[{"name":"wp","href":"https:\/\/api.w.org\/{rel}","templated":true}]}}