{"id":27874,"date":"2020-06-24T13:30:37","date_gmt":"2020-06-24T13:30:37","guid":{"rendered":"https:\/\/www.accuratereviews.com\/?page_id=27874"},"modified":"2021-02-02T17:31:54","modified_gmt":"2021-02-02T17:31:54","slug":"gomotive-recensione","status":"publish","type":"page","link":"https:\/\/www.accuratereviews.com\/it\/gestionali-per-fisioterapia-lista\/gomotive-recensione\/","title":{"rendered":"GoMotive"},"content":{"rendered":"<p><strong>GoMotive<\/strong> \u00e8 una <strong>piattaforma per la fisioterapia e fitness<\/strong> che consente a centri benessere, istruttori, allenatori ed esperti di riabilitazione di servire i clienti da remoto. I professionisti sono in grado di automatizzare il processo di assunzione, diagnostiche per i clienti, progettare allenamenti personalizzati e creare i propri contenuti proprietari con accesso a oltre 6.500 esercizi e modelli su piattaforme iOS, Android e web.\u00a0Gli utenti possono tenere traccia e condividere i progressi dei client tra i provider, nonch\u00e9 eseguire il ping dei client tramite app e messaggi di posta elettronica. Le email automatizzate aiutano a promuovere i servizi e i trattamenti offerti.\u00a0I professionisti sono in grado di inviare ai clienti il \u200b\u200bproprio PAR Q, indice di dolore o altri moduli di assunzione e fare in modo che i clienti li completino nell&#8217;app. Gli utenti possono valutare e diagnosticare i client in remoto e includere immagini e video per documentarne i miglioramenti.<\/p>\n<h2>GOMOTIVE &#8211; TUTORIAL<\/h2>\n<p>Questo tutorial \u00a0spiega come creare i propri obiettivi sul Web, in modo che i loro clienti possano selezionarne uno (o crearne uno proprio) per iniziare il processo di coinvolgimento in cinque fasi.<\/p>\n<div id=\"fluid-wrapper-counter-1\" class=\"g1-fluid-wrapper \" style=\"width:686px;\">\n<div style=\"padding-bottom:56.268221574344%;\"><iframe loading=\"lazy\" title=\"GoMotive Web Tip 2 How to Create Goals\" width=\"686\" height=\"386\" src=\"https:\/\/www.youtube.com\/embed\/ChGzHEy0W7c?feature=oembed&amp;wmode=transparent&amp;autohide=1&amp;autoplay=0&amp;disablekb=0&amp;fs=1&amp;loop=0&amp;enablejsapi=1&amp;rel=0&amp;controls=2&amp;showinfo=0&amp;wmode=transparent&amp;autohide=2&amp;autoplay=0&amp;disablekb=0&amp;fs=1&amp;loop=0&amp;enablejsapi=1&amp;rel=0&amp;controls=2&amp;showinfo=1\" frameborder=\"0\" allow=\"accelerometer; autoplay; clipboard-write; encrypted-media; gyroscope; picture-in-picture\" allowfullscreen><\/iframe><\/div>\n<\/div>\n<p>&nbsp;<\/p>\n<h2>GOMOTIVE &#8211; CARATTERISTICHE<\/h2>\n<ul>\n<li><strong>Programmazione<\/strong>: possibilit\u00e0 di pianificare i clienti per le sessioni private all&#8217;interno dell&#8217;app e addebitare i pacchetti di sessione tutto attraverso un&#8217;unica applicazione<\/li>\n<li><strong>Potenzia il tuo flusso di entrate<\/strong>: unisciti al mondo del fitness digitale allenandoti di persona e online<\/li>\n<li><strong>Collegare<\/strong>: possibilit\u00e0 di inviare news a tutta la base clienti \/ pazienti o identificare gruppi specifici<\/li>\n<li><strong>Addio allo spreco di carta:<\/strong> D.M.S. valutazione, moduli di assunzione, materiale di supporto, programmi per i clienti e altro ancora sono tutti digitali. Archivia tutto nel nostro cloud conforme a HIPPA<\/li>\n<li><strong>Coaching di gruppo<\/strong>: ti consente di programmare lezioni di gruppo all&#8217;interno della piattaforma. I clienti possono quindi prenotare i loro orari di lezione di gruppo dall&#8217;app oppure, possono visualizzare l&#8217;allenamento di classe<\/li>\n<\/ul>\n<h4>LE RECENSIONI DEGLI UTENTI<\/h4>\n<h4 class=\"font-weight-bold my-1 d-flex align-items-center\">G\u00e1bor S\u00a0&#8220;Ottima app!&#8221;<\/h4>\n<p><strong>Vantaggi: <\/strong>Mi piace poter caricare i miei video e condividerli facilmente con i miei clienti. Contattare \u00e8 facile anche tramite email o chat.<\/p>\n<p><strong>Inconvenienti: <\/strong>Penso che il design possa essere un po &#8216;pi\u00f9 user friendly. Colori pi\u00f9 vivaci non cos\u00ec semplici. Questo \u00e8 tutto<\/p>\n<h4 class=\"font-weight-bold my-1 d-flex align-items-center\">Jan H.&#8221;Ben fatto con Go Motive&#8221;<\/h4>\n<p><strong>Commenti: <\/strong>Molti formatori online utilizzano Trainerize. Ho iniziato anche su questa piattaforma &#8230; Tuttavia, dopo alcune risposte non personali sulle mie richieste e funzionalit\u00e0 media, ho deciso di cercare una piattaforma diversa. Sono un membro dell&#8217;educazione online del Grey Institute, quindi non \u00e8 stato difficile trovare GoMotive. I miei servizi si basano sull&#8217;approccio individuale e sto lavorando con molti trainer e imprenditori di piccole imprese. Questa piattaforma mi consente di creare molti ottimi programmi basati su una variet\u00e0 di criteri e di renderli personali come voglio. Il servizio clienti \u00e8 rapido e molto reattivo. il team ha idee molto innovative e aggiunge spesso nuove funzionalit\u00e0. Quindi ecco a voi &#8211; questa \u00e8 una recensione onesta di un ottimo prodotto e di una squadra che lavora sodo. Grazie, GoMotive!<br \/>\nJan<\/p>\n<p><strong>Vantaggi: <\/strong>Personalizzato, servizio clienti, elegante<\/p>\n<p><strong>Inconvenienti: <\/strong>caricamento video<\/p>\n<h4 class=\"font-weight-bold my-1 d-flex align-items-center\">Grove H.&#8221;Non \u00e8 mai pi\u00f9 facile sviluppare un&#8217;app di alta qualit\u00e0&#8221;<\/h4>\n<p><strong>Commenti: <\/strong>Finora, abbiamo superato un mese di prova e poi a novembre abbiamo acquisito l&#8217;app per la nostra etichetta. Esperienza meravigliosa con Michael e il suo team che hanno risposto a tutte le nostre domande dettagliate in modo completo e rapido. Hanno fatto del loro meglio per adattare il loro modello alle nostre esigenze e non potremmo essere pi\u00f9 soddisfatti! Non vediamo l&#8217;ora di vedere cosa riserva il futuro per la nostra app mentre sviluppano nuovi strumenti e funzionalit\u00e0!<\/p>\n<p><strong>Vantaggi: <\/strong>Crea un ambiente intuitivo per comunicare, prescrivere esercizi e imparare.<\/p>\n<p><strong>Inconvenienti: <\/strong>Limitazioni delle prime versioni, che vengono rapidamente risolte dal team GoMotive.<\/p>\n","protected":false},"excerpt":{"rendered":"<p>GoMotive \u00e8 una piattaforma per la fisioterapia e fitness che consente a centri benessere, istruttori, allenatori ed esperti di riabilitazione di servire i clienti da remoto. I professionisti sono in grado di automatizzare il processo di assunzione, diagnostiche per i clienti, progettare allenamenti personalizzati e creare i propri contenuti proprietari con accesso a oltre 6.500 esercizi e modelli su piattaforme iOS, Android e web.\u00a0<\/p>\n","protected":false},"author":19,"featured_media":27875,"parent":27304,"menu_order":0,"comment_status":"open","ping_status":"closed","template":"g1_template_page_review_new.php","meta":{"_acf_changed":false,"cwp_meta_box_check":"Yes","cwp_rev_product_name":"","cwp_rev_product_image":"","wppr_links":[],"cwp_rev_price":"","wppr_options":[],"wppr_pros":[],"wppr_cons":[],"_monsterinsights_skip_tracking":false,"_monsterinsights_sitenote_active":false,"_monsterinsights_sitenote_note":"","_monsterinsights_sitenote_category":0,"footnotes":""},"categories":[2993],"tags":[2630,3101,2994,2995,2631,3008,2759],"features":[],"class_list":{"0":"post-27874","1":"page","2":"type-page","3":"status-publish","4":"has-post-thumbnail","6":"category-gestionale-per-fisioterapia-categoria","7":"tag-fitness-software","8":"tag-gomotive","9":"tag-physical-therapy-software","10":"tag-software-gestionale-per-fisioterapie","11":"tag-software-gestionale-per-palestre","12":"tag-soluzione-gestionale-per-fisioterapie","13":"tag-soluzione-gestionale-per-palestra"},"wppr_data":{"cwp_meta_box_check":"Yes","cwp_rev_product_name":"","cwp_rev_product_image":"","cwp_image_link":"image","cwp_rev_price":"","wppr_rating":"0.00"},"acf":[],"yoast_head":"<!-- This site is optimized with the Yoast SEO plugin v27.4 - https:\/\/yoast.com\/product\/yoast-seo-wordpress\/ -->\n<title>GoMotive: recensione software gestionale fisioterapia - Accurate Reviews<\/title>\n<meta name=\"description\" content=\"GoMotive: recensione piattaforma per la fisioterapia e fitness che consente a centri benessere e istruttori di servire i clienti da remoto.\" \/>\n<meta name=\"robots\" content=\"index, follow, max-snippet:-1, max-image-preview:large, max-video-preview:-1\" \/>\n<link rel=\"canonical\" href=\"https:\/\/www.accuratereviews.com\/it\/gestionali-per-fisioterapia-lista\/gomotive-recensione\/\" \/>\n<meta property=\"og:locale\" content=\"it_IT\" \/>\n<meta property=\"og:type\" content=\"article\" \/>\n<meta property=\"og:title\" content=\"GoMotive: recensione software gestionale fisioterapia - Accurate Reviews\" \/>\n<meta property=\"og:description\" content=\"GoMotive: recensione piattaforma per la fisioterapia e fitness che consente a centri benessere e istruttori di servire i clienti da remoto.\" \/>\n<meta property=\"og:url\" content=\"https:\/\/www.accuratereviews.com\/it\/gestionali-per-fisioterapia-lista\/gomotive-recensione\/\" \/>\n<meta property=\"og:site_name\" content=\"Accurate Reviews\" \/>\n<meta property=\"article:modified_time\" content=\"2021-02-02T17:31:54+00:00\" \/>\n<meta property=\"og:image\" content=\"https:\/\/www.accuratereviews.com\/wp-content\/uploads\/2020\/06\/gomotive.png\" \/>\n\t<meta property=\"og:image:width\" content=\"280\" \/>\n\t<meta property=\"og:image:height\" content=\"280\" \/>\n\t<meta property=\"og:image:type\" content=\"image\/png\" \/>\n<meta name=\"twitter:card\" content=\"summary_large_image\" \/>\n<meta name=\"twitter:label1\" content=\"Tempo di lettura stimato\" \/>\n\t<meta name=\"twitter:data1\" content=\"3 minuti\" \/>\n<script type=\"application\/ld+json\" class=\"yoast-schema-graph\">{\"@context\":\"https:\\\/\\\/schema.org\",\"@graph\":[{\"@type\":\"WebPage\",\"@id\":\"https:\\\/\\\/www.accuratereviews.com\\\/it\\\/gestionali-per-fisioterapia-lista\\\/gomotive-recensione\\\/\",\"url\":\"https:\\\/\\\/www.accuratereviews.com\\\/it\\\/gestionali-per-fisioterapia-lista\\\/gomotive-recensione\\\/\",\"name\":\"GoMotive: recensione software gestionale fisioterapia - Accurate Reviews\",\"isPartOf\":{\"@id\":\"https:\\\/\\\/www.accuratereviews.com\\\/it\\\/#website\"},\"primaryImageOfPage\":{\"@id\":\"https:\\\/\\\/www.accuratereviews.com\\\/it\\\/gestionali-per-fisioterapia-lista\\\/gomotive-recensione\\\/#primaryimage\"},\"image\":{\"@id\":\"https:\\\/\\\/www.accuratereviews.com\\\/it\\\/gestionali-per-fisioterapia-lista\\\/gomotive-recensione\\\/#primaryimage\"},\"thumbnailUrl\":\"https:\\\/\\\/www.accuratereviews.com\\\/wp-content\\\/uploads\\\/2020\\\/06\\\/gomotive.png\",\"datePublished\":\"2020-06-24T13:30:37+00:00\",\"dateModified\":\"2021-02-02T17:31:54+00:00\",\"description\":\"GoMotive: recensione piattaforma per la fisioterapia e fitness che consente a centri benessere e istruttori di servire i clienti da remoto.\",\"breadcrumb\":{\"@id\":\"https:\\\/\\\/www.accuratereviews.com\\\/it\\\/gestionali-per-fisioterapia-lista\\\/gomotive-recensione\\\/#breadcrumb\"},\"inLanguage\":\"it-IT\",\"potentialAction\":[{\"@type\":\"ReadAction\",\"target\":[\"https:\\\/\\\/www.accuratereviews.com\\\/it\\\/gestionali-per-fisioterapia-lista\\\/gomotive-recensione\\\/\"]}]},{\"@type\":\"ImageObject\",\"inLanguage\":\"it-IT\",\"@id\":\"https:\\\/\\\/www.accuratereviews.com\\\/it\\\/gestionali-per-fisioterapia-lista\\\/gomotive-recensione\\\/#primaryimage\",\"url\":\"https:\\\/\\\/www.accuratereviews.com\\\/wp-content\\\/uploads\\\/2020\\\/06\\\/gomotive.png\",\"contentUrl\":\"https:\\\/\\\/www.accuratereviews.com\\\/wp-content\\\/uploads\\\/2020\\\/06\\\/gomotive.png\",\"width\":280,\"height\":280},{\"@type\":\"BreadcrumbList\",\"@id\":\"https:\\\/\\\/www.accuratereviews.com\\\/it\\\/gestionali-per-fisioterapia-lista\\\/gomotive-recensione\\\/#breadcrumb\",\"itemListElement\":[{\"@type\":\"ListItem\",\"position\":1,\"name\":\"Home\",\"item\":\"https:\\\/\\\/www.accuratereviews.com\\\/it\\\/\"},{\"@type\":\"ListItem\",\"position\":2,\"name\":\"Gestionali per fisioterapia\",\"item\":\"https:\\\/\\\/www.accuratereviews.com\\\/it\\\/gestionali-per-fisioterapia-lista\\\/\"},{\"@type\":\"ListItem\",\"position\":3,\"name\":\"GoMotive\"}]},{\"@type\":\"WebSite\",\"@id\":\"https:\\\/\\\/www.accuratereviews.com\\\/it\\\/#website\",\"url\":\"https:\\\/\\\/www.accuratereviews.com\\\/it\\\/\",\"name\":\"Accurate Reviews\",\"description\":\"\",\"potentialAction\":[{\"@type\":\"SearchAction\",\"target\":{\"@type\":\"EntryPoint\",\"urlTemplate\":\"https:\\\/\\\/www.accuratereviews.com\\\/it\\\/?s={search_term_string}\"},\"query-input\":{\"@type\":\"PropertyValueSpecification\",\"valueRequired\":true,\"valueName\":\"search_term_string\"}}],\"inLanguage\":\"it-IT\"}]}<\/script>\n<!-- \/ Yoast SEO plugin. -->","yoast_head_json":{"title":"GoMotive: recensione software gestionale fisioterapia - Accurate Reviews","description":"GoMotive: recensione piattaforma per la fisioterapia e fitness che consente a centri benessere e istruttori di servire i clienti da remoto.","robots":{"index":"index","follow":"follow","max-snippet":"max-snippet:-1","max-image-preview":"max-image-preview:large","max-video-preview":"max-video-preview:-1"},"canonical":"https:\/\/www.accuratereviews.com\/it\/gestionali-per-fisioterapia-lista\/gomotive-recensione\/","og_locale":"it_IT","og_type":"article","og_title":"GoMotive: recensione software gestionale fisioterapia - Accurate Reviews","og_description":"GoMotive: recensione piattaforma per la fisioterapia e fitness che consente a centri benessere e istruttori di servire i clienti da remoto.","og_url":"https:\/\/www.accuratereviews.com\/it\/gestionali-per-fisioterapia-lista\/gomotive-recensione\/","og_site_name":"Accurate Reviews","article_modified_time":"2021-02-02T17:31:54+00:00","og_image":[{"width":280,"height":280,"url":"https:\/\/www.accuratereviews.com\/wp-content\/uploads\/2020\/06\/gomotive.png","type":"image\/png"}],"twitter_card":"summary_large_image","twitter_misc":{"Tempo di lettura stimato":"3 minuti"},"schema":{"@context":"https:\/\/schema.org","@graph":[{"@type":"WebPage","@id":"https:\/\/www.accuratereviews.com\/it\/gestionali-per-fisioterapia-lista\/gomotive-recensione\/","url":"https:\/\/www.accuratereviews.com\/it\/gestionali-per-fisioterapia-lista\/gomotive-recensione\/","name":"GoMotive: recensione software gestionale fisioterapia - Accurate Reviews","isPartOf":{"@id":"https:\/\/www.accuratereviews.com\/it\/#website"},"primaryImageOfPage":{"@id":"https:\/\/www.accuratereviews.com\/it\/gestionali-per-fisioterapia-lista\/gomotive-recensione\/#primaryimage"},"image":{"@id":"https:\/\/www.accuratereviews.com\/it\/gestionali-per-fisioterapia-lista\/gomotive-recensione\/#primaryimage"},"thumbnailUrl":"https:\/\/www.accuratereviews.com\/wp-content\/uploads\/2020\/06\/gomotive.png","datePublished":"2020-06-24T13:30:37+00:00","dateModified":"2021-02-02T17:31:54+00:00","description":"GoMotive: recensione piattaforma per la fisioterapia e fitness che consente a centri benessere e istruttori di servire i clienti da remoto.","breadcrumb":{"@id":"https:\/\/www.accuratereviews.com\/it\/gestionali-per-fisioterapia-lista\/gomotive-recensione\/#breadcrumb"},"inLanguage":"it-IT","potentialAction":[{"@type":"ReadAction","target":["https:\/\/www.accuratereviews.com\/it\/gestionali-per-fisioterapia-lista\/gomotive-recensione\/"]}]},{"@type":"ImageObject","inLanguage":"it-IT","@id":"https:\/\/www.accuratereviews.com\/it\/gestionali-per-fisioterapia-lista\/gomotive-recensione\/#primaryimage","url":"https:\/\/www.accuratereviews.com\/wp-content\/uploads\/2020\/06\/gomotive.png","contentUrl":"https:\/\/www.accuratereviews.com\/wp-content\/uploads\/2020\/06\/gomotive.png","width":280,"height":280},{"@type":"BreadcrumbList","@id":"https:\/\/www.accuratereviews.com\/it\/gestionali-per-fisioterapia-lista\/gomotive-recensione\/#breadcrumb","itemListElement":[{"@type":"ListItem","position":1,"name":"Home","item":"https:\/\/www.accuratereviews.com\/it\/"},{"@type":"ListItem","position":2,"name":"Gestionali per fisioterapia","item":"https:\/\/www.accuratereviews.com\/it\/gestionali-per-fisioterapia-lista\/"},{"@type":"ListItem","position":3,"name":"GoMotive"}]},{"@type":"WebSite","@id":"https:\/\/www.accuratereviews.com\/it\/#website","url":"https:\/\/www.accuratereviews.com\/it\/","name":"Accurate Reviews","description":"","potentialAction":[{"@type":"SearchAction","target":{"@type":"EntryPoint","urlTemplate":"https:\/\/www.accuratereviews.com\/it\/?s={search_term_string}"},"query-input":{"@type":"PropertyValueSpecification","valueRequired":true,"valueName":"search_term_string"}}],"inLanguage":"it-IT"}]}},"_links":{"self":[{"href":"https:\/\/www.accuratereviews.com\/it\/wp-json\/wp\/v2\/pages\/27874","targetHints":{"allow":["GET"]}}],"collection":[{"href":"https:\/\/www.accuratereviews.com\/it\/wp-json\/wp\/v2\/pages"}],"about":[{"href":"https:\/\/www.accuratereviews.com\/it\/wp-json\/wp\/v2\/types\/page"}],"author":[{"embeddable":true,"href":"https:\/\/www.accuratereviews.com\/it\/wp-json\/wp\/v2\/users\/19"}],"replies":[{"embeddable":true,"href":"https:\/\/www.accuratereviews.com\/it\/wp-json\/wp\/v2\/comments?post=27874"}],"version-history":[{"count":9,"href":"https:\/\/www.accuratereviews.com\/it\/wp-json\/wp\/v2\/pages\/27874\/revisions"}],"predecessor-version":[{"id":36615,"href":"https:\/\/www.accuratereviews.com\/it\/wp-json\/wp\/v2\/pages\/27874\/revisions\/36615"}],"up":[{"embeddable":true,"href":"https:\/\/www.accuratereviews.com\/it\/wp-json\/wp\/v2\/pages\/27304"}],"wp:featuredmedia":[{"embeddable":true,"href":"https:\/\/www.accuratereviews.com\/it\/wp-json\/wp\/v2\/media\/27875"}],"wp:attachment":[{"href":"https:\/\/www.accuratereviews.com\/it\/wp-json\/wp\/v2\/media?parent=27874"}],"wp:term":[{"taxonomy":"category","embeddable":true,"href":"https:\/\/www.accuratereviews.com\/it\/wp-json\/wp\/v2\/categories?post=27874"},{"taxonomy":"post_tag","embeddable":true,"href":"https:\/\/www.accuratereviews.com\/it\/wp-json\/wp\/v2\/tags?post=27874"},{"taxonomy":"features","embeddable":true,"href":"https:\/\/www.accuratereviews.com\/it\/wp-json\/wp\/v2\/features?post=27874"}],"curies":[{"name":"wp","href":"https:\/\/api.w.org\/{rel}","templated":true}]}}