{"id":27889,"date":"2020-06-25T11:06:28","date_gmt":"2020-06-25T11:06:28","guid":{"rendered":"https:\/\/www.accuratereviews.com\/?page_id=27889"},"modified":"2021-02-02T17:17:26","modified_gmt":"2021-02-02T17:17:26","slug":"wellsky-rehabilitation-recensione","status":"publish","type":"page","link":"https:\/\/www.accuratereviews.com\/it\/gestionali-per-fisioterapia-lista\/wellsky-rehabilitation-recensione\/","title":{"rendered":"WellSky Rehabilitation"},"content":{"rendered":"<p><strong>WellSky Rehabilitation<\/strong> (precedentemente MediLinks) \u00e8 una soluzione di <strong>gestione dei pazienti basata su cloud<\/strong> che supporta la riabilitazione ambulatoriale in contesti che includono ospedali, strutture di riabilitazione ospedaliera (IRF) e studi privati. Le caratteristiche principali includono la conformit\u00e0 alle normative del settore, strumenti di creazione di grafici flessibili, report efficaci, strumenti di coinvolgimento dei pazienti, pianificazione\u00a0drag and drop\u00a0e molto altro.\u00a0WellSky Rehabilitation offre strumenti di collaborazione per aiutare i diversi ruoli del team a lavorare e comunicare insieme.\u00a0Inoltre, la soluzione offre strumenti di reportistica che presentano dati in tempo reale, consentendo di organizzare e prendere decisioni tempestive e informate. I dati organizzativi possono essere esportati in PDF e foglio di calcolo per ulteriori analisi.<\/p>\n<h2>WELLSKY REHABILITATION &#8211; TUTORIAL<\/h2>\n<p>Il video mostra i passaggi essenziali per la navigazione su questo <strong>software gestionale per fisioterapia<\/strong>:<\/p>\n<div id=\"fluid-wrapper-counter-1\" class=\"g1-fluid-wrapper \" style=\"width:686px;\">\n<div style=\"padding-bottom:56.268221574344%;\"><iframe loading=\"lazy\" title=\"Doctors Choice Wellsky Navigation\" width=\"686\" height=\"386\" src=\"https:\/\/www.youtube.com\/embed\/xJmyYttFp_8?feature=oembed&amp;wmode=transparent&amp;autohide=1&amp;autoplay=0&amp;disablekb=0&amp;fs=1&amp;loop=0&amp;enablejsapi=1&amp;rel=0&amp;controls=2&amp;showinfo=0&amp;wmode=transparent&amp;autohide=2&amp;autoplay=0&amp;disablekb=0&amp;fs=1&amp;loop=0&amp;enablejsapi=1&amp;rel=0&amp;controls=2&amp;showinfo=1\" frameborder=\"0\" allow=\"accelerometer; autoplay; clipboard-write; encrypted-media; gyroscope; picture-in-picture\" allowfullscreen><\/iframe><\/div>\n<\/div>\n<h3>WELLSKY REHABILITATION &#8211; CARATTERISTICHE<\/h3>\n<ul>\n<li><strong>Gestione pratica<\/strong>: semplifica e ottimizza i complessi flussi di lavoro di gestione dei pazienti con le soluzioni di riabilitazione ambulatoriale. Aiutia la tua azienda a massimizzare l&#8217;efficienza con notifiche e avvisi, semplificando la pianificazione complessa e riducendo le tariffe di mancata presentazione con la comunicazione personalizzata con il paziente<\/li>\n<li><strong>Conformit\u00e0<\/strong>: garantire la conformit\u00e0 con documentazione configurabile, difendibile e acquisizione della carica. \u00c8 possibile creare grafici chiari e leggibili, aumentare l&#8217;accuratezza e la velocit\u00e0 della documentazione e l&#8217;acquisizione della carica, semplificare e gestire il piano di assistenza e tenere traccia dell&#8217;attivit\u00e0 dei pazienti e dei progressi nei tempi, ogni volta<\/li>\n<li><strong>Massimizzazione e protezione delle entrate<\/strong>: massimizza le operazioni con i dati acquisiti dalla soluzione per prendere decisioni gestionali tempestive. L&#8217;addebito dei dati di acquisizione scorre automaticamente dalla documentazione alla fatturazione, con conseguente invio pi\u00f9 rapido, meno errori e una migliore connessione ai pagatori<\/li>\n<li><strong>Esperienza del paziente<\/strong>: sfrutta il flusso di lavoro, i dati e i risultati per supportare un&#8217;efficace gestione dei pazienti e fornire cure eccezionali. Il software fornisce soluzioni per utilizzare al meglio i risultati dei pazienti e della clinica per gestire il valore e la qualit\u00e0 delle cure. Le soluzioni si integrano con i fornitori di risultati e coinvolgimento dei pazienti per creare un approccio che mostri impatto sul ripristino funzionale dei pazienti<\/li>\n<\/ul>\n<h4>LE RECENSIONI DEGLI UTENTI<\/h4>\n<h4 class=\"font-weight-bold my-1 d-flex align-items-center\">Tim S.&#8221;nel complesso, mi piace il prodotto. pu\u00f2 essere personalizzato per soddisfare le nostre crescenti esigenze.&#8221;<\/h4>\n<p><strong>Vantaggi: <\/strong>Medilinks \u00e8 specificamente orientato alla riabilitazione in modo da soddisfare le esigenze del nostro dipartimento. Ad esempio, tiene traccia automaticamente delle autorizzazioni assicurative e avvisa l&#8217;uso finale quando \u00e8 necessaria un&#8217;ulteriore autorizzazione. Inoltre avviser\u00e0 automaticamente l&#8217;utente finale quando \u00e8 necessario un modificatore per la fatturazione. All&#8217;interno di 1 sistema possiamo tracciare grafici, fatturare e tracciare la produttivit\u00e0.<\/p>\n<p><strong>Inconvenienti: <\/strong>Da quando \u00e8 cresciuto, il servizio clienti ha sofferto. Non riceviamo risposte rapide alle domande inviate. I casi vengono chiusi dopo la risposta di Medilinks anche se non risolve il nostro problema.<\/p>\n<h4 class=\"font-weight-bold my-1 d-flex align-items-center\">Lisa W.&#8221;Molto user friendly&#8221;<\/h4>\n<p><strong>Commenti: <\/strong>La facilit\u00e0 d&#8217;uso e l&#8217;aspetto visivo del prodotto sono eccezionali. C&#8217;era una curva di apprendimento molto piccola quando si passava dalla loro versione precedente alla versione corrente in quanto Mediware lo rendeva molto facile da usare. Abbiamo formato tutto il personale in poche ore in un pomeriggio.<\/p>\n<p><strong>Vantaggi: <\/strong>Faccio la professione di fisioterapia da oltre 25 anni. Iniziato su carta e ho utilizzato alcuni altri programmi software prima di utilizzare Medilink. I miglioramenti che sono stati apportati negli ultimi due anni alla loro piattaforma ambulatoriale sono stati eccezionali per quanto riguarda il fatto di aiutarmi a tenere il passo con tutti i requisiti richiesti dai pagatori. Dai codici G al monitoraggio delle autorizzazioni fino agli avvisi alla prossima visita del MD, Medilinks ha tutto.<\/p>\n<p><strong>Inconvenienti: <\/strong>La mia parte meno preferita \u00e8 l&#8217;incapacit\u00e0 di inviare messaggi a pi\u00f9 utenti contemporaneamente. Certamente non \u00e8 un affare.<\/p>\n<h4 class=\"font-weight-bold my-1 d-flex align-items-center\">Amy B.&#8221;Grande aggiunta al nostro Rehab EMR&#8221;<\/h4>\n<p><strong>Commenti: <\/strong>report, conformit\u00e0, facilit\u00e0 d&#8217;uso, servizio clienti<\/p>\n<p><strong>Vantaggi: <\/strong>Medilinks ha reso molto pi\u00f9 facile il rispetto delle linee guida normative. Rimangono aggiornati sui cambiamenti del settore e aiutano la struttura a effettuare una transizione graduale quando sono necessarie modifiche al software. La disponibilit\u00e0 di report semplifica l&#8217;aggiornamento della conformit\u00e0 e semplifica il monitoraggio dei progressi del paziente. Il software \u00e8 facile da usare e la formazione di nuovo personale \u00e8 in genere semplice e veloce.<\/p>\n<p><strong>Inconvenienti: <\/strong>Alcune delle filiali nella documentazione possono richiedere un po &#8216;di tempo, ma \u00e8 per garantire il punteggio e la documentazione pi\u00f9 accurati.<\/p>\n","protected":false},"excerpt":{"rendered":"<p>WellSky Rehabilitation (precedentemente MediLinks) \u00e8 una soluzione di gestione dei pazienti basata su cloud che supporta la riabilitazione ambulatoriale in contesti che includono ospedali, strutture di riabilitazione ospedaliera (IRF) e studi privati. Le caratteristiche principali includono la conformit\u00e0 alle normative del settore, strumenti di creazione di grafici flessibili, report efficaci, strumenti di coinvolgimento dei pazienti, pianificazione\u00a0drag and drop\u00a0e molto altro<\/p>\n","protected":false},"author":19,"featured_media":27892,"parent":27304,"menu_order":0,"comment_status":"open","ping_status":"closed","template":"g1_template_page_review_new.php","meta":{"_acf_changed":false,"cwp_meta_box_check":"Yes","cwp_rev_product_name":"","cwp_rev_product_image":"","wppr_links":[],"cwp_rev_price":"","wppr_options":[],"wppr_pros":[],"wppr_cons":[],"_monsterinsights_skip_tracking":false,"_monsterinsights_sitenote_active":false,"_monsterinsights_sitenote_note":"","_monsterinsights_sitenote_category":0,"footnotes":""},"categories":[2993],"tags":[3103,3009,3033,2995,3008,3102],"features":[],"class_list":{"0":"post-27889","1":"page","2":"type-page","3":"status-publish","4":"has-post-thumbnail","6":"category-gestionale-per-fisioterapia-categoria","7":"tag-medilinks","8":"tag-piattaforma-gestionale-per-fisioterapie","9":"tag-programma-gestionale-per-fisioterpie","10":"tag-software-gestionale-per-fisioterapie","11":"tag-soluzione-gestionale-per-fisioterapie","12":"tag-wellsky-rehabilitation"},"wppr_data":{"cwp_meta_box_check":"Yes","cwp_rev_product_name":"","cwp_rev_product_image":"","cwp_image_link":"image","cwp_rev_price":"","wppr_rating":"0.00"},"acf":[],"yoast_head":"<!-- This site is optimized with the Yoast SEO plugin v27.4 - https:\/\/yoast.com\/product\/yoast-seo-wordpress\/ -->\n<title>WellSky Rehabilitation: recensione gestionale fisioterapia<\/title>\n<meta name=\"description\" content=\"WellSky Rehabilitation: recensione soluzione di gestione dei pazienti basata su cloud che supporta la riabilitazione ambulatoriale.\" \/>\n<meta name=\"robots\" content=\"index, follow, max-snippet:-1, max-image-preview:large, max-video-preview:-1\" \/>\n<link rel=\"canonical\" href=\"https:\/\/www.accuratereviews.com\/it\/gestionali-per-fisioterapia-lista\/wellsky-rehabilitation-recensione\/\" \/>\n<meta property=\"og:locale\" content=\"it_IT\" \/>\n<meta property=\"og:type\" content=\"article\" \/>\n<meta property=\"og:title\" content=\"WellSky Rehabilitation: recensione gestionale fisioterapia\" \/>\n<meta property=\"og:description\" content=\"WellSky Rehabilitation: recensione soluzione di gestione dei pazienti basata su cloud che supporta la riabilitazione ambulatoriale.\" \/>\n<meta property=\"og:url\" content=\"https:\/\/www.accuratereviews.com\/it\/gestionali-per-fisioterapia-lista\/wellsky-rehabilitation-recensione\/\" \/>\n<meta property=\"og:site_name\" content=\"Accurate Reviews\" \/>\n<meta property=\"article:modified_time\" content=\"2021-02-02T17:17:26+00:00\" \/>\n<meta property=\"og:image\" content=\"https:\/\/www.accuratereviews.com\/wp-content\/uploads\/2020\/06\/WELLSKY-REHABILITATION.png\" \/>\n\t<meta property=\"og:image:width\" content=\"747\" \/>\n\t<meta property=\"og:image:height\" content=\"274\" \/>\n\t<meta property=\"og:image:type\" content=\"image\/png\" \/>\n<meta name=\"twitter:card\" content=\"summary_large_image\" \/>\n<meta name=\"twitter:label1\" content=\"Tempo di lettura stimato\" \/>\n\t<meta name=\"twitter:data1\" content=\"4 minuti\" \/>\n<script type=\"application\/ld+json\" class=\"yoast-schema-graph\">{\"@context\":\"https:\\\/\\\/schema.org\",\"@graph\":[{\"@type\":\"WebPage\",\"@id\":\"https:\\\/\\\/www.accuratereviews.com\\\/it\\\/gestionali-per-fisioterapia-lista\\\/wellsky-rehabilitation-recensione\\\/\",\"url\":\"https:\\\/\\\/www.accuratereviews.com\\\/it\\\/gestionali-per-fisioterapia-lista\\\/wellsky-rehabilitation-recensione\\\/\",\"name\":\"WellSky Rehabilitation: recensione gestionale fisioterapia\",\"isPartOf\":{\"@id\":\"https:\\\/\\\/www.accuratereviews.com\\\/it\\\/#website\"},\"primaryImageOfPage\":{\"@id\":\"https:\\\/\\\/www.accuratereviews.com\\\/it\\\/gestionali-per-fisioterapia-lista\\\/wellsky-rehabilitation-recensione\\\/#primaryimage\"},\"image\":{\"@id\":\"https:\\\/\\\/www.accuratereviews.com\\\/it\\\/gestionali-per-fisioterapia-lista\\\/wellsky-rehabilitation-recensione\\\/#primaryimage\"},\"thumbnailUrl\":\"https:\\\/\\\/www.accuratereviews.com\\\/wp-content\\\/uploads\\\/2020\\\/06\\\/WELLSKY-REHABILITATION.png\",\"datePublished\":\"2020-06-25T11:06:28+00:00\",\"dateModified\":\"2021-02-02T17:17:26+00:00\",\"description\":\"WellSky Rehabilitation: recensione soluzione di gestione dei pazienti basata su cloud che supporta la riabilitazione ambulatoriale.\",\"breadcrumb\":{\"@id\":\"https:\\\/\\\/www.accuratereviews.com\\\/it\\\/gestionali-per-fisioterapia-lista\\\/wellsky-rehabilitation-recensione\\\/#breadcrumb\"},\"inLanguage\":\"it-IT\",\"potentialAction\":[{\"@type\":\"ReadAction\",\"target\":[\"https:\\\/\\\/www.accuratereviews.com\\\/it\\\/gestionali-per-fisioterapia-lista\\\/wellsky-rehabilitation-recensione\\\/\"]}]},{\"@type\":\"ImageObject\",\"inLanguage\":\"it-IT\",\"@id\":\"https:\\\/\\\/www.accuratereviews.com\\\/it\\\/gestionali-per-fisioterapia-lista\\\/wellsky-rehabilitation-recensione\\\/#primaryimage\",\"url\":\"https:\\\/\\\/www.accuratereviews.com\\\/wp-content\\\/uploads\\\/2020\\\/06\\\/WELLSKY-REHABILITATION.png\",\"contentUrl\":\"https:\\\/\\\/www.accuratereviews.com\\\/wp-content\\\/uploads\\\/2020\\\/06\\\/WELLSKY-REHABILITATION.png\",\"width\":747,\"height\":274},{\"@type\":\"BreadcrumbList\",\"@id\":\"https:\\\/\\\/www.accuratereviews.com\\\/it\\\/gestionali-per-fisioterapia-lista\\\/wellsky-rehabilitation-recensione\\\/#breadcrumb\",\"itemListElement\":[{\"@type\":\"ListItem\",\"position\":1,\"name\":\"Home\",\"item\":\"https:\\\/\\\/www.accuratereviews.com\\\/it\\\/\"},{\"@type\":\"ListItem\",\"position\":2,\"name\":\"Gestionali per fisioterapia\",\"item\":\"https:\\\/\\\/www.accuratereviews.com\\\/it\\\/gestionali-per-fisioterapia-lista\\\/\"},{\"@type\":\"ListItem\",\"position\":3,\"name\":\"WellSky Rehabilitation\"}]},{\"@type\":\"WebSite\",\"@id\":\"https:\\\/\\\/www.accuratereviews.com\\\/it\\\/#website\",\"url\":\"https:\\\/\\\/www.accuratereviews.com\\\/it\\\/\",\"name\":\"Accurate Reviews\",\"description\":\"\",\"potentialAction\":[{\"@type\":\"SearchAction\",\"target\":{\"@type\":\"EntryPoint\",\"urlTemplate\":\"https:\\\/\\\/www.accuratereviews.com\\\/it\\\/?s={search_term_string}\"},\"query-input\":{\"@type\":\"PropertyValueSpecification\",\"valueRequired\":true,\"valueName\":\"search_term_string\"}}],\"inLanguage\":\"it-IT\"}]}<\/script>\n<!-- \/ Yoast SEO plugin. -->","yoast_head_json":{"title":"WellSky Rehabilitation: recensione gestionale fisioterapia","description":"WellSky Rehabilitation: recensione soluzione di gestione dei pazienti basata su cloud che supporta la riabilitazione ambulatoriale.","robots":{"index":"index","follow":"follow","max-snippet":"max-snippet:-1","max-image-preview":"max-image-preview:large","max-video-preview":"max-video-preview:-1"},"canonical":"https:\/\/www.accuratereviews.com\/it\/gestionali-per-fisioterapia-lista\/wellsky-rehabilitation-recensione\/","og_locale":"it_IT","og_type":"article","og_title":"WellSky Rehabilitation: recensione gestionale fisioterapia","og_description":"WellSky Rehabilitation: recensione soluzione di gestione dei pazienti basata su cloud che supporta la riabilitazione ambulatoriale.","og_url":"https:\/\/www.accuratereviews.com\/it\/gestionali-per-fisioterapia-lista\/wellsky-rehabilitation-recensione\/","og_site_name":"Accurate Reviews","article_modified_time":"2021-02-02T17:17:26+00:00","og_image":[{"width":747,"height":274,"url":"https:\/\/www.accuratereviews.com\/wp-content\/uploads\/2020\/06\/WELLSKY-REHABILITATION.png","type":"image\/png"}],"twitter_card":"summary_large_image","twitter_misc":{"Tempo di lettura stimato":"4 minuti"},"schema":{"@context":"https:\/\/schema.org","@graph":[{"@type":"WebPage","@id":"https:\/\/www.accuratereviews.com\/it\/gestionali-per-fisioterapia-lista\/wellsky-rehabilitation-recensione\/","url":"https:\/\/www.accuratereviews.com\/it\/gestionali-per-fisioterapia-lista\/wellsky-rehabilitation-recensione\/","name":"WellSky Rehabilitation: recensione gestionale fisioterapia","isPartOf":{"@id":"https:\/\/www.accuratereviews.com\/it\/#website"},"primaryImageOfPage":{"@id":"https:\/\/www.accuratereviews.com\/it\/gestionali-per-fisioterapia-lista\/wellsky-rehabilitation-recensione\/#primaryimage"},"image":{"@id":"https:\/\/www.accuratereviews.com\/it\/gestionali-per-fisioterapia-lista\/wellsky-rehabilitation-recensione\/#primaryimage"},"thumbnailUrl":"https:\/\/www.accuratereviews.com\/wp-content\/uploads\/2020\/06\/WELLSKY-REHABILITATION.png","datePublished":"2020-06-25T11:06:28+00:00","dateModified":"2021-02-02T17:17:26+00:00","description":"WellSky Rehabilitation: recensione soluzione di gestione dei pazienti basata su cloud che supporta la riabilitazione ambulatoriale.","breadcrumb":{"@id":"https:\/\/www.accuratereviews.com\/it\/gestionali-per-fisioterapia-lista\/wellsky-rehabilitation-recensione\/#breadcrumb"},"inLanguage":"it-IT","potentialAction":[{"@type":"ReadAction","target":["https:\/\/www.accuratereviews.com\/it\/gestionali-per-fisioterapia-lista\/wellsky-rehabilitation-recensione\/"]}]},{"@type":"ImageObject","inLanguage":"it-IT","@id":"https:\/\/www.accuratereviews.com\/it\/gestionali-per-fisioterapia-lista\/wellsky-rehabilitation-recensione\/#primaryimage","url":"https:\/\/www.accuratereviews.com\/wp-content\/uploads\/2020\/06\/WELLSKY-REHABILITATION.png","contentUrl":"https:\/\/www.accuratereviews.com\/wp-content\/uploads\/2020\/06\/WELLSKY-REHABILITATION.png","width":747,"height":274},{"@type":"BreadcrumbList","@id":"https:\/\/www.accuratereviews.com\/it\/gestionali-per-fisioterapia-lista\/wellsky-rehabilitation-recensione\/#breadcrumb","itemListElement":[{"@type":"ListItem","position":1,"name":"Home","item":"https:\/\/www.accuratereviews.com\/it\/"},{"@type":"ListItem","position":2,"name":"Gestionali per fisioterapia","item":"https:\/\/www.accuratereviews.com\/it\/gestionali-per-fisioterapia-lista\/"},{"@type":"ListItem","position":3,"name":"WellSky Rehabilitation"}]},{"@type":"WebSite","@id":"https:\/\/www.accuratereviews.com\/it\/#website","url":"https:\/\/www.accuratereviews.com\/it\/","name":"Accurate Reviews","description":"","potentialAction":[{"@type":"SearchAction","target":{"@type":"EntryPoint","urlTemplate":"https:\/\/www.accuratereviews.com\/it\/?s={search_term_string}"},"query-input":{"@type":"PropertyValueSpecification","valueRequired":true,"valueName":"search_term_string"}}],"inLanguage":"it-IT"}]}},"_links":{"self":[{"href":"https:\/\/www.accuratereviews.com\/it\/wp-json\/wp\/v2\/pages\/27889","targetHints":{"allow":["GET"]}}],"collection":[{"href":"https:\/\/www.accuratereviews.com\/it\/wp-json\/wp\/v2\/pages"}],"about":[{"href":"https:\/\/www.accuratereviews.com\/it\/wp-json\/wp\/v2\/types\/page"}],"author":[{"embeddable":true,"href":"https:\/\/www.accuratereviews.com\/it\/wp-json\/wp\/v2\/users\/19"}],"replies":[{"embeddable":true,"href":"https:\/\/www.accuratereviews.com\/it\/wp-json\/wp\/v2\/comments?post=27889"}],"version-history":[{"count":11,"href":"https:\/\/www.accuratereviews.com\/it\/wp-json\/wp\/v2\/pages\/27889\/revisions"}],"predecessor-version":[{"id":36596,"href":"https:\/\/www.accuratereviews.com\/it\/wp-json\/wp\/v2\/pages\/27889\/revisions\/36596"}],"up":[{"embeddable":true,"href":"https:\/\/www.accuratereviews.com\/it\/wp-json\/wp\/v2\/pages\/27304"}],"wp:featuredmedia":[{"embeddable":true,"href":"https:\/\/www.accuratereviews.com\/it\/wp-json\/wp\/v2\/media\/27892"}],"wp:attachment":[{"href":"https:\/\/www.accuratereviews.com\/it\/wp-json\/wp\/v2\/media?parent=27889"}],"wp:term":[{"taxonomy":"category","embeddable":true,"href":"https:\/\/www.accuratereviews.com\/it\/wp-json\/wp\/v2\/categories?post=27889"},{"taxonomy":"post_tag","embeddable":true,"href":"https:\/\/www.accuratereviews.com\/it\/wp-json\/wp\/v2\/tags?post=27889"},{"taxonomy":"features","embeddable":true,"href":"https:\/\/www.accuratereviews.com\/it\/wp-json\/wp\/v2\/features?post=27889"}],"curies":[{"name":"wp","href":"https:\/\/api.w.org\/{rel}","templated":true}]}}