{"id":27900,"date":"2020-06-25T11:07:23","date_gmt":"2020-06-25T11:07:23","guid":{"rendered":"https:\/\/www.accuratereviews.com\/?page_id=27900"},"modified":"2021-02-02T17:36:38","modified_gmt":"2021-02-02T17:36:38","slug":"theraplatform-recensione","status":"publish","type":"page","link":"https:\/\/www.accuratereviews.com\/it\/gestionali-per-fisioterapia-lista\/theraplatform-recensione\/","title":{"rendered":"TheraPlatform"},"content":{"rendered":"<p><strong>TheraPlatform<\/strong> \u00e8 una <strong>piattaforma di gestione e videoconferenza<\/strong> conforme a HIPAA. I fornitori e i pazienti non devono scaricare software, poich\u00e9 \u00e8 possibile accedervi tramite browser su un laptop, desktop, tablet o smartphone. Le sessioni di gruppo possono essere condotte con partecipanti provenienti da pi\u00f9 posizioni, ognuna utilizzando un collegamento sicuro e unico. Una lavagna integrata, la condivisione dello schermo, la compatibilit\u00e0 della document camera e la gestione del materiale terapeutico sono altre caratteristiche di <strong>TheraPlatform<\/strong>.\u00a0Questo sistema <strong>gestionale per fisioterapia<\/strong> offre EMR \/ EHR, portale self-service, promemoria di appuntamenti, pratica multi-provider, monitoraggio della conformit\u00e0 in un unico posto.<\/p>\n<h2>THERAPLATFORM &#8211; TUTORIAL<\/h2>\n<p>Ecco un video in cui illustra i principali strumenti di questo <strong>software gestionale per fisioterapia<\/strong>:<\/p>\n<div id=\"fluid-wrapper-counter-1\" class=\"g1-fluid-wrapper \" style=\"width:686px;\">\n<div style=\"padding-bottom:56.268221574344%;\"><iframe loading=\"lazy\" title=\"TheraPlatform - secure teletherapy platform\" width=\"686\" height=\"386\" src=\"https:\/\/www.youtube.com\/embed\/6AcZ0ICXYQ8?feature=oembed&amp;wmode=transparent&amp;autohide=1&amp;autoplay=0&amp;disablekb=0&amp;fs=1&amp;loop=0&amp;enablejsapi=1&amp;rel=0&amp;controls=2&amp;showinfo=0&amp;wmode=transparent&amp;autohide=2&amp;autoplay=0&amp;disablekb=0&amp;fs=1&amp;loop=0&amp;enablejsapi=1&amp;rel=0&amp;controls=2&amp;showinfo=1\" frameborder=\"0\" allow=\"accelerometer; autoplay; encrypted-media; gyroscope; picture-in-picture\" allowfullscreen><\/iframe><\/div>\n<\/div>\n<h3>THERAPLATFORM &#8211; CARATTERISTICHE<\/h3>\n<ul>\n<li><strong>Interfaccia intuitiva<\/strong>: usa il tuo browser web su un computer, smartphone o tablet. Due modi flessibili per i clienti di unirsi a te online: tramite il portale client o un collegamento sicuro e autenticato che non richiede login o password. Promemoria di appuntamenti automatici per sessioni video conformi a HIPAA<\/li>\n<li><strong>Teleterapia di gruppo<\/strong>: condurre sessioni di teleterapia di gruppo con pi\u00f9 partecipanti da luoghi uguali o diversi utilizzando i loro collegamenti unici e sicuri. Ottimo per la famiglia, il matrimonio, la terapia di gruppo social<\/li>\n<li><strong>Lavagna interattiva<\/strong>: la lavagna bianca integrata offre infinite possibilit\u00e0 per sessioni di telemedicina. Usalo per spiegare concetti, problem solving, brainstorming, esercizi o attivit\u00e0 terapeutiche. Oltre a dipingere, disegnare e scrivere, la nostra lavagna offre anche alcuni strumenti adatti ai bambini<\/li>\n<li><strong>Organizza e presenta i tuoi materiali terapeutici<\/strong>: carica e organizza le tue risorse come dispense e fogli di lavoro e presentali durante le tue sessioni online dal vivo. Sia i clienti che i medici possono modificare le risorse con gli strumenti annotativi. Puoi anche condividere le tue risorse offline per ulteriore istruzione o compiti con un clic di un pulsante. Il tuo cliente ricever\u00e0 una notifica via email quando condividi una risorsa e pu\u00f2 caricarla, visualizzarla e stamparla secondo necessit\u00e0<\/li>\n<li><strong>Guarda i video con il tuo cliente durante le sessioni:<\/strong> crea la tua videoteca e guarda i video contemporaneamente ai tuoi clienti. Ottimo per attivit\u00e0 di educazione del cliente e terapia<\/li>\n<li><strong>Condivisione schermo bidirezionale<\/strong>: la videoconferenza conforme a HIPAA include la funzione di condivisione dello schermo bidirezionale che consente ai medici di condividere desktop, siti web, presentazioni in power point e risorse online<\/li>\n<li><strong>Compatibile con le document camera<\/strong>: collega la document camera, posiziona il documento o l&#8217;oggetto e voil\u00e0, i tuoi clienti possono vederlo<\/li>\n<li><strong>Chat sicura durante la sessione<\/strong>: chatta in modo sicuro con i tuoi clienti durante le sessioni online live o esegui la terapia di chat live<\/li>\n<li><strong>App e giochi integrati (solo Pro Plus):<\/strong> questo piano \u00e8 particolarmente utile per le pratiche che offrono logopedia o servizi multidisciplinari come la parola, la terapia occupazionale e fisica e i servizi di salute mentale. Le nostre app si rivolgono a memoria, risoluzione dei problemi, anomia, articolazione, linguaggio espressivo e ricettivo, afasia, elaborazione uditiva e abilit\u00e0 sociali<\/li>\n<li><strong>Documentazione in sessione<\/strong>: mantieni la tua documentazione accurata e aggiornata utilizzando l&#8217;opzione di documentazione in sessione. Puoi anche usare questa opzione durante le sessioni di telehealth di gruppo. Le tue note non sono visibili al cliente e sono archiviate in modo sicuro<\/li>\n<li><strong>Fatturazione sicure<\/strong>: imposta i tipi di servizio, i costi e le preferenze di fatturazione per i tuoi servizi di telemedicina. I clienti possono effettuare pagamenti prima delle loro sessioni o inviare fatture ai clienti. Puoi anche inviare reclami elettronici per servizi di telemedicina tramite il sistema di fatturazione integrato<\/li>\n<\/ul>\n<h4>LE RECENSIONI DEGLI UTENTI<\/h4>\n<h4 class=\"font-weight-bold my-1 d-flex align-items-center\">Marika D.&#8221;Incredibile piattaforma integrata!&#8221;<\/h4>\n<p><strong>Commenti: <\/strong>Molto soddisfatto ed entusiasta di utilizzare questa piattaforma.<\/p>\n<p><strong>Vantaggi: <\/strong>Theraplatform sembra essere una delle poche piattaforme che \u00e8 davvero in grado di fare tutto. Sebbene sia una nuova societ\u00e0 e continui a migliorare se stessa, ha le basi per conquistare il settore. Puoi fare chat asincrone, videoconferenze, aggiungere moduli e moduli di input con il tuo cliente, aggiungere note sullo stato di avanzamento, creare valutazioni e piani di trattamento personalizzati e caricare allegati nel grafico del tuo cliente. Anche la lavagna interattiva e la capacit\u00e0 di fare fogli di lavoro durante le sessioni con i clienti \u00e8 sorprendente.<\/p>\n<p><strong>Inconvenienti: <\/strong>Vorrei che ci fosse una linea di assistenza 24 ore su 24 per i clienti, quindi se hanno problemi tecnici possono ottenere supporto. Sebbene il servizio clienti risponda molto rapidamente, avere un&#8217;interazione individuale pu\u00f2 essere davvero utile anche per me come nuovo utente del software e sopraffatto dal dover impostare una pratica online. Inoltre, per qualche motivo durante la modifica di moduli e fogli di lavoro, \u00e8 difficile spostare le nuove caselle dal basso verso il posizionamento nella parte superiore del modulo.<\/p>\n<h4 class=\"font-weight-bold my-1 d-flex align-items-center\">Maryann L.&#8221;Ho fatto il grande passo!&#8221;<\/h4>\n<p><strong>Commenti: <\/strong>Per me, si trattava solo di essere conforme a HIPAA!<\/p>\n<p><strong>Vantaggi: <\/strong>Ho studiato la salute del tele-comportamento e sapevo che dovevo trovare un prodotto conforme HIPAA per le sessioni video. Ho letto altre recensioni che erano abbastanza positive e ho anche trovato eccellente il servizio clienti di TheraPlatform! Le mie domande hanno avuto una risposta rapida e chiara e la persona che mi ha aiutato (Beata) \u00e8 stata gentile, disponibile e cortese. Sono fiducioso di utilizzare un ottimo prodotto e di lavorare eticamente con i miei clienti.<\/p>\n<p><strong>Inconvenienti: <\/strong>Ho aderito al piano di base, poich\u00e9 ho appena iniziato con sessioni video ed \u00e8 tutto un po &#8216;travolgente. Non sono cos\u00ec tecnologicamente sicuro, quindi ho voluto iniziare lentamente. Nei piani di livello superiore c&#8217;\u00e8 pi\u00f9 di quello di cui ho bisogno a questo punto. Quindi sono felice per il piano di base a questo punto!<\/p>\n<h4 class=\"font-weight-bold my-1 d-flex align-items-center\">Erica H.&#8221;Era la mia migliore opzione per il mio piccolo studio privato.&#8221;<\/h4>\n<p><strong>Vantaggi: <\/strong>Il software non richiede molti sforzi da parte dei clienti o del terapeuta. \u00c8 facile da usare.<\/p>\n<p><strong>Inconvenienti: <\/strong>Devo ancora padroneggiare i gruppi di pianificazione e far tornare le persone nel gruppo giusto se lasciano la sessione attiva. Questo potrebbe essere un problema per l&#8217;utente.<\/p>\n","protected":false},"excerpt":{"rendered":"<p>TheraPlatform \u00e8 una piattaforma di gestione e videoconferenza conforme a HIPAA. I fornitori e i pazienti non devono scaricare software, poich\u00e9 \u00e8 possibile accedervi tramite browser su un laptop, desktop, tablet o smartphone. Le sessioni di gruppo possono essere condotte con partecipanti provenienti da pi\u00f9 posizioni, ognuna utilizzando un collegamento sicuro e unico.<\/p>\n","protected":false},"author":19,"featured_media":27901,"parent":27304,"menu_order":0,"comment_status":"open","ping_status":"closed","template":"g1_template_page_review_new.php","meta":{"_acf_changed":false,"cwp_meta_box_check":"Yes","cwp_rev_product_name":"","cwp_rev_product_image":"","wppr_links":[],"cwp_rev_price":"","wppr_options":[],"wppr_pros":[],"wppr_cons":[],"_monsterinsights_skip_tracking":false,"_monsterinsights_sitenote_active":false,"_monsterinsights_sitenote_note":"","_monsterinsights_sitenote_category":0,"footnotes":""},"categories":[2993],"tags":[3009,3033,2995,3008,3104],"features":[],"class_list":{"0":"post-27900","1":"page","2":"type-page","3":"status-publish","4":"has-post-thumbnail","6":"category-gestionale-per-fisioterapia-categoria","7":"tag-piattaforma-gestionale-per-fisioterapie","8":"tag-programma-gestionale-per-fisioterpie","9":"tag-software-gestionale-per-fisioterapie","10":"tag-soluzione-gestionale-per-fisioterapie","11":"tag-theraplatform"},"wppr_data":{"cwp_meta_box_check":"Yes","cwp_rev_product_name":"","cwp_rev_product_image":"","cwp_image_link":"image","cwp_rev_price":"","wppr_rating":"0.00"},"acf":[],"yoast_head":"<!-- This site is optimized with the Yoast SEO plugin v27.4 - https:\/\/yoast.com\/product\/yoast-seo-wordpress\/ -->\n<title>TheraPlatform: recensione gestionale fisioterapia - Accurate Reviews<\/title>\n<meta name=\"description\" content=\"TheraPlatform: recensione soluzione di gestione e videoconferenza conforme a HIPAA, i dottori e i pazienti possono accedervi tramite browser.\" \/>\n<meta name=\"robots\" content=\"index, follow, max-snippet:-1, max-image-preview:large, max-video-preview:-1\" \/>\n<link rel=\"canonical\" href=\"https:\/\/www.accuratereviews.com\/it\/gestionali-per-fisioterapia-lista\/theraplatform-recensione\/\" \/>\n<meta property=\"og:locale\" content=\"it_IT\" \/>\n<meta property=\"og:type\" content=\"article\" \/>\n<meta property=\"og:title\" content=\"TheraPlatform: recensione gestionale fisioterapia - Accurate Reviews\" \/>\n<meta property=\"og:description\" content=\"TheraPlatform: recensione soluzione di gestione e videoconferenza conforme a HIPAA, i dottori e i pazienti possono accedervi tramite browser.\" \/>\n<meta property=\"og:url\" content=\"https:\/\/www.accuratereviews.com\/it\/gestionali-per-fisioterapia-lista\/theraplatform-recensione\/\" \/>\n<meta property=\"og:site_name\" content=\"Accurate Reviews\" \/>\n<meta property=\"article:modified_time\" content=\"2021-02-02T17:36:38+00:00\" \/>\n<meta property=\"og:image\" content=\"https:\/\/www.accuratereviews.com\/wp-content\/uploads\/2020\/06\/TheraPlatform.png\" \/>\n\t<meta property=\"og:image:width\" content=\"1761\" \/>\n\t<meta property=\"og:image:height\" content=\"396\" \/>\n\t<meta property=\"og:image:type\" content=\"image\/png\" \/>\n<meta name=\"twitter:card\" content=\"summary_large_image\" \/>\n<meta name=\"twitter:label1\" content=\"Tempo di lettura stimato\" \/>\n\t<meta name=\"twitter:data1\" content=\"5 minuti\" \/>\n<script type=\"application\/ld+json\" class=\"yoast-schema-graph\">{\"@context\":\"https:\\\/\\\/schema.org\",\"@graph\":[{\"@type\":\"WebPage\",\"@id\":\"https:\\\/\\\/www.accuratereviews.com\\\/it\\\/gestionali-per-fisioterapia-lista\\\/theraplatform-recensione\\\/\",\"url\":\"https:\\\/\\\/www.accuratereviews.com\\\/it\\\/gestionali-per-fisioterapia-lista\\\/theraplatform-recensione\\\/\",\"name\":\"TheraPlatform: recensione gestionale fisioterapia - Accurate Reviews\",\"isPartOf\":{\"@id\":\"https:\\\/\\\/www.accuratereviews.com\\\/it\\\/#website\"},\"primaryImageOfPage\":{\"@id\":\"https:\\\/\\\/www.accuratereviews.com\\\/it\\\/gestionali-per-fisioterapia-lista\\\/theraplatform-recensione\\\/#primaryimage\"},\"image\":{\"@id\":\"https:\\\/\\\/www.accuratereviews.com\\\/it\\\/gestionali-per-fisioterapia-lista\\\/theraplatform-recensione\\\/#primaryimage\"},\"thumbnailUrl\":\"https:\\\/\\\/www.accuratereviews.com\\\/wp-content\\\/uploads\\\/2020\\\/06\\\/TheraPlatform.png\",\"datePublished\":\"2020-06-25T11:07:23+00:00\",\"dateModified\":\"2021-02-02T17:36:38+00:00\",\"description\":\"TheraPlatform: recensione soluzione di gestione e videoconferenza conforme a HIPAA, i dottori e i pazienti possono accedervi tramite browser.\",\"breadcrumb\":{\"@id\":\"https:\\\/\\\/www.accuratereviews.com\\\/it\\\/gestionali-per-fisioterapia-lista\\\/theraplatform-recensione\\\/#breadcrumb\"},\"inLanguage\":\"it-IT\",\"potentialAction\":[{\"@type\":\"ReadAction\",\"target\":[\"https:\\\/\\\/www.accuratereviews.com\\\/it\\\/gestionali-per-fisioterapia-lista\\\/theraplatform-recensione\\\/\"]}]},{\"@type\":\"ImageObject\",\"inLanguage\":\"it-IT\",\"@id\":\"https:\\\/\\\/www.accuratereviews.com\\\/it\\\/gestionali-per-fisioterapia-lista\\\/theraplatform-recensione\\\/#primaryimage\",\"url\":\"https:\\\/\\\/www.accuratereviews.com\\\/wp-content\\\/uploads\\\/2020\\\/06\\\/TheraPlatform.png\",\"contentUrl\":\"https:\\\/\\\/www.accuratereviews.com\\\/wp-content\\\/uploads\\\/2020\\\/06\\\/TheraPlatform.png\",\"width\":1761,\"height\":396},{\"@type\":\"BreadcrumbList\",\"@id\":\"https:\\\/\\\/www.accuratereviews.com\\\/it\\\/gestionali-per-fisioterapia-lista\\\/theraplatform-recensione\\\/#breadcrumb\",\"itemListElement\":[{\"@type\":\"ListItem\",\"position\":1,\"name\":\"Home\",\"item\":\"https:\\\/\\\/www.accuratereviews.com\\\/it\\\/\"},{\"@type\":\"ListItem\",\"position\":2,\"name\":\"Gestionali per fisioterapia\",\"item\":\"https:\\\/\\\/www.accuratereviews.com\\\/it\\\/gestionali-per-fisioterapia-lista\\\/\"},{\"@type\":\"ListItem\",\"position\":3,\"name\":\"TheraPlatform\"}]},{\"@type\":\"WebSite\",\"@id\":\"https:\\\/\\\/www.accuratereviews.com\\\/it\\\/#website\",\"url\":\"https:\\\/\\\/www.accuratereviews.com\\\/it\\\/\",\"name\":\"Accurate Reviews\",\"description\":\"\",\"potentialAction\":[{\"@type\":\"SearchAction\",\"target\":{\"@type\":\"EntryPoint\",\"urlTemplate\":\"https:\\\/\\\/www.accuratereviews.com\\\/it\\\/?s={search_term_string}\"},\"query-input\":{\"@type\":\"PropertyValueSpecification\",\"valueRequired\":true,\"valueName\":\"search_term_string\"}}],\"inLanguage\":\"it-IT\"}]}<\/script>\n<!-- \/ Yoast SEO plugin. -->","yoast_head_json":{"title":"TheraPlatform: recensione gestionale fisioterapia - Accurate Reviews","description":"TheraPlatform: recensione soluzione di gestione e videoconferenza conforme a HIPAA, i dottori e i pazienti possono accedervi tramite browser.","robots":{"index":"index","follow":"follow","max-snippet":"max-snippet:-1","max-image-preview":"max-image-preview:large","max-video-preview":"max-video-preview:-1"},"canonical":"https:\/\/www.accuratereviews.com\/it\/gestionali-per-fisioterapia-lista\/theraplatform-recensione\/","og_locale":"it_IT","og_type":"article","og_title":"TheraPlatform: recensione gestionale fisioterapia - Accurate Reviews","og_description":"TheraPlatform: recensione soluzione di gestione e videoconferenza conforme a HIPAA, i dottori e i pazienti possono accedervi tramite browser.","og_url":"https:\/\/www.accuratereviews.com\/it\/gestionali-per-fisioterapia-lista\/theraplatform-recensione\/","og_site_name":"Accurate Reviews","article_modified_time":"2021-02-02T17:36:38+00:00","og_image":[{"width":1761,"height":396,"url":"https:\/\/www.accuratereviews.com\/wp-content\/uploads\/2020\/06\/TheraPlatform.png","type":"image\/png"}],"twitter_card":"summary_large_image","twitter_misc":{"Tempo di lettura stimato":"5 minuti"},"schema":{"@context":"https:\/\/schema.org","@graph":[{"@type":"WebPage","@id":"https:\/\/www.accuratereviews.com\/it\/gestionali-per-fisioterapia-lista\/theraplatform-recensione\/","url":"https:\/\/www.accuratereviews.com\/it\/gestionali-per-fisioterapia-lista\/theraplatform-recensione\/","name":"TheraPlatform: recensione gestionale fisioterapia - Accurate Reviews","isPartOf":{"@id":"https:\/\/www.accuratereviews.com\/it\/#website"},"primaryImageOfPage":{"@id":"https:\/\/www.accuratereviews.com\/it\/gestionali-per-fisioterapia-lista\/theraplatform-recensione\/#primaryimage"},"image":{"@id":"https:\/\/www.accuratereviews.com\/it\/gestionali-per-fisioterapia-lista\/theraplatform-recensione\/#primaryimage"},"thumbnailUrl":"https:\/\/www.accuratereviews.com\/wp-content\/uploads\/2020\/06\/TheraPlatform.png","datePublished":"2020-06-25T11:07:23+00:00","dateModified":"2021-02-02T17:36:38+00:00","description":"TheraPlatform: recensione soluzione di gestione e videoconferenza conforme a HIPAA, i dottori e i pazienti possono accedervi tramite browser.","breadcrumb":{"@id":"https:\/\/www.accuratereviews.com\/it\/gestionali-per-fisioterapia-lista\/theraplatform-recensione\/#breadcrumb"},"inLanguage":"it-IT","potentialAction":[{"@type":"ReadAction","target":["https:\/\/www.accuratereviews.com\/it\/gestionali-per-fisioterapia-lista\/theraplatform-recensione\/"]}]},{"@type":"ImageObject","inLanguage":"it-IT","@id":"https:\/\/www.accuratereviews.com\/it\/gestionali-per-fisioterapia-lista\/theraplatform-recensione\/#primaryimage","url":"https:\/\/www.accuratereviews.com\/wp-content\/uploads\/2020\/06\/TheraPlatform.png","contentUrl":"https:\/\/www.accuratereviews.com\/wp-content\/uploads\/2020\/06\/TheraPlatform.png","width":1761,"height":396},{"@type":"BreadcrumbList","@id":"https:\/\/www.accuratereviews.com\/it\/gestionali-per-fisioterapia-lista\/theraplatform-recensione\/#breadcrumb","itemListElement":[{"@type":"ListItem","position":1,"name":"Home","item":"https:\/\/www.accuratereviews.com\/it\/"},{"@type":"ListItem","position":2,"name":"Gestionali per fisioterapia","item":"https:\/\/www.accuratereviews.com\/it\/gestionali-per-fisioterapia-lista\/"},{"@type":"ListItem","position":3,"name":"TheraPlatform"}]},{"@type":"WebSite","@id":"https:\/\/www.accuratereviews.com\/it\/#website","url":"https:\/\/www.accuratereviews.com\/it\/","name":"Accurate Reviews","description":"","potentialAction":[{"@type":"SearchAction","target":{"@type":"EntryPoint","urlTemplate":"https:\/\/www.accuratereviews.com\/it\/?s={search_term_string}"},"query-input":{"@type":"PropertyValueSpecification","valueRequired":true,"valueName":"search_term_string"}}],"inLanguage":"it-IT"}]}},"_links":{"self":[{"href":"https:\/\/www.accuratereviews.com\/it\/wp-json\/wp\/v2\/pages\/27900","targetHints":{"allow":["GET"]}}],"collection":[{"href":"https:\/\/www.accuratereviews.com\/it\/wp-json\/wp\/v2\/pages"}],"about":[{"href":"https:\/\/www.accuratereviews.com\/it\/wp-json\/wp\/v2\/types\/page"}],"author":[{"embeddable":true,"href":"https:\/\/www.accuratereviews.com\/it\/wp-json\/wp\/v2\/users\/19"}],"replies":[{"embeddable":true,"href":"https:\/\/www.accuratereviews.com\/it\/wp-json\/wp\/v2\/comments?post=27900"}],"version-history":[{"count":6,"href":"https:\/\/www.accuratereviews.com\/it\/wp-json\/wp\/v2\/pages\/27900\/revisions"}],"predecessor-version":[{"id":36621,"href":"https:\/\/www.accuratereviews.com\/it\/wp-json\/wp\/v2\/pages\/27900\/revisions\/36621"}],"up":[{"embeddable":true,"href":"https:\/\/www.accuratereviews.com\/it\/wp-json\/wp\/v2\/pages\/27304"}],"wp:featuredmedia":[{"embeddable":true,"href":"https:\/\/www.accuratereviews.com\/it\/wp-json\/wp\/v2\/media\/27901"}],"wp:attachment":[{"href":"https:\/\/www.accuratereviews.com\/it\/wp-json\/wp\/v2\/media?parent=27900"}],"wp:term":[{"taxonomy":"category","embeddable":true,"href":"https:\/\/www.accuratereviews.com\/it\/wp-json\/wp\/v2\/categories?post=27900"},{"taxonomy":"post_tag","embeddable":true,"href":"https:\/\/www.accuratereviews.com\/it\/wp-json\/wp\/v2\/tags?post=27900"},{"taxonomy":"features","embeddable":true,"href":"https:\/\/www.accuratereviews.com\/it\/wp-json\/wp\/v2\/features?post=27900"}],"curies":[{"name":"wp","href":"https:\/\/api.w.org\/{rel}","templated":true}]}}