{"id":27928,"date":"2020-06-26T14:44:08","date_gmt":"2020-06-26T14:44:08","guid":{"rendered":"https:\/\/www.accuratereviews.com\/?page_id=27928"},"modified":"2021-02-02T17:18:47","modified_gmt":"2021-02-02T17:18:47","slug":"practiceperfect-recensione","status":"publish","type":"page","link":"https:\/\/www.accuratereviews.com\/it\/gestionali-per-fisioterapia-lista\/practiceperfect-recensione\/","title":{"rendered":"PracticePerfect"},"content":{"rendered":"<p><strong>PracticePerfect EMR<\/strong> \u00e8 una <strong>soluzione di registrazione medica elettronica<\/strong> (EMR) on-premise progettata per fisioterapisti, logopedisti, terapisti occupazionali, chiropratici e altri professionisti della riabilitazione. Le caratteristiche principali includono la gestione del profilo del cliente, fatturazione, pagamenti, conti, documentazione, pianificazione, analisi operativa e gestione delle attivit\u00e0.\u00a0Practice Perfect EMR include un modulo per la prenotazione e la registrazione degli appuntamenti del cliente. Fornisce inoltre fax, chiamate di promemoria di appuntamento e funzionalit\u00e0 di allenamento a casa. La funzione del profilo del cliente include informazioni di contatto, demografiche, di riferimento e di assicurazione. La funzione di fatturazione consente agli utenti di registrare addebiti, registrare pagamenti e crediti. Fornisce un programma <strong>drag-and-drop<\/strong>\u00a0per gestire il personale, lo spazio, le attrezzature e le liste di attesa. Gli utenti possono creare note giornaliere, valutare i progressi e importare documenti nei record dei clienti.<\/p>\n<h2>PRACTICEPERFECT EMR &#8211; TUTORIAL<\/h2>\n<p>Ecco un tutorial in cui spiega come inserire un nuovo cliente e aggiungere appuntamenti sul calendario di questo<strong> software gestionale per fisioterapia:<\/strong><\/p>\n<div id=\"fluid-wrapper-counter-1\" class=\"g1-fluid-wrapper \" style=\"width:686px;\">\n<div style=\"padding-bottom:56.268221574344%;\"><iframe loading=\"lazy\" title=\"Processing Self-Entered Clients and Web Appointments\" width=\"686\" height=\"386\" src=\"https:\/\/www.youtube.com\/embed\/3IqWHcsdCO4?feature=oembed&amp;wmode=transparent&amp;autohide=1&amp;autoplay=0&amp;disablekb=0&amp;fs=1&amp;loop=0&amp;enablejsapi=1&amp;rel=0&amp;controls=2&amp;showinfo=0&amp;wmode=transparent&amp;autohide=2&amp;autoplay=0&amp;disablekb=0&amp;fs=1&amp;loop=0&amp;enablejsapi=1&amp;rel=0&amp;controls=2&amp;showinfo=1\" frameborder=\"0\" allow=\"accelerometer; autoplay; clipboard-write; encrypted-media; gyroscope; picture-in-picture\" allowfullscreen><\/iframe><\/div>\n<\/div>\n<h2>PRACTICEPERFECT EMR &#8211; CARATTERISTICHE<\/h2>\n<ul>\n<li><strong>Profilo del cliente<\/strong>: rimani organizzato con una vasta documentazione dei clienti, tra cui informazioni di contatto, demografiche, di riferimento e assicurative complete. Gestire facilmente informazioni finanziarie e cliniche separate per molteplici richieste di risarcimento<\/li>\n<li><strong>Fatturazione, pagamenti e contabilit\u00e0 clienti<\/strong>: inserire addebiti, registrare pagamenti, tenere traccia dei crediti e identificare promesse di pagamento non funzionanti. Elaborazione integrata della carta di credito e di debito<\/li>\n<li><strong>Programmazione<\/strong>: il robusto programmatore con drag-and-drop consente di eseguire la giornata con il minor numero di clic possibile. Gestisci il tuo personale, lo spazio, le attrezzature e la lista di attesa migliorando al contempo la conformit\u00e0<\/li>\n<li><strong>Documentazione e EMR<\/strong>: crea note giornaliere, valutazione, progressi, piano di cura e note di dimissione. Scegli tra una selezione di moduli precaricati o personalizza il tuo design! Scansione o importazione di qualsiasi tipo di documento nel record di un client<\/li>\n<li><strong>Crescita pratica<\/strong>: massimizzare la conformit\u00e0 dei clienti, identificare fonti di riferimento sottoperformanti e impiegare campagne di marketing<\/li>\n<li><strong>Gestione dei compiti<\/strong>: ricevi un avviso se i tuoi clienti, pagatori, medici e personale non rispettano le scadenze<\/li>\n<li><strong>Analisi operativa<\/strong>: identificare tendenze problematiche con entrate, rimborsi, produttivit\u00e0 e prestazioni del personale attraverso una serie di report analitici solidi e flessibili<\/li>\n<li><strong>Incredibile supporto clienti<\/strong>: il team di assistenza clienti competente nel settore e con sede in Nord America \u00e8 pronto ad aiutarti<\/li>\n<\/ul>\n<h4>LE RECENSIONE DEGLI UTENTI<\/h4>\n<h4 class=\"font-weight-bold my-1 d-flex align-items-center\">Cxylerrina S.&#8221;Di facile utilizzo&#8221;<\/h4>\n<p><strong>Commenti: <\/strong>Molto pi\u00f9 semplice del sistema precedente utilizzato dalla mia azienda.<\/p>\n<p><strong>Vantaggi: <\/strong>\u00c8 facile monitorare gli account e i record delle vendite. Molto facile anche nel controllare la cronologia dei clienti.<\/p>\n<p><strong>Inconvenienti: <\/strong>Non so se esiste un modo per stampare un record della cronologia dei clienti senza includere i commenti che solo il personale dovrebbe vedere. Inoltre, quando i pazienti hanno chiesto di stampare le loro presenze c&#8217;\u00e8 un modo in vedere gli importi ?<\/p>\n<h4 class=\"font-weight-bold my-1 d-flex align-items-center\">Christabelle B.&#8221;La pratica rende perfetti&#8221;<\/h4>\n<p><strong>Commenti: <\/strong>Molto soddisfatto, specialmente con il supporto tecnico \/ clienti. Rispondono subito ed \u00e8 proprio quello di cui abbiamo bisogno.<\/p>\n<p><strong>Vantaggi: <\/strong>Questo \u00e8 il software che utilizziamo esclusivamente per la nostra clinica. Detto questo, usiamo PP 15 ore al giorno, 6 giorni alla settimana in genere. Lo adoro perch\u00e9 puoi personalizzare, impostare le cose in base alla tua clinica e limitare le autorizzazioni di accesso per ogni utente. il prezzo mensile varia a seconda del pacchetto, dipende da quanti utenti. Puoi anche usare la PP fuori dalla clinica. Questa \u00e8 la migliore funzione che mi piace perch\u00e9 ho appena inviato il link ai nostri terapisti e possono controllare i loro programmi di notte per il giorno successivo. Funziona anche in tempo reale.<\/p>\n<p><strong>Inconvenienti: <\/strong>La PP ha cos\u00ec tanto da offrire, in realt\u00e0 \u00e8 molto buona. Vorrei solo che potesse generare tutti i rapporti statistici di cui abbiamo bisogno per misurare le statistiche dei terapisti, i diversi aspetti della clinica e le statistiche dell&#8217;inventario. Un&#8217;altra cosa, vorrei che PP potesse mandare anche email di marketing nello stesso software, perch\u00e9 in questo momento stanno solo collaborando con altre armi di marketing per farlo.<\/p>\n<h4 class=\"font-weight-bold my-1 d-flex align-items-center\">Hayley G. &#8220;<strong>PracticePerfect&#8221;<\/strong><\/h4>\n<p><strong>Vantaggi: <\/strong>Questo software \u00e8 generalmente abbastanza facile da usare! Ha senso ed \u00e8 facile insegnare agli altri a tenere traccia delle note e degli obiettivi. Mi piace che siamo in grado di avere un po &#8216;di personalizzazione all&#8217;interno del programma. La societ\u00e0 \u00e8 stata brava ad aggiornare le cose per noi mentre impariamo!<\/p>\n<p><strong>Inconvenienti: <\/strong>Vorrei che ci fosse un altro modo per organizzare gli obiettivi e cambiare la formattazione. Forse non ho ancora capito la strada, ma rende pi\u00f9 difficile visualizzare ci\u00f2 che \u00e8 pi\u00f9 importante. Inoltre, il programma \u00e8 piuttosto lento da caricare. Potrebbe essere in parte dovuto al wifi che abbiamo, ma questo programma impiega molto pi\u00f9 tempo a caricarsi rispetto ad altri, il che pu\u00f2 ritardarci con programmi occupati.<\/p>\n<p>&nbsp;<\/p>\n","protected":false},"excerpt":{"rendered":"<p>PracticePerfect EMR \u00e8 una soluzione di registrazione medica elettronica (EMR) on-premise progettata per fisioterapisti, logopedisti, terapisti occupazionali, chiropratici e altri professionisti della riabilitazione. Le caratteristiche principali includono la gestione del profilo del cliente, fatturazione, pagamenti, conti, documentazione, pianificazione, analisi operativa e gestione delle attivit\u00e0.\u00a0<\/p>\n","protected":false},"author":19,"featured_media":27929,"parent":27304,"menu_order":0,"comment_status":"open","ping_status":"closed","template":"g1_template_page_review_new.php","meta":{"_acf_changed":false,"cwp_meta_box_check":"Yes","cwp_rev_product_name":"","cwp_rev_product_image":"","wppr_links":[],"cwp_rev_price":"","wppr_options":[],"wppr_pros":[],"wppr_cons":[],"_monsterinsights_skip_tracking":false,"_monsterinsights_sitenote_active":false,"_monsterinsights_sitenote_note":"","_monsterinsights_sitenote_category":0,"footnotes":""},"categories":[2993],"tags":[3009,3107,3033,2995,3008],"features":[],"class_list":{"0":"post-27928","1":"page","2":"type-page","3":"status-publish","4":"has-post-thumbnail","6":"category-gestionale-per-fisioterapia-categoria","7":"tag-piattaforma-gestionale-per-fisioterapie","8":"tag-practiceperfect","9":"tag-programma-gestionale-per-fisioterpie","10":"tag-software-gestionale-per-fisioterapie","11":"tag-soluzione-gestionale-per-fisioterapie"},"wppr_data":{"cwp_meta_box_check":"Yes","cwp_rev_product_name":"","cwp_rev_product_image":"","cwp_image_link":"image","cwp_rev_price":"","wppr_rating":"0.00"},"acf":[],"yoast_head":"<!-- This site is optimized with the Yoast SEO plugin v27.4 - https:\/\/yoast.com\/product\/yoast-seo-wordpress\/ -->\n<title>PracticePerfect: recensione gestionale fisioterapia - Accurate Reviews<\/title>\n<meta name=\"description\" content=\"PracticePerfect: recensione soluzione di registrazione medica elettronica on-premise progettata per i professionisti della riabilitazione.\" \/>\n<meta name=\"robots\" content=\"index, follow, max-snippet:-1, max-image-preview:large, max-video-preview:-1\" \/>\n<link rel=\"canonical\" href=\"https:\/\/www.accuratereviews.com\/it\/gestionali-per-fisioterapia-lista\/practiceperfect-recensione\/\" \/>\n<meta property=\"og:locale\" content=\"it_IT\" \/>\n<meta property=\"og:type\" content=\"article\" \/>\n<meta property=\"og:title\" content=\"PracticePerfect: recensione gestionale fisioterapia - Accurate Reviews\" \/>\n<meta property=\"og:description\" content=\"PracticePerfect: recensione soluzione di registrazione medica elettronica on-premise progettata per i professionisti della riabilitazione.\" \/>\n<meta property=\"og:url\" content=\"https:\/\/www.accuratereviews.com\/it\/gestionali-per-fisioterapia-lista\/practiceperfect-recensione\/\" \/>\n<meta property=\"og:site_name\" content=\"Accurate Reviews\" \/>\n<meta property=\"article:modified_time\" content=\"2021-02-02T17:18:47+00:00\" \/>\n<meta property=\"og:image\" content=\"https:\/\/www.accuratereviews.com\/wp-content\/uploads\/2020\/06\/practice.png\" \/>\n\t<meta property=\"og:image:width\" content=\"256\" \/>\n\t<meta property=\"og:image:height\" content=\"256\" \/>\n\t<meta property=\"og:image:type\" content=\"image\/png\" \/>\n<meta name=\"twitter:card\" content=\"summary_large_image\" \/>\n<meta name=\"twitter:label1\" content=\"Tempo di lettura stimato\" \/>\n\t<meta name=\"twitter:data1\" content=\"4 minuti\" \/>\n<script type=\"application\/ld+json\" class=\"yoast-schema-graph\">{\"@context\":\"https:\\\/\\\/schema.org\",\"@graph\":[{\"@type\":\"WebPage\",\"@id\":\"https:\\\/\\\/www.accuratereviews.com\\\/it\\\/gestionali-per-fisioterapia-lista\\\/practiceperfect-recensione\\\/\",\"url\":\"https:\\\/\\\/www.accuratereviews.com\\\/it\\\/gestionali-per-fisioterapia-lista\\\/practiceperfect-recensione\\\/\",\"name\":\"PracticePerfect: recensione gestionale fisioterapia - Accurate Reviews\",\"isPartOf\":{\"@id\":\"https:\\\/\\\/www.accuratereviews.com\\\/it\\\/#website\"},\"primaryImageOfPage\":{\"@id\":\"https:\\\/\\\/www.accuratereviews.com\\\/it\\\/gestionali-per-fisioterapia-lista\\\/practiceperfect-recensione\\\/#primaryimage\"},\"image\":{\"@id\":\"https:\\\/\\\/www.accuratereviews.com\\\/it\\\/gestionali-per-fisioterapia-lista\\\/practiceperfect-recensione\\\/#primaryimage\"},\"thumbnailUrl\":\"https:\\\/\\\/www.accuratereviews.com\\\/wp-content\\\/uploads\\\/2020\\\/06\\\/practice.png\",\"datePublished\":\"2020-06-26T14:44:08+00:00\",\"dateModified\":\"2021-02-02T17:18:47+00:00\",\"description\":\"PracticePerfect: recensione soluzione di registrazione medica elettronica on-premise progettata per i professionisti della riabilitazione.\",\"breadcrumb\":{\"@id\":\"https:\\\/\\\/www.accuratereviews.com\\\/it\\\/gestionali-per-fisioterapia-lista\\\/practiceperfect-recensione\\\/#breadcrumb\"},\"inLanguage\":\"it-IT\",\"potentialAction\":[{\"@type\":\"ReadAction\",\"target\":[\"https:\\\/\\\/www.accuratereviews.com\\\/it\\\/gestionali-per-fisioterapia-lista\\\/practiceperfect-recensione\\\/\"]}]},{\"@type\":\"ImageObject\",\"inLanguage\":\"it-IT\",\"@id\":\"https:\\\/\\\/www.accuratereviews.com\\\/it\\\/gestionali-per-fisioterapia-lista\\\/practiceperfect-recensione\\\/#primaryimage\",\"url\":\"https:\\\/\\\/www.accuratereviews.com\\\/wp-content\\\/uploads\\\/2020\\\/06\\\/practice.png\",\"contentUrl\":\"https:\\\/\\\/www.accuratereviews.com\\\/wp-content\\\/uploads\\\/2020\\\/06\\\/practice.png\",\"width\":256,\"height\":256},{\"@type\":\"BreadcrumbList\",\"@id\":\"https:\\\/\\\/www.accuratereviews.com\\\/it\\\/gestionali-per-fisioterapia-lista\\\/practiceperfect-recensione\\\/#breadcrumb\",\"itemListElement\":[{\"@type\":\"ListItem\",\"position\":1,\"name\":\"Home\",\"item\":\"https:\\\/\\\/www.accuratereviews.com\\\/it\\\/\"},{\"@type\":\"ListItem\",\"position\":2,\"name\":\"Gestionali per fisioterapia\",\"item\":\"https:\\\/\\\/www.accuratereviews.com\\\/it\\\/gestionali-per-fisioterapia-lista\\\/\"},{\"@type\":\"ListItem\",\"position\":3,\"name\":\"PracticePerfect\"}]},{\"@type\":\"WebSite\",\"@id\":\"https:\\\/\\\/www.accuratereviews.com\\\/it\\\/#website\",\"url\":\"https:\\\/\\\/www.accuratereviews.com\\\/it\\\/\",\"name\":\"Accurate Reviews\",\"description\":\"\",\"potentialAction\":[{\"@type\":\"SearchAction\",\"target\":{\"@type\":\"EntryPoint\",\"urlTemplate\":\"https:\\\/\\\/www.accuratereviews.com\\\/it\\\/?s={search_term_string}\"},\"query-input\":{\"@type\":\"PropertyValueSpecification\",\"valueRequired\":true,\"valueName\":\"search_term_string\"}}],\"inLanguage\":\"it-IT\"}]}<\/script>\n<!-- \/ Yoast SEO plugin. -->","yoast_head_json":{"title":"PracticePerfect: recensione gestionale fisioterapia - Accurate Reviews","description":"PracticePerfect: recensione soluzione di registrazione medica elettronica on-premise progettata per i professionisti della riabilitazione.","robots":{"index":"index","follow":"follow","max-snippet":"max-snippet:-1","max-image-preview":"max-image-preview:large","max-video-preview":"max-video-preview:-1"},"canonical":"https:\/\/www.accuratereviews.com\/it\/gestionali-per-fisioterapia-lista\/practiceperfect-recensione\/","og_locale":"it_IT","og_type":"article","og_title":"PracticePerfect: recensione gestionale fisioterapia - Accurate Reviews","og_description":"PracticePerfect: recensione soluzione di registrazione medica elettronica on-premise progettata per i professionisti della riabilitazione.","og_url":"https:\/\/www.accuratereviews.com\/it\/gestionali-per-fisioterapia-lista\/practiceperfect-recensione\/","og_site_name":"Accurate Reviews","article_modified_time":"2021-02-02T17:18:47+00:00","og_image":[{"width":256,"height":256,"url":"https:\/\/www.accuratereviews.com\/wp-content\/uploads\/2020\/06\/practice.png","type":"image\/png"}],"twitter_card":"summary_large_image","twitter_misc":{"Tempo di lettura stimato":"4 minuti"},"schema":{"@context":"https:\/\/schema.org","@graph":[{"@type":"WebPage","@id":"https:\/\/www.accuratereviews.com\/it\/gestionali-per-fisioterapia-lista\/practiceperfect-recensione\/","url":"https:\/\/www.accuratereviews.com\/it\/gestionali-per-fisioterapia-lista\/practiceperfect-recensione\/","name":"PracticePerfect: recensione gestionale fisioterapia - Accurate Reviews","isPartOf":{"@id":"https:\/\/www.accuratereviews.com\/it\/#website"},"primaryImageOfPage":{"@id":"https:\/\/www.accuratereviews.com\/it\/gestionali-per-fisioterapia-lista\/practiceperfect-recensione\/#primaryimage"},"image":{"@id":"https:\/\/www.accuratereviews.com\/it\/gestionali-per-fisioterapia-lista\/practiceperfect-recensione\/#primaryimage"},"thumbnailUrl":"https:\/\/www.accuratereviews.com\/wp-content\/uploads\/2020\/06\/practice.png","datePublished":"2020-06-26T14:44:08+00:00","dateModified":"2021-02-02T17:18:47+00:00","description":"PracticePerfect: recensione soluzione di registrazione medica elettronica on-premise progettata per i professionisti della riabilitazione.","breadcrumb":{"@id":"https:\/\/www.accuratereviews.com\/it\/gestionali-per-fisioterapia-lista\/practiceperfect-recensione\/#breadcrumb"},"inLanguage":"it-IT","potentialAction":[{"@type":"ReadAction","target":["https:\/\/www.accuratereviews.com\/it\/gestionali-per-fisioterapia-lista\/practiceperfect-recensione\/"]}]},{"@type":"ImageObject","inLanguage":"it-IT","@id":"https:\/\/www.accuratereviews.com\/it\/gestionali-per-fisioterapia-lista\/practiceperfect-recensione\/#primaryimage","url":"https:\/\/www.accuratereviews.com\/wp-content\/uploads\/2020\/06\/practice.png","contentUrl":"https:\/\/www.accuratereviews.com\/wp-content\/uploads\/2020\/06\/practice.png","width":256,"height":256},{"@type":"BreadcrumbList","@id":"https:\/\/www.accuratereviews.com\/it\/gestionali-per-fisioterapia-lista\/practiceperfect-recensione\/#breadcrumb","itemListElement":[{"@type":"ListItem","position":1,"name":"Home","item":"https:\/\/www.accuratereviews.com\/it\/"},{"@type":"ListItem","position":2,"name":"Gestionali per fisioterapia","item":"https:\/\/www.accuratereviews.com\/it\/gestionali-per-fisioterapia-lista\/"},{"@type":"ListItem","position":3,"name":"PracticePerfect"}]},{"@type":"WebSite","@id":"https:\/\/www.accuratereviews.com\/it\/#website","url":"https:\/\/www.accuratereviews.com\/it\/","name":"Accurate Reviews","description":"","potentialAction":[{"@type":"SearchAction","target":{"@type":"EntryPoint","urlTemplate":"https:\/\/www.accuratereviews.com\/it\/?s={search_term_string}"},"query-input":{"@type":"PropertyValueSpecification","valueRequired":true,"valueName":"search_term_string"}}],"inLanguage":"it-IT"}]}},"_links":{"self":[{"href":"https:\/\/www.accuratereviews.com\/it\/wp-json\/wp\/v2\/pages\/27928","targetHints":{"allow":["GET"]}}],"collection":[{"href":"https:\/\/www.accuratereviews.com\/it\/wp-json\/wp\/v2\/pages"}],"about":[{"href":"https:\/\/www.accuratereviews.com\/it\/wp-json\/wp\/v2\/types\/page"}],"author":[{"embeddable":true,"href":"https:\/\/www.accuratereviews.com\/it\/wp-json\/wp\/v2\/users\/19"}],"replies":[{"embeddable":true,"href":"https:\/\/www.accuratereviews.com\/it\/wp-json\/wp\/v2\/comments?post=27928"}],"version-history":[{"count":11,"href":"https:\/\/www.accuratereviews.com\/it\/wp-json\/wp\/v2\/pages\/27928\/revisions"}],"predecessor-version":[{"id":36599,"href":"https:\/\/www.accuratereviews.com\/it\/wp-json\/wp\/v2\/pages\/27928\/revisions\/36599"}],"up":[{"embeddable":true,"href":"https:\/\/www.accuratereviews.com\/it\/wp-json\/wp\/v2\/pages\/27304"}],"wp:featuredmedia":[{"embeddable":true,"href":"https:\/\/www.accuratereviews.com\/it\/wp-json\/wp\/v2\/media\/27929"}],"wp:attachment":[{"href":"https:\/\/www.accuratereviews.com\/it\/wp-json\/wp\/v2\/media?parent=27928"}],"wp:term":[{"taxonomy":"category","embeddable":true,"href":"https:\/\/www.accuratereviews.com\/it\/wp-json\/wp\/v2\/categories?post=27928"},{"taxonomy":"post_tag","embeddable":true,"href":"https:\/\/www.accuratereviews.com\/it\/wp-json\/wp\/v2\/tags?post=27928"},{"taxonomy":"features","embeddable":true,"href":"https:\/\/www.accuratereviews.com\/it\/wp-json\/wp\/v2\/features?post=27928"}],"curies":[{"name":"wp","href":"https:\/\/api.w.org\/{rel}","templated":true}]}}