{"id":27967,"date":"2020-06-29T08:15:14","date_gmt":"2020-06-29T08:15:14","guid":{"rendered":"https:\/\/www.accuratereviews.com\/?page_id=27967"},"modified":"2021-02-02T17:03:02","modified_gmt":"2021-02-02T17:03:02","slug":"optimispt-recensione","status":"publish","type":"page","link":"https:\/\/www.accuratereviews.com\/it\/gestionali-per-fisioterapia-lista\/optimispt-recensione\/","title":{"rendered":"OptimisPT"},"content":{"rendered":"<p><strong>OptimisPT<\/strong> \u00e8 una <strong>soluzione di cartelle cliniche elettroniche<\/strong> (EMR) basata su <strong>cloud<\/strong> che offre agli istituti sanitari applicazioni per la pianificazione dei pazienti, la documentazione clinica, la gestione e la segnalazione dello studio. Fornisce inoltre funzionalit\u00e0 agli utenti per le operazioni di fatturazione.\u00a0La funzione &#8220;Supporto alle decisioni cliniche&#8221; raccoglie le informazioni dei pazienti nel punto di cura, fornendo al medico raccomandazioni per l&#8217;assistenza clinica basata sull&#8217;evidenza basata sulla raccolta di dati in tempo reale.\u00a0OptimisPT in pi\u00f9 offre numerosi allarmi in tempo reale integrati all&#8217;interno della documentazione che riflette le normative dei requisiti intensamente complessi del settore. Aggiornati costantemente attraverso l&#8217;interfaccia basata su cloud, gli avvisi assicurano che i terapisti riferiscano sempre la documentazione e la codifica per soddisfare i requisiti dell&#8217;ambiente sanitario regolamentato.<\/p>\n<p><a href=\"https:\/\/www.accuratereviews.com\/wp-content\/uploads\/2020\/06\/Schermata-2020-06-27-alle-10.38.25.png\"><img loading=\"lazy\" decoding=\"async\" class=\"alignnone size-full wp-image-27972\" src=\"https:\/\/www.accuratereviews.com\/wp-content\/uploads\/2020\/06\/Schermata-2020-06-27-alle-10.38.25.png\" alt=\"\" width=\"2034\" height=\"1060\" srcset=\"https:\/\/www.accuratereviews.com\/wp-content\/uploads\/2020\/06\/Schermata-2020-06-27-alle-10.38.25.png 2034w, https:\/\/www.accuratereviews.com\/wp-content\/uploads\/2020\/06\/Schermata-2020-06-27-alle-10.38.25-300x156.png 300w, https:\/\/www.accuratereviews.com\/wp-content\/uploads\/2020\/06\/Schermata-2020-06-27-alle-10.38.25-1024x534.png 1024w, https:\/\/www.accuratereviews.com\/wp-content\/uploads\/2020\/06\/Schermata-2020-06-27-alle-10.38.25-768x400.png 768w, https:\/\/www.accuratereviews.com\/wp-content\/uploads\/2020\/06\/Schermata-2020-06-27-alle-10.38.25-1536x800.png 1536w, https:\/\/www.accuratereviews.com\/wp-content\/uploads\/2020\/06\/Schermata-2020-06-27-alle-10.38.25-240x125.png 240w, https:\/\/www.accuratereviews.com\/wp-content\/uploads\/2020\/06\/Schermata-2020-06-27-alle-10.38.25-50x26.png 50w, https:\/\/www.accuratereviews.com\/wp-content\/uploads\/2020\/06\/Schermata-2020-06-27-alle-10.38.25-968x504.png 968w, https:\/\/www.accuratereviews.com\/wp-content\/uploads\/2020\/06\/Schermata-2020-06-27-alle-10.38.25-636x331.png 636w, https:\/\/www.accuratereviews.com\/wp-content\/uploads\/2020\/06\/Schermata-2020-06-27-alle-10.38.25-320x167.png 320w, https:\/\/www.accuratereviews.com\/wp-content\/uploads\/2020\/06\/Schermata-2020-06-27-alle-10.38.25-239x125.png 239w\" sizes=\"auto, (max-width: 2034px) 100vw, 2034px\" \/><\/a><\/p>\n<h2>OPTIMISPT &#8211; CARATTERISTICHE<\/h2>\n<ul>\n<li><strong>Programmazione<\/strong>: integrato in tutti i moduli, il programmatore garantisce efficienza e un facile accesso alle informazioni sui pazienti ogni volta che ne hai bisogno<\/li>\n<li><strong>Documentazione<\/strong>: documentazione PT basato sull&#8217;evidenza con supporto decisionale clinico integrato e guida alla codifica e alla conformit\u00e0 degli esperti disponibile come software di documentazione di terapia fisica per aiutare a ridurre il rischio di audit per i fisioterapisti<\/li>\n<li><strong>Fatturazione<\/strong>: la soluzione \u00e8 un EMR e i nostri partner di interfaccia aiutano a fornire il componente di fatturazione per la tua pratica<\/li>\n<li><strong>Gestione pratica<\/strong>: gli esperti hanno incorporato avvisi intelligenti, promemoria e rapporti di gestione pratica, attualmente, progettati per identificare potenziali problemi prima che si verifichino, riducendo al minimo il rischio di fatturazione<\/li>\n<\/ul>\n<h3>LE RECENSIONE DEGLI UTENTI<\/h3>\n<h4 class=\"font-weight-bold my-1 d-flex align-items-center\">Joann C.&#8221;Fisioterapia specifica, ma priva di personalizzazione&#8221;<\/h4>\n<p><strong>Commenti<\/strong>: OptimisPT \u00e8 veramente incentrato sulla terapia fisica e sono cos\u00ec felice di avere un software per la nostra pratica PT. Si tiene molto aggiornato con le mutevoli esigenze e tendenze dei PT. Sebbene abbia un prezzo superiore rispetto ad altri software simili, la sua facilit\u00e0 d&#8217;uso e la specializzazione nella professione di fisioterapia sono molto importanti per noi e ci terranno utenti per molto tempo.<\/p>\n<p><strong>Vantaggi<\/strong>: OptimisPT \u00e8 veramente focalizzato sul clinico e sulla pratica e si mantiene molto aggiornato con le attuali tendenze PT. Aggiunge sempre nuove funzionalit\u00e0 che aiutano una clinica PT, sia dal punto di vista della pianificazione e della gestione pratica, sia dal lato clinico.<\/p>\n<p><strong>Inconvenienti<\/strong>: spero per il prezzo pi\u00f9 alto che questo software consentirebbe una maggiore personalizzazione. Siamo una piccola impresa e siamo in grado di personalizzare l&#8217;email di promemoria dell&#8217;appuntamento del paziente in modo che legga in un modo che dimostra che abbiamo solo una sede clinica sarebbe cos\u00ec soddisfatta. Ma abbiamo quasi due anni nell&#8217;uso di questo software e le email di promemoria per appuntamenti dei pazienti sono ancora lette in modo molto goffo e grammaticalmente errato. Inoltre, un punto critico per noi sarebbe in grado di parlare con l&#8217;assistenza clienti, piuttosto che avere solo la chat online e l&#8217;opzione email.<\/p>\n<h4 class=\"font-weight-bold my-1 d-flex align-items-center\">Rusty W.&#8221;Riluttanti a integrarsi con altri software dei pazienti&#8221;<\/h4>\n<p><strong>Commenti<\/strong>: Optimis \u00e8 stato meno che utile nella sua disponibilit\u00e0 a integrarsi con altri software. Il 90% delle altre principali aziende EMR basate sul web si \u00e8 integrato con questo software di conservazione e soddisfazione del pt, ma optimis ha scelto di non farlo. La nostra societ\u00e0 di terapia trarrebbe beneficio dall&#8217;integrazione e abbiamo inviato un&#8217;email e chiamato costantemente sui tempi dell&#8217;integrazione e ottenere la linea aziendale di &#8220;siamo stati in trattative, ma non ci si<\/p>\n<p><strong>Vantaggi<\/strong>: \u00e8 intuitivo dal punto di vista del medico.<\/p>\n<p><strong>Inconvenienti<\/strong>: riluttanti a integrarsi con altri software disponibili e il 90% degli altri EMR \u00e8 gi\u00e0 integrato.<\/p>\n<h4 class=\"font-weight-bold my-1 d-flex align-items-center\">Pam W.&#8221;Mi piace la possibilit\u00e0 di stampare moduli di richiesta HCFA 1500&#8243;<\/h4>\n<p><strong>Commenti<\/strong>: Uso OptimisPT da quasi 4 anni e sono stato soddisfatto del livello di supporto, della completezza della notificazione e della conformit\u00e0 con Medicare. \u00c8 basato su cloud, quindi a parte alcuni problemi di programmazione, \u00e8 stato un ottimo programma EHR.<\/p>\n<p><strong>Vantaggi<\/strong>: si abbina a Duxware per la fatturazione e la contabilit\u00e0; team di supporto reattivo; stampa HCFA 1500s; facilita la contabilit\u00e0 elettronica Medicare \/ pagatore secondario; nel programma di invio di fax; promemoria via email \/ testo; Rapporti pazienti dall&#8217;aspetto gradevole.<\/p>\n<p><strong>Inconvenienti<\/strong>: Vorrei avere maggiore facilit\u00e0 nella stampa delle dichiarazioni dei pazienti di fine anno in quanto non ordinate per data. Vorrebbe che fosse mobile per iPad.<\/p>\n","protected":false},"excerpt":{"rendered":"<p>OptimisPT \u00e8 una soluzione di cartelle cliniche elettroniche (EMR) basata su cloud che offre agli istituti sanitari applicazioni per la pianificazione dei pazienti, la documentazione clinica, la gestione e la segnalazione dello studio. Fornisce inoltre funzionalit\u00e0 agli utenti per le operazioni di fatturazione.<\/p>\n","protected":false},"author":19,"featured_media":27968,"parent":27304,"menu_order":0,"comment_status":"open","ping_status":"closed","template":"g1_template_page_review_new.php","meta":{"_acf_changed":false,"cwp_meta_box_check":"Yes","cwp_rev_product_name":"","cwp_rev_product_image":"","wppr_links":[],"cwp_rev_price":"","wppr_options":[],"wppr_pros":[],"wppr_cons":[],"_monsterinsights_skip_tracking":false,"_monsterinsights_sitenote_active":false,"_monsterinsights_sitenote_note":"","_monsterinsights_sitenote_category":0,"footnotes":""},"categories":[2993],"tags":[396,3113,2994,3009,3033,2995,3008],"features":[],"class_list":{"0":"post-27967","1":"page","2":"type-page","3":"status-publish","4":"has-post-thumbnail","6":"category-gestionale-per-fisioterapia-categoria","7":"tag-cloud","8":"tag-optimispt","9":"tag-physical-therapy-software","10":"tag-piattaforma-gestionale-per-fisioterapie","11":"tag-programma-gestionale-per-fisioterpie","12":"tag-software-gestionale-per-fisioterapie","13":"tag-soluzione-gestionale-per-fisioterapie"},"wppr_data":{"cwp_meta_box_check":"Yes","cwp_rev_product_name":"","cwp_rev_product_image":"","cwp_image_link":"image","cwp_rev_price":"","wppr_rating":"0.00"},"acf":[],"yoast_head":"<!-- This site is optimized with the Yoast SEO plugin v27.4 - https:\/\/yoast.com\/product\/yoast-seo-wordpress\/ -->\n<title>OptimisPT: recensione software gestionale fisioterapia- Accurate Reviews<\/title>\n<meta name=\"description\" content=\"OptimisPT: recensione soluzione cartelle cliniche elettroniche basata su cloud che offre agli istituti sanitari app per gestire i pazienti.\" \/>\n<meta name=\"robots\" content=\"index, follow, max-snippet:-1, max-image-preview:large, max-video-preview:-1\" \/>\n<link rel=\"canonical\" href=\"https:\/\/www.accuratereviews.com\/it\/gestionali-per-fisioterapia-lista\/optimispt-recensione\/\" \/>\n<meta property=\"og:locale\" content=\"it_IT\" \/>\n<meta property=\"og:type\" content=\"article\" \/>\n<meta property=\"og:title\" content=\"OptimisPT: recensione software gestionale fisioterapia- Accurate Reviews\" \/>\n<meta property=\"og:description\" content=\"OptimisPT: recensione soluzione cartelle cliniche elettroniche basata su cloud che offre agli istituti sanitari app per gestire i pazienti.\" \/>\n<meta property=\"og:url\" content=\"https:\/\/www.accuratereviews.com\/it\/gestionali-per-fisioterapia-lista\/optimispt-recensione\/\" \/>\n<meta property=\"og:site_name\" content=\"Accurate Reviews\" \/>\n<meta property=\"article:modified_time\" content=\"2021-02-02T17:03:02+00:00\" \/>\n<meta property=\"og:image\" content=\"https:\/\/www.accuratereviews.com\/wp-content\/uploads\/2020\/06\/OPTIMISPT.jpg\" \/>\n\t<meta property=\"og:image:width\" content=\"230\" \/>\n\t<meta property=\"og:image:height\" content=\"220\" \/>\n\t<meta property=\"og:image:type\" content=\"image\/jpeg\" \/>\n<meta name=\"twitter:card\" content=\"summary_large_image\" \/>\n<meta name=\"twitter:label1\" content=\"Tempo di lettura stimato\" \/>\n\t<meta name=\"twitter:data1\" content=\"3 minuti\" \/>\n<script type=\"application\/ld+json\" class=\"yoast-schema-graph\">{\"@context\":\"https:\\\/\\\/schema.org\",\"@graph\":[{\"@type\":\"WebPage\",\"@id\":\"https:\\\/\\\/www.accuratereviews.com\\\/it\\\/gestionali-per-fisioterapia-lista\\\/optimispt-recensione\\\/\",\"url\":\"https:\\\/\\\/www.accuratereviews.com\\\/it\\\/gestionali-per-fisioterapia-lista\\\/optimispt-recensione\\\/\",\"name\":\"OptimisPT: recensione software gestionale fisioterapia- Accurate Reviews\",\"isPartOf\":{\"@id\":\"https:\\\/\\\/www.accuratereviews.com\\\/it\\\/#website\"},\"primaryImageOfPage\":{\"@id\":\"https:\\\/\\\/www.accuratereviews.com\\\/it\\\/gestionali-per-fisioterapia-lista\\\/optimispt-recensione\\\/#primaryimage\"},\"image\":{\"@id\":\"https:\\\/\\\/www.accuratereviews.com\\\/it\\\/gestionali-per-fisioterapia-lista\\\/optimispt-recensione\\\/#primaryimage\"},\"thumbnailUrl\":\"https:\\\/\\\/www.accuratereviews.com\\\/wp-content\\\/uploads\\\/2020\\\/06\\\/OPTIMISPT.jpg\",\"datePublished\":\"2020-06-29T08:15:14+00:00\",\"dateModified\":\"2021-02-02T17:03:02+00:00\",\"description\":\"OptimisPT: recensione soluzione cartelle cliniche elettroniche basata su cloud che offre agli istituti sanitari app per gestire i pazienti.\",\"breadcrumb\":{\"@id\":\"https:\\\/\\\/www.accuratereviews.com\\\/it\\\/gestionali-per-fisioterapia-lista\\\/optimispt-recensione\\\/#breadcrumb\"},\"inLanguage\":\"it-IT\",\"potentialAction\":[{\"@type\":\"ReadAction\",\"target\":[\"https:\\\/\\\/www.accuratereviews.com\\\/it\\\/gestionali-per-fisioterapia-lista\\\/optimispt-recensione\\\/\"]}]},{\"@type\":\"ImageObject\",\"inLanguage\":\"it-IT\",\"@id\":\"https:\\\/\\\/www.accuratereviews.com\\\/it\\\/gestionali-per-fisioterapia-lista\\\/optimispt-recensione\\\/#primaryimage\",\"url\":\"https:\\\/\\\/www.accuratereviews.com\\\/wp-content\\\/uploads\\\/2020\\\/06\\\/OPTIMISPT.jpg\",\"contentUrl\":\"https:\\\/\\\/www.accuratereviews.com\\\/wp-content\\\/uploads\\\/2020\\\/06\\\/OPTIMISPT.jpg\",\"width\":230,\"height\":220},{\"@type\":\"BreadcrumbList\",\"@id\":\"https:\\\/\\\/www.accuratereviews.com\\\/it\\\/gestionali-per-fisioterapia-lista\\\/optimispt-recensione\\\/#breadcrumb\",\"itemListElement\":[{\"@type\":\"ListItem\",\"position\":1,\"name\":\"Home\",\"item\":\"https:\\\/\\\/www.accuratereviews.com\\\/it\\\/\"},{\"@type\":\"ListItem\",\"position\":2,\"name\":\"Gestionali per fisioterapia\",\"item\":\"https:\\\/\\\/www.accuratereviews.com\\\/it\\\/gestionali-per-fisioterapia-lista\\\/\"},{\"@type\":\"ListItem\",\"position\":3,\"name\":\"OptimisPT\"}]},{\"@type\":\"WebSite\",\"@id\":\"https:\\\/\\\/www.accuratereviews.com\\\/it\\\/#website\",\"url\":\"https:\\\/\\\/www.accuratereviews.com\\\/it\\\/\",\"name\":\"Accurate Reviews\",\"description\":\"\",\"potentialAction\":[{\"@type\":\"SearchAction\",\"target\":{\"@type\":\"EntryPoint\",\"urlTemplate\":\"https:\\\/\\\/www.accuratereviews.com\\\/it\\\/?s={search_term_string}\"},\"query-input\":{\"@type\":\"PropertyValueSpecification\",\"valueRequired\":true,\"valueName\":\"search_term_string\"}}],\"inLanguage\":\"it-IT\"}]}<\/script>\n<!-- \/ Yoast SEO plugin. -->","yoast_head_json":{"title":"OptimisPT: recensione software gestionale fisioterapia- Accurate Reviews","description":"OptimisPT: recensione soluzione cartelle cliniche elettroniche basata su cloud che offre agli istituti sanitari app per gestire i pazienti.","robots":{"index":"index","follow":"follow","max-snippet":"max-snippet:-1","max-image-preview":"max-image-preview:large","max-video-preview":"max-video-preview:-1"},"canonical":"https:\/\/www.accuratereviews.com\/it\/gestionali-per-fisioterapia-lista\/optimispt-recensione\/","og_locale":"it_IT","og_type":"article","og_title":"OptimisPT: recensione software gestionale fisioterapia- Accurate Reviews","og_description":"OptimisPT: recensione soluzione cartelle cliniche elettroniche basata su cloud che offre agli istituti sanitari app per gestire i pazienti.","og_url":"https:\/\/www.accuratereviews.com\/it\/gestionali-per-fisioterapia-lista\/optimispt-recensione\/","og_site_name":"Accurate Reviews","article_modified_time":"2021-02-02T17:03:02+00:00","og_image":[{"width":230,"height":220,"url":"https:\/\/www.accuratereviews.com\/wp-content\/uploads\/2020\/06\/OPTIMISPT.jpg","type":"image\/jpeg"}],"twitter_card":"summary_large_image","twitter_misc":{"Tempo di lettura stimato":"3 minuti"},"schema":{"@context":"https:\/\/schema.org","@graph":[{"@type":"WebPage","@id":"https:\/\/www.accuratereviews.com\/it\/gestionali-per-fisioterapia-lista\/optimispt-recensione\/","url":"https:\/\/www.accuratereviews.com\/it\/gestionali-per-fisioterapia-lista\/optimispt-recensione\/","name":"OptimisPT: recensione software gestionale fisioterapia- Accurate Reviews","isPartOf":{"@id":"https:\/\/www.accuratereviews.com\/it\/#website"},"primaryImageOfPage":{"@id":"https:\/\/www.accuratereviews.com\/it\/gestionali-per-fisioterapia-lista\/optimispt-recensione\/#primaryimage"},"image":{"@id":"https:\/\/www.accuratereviews.com\/it\/gestionali-per-fisioterapia-lista\/optimispt-recensione\/#primaryimage"},"thumbnailUrl":"https:\/\/www.accuratereviews.com\/wp-content\/uploads\/2020\/06\/OPTIMISPT.jpg","datePublished":"2020-06-29T08:15:14+00:00","dateModified":"2021-02-02T17:03:02+00:00","description":"OptimisPT: recensione soluzione cartelle cliniche elettroniche basata su cloud che offre agli istituti sanitari app per gestire i pazienti.","breadcrumb":{"@id":"https:\/\/www.accuratereviews.com\/it\/gestionali-per-fisioterapia-lista\/optimispt-recensione\/#breadcrumb"},"inLanguage":"it-IT","potentialAction":[{"@type":"ReadAction","target":["https:\/\/www.accuratereviews.com\/it\/gestionali-per-fisioterapia-lista\/optimispt-recensione\/"]}]},{"@type":"ImageObject","inLanguage":"it-IT","@id":"https:\/\/www.accuratereviews.com\/it\/gestionali-per-fisioterapia-lista\/optimispt-recensione\/#primaryimage","url":"https:\/\/www.accuratereviews.com\/wp-content\/uploads\/2020\/06\/OPTIMISPT.jpg","contentUrl":"https:\/\/www.accuratereviews.com\/wp-content\/uploads\/2020\/06\/OPTIMISPT.jpg","width":230,"height":220},{"@type":"BreadcrumbList","@id":"https:\/\/www.accuratereviews.com\/it\/gestionali-per-fisioterapia-lista\/optimispt-recensione\/#breadcrumb","itemListElement":[{"@type":"ListItem","position":1,"name":"Home","item":"https:\/\/www.accuratereviews.com\/it\/"},{"@type":"ListItem","position":2,"name":"Gestionali per fisioterapia","item":"https:\/\/www.accuratereviews.com\/it\/gestionali-per-fisioterapia-lista\/"},{"@type":"ListItem","position":3,"name":"OptimisPT"}]},{"@type":"WebSite","@id":"https:\/\/www.accuratereviews.com\/it\/#website","url":"https:\/\/www.accuratereviews.com\/it\/","name":"Accurate Reviews","description":"","potentialAction":[{"@type":"SearchAction","target":{"@type":"EntryPoint","urlTemplate":"https:\/\/www.accuratereviews.com\/it\/?s={search_term_string}"},"query-input":{"@type":"PropertyValueSpecification","valueRequired":true,"valueName":"search_term_string"}}],"inLanguage":"it-IT"}]}},"_links":{"self":[{"href":"https:\/\/www.accuratereviews.com\/it\/wp-json\/wp\/v2\/pages\/27967","targetHints":{"allow":["GET"]}}],"collection":[{"href":"https:\/\/www.accuratereviews.com\/it\/wp-json\/wp\/v2\/pages"}],"about":[{"href":"https:\/\/www.accuratereviews.com\/it\/wp-json\/wp\/v2\/types\/page"}],"author":[{"embeddable":true,"href":"https:\/\/www.accuratereviews.com\/it\/wp-json\/wp\/v2\/users\/19"}],"replies":[{"embeddable":true,"href":"https:\/\/www.accuratereviews.com\/it\/wp-json\/wp\/v2\/comments?post=27967"}],"version-history":[{"count":10,"href":"https:\/\/www.accuratereviews.com\/it\/wp-json\/wp\/v2\/pages\/27967\/revisions"}],"predecessor-version":[{"id":36576,"href":"https:\/\/www.accuratereviews.com\/it\/wp-json\/wp\/v2\/pages\/27967\/revisions\/36576"}],"up":[{"embeddable":true,"href":"https:\/\/www.accuratereviews.com\/it\/wp-json\/wp\/v2\/pages\/27304"}],"wp:featuredmedia":[{"embeddable":true,"href":"https:\/\/www.accuratereviews.com\/it\/wp-json\/wp\/v2\/media\/27968"}],"wp:attachment":[{"href":"https:\/\/www.accuratereviews.com\/it\/wp-json\/wp\/v2\/media?parent=27967"}],"wp:term":[{"taxonomy":"category","embeddable":true,"href":"https:\/\/www.accuratereviews.com\/it\/wp-json\/wp\/v2\/categories?post=27967"},{"taxonomy":"post_tag","embeddable":true,"href":"https:\/\/www.accuratereviews.com\/it\/wp-json\/wp\/v2\/tags?post=27967"},{"taxonomy":"features","embeddable":true,"href":"https:\/\/www.accuratereviews.com\/it\/wp-json\/wp\/v2\/features?post=27967"}],"curies":[{"name":"wp","href":"https:\/\/api.w.org\/{rel}","templated":true}]}}