{"id":27979,"date":"2020-06-29T08:16:37","date_gmt":"2020-06-29T08:16:37","guid":{"rendered":"https:\/\/www.accuratereviews.com\/?page_id=27979"},"modified":"2021-02-02T16:47:00","modified_gmt":"2021-02-02T16:47:00","slug":"cliniko-recensione","status":"publish","type":"page","link":"https:\/\/www.accuratereviews.com\/it\/gestionali-per-fisioterapia-lista\/cliniko-recensione\/","title":{"rendered":"Cliniko"},"content":{"rendered":"<p><strong>Cliniko<\/strong> \u00e8 una <strong>soluzione di gestione pratica<\/strong> basata su <strong>cloud<\/strong> progettata per aiutare le aziende del settore sanitario a gestire la pianificazione degli appuntamenti, la fatturazione, l&#8217;elaborazione dei pagamenti e altro ancora. Consente ai professionisti di acquisire le cartelle cliniche dei pazienti utilizzando modelli personalizzabili e di aggiungere immagini, diagrammi e note sul trattamento utilizzando una funzionalit\u00e0 drag-and-drop. Le caratteristiche includono prenotazione online, anamnesi paziente, gestione della comunicazione, esportazione dei dati, avvisi in tempo reale, report statistici e altro. Con il sistema di telemedicina integrato di <strong>Cliniko<\/strong>, i professionisti possono offrire consulenze online, eseguire esami e programmare appuntamenti con i pazienti tramite chiamate video o audio. Inoltre, l&#8217;applicazione fornisce un modulo di reporting, che consente agli amministratori di ottenere approfondimenti su riepiloghi dei pagamenti, fatture in sospeso, note spese e prestazioni degli operatori.<\/p>\n<h2>CLINIKO &#8211; TUTORIAL<\/h2>\n<p>Guardiamo insieme il tutorial per comprendere meglio come utilizzare questo<strong> software gestionale per fisioterapia<\/strong>:<\/p>\n<div id=\"fluid-wrapper-counter-1\" class=\"g1-fluid-wrapper \" style=\"width:686px;\">\n<div style=\"padding-bottom:56.268221574344%;\"><iframe loading=\"lazy\" title=\"Cliniko Basic Tutorial\" width=\"686\" height=\"386\" src=\"https:\/\/www.youtube.com\/embed\/kW2gzwDUgq0?feature=oembed&amp;wmode=transparent&amp;autohide=1&amp;autoplay=0&amp;disablekb=0&amp;fs=1&amp;loop=0&amp;enablejsapi=1&amp;rel=0&amp;controls=2&amp;showinfo=0&amp;wmode=transparent&amp;autohide=2&amp;autoplay=0&amp;disablekb=0&amp;fs=1&amp;loop=0&amp;enablejsapi=1&amp;rel=0&amp;controls=2&amp;showinfo=1\" frameborder=\"0\" allow=\"accelerometer; autoplay; clipboard-write; encrypted-media; gyroscope; picture-in-picture\" allowfullscreen><\/iframe><\/div>\n<\/div>\n<h3>CLINIKO &#8211; CARATTERISTICHE<\/h3>\n<ul>\n<li><strong>Appuntamenti<\/strong>: \u00e8 progettato in modo intuitivo con visualizzazioni flessibili, prenotazioni online, appuntamenti ripetuti e molto altro. Alla fine, puoi dedicare meno tempo alla pianificazione e concentrare la tua energia sui tuoi pazienti<\/li>\n<li><strong>Cartelle sanitarie<\/strong>: le note sul trattamento sono completamente personalizzabili e archiviate in modo sicuro nel cloud. Crea su misura i tuoi modelli e accedi ai record su qualsiasi dispositivo. Puoi anche cercare e trovare le note salvate in un lampo e contrassegnare gli elementi incompleti da finire in seguito. E, con l&#8217;abilitazione del trascinamento della selezione di Cliniko, caricare i file nelle cartelle dei pazienti \u00e8 un gioco da ragazzi<\/li>\n<li><strong>Le transazioni<\/strong>: gestisci fatture, pagamenti, spese, tasse e altro con gli strumenti finanziari semplici e completi. Puoi lavorare con sicurezza, sapendo che tutte le transazioni sono perfettamente sincronizzate con i profili dei tuoi clienti, le comunicazioni archiviate e la cronologia degli appuntamenti<\/li>\n<li><strong>Segnalazione e tracciamento<\/strong>: rapporti dettagliati sulle prestazioni ti offrono una comprensione approfondita della tua pratica. Traccia e registra le prestazioni della tua clinica nel tempo e scopri quali canali di marketing sono i pi\u00f9 efficaci. Ottieni le informazioni in tempo reale necessarie per prendere decisioni che faranno crescere e migliorare la tua attivit\u00e0<\/li>\n<li><strong>Gestione aziendale<\/strong>: supervisionare pi\u00f9 sedi aziendali e comunicare con il personale tramite la bacheca interna. Invia SMS ai client, importa ed esporta i tuoi dati e molto altro. Puoi persino creare un componente aggiuntivo personalizzato con la solida API<\/li>\n<\/ul>\n<h4>LE RECENSIONI DEGLI UTENTI<\/h4>\n<h4 class=\"font-weight-bold my-1 d-flex align-items-center\">Diana P.&#8221;\u00c8 cos\u00ec felice usare Cliniko per la nostra pratica&#8221;<\/h4>\n<p><strong>Commenti: <\/strong>Ottimo, adoro l&#8217;abilit\u00e0 senza carta e avere la prenotazione online. e l&#8217;accesso agli appuntamenti da qualsiasi luogo<\/p>\n<p><strong>Vantaggi: <\/strong>L&#8217;esperienza dell&#8217;utente \u00e8 semplice, intuitiva e approfondita sul lato aziendale e sui clienti che la utilizzano per fissare appuntamenti<\/p>\n<p><strong>Inconvenienti: <\/strong>trarre profitto dalle vendite di azioni difficili da valutare e non da molti rapporti quanto altri software. L&#8217;integrazione con Xero per stock causa ulteriori problemi.<\/p>\n<h4 class=\"font-weight-bold my-1 d-flex align-items-center\">Annie R.&#8221;Cliniko \u00e8 stato fantastico dopo Lockdown&#8221;<\/h4>\n<p><strong>Vantaggi: <\/strong>Facile da navigare e logico da usare.\u00a0Servizio clienti INCREDIBILE &#8211; tempestivo (nonostante la differenza di 10 ore), cordiale e sono sempre riuscito a spiegare eventuali problemi che potrei avere.<br \/>\nMolto disposti ad ascoltare i loro utenti per fornire miglioramenti e spesso erogati molto rapidamente &#8211; particolarmente evidente in questi tempi Covid.\u00a0Dopo aver implementato il blocco, hanno lavorato cos\u00ec duramente per fornire agli utenti aggiornamenti, Telehealth, webinar educativi e formazione. Ora stiamo iniziando a uscire dal blocco Cliniko mi sta rendendo molto pi\u00f9 facile permettermi di implementare controlli di screening extra automatizzati, documentazione extra per aiutarmi a conformarmi e aiutarmi a comunicare con i miei clienti e costruire quella fiducia e fiducia nella mia clinica.<\/p>\n<p><strong>Inconvenienti: <\/strong>Se fosse in grado di gestire gli abbonamenti e consentire un pagamento &#8220;in-app&#8221; di routine che sarebbe perfetto &#8211; il pagamento online \u00e8 stato aggiunto ad alcune funzionalit\u00e0 durante il blocco, ma sarebbe bello se questo fosse distribuito su tutto il sistema<\/p>\n<h4 class=\"font-weight-bold my-1 d-flex align-items-center\">Luke A.&#8221;Ottimo software e un&#8217;ottima compagnia&#8221;<\/h4>\n<p><strong>Commenti: <\/strong>9.5 \/ 10 per il software &#8211;\u00a010\/10 per il servizio clienti &#8211;\u00a010\/10 per un buon rapporto qualit\u00e0-prezzo<\/p>\n<p><strong>Vantaggi: <\/strong>Cliniko \u00e8 facile da usare e veloce. Ho usato molti altri servizi di prenotazione online ma Cliniko li eclissa tutti. Il software \u00e8 gonfio come la concorrenza, il che consente di risparmiare moltissimo tempo nella corsa quotidiana. Il servizio clienti non \u00e8 secondo a nessuno, con risposte online nella tua casella di posta entro un&#8217;ora circa.<\/p>\n<p><strong>Inconvenienti: <\/strong>Il software non \u00e8 completamente maturo, in particolare attorno alle sessioni di gruppo. Sebbene ci siano stati progressi lenti, avrei saltato che sarebbe pi\u00f9 in basso rispetto a dove si trova attualmente.\u00a0Altri pacchetti hanno molta pi\u00f9 flessibilit\u00e0 con la personalizzazione di email automatizzate ecc., Tuttavia con la flessibilit\u00e0 arriva la complessit\u00e0.<\/p>\n","protected":false},"excerpt":{"rendered":"<p>Cliniko \u00e8 una soluzione di gestione pratica basata su cloud progettata per aiutare le aziende del settore sanitario a gestire la pianificazione degli appuntamenti, la fatturazione, l&#8217;elaborazione dei pagamenti e altro ancora. Consente ai professionisti di acquisire le cartelle cliniche dei pazienti utilizzando modelli personalizzabili e di aggiungere immagini, diagrammi e note sul trattamento utilizzando una funzionalit\u00e0 drag-and-drop.<\/p>\n","protected":false},"author":19,"featured_media":27980,"parent":27304,"menu_order":0,"comment_status":"open","ping_status":"closed","template":"g1_template_page_review_new.php","meta":{"_acf_changed":false,"cwp_meta_box_check":"Yes","cwp_rev_product_name":"","cwp_rev_product_image":"","wppr_links":[],"cwp_rev_price":"","wppr_options":[],"wppr_pros":[],"wppr_cons":[],"_monsterinsights_skip_tracking":false,"_monsterinsights_sitenote_active":false,"_monsterinsights_sitenote_note":"","_monsterinsights_sitenote_category":0,"footnotes":""},"categories":[2993],"tags":[3115,396,3009,3033,2995,3114],"features":[],"class_list":{"0":"post-27979","1":"page","2":"type-page","3":"status-publish","4":"has-post-thumbnail","6":"category-gestionale-per-fisioterapia-categoria","7":"tag-cliniko","8":"tag-cloud","9":"tag-piattaforma-gestionale-per-fisioterapie","10":"tag-programma-gestionale-per-fisioterpie","11":"tag-software-gestionale-per-fisioterapie","12":"tag-soluzione-gestionale-fisioterapia"},"wppr_data":{"cwp_meta_box_check":"Yes","cwp_rev_product_name":"","cwp_rev_product_image":"","cwp_image_link":"image","cwp_rev_price":"","wppr_rating":"0.00"},"acf":[],"yoast_head":"<!-- This site is optimized with the Yoast SEO plugin v27.4 - https:\/\/yoast.com\/product\/yoast-seo-wordpress\/ -->\n<title>Cliniko: recensione software gestionale per fisioterapia - Accurate Reviews<\/title>\n<meta name=\"description\" content=\"Cliniko: recensione soluzione di gestione pratica basata su cloud progettata per aiutare le aziende nel settore sanitario.\" \/>\n<meta name=\"robots\" content=\"index, follow, max-snippet:-1, max-image-preview:large, max-video-preview:-1\" \/>\n<link rel=\"canonical\" href=\"https:\/\/www.accuratereviews.com\/it\/gestionali-per-fisioterapia-lista\/cliniko-recensione\/\" \/>\n<meta property=\"og:locale\" content=\"it_IT\" \/>\n<meta property=\"og:type\" content=\"article\" \/>\n<meta property=\"og:title\" content=\"Cliniko: recensione software gestionale per fisioterapia - Accurate Reviews\" \/>\n<meta property=\"og:description\" content=\"Cliniko: recensione soluzione di gestione pratica basata su cloud progettata per aiutare le aziende nel settore sanitario.\" \/>\n<meta property=\"og:url\" content=\"https:\/\/www.accuratereviews.com\/it\/gestionali-per-fisioterapia-lista\/cliniko-recensione\/\" \/>\n<meta property=\"og:site_name\" content=\"Accurate Reviews\" \/>\n<meta property=\"article:modified_time\" content=\"2021-02-02T16:47:00+00:00\" \/>\n<meta property=\"og:image\" content=\"https:\/\/www.accuratereviews.com\/wp-content\/uploads\/2020\/06\/Cliniko.png\" \/>\n\t<meta property=\"og:image:width\" content=\"1200\" \/>\n\t<meta property=\"og:image:height\" content=\"644\" \/>\n\t<meta property=\"og:image:type\" content=\"image\/png\" \/>\n<meta name=\"twitter:card\" content=\"summary_large_image\" \/>\n<meta name=\"twitter:label1\" content=\"Tempo di lettura stimato\" \/>\n\t<meta name=\"twitter:data1\" content=\"4 minuti\" \/>\n<script type=\"application\/ld+json\" class=\"yoast-schema-graph\">{\"@context\":\"https:\\\/\\\/schema.org\",\"@graph\":[{\"@type\":\"WebPage\",\"@id\":\"https:\\\/\\\/www.accuratereviews.com\\\/it\\\/gestionali-per-fisioterapia-lista\\\/cliniko-recensione\\\/\",\"url\":\"https:\\\/\\\/www.accuratereviews.com\\\/it\\\/gestionali-per-fisioterapia-lista\\\/cliniko-recensione\\\/\",\"name\":\"Cliniko: recensione software gestionale per fisioterapia - Accurate Reviews\",\"isPartOf\":{\"@id\":\"https:\\\/\\\/www.accuratereviews.com\\\/it\\\/#website\"},\"primaryImageOfPage\":{\"@id\":\"https:\\\/\\\/www.accuratereviews.com\\\/it\\\/gestionali-per-fisioterapia-lista\\\/cliniko-recensione\\\/#primaryimage\"},\"image\":{\"@id\":\"https:\\\/\\\/www.accuratereviews.com\\\/it\\\/gestionali-per-fisioterapia-lista\\\/cliniko-recensione\\\/#primaryimage\"},\"thumbnailUrl\":\"https:\\\/\\\/www.accuratereviews.com\\\/wp-content\\\/uploads\\\/2020\\\/06\\\/Cliniko.png\",\"datePublished\":\"2020-06-29T08:16:37+00:00\",\"dateModified\":\"2021-02-02T16:47:00+00:00\",\"description\":\"Cliniko: recensione soluzione di gestione pratica basata su cloud progettata per aiutare le aziende nel settore sanitario.\",\"breadcrumb\":{\"@id\":\"https:\\\/\\\/www.accuratereviews.com\\\/it\\\/gestionali-per-fisioterapia-lista\\\/cliniko-recensione\\\/#breadcrumb\"},\"inLanguage\":\"it-IT\",\"potentialAction\":[{\"@type\":\"ReadAction\",\"target\":[\"https:\\\/\\\/www.accuratereviews.com\\\/it\\\/gestionali-per-fisioterapia-lista\\\/cliniko-recensione\\\/\"]}]},{\"@type\":\"ImageObject\",\"inLanguage\":\"it-IT\",\"@id\":\"https:\\\/\\\/www.accuratereviews.com\\\/it\\\/gestionali-per-fisioterapia-lista\\\/cliniko-recensione\\\/#primaryimage\",\"url\":\"https:\\\/\\\/www.accuratereviews.com\\\/wp-content\\\/uploads\\\/2020\\\/06\\\/Cliniko.png\",\"contentUrl\":\"https:\\\/\\\/www.accuratereviews.com\\\/wp-content\\\/uploads\\\/2020\\\/06\\\/Cliniko.png\",\"width\":1200,\"height\":644},{\"@type\":\"BreadcrumbList\",\"@id\":\"https:\\\/\\\/www.accuratereviews.com\\\/it\\\/gestionali-per-fisioterapia-lista\\\/cliniko-recensione\\\/#breadcrumb\",\"itemListElement\":[{\"@type\":\"ListItem\",\"position\":1,\"name\":\"Home\",\"item\":\"https:\\\/\\\/www.accuratereviews.com\\\/it\\\/\"},{\"@type\":\"ListItem\",\"position\":2,\"name\":\"Gestionali per fisioterapia\",\"item\":\"https:\\\/\\\/www.accuratereviews.com\\\/it\\\/gestionali-per-fisioterapia-lista\\\/\"},{\"@type\":\"ListItem\",\"position\":3,\"name\":\"Cliniko\"}]},{\"@type\":\"WebSite\",\"@id\":\"https:\\\/\\\/www.accuratereviews.com\\\/it\\\/#website\",\"url\":\"https:\\\/\\\/www.accuratereviews.com\\\/it\\\/\",\"name\":\"Accurate Reviews\",\"description\":\"\",\"potentialAction\":[{\"@type\":\"SearchAction\",\"target\":{\"@type\":\"EntryPoint\",\"urlTemplate\":\"https:\\\/\\\/www.accuratereviews.com\\\/it\\\/?s={search_term_string}\"},\"query-input\":{\"@type\":\"PropertyValueSpecification\",\"valueRequired\":true,\"valueName\":\"search_term_string\"}}],\"inLanguage\":\"it-IT\"}]}<\/script>\n<!-- \/ Yoast SEO plugin. -->","yoast_head_json":{"title":"Cliniko: recensione software gestionale per fisioterapia - Accurate Reviews","description":"Cliniko: recensione soluzione di gestione pratica basata su cloud progettata per aiutare le aziende nel settore sanitario.","robots":{"index":"index","follow":"follow","max-snippet":"max-snippet:-1","max-image-preview":"max-image-preview:large","max-video-preview":"max-video-preview:-1"},"canonical":"https:\/\/www.accuratereviews.com\/it\/gestionali-per-fisioterapia-lista\/cliniko-recensione\/","og_locale":"it_IT","og_type":"article","og_title":"Cliniko: recensione software gestionale per fisioterapia - Accurate Reviews","og_description":"Cliniko: recensione soluzione di gestione pratica basata su cloud progettata per aiutare le aziende nel settore sanitario.","og_url":"https:\/\/www.accuratereviews.com\/it\/gestionali-per-fisioterapia-lista\/cliniko-recensione\/","og_site_name":"Accurate Reviews","article_modified_time":"2021-02-02T16:47:00+00:00","og_image":[{"width":1200,"height":644,"url":"https:\/\/www.accuratereviews.com\/wp-content\/uploads\/2020\/06\/Cliniko.png","type":"image\/png"}],"twitter_card":"summary_large_image","twitter_misc":{"Tempo di lettura stimato":"4 minuti"},"schema":{"@context":"https:\/\/schema.org","@graph":[{"@type":"WebPage","@id":"https:\/\/www.accuratereviews.com\/it\/gestionali-per-fisioterapia-lista\/cliniko-recensione\/","url":"https:\/\/www.accuratereviews.com\/it\/gestionali-per-fisioterapia-lista\/cliniko-recensione\/","name":"Cliniko: recensione software gestionale per fisioterapia - Accurate Reviews","isPartOf":{"@id":"https:\/\/www.accuratereviews.com\/it\/#website"},"primaryImageOfPage":{"@id":"https:\/\/www.accuratereviews.com\/it\/gestionali-per-fisioterapia-lista\/cliniko-recensione\/#primaryimage"},"image":{"@id":"https:\/\/www.accuratereviews.com\/it\/gestionali-per-fisioterapia-lista\/cliniko-recensione\/#primaryimage"},"thumbnailUrl":"https:\/\/www.accuratereviews.com\/wp-content\/uploads\/2020\/06\/Cliniko.png","datePublished":"2020-06-29T08:16:37+00:00","dateModified":"2021-02-02T16:47:00+00:00","description":"Cliniko: recensione soluzione di gestione pratica basata su cloud progettata per aiutare le aziende nel settore sanitario.","breadcrumb":{"@id":"https:\/\/www.accuratereviews.com\/it\/gestionali-per-fisioterapia-lista\/cliniko-recensione\/#breadcrumb"},"inLanguage":"it-IT","potentialAction":[{"@type":"ReadAction","target":["https:\/\/www.accuratereviews.com\/it\/gestionali-per-fisioterapia-lista\/cliniko-recensione\/"]}]},{"@type":"ImageObject","inLanguage":"it-IT","@id":"https:\/\/www.accuratereviews.com\/it\/gestionali-per-fisioterapia-lista\/cliniko-recensione\/#primaryimage","url":"https:\/\/www.accuratereviews.com\/wp-content\/uploads\/2020\/06\/Cliniko.png","contentUrl":"https:\/\/www.accuratereviews.com\/wp-content\/uploads\/2020\/06\/Cliniko.png","width":1200,"height":644},{"@type":"BreadcrumbList","@id":"https:\/\/www.accuratereviews.com\/it\/gestionali-per-fisioterapia-lista\/cliniko-recensione\/#breadcrumb","itemListElement":[{"@type":"ListItem","position":1,"name":"Home","item":"https:\/\/www.accuratereviews.com\/it\/"},{"@type":"ListItem","position":2,"name":"Gestionali per fisioterapia","item":"https:\/\/www.accuratereviews.com\/it\/gestionali-per-fisioterapia-lista\/"},{"@type":"ListItem","position":3,"name":"Cliniko"}]},{"@type":"WebSite","@id":"https:\/\/www.accuratereviews.com\/it\/#website","url":"https:\/\/www.accuratereviews.com\/it\/","name":"Accurate Reviews","description":"","potentialAction":[{"@type":"SearchAction","target":{"@type":"EntryPoint","urlTemplate":"https:\/\/www.accuratereviews.com\/it\/?s={search_term_string}"},"query-input":{"@type":"PropertyValueSpecification","valueRequired":true,"valueName":"search_term_string"}}],"inLanguage":"it-IT"}]}},"_links":{"self":[{"href":"https:\/\/www.accuratereviews.com\/it\/wp-json\/wp\/v2\/pages\/27979","targetHints":{"allow":["GET"]}}],"collection":[{"href":"https:\/\/www.accuratereviews.com\/it\/wp-json\/wp\/v2\/pages"}],"about":[{"href":"https:\/\/www.accuratereviews.com\/it\/wp-json\/wp\/v2\/types\/page"}],"author":[{"embeddable":true,"href":"https:\/\/www.accuratereviews.com\/it\/wp-json\/wp\/v2\/users\/19"}],"replies":[{"embeddable":true,"href":"https:\/\/www.accuratereviews.com\/it\/wp-json\/wp\/v2\/comments?post=27979"}],"version-history":[{"count":9,"href":"https:\/\/www.accuratereviews.com\/it\/wp-json\/wp\/v2\/pages\/27979\/revisions"}],"predecessor-version":[{"id":36553,"href":"https:\/\/www.accuratereviews.com\/it\/wp-json\/wp\/v2\/pages\/27979\/revisions\/36553"}],"up":[{"embeddable":true,"href":"https:\/\/www.accuratereviews.com\/it\/wp-json\/wp\/v2\/pages\/27304"}],"wp:featuredmedia":[{"embeddable":true,"href":"https:\/\/www.accuratereviews.com\/it\/wp-json\/wp\/v2\/media\/27980"}],"wp:attachment":[{"href":"https:\/\/www.accuratereviews.com\/it\/wp-json\/wp\/v2\/media?parent=27979"}],"wp:term":[{"taxonomy":"category","embeddable":true,"href":"https:\/\/www.accuratereviews.com\/it\/wp-json\/wp\/v2\/categories?post=27979"},{"taxonomy":"post_tag","embeddable":true,"href":"https:\/\/www.accuratereviews.com\/it\/wp-json\/wp\/v2\/tags?post=27979"},{"taxonomy":"features","embeddable":true,"href":"https:\/\/www.accuratereviews.com\/it\/wp-json\/wp\/v2\/features?post=27979"}],"curies":[{"name":"wp","href":"https:\/\/api.w.org\/{rel}","templated":true}]}}