{"id":27996,"date":"2020-06-30T10:28:55","date_gmt":"2020-06-30T10:28:55","guid":{"rendered":"https:\/\/www.accuratereviews.com\/?page_id=27996"},"modified":"2021-02-02T17:19:54","modified_gmt":"2021-02-02T17:19:54","slug":"mercury-one-recensione","status":"publish","type":"page","link":"https:\/\/www.accuratereviews.com\/it\/gestionali-per-fisioterapia-lista\/mercury-one-recensione\/","title":{"rendered":"Mercury One"},"content":{"rendered":"<p><strong>Mercury One<\/strong> \u00e8 una <strong>soluzione basata su cloud<\/strong> progettata per aiutare le piccole cliniche e i medici a<strong> gestire i processi relativi alla fatturazione<\/strong>, ai pagamenti, alla conformit\u00e0 e altro ancora. La piattaforma \u00e8 dotata di una funzionalit\u00e0 di acquisizione dei dati demografici, che consente alle organizzazioni di raccogliere informazioni sui pazienti come et\u00e0, sesso e reddito.\u00a0<strong>Mercury One<\/strong> include un database centralizzato, che consente ai manager di archiviare dati come anamnesi del paziente, linee di trattamento e rapporti diagnostici per riferimenti futuri. Le funzionalit\u00e0 principali includono la ricerca basata su tabelle, il portale dei pazienti, la pianificazione e altro. Il sistema di immissione degli addebiti consente agli utenti di aggiornare i pagamenti sugli account dei pazienti secondo i piani tariffari. Il sistema di carte di credito integrato consente agli amministratori di accettare pagamenti ed elaborare transazioni in blocco in lotti.<\/p>\n<p><a href=\"https:\/\/www.accuratereviews.com\/wp-content\/uploads\/2020\/06\/Schermata-2020-06-29-alle-11.02.18.png\"><img loading=\"lazy\" decoding=\"async\" class=\"alignnone size-full wp-image-28000\" src=\"https:\/\/www.accuratereviews.com\/wp-content\/uploads\/2020\/06\/Schermata-2020-06-29-alle-11.02.18.png\" alt=\"\" width=\"2302\" height=\"1106\" srcset=\"https:\/\/www.accuratereviews.com\/wp-content\/uploads\/2020\/06\/Schermata-2020-06-29-alle-11.02.18.png 2302w, https:\/\/www.accuratereviews.com\/wp-content\/uploads\/2020\/06\/Schermata-2020-06-29-alle-11.02.18-300x144.png 300w, https:\/\/www.accuratereviews.com\/wp-content\/uploads\/2020\/06\/Schermata-2020-06-29-alle-11.02.18-1024x492.png 1024w, https:\/\/www.accuratereviews.com\/wp-content\/uploads\/2020\/06\/Schermata-2020-06-29-alle-11.02.18-768x369.png 768w, https:\/\/www.accuratereviews.com\/wp-content\/uploads\/2020\/06\/Schermata-2020-06-29-alle-11.02.18-1536x738.png 1536w, https:\/\/www.accuratereviews.com\/wp-content\/uploads\/2020\/06\/Schermata-2020-06-29-alle-11.02.18-2048x984.png 2048w, https:\/\/www.accuratereviews.com\/wp-content\/uploads\/2020\/06\/Schermata-2020-06-29-alle-11.02.18-260x125.png 260w, https:\/\/www.accuratereviews.com\/wp-content\/uploads\/2020\/06\/Schermata-2020-06-29-alle-11.02.18-50x24.png 50w, https:\/\/www.accuratereviews.com\/wp-content\/uploads\/2020\/06\/Schermata-2020-06-29-alle-11.02.18-968x465.png 968w, https:\/\/www.accuratereviews.com\/wp-content\/uploads\/2020\/06\/Schermata-2020-06-29-alle-11.02.18-636x306.png 636w, https:\/\/www.accuratereviews.com\/wp-content\/uploads\/2020\/06\/Schermata-2020-06-29-alle-11.02.18-320x154.png 320w, https:\/\/www.accuratereviews.com\/wp-content\/uploads\/2020\/06\/Schermata-2020-06-29-alle-11.02.18-239x115.png 239w\" sizes=\"auto, (max-width: 2302px) 100vw, 2302px\" \/><\/a><\/p>\n<h2>MERCURY ONE &#8211; CARATTERISTICHE<\/h2>\n<ul>\n<li>Gestione degli appuntamenti e delle pratiche<\/li>\n<li>Registrazione del paziente<\/li>\n<li>Valutazioni<\/li>\n<li>Multi-Location<\/li>\n<li>Fatturazione<\/li>\n<li>Gestione delle assicurazioni e dei sinistri<\/li>\n<li>Record del paziente<\/li>\n<li>Pianificazione del paziente<\/li>\n<li>Monitoraggio dei progressi e delle attivit\u00e0<\/li>\n<li>Piani di trattamento<\/li>\n<li>Gestione dell&#8217;account del paziente<\/li>\n<li>EDI<\/li>\n<li>Scansione in ingresso<\/li>\n<li>Note sullo stato di avanzamento<\/li>\n<li>Richiama tracciamento<\/li>\n<\/ul>\n<h3>LE RECENSIONI DEGLI UTENTI<\/h3>\n<h4 class=\"font-weight-bold my-1 d-flex align-items-center\">Melissa H.&#8221;Mercury \u00e8 un software estremamente robusto. Il suo potenziale di integrazione \u00e8 infinito e il gruppo di supporto \u00e8 estremamente reattivo!&#8221;<\/h4>\n<p><strong>Commenti: <\/strong>Le transizioni del software sono brutte, indipendentemente dal software che usi. Mentre il tempo necessario per apprendere completamente il software deve essere impiegato, il gruppo di supporto di Mercury \u00e8 sempre disponibile ad aiutarti.<\/p>\n<p><strong>Vantaggi: <\/strong>Il supporto offerto dal gruppo Mercury Medical \u00e8 di prim&#8217;ordine. Abbiamo affrontato diversi sistemi PM e non siamo mai stati cos\u00ec ben supportati.<\/p>\n<p><strong>Inconvenienti: <\/strong>A causa delle capacit\u00e0 di questo software, c&#8217;era una curva di apprendimento. Pi\u00f9 funzioni quindi pi\u00f9 apprendimento.<\/p>\n<h4 class=\"font-weight-bold my-1 d-flex align-items-center\">Nichole P.&#8221;Ho lavorato con Crissoft e il supporto nel mio lavoro precedente e non ho mai amato di pi\u00f9 un programma.&#8221;<\/h4>\n<p><strong>Commenti: <\/strong>Ho imparato molto dai miei istruttori e ho avuto la fortuna di lavorare con Paul e Ginger per apprendere nuove cose riguardo al programma e disposto a dare un feedback su ci\u00f2 che avrei dovuto aggiungere al programma. L&#8217;apprendimento di nuovi software \u00e8 sempre un vantaggio per il mio titolo professionale.<\/p>\n<p><strong>Vantaggi: <\/strong>Adoro il fatto che sia facile da usare e che tu possa richiedere funzionalit\u00e0 personalizzate e che il team di supporto lavori con te sulle modifiche nel miglior modo possibile. Hanno formattato il nostro programma per lavorare con una certa specialit\u00e0 e i nostri medici sono rimasti molto soddisfatti. In realt\u00e0 ho cercato di spingere il mio nuovo lavoro a lavorare con Crissoft perch\u00e9 approvo cos\u00ec tanto il programma e le persone.<\/p>\n<p><strong>Inconvenienti: <\/strong>Non posso dire molto dei contro perch\u00e9 tutti quelli con cui ho lavorato sono stati fantastici. Il programma era molto aperto e facile da usare. Ho avuto un medico che ha lottato con la sezione di programmazione ma non penso che fosse un problema di programmazione.<\/p>\n<h4 class=\"font-weight-bold my-1 d-flex align-items-center\">Frank L.&#8221;Mercury Medical per i clienti delle sale di emergenza&#8221;<\/h4>\n<p><strong>Vantaggi: <\/strong>Ho trascorso pi\u00f9 di 18 mesi alla ricerca del software giusto per la nostra piattaforma RCM medica per le sale di emergenza, le cliniche di assistenza urgente e altri clienti con volumi elevati. Mercury Medical, di CrisSoft, Inc. \u00e8 stata la nostra selezione finale. Siamo molto soddisfatti del software, in quanto \u00e8 molto flessibile e configurabile; ha sostituito la nostra piattaforma precedente, che era una combinazione di cinque prodotti software separati unite insieme. Mercury ci ha permesso di ridurre i tempi di processo fino al 65% per i reclami e la registrazione dei pagamenti, ei nostri clienti adorano i rapporti sulle prestazioni personalizzabili forniti da Mercury. Inoltre, CrisSoft fornisce altri servizi che ci consentono di scalare per i nostri clienti. Ad esempio, la capacit\u00e0 di formattare e integrare messaggi HL7 personalizzati ci consente di integrare i partecipanti ACO e di utilizzare la nostra piattaforma di servizi RCM come software primario per il data warehousing e l&#8217;archiviazione, nonch\u00e9 di fornire business intelligence e analisi per acquisire e tenere traccia dei 26 quantificabili misurazioni delle prestazioni per le organizzazioni di assistenza responsabile e i sistemi sanitari della popolazione.<\/p>\n<p><strong>Inconvenienti: <\/strong>C&#8217;\u00e8 molto poco che non ci piace del software. I loro team di assistenza e supporto sono molto reattivi e la loro capacit\u00e0 di comprendere le regole aziendali uniche dei nostri clienti del Pronto Soccorso \u00e8 stata estremamente utile per proteggere i nuovi clienti.<\/p>\n","protected":false},"excerpt":{"rendered":"<p>Mercury One \u00e8 una soluzione basata su cloud progettata per aiutare le piccole cliniche e i medici a gestire i processi relativi alla fatturazione, ai pagamenti, alla conformit\u00e0 e altro ancora. La piattaforma \u00e8 dotata di una funzionalit\u00e0 di acquisizione dei dati demografici, che consente alle organizzazioni di raccogliere informazioni sui pazienti come et\u00e0, sesso e reddito.<\/p>\n","protected":false},"author":19,"featured_media":27997,"parent":27304,"menu_order":0,"comment_status":"open","ping_status":"closed","template":"g1_template_page_review_new.php","meta":{"_acf_changed":false,"cwp_meta_box_check":"Yes","cwp_rev_product_name":"","cwp_rev_product_image":"","wppr_links":[],"cwp_rev_price":"","wppr_options":[],"wppr_pros":[],"wppr_cons":[],"_monsterinsights_skip_tracking":false,"_monsterinsights_sitenote_active":false,"_monsterinsights_sitenote_note":"","_monsterinsights_sitenote_category":0,"footnotes":""},"categories":[2993],"tags":[396,3116,3009,3033,2995,3008],"features":[],"class_list":{"0":"post-27996","1":"page","2":"type-page","3":"status-publish","4":"has-post-thumbnail","6":"category-gestionale-per-fisioterapia-categoria","7":"tag-cloud","8":"tag-mercury-one","9":"tag-piattaforma-gestionale-per-fisioterapie","10":"tag-programma-gestionale-per-fisioterpie","11":"tag-software-gestionale-per-fisioterapie","12":"tag-soluzione-gestionale-per-fisioterapie"},"wppr_data":{"cwp_meta_box_check":"Yes","cwp_rev_product_name":"","cwp_rev_product_image":"","cwp_image_link":"image","cwp_rev_price":"","wppr_rating":"0.00"},"acf":[],"yoast_head":"<!-- This site is optimized with the Yoast SEO plugin v27.4 - https:\/\/yoast.com\/product\/yoast-seo-wordpress\/ -->\n<title>Mercury One: recensione gestionale fisioterapia - Accurate Reviews<\/title>\n<meta name=\"description\" content=\"Mercury One: recensione soluzione basata su cloud progettata per aiutare le piccole cliniche e i medici a gestire la fatturazione, pagamenti e altro ancora.\" \/>\n<meta name=\"robots\" content=\"index, follow, max-snippet:-1, max-image-preview:large, max-video-preview:-1\" \/>\n<link rel=\"canonical\" href=\"https:\/\/www.accuratereviews.com\/it\/gestionali-per-fisioterapia-lista\/mercury-one-recensione\/\" \/>\n<meta property=\"og:locale\" content=\"it_IT\" \/>\n<meta property=\"og:type\" content=\"article\" \/>\n<meta property=\"og:title\" content=\"Mercury One: recensione gestionale fisioterapia - Accurate Reviews\" \/>\n<meta property=\"og:description\" content=\"Mercury One: recensione soluzione basata su cloud progettata per aiutare le piccole cliniche e i medici a gestire la fatturazione, pagamenti e altro ancora.\" \/>\n<meta property=\"og:url\" content=\"https:\/\/www.accuratereviews.com\/it\/gestionali-per-fisioterapia-lista\/mercury-one-recensione\/\" \/>\n<meta property=\"og:site_name\" content=\"Accurate Reviews\" \/>\n<meta property=\"article:modified_time\" content=\"2021-02-02T17:19:54+00:00\" \/>\n<meta property=\"og:image\" content=\"https:\/\/www.accuratereviews.com\/wp-content\/uploads\/2020\/06\/mercury-one.jpg\" \/>\n\t<meta property=\"og:image:width\" content=\"500\" \/>\n\t<meta property=\"og:image:height\" content=\"500\" \/>\n\t<meta property=\"og:image:type\" content=\"image\/jpeg\" \/>\n<meta name=\"twitter:card\" content=\"summary_large_image\" \/>\n<meta name=\"twitter:label1\" content=\"Tempo di lettura stimato\" \/>\n\t<meta name=\"twitter:data1\" content=\"4 minuti\" \/>\n<script type=\"application\/ld+json\" class=\"yoast-schema-graph\">{\"@context\":\"https:\\\/\\\/schema.org\",\"@graph\":[{\"@type\":\"WebPage\",\"@id\":\"https:\\\/\\\/www.accuratereviews.com\\\/it\\\/gestionali-per-fisioterapia-lista\\\/mercury-one-recensione\\\/\",\"url\":\"https:\\\/\\\/www.accuratereviews.com\\\/it\\\/gestionali-per-fisioterapia-lista\\\/mercury-one-recensione\\\/\",\"name\":\"Mercury One: recensione gestionale fisioterapia - Accurate Reviews\",\"isPartOf\":{\"@id\":\"https:\\\/\\\/www.accuratereviews.com\\\/it\\\/#website\"},\"primaryImageOfPage\":{\"@id\":\"https:\\\/\\\/www.accuratereviews.com\\\/it\\\/gestionali-per-fisioterapia-lista\\\/mercury-one-recensione\\\/#primaryimage\"},\"image\":{\"@id\":\"https:\\\/\\\/www.accuratereviews.com\\\/it\\\/gestionali-per-fisioterapia-lista\\\/mercury-one-recensione\\\/#primaryimage\"},\"thumbnailUrl\":\"https:\\\/\\\/www.accuratereviews.com\\\/wp-content\\\/uploads\\\/2020\\\/06\\\/mercury-one.jpg\",\"datePublished\":\"2020-06-30T10:28:55+00:00\",\"dateModified\":\"2021-02-02T17:19:54+00:00\",\"description\":\"Mercury One: recensione soluzione basata su cloud progettata per aiutare le piccole cliniche e i medici a gestire la fatturazione, pagamenti e altro ancora.\",\"breadcrumb\":{\"@id\":\"https:\\\/\\\/www.accuratereviews.com\\\/it\\\/gestionali-per-fisioterapia-lista\\\/mercury-one-recensione\\\/#breadcrumb\"},\"inLanguage\":\"it-IT\",\"potentialAction\":[{\"@type\":\"ReadAction\",\"target\":[\"https:\\\/\\\/www.accuratereviews.com\\\/it\\\/gestionali-per-fisioterapia-lista\\\/mercury-one-recensione\\\/\"]}]},{\"@type\":\"ImageObject\",\"inLanguage\":\"it-IT\",\"@id\":\"https:\\\/\\\/www.accuratereviews.com\\\/it\\\/gestionali-per-fisioterapia-lista\\\/mercury-one-recensione\\\/#primaryimage\",\"url\":\"https:\\\/\\\/www.accuratereviews.com\\\/wp-content\\\/uploads\\\/2020\\\/06\\\/mercury-one.jpg\",\"contentUrl\":\"https:\\\/\\\/www.accuratereviews.com\\\/wp-content\\\/uploads\\\/2020\\\/06\\\/mercury-one.jpg\",\"width\":500,\"height\":500},{\"@type\":\"BreadcrumbList\",\"@id\":\"https:\\\/\\\/www.accuratereviews.com\\\/it\\\/gestionali-per-fisioterapia-lista\\\/mercury-one-recensione\\\/#breadcrumb\",\"itemListElement\":[{\"@type\":\"ListItem\",\"position\":1,\"name\":\"Home\",\"item\":\"https:\\\/\\\/www.accuratereviews.com\\\/it\\\/\"},{\"@type\":\"ListItem\",\"position\":2,\"name\":\"Gestionali per fisioterapia\",\"item\":\"https:\\\/\\\/www.accuratereviews.com\\\/it\\\/gestionali-per-fisioterapia-lista\\\/\"},{\"@type\":\"ListItem\",\"position\":3,\"name\":\"Mercury One\"}]},{\"@type\":\"WebSite\",\"@id\":\"https:\\\/\\\/www.accuratereviews.com\\\/it\\\/#website\",\"url\":\"https:\\\/\\\/www.accuratereviews.com\\\/it\\\/\",\"name\":\"Accurate Reviews\",\"description\":\"\",\"potentialAction\":[{\"@type\":\"SearchAction\",\"target\":{\"@type\":\"EntryPoint\",\"urlTemplate\":\"https:\\\/\\\/www.accuratereviews.com\\\/it\\\/?s={search_term_string}\"},\"query-input\":{\"@type\":\"PropertyValueSpecification\",\"valueRequired\":true,\"valueName\":\"search_term_string\"}}],\"inLanguage\":\"it-IT\"}]}<\/script>\n<!-- \/ Yoast SEO plugin. -->","yoast_head_json":{"title":"Mercury One: recensione gestionale fisioterapia - Accurate Reviews","description":"Mercury One: recensione soluzione basata su cloud progettata per aiutare le piccole cliniche e i medici a gestire la fatturazione, pagamenti e altro ancora.","robots":{"index":"index","follow":"follow","max-snippet":"max-snippet:-1","max-image-preview":"max-image-preview:large","max-video-preview":"max-video-preview:-1"},"canonical":"https:\/\/www.accuratereviews.com\/it\/gestionali-per-fisioterapia-lista\/mercury-one-recensione\/","og_locale":"it_IT","og_type":"article","og_title":"Mercury One: recensione gestionale fisioterapia - Accurate Reviews","og_description":"Mercury One: recensione soluzione basata su cloud progettata per aiutare le piccole cliniche e i medici a gestire la fatturazione, pagamenti e altro ancora.","og_url":"https:\/\/www.accuratereviews.com\/it\/gestionali-per-fisioterapia-lista\/mercury-one-recensione\/","og_site_name":"Accurate Reviews","article_modified_time":"2021-02-02T17:19:54+00:00","og_image":[{"width":500,"height":500,"url":"https:\/\/www.accuratereviews.com\/wp-content\/uploads\/2020\/06\/mercury-one.jpg","type":"image\/jpeg"}],"twitter_card":"summary_large_image","twitter_misc":{"Tempo di lettura stimato":"4 minuti"},"schema":{"@context":"https:\/\/schema.org","@graph":[{"@type":"WebPage","@id":"https:\/\/www.accuratereviews.com\/it\/gestionali-per-fisioterapia-lista\/mercury-one-recensione\/","url":"https:\/\/www.accuratereviews.com\/it\/gestionali-per-fisioterapia-lista\/mercury-one-recensione\/","name":"Mercury One: recensione gestionale fisioterapia - Accurate Reviews","isPartOf":{"@id":"https:\/\/www.accuratereviews.com\/it\/#website"},"primaryImageOfPage":{"@id":"https:\/\/www.accuratereviews.com\/it\/gestionali-per-fisioterapia-lista\/mercury-one-recensione\/#primaryimage"},"image":{"@id":"https:\/\/www.accuratereviews.com\/it\/gestionali-per-fisioterapia-lista\/mercury-one-recensione\/#primaryimage"},"thumbnailUrl":"https:\/\/www.accuratereviews.com\/wp-content\/uploads\/2020\/06\/mercury-one.jpg","datePublished":"2020-06-30T10:28:55+00:00","dateModified":"2021-02-02T17:19:54+00:00","description":"Mercury One: recensione soluzione basata su cloud progettata per aiutare le piccole cliniche e i medici a gestire la fatturazione, pagamenti e altro ancora.","breadcrumb":{"@id":"https:\/\/www.accuratereviews.com\/it\/gestionali-per-fisioterapia-lista\/mercury-one-recensione\/#breadcrumb"},"inLanguage":"it-IT","potentialAction":[{"@type":"ReadAction","target":["https:\/\/www.accuratereviews.com\/it\/gestionali-per-fisioterapia-lista\/mercury-one-recensione\/"]}]},{"@type":"ImageObject","inLanguage":"it-IT","@id":"https:\/\/www.accuratereviews.com\/it\/gestionali-per-fisioterapia-lista\/mercury-one-recensione\/#primaryimage","url":"https:\/\/www.accuratereviews.com\/wp-content\/uploads\/2020\/06\/mercury-one.jpg","contentUrl":"https:\/\/www.accuratereviews.com\/wp-content\/uploads\/2020\/06\/mercury-one.jpg","width":500,"height":500},{"@type":"BreadcrumbList","@id":"https:\/\/www.accuratereviews.com\/it\/gestionali-per-fisioterapia-lista\/mercury-one-recensione\/#breadcrumb","itemListElement":[{"@type":"ListItem","position":1,"name":"Home","item":"https:\/\/www.accuratereviews.com\/it\/"},{"@type":"ListItem","position":2,"name":"Gestionali per fisioterapia","item":"https:\/\/www.accuratereviews.com\/it\/gestionali-per-fisioterapia-lista\/"},{"@type":"ListItem","position":3,"name":"Mercury One"}]},{"@type":"WebSite","@id":"https:\/\/www.accuratereviews.com\/it\/#website","url":"https:\/\/www.accuratereviews.com\/it\/","name":"Accurate Reviews","description":"","potentialAction":[{"@type":"SearchAction","target":{"@type":"EntryPoint","urlTemplate":"https:\/\/www.accuratereviews.com\/it\/?s={search_term_string}"},"query-input":{"@type":"PropertyValueSpecification","valueRequired":true,"valueName":"search_term_string"}}],"inLanguage":"it-IT"}]}},"_links":{"self":[{"href":"https:\/\/www.accuratereviews.com\/it\/wp-json\/wp\/v2\/pages\/27996","targetHints":{"allow":["GET"]}}],"collection":[{"href":"https:\/\/www.accuratereviews.com\/it\/wp-json\/wp\/v2\/pages"}],"about":[{"href":"https:\/\/www.accuratereviews.com\/it\/wp-json\/wp\/v2\/types\/page"}],"author":[{"embeddable":true,"href":"https:\/\/www.accuratereviews.com\/it\/wp-json\/wp\/v2\/users\/19"}],"replies":[{"embeddable":true,"href":"https:\/\/www.accuratereviews.com\/it\/wp-json\/wp\/v2\/comments?post=27996"}],"version-history":[{"count":10,"href":"https:\/\/www.accuratereviews.com\/it\/wp-json\/wp\/v2\/pages\/27996\/revisions"}],"predecessor-version":[{"id":36601,"href":"https:\/\/www.accuratereviews.com\/it\/wp-json\/wp\/v2\/pages\/27996\/revisions\/36601"}],"up":[{"embeddable":true,"href":"https:\/\/www.accuratereviews.com\/it\/wp-json\/wp\/v2\/pages\/27304"}],"wp:featuredmedia":[{"embeddable":true,"href":"https:\/\/www.accuratereviews.com\/it\/wp-json\/wp\/v2\/media\/27997"}],"wp:attachment":[{"href":"https:\/\/www.accuratereviews.com\/it\/wp-json\/wp\/v2\/media?parent=27996"}],"wp:term":[{"taxonomy":"category","embeddable":true,"href":"https:\/\/www.accuratereviews.com\/it\/wp-json\/wp\/v2\/categories?post=27996"},{"taxonomy":"post_tag","embeddable":true,"href":"https:\/\/www.accuratereviews.com\/it\/wp-json\/wp\/v2\/tags?post=27996"},{"taxonomy":"features","embeddable":true,"href":"https:\/\/www.accuratereviews.com\/it\/wp-json\/wp\/v2\/features?post=27996"}],"curies":[{"name":"wp","href":"https:\/\/api.w.org\/{rel}","templated":true}]}}