{"id":28008,"date":"2020-06-30T10:27:15","date_gmt":"2020-06-30T10:27:15","guid":{"rendered":"https:\/\/www.accuratereviews.com\/?page_id=28008"},"modified":"2021-02-02T17:21:36","modified_gmt":"2021-02-02T17:21:36","slug":"apta-connect-recensione","status":"publish","type":"page","link":"https:\/\/www.accuratereviews.com\/it\/gestionali-per-fisioterapia-lista\/apta-connect-recensione\/","title":{"rendered":"APTA Connect"},"content":{"rendered":"<p><strong>APTA Connect<\/strong> di Cedaron Medical \u00e8 una soluzione scalabile di <strong>gestione pratica on-premise<\/strong> per i centri medici di riabilitative di tutte le dimensioni. Si concentra su pratiche che forniscono servizi medici come terapia fisica, logopedia e medicina del lavoro.\u00a0<strong>APTA Connect<\/strong> si basa su un&#8217;applicazione EMR (Electronic Medical Records) che include flussi di lavoro procedurali, supporto per tablet e un portale per i pazienti. Il modulo di pianificazione consente all&#8217;utente di visualizzare i programmi del terapeuta, medico o clinica. Vengono visualizzati avvisi automatici in caso di doppia prenotazione e ogni tipo di visita pu\u00f2 essere codificato a colori. Con il sistema di archiviazione delle immagini del software, gli utenti possono caricare e archiviare qualsiasi tipo di documento o immagine nella cartella clinica di un paziente; radiografie, foto e risonanze magnetiche.<\/p>\n<h2>APTA CONNECT &#8211; TUTORIAL<\/h2>\n<p>Guardiamo insieme il video su questo <strong>software gestionale per fisioterapia<\/strong>:<\/p>\n<div id=\"fluid-wrapper-counter-1\" class=\"g1-fluid-wrapper \" style=\"width:686px;\">\n<div style=\"padding-bottom:56.268221574344%;\"><iframe loading=\"lazy\" title=\"Get to Know Cedaron Connect\" width=\"686\" height=\"386\" src=\"https:\/\/www.youtube.com\/embed\/q2PzwXQGLkc?feature=oembed&amp;wmode=transparent&amp;autohide=1&amp;autoplay=0&amp;disablekb=0&amp;fs=1&amp;loop=0&amp;enablejsapi=1&amp;rel=0&amp;controls=2&amp;showinfo=0&amp;wmode=transparent&amp;autohide=2&amp;autoplay=0&amp;disablekb=0&amp;fs=1&amp;loop=0&amp;enablejsapi=1&amp;rel=0&amp;controls=2&amp;showinfo=1\" frameborder=\"0\" allow=\"accelerometer; autoplay; clipboard-write; encrypted-media; gyroscope; picture-in-picture\" allowfullscreen><\/iframe><\/div>\n<\/div>\n<h3>APTA CONNECT &#8211; CARATTERISTICHE<\/h3>\n<ul>\n<li><strong>Migliora l&#8217;efficienza<\/strong>: maggiore redditivit\u00e0 migliorando l&#8217;amministrazione. Il sistema riduce l&#8217;inserimento di dati ridondanti e fornisce capacit\u00e0 di reporting semplici e accurate<\/li>\n<li><strong>Maggiore redditivit\u00e0<\/strong>: il software riduce le complicazioni, riduce le smentite e aumenta la redditivit\u00e0 mantenendoti conforme a tutti i pagatori, incluso Medicare<\/li>\n<li><strong>Rimani aggiornato con le tecnologie<\/strong>: non sopportare l&#8217;onere finanziario di un aggiornamento obbligatorio. Tutti gli aggiornamenti sono automatici e gratuiti<\/li>\n<li><strong>Formazione di qualit\u00e0:<\/strong> la soluzione offre implementazione e formazione complete assicurando di avere tutto gli strumenti necessari per massimizzare il valore fornito dal prodotto<\/li>\n<li><strong>Personalizzazione<\/strong>: crea sondaggi personalizzati campi e rapporti per soddisfare il software in base alle esigenze della tua organizzazione<\/li>\n<\/ul>\n<h4>LE RECENSIONI DEGLI UTENTI<\/h4>\n<h4 class=\"font-weight-bold my-1 d-flex align-items-center\">Susan B.&#8221;Ottimo servizio clienti&#8221;<\/h4>\n<p><strong>Commenti: <\/strong>Penso che una volta che avremo capito le nostre interfacce saremo bravi! Sono grato a tutti i dipendenti con cui abbiamo avuto il piacere di lavorare.<\/p>\n<p><strong>Vantaggi: <\/strong>le note sembrano migliori e sono pi\u00f9 facili da leggere.<\/p>\n<p><strong>Inconvenienti: <\/strong>Le nostre interfacce sembrano avere problemi. So che questo \u00e8 un lavoro in corso.<\/p>\n<h4 class=\"font-weight-bold my-1 d-flex align-items-center\">Lisa K.&#8221;Nessun sistema perfetto&#8221;<\/h4>\n<p><strong>Commenti: <\/strong>Il personale di supporto di CONNECT \u00e8 stato attento alle nostre esigenze al meglio delle loro capacit\u00e0. Alcune modifiche non possono essere apportate, altre vengono posticipate alle prossime versioni. Facciamo del nostro meglio per rimanere sulla versione attuale per ridurre al minimo i problemi. In caso di problemi, reagiscono rapidamente.<\/p>\n<p><strong>Vantaggi: <\/strong>Il sistema \u00e8 completo, al punto che le decisioni aziendali devono essere prese su cosa \/ quanto riferire perch\u00e9 nessun PT pu\u00f2 completare tutti i campi e fornire comunque una buona assistenza ai pazienti. Ha molte funzioni personalizzabili per soddisfare esigenze individuali. \u00c8 approvato dall&#8217;APTA, pertanto il nostro organo di governo sta contribuendo a garantire che le modifiche siano orchestrate in modo tempestivo rispetto alla documentazione richiesta \/ modifiche alla codifica. Questo \u00e8 rassicurante per il personale professionale. Cedaron ha la flessibilit\u00e0 di essere ospitato da solo o ospitato, a seconda delle capacit\u00e0 IT e del budget.<\/p>\n<p><strong>Inconvenienti: <\/strong>Il sistema non ha un componente software di fatturazione. Deve essere integrato con il software di fatturazione tramite un&#8217;interfaccia. Quindi non \u00e8 un sistema completamente integrato.<\/p>\n<h4 class=\"font-weight-bold my-1 d-flex align-items-center\">Rich M.&#8221;Carenze minime&#8221;<\/h4>\n<p><strong>Commenti: <\/strong>C&#8217;\u00e8 stato un periodo di tempo in cui la nostra relazione con Cedaron \u00e8 stata la MIGLIORE relazione d&#8217;affari che abbiamo avuto. Il servizio clienti \u00e8 stato attento, cordiale, efficace e attento. Tuttavia, \u00e8 emerso che il turnover del personale ha minato le nostre relazioni con il servizio clienti nella seconda met\u00e0 del tempo di abbonamento con Connect. Il nostro rapporto con la propriet\u00e0 \u00e8 stato per lo pi\u00f9 abbastanza positivo.<\/p>\n<p><strong>Vantaggi: <\/strong>Facilit\u00e0 di personalizzazione dell&#8217;utente finale dell&#8217;interfaccia utente e dei report.<\/p>\n<p><strong>Inconvenienti: <\/strong>Il fatto che l&#8217;applicazione non fosse basata su cloud e relativamente costosa e ci avrebbe richiesto di ottenere un nuovo server per continuare con Connect.<\/p>\n","protected":false},"excerpt":{"rendered":"<p>APTA Connect di Cedaron Medical \u00e8 una soluzione scalabile di gestione pratica on-premise per i centri medici di riabilitative di tutte le dimensioni. Si concentra su pratiche che forniscono servizi medici come terapia fisica, logopedia e medicina del lavoro.\u00a0APTA Connect si basa su un&#8217;applicazione EMR (Electronic Medical Records) che include flussi di lavoro procedurali, supporto per tablet e un portale per i pazienti.<\/p>\n","protected":false},"author":19,"featured_media":28009,"parent":27304,"menu_order":0,"comment_status":"open","ping_status":"closed","template":"g1_template_page_review_new.php","meta":{"_acf_changed":false,"cwp_meta_box_check":"Yes","cwp_rev_product_name":"","cwp_rev_product_image":"","wppr_links":[],"cwp_rev_price":"","wppr_options":[],"wppr_pros":[],"wppr_cons":[],"_monsterinsights_skip_tracking":false,"_monsterinsights_sitenote_active":false,"_monsterinsights_sitenote_note":"","_monsterinsights_sitenote_category":0,"footnotes":""},"categories":[2993],"tags":[3127,3009,3033,2995,3008],"features":[],"class_list":{"0":"post-28008","1":"page","2":"type-page","3":"status-publish","4":"has-post-thumbnail","6":"category-gestionale-per-fisioterapia-categoria","7":"tag-apta-connect","8":"tag-piattaforma-gestionale-per-fisioterapie","9":"tag-programma-gestionale-per-fisioterpie","10":"tag-software-gestionale-per-fisioterapie","11":"tag-soluzione-gestionale-per-fisioterapie"},"wppr_data":{"cwp_meta_box_check":"Yes","cwp_rev_product_name":"","cwp_rev_product_image":"","cwp_image_link":"image","cwp_rev_price":"","wppr_rating":"0.00"},"acf":[],"yoast_head":"<!-- This site is optimized with the Yoast SEO plugin v27.4 - https:\/\/yoast.com\/product\/yoast-seo-wordpress\/ -->\n<title>Apta Connect: recensione gestionale per fisioterapia - Accurate Reviews<\/title>\n<meta name=\"description\" content=\"APTA Connect: recensione soluzione scalabile di gestione pratica on-premise per i centri medici di riabilitative di tutte le dimensioni.\" \/>\n<meta name=\"robots\" content=\"index, follow, max-snippet:-1, max-image-preview:large, max-video-preview:-1\" \/>\n<link rel=\"canonical\" href=\"https:\/\/www.accuratereviews.com\/it\/gestionali-per-fisioterapia-lista\/apta-connect-recensione\/\" \/>\n<meta property=\"og:locale\" content=\"it_IT\" \/>\n<meta property=\"og:type\" content=\"article\" \/>\n<meta property=\"og:title\" content=\"Apta Connect: recensione gestionale per fisioterapia - Accurate Reviews\" \/>\n<meta property=\"og:description\" content=\"APTA Connect: recensione soluzione scalabile di gestione pratica on-premise per i centri medici di riabilitative di tutte le dimensioni.\" \/>\n<meta property=\"og:url\" content=\"https:\/\/www.accuratereviews.com\/it\/gestionali-per-fisioterapia-lista\/apta-connect-recensione\/\" \/>\n<meta property=\"og:site_name\" content=\"Accurate Reviews\" \/>\n<meta property=\"article:modified_time\" content=\"2021-02-02T17:21:36+00:00\" \/>\n<meta property=\"og:image\" content=\"https:\/\/www.accuratereviews.com\/wp-content\/uploads\/2020\/06\/Schermata-2020-06-29-alle-12.17.56.png\" \/>\n\t<meta property=\"og:image:width\" content=\"596\" \/>\n\t<meta property=\"og:image:height\" content=\"400\" \/>\n\t<meta property=\"og:image:type\" content=\"image\/png\" \/>\n<meta name=\"twitter:card\" content=\"summary_large_image\" \/>\n<meta name=\"twitter:label1\" content=\"Tempo di lettura stimato\" \/>\n\t<meta name=\"twitter:data1\" content=\"3 minuti\" \/>\n<script type=\"application\/ld+json\" class=\"yoast-schema-graph\">{\"@context\":\"https:\\\/\\\/schema.org\",\"@graph\":[{\"@type\":\"WebPage\",\"@id\":\"https:\\\/\\\/www.accuratereviews.com\\\/it\\\/gestionali-per-fisioterapia-lista\\\/apta-connect-recensione\\\/\",\"url\":\"https:\\\/\\\/www.accuratereviews.com\\\/it\\\/gestionali-per-fisioterapia-lista\\\/apta-connect-recensione\\\/\",\"name\":\"Apta Connect: recensione gestionale per fisioterapia - Accurate Reviews\",\"isPartOf\":{\"@id\":\"https:\\\/\\\/www.accuratereviews.com\\\/it\\\/#website\"},\"primaryImageOfPage\":{\"@id\":\"https:\\\/\\\/www.accuratereviews.com\\\/it\\\/gestionali-per-fisioterapia-lista\\\/apta-connect-recensione\\\/#primaryimage\"},\"image\":{\"@id\":\"https:\\\/\\\/www.accuratereviews.com\\\/it\\\/gestionali-per-fisioterapia-lista\\\/apta-connect-recensione\\\/#primaryimage\"},\"thumbnailUrl\":\"https:\\\/\\\/www.accuratereviews.com\\\/wp-content\\\/uploads\\\/2020\\\/06\\\/Schermata-2020-06-29-alle-12.17.56.png\",\"datePublished\":\"2020-06-30T10:27:15+00:00\",\"dateModified\":\"2021-02-02T17:21:36+00:00\",\"description\":\"APTA Connect: recensione soluzione scalabile di gestione pratica on-premise per i centri medici di riabilitative di tutte le dimensioni.\",\"breadcrumb\":{\"@id\":\"https:\\\/\\\/www.accuratereviews.com\\\/it\\\/gestionali-per-fisioterapia-lista\\\/apta-connect-recensione\\\/#breadcrumb\"},\"inLanguage\":\"it-IT\",\"potentialAction\":[{\"@type\":\"ReadAction\",\"target\":[\"https:\\\/\\\/www.accuratereviews.com\\\/it\\\/gestionali-per-fisioterapia-lista\\\/apta-connect-recensione\\\/\"]}]},{\"@type\":\"ImageObject\",\"inLanguage\":\"it-IT\",\"@id\":\"https:\\\/\\\/www.accuratereviews.com\\\/it\\\/gestionali-per-fisioterapia-lista\\\/apta-connect-recensione\\\/#primaryimage\",\"url\":\"https:\\\/\\\/www.accuratereviews.com\\\/wp-content\\\/uploads\\\/2020\\\/06\\\/Schermata-2020-06-29-alle-12.17.56.png\",\"contentUrl\":\"https:\\\/\\\/www.accuratereviews.com\\\/wp-content\\\/uploads\\\/2020\\\/06\\\/Schermata-2020-06-29-alle-12.17.56.png\",\"width\":596,\"height\":400},{\"@type\":\"BreadcrumbList\",\"@id\":\"https:\\\/\\\/www.accuratereviews.com\\\/it\\\/gestionali-per-fisioterapia-lista\\\/apta-connect-recensione\\\/#breadcrumb\",\"itemListElement\":[{\"@type\":\"ListItem\",\"position\":1,\"name\":\"Home\",\"item\":\"https:\\\/\\\/www.accuratereviews.com\\\/it\\\/\"},{\"@type\":\"ListItem\",\"position\":2,\"name\":\"Gestionali per fisioterapia\",\"item\":\"https:\\\/\\\/www.accuratereviews.com\\\/it\\\/gestionali-per-fisioterapia-lista\\\/\"},{\"@type\":\"ListItem\",\"position\":3,\"name\":\"APTA Connect\"}]},{\"@type\":\"WebSite\",\"@id\":\"https:\\\/\\\/www.accuratereviews.com\\\/it\\\/#website\",\"url\":\"https:\\\/\\\/www.accuratereviews.com\\\/it\\\/\",\"name\":\"Accurate Reviews\",\"description\":\"\",\"potentialAction\":[{\"@type\":\"SearchAction\",\"target\":{\"@type\":\"EntryPoint\",\"urlTemplate\":\"https:\\\/\\\/www.accuratereviews.com\\\/it\\\/?s={search_term_string}\"},\"query-input\":{\"@type\":\"PropertyValueSpecification\",\"valueRequired\":true,\"valueName\":\"search_term_string\"}}],\"inLanguage\":\"it-IT\"}]}<\/script>\n<!-- \/ Yoast SEO plugin. -->","yoast_head_json":{"title":"Apta Connect: recensione gestionale per fisioterapia - Accurate Reviews","description":"APTA Connect: recensione soluzione scalabile di gestione pratica on-premise per i centri medici di riabilitative di tutte le dimensioni.","robots":{"index":"index","follow":"follow","max-snippet":"max-snippet:-1","max-image-preview":"max-image-preview:large","max-video-preview":"max-video-preview:-1"},"canonical":"https:\/\/www.accuratereviews.com\/it\/gestionali-per-fisioterapia-lista\/apta-connect-recensione\/","og_locale":"it_IT","og_type":"article","og_title":"Apta Connect: recensione gestionale per fisioterapia - Accurate Reviews","og_description":"APTA Connect: recensione soluzione scalabile di gestione pratica on-premise per i centri medici di riabilitative di tutte le dimensioni.","og_url":"https:\/\/www.accuratereviews.com\/it\/gestionali-per-fisioterapia-lista\/apta-connect-recensione\/","og_site_name":"Accurate Reviews","article_modified_time":"2021-02-02T17:21:36+00:00","og_image":[{"width":596,"height":400,"url":"https:\/\/www.accuratereviews.com\/wp-content\/uploads\/2020\/06\/Schermata-2020-06-29-alle-12.17.56.png","type":"image\/png"}],"twitter_card":"summary_large_image","twitter_misc":{"Tempo di lettura stimato":"3 minuti"},"schema":{"@context":"https:\/\/schema.org","@graph":[{"@type":"WebPage","@id":"https:\/\/www.accuratereviews.com\/it\/gestionali-per-fisioterapia-lista\/apta-connect-recensione\/","url":"https:\/\/www.accuratereviews.com\/it\/gestionali-per-fisioterapia-lista\/apta-connect-recensione\/","name":"Apta Connect: recensione gestionale per fisioterapia - Accurate Reviews","isPartOf":{"@id":"https:\/\/www.accuratereviews.com\/it\/#website"},"primaryImageOfPage":{"@id":"https:\/\/www.accuratereviews.com\/it\/gestionali-per-fisioterapia-lista\/apta-connect-recensione\/#primaryimage"},"image":{"@id":"https:\/\/www.accuratereviews.com\/it\/gestionali-per-fisioterapia-lista\/apta-connect-recensione\/#primaryimage"},"thumbnailUrl":"https:\/\/www.accuratereviews.com\/wp-content\/uploads\/2020\/06\/Schermata-2020-06-29-alle-12.17.56.png","datePublished":"2020-06-30T10:27:15+00:00","dateModified":"2021-02-02T17:21:36+00:00","description":"APTA Connect: recensione soluzione scalabile di gestione pratica on-premise per i centri medici di riabilitative di tutte le dimensioni.","breadcrumb":{"@id":"https:\/\/www.accuratereviews.com\/it\/gestionali-per-fisioterapia-lista\/apta-connect-recensione\/#breadcrumb"},"inLanguage":"it-IT","potentialAction":[{"@type":"ReadAction","target":["https:\/\/www.accuratereviews.com\/it\/gestionali-per-fisioterapia-lista\/apta-connect-recensione\/"]}]},{"@type":"ImageObject","inLanguage":"it-IT","@id":"https:\/\/www.accuratereviews.com\/it\/gestionali-per-fisioterapia-lista\/apta-connect-recensione\/#primaryimage","url":"https:\/\/www.accuratereviews.com\/wp-content\/uploads\/2020\/06\/Schermata-2020-06-29-alle-12.17.56.png","contentUrl":"https:\/\/www.accuratereviews.com\/wp-content\/uploads\/2020\/06\/Schermata-2020-06-29-alle-12.17.56.png","width":596,"height":400},{"@type":"BreadcrumbList","@id":"https:\/\/www.accuratereviews.com\/it\/gestionali-per-fisioterapia-lista\/apta-connect-recensione\/#breadcrumb","itemListElement":[{"@type":"ListItem","position":1,"name":"Home","item":"https:\/\/www.accuratereviews.com\/it\/"},{"@type":"ListItem","position":2,"name":"Gestionali per fisioterapia","item":"https:\/\/www.accuratereviews.com\/it\/gestionali-per-fisioterapia-lista\/"},{"@type":"ListItem","position":3,"name":"APTA Connect"}]},{"@type":"WebSite","@id":"https:\/\/www.accuratereviews.com\/it\/#website","url":"https:\/\/www.accuratereviews.com\/it\/","name":"Accurate Reviews","description":"","potentialAction":[{"@type":"SearchAction","target":{"@type":"EntryPoint","urlTemplate":"https:\/\/www.accuratereviews.com\/it\/?s={search_term_string}"},"query-input":{"@type":"PropertyValueSpecification","valueRequired":true,"valueName":"search_term_string"}}],"inLanguage":"it-IT"}]}},"_links":{"self":[{"href":"https:\/\/www.accuratereviews.com\/it\/wp-json\/wp\/v2\/pages\/28008","targetHints":{"allow":["GET"]}}],"collection":[{"href":"https:\/\/www.accuratereviews.com\/it\/wp-json\/wp\/v2\/pages"}],"about":[{"href":"https:\/\/www.accuratereviews.com\/it\/wp-json\/wp\/v2\/types\/page"}],"author":[{"embeddable":true,"href":"https:\/\/www.accuratereviews.com\/it\/wp-json\/wp\/v2\/users\/19"}],"replies":[{"embeddable":true,"href":"https:\/\/www.accuratereviews.com\/it\/wp-json\/wp\/v2\/comments?post=28008"}],"version-history":[{"count":11,"href":"https:\/\/www.accuratereviews.com\/it\/wp-json\/wp\/v2\/pages\/28008\/revisions"}],"predecessor-version":[{"id":36603,"href":"https:\/\/www.accuratereviews.com\/it\/wp-json\/wp\/v2\/pages\/28008\/revisions\/36603"}],"up":[{"embeddable":true,"href":"https:\/\/www.accuratereviews.com\/it\/wp-json\/wp\/v2\/pages\/27304"}],"wp:featuredmedia":[{"embeddable":true,"href":"https:\/\/www.accuratereviews.com\/it\/wp-json\/wp\/v2\/media\/28009"}],"wp:attachment":[{"href":"https:\/\/www.accuratereviews.com\/it\/wp-json\/wp\/v2\/media?parent=28008"}],"wp:term":[{"taxonomy":"category","embeddable":true,"href":"https:\/\/www.accuratereviews.com\/it\/wp-json\/wp\/v2\/categories?post=28008"},{"taxonomy":"post_tag","embeddable":true,"href":"https:\/\/www.accuratereviews.com\/it\/wp-json\/wp\/v2\/tags?post=28008"},{"taxonomy":"features","embeddable":true,"href":"https:\/\/www.accuratereviews.com\/it\/wp-json\/wp\/v2\/features?post=28008"}],"curies":[{"name":"wp","href":"https:\/\/api.w.org\/{rel}","templated":true}]}}