{"id":28128,"date":"2020-07-01T11:06:33","date_gmt":"2020-07-01T11:06:33","guid":{"rendered":"https:\/\/www.accuratereviews.com\/?page_id=28128"},"modified":"2021-02-02T17:23:24","modified_gmt":"2021-02-02T17:23:24","slug":"bestpt-recensione","status":"publish","type":"page","link":"https:\/\/www.accuratereviews.com\/it\/gestionali-per-fisioterapia-lista\/bestpt-recensione\/","title":{"rendered":"BestPT"},"content":{"rendered":"<p><strong>BestPT<\/strong> di Billing Dynamix \u00e8 una<strong> soluzione di gestione pratica<\/strong> certificata ONC basata su <strong>cloud<\/strong> progettata per i fisioterapisti. Offre programmazione dei pazienti, cartelle cliniche elettroniche (EHR), fatturazione e documentazione conforme all&#8217;interno di una suite potente. La soluzione\u00a0permette agli utenti di integrare i dati di fatturazione e reclami con i dati dei pazienti, consentendo di gestire no-show, elaborare carte di credito e impostare promemoria telefonici automatici. Gli utenti possono ottenere una visione delle prestazioni complessive della propria pratica dalla dashboard principale utilizzando statistiche come arretrati, mancate presentazioni, nuovi pazienti e pagamenti in contanti.\u00a0I fisioterapisti possono conservare i documenti rimanendo conformi allo standard HIPAA e ottenere l&#8217;accesso a dati demografici, programmi e grafici dei pazienti.<\/p>\n<h2><a href=\"https:\/\/www.accuratereviews.com\/wp-content\/uploads\/2020\/07\/Schermata-2020-07-01-alle-11.26.54.png\"><img loading=\"lazy\" decoding=\"async\" class=\"alignnone size-full wp-image-28130\" src=\"https:\/\/www.accuratereviews.com\/wp-content\/uploads\/2020\/07\/Schermata-2020-07-01-alle-11.26.54.png\" alt=\"\" width=\"1234\" height=\"978\" srcset=\"https:\/\/www.accuratereviews.com\/wp-content\/uploads\/2020\/07\/Schermata-2020-07-01-alle-11.26.54.png 1234w, https:\/\/www.accuratereviews.com\/wp-content\/uploads\/2020\/07\/Schermata-2020-07-01-alle-11.26.54-300x238.png 300w, https:\/\/www.accuratereviews.com\/wp-content\/uploads\/2020\/07\/Schermata-2020-07-01-alle-11.26.54-1024x812.png 1024w, https:\/\/www.accuratereviews.com\/wp-content\/uploads\/2020\/07\/Schermata-2020-07-01-alle-11.26.54-768x609.png 768w, https:\/\/www.accuratereviews.com\/wp-content\/uploads\/2020\/07\/Schermata-2020-07-01-alle-11.26.54-158x125.png 158w, https:\/\/www.accuratereviews.com\/wp-content\/uploads\/2020\/07\/Schermata-2020-07-01-alle-11.26.54-50x40.png 50w, https:\/\/www.accuratereviews.com\/wp-content\/uploads\/2020\/07\/Schermata-2020-07-01-alle-11.26.54-968x767.png 968w, https:\/\/www.accuratereviews.com\/wp-content\/uploads\/2020\/07\/Schermata-2020-07-01-alle-11.26.54-636x504.png 636w, https:\/\/www.accuratereviews.com\/wp-content\/uploads\/2020\/07\/Schermata-2020-07-01-alle-11.26.54-320x254.png 320w, https:\/\/www.accuratereviews.com\/wp-content\/uploads\/2020\/07\/Schermata-2020-07-01-alle-11.26.54-239x189.png 239w\" sizes=\"auto, (max-width: 1234px) 100vw, 1234px\" \/><\/a><\/h2>\n<h2>BESTPT &#8211; CARATTERISTICHE<\/h2>\n<ul>\n<li>Si integra perfettamente con altri sistemi EHR popolari<\/li>\n<li>Formazione e supporto illimitati per l&#8217;intero ufficio<\/li>\n<li>Gestisci pi\u00f9 sedi e pi\u00f9 specialit\u00e0 (es. PT, Chiro, massaggi, ecc.)<\/li>\n<li>Aumenta l&#8217;efficienza del servizio e affina il flusso di lavoro pratico<\/li>\n<li>Gestione della singola metrica<\/li>\n<li>Automatizza la delega delle attivit\u00e0 di Office<\/li>\n<li>Sistema di messaggi interno crittografato, conforme HIPAA<\/li>\n<li>Report completi facilmente personalizzabili e facilmente esportabili<\/li>\n<li>Pagine di aiuto e video contestuali in tutto il sistema<\/li>\n<li>Sistema completo di gestione del ciclo delle entrate della base cloud<\/li>\n<li>Revisione automatizzata della presentazione di tutte le richieste e delega di attivit\u00e0<\/li>\n<li>Monitoraggio completo delle richieste di risarcimento, gestione dei rifiuti, monitoraggio dei pagamenti insufficienti e monitoraggio del saldo<\/li>\n<li>Registrazione automatica dei pagamenti<\/li>\n<li>Trasparenza completa per il proprietario dello studio<\/li>\n<li>Servizio completo e opzioni di fatturazione interne<\/li>\n<\/ul>\n<h4>LE RECENSIONI DEGLI UTENTI<\/h4>\n<h4 class=\"font-weight-bold my-1 d-flex align-items-center\">Mary S.&#8221;Revisione cliente Dynamix di fatturazione&#8221;<\/h4>\n<p><strong>Commenti: <\/strong>Collaboriamo con Billing Dynamix ormai da alcuni anni, la societ\u00e0 sta andando nella direzione giusta, per quanto riguarda il servizio clienti, se non possono rispondere alle nostre domande via ticket, riceviamo una telefonata, siamo un&#8217;azienda impegnata nella terapia fisica, che comprende 12 cliniche, oltre 3 stati, quindi questa \u00e8 una politica benvenuta. Ho avuto buone esperienze con tutti gli SPOC (incluso Naomi, \u00e8 stata fantastica), il personale di supporto e iscrizione. Apprezziamo tutto l&#8217;aiuto offerto dallo staff &#8230;. Grazie!<\/p>\n<h4 class=\"font-weight-bold my-1 d-flex align-items-center\">E H.&#8221;Programma EMR completo e servizio di fatturazione clienti&#8221;<\/h4>\n<p><strong>Commenti: <\/strong>EMR valido, flessibile e personalizzabile con un team di fatturazione completo. Dato che \u00e8 di provenienza esterna, ci sono occasioni per i pochi e lontani errori tra i membri del team di fatturazione. Eccellente servizio clienti, poich\u00e9 ti fornir\u00e0 qualsiasi livello di assistenza desideri \/ richiesto. I costi non sono proibitivi e gli aggiornamenti del software, l&#8217;assicurazione e le modifiche di fatturazione (ad es. Regolamenti Medicare e statali) sono integrati nel sistema. Nessun costo annuale aggiuntivo per gli aggiornamenti e nessun costo iniziale enorme. Ottimo per quelli come me che sono completamente nuovi alla fatturazione e all&#8217;EMR.<\/p>\n<h4 class=\"font-weight-bold my-1 d-flex align-items-center\">Cheryl P.&#8221;Ottimo con cui lavorare!&#8221;<\/h4>\n<p><strong>Commenti: <\/strong>La nostra clinica \u00e8 una clinica pediatrica OT, PT e ST. Abbiamo iniziato a utilizzare questo programma nel 2010. Ha reso il flusso della nostra clinica molto pi\u00f9 semplice e i nostri pagamenti stanno arrivando molto pi\u00f9 velocemente di prima! Inizialmente non \u00e8 stato creato per fare pi\u00f9 discipline (in particolare il discorso), ma il team di bestPT ha collaborato con noi per apportare modifiche che si adatteranno alla nostra clinica! Tom e Naomi sono i nostri &#8220;allenatori&#8221; e fanno il check-in con noi una volta al mese per assicurarsi che tutto funzioni come dovrebbe! Inoltre, rispondono rapidamente a tutti i ticket che apriamo sul banco di lavoro in caso di problemi. Dobbiamo ancora &#8220;modificare&#8221; alcune cose per i nostri logopedisti, ma nel complesso questo \u00e8 un ottimo programma! \u00c8 la migliore pianificazione, note sul trattamento e fatturazione \/ pubblicazione in un&#8217;unica soluzione &#8230; e soprattutto il servizio clienti \u00e8 IL MIGLIORE!<\/p>\n","protected":false},"excerpt":{"rendered":"<p>BestPT di Billing Dynamix \u00e8 una soluzione di gestione pratica certificata ONC basata su cloud progettata per i fisioterapisti. Offre programmazione dei pazienti, cartelle cliniche elettroniche (EHR), fatturazione e documentazione conforme all&#8217;interno di una suite potente. La soluzione\u00a0permette agli utenti di integrare i dati di fatturazione e reclami con i dati dei pazienti.<\/p>\n","protected":false},"author":19,"featured_media":28143,"parent":27304,"menu_order":0,"comment_status":"open","ping_status":"closed","template":"g1_template_page_review_new.php","meta":{"_acf_changed":false,"cwp_meta_box_check":"Yes","cwp_rev_product_name":"","cwp_rev_product_image":"","wppr_links":[],"cwp_rev_price":"","wppr_options":[],"wppr_pros":[],"wppr_cons":[],"_monsterinsights_skip_tracking":false,"_monsterinsights_sitenote_active":false,"_monsterinsights_sitenote_note":"","_monsterinsights_sitenote_category":0,"footnotes":""},"categories":[2993],"tags":[3138,396,3009,3033,2995,3008],"features":[],"class_list":{"0":"post-28128","1":"page","2":"type-page","3":"status-publish","4":"has-post-thumbnail","6":"category-gestionale-per-fisioterapia-categoria","7":"tag-bestpt","8":"tag-cloud","9":"tag-piattaforma-gestionale-per-fisioterapie","10":"tag-programma-gestionale-per-fisioterpie","11":"tag-software-gestionale-per-fisioterapie","12":"tag-soluzione-gestionale-per-fisioterapie"},"wppr_data":{"cwp_meta_box_check":"Yes","cwp_rev_product_name":"","cwp_rev_product_image":"","cwp_image_link":"image","cwp_rev_price":"","wppr_rating":"0.00"},"acf":[],"yoast_head":"<!-- This site is optimized with the Yoast SEO plugin v27.4 - https:\/\/yoast.com\/product\/yoast-seo-wordpress\/ -->\n<title>BestPT: recensione software gestionale per fisioterapia - Accurate Reviews<\/title>\n<meta name=\"description\" content=\"BestPT: recensione soluzione di gestione pratica certificata ONC basata su cloud progettata per i fisioterapisti creata dalla Billing Dynamix.\" \/>\n<meta name=\"robots\" content=\"index, follow, max-snippet:-1, max-image-preview:large, max-video-preview:-1\" \/>\n<link rel=\"canonical\" href=\"https:\/\/www.accuratereviews.com\/it\/gestionali-per-fisioterapia-lista\/bestpt-recensione\/\" \/>\n<meta property=\"og:locale\" content=\"it_IT\" \/>\n<meta property=\"og:type\" content=\"article\" \/>\n<meta property=\"og:title\" content=\"BestPT: recensione software gestionale per fisioterapia - Accurate Reviews\" \/>\n<meta property=\"og:description\" content=\"BestPT: recensione soluzione di gestione pratica certificata ONC basata su cloud progettata per i fisioterapisti creata dalla Billing Dynamix.\" \/>\n<meta property=\"og:url\" content=\"https:\/\/www.accuratereviews.com\/it\/gestionali-per-fisioterapia-lista\/bestpt-recensione\/\" \/>\n<meta property=\"og:site_name\" content=\"Accurate Reviews\" \/>\n<meta property=\"article:modified_time\" content=\"2021-02-02T17:23:24+00:00\" \/>\n<meta property=\"og:image\" content=\"https:\/\/www.accuratereviews.com\/wp-content\/uploads\/2020\/07\/bestpt.jpg\" \/>\n\t<meta property=\"og:image:width\" content=\"472\" \/>\n\t<meta property=\"og:image:height\" content=\"370\" \/>\n\t<meta property=\"og:image:type\" content=\"image\/jpeg\" \/>\n<meta name=\"twitter:card\" content=\"summary_large_image\" \/>\n<meta name=\"twitter:label1\" content=\"Tempo di lettura stimato\" \/>\n\t<meta name=\"twitter:data1\" content=\"3 minuti\" \/>\n<script type=\"application\/ld+json\" class=\"yoast-schema-graph\">{\"@context\":\"https:\\\/\\\/schema.org\",\"@graph\":[{\"@type\":\"WebPage\",\"@id\":\"https:\\\/\\\/www.accuratereviews.com\\\/it\\\/gestionali-per-fisioterapia-lista\\\/bestpt-recensione\\\/\",\"url\":\"https:\\\/\\\/www.accuratereviews.com\\\/it\\\/gestionali-per-fisioterapia-lista\\\/bestpt-recensione\\\/\",\"name\":\"BestPT: recensione software gestionale per fisioterapia - Accurate Reviews\",\"isPartOf\":{\"@id\":\"https:\\\/\\\/www.accuratereviews.com\\\/it\\\/#website\"},\"primaryImageOfPage\":{\"@id\":\"https:\\\/\\\/www.accuratereviews.com\\\/it\\\/gestionali-per-fisioterapia-lista\\\/bestpt-recensione\\\/#primaryimage\"},\"image\":{\"@id\":\"https:\\\/\\\/www.accuratereviews.com\\\/it\\\/gestionali-per-fisioterapia-lista\\\/bestpt-recensione\\\/#primaryimage\"},\"thumbnailUrl\":\"https:\\\/\\\/www.accuratereviews.com\\\/wp-content\\\/uploads\\\/2020\\\/07\\\/bestpt.jpg\",\"datePublished\":\"2020-07-01T11:06:33+00:00\",\"dateModified\":\"2021-02-02T17:23:24+00:00\",\"description\":\"BestPT: recensione soluzione di gestione pratica certificata ONC basata su cloud progettata per i fisioterapisti creata dalla Billing Dynamix.\",\"breadcrumb\":{\"@id\":\"https:\\\/\\\/www.accuratereviews.com\\\/it\\\/gestionali-per-fisioterapia-lista\\\/bestpt-recensione\\\/#breadcrumb\"},\"inLanguage\":\"it-IT\",\"potentialAction\":[{\"@type\":\"ReadAction\",\"target\":[\"https:\\\/\\\/www.accuratereviews.com\\\/it\\\/gestionali-per-fisioterapia-lista\\\/bestpt-recensione\\\/\"]}]},{\"@type\":\"ImageObject\",\"inLanguage\":\"it-IT\",\"@id\":\"https:\\\/\\\/www.accuratereviews.com\\\/it\\\/gestionali-per-fisioterapia-lista\\\/bestpt-recensione\\\/#primaryimage\",\"url\":\"https:\\\/\\\/www.accuratereviews.com\\\/wp-content\\\/uploads\\\/2020\\\/07\\\/bestpt.jpg\",\"contentUrl\":\"https:\\\/\\\/www.accuratereviews.com\\\/wp-content\\\/uploads\\\/2020\\\/07\\\/bestpt.jpg\",\"width\":472,\"height\":370},{\"@type\":\"BreadcrumbList\",\"@id\":\"https:\\\/\\\/www.accuratereviews.com\\\/it\\\/gestionali-per-fisioterapia-lista\\\/bestpt-recensione\\\/#breadcrumb\",\"itemListElement\":[{\"@type\":\"ListItem\",\"position\":1,\"name\":\"Home\",\"item\":\"https:\\\/\\\/www.accuratereviews.com\\\/it\\\/\"},{\"@type\":\"ListItem\",\"position\":2,\"name\":\"Gestionali per fisioterapia\",\"item\":\"https:\\\/\\\/www.accuratereviews.com\\\/it\\\/gestionali-per-fisioterapia-lista\\\/\"},{\"@type\":\"ListItem\",\"position\":3,\"name\":\"BestPT\"}]},{\"@type\":\"WebSite\",\"@id\":\"https:\\\/\\\/www.accuratereviews.com\\\/it\\\/#website\",\"url\":\"https:\\\/\\\/www.accuratereviews.com\\\/it\\\/\",\"name\":\"Accurate Reviews\",\"description\":\"\",\"potentialAction\":[{\"@type\":\"SearchAction\",\"target\":{\"@type\":\"EntryPoint\",\"urlTemplate\":\"https:\\\/\\\/www.accuratereviews.com\\\/it\\\/?s={search_term_string}\"},\"query-input\":{\"@type\":\"PropertyValueSpecification\",\"valueRequired\":true,\"valueName\":\"search_term_string\"}}],\"inLanguage\":\"it-IT\"}]}<\/script>\n<!-- \/ Yoast SEO plugin. -->","yoast_head_json":{"title":"BestPT: recensione software gestionale per fisioterapia - Accurate Reviews","description":"BestPT: recensione soluzione di gestione pratica certificata ONC basata su cloud progettata per i fisioterapisti creata dalla Billing Dynamix.","robots":{"index":"index","follow":"follow","max-snippet":"max-snippet:-1","max-image-preview":"max-image-preview:large","max-video-preview":"max-video-preview:-1"},"canonical":"https:\/\/www.accuratereviews.com\/it\/gestionali-per-fisioterapia-lista\/bestpt-recensione\/","og_locale":"it_IT","og_type":"article","og_title":"BestPT: recensione software gestionale per fisioterapia - Accurate Reviews","og_description":"BestPT: recensione soluzione di gestione pratica certificata ONC basata su cloud progettata per i fisioterapisti creata dalla Billing Dynamix.","og_url":"https:\/\/www.accuratereviews.com\/it\/gestionali-per-fisioterapia-lista\/bestpt-recensione\/","og_site_name":"Accurate Reviews","article_modified_time":"2021-02-02T17:23:24+00:00","og_image":[{"width":472,"height":370,"url":"https:\/\/www.accuratereviews.com\/wp-content\/uploads\/2020\/07\/bestpt.jpg","type":"image\/jpeg"}],"twitter_card":"summary_large_image","twitter_misc":{"Tempo di lettura stimato":"3 minuti"},"schema":{"@context":"https:\/\/schema.org","@graph":[{"@type":"WebPage","@id":"https:\/\/www.accuratereviews.com\/it\/gestionali-per-fisioterapia-lista\/bestpt-recensione\/","url":"https:\/\/www.accuratereviews.com\/it\/gestionali-per-fisioterapia-lista\/bestpt-recensione\/","name":"BestPT: recensione software gestionale per fisioterapia - Accurate Reviews","isPartOf":{"@id":"https:\/\/www.accuratereviews.com\/it\/#website"},"primaryImageOfPage":{"@id":"https:\/\/www.accuratereviews.com\/it\/gestionali-per-fisioterapia-lista\/bestpt-recensione\/#primaryimage"},"image":{"@id":"https:\/\/www.accuratereviews.com\/it\/gestionali-per-fisioterapia-lista\/bestpt-recensione\/#primaryimage"},"thumbnailUrl":"https:\/\/www.accuratereviews.com\/wp-content\/uploads\/2020\/07\/bestpt.jpg","datePublished":"2020-07-01T11:06:33+00:00","dateModified":"2021-02-02T17:23:24+00:00","description":"BestPT: recensione soluzione di gestione pratica certificata ONC basata su cloud progettata per i fisioterapisti creata dalla Billing Dynamix.","breadcrumb":{"@id":"https:\/\/www.accuratereviews.com\/it\/gestionali-per-fisioterapia-lista\/bestpt-recensione\/#breadcrumb"},"inLanguage":"it-IT","potentialAction":[{"@type":"ReadAction","target":["https:\/\/www.accuratereviews.com\/it\/gestionali-per-fisioterapia-lista\/bestpt-recensione\/"]}]},{"@type":"ImageObject","inLanguage":"it-IT","@id":"https:\/\/www.accuratereviews.com\/it\/gestionali-per-fisioterapia-lista\/bestpt-recensione\/#primaryimage","url":"https:\/\/www.accuratereviews.com\/wp-content\/uploads\/2020\/07\/bestpt.jpg","contentUrl":"https:\/\/www.accuratereviews.com\/wp-content\/uploads\/2020\/07\/bestpt.jpg","width":472,"height":370},{"@type":"BreadcrumbList","@id":"https:\/\/www.accuratereviews.com\/it\/gestionali-per-fisioterapia-lista\/bestpt-recensione\/#breadcrumb","itemListElement":[{"@type":"ListItem","position":1,"name":"Home","item":"https:\/\/www.accuratereviews.com\/it\/"},{"@type":"ListItem","position":2,"name":"Gestionali per fisioterapia","item":"https:\/\/www.accuratereviews.com\/it\/gestionali-per-fisioterapia-lista\/"},{"@type":"ListItem","position":3,"name":"BestPT"}]},{"@type":"WebSite","@id":"https:\/\/www.accuratereviews.com\/it\/#website","url":"https:\/\/www.accuratereviews.com\/it\/","name":"Accurate Reviews","description":"","potentialAction":[{"@type":"SearchAction","target":{"@type":"EntryPoint","urlTemplate":"https:\/\/www.accuratereviews.com\/it\/?s={search_term_string}"},"query-input":{"@type":"PropertyValueSpecification","valueRequired":true,"valueName":"search_term_string"}}],"inLanguage":"it-IT"}]}},"_links":{"self":[{"href":"https:\/\/www.accuratereviews.com\/it\/wp-json\/wp\/v2\/pages\/28128","targetHints":{"allow":["GET"]}}],"collection":[{"href":"https:\/\/www.accuratereviews.com\/it\/wp-json\/wp\/v2\/pages"}],"about":[{"href":"https:\/\/www.accuratereviews.com\/it\/wp-json\/wp\/v2\/types\/page"}],"author":[{"embeddable":true,"href":"https:\/\/www.accuratereviews.com\/it\/wp-json\/wp\/v2\/users\/19"}],"replies":[{"embeddable":true,"href":"https:\/\/www.accuratereviews.com\/it\/wp-json\/wp\/v2\/comments?post=28128"}],"version-history":[{"count":8,"href":"https:\/\/www.accuratereviews.com\/it\/wp-json\/wp\/v2\/pages\/28128\/revisions"}],"predecessor-version":[{"id":36604,"href":"https:\/\/www.accuratereviews.com\/it\/wp-json\/wp\/v2\/pages\/28128\/revisions\/36604"}],"up":[{"embeddable":true,"href":"https:\/\/www.accuratereviews.com\/it\/wp-json\/wp\/v2\/pages\/27304"}],"wp:featuredmedia":[{"embeddable":true,"href":"https:\/\/www.accuratereviews.com\/it\/wp-json\/wp\/v2\/media\/28143"}],"wp:attachment":[{"href":"https:\/\/www.accuratereviews.com\/it\/wp-json\/wp\/v2\/media?parent=28128"}],"wp:term":[{"taxonomy":"category","embeddable":true,"href":"https:\/\/www.accuratereviews.com\/it\/wp-json\/wp\/v2\/categories?post=28128"},{"taxonomy":"post_tag","embeddable":true,"href":"https:\/\/www.accuratereviews.com\/it\/wp-json\/wp\/v2\/tags?post=28128"},{"taxonomy":"features","embeddable":true,"href":"https:\/\/www.accuratereviews.com\/it\/wp-json\/wp\/v2\/features?post=28128"}],"curies":[{"name":"wp","href":"https:\/\/api.w.org\/{rel}","templated":true}]}}