{"id":28166,"date":"2020-07-02T10:40:21","date_gmt":"2020-07-02T10:40:21","guid":{"rendered":"https:\/\/www.accuratereviews.com\/?page_id=28166"},"modified":"2021-02-02T17:28:11","modified_gmt":"2021-02-02T17:28:11","slug":"planetrehab-recensione","status":"publish","type":"page","link":"https:\/\/www.accuratereviews.com\/it\/gestionali-per-fisioterapia-lista\/planetrehab-recensione\/","title":{"rendered":"Planetrehab"},"content":{"rendered":"<p><strong>Planetrehab<\/strong> offre ai terapisti fisici soluzioni integrate di<strong> gestione pratica<\/strong>, fatturazione e raccolta informazioni. La soluzione pu\u00f2 supportare cliniche PT \/ OT ambulatoriali di qualsiasi dimensione, comprese quelle con pi\u00f9 sedi. Esistono sia una versione web che una versione installata e possono essere utilizzate in modo intercambiabile. Una volta che un utente immette le informazioni del paziente, pianifica una visita e documenta il trattamento il software gestisce il resto, compresa la fatturazione. Il servizio di raccolta organizza anche lo stato di tutti i reclami, gli invii, la fatturazione assicurativa secondaria e altro. Altre caratteristiche includono la pianificazione di appuntamenti ricorrenti, attivit\u00e0 chiave di codifica a colori, promemoria basati su email e altro ancora. Con questa soluzione, i terapisti e occupazionali hanno una soluzione pienamente conforme a HIPAA.<\/p>\n<h2>PLANETREHAB &#8211; TUTORIAL<\/h2>\n<p>Ecco un tutorial che ti aiuta a sfruttare al massimo gli strumenti di questo <strong>software gestionale per fisioterapia<\/strong>:<\/p>\n<div id=\"fluid-wrapper-counter-1\" class=\"g1-fluid-wrapper \" style=\"width:686px;\">\n<div style=\"padding-bottom:56.268221574344%;\"><iframe loading=\"lazy\" title=\"Planetrehab Features Movie\" width=\"686\" height=\"386\" src=\"https:\/\/www.youtube.com\/embed\/gmFpkgN8PdM?feature=oembed&amp;wmode=transparent&amp;autohide=1&amp;autoplay=0&amp;disablekb=0&amp;fs=1&amp;loop=0&amp;enablejsapi=1&amp;rel=0&amp;controls=2&amp;showinfo=0&amp;wmode=transparent&amp;autohide=2&amp;autoplay=0&amp;disablekb=0&amp;fs=1&amp;loop=0&amp;enablejsapi=1&amp;rel=0&amp;controls=2&amp;showinfo=1\" frameborder=\"0\" allow=\"accelerometer; autoplay; clipboard-write; encrypted-media; gyroscope; picture-in-picture\" allowfullscreen><\/iframe><\/div>\n<\/div>\n<h3>PLANETREHAB &#8211; CARATTERISTICHE<\/h3>\n<ul>\n<li>Tieni traccia degli appuntamenti persi e cancellazioni<\/li>\n<li>Pianifica facilmente pi\u00f9 appuntamenti e impila gli appuntamenti<\/li>\n<li>Visite di giorno, settimana lavorativa, settimana e mese<\/li>\n<li>Visualizza i dati critici del paziente dal calendario degli appuntamenti<\/li>\n<li>Pianifica le statistiche<\/li>\n<li>Appuntamenti specifici per codice colore<\/li>\n<li>Colora automaticamente la prima visita del paziente con un colore diverso<\/li>\n<li>Imposta automaticamente appuntamenti ricorrenti<\/li>\n<li>Lista d&#8217;attesa integrata<\/li>\n<li>Appuntamenti generali<\/li>\n<li>Email e\/o promemoria di appuntamenti di testo<\/li>\n<li>Crea automaticamente blocchi di tempo che non possono essere programmati per un terapeuta<\/li>\n<li>Cerca un appuntamento passato e \/ o futuro<\/li>\n<li>Limitare il numero di appuntamenti che possono essere programmati per un fornitore contemporaneamente<\/li>\n<li>Tiene traccia delle ferie e delle ore di funzionamento della clinica<\/li>\n<li>Avvisa se la prescrizione \u00e8 scaduta e indica quando scade la prescrizione<\/li>\n<li>Visualizza l&#8217;importo del co-pay e inserisci il pagamento nella schermata del programma<\/li>\n<li>Accedi a varie parti del file del paziente dalla schermata del programma<\/li>\n<li>Stampa un programma giornaliero<\/li>\n<li>Tieni traccia dei modelli di fatturazione del fornitore<\/li>\n<li>Produrre dichiarazioni dei pazienti<\/li>\n<li>Traccia i modelli di riferimento del medico<\/li>\n<li>Fornire report formattati ai medici<\/li>\n<li>Tieni traccia di ci\u00f2 che ogni compagnia assicurativa ha pagato<\/li>\n<li>Una moltitudine di rapporti sulla gestione<\/li>\n<li>Crea i tuoi rapporti in MS Excel<\/li>\n<li>Centinaia di report integrati<\/li>\n<\/ul>\n<h4>LE RECENSIONI DEGLI UTENTI<\/h4>\n<h4 class=\"font-weight-bold my-1 d-flex align-items-center\">Suzanne F.&#8221;Recensione del prodotto Planet Rehab&#8221;<\/h4>\n<p><strong>Vantaggi: <\/strong>Sono altamente rispondenti a qualsiasi dubbio e sempre disponibili a rispondere alle domande. Puoi aprirlo su pi\u00f9 computer e non ci sono mai problemi. In otto anni di utilizzo, non ho mai avuto un giorno in cui il sistema era spento. Sono molto affidabili.<\/p>\n<p><strong>Inconvenienti: <\/strong>Nessuna lamentela. Sono grandi. Non ho mai avuto problemi che non sono stati risolti in una telefonata.<\/p>\n<h4 class=\"font-weight-bold my-1 d-flex align-items-center\">Eric M.&#8221;Buon prodotto, ottimo servizio&#8221;<\/h4>\n<p><strong>Vantaggi: <\/strong>Adoro quanto sia facile pianificare gli appuntamenti delle persone e inserire le loro informazioni nel sistema. \u00c8 anche facile cambiare le cose nel programma quando \u00e8 necessario. Il servizio clienti \u00e8 fantastico!<\/p>\n<p><strong>Inconvenienti: <\/strong>Penso che il modo in cui le note sono programmate nel sistema potrebbe essere progettato in modo leggermente diverso per rendere le cose pi\u00f9 facili, ma so che \u00e8 difficile dato che a ogni singola persona piacciono le cose fatte diversamente. Questa \u00e8 l&#8217;unica cosa che mi viene in mente.<\/p>\n<h4 class=\"font-weight-bold my-1 d-flex align-items-center\">Annie L.&#8221;Ottimo servizio clienti ma non facile da usare&#8221;<\/h4>\n<p><strong>Vantaggi: <\/strong>Planetrehab ha un eccellente servizio clienti. Abbiamo un nostro rappresentante specifico che ci aiuta nella fatturazione e nella contestazione dei reclami. \u00c8 sempre una telefonata e molto utile. Abbiamo anche un nostro tecnico specifico che ci aiuta in qualsiasi difficolt\u00e0 tecnica. \u00c8 fantastico anche per essere una telefonata.<\/p>\n<p><strong>Inconvenienti: <\/strong>Il sistema si arresta in modo anomalo ogni tanto e \u00e8 molto indietro. Non \u00e8 molto facile da usare. Non \u00e8 possibile trascinare e rilasciare gli appuntamenti come fanno altri software. Inoltre non \u00e8 basato su cloud, il che non \u00e8 molto conveniente. Se accedi allo stesso account gi\u00e0 connesso su un altro computer, tale account verr\u00e0 automaticamente disconnesso.<\/p>\n","protected":false},"excerpt":{"rendered":"<p>Planetrehab offre ai terapisti fisici soluzioni integrate di gestione pratica, fatturazione e raccolta informazioni. La soluzione pu\u00f2 supportare cliniche PT \/ OT ambulatoriali di qualsiasi dimensione, comprese quelle con pi\u00f9 sedi. Esistono sia una versione web che una versione installata e possono essere utilizzate in modo intercambiabile.\u00a0<\/p>\n","protected":false},"author":19,"featured_media":28168,"parent":27304,"menu_order":0,"comment_status":"open","ping_status":"closed","template":"g1_template_page_review_new.php","meta":{"_acf_changed":false,"cwp_meta_box_check":"Yes","cwp_rev_product_name":"","cwp_rev_product_image":"","wppr_links":[],"cwp_rev_price":"","wppr_options":[],"wppr_pros":[],"wppr_cons":[],"_monsterinsights_skip_tracking":false,"_monsterinsights_sitenote_active":false,"_monsterinsights_sitenote_note":"","_monsterinsights_sitenote_category":0,"footnotes":""},"categories":[2993],"tags":[396,3009,3143,3033,2995,3008],"features":[],"class_list":{"0":"post-28166","1":"page","2":"type-page","3":"status-publish","4":"has-post-thumbnail","6":"category-gestionale-per-fisioterapia-categoria","7":"tag-cloud","8":"tag-piattaforma-gestionale-per-fisioterapie","9":"tag-planetrehab","10":"tag-programma-gestionale-per-fisioterpie","11":"tag-software-gestionale-per-fisioterapie","12":"tag-soluzione-gestionale-per-fisioterapie"},"wppr_data":{"cwp_meta_box_check":"Yes","cwp_rev_product_name":"","cwp_rev_product_image":"","cwp_image_link":"image","cwp_rev_price":"","wppr_rating":"0.00"},"acf":[],"yoast_head":"<!-- This site is optimized with the Yoast SEO plugin v27.4 - https:\/\/yoast.com\/product\/yoast-seo-wordpress\/ -->\n<title>Planetrehab: recensione gestionale per fisioterapia - Accurate Reviews<\/title>\n<meta name=\"description\" content=\"Planetrehab: recensione soluzioni integrate di gestione pratica, fatturazione e raccolta informazioni per fisioterapisti e logopedisti.\" \/>\n<meta name=\"robots\" content=\"index, follow, max-snippet:-1, max-image-preview:large, max-video-preview:-1\" \/>\n<link rel=\"canonical\" href=\"https:\/\/www.accuratereviews.com\/it\/gestionali-per-fisioterapia-lista\/planetrehab-recensione\/\" \/>\n<meta property=\"og:locale\" content=\"it_IT\" \/>\n<meta property=\"og:type\" content=\"article\" \/>\n<meta property=\"og:title\" content=\"Planetrehab: recensione gestionale per fisioterapia - Accurate Reviews\" \/>\n<meta property=\"og:description\" content=\"Planetrehab: recensione soluzioni integrate di gestione pratica, fatturazione e raccolta informazioni per fisioterapisti e logopedisti.\" \/>\n<meta property=\"og:url\" content=\"https:\/\/www.accuratereviews.com\/it\/gestionali-per-fisioterapia-lista\/planetrehab-recensione\/\" \/>\n<meta property=\"og:site_name\" content=\"Accurate Reviews\" \/>\n<meta property=\"article:modified_time\" content=\"2021-02-02T17:28:11+00:00\" \/>\n<meta property=\"og:image\" content=\"https:\/\/www.accuratereviews.com\/wp-content\/uploads\/2020\/07\/Planetrehab.png\" \/>\n\t<meta property=\"og:image:width\" content=\"256\" \/>\n\t<meta property=\"og:image:height\" content=\"256\" \/>\n\t<meta property=\"og:image:type\" content=\"image\/png\" \/>\n<meta name=\"twitter:card\" content=\"summary_large_image\" \/>\n<meta name=\"twitter:label1\" content=\"Tempo di lettura stimato\" \/>\n\t<meta name=\"twitter:data1\" content=\"3 minuti\" \/>\n<script type=\"application\/ld+json\" class=\"yoast-schema-graph\">{\"@context\":\"https:\\\/\\\/schema.org\",\"@graph\":[{\"@type\":\"WebPage\",\"@id\":\"https:\\\/\\\/www.accuratereviews.com\\\/it\\\/gestionali-per-fisioterapia-lista\\\/planetrehab-recensione\\\/\",\"url\":\"https:\\\/\\\/www.accuratereviews.com\\\/it\\\/gestionali-per-fisioterapia-lista\\\/planetrehab-recensione\\\/\",\"name\":\"Planetrehab: recensione gestionale per fisioterapia - Accurate Reviews\",\"isPartOf\":{\"@id\":\"https:\\\/\\\/www.accuratereviews.com\\\/it\\\/#website\"},\"primaryImageOfPage\":{\"@id\":\"https:\\\/\\\/www.accuratereviews.com\\\/it\\\/gestionali-per-fisioterapia-lista\\\/planetrehab-recensione\\\/#primaryimage\"},\"image\":{\"@id\":\"https:\\\/\\\/www.accuratereviews.com\\\/it\\\/gestionali-per-fisioterapia-lista\\\/planetrehab-recensione\\\/#primaryimage\"},\"thumbnailUrl\":\"https:\\\/\\\/www.accuratereviews.com\\\/wp-content\\\/uploads\\\/2020\\\/07\\\/Planetrehab.png\",\"datePublished\":\"2020-07-02T10:40:21+00:00\",\"dateModified\":\"2021-02-02T17:28:11+00:00\",\"description\":\"Planetrehab: recensione soluzioni integrate di gestione pratica, fatturazione e raccolta informazioni per fisioterapisti e logopedisti.\",\"breadcrumb\":{\"@id\":\"https:\\\/\\\/www.accuratereviews.com\\\/it\\\/gestionali-per-fisioterapia-lista\\\/planetrehab-recensione\\\/#breadcrumb\"},\"inLanguage\":\"it-IT\",\"potentialAction\":[{\"@type\":\"ReadAction\",\"target\":[\"https:\\\/\\\/www.accuratereviews.com\\\/it\\\/gestionali-per-fisioterapia-lista\\\/planetrehab-recensione\\\/\"]}]},{\"@type\":\"ImageObject\",\"inLanguage\":\"it-IT\",\"@id\":\"https:\\\/\\\/www.accuratereviews.com\\\/it\\\/gestionali-per-fisioterapia-lista\\\/planetrehab-recensione\\\/#primaryimage\",\"url\":\"https:\\\/\\\/www.accuratereviews.com\\\/wp-content\\\/uploads\\\/2020\\\/07\\\/Planetrehab.png\",\"contentUrl\":\"https:\\\/\\\/www.accuratereviews.com\\\/wp-content\\\/uploads\\\/2020\\\/07\\\/Planetrehab.png\",\"width\":256,\"height\":256},{\"@type\":\"BreadcrumbList\",\"@id\":\"https:\\\/\\\/www.accuratereviews.com\\\/it\\\/gestionali-per-fisioterapia-lista\\\/planetrehab-recensione\\\/#breadcrumb\",\"itemListElement\":[{\"@type\":\"ListItem\",\"position\":1,\"name\":\"Home\",\"item\":\"https:\\\/\\\/www.accuratereviews.com\\\/it\\\/\"},{\"@type\":\"ListItem\",\"position\":2,\"name\":\"Gestionali per fisioterapia\",\"item\":\"https:\\\/\\\/www.accuratereviews.com\\\/it\\\/gestionali-per-fisioterapia-lista\\\/\"},{\"@type\":\"ListItem\",\"position\":3,\"name\":\"Planetrehab\"}]},{\"@type\":\"WebSite\",\"@id\":\"https:\\\/\\\/www.accuratereviews.com\\\/it\\\/#website\",\"url\":\"https:\\\/\\\/www.accuratereviews.com\\\/it\\\/\",\"name\":\"Accurate Reviews\",\"description\":\"\",\"potentialAction\":[{\"@type\":\"SearchAction\",\"target\":{\"@type\":\"EntryPoint\",\"urlTemplate\":\"https:\\\/\\\/www.accuratereviews.com\\\/it\\\/?s={search_term_string}\"},\"query-input\":{\"@type\":\"PropertyValueSpecification\",\"valueRequired\":true,\"valueName\":\"search_term_string\"}}],\"inLanguage\":\"it-IT\"}]}<\/script>\n<!-- \/ Yoast SEO plugin. -->","yoast_head_json":{"title":"Planetrehab: recensione gestionale per fisioterapia - Accurate Reviews","description":"Planetrehab: recensione soluzioni integrate di gestione pratica, fatturazione e raccolta informazioni per fisioterapisti e logopedisti.","robots":{"index":"index","follow":"follow","max-snippet":"max-snippet:-1","max-image-preview":"max-image-preview:large","max-video-preview":"max-video-preview:-1"},"canonical":"https:\/\/www.accuratereviews.com\/it\/gestionali-per-fisioterapia-lista\/planetrehab-recensione\/","og_locale":"it_IT","og_type":"article","og_title":"Planetrehab: recensione gestionale per fisioterapia - Accurate Reviews","og_description":"Planetrehab: recensione soluzioni integrate di gestione pratica, fatturazione e raccolta informazioni per fisioterapisti e logopedisti.","og_url":"https:\/\/www.accuratereviews.com\/it\/gestionali-per-fisioterapia-lista\/planetrehab-recensione\/","og_site_name":"Accurate Reviews","article_modified_time":"2021-02-02T17:28:11+00:00","og_image":[{"width":256,"height":256,"url":"https:\/\/www.accuratereviews.com\/wp-content\/uploads\/2020\/07\/Planetrehab.png","type":"image\/png"}],"twitter_card":"summary_large_image","twitter_misc":{"Tempo di lettura stimato":"3 minuti"},"schema":{"@context":"https:\/\/schema.org","@graph":[{"@type":"WebPage","@id":"https:\/\/www.accuratereviews.com\/it\/gestionali-per-fisioterapia-lista\/planetrehab-recensione\/","url":"https:\/\/www.accuratereviews.com\/it\/gestionali-per-fisioterapia-lista\/planetrehab-recensione\/","name":"Planetrehab: recensione gestionale per fisioterapia - Accurate Reviews","isPartOf":{"@id":"https:\/\/www.accuratereviews.com\/it\/#website"},"primaryImageOfPage":{"@id":"https:\/\/www.accuratereviews.com\/it\/gestionali-per-fisioterapia-lista\/planetrehab-recensione\/#primaryimage"},"image":{"@id":"https:\/\/www.accuratereviews.com\/it\/gestionali-per-fisioterapia-lista\/planetrehab-recensione\/#primaryimage"},"thumbnailUrl":"https:\/\/www.accuratereviews.com\/wp-content\/uploads\/2020\/07\/Planetrehab.png","datePublished":"2020-07-02T10:40:21+00:00","dateModified":"2021-02-02T17:28:11+00:00","description":"Planetrehab: recensione soluzioni integrate di gestione pratica, fatturazione e raccolta informazioni per fisioterapisti e logopedisti.","breadcrumb":{"@id":"https:\/\/www.accuratereviews.com\/it\/gestionali-per-fisioterapia-lista\/planetrehab-recensione\/#breadcrumb"},"inLanguage":"it-IT","potentialAction":[{"@type":"ReadAction","target":["https:\/\/www.accuratereviews.com\/it\/gestionali-per-fisioterapia-lista\/planetrehab-recensione\/"]}]},{"@type":"ImageObject","inLanguage":"it-IT","@id":"https:\/\/www.accuratereviews.com\/it\/gestionali-per-fisioterapia-lista\/planetrehab-recensione\/#primaryimage","url":"https:\/\/www.accuratereviews.com\/wp-content\/uploads\/2020\/07\/Planetrehab.png","contentUrl":"https:\/\/www.accuratereviews.com\/wp-content\/uploads\/2020\/07\/Planetrehab.png","width":256,"height":256},{"@type":"BreadcrumbList","@id":"https:\/\/www.accuratereviews.com\/it\/gestionali-per-fisioterapia-lista\/planetrehab-recensione\/#breadcrumb","itemListElement":[{"@type":"ListItem","position":1,"name":"Home","item":"https:\/\/www.accuratereviews.com\/it\/"},{"@type":"ListItem","position":2,"name":"Gestionali per fisioterapia","item":"https:\/\/www.accuratereviews.com\/it\/gestionali-per-fisioterapia-lista\/"},{"@type":"ListItem","position":3,"name":"Planetrehab"}]},{"@type":"WebSite","@id":"https:\/\/www.accuratereviews.com\/it\/#website","url":"https:\/\/www.accuratereviews.com\/it\/","name":"Accurate Reviews","description":"","potentialAction":[{"@type":"SearchAction","target":{"@type":"EntryPoint","urlTemplate":"https:\/\/www.accuratereviews.com\/it\/?s={search_term_string}"},"query-input":{"@type":"PropertyValueSpecification","valueRequired":true,"valueName":"search_term_string"}}],"inLanguage":"it-IT"}]}},"_links":{"self":[{"href":"https:\/\/www.accuratereviews.com\/it\/wp-json\/wp\/v2\/pages\/28166","targetHints":{"allow":["GET"]}}],"collection":[{"href":"https:\/\/www.accuratereviews.com\/it\/wp-json\/wp\/v2\/pages"}],"about":[{"href":"https:\/\/www.accuratereviews.com\/it\/wp-json\/wp\/v2\/types\/page"}],"author":[{"embeddable":true,"href":"https:\/\/www.accuratereviews.com\/it\/wp-json\/wp\/v2\/users\/19"}],"replies":[{"embeddable":true,"href":"https:\/\/www.accuratereviews.com\/it\/wp-json\/wp\/v2\/comments?post=28166"}],"version-history":[{"count":9,"href":"https:\/\/www.accuratereviews.com\/it\/wp-json\/wp\/v2\/pages\/28166\/revisions"}],"predecessor-version":[{"id":36611,"href":"https:\/\/www.accuratereviews.com\/it\/wp-json\/wp\/v2\/pages\/28166\/revisions\/36611"}],"up":[{"embeddable":true,"href":"https:\/\/www.accuratereviews.com\/it\/wp-json\/wp\/v2\/pages\/27304"}],"wp:featuredmedia":[{"embeddable":true,"href":"https:\/\/www.accuratereviews.com\/it\/wp-json\/wp\/v2\/media\/28168"}],"wp:attachment":[{"href":"https:\/\/www.accuratereviews.com\/it\/wp-json\/wp\/v2\/media?parent=28166"}],"wp:term":[{"taxonomy":"category","embeddable":true,"href":"https:\/\/www.accuratereviews.com\/it\/wp-json\/wp\/v2\/categories?post=28166"},{"taxonomy":"post_tag","embeddable":true,"href":"https:\/\/www.accuratereviews.com\/it\/wp-json\/wp\/v2\/tags?post=28166"},{"taxonomy":"features","embeddable":true,"href":"https:\/\/www.accuratereviews.com\/it\/wp-json\/wp\/v2\/features?post=28166"}],"curies":[{"name":"wp","href":"https:\/\/api.w.org\/{rel}","templated":true}]}}