{"id":28223,"date":"2020-07-03T13:49:06","date_gmt":"2020-07-03T13:49:06","guid":{"rendered":"https:\/\/www.accuratereviews.com\/?page_id=28223"},"modified":"2021-02-02T17:24:38","modified_gmt":"2021-02-02T17:24:38","slug":"carevoyant-outpatient-recensione","status":"publish","type":"page","link":"https:\/\/www.accuratereviews.com\/it\/gestionali-per-fisioterapia-lista\/carevoyant-outpatient-recensione\/","title":{"rendered":"CareVoyant Outpatient"},"content":{"rendered":"<p><strong>CareVoyant Outpatient<\/strong>, precedentemente noto come software <strong>Medsys<\/strong>, \u00e8 una soluzione EMR di <strong>gestione pratiche<\/strong> conforme a ICD-10. Adatto a medie e grandi imprese nel settore medico, pu\u00f2 essere distribuito sia on-premise che nel <strong>cloud<\/strong>. La soluzione\u00a0offre funzionalit\u00e0 integrate di pianificazione, e-lab, e-prescrizione, fatturazione e clinica e EMR. Il sistema ha tre diversi moduli: terapia ambulatoriale, pratica medica e salute comportamentale.\u00a0Le caratteristiche principali di questi moduli includono la registrazione, la programmazione, la gestione della clinica e le cure del paziente, la fatturazione e la contabilit\u00e0. Il modulo di terapia ambulatoriale include note cliniche elettroniche standard per terapia fisica, terapia occupazionale e logopedisti.<\/p>\n<h2>CAREVOYANT OUTPATIENT &#8211; TUTORIAL<\/h2>\n<p>Ecco un tutorial in cui spiega le caratteristiche principali di questo software gestionale per fisioterapia:<\/p>\n<p>&nbsp;<\/p>\n<div id=\"fluid-wrapper-counter-1\" class=\"g1-fluid-wrapper \" style=\"width:686px;\">\n<div style=\"padding-bottom:56.268221574344%;\"><iframe loading=\"lazy\" title=\"CareVoyant Private Duty Non-Medical Personal Care Software\" width=\"686\" height=\"386\" src=\"https:\/\/www.youtube.com\/embed\/m5WA4eUJ-7E?feature=oembed&amp;wmode=transparent&amp;autohide=1&amp;autoplay=0&amp;disablekb=0&amp;fs=1&amp;loop=0&amp;enablejsapi=1&amp;rel=0&amp;controls=2&amp;showinfo=0&amp;wmode=transparent&amp;autohide=2&amp;autoplay=0&amp;disablekb=0&amp;fs=1&amp;loop=0&amp;enablejsapi=1&amp;rel=0&amp;controls=2&amp;showinfo=1\" frameborder=\"0\" allow=\"accelerometer; autoplay; clipboard-write; encrypted-media; gyroscope; picture-in-picture\" allowfullscreen><\/iframe><\/div>\n<\/div>\n<p>&nbsp;<\/p>\n<h3>CAREVOYANT OUTPATIENT &#8211; CARATTERISTICHE<\/h3>\n<ul>\n<li><strong>Software integrato<\/strong>: gestisci tutti gli aspetti di una o pi\u00f9 linee di servizio: assistenza infermieristica per servizio privato, assistenza personale non medica per servizio privato, salute domestica, terapia ambulatoriale, CCRC, fatturazione medica<\/li>\n<li><strong>Potenza di uno \/ unico sistema di registrazione<\/strong>: conservare tutte le informazioni cliniche e finanziarie nella cartella ONE Patient e ONE Employee per tutte le linee di servizio<\/li>\n<li><strong>Efficenza operativa<\/strong>: la soluzione offre efficienza operativa automatizzando molte funzioni chiave e fornendo avvisi: gestione delle autorizzazioni, corrispondenza intelligente per gli orari, calcolo dei tempi di viaggio e delle miglia, convalide di addebiti e contabilit\u00e0 e scrubber sinistri ecc<\/li>\n<li><strong>Conformit\u00e0:<\/strong> mantiene la tua organizzazione conforme alla perfetta integrazione tra assunzione, autorizzazione, programmazione, documentazione clinica e fatturazione e fornendo convalide in varie fasi<\/li>\n<li><strong>Fatturazione e cashflow<\/strong>: amministra tutti i requisiti di fatturazione disparati e complessi per Medicare, Medicaid, Managed Care, Private Insurance e Private Pay. Con uno scrubber integrato per i sinistri, puoi inviare sinistri puliti migliorando notevolmente il flusso di cassa<\/li>\n<li><strong>Segnalazione<\/strong>: i report e le dashboard della soluzione forniscono informazioni in tempo reale a portata di mano per gestire efficacemente la tua organizzazione. L&#8217;opzione per personalizzare e pianificare i rapporti otterr\u00e0 in modo proattivo le informazioni nella tua casella di posta<\/li>\n<li><strong>Scalabile<\/strong>: la tua forza lavoro \u00e8 mobile, cos\u00ec come il software. L&#8217; applicazione basata su cloud ti assicura di non doverti preoccupare della crescita su pi\u00f9 aree geografiche e linee di servizio<\/li>\n<\/ul>\n<h4>LE RECENSIONI DEGLI UTENTI<\/h4>\n<h4 class=\"font-weight-bold my-1 d-flex align-items-center\">Gandhi G.&#8221;Software eccezionale per ambulatoriale&#8221;<\/h4>\n<p><strong>Commenti: <\/strong>Conosco questo software, precedentemente &#8220;MedSys&#8221;. Questo software \u00e8 senza paragoni. Consiglierei a tutti.<\/p>\n<h4 class=\"font-weight-bold my-1 d-flex align-items-center\">April M.&#8221;Ottima compagnia, buon prodotto software&#8221;<\/h4>\n<p><strong>Vantaggi: <\/strong>Il proprietario \u00e8 simpatico e disponibile. Assistenza clienti amichevole e tempestiva e innovativa<\/p>\n<p><strong>Inconvenienti: <\/strong>Vorrei che il prodotto avesse qualche funzionalit\u00e0 in pi\u00f9. Quando sono richieste funzionalit\u00e0, spesso ci vorr\u00e0 molto tempo per l&#8217;implementazione, ma questo \u00e8 spesso il caso in questo settore. Vorrei anche che l&#8217;app intuitiva fosse un po &#8216;pi\u00f9 versatile con le opzioni del dispositivo. Attualmente pu\u00f2 funzionare solo su sistema operativo Windows, ma ci viene detto che potrebbe cambiare in futuro.<\/p>\n<h4 class=\"font-weight-bold my-1 d-flex align-items-center\">Derek P.&#8221;CareVoyant \u00e8 stata un&#8217;ottima compagnia con cui collaborare per il nostro sistema EMR.&#8221;<\/h4>\n<p><strong>Vantaggi: <\/strong>CareVoyant ha un prezzo ragionevole e sono disposti a collaborare con te per personalizzare il loro prodotto in base alle esigenze della tua azienda. Questa \u00e8 una caratteristica rara nel mondo del software oggi.<\/p>\n<p><strong>Inconvenienti: <\/strong>Pu\u00f2 essere un po &#8216;travolgente per i nuovi utenti imparare perch\u00e9 ci sono cos\u00ec tante funzioni diverse. La piattaforma deve diventare pi\u00f9 user-friendly, ma loro lo sanno e stanno facendo molti progressi in questo senso.<\/p>\n","protected":false},"excerpt":{"rendered":"<p>CareVoyant Outpatient, precedentemente noto come software Medsys, \u00e8 una soluzione EMR di gestione pratiche conforme a ICD-10. Adatto a medie e grandi imprese nel settore medico, pu\u00f2 essere distribuito sia on-premise che nel cloud. La soluzione\u00a0offre funzionalit\u00e0 integrate di pianificazione, e-lab, e-prescrizione, fatturazione e clinica e EMR.<\/p>\n","protected":false},"author":19,"featured_media":28224,"parent":27304,"menu_order":0,"comment_status":"closed","ping_status":"closed","template":"g1_template_page_review_new.php","meta":{"_acf_changed":false,"cwp_meta_box_check":"Yes","cwp_rev_product_name":"","cwp_rev_product_image":"","wppr_links":[],"cwp_rev_price":"","wppr_options":[],"wppr_pros":[],"wppr_cons":[],"_monsterinsights_skip_tracking":false,"_monsterinsights_sitenote_active":false,"_monsterinsights_sitenote_note":"","_monsterinsights_sitenote_category":0,"footnotes":""},"categories":[2993],"tags":[3152,396,3009,3033,2995,3008],"features":[],"class_list":{"0":"post-28223","1":"page","2":"type-page","3":"status-publish","4":"has-post-thumbnail","6":"category-gestionale-per-fisioterapia-categoria","7":"tag-carevoyant-outpatient","8":"tag-cloud","9":"tag-piattaforma-gestionale-per-fisioterapie","10":"tag-programma-gestionale-per-fisioterpie","11":"tag-software-gestionale-per-fisioterapie","12":"tag-soluzione-gestionale-per-fisioterapie"},"wppr_data":{"cwp_meta_box_check":"Yes","cwp_rev_product_name":"","cwp_rev_product_image":"","cwp_image_link":"image","cwp_rev_price":"","wppr_rating":"0.00"},"acf":[],"yoast_head":"<!-- This site is optimized with the Yoast SEO plugin v27.4 - https:\/\/yoast.com\/product\/yoast-seo-wordpress\/ -->\n<title>CareVoyant Outpatient: software gestionale fisioterapia - Accurate Reviews<\/title>\n<meta name=\"description\" content=\"CareVoyant Outpatient: recensione soluzione EMR di gestione pratiche conforme a ICD-10 adatto a medie e grandi imprese nel settore medico.\" \/>\n<meta name=\"robots\" content=\"index, follow, max-snippet:-1, max-image-preview:large, max-video-preview:-1\" \/>\n<link rel=\"canonical\" href=\"https:\/\/www.accuratereviews.com\/it\/gestionali-per-fisioterapia-lista\/carevoyant-outpatient-recensione\/\" \/>\n<meta property=\"og:locale\" content=\"it_IT\" \/>\n<meta property=\"og:type\" content=\"article\" \/>\n<meta property=\"og:title\" content=\"CareVoyant Outpatient: software gestionale fisioterapia - Accurate Reviews\" \/>\n<meta property=\"og:description\" content=\"CareVoyant Outpatient: recensione soluzione EMR di gestione pratiche conforme a ICD-10 adatto a medie e grandi imprese nel settore medico.\" \/>\n<meta property=\"og:url\" content=\"https:\/\/www.accuratereviews.com\/it\/gestionali-per-fisioterapia-lista\/carevoyant-outpatient-recensione\/\" \/>\n<meta property=\"og:site_name\" content=\"Accurate Reviews\" \/>\n<meta property=\"article:modified_time\" content=\"2021-02-02T17:24:38+00:00\" \/>\n<meta property=\"og:image\" content=\"https:\/\/www.accuratereviews.com\/wp-content\/uploads\/2020\/07\/CareVoyant-Outpatient.jpg\" \/>\n\t<meta property=\"og:image:width\" content=\"400\" \/>\n\t<meta property=\"og:image:height\" content=\"400\" \/>\n\t<meta property=\"og:image:type\" content=\"image\/jpeg\" \/>\n<meta name=\"twitter:card\" content=\"summary_large_image\" \/>\n<meta name=\"twitter:label1\" content=\"Tempo di lettura stimato\" \/>\n\t<meta name=\"twitter:data1\" content=\"3 minuti\" \/>\n<script type=\"application\/ld+json\" class=\"yoast-schema-graph\">{\"@context\":\"https:\\\/\\\/schema.org\",\"@graph\":[{\"@type\":\"WebPage\",\"@id\":\"https:\\\/\\\/www.accuratereviews.com\\\/it\\\/gestionali-per-fisioterapia-lista\\\/carevoyant-outpatient-recensione\\\/\",\"url\":\"https:\\\/\\\/www.accuratereviews.com\\\/it\\\/gestionali-per-fisioterapia-lista\\\/carevoyant-outpatient-recensione\\\/\",\"name\":\"CareVoyant Outpatient: software gestionale fisioterapia - Accurate Reviews\",\"isPartOf\":{\"@id\":\"https:\\\/\\\/www.accuratereviews.com\\\/it\\\/#website\"},\"primaryImageOfPage\":{\"@id\":\"https:\\\/\\\/www.accuratereviews.com\\\/it\\\/gestionali-per-fisioterapia-lista\\\/carevoyant-outpatient-recensione\\\/#primaryimage\"},\"image\":{\"@id\":\"https:\\\/\\\/www.accuratereviews.com\\\/it\\\/gestionali-per-fisioterapia-lista\\\/carevoyant-outpatient-recensione\\\/#primaryimage\"},\"thumbnailUrl\":\"https:\\\/\\\/www.accuratereviews.com\\\/wp-content\\\/uploads\\\/2020\\\/07\\\/CareVoyant-Outpatient.jpg\",\"datePublished\":\"2020-07-03T13:49:06+00:00\",\"dateModified\":\"2021-02-02T17:24:38+00:00\",\"description\":\"CareVoyant Outpatient: recensione soluzione EMR di gestione pratiche conforme a ICD-10 adatto a medie e grandi imprese nel settore medico.\",\"breadcrumb\":{\"@id\":\"https:\\\/\\\/www.accuratereviews.com\\\/it\\\/gestionali-per-fisioterapia-lista\\\/carevoyant-outpatient-recensione\\\/#breadcrumb\"},\"inLanguage\":\"it-IT\",\"potentialAction\":[{\"@type\":\"ReadAction\",\"target\":[\"https:\\\/\\\/www.accuratereviews.com\\\/it\\\/gestionali-per-fisioterapia-lista\\\/carevoyant-outpatient-recensione\\\/\"]}]},{\"@type\":\"ImageObject\",\"inLanguage\":\"it-IT\",\"@id\":\"https:\\\/\\\/www.accuratereviews.com\\\/it\\\/gestionali-per-fisioterapia-lista\\\/carevoyant-outpatient-recensione\\\/#primaryimage\",\"url\":\"https:\\\/\\\/www.accuratereviews.com\\\/wp-content\\\/uploads\\\/2020\\\/07\\\/CareVoyant-Outpatient.jpg\",\"contentUrl\":\"https:\\\/\\\/www.accuratereviews.com\\\/wp-content\\\/uploads\\\/2020\\\/07\\\/CareVoyant-Outpatient.jpg\",\"width\":400,\"height\":400},{\"@type\":\"BreadcrumbList\",\"@id\":\"https:\\\/\\\/www.accuratereviews.com\\\/it\\\/gestionali-per-fisioterapia-lista\\\/carevoyant-outpatient-recensione\\\/#breadcrumb\",\"itemListElement\":[{\"@type\":\"ListItem\",\"position\":1,\"name\":\"Home\",\"item\":\"https:\\\/\\\/www.accuratereviews.com\\\/it\\\/\"},{\"@type\":\"ListItem\",\"position\":2,\"name\":\"Gestionali per fisioterapia\",\"item\":\"https:\\\/\\\/www.accuratereviews.com\\\/it\\\/gestionali-per-fisioterapia-lista\\\/\"},{\"@type\":\"ListItem\",\"position\":3,\"name\":\"CareVoyant Outpatient\"}]},{\"@type\":\"WebSite\",\"@id\":\"https:\\\/\\\/www.accuratereviews.com\\\/it\\\/#website\",\"url\":\"https:\\\/\\\/www.accuratereviews.com\\\/it\\\/\",\"name\":\"Accurate Reviews\",\"description\":\"\",\"potentialAction\":[{\"@type\":\"SearchAction\",\"target\":{\"@type\":\"EntryPoint\",\"urlTemplate\":\"https:\\\/\\\/www.accuratereviews.com\\\/it\\\/?s={search_term_string}\"},\"query-input\":{\"@type\":\"PropertyValueSpecification\",\"valueRequired\":true,\"valueName\":\"search_term_string\"}}],\"inLanguage\":\"it-IT\"}]}<\/script>\n<!-- \/ Yoast SEO plugin. -->","yoast_head_json":{"title":"CareVoyant Outpatient: software gestionale fisioterapia - Accurate Reviews","description":"CareVoyant Outpatient: recensione soluzione EMR di gestione pratiche conforme a ICD-10 adatto a medie e grandi imprese nel settore medico.","robots":{"index":"index","follow":"follow","max-snippet":"max-snippet:-1","max-image-preview":"max-image-preview:large","max-video-preview":"max-video-preview:-1"},"canonical":"https:\/\/www.accuratereviews.com\/it\/gestionali-per-fisioterapia-lista\/carevoyant-outpatient-recensione\/","og_locale":"it_IT","og_type":"article","og_title":"CareVoyant Outpatient: software gestionale fisioterapia - Accurate Reviews","og_description":"CareVoyant Outpatient: recensione soluzione EMR di gestione pratiche conforme a ICD-10 adatto a medie e grandi imprese nel settore medico.","og_url":"https:\/\/www.accuratereviews.com\/it\/gestionali-per-fisioterapia-lista\/carevoyant-outpatient-recensione\/","og_site_name":"Accurate Reviews","article_modified_time":"2021-02-02T17:24:38+00:00","og_image":[{"width":400,"height":400,"url":"https:\/\/www.accuratereviews.com\/wp-content\/uploads\/2020\/07\/CareVoyant-Outpatient.jpg","type":"image\/jpeg"}],"twitter_card":"summary_large_image","twitter_misc":{"Tempo di lettura stimato":"3 minuti"},"schema":{"@context":"https:\/\/schema.org","@graph":[{"@type":"WebPage","@id":"https:\/\/www.accuratereviews.com\/it\/gestionali-per-fisioterapia-lista\/carevoyant-outpatient-recensione\/","url":"https:\/\/www.accuratereviews.com\/it\/gestionali-per-fisioterapia-lista\/carevoyant-outpatient-recensione\/","name":"CareVoyant Outpatient: software gestionale fisioterapia - Accurate Reviews","isPartOf":{"@id":"https:\/\/www.accuratereviews.com\/it\/#website"},"primaryImageOfPage":{"@id":"https:\/\/www.accuratereviews.com\/it\/gestionali-per-fisioterapia-lista\/carevoyant-outpatient-recensione\/#primaryimage"},"image":{"@id":"https:\/\/www.accuratereviews.com\/it\/gestionali-per-fisioterapia-lista\/carevoyant-outpatient-recensione\/#primaryimage"},"thumbnailUrl":"https:\/\/www.accuratereviews.com\/wp-content\/uploads\/2020\/07\/CareVoyant-Outpatient.jpg","datePublished":"2020-07-03T13:49:06+00:00","dateModified":"2021-02-02T17:24:38+00:00","description":"CareVoyant Outpatient: recensione soluzione EMR di gestione pratiche conforme a ICD-10 adatto a medie e grandi imprese nel settore medico.","breadcrumb":{"@id":"https:\/\/www.accuratereviews.com\/it\/gestionali-per-fisioterapia-lista\/carevoyant-outpatient-recensione\/#breadcrumb"},"inLanguage":"it-IT","potentialAction":[{"@type":"ReadAction","target":["https:\/\/www.accuratereviews.com\/it\/gestionali-per-fisioterapia-lista\/carevoyant-outpatient-recensione\/"]}]},{"@type":"ImageObject","inLanguage":"it-IT","@id":"https:\/\/www.accuratereviews.com\/it\/gestionali-per-fisioterapia-lista\/carevoyant-outpatient-recensione\/#primaryimage","url":"https:\/\/www.accuratereviews.com\/wp-content\/uploads\/2020\/07\/CareVoyant-Outpatient.jpg","contentUrl":"https:\/\/www.accuratereviews.com\/wp-content\/uploads\/2020\/07\/CareVoyant-Outpatient.jpg","width":400,"height":400},{"@type":"BreadcrumbList","@id":"https:\/\/www.accuratereviews.com\/it\/gestionali-per-fisioterapia-lista\/carevoyant-outpatient-recensione\/#breadcrumb","itemListElement":[{"@type":"ListItem","position":1,"name":"Home","item":"https:\/\/www.accuratereviews.com\/it\/"},{"@type":"ListItem","position":2,"name":"Gestionali per fisioterapia","item":"https:\/\/www.accuratereviews.com\/it\/gestionali-per-fisioterapia-lista\/"},{"@type":"ListItem","position":3,"name":"CareVoyant Outpatient"}]},{"@type":"WebSite","@id":"https:\/\/www.accuratereviews.com\/it\/#website","url":"https:\/\/www.accuratereviews.com\/it\/","name":"Accurate Reviews","description":"","potentialAction":[{"@type":"SearchAction","target":{"@type":"EntryPoint","urlTemplate":"https:\/\/www.accuratereviews.com\/it\/?s={search_term_string}"},"query-input":{"@type":"PropertyValueSpecification","valueRequired":true,"valueName":"search_term_string"}}],"inLanguage":"it-IT"}]}},"_links":{"self":[{"href":"https:\/\/www.accuratereviews.com\/it\/wp-json\/wp\/v2\/pages\/28223","targetHints":{"allow":["GET"]}}],"collection":[{"href":"https:\/\/www.accuratereviews.com\/it\/wp-json\/wp\/v2\/pages"}],"about":[{"href":"https:\/\/www.accuratereviews.com\/it\/wp-json\/wp\/v2\/types\/page"}],"author":[{"embeddable":true,"href":"https:\/\/www.accuratereviews.com\/it\/wp-json\/wp\/v2\/users\/19"}],"replies":[{"embeddable":true,"href":"https:\/\/www.accuratereviews.com\/it\/wp-json\/wp\/v2\/comments?post=28223"}],"version-history":[{"count":12,"href":"https:\/\/www.accuratereviews.com\/it\/wp-json\/wp\/v2\/pages\/28223\/revisions"}],"predecessor-version":[{"id":36607,"href":"https:\/\/www.accuratereviews.com\/it\/wp-json\/wp\/v2\/pages\/28223\/revisions\/36607"}],"up":[{"embeddable":true,"href":"https:\/\/www.accuratereviews.com\/it\/wp-json\/wp\/v2\/pages\/27304"}],"wp:featuredmedia":[{"embeddable":true,"href":"https:\/\/www.accuratereviews.com\/it\/wp-json\/wp\/v2\/media\/28224"}],"wp:attachment":[{"href":"https:\/\/www.accuratereviews.com\/it\/wp-json\/wp\/v2\/media?parent=28223"}],"wp:term":[{"taxonomy":"category","embeddable":true,"href":"https:\/\/www.accuratereviews.com\/it\/wp-json\/wp\/v2\/categories?post=28223"},{"taxonomy":"post_tag","embeddable":true,"href":"https:\/\/www.accuratereviews.com\/it\/wp-json\/wp\/v2\/tags?post=28223"},{"taxonomy":"features","embeddable":true,"href":"https:\/\/www.accuratereviews.com\/it\/wp-json\/wp\/v2\/features?post=28223"}],"curies":[{"name":"wp","href":"https:\/\/api.w.org\/{rel}","templated":true}]}}