{"id":28254,"date":"2020-07-03T13:48:14","date_gmt":"2020-07-03T13:48:14","guid":{"rendered":"https:\/\/www.accuratereviews.com\/?page_id=28254"},"modified":"2021-02-02T17:08:28","modified_gmt":"2021-02-02T17:08:28","slug":"optima-therapy-recensione","status":"publish","type":"page","link":"https:\/\/www.accuratereviews.com\/it\/gestionali-per-fisioterapia-lista\/optima-therapy-recensione\/","title":{"rendered":"Optima Therapy"},"content":{"rendered":"<p><strong>Optima Therapy<\/strong> for Home Health \u00e8 una <strong>soluzione di gestione della fisioterapia<\/strong> per le aziende nel settore sanitario a domicilio. Con le capacit\u00e0 aziendali che facilitano le operazioni e semplificano la condivisione, la comunicazione e la fatturazione dei documenti, la soluzione consente alle aziende di terapie di costruire relazioni di successo con le agenzie di assistenza domiciliare e gestire l&#8217;erogazione della terapia nell&#8217;intera azienda.\u00a0\u00a0Lo strumento di analisi fornisce visibilit\u00e0 agli indicatori KPI in tutte le linee di business. Risparmia tempo nell&#8217;elaborazione delle buste paga con la possibilit\u00e0 di assegnare le tariffe per ora e\/o visita in base alla situazione e rimani competitivo con la possibilit\u00e0 di espandere le opzioni per le tariffe di fatturazione. Il software \u00e8 basato su cloud e adatto a societ\u00e0 di terapie a contratto di tutte le dimensioni.<\/p>\n<h2>OPTIMA THERAPY &#8211; TUTORIAL<\/h2>\n<p>Guardiamo insieme questo tutorial per utilizzare al meglio questo <strong>software gestionale per la fisioterapia<\/strong>:<\/p>\n<div id=\"fluid-wrapper-counter-1\" class=\"g1-fluid-wrapper \" style=\"width:686px;\">\n<div style=\"padding-bottom:56.268221574344%;\"><iframe loading=\"lazy\" title=\"Optima Healthcare Solutions ICD-10 Training Video\" width=\"686\" height=\"386\" src=\"https:\/\/www.youtube.com\/embed\/85OTi-HoMac?start=3115&#038;feature=oembed&amp;wmode=transparent&amp;autohide=1&amp;autoplay=0&amp;disablekb=0&amp;fs=1&amp;loop=0&amp;enablejsapi=1&amp;rel=0&amp;controls=2&amp;showinfo=0&amp;wmode=transparent&amp;autohide=2&amp;autoplay=0&amp;disablekb=0&amp;fs=1&amp;loop=0&amp;enablejsapi=1&amp;rel=0&amp;controls=2&amp;showinfo=1\" frameborder=\"0\" allow=\"accelerometer; autoplay; clipboard-write; encrypted-media; gyroscope; picture-in-picture\" allowfullscreen><\/iframe><\/div>\n<\/div>\n<h3>OPTIMA THERAPY &#8211; CARATTERISTICHE<\/h3>\n<ul>\n<li>Interagisci con i tuoi pazienti in tempo reale su un dispositivo conforme HIPAA<\/li>\n<li>Mantieni una comunicazione regolare e un rapporto terapeutico con i pazienti<\/li>\n<li>Fornisci l&#8217;accesso alle cure per i pazienti con limitazioni di viaggio<\/li>\n<li>Rispondi a domande non urgenti da parte dei pazienti<\/li>\n<li>Avvia il coinvolgimento del paziente per promuovere il follow-up con il proprio piano di assistenza<\/li>\n<li>Ricevi comunicazioni paziente su farmaci, appuntamenti del medico e altri aggiornamenti a tuo piacimento<\/li>\n<li>Utilizza allegati come documenti e foto; ottenere informazioni cliniche e offrire raccomandazioni per migliorare l&#8217;esperienza del paziente<\/li>\n<li>Permetti ai pazienti di accedere a documenti e foto nella cartella clinica o inviare allegati dei pazienti in messaggi sicuri<\/li>\n<li>Fornisci ai pazienti un accesso 24 ore su 24, 7 giorni su 7, alle loro informazioni sulla salute, comprese le istruzioni di dimissione, i programmi di esercizi a casa e il materiale educativo<\/li>\n<li>Consenti ai pazienti di designare un rappresentante autorizzato per visualizzare le cartelle cliniche del paziente (coniuge, genitore, figlio adulto, ecc.)<\/li>\n<li>I pazienti possono visualizzare gli appuntamenti precedenti e futuri<\/li>\n<\/ul>\n<h4>LE RECENSIONI DEGLI UTENTI<\/h4>\n<h4 class=\"font-weight-bold my-1 d-flex align-items-center\">Sarah B.&#8221;Facile installazione e personalizzazione per la tua pratica&#8221;<\/h4>\n<p><strong>Vantaggi: <\/strong>Redoc \u00e8 molto intuitivo e facile sia per il lato amministrativo che clinico della terapia riabilitativa. Apprezzo quanto sia facile personalizzare rapidamente molti attributi del sistema EMR dal calendario ai moduli nel sistema di documentazione.<\/p>\n<p><strong>Inconvenienti: <\/strong>Impossibile aprire pi\u00f9 note paziente contemporaneamente. Sono necessari pi\u00f9 clic per esaminare le note precedenti di un paziente.<\/p>\n<h4 class=\"font-weight-bold my-1 d-flex align-items-center\">Kendra S.&#8221;Software eccellente per i fisioterapisti&#8221;<\/h4>\n<p><strong>Vantaggi: <\/strong>Ha un buon formato. Facile da seguire. Opzioni per fare clic o digitare le note. Molto modificabile in base alle tue esigenze.<\/p>\n<p><strong>Inconvenienti: <\/strong>Non ha sempre le migliori opzioni nelle schede cliccabili. Sarebbe utile che un terapeuta assista nel migliorare e modificare il software per renderlo pi\u00f9 user friendly per i terapisti.<\/p>\n<h4 class=\"font-weight-bold my-1 d-flex align-items-center\">Jeff S.&#8221;Usiamo Clinics di Optima da circa 8 mesi.&#8221;<\/h4>\n<p><strong>Vantaggi: <\/strong>La gestione dei referral \u00e8 davvero ben fatta. I prodotti funzionano bene con Business Intelligence per fornire una grande quantit\u00e0 di informazioni a fini analitici. Esiste una grande capacit\u00e0 di tracciare cose come le autorizzazioni assicurative. Strumento molto potente in combinazione con Business Intelligence.<\/p>\n<p><strong>Inconvenienti: <\/strong>La funzionalit\u00e0 di pianificazione deve essere perfezionata, soprattutto nelle cliniche in cui un terapeuta viaggia tra pi\u00f9 cliniche. Inoltre, vorrei vedere implementata la biblioteca ambulatoriale.<\/p>\n","protected":false},"excerpt":{"rendered":"<p>Optima Therapy for Home Health \u00e8 una soluzione di gestione della fisioterapia per le aziende nel settore sanitario a domicilio. Con le capacit\u00e0 aziendali che facilitano le operazioni e semplificano la condivisione, la comunicazione e la fatturazione dei documenti, la soluzione consente alle aziende di terapie di costruire relazioni di successo con le agenzie di assistenza domiciliare e gestire l&#8217;erogazione della terapia nell&#8217;intera azienda.\u00a0\u00a0<\/p>\n","protected":false},"author":19,"featured_media":28255,"parent":27304,"menu_order":0,"comment_status":"open","ping_status":"closed","template":"g1_template_page_review_new.php","meta":{"_acf_changed":false,"cwp_meta_box_check":"Yes","cwp_rev_product_name":"","cwp_rev_product_image":"","wppr_links":[],"cwp_rev_price":"","wppr_options":[],"wppr_pros":[],"wppr_cons":[],"_monsterinsights_skip_tracking":false,"_monsterinsights_sitenote_active":false,"_monsterinsights_sitenote_note":"","_monsterinsights_sitenote_category":0,"footnotes":""},"categories":[2993],"tags":[396,3162,3009,3033,2995,3008],"features":[],"class_list":{"0":"post-28254","1":"page","2":"type-page","3":"status-publish","4":"has-post-thumbnail","6":"category-gestionale-per-fisioterapia-categoria","7":"tag-cloud","8":"tag-optima-therapy","9":"tag-piattaforma-gestionale-per-fisioterapie","10":"tag-programma-gestionale-per-fisioterpie","11":"tag-software-gestionale-per-fisioterapie","12":"tag-soluzione-gestionale-per-fisioterapie"},"wppr_data":{"cwp_meta_box_check":"Yes","cwp_rev_product_name":"","cwp_rev_product_image":"","cwp_image_link":"image","cwp_rev_price":"","wppr_rating":"0.00"},"acf":[],"yoast_head":"<!-- This site is optimized with the Yoast SEO plugin v27.4 - https:\/\/yoast.com\/product\/yoast-seo-wordpress\/ -->\n<title>Optima Therapy: recensione gestionale fisioterapia - Accurate Reviews<\/title>\n<meta name=\"description\" content=\"Optima Therapy: recensione \u00e8 una soluzione di gestione della fisioterapia per le aziende nel settore sanitario a domicilio.\" \/>\n<meta name=\"robots\" content=\"index, follow, max-snippet:-1, max-image-preview:large, max-video-preview:-1\" \/>\n<link rel=\"canonical\" href=\"https:\/\/www.accuratereviews.com\/it\/gestionali-per-fisioterapia-lista\/optima-therapy-recensione\/\" \/>\n<meta property=\"og:locale\" content=\"it_IT\" \/>\n<meta property=\"og:type\" content=\"article\" \/>\n<meta property=\"og:title\" content=\"Optima Therapy: recensione gestionale fisioterapia - Accurate Reviews\" \/>\n<meta property=\"og:description\" content=\"Optima Therapy: recensione \u00e8 una soluzione di gestione della fisioterapia per le aziende nel settore sanitario a domicilio.\" \/>\n<meta property=\"og:url\" content=\"https:\/\/www.accuratereviews.com\/it\/gestionali-per-fisioterapia-lista\/optima-therapy-recensione\/\" \/>\n<meta property=\"og:site_name\" content=\"Accurate Reviews\" \/>\n<meta property=\"article:modified_time\" content=\"2021-02-02T17:08:28+00:00\" \/>\n<meta property=\"og:image\" content=\"https:\/\/www.accuratereviews.com\/wp-content\/uploads\/2020\/07\/optimahcs.com_.png\" \/>\n\t<meta property=\"og:image:width\" content=\"200\" \/>\n\t<meta property=\"og:image:height\" content=\"200\" \/>\n\t<meta property=\"og:image:type\" content=\"image\/png\" \/>\n<meta name=\"twitter:card\" content=\"summary_large_image\" \/>\n<meta name=\"twitter:label1\" content=\"Tempo di lettura stimato\" \/>\n\t<meta name=\"twitter:data1\" content=\"3 minuti\" \/>\n<script type=\"application\/ld+json\" class=\"yoast-schema-graph\">{\"@context\":\"https:\\\/\\\/schema.org\",\"@graph\":[{\"@type\":\"WebPage\",\"@id\":\"https:\\\/\\\/www.accuratereviews.com\\\/it\\\/gestionali-per-fisioterapia-lista\\\/optima-therapy-recensione\\\/\",\"url\":\"https:\\\/\\\/www.accuratereviews.com\\\/it\\\/gestionali-per-fisioterapia-lista\\\/optima-therapy-recensione\\\/\",\"name\":\"Optima Therapy: recensione gestionale fisioterapia - Accurate Reviews\",\"isPartOf\":{\"@id\":\"https:\\\/\\\/www.accuratereviews.com\\\/it\\\/#website\"},\"primaryImageOfPage\":{\"@id\":\"https:\\\/\\\/www.accuratereviews.com\\\/it\\\/gestionali-per-fisioterapia-lista\\\/optima-therapy-recensione\\\/#primaryimage\"},\"image\":{\"@id\":\"https:\\\/\\\/www.accuratereviews.com\\\/it\\\/gestionali-per-fisioterapia-lista\\\/optima-therapy-recensione\\\/#primaryimage\"},\"thumbnailUrl\":\"https:\\\/\\\/www.accuratereviews.com\\\/wp-content\\\/uploads\\\/2020\\\/07\\\/optimahcs.com_.png\",\"datePublished\":\"2020-07-03T13:48:14+00:00\",\"dateModified\":\"2021-02-02T17:08:28+00:00\",\"description\":\"Optima Therapy: recensione \u00e8 una soluzione di gestione della fisioterapia per le aziende nel settore sanitario a domicilio.\",\"breadcrumb\":{\"@id\":\"https:\\\/\\\/www.accuratereviews.com\\\/it\\\/gestionali-per-fisioterapia-lista\\\/optima-therapy-recensione\\\/#breadcrumb\"},\"inLanguage\":\"it-IT\",\"potentialAction\":[{\"@type\":\"ReadAction\",\"target\":[\"https:\\\/\\\/www.accuratereviews.com\\\/it\\\/gestionali-per-fisioterapia-lista\\\/optima-therapy-recensione\\\/\"]}]},{\"@type\":\"ImageObject\",\"inLanguage\":\"it-IT\",\"@id\":\"https:\\\/\\\/www.accuratereviews.com\\\/it\\\/gestionali-per-fisioterapia-lista\\\/optima-therapy-recensione\\\/#primaryimage\",\"url\":\"https:\\\/\\\/www.accuratereviews.com\\\/wp-content\\\/uploads\\\/2020\\\/07\\\/optimahcs.com_.png\",\"contentUrl\":\"https:\\\/\\\/www.accuratereviews.com\\\/wp-content\\\/uploads\\\/2020\\\/07\\\/optimahcs.com_.png\",\"width\":200,\"height\":200},{\"@type\":\"BreadcrumbList\",\"@id\":\"https:\\\/\\\/www.accuratereviews.com\\\/it\\\/gestionali-per-fisioterapia-lista\\\/optima-therapy-recensione\\\/#breadcrumb\",\"itemListElement\":[{\"@type\":\"ListItem\",\"position\":1,\"name\":\"Home\",\"item\":\"https:\\\/\\\/www.accuratereviews.com\\\/it\\\/\"},{\"@type\":\"ListItem\",\"position\":2,\"name\":\"Gestionali per fisioterapia\",\"item\":\"https:\\\/\\\/www.accuratereviews.com\\\/it\\\/gestionali-per-fisioterapia-lista\\\/\"},{\"@type\":\"ListItem\",\"position\":3,\"name\":\"Optima Therapy\"}]},{\"@type\":\"WebSite\",\"@id\":\"https:\\\/\\\/www.accuratereviews.com\\\/it\\\/#website\",\"url\":\"https:\\\/\\\/www.accuratereviews.com\\\/it\\\/\",\"name\":\"Accurate Reviews\",\"description\":\"\",\"potentialAction\":[{\"@type\":\"SearchAction\",\"target\":{\"@type\":\"EntryPoint\",\"urlTemplate\":\"https:\\\/\\\/www.accuratereviews.com\\\/it\\\/?s={search_term_string}\"},\"query-input\":{\"@type\":\"PropertyValueSpecification\",\"valueRequired\":true,\"valueName\":\"search_term_string\"}}],\"inLanguage\":\"it-IT\"}]}<\/script>\n<!-- \/ Yoast SEO plugin. -->","yoast_head_json":{"title":"Optima Therapy: recensione gestionale fisioterapia - Accurate Reviews","description":"Optima Therapy: recensione \u00e8 una soluzione di gestione della fisioterapia per le aziende nel settore sanitario a domicilio.","robots":{"index":"index","follow":"follow","max-snippet":"max-snippet:-1","max-image-preview":"max-image-preview:large","max-video-preview":"max-video-preview:-1"},"canonical":"https:\/\/www.accuratereviews.com\/it\/gestionali-per-fisioterapia-lista\/optima-therapy-recensione\/","og_locale":"it_IT","og_type":"article","og_title":"Optima Therapy: recensione gestionale fisioterapia - Accurate Reviews","og_description":"Optima Therapy: recensione \u00e8 una soluzione di gestione della fisioterapia per le aziende nel settore sanitario a domicilio.","og_url":"https:\/\/www.accuratereviews.com\/it\/gestionali-per-fisioterapia-lista\/optima-therapy-recensione\/","og_site_name":"Accurate Reviews","article_modified_time":"2021-02-02T17:08:28+00:00","og_image":[{"width":200,"height":200,"url":"https:\/\/www.accuratereviews.com\/wp-content\/uploads\/2020\/07\/optimahcs.com_.png","type":"image\/png"}],"twitter_card":"summary_large_image","twitter_misc":{"Tempo di lettura stimato":"3 minuti"},"schema":{"@context":"https:\/\/schema.org","@graph":[{"@type":"WebPage","@id":"https:\/\/www.accuratereviews.com\/it\/gestionali-per-fisioterapia-lista\/optima-therapy-recensione\/","url":"https:\/\/www.accuratereviews.com\/it\/gestionali-per-fisioterapia-lista\/optima-therapy-recensione\/","name":"Optima Therapy: recensione gestionale fisioterapia - Accurate Reviews","isPartOf":{"@id":"https:\/\/www.accuratereviews.com\/it\/#website"},"primaryImageOfPage":{"@id":"https:\/\/www.accuratereviews.com\/it\/gestionali-per-fisioterapia-lista\/optima-therapy-recensione\/#primaryimage"},"image":{"@id":"https:\/\/www.accuratereviews.com\/it\/gestionali-per-fisioterapia-lista\/optima-therapy-recensione\/#primaryimage"},"thumbnailUrl":"https:\/\/www.accuratereviews.com\/wp-content\/uploads\/2020\/07\/optimahcs.com_.png","datePublished":"2020-07-03T13:48:14+00:00","dateModified":"2021-02-02T17:08:28+00:00","description":"Optima Therapy: recensione \u00e8 una soluzione di gestione della fisioterapia per le aziende nel settore sanitario a domicilio.","breadcrumb":{"@id":"https:\/\/www.accuratereviews.com\/it\/gestionali-per-fisioterapia-lista\/optima-therapy-recensione\/#breadcrumb"},"inLanguage":"it-IT","potentialAction":[{"@type":"ReadAction","target":["https:\/\/www.accuratereviews.com\/it\/gestionali-per-fisioterapia-lista\/optima-therapy-recensione\/"]}]},{"@type":"ImageObject","inLanguage":"it-IT","@id":"https:\/\/www.accuratereviews.com\/it\/gestionali-per-fisioterapia-lista\/optima-therapy-recensione\/#primaryimage","url":"https:\/\/www.accuratereviews.com\/wp-content\/uploads\/2020\/07\/optimahcs.com_.png","contentUrl":"https:\/\/www.accuratereviews.com\/wp-content\/uploads\/2020\/07\/optimahcs.com_.png","width":200,"height":200},{"@type":"BreadcrumbList","@id":"https:\/\/www.accuratereviews.com\/it\/gestionali-per-fisioterapia-lista\/optima-therapy-recensione\/#breadcrumb","itemListElement":[{"@type":"ListItem","position":1,"name":"Home","item":"https:\/\/www.accuratereviews.com\/it\/"},{"@type":"ListItem","position":2,"name":"Gestionali per fisioterapia","item":"https:\/\/www.accuratereviews.com\/it\/gestionali-per-fisioterapia-lista\/"},{"@type":"ListItem","position":3,"name":"Optima Therapy"}]},{"@type":"WebSite","@id":"https:\/\/www.accuratereviews.com\/it\/#website","url":"https:\/\/www.accuratereviews.com\/it\/","name":"Accurate Reviews","description":"","potentialAction":[{"@type":"SearchAction","target":{"@type":"EntryPoint","urlTemplate":"https:\/\/www.accuratereviews.com\/it\/?s={search_term_string}"},"query-input":{"@type":"PropertyValueSpecification","valueRequired":true,"valueName":"search_term_string"}}],"inLanguage":"it-IT"}]}},"_links":{"self":[{"href":"https:\/\/www.accuratereviews.com\/it\/wp-json\/wp\/v2\/pages\/28254","targetHints":{"allow":["GET"]}}],"collection":[{"href":"https:\/\/www.accuratereviews.com\/it\/wp-json\/wp\/v2\/pages"}],"about":[{"href":"https:\/\/www.accuratereviews.com\/it\/wp-json\/wp\/v2\/types\/page"}],"author":[{"embeddable":true,"href":"https:\/\/www.accuratereviews.com\/it\/wp-json\/wp\/v2\/users\/19"}],"replies":[{"embeddable":true,"href":"https:\/\/www.accuratereviews.com\/it\/wp-json\/wp\/v2\/comments?post=28254"}],"version-history":[{"count":5,"href":"https:\/\/www.accuratereviews.com\/it\/wp-json\/wp\/v2\/pages\/28254\/revisions"}],"predecessor-version":[{"id":36585,"href":"https:\/\/www.accuratereviews.com\/it\/wp-json\/wp\/v2\/pages\/28254\/revisions\/36585"}],"up":[{"embeddable":true,"href":"https:\/\/www.accuratereviews.com\/it\/wp-json\/wp\/v2\/pages\/27304"}],"wp:featuredmedia":[{"embeddable":true,"href":"https:\/\/www.accuratereviews.com\/it\/wp-json\/wp\/v2\/media\/28255"}],"wp:attachment":[{"href":"https:\/\/www.accuratereviews.com\/it\/wp-json\/wp\/v2\/media?parent=28254"}],"wp:term":[{"taxonomy":"category","embeddable":true,"href":"https:\/\/www.accuratereviews.com\/it\/wp-json\/wp\/v2\/categories?post=28254"},{"taxonomy":"post_tag","embeddable":true,"href":"https:\/\/www.accuratereviews.com\/it\/wp-json\/wp\/v2\/tags?post=28254"},{"taxonomy":"features","embeddable":true,"href":"https:\/\/www.accuratereviews.com\/it\/wp-json\/wp\/v2\/features?post=28254"}],"curies":[{"name":"wp","href":"https:\/\/api.w.org\/{rel}","templated":true}]}}