{"id":28267,"date":"2020-07-07T07:00:16","date_gmt":"2020-07-07T07:00:16","guid":{"rendered":"https:\/\/www.accuratereviews.com\/?page_id=28267"},"modified":"2020-08-18T11:58:22","modified_gmt":"2020-08-18T11:58:22","slug":"moodle-recensione","status":"publish","type":"page","link":"https:\/\/www.accuratereviews.com\/it\/software-formazione-online\/moodle-recensione\/","title":{"rendered":"Moodle"},"content":{"rendered":"<p><strong>Moodle<\/strong> \u00e8 una <strong>soluzione di gestione dell&#8217;apprendimento<\/strong> basata su <strong>cloud<\/strong> che fornisce alle aziende e alle istituzioni educative strumenti per progettare corsi di formazione personalizzabili. Viene fornito con una dashboard centralizzata, che consente di monitorare il completamento del corso e monitorare i progressi degli studenti utilizzando l&#8217;analisi predittiva.\u00a0Le caratteristiche principali di <strong>Moodle<\/strong> includono il backup dei dati, la gestione dei contatti, il monitoraggio delle attivit\u00e0 e il calendario integrato. Gli studenti possono utilizzare la funzionalit\u00e0 di messaggistica per porre domande relative ai corsi in corso, semplificando le comunicazioni all&#8217;interno dell&#8217;organizzazione. Inoltre, offre applicazioni mobili per dispositivi Android e iOS, consentendo agli studenti di ricevere notifiche sui prossimi eventi e accedere a corsi offline.<\/p>\n<h2>MOODLE &#8211; TUTORIAL<\/h2>\n<p>Vediamo come \u00e8 semplice personalizzare quest0 <strong>software di formazione online<\/strong>:<\/p>\n<div id=\"fluid-wrapper-counter-1\" class=\"g1-fluid-wrapper \" style=\"width:686px;\">\n<div style=\"padding-bottom:56.268221574344%;\"><iframe loading=\"lazy\" title=\"Impostazioni fondamentali di Moodle e creazione di corsi\" width=\"686\" height=\"386\" src=\"https:\/\/www.youtube.com\/embed\/MxgZ1bF_CAg?feature=oembed&amp;wmode=transparent&amp;autohide=1&amp;autoplay=0&amp;disablekb=0&amp;fs=1&amp;loop=0&amp;enablejsapi=1&amp;rel=0&amp;controls=2&amp;showinfo=0&amp;wmode=transparent&amp;autohide=2&amp;autoplay=0&amp;disablekb=0&amp;fs=1&amp;loop=0&amp;enablejsapi=1&amp;rel=0&amp;controls=2&amp;showinfo=1\" frameborder=\"0\" allow=\"accelerometer; autoplay; encrypted-media; gyroscope; picture-in-picture\" allowfullscreen><\/iframe><\/div>\n<\/div>\n<h3>MOODLE &#8211; CARATTERISTICHE<\/h3>\n<ul>\n<li class=\"text-extra-dark-gray margin-5px-bottom alt-font font-weight-600\" data-fontsize=\"22px\"><strong>Rimaniamo in contatto<\/strong>: comunicare tramite messaggi, forum, notifiche mobili<\/li>\n<li class=\"text-extra-dark-gray margin-5px-bottom alt-font font-weight-600\" data-fontsize=\"22px\"><strong>Adatta le valutazioni al tuo insegnamento<\/strong>: \u00a0valutare in modo formativo o sommario conscale e rubriche di classificazione personalizzate. Utilizzare i flussi di lavoro di marcatura per controllare il rilascio del grado<\/li>\n<li class=\"text-extra-dark-gray margin-5px-bottom alt-font font-weight-600\" data-fontsize=\"22px\"><strong>Lavora in modo pi\u00f9 intelligente<\/strong>: coinvolgi gli studenti con gli strumenti collaborativi della soluzione e ottieni feedback per migliorare il tuo insegnamento<\/li>\n<li class=\"text-extra-dark-gray margin-5px-bottom alt-font font-weight-600\" data-fontsize=\"22px\"><strong>Monitorare i progressi<\/strong>: u<span style=\"font-size: 16px;\">sa la potente analisi dell&#8217;apprendimento di Moodle per assicurarti che gli studenti siano tenuti in attivit\u00e0 e che quelli a rischio ottengano il supporto di cui hanno bisogno<\/span><\/li>\n<li class=\"text-extra-dark-gray margin-5px-bottom alt-font font-weight-600\" data-fontsize=\"22px\"><strong>Ricompensa successo<\/strong>: motiva le tue lezioni con premi digitali per la partecipazione e il completamento delle attivit\u00e0<\/li>\n<li class=\"text-extra-dark-gray margin-5px-bottom alt-font font-weight-600\" data-fontsize=\"22px\"><strong>Esami online<\/strong>: imposta gli esami online utilizzando strumenti di valutazione, ad esempio Quiz (con opzioni di configurazione come scelta multipla, vero \/ falso) pronti per essere compilati<\/li>\n<li class=\"text-extra-dark-gray margin-5px-bottom alt-font font-weight-600\" data-fontsize=\"22px\"><strong>Single sign-on con sistemi esistenti<\/strong>: educatori, studenti e tutti gli utenti possono accedere a tutti i loro portali e sistemi online con il software utilizzando un solo accesso<\/li>\n<li class=\"text-extra-dark-gray margin-5px-bottom alt-font font-weight-600\" data-fontsize=\"22px\"><strong>Apprendimento attivo<\/strong>: lavora e impara insieme in forum e wiki, incoraggia l&#8217;autoriflessione e la valutazione tra pari con strumenti dedicati e ottieni feedback attraverso sondaggi<\/li>\n<li class=\"text-extra-dark-gray margin-5px-bottom alt-font font-weight-600\" data-fontsize=\"22px\"><strong>Classificazione online<\/strong>: utilizza scale di classificazione e rubriche personalizzate, assegna marcatori diversi alle assegnazioni, gestisci la moderazione delle valutazioni e controlla quando vengono rilasciati i voti<\/li>\n<li class=\"text-extra-dark-gray margin-5px-bottom alt-font font-weight-600\" data-fontsize=\"22px\"><strong>Flessibilit\u00e0 e integrazioni<\/strong>: come piattaforma open source, si integra e integra facilmente con le soluzioni software esistenti sul posto di lavoro, come Xero, Salesforce e altro<\/li>\n<li class=\"text-extra-dark-gray margin-5px-bottom alt-font font-weight-600\" data-fontsize=\"22px\"><strong>Esperienza collaborativa e coinvolgente<\/strong>: viene costantemente aggiornato con nuove funzionalit\u00e0 consentono un approccio di apprendimento pi\u00f9 collaborativo<\/li>\n<li class=\"text-extra-dark-gray margin-5px-bottom alt-font font-weight-600\" data-fontsize=\"22px\"><strong>Decisioni basate sui dati<\/strong>: ti consente di monitorare la conformit\u00e0, i completamenti dei corsi e le competenze che sono utili quando si considerano i dipendenti per le promozioni o la pianificazione della successione in generale<\/li>\n<\/ul>\n<h4>LE RECENSIONI DEGLI UTENTI<\/h4>\n<h4 class=\"font-weight-bold my-1 d-flex align-items-center\">Youssef K.&#8221;La migliore gestione dell&#8217;apprendimento&#8221;<\/h4>\n<p><strong>Commenti: <\/strong>Uso moodle dai miei anni universitari. Il mio progetto di laurea, 14 anni fa, era di implementare e personalizzare moodle. Da allora l&#8217;ho implementato per 3 universit\u00e0 e lo gestisco ancora<\/p>\n<p><strong>Vantaggi: <\/strong>\u00c8 gratuito e open source e ha un&#8217;ottima community per supportarti<\/p>\n<p><strong>Inconvenienti: <\/strong>Dovrai affrontare molti problemi se stai cercando di installare Moodle su un server Windows<\/p>\n<h4 class=\"font-weight-bold my-1 d-flex align-items-center\">Harold C.&#8221;LMS open source ma non intuitivo&#8221;<\/h4>\n<p><strong>Commenti: <\/strong>Moodle rende la possibilit\u00e0 di fare un corso veloce e carica il documento per il trascinamento della selezione.<\/p>\n<p><strong>Vantaggi: <\/strong>Questo software \u00e8 il leader nel mondo LMS, ha molti plugin per l&#8217;invio pi\u00f9 potente all&#8217;utente e sviluppato<\/p>\n<p><strong>Inconvenienti: <\/strong>l&#8217;interfaccia software non \u00e8 intuitiva per l&#8217;utente principiante e per lo studente \u00e8 complicata, il complemento ajax non funziona<\/p>\n<h4 class=\"font-weight-bold my-1 d-flex align-items-center\">Eduardo L.&#8221;Eduardo Lina: la mia recensione di Moodle&#8221;<\/h4>\n<p><strong>Commenti: <\/strong>Eccellente. Ho usato Moodle per insegnare agli studenti delle scuole superiori sin da quando sono stato esposto ad esso nel 2013. Ho sostenuto il mio insegnamento dell&#8217;inglese e dello spagnolo come lingue straniere a scuola. Inoltre, ho usato Moodle per sviluppare e facilitare diversi seminari: &#8220;Come usare Moodle &#8230; Workshop&#8221; in inglese e spagnolo rivolti a colleghi in Israele, seminari su PBL in inglese, spagnolo ed ebraico e altro ancora.<\/p>\n<p><strong>Vantaggi: <\/strong>Trovo che questo sistema di gestione dell&#8217;apprendimento sia adatto all&#8217;apprendimento misto (ovvero, utilizzandolo per supportare il mio insegnamento Face to Face). \u00c8 anche molto utile per insegnare ai miei alunni delle scuole superiori online. Trovo facile creare, caricare e organizzare i contenuti di apprendimento nel modo pi\u00f9 adatto alle mie esigenze di insegnante.<\/p>\n<p><strong>Inconvenienti: <\/strong>Per quanto riguarda Israele, il paese in cui vivo e insegno, trovo un problema nel fatto che Moodle (la compagnia) NON \u00e8 riuscito (o forse NON ha provato abbastanza) a convincere gli insegnanti che \u00e8 la migliore alternativa disponibile come un LMS. Mentre Moodle \u00e8 stato adottato dal Ministero della Pubblica Istruzione israeliano come LMS, questo non \u00e8 stato ancora adottato da molti insegnanti del settore. Questo, ovviamente, non \u00e8 un problema con il software stesso, ma un problema di immagine e sforzo investito. Moodle ha recentemente nominato un partner Moodle in Israele. Immagino che questo sia un compito che questo partner potrebbe assumere. Come appassionato di Moodle, auguro a questo partner il successo.<\/p>\n","protected":false},"excerpt":{"rendered":"<p>Moodle \u00e8 una soluzione di gestione dell&#8217;apprendimento basata su cloud che fornisce alle aziende e alle istituzioni educative strumenti per progettare corsi di formazione personalizzabili. Viene fornito con una dashboard centralizzata, che consente di monitorare il completamento del corso e monitorare i progressi degli studenti utilizzando l&#8217;analisi predittiva.<\/p>\n","protected":false},"author":19,"featured_media":28273,"parent":28265,"menu_order":0,"comment_status":"open","ping_status":"closed","template":"g1_template_page_review_new.php","meta":{"_acf_changed":false,"cwp_meta_box_check":"Yes","cwp_rev_product_name":"","cwp_rev_product_image":"","wppr_links":[],"cwp_rev_price":"","wppr_options":[],"wppr_pros":[],"wppr_cons":[],"_monsterinsights_skip_tracking":false,"_monsterinsights_sitenote_active":false,"_monsterinsights_sitenote_note":"","_monsterinsights_sitenote_category":0,"footnotes":""},"categories":[3163],"tags":[396,464,2276,246,3167,3166,3164,3165],"features":[],"class_list":{"0":"post-28267","1":"page","2":"type-page","3":"status-publish","4":"has-post-thumbnail","6":"category-software-formazione-online","7":"tag-cloud","8":"tag-gratuito","9":"tag-moodle","10":"tag-open-source","11":"tag-piattaforma-formazione-online","12":"tag-programma-formazione-online","13":"tag-software-formazione-online","14":"tag-soluzione-formazione-online"},"wppr_data":{"cwp_meta_box_check":"Yes","cwp_rev_product_name":"","cwp_rev_product_image":"","cwp_image_link":"image","cwp_rev_price":"","wppr_rating":"0.00"},"acf":[],"yoast_head":"<!-- This site is optimized with the Yoast SEO plugin v27.4 - https:\/\/yoast.com\/product\/yoast-seo-wordpress\/ -->\n<title>Moodle: recensione software formazione online - Accurate Reviews<\/title>\n<meta name=\"description\" content=\"Moodle: recensione soluzione di formazione basata su cloud che fornisce alle aziende e alle istituzioni educative strumenti per creare corsi di formazione.\" \/>\n<meta name=\"robots\" content=\"index, follow, max-snippet:-1, max-image-preview:large, max-video-preview:-1\" \/>\n<link rel=\"canonical\" href=\"https:\/\/www.accuratereviews.com\/it\/software-formazione-online\/moodle-recensione\/\" \/>\n<meta property=\"og:locale\" content=\"it_IT\" \/>\n<meta property=\"og:type\" content=\"article\" \/>\n<meta property=\"og:title\" content=\"Moodle: recensione software formazione online - Accurate Reviews\" \/>\n<meta property=\"og:description\" content=\"Moodle: recensione soluzione di formazione basata su cloud che fornisce alle aziende e alle istituzioni educative strumenti per creare corsi di formazione.\" \/>\n<meta property=\"og:url\" content=\"https:\/\/www.accuratereviews.com\/it\/software-formazione-online\/moodle-recensione\/\" \/>\n<meta property=\"og:site_name\" content=\"Accurate Reviews\" \/>\n<meta property=\"article:modified_time\" content=\"2020-08-18T11:58:22+00:00\" \/>\n<meta property=\"og:image\" content=\"https:\/\/www.accuratereviews.com\/wp-content\/uploads\/2020\/07\/MOODLE.gif\" \/>\n\t<meta property=\"og:image:width\" content=\"960\" \/>\n\t<meta property=\"og:image:height\" content=\"280\" \/>\n\t<meta property=\"og:image:type\" content=\"image\/gif\" \/>\n<meta name=\"twitter:card\" content=\"summary_large_image\" \/>\n<meta name=\"twitter:label1\" content=\"Tempo di lettura stimato\" \/>\n\t<meta name=\"twitter:data1\" content=\"4 minuti\" \/>\n<script type=\"application\/ld+json\" class=\"yoast-schema-graph\">{\"@context\":\"https:\\\/\\\/schema.org\",\"@graph\":[{\"@type\":\"WebPage\",\"@id\":\"https:\\\/\\\/www.accuratereviews.com\\\/it\\\/software-formazione-online\\\/moodle-recensione\\\/\",\"url\":\"https:\\\/\\\/www.accuratereviews.com\\\/it\\\/software-formazione-online\\\/moodle-recensione\\\/\",\"name\":\"Moodle: recensione software formazione online - Accurate Reviews\",\"isPartOf\":{\"@id\":\"https:\\\/\\\/www.accuratereviews.com\\\/it\\\/#website\"},\"primaryImageOfPage\":{\"@id\":\"https:\\\/\\\/www.accuratereviews.com\\\/it\\\/software-formazione-online\\\/moodle-recensione\\\/#primaryimage\"},\"image\":{\"@id\":\"https:\\\/\\\/www.accuratereviews.com\\\/it\\\/software-formazione-online\\\/moodle-recensione\\\/#primaryimage\"},\"thumbnailUrl\":\"https:\\\/\\\/www.accuratereviews.com\\\/wp-content\\\/uploads\\\/2020\\\/07\\\/MOODLE.gif\",\"datePublished\":\"2020-07-07T07:00:16+00:00\",\"dateModified\":\"2020-08-18T11:58:22+00:00\",\"description\":\"Moodle: recensione soluzione di formazione basata su cloud che fornisce alle aziende e alle istituzioni educative strumenti per creare corsi di formazione.\",\"breadcrumb\":{\"@id\":\"https:\\\/\\\/www.accuratereviews.com\\\/it\\\/software-formazione-online\\\/moodle-recensione\\\/#breadcrumb\"},\"inLanguage\":\"it-IT\",\"potentialAction\":[{\"@type\":\"ReadAction\",\"target\":[\"https:\\\/\\\/www.accuratereviews.com\\\/it\\\/software-formazione-online\\\/moodle-recensione\\\/\"]}]},{\"@type\":\"ImageObject\",\"inLanguage\":\"it-IT\",\"@id\":\"https:\\\/\\\/www.accuratereviews.com\\\/it\\\/software-formazione-online\\\/moodle-recensione\\\/#primaryimage\",\"url\":\"https:\\\/\\\/www.accuratereviews.com\\\/wp-content\\\/uploads\\\/2020\\\/07\\\/MOODLE.gif\",\"contentUrl\":\"https:\\\/\\\/www.accuratereviews.com\\\/wp-content\\\/uploads\\\/2020\\\/07\\\/MOODLE.gif\",\"width\":960,\"height\":280},{\"@type\":\"BreadcrumbList\",\"@id\":\"https:\\\/\\\/www.accuratereviews.com\\\/it\\\/software-formazione-online\\\/moodle-recensione\\\/#breadcrumb\",\"itemListElement\":[{\"@type\":\"ListItem\",\"position\":1,\"name\":\"Home\",\"item\":\"https:\\\/\\\/www.accuratereviews.com\\\/it\\\/\"},{\"@type\":\"ListItem\",\"position\":2,\"name\":\"Software formazione online\",\"item\":\"https:\\\/\\\/www.accuratereviews.com\\\/it\\\/software-formazione-online\\\/\"},{\"@type\":\"ListItem\",\"position\":3,\"name\":\"Moodle\"}]},{\"@type\":\"WebSite\",\"@id\":\"https:\\\/\\\/www.accuratereviews.com\\\/it\\\/#website\",\"url\":\"https:\\\/\\\/www.accuratereviews.com\\\/it\\\/\",\"name\":\"Accurate Reviews\",\"description\":\"\",\"potentialAction\":[{\"@type\":\"SearchAction\",\"target\":{\"@type\":\"EntryPoint\",\"urlTemplate\":\"https:\\\/\\\/www.accuratereviews.com\\\/it\\\/?s={search_term_string}\"},\"query-input\":{\"@type\":\"PropertyValueSpecification\",\"valueRequired\":true,\"valueName\":\"search_term_string\"}}],\"inLanguage\":\"it-IT\"}]}<\/script>\n<!-- \/ Yoast SEO plugin. -->","yoast_head_json":{"title":"Moodle: recensione software formazione online - Accurate Reviews","description":"Moodle: recensione soluzione di formazione basata su cloud che fornisce alle aziende e alle istituzioni educative strumenti per creare corsi di formazione.","robots":{"index":"index","follow":"follow","max-snippet":"max-snippet:-1","max-image-preview":"max-image-preview:large","max-video-preview":"max-video-preview:-1"},"canonical":"https:\/\/www.accuratereviews.com\/it\/software-formazione-online\/moodle-recensione\/","og_locale":"it_IT","og_type":"article","og_title":"Moodle: recensione software formazione online - Accurate Reviews","og_description":"Moodle: recensione soluzione di formazione basata su cloud che fornisce alle aziende e alle istituzioni educative strumenti per creare corsi di formazione.","og_url":"https:\/\/www.accuratereviews.com\/it\/software-formazione-online\/moodle-recensione\/","og_site_name":"Accurate Reviews","article_modified_time":"2020-08-18T11:58:22+00:00","og_image":[{"width":960,"height":280,"url":"https:\/\/www.accuratereviews.com\/wp-content\/uploads\/2020\/07\/MOODLE.gif","type":"image\/gif"}],"twitter_card":"summary_large_image","twitter_misc":{"Tempo di lettura stimato":"4 minuti"},"schema":{"@context":"https:\/\/schema.org","@graph":[{"@type":"WebPage","@id":"https:\/\/www.accuratereviews.com\/it\/software-formazione-online\/moodle-recensione\/","url":"https:\/\/www.accuratereviews.com\/it\/software-formazione-online\/moodle-recensione\/","name":"Moodle: recensione software formazione online - Accurate Reviews","isPartOf":{"@id":"https:\/\/www.accuratereviews.com\/it\/#website"},"primaryImageOfPage":{"@id":"https:\/\/www.accuratereviews.com\/it\/software-formazione-online\/moodle-recensione\/#primaryimage"},"image":{"@id":"https:\/\/www.accuratereviews.com\/it\/software-formazione-online\/moodle-recensione\/#primaryimage"},"thumbnailUrl":"https:\/\/www.accuratereviews.com\/wp-content\/uploads\/2020\/07\/MOODLE.gif","datePublished":"2020-07-07T07:00:16+00:00","dateModified":"2020-08-18T11:58:22+00:00","description":"Moodle: recensione soluzione di formazione basata su cloud che fornisce alle aziende e alle istituzioni educative strumenti per creare corsi di formazione.","breadcrumb":{"@id":"https:\/\/www.accuratereviews.com\/it\/software-formazione-online\/moodle-recensione\/#breadcrumb"},"inLanguage":"it-IT","potentialAction":[{"@type":"ReadAction","target":["https:\/\/www.accuratereviews.com\/it\/software-formazione-online\/moodle-recensione\/"]}]},{"@type":"ImageObject","inLanguage":"it-IT","@id":"https:\/\/www.accuratereviews.com\/it\/software-formazione-online\/moodle-recensione\/#primaryimage","url":"https:\/\/www.accuratereviews.com\/wp-content\/uploads\/2020\/07\/MOODLE.gif","contentUrl":"https:\/\/www.accuratereviews.com\/wp-content\/uploads\/2020\/07\/MOODLE.gif","width":960,"height":280},{"@type":"BreadcrumbList","@id":"https:\/\/www.accuratereviews.com\/it\/software-formazione-online\/moodle-recensione\/#breadcrumb","itemListElement":[{"@type":"ListItem","position":1,"name":"Home","item":"https:\/\/www.accuratereviews.com\/it\/"},{"@type":"ListItem","position":2,"name":"Software formazione online","item":"https:\/\/www.accuratereviews.com\/it\/software-formazione-online\/"},{"@type":"ListItem","position":3,"name":"Moodle"}]},{"@type":"WebSite","@id":"https:\/\/www.accuratereviews.com\/it\/#website","url":"https:\/\/www.accuratereviews.com\/it\/","name":"Accurate Reviews","description":"","potentialAction":[{"@type":"SearchAction","target":{"@type":"EntryPoint","urlTemplate":"https:\/\/www.accuratereviews.com\/it\/?s={search_term_string}"},"query-input":{"@type":"PropertyValueSpecification","valueRequired":true,"valueName":"search_term_string"}}],"inLanguage":"it-IT"}]}},"_links":{"self":[{"href":"https:\/\/www.accuratereviews.com\/it\/wp-json\/wp\/v2\/pages\/28267","targetHints":{"allow":["GET"]}}],"collection":[{"href":"https:\/\/www.accuratereviews.com\/it\/wp-json\/wp\/v2\/pages"}],"about":[{"href":"https:\/\/www.accuratereviews.com\/it\/wp-json\/wp\/v2\/types\/page"}],"author":[{"embeddable":true,"href":"https:\/\/www.accuratereviews.com\/it\/wp-json\/wp\/v2\/users\/19"}],"replies":[{"embeddable":true,"href":"https:\/\/www.accuratereviews.com\/it\/wp-json\/wp\/v2\/comments?post=28267"}],"version-history":[{"count":9,"href":"https:\/\/www.accuratereviews.com\/it\/wp-json\/wp\/v2\/pages\/28267\/revisions"}],"predecessor-version":[{"id":29746,"href":"https:\/\/www.accuratereviews.com\/it\/wp-json\/wp\/v2\/pages\/28267\/revisions\/29746"}],"up":[{"embeddable":true,"href":"https:\/\/www.accuratereviews.com\/it\/wp-json\/wp\/v2\/pages\/28265"}],"wp:featuredmedia":[{"embeddable":true,"href":"https:\/\/www.accuratereviews.com\/it\/wp-json\/wp\/v2\/media\/28273"}],"wp:attachment":[{"href":"https:\/\/www.accuratereviews.com\/it\/wp-json\/wp\/v2\/media?parent=28267"}],"wp:term":[{"taxonomy":"category","embeddable":true,"href":"https:\/\/www.accuratereviews.com\/it\/wp-json\/wp\/v2\/categories?post=28267"},{"taxonomy":"post_tag","embeddable":true,"href":"https:\/\/www.accuratereviews.com\/it\/wp-json\/wp\/v2\/tags?post=28267"},{"taxonomy":"features","embeddable":true,"href":"https:\/\/www.accuratereviews.com\/it\/wp-json\/wp\/v2\/features?post=28267"}],"curies":[{"name":"wp","href":"https:\/\/api.w.org\/{rel}","templated":true}]}}