{"id":28282,"date":"2020-07-06T09:11:45","date_gmt":"2020-07-06T09:11:45","guid":{"rendered":"https:\/\/www.accuratereviews.com\/?page_id=28282"},"modified":"2020-07-06T09:11:45","modified_gmt":"2020-07-06T09:11:45","slug":"gotowebinar-recensione","status":"publish","type":"page","link":"https:\/\/www.accuratereviews.com\/it\/software-formazione-online\/gotowebinar-recensione\/","title":{"rendered":"GoToWebinar"},"content":{"rendered":"<p><strong>GoToWebinar<\/strong> \u00e8 una piattaforma per aziende e imprese individuali, che li aiuta a creare e realizzare videoconferenze online e video con i loro clienti, colleghi, azionisti e cos\u00ec via. Le applicazioni della soluzione sono vaste e ampie. Questo software \u00e8 un&#8217;opzione eccellente per i professionisti e le aziende che desiderano estendere ulteriormente la loro portata al pubblico di destinazione, fornire <strong>formazione attraverso conferenze audio e online<\/strong> e condurre impegni di conversazione con i partecipanti senza dover interagire fisicamente con loro.\u00a0L&#8217;installazione \u00e8 semplicissima e non richiede supporto IT. La sua semplicit\u00e0 ha aiutato \u200b\u200ba generare lead di marketing di alto valore e pi\u00f9 qualificati a costi inferiori. Ed \u00e8 compatibile con PC o Mac, per consentire ai partecipanti di accedere facilmente a un webinar senza preoccuparsi dei requisiti di sistema.<\/p>\n<h2>GOTOWEBINAR &#8211; TUTORIAL<\/h2>\n<p>Seguiamo le istruzioni dettagliate per accedere a una riunione su questo <strong>software formazione online<\/strong> come partecipante:<\/p>\n<div id=\"fluid-wrapper-counter-1\" class=\"g1-fluid-wrapper \" style=\"width:686px;\">\n<div style=\"padding-bottom:56.268221574344%;\"><iframe loading=\"lazy\" title=\"Tutorial per accedere a Go To Webinar\" width=\"686\" height=\"386\" src=\"https:\/\/www.youtube.com\/embed\/hdcJLz-zKjk?feature=oembed&amp;wmode=transparent&amp;autohide=1&amp;autoplay=0&amp;disablekb=0&amp;fs=1&amp;loop=0&amp;enablejsapi=1&amp;rel=0&amp;controls=2&amp;showinfo=0&amp;wmode=transparent&amp;autohide=2&amp;autoplay=0&amp;disablekb=0&amp;fs=1&amp;loop=0&amp;enablejsapi=1&amp;rel=0&amp;controls=2&amp;showinfo=1\" frameborder=\"0\" allow=\"accelerometer; autoplay; encrypted-media; gyroscope; picture-in-picture\" allowfullscreen><\/iframe><\/div>\n<\/div>\n<h3>GOTOWEBINAR &#8211; CARATTERISTICHE<\/h3>\n<div class=\"icon-cards__card-header\">\n<ul>\n<li><strong>Configurazione facile<\/strong>: p<span style=\"font-size: 16px;\">rogramma le sessioni diventa facile e veloce, grazie a iscrizioni dalla configurazione semplice e a una pianificazione personalizzabile<\/span><\/li>\n<li class=\"icon-cards__card-title\"><strong>Materiali dei corsi:<\/strong> c<span style=\"font-size: 16px;\">ondividi documenti, appunti e altro ancora per migliorare la formazione offerta e la ritenzione delle conoscenze apprese<\/span><\/li>\n<li class=\"icon-cards__card-title\"><strong>Collaborazione in piccoli gruppi<\/strong>: usa le sale dedicate alle attivit\u00e0 in piccoli gruppi per favorire la collaborazione e l\u2019apprendimento reciproco tra i partecipanti<\/li>\n<li class=\"icon-cards__card-title\"><strong>Test, sondaggi e certificati:<\/strong> favorisci il coinvolgimento, valuta la ritenzione delle conoscenze e certifica il completamento dei corsi<\/li>\n<li class=\"icon-cards__card-title\"><strong>Registrazione<\/strong>: registra la tue sessioni di formazione e aggiungile ai contenuti della tua libreria per riprodurle su qualsiasi dispositivo<\/li>\n<li class=\"icon-cards__card-title\"><strong>Iscrizioni personalizzabili<\/strong>: all\u2019iscrizione, puoi acquisire informazioni chiave e perfino addebitare il costo dei tuoi corsi attraverso l&#8217; integrazione con PayPal<\/li>\n<\/ul>\n<h4>LE RECENSIONI DEGLI UTENTI<\/h4>\n<h4 class=\"font-weight-bold my-1 d-flex align-items-center\">Eddie R.&#8221;Prodotto eccellente! Facile da usare!&#8221;<\/h4>\n<p><strong>Commenti: <\/strong>GoToWebinar \u00e8 fantastico!<\/p>\n<p><strong>Vantaggi: <\/strong>Molto facile da usare! Pi\u00f9 elegante di Zoom con una migliore funzionalit\u00e0!<\/p>\n<p><strong>Inconvenienti: <\/strong>Devi scaricare l&#8217;estensione plug-in per sincronizzare con il tuo calendario personale.<\/p>\n<h4 class=\"font-weight-bold my-1 d-flex align-items-center\">Ravinder B.&#8221;Uno strumento affidabile per fornire webinar e corsi di formazione dal vivo&#8221;<\/h4>\n<p><strong>Commenti: <\/strong>Lo usiamo per formazione, riunioni di team remoti, teleconferenze e presentazioni consegnabili ai nostri clienti.<\/p>\n<p><strong>Vantaggi: <\/strong>GoToWebinar \u00e8 uno degli strumenti pi\u00f9 utilizzati per i webinar live, per offrire formazione online, dimostrazioni di prodotti, streaming live e riunioni online. \u00c8 facile da usare e ha un&#8217;interfaccia utente semplice e intuitiva. Funziona tramite un&#8217;app o \u00e8 possibile accedervi direttamente tramite un browser web senza scaricare alcuna app. Multistreaming, opzione per abilitare \/ disabilitare il microfono del pubblico, registrazione delle riunioni, presentazione dello schermo, riduzione del rumore e chiarezza della voce sono alcune delle caratteristiche che mi piacciono molto. Queste funzioni svolgono un ruolo vitale quando devi offrire formazione a un vasto pubblico. L&#8217;app GoToWebinar Mobile \u00e8 davvero utile negli scenari in cui viaggi e devi frequentare la formazione. La chiarezza della voce \u00e8 eccellente.<\/p>\n<p><strong>Inconvenienti: <\/strong>GoToWebinar \u00e8 uno strumento affidabile e non ho trovato limiti. Osserveresti un po &#8216;di ritardo in una presentazione video se sei su una connessione Internet lenta.<\/p>\n<h4 class=\"font-weight-bold my-1 d-flex align-items-center\">Charlotte G.&#8221;Soluzione perfetta per la collaborazione dentro e fuori la rete&#8221;<\/h4>\n<p><strong>Commenti: <\/strong>Nel complesso questo strumento ci consente di raggiungere facilmente un pubblico pi\u00f9 vasto e abbiamo avuto molto successo con le persone che accedono da casa o in ufficio per sintonizzarsi. Mi piace la facilit\u00e0 d&#8217;uso e i risultati che abbiamo ottenuto!<\/p>\n<p><strong>Vantaggi: <\/strong>Penso che la capacit\u00e0 di utilizzare GoToWebinar sia all&#8217;interno che all&#8217;esterno della rete sia eccezionale perch\u00e9 ospitiamo sessioni di formazione settimanali in tutta la nazione per le persone a casa o in varie aziende. Non abbiamo riscontrato problemi di connessione e l&#8217;interfaccia \u00e8 intuitiva e intuitiva. Tirare rapporti sui partecipanti o vedere quante persone sono registrate \u00e8 un gioco da ragazzi con la possibilit\u00e0 di estrarre .csv o .xls. Puoi facilmente condividere lo schermo, vedere la vista dei partecipanti, aggiungere sondaggi, funzione di chat per domande, ecc. Mi piace che tutti i webinar vengano registrati e puoi condividerli in seguito. Anche la possibilit\u00e0 di pianificare \/ modificare \/ annullare i webinar ricorrenti \u00e8 buona! Facile da capire senza una guida per l&#8217;utente che \u00e8 un vantaggio!<\/p>\n<p><strong>Inconvenienti: <\/strong>Quando si estraggono report per i partecipanti che non \u00e8 possibile estrarre in base a parametri, si tratta solo di un report impostato. Ad esempio, abbiamo un webinar registrato che inviamo alle persone e che ogni settimana devo visualizzare per i nuovi candidati: vorrei estrarre il rapporto in base a date specifiche, ma posso solo estrarre il rapporto cos\u00ec com&#8217;\u00e8 (un elenco gigante di tutti che abbia mai visto il webinar). Per i miei scopi \u00e8 solo un piccolo inconveniente, ma una maggiore capacit\u00e0 in questo settore potrebbe fornire ulteriori approfondimenti.<\/p>\n<\/div>\n","protected":false},"excerpt":{"rendered":"<p>GoToWebinar \u00e8 una piattaforma per aziende e imprese individuali, che li aiuta a creare e realizzare videoconferenze online e video con i loro clienti, colleghi, azionisti e cos\u00ec via. Le applicazioni della soluzione sono vaste e ampie.<\/p>\n","protected":false},"author":19,"featured_media":28283,"parent":28265,"menu_order":0,"comment_status":"open","ping_status":"closed","template":"g1_template_page_review_new.php","meta":{"_acf_changed":false,"cwp_meta_box_check":"Yes","cwp_rev_product_name":"","cwp_rev_product_image":"","wppr_links":[],"cwp_rev_price":"","wppr_options":[],"wppr_pros":[],"wppr_cons":[],"_monsterinsights_skip_tracking":false,"_monsterinsights_sitenote_active":false,"_monsterinsights_sitenote_note":"","_monsterinsights_sitenote_category":0,"footnotes":""},"categories":[3163],"tags":[396,3168,3167,3166,3164,3165],"features":[],"class_list":{"0":"post-28282","1":"page","2":"type-page","3":"status-publish","4":"has-post-thumbnail","6":"category-software-formazione-online","7":"tag-cloud","8":"tag-gotowebinar","9":"tag-piattaforma-formazione-online","10":"tag-programma-formazione-online","11":"tag-software-formazione-online","12":"tag-soluzione-formazione-online"},"wppr_data":{"cwp_meta_box_check":"Yes","cwp_rev_product_name":"","cwp_rev_product_image":"","cwp_image_link":"image","cwp_rev_price":"","wppr_rating":"0.00"},"acf":[],"yoast_head":"<!-- This site is optimized with the Yoast SEO plugin v27.4 - https:\/\/yoast.com\/product\/yoast-seo-wordpress\/ -->\n<title>GoToWebinar: recensione software formazione online - Accurate Reviews<\/title>\n<meta name=\"description\" content=\"GoToWebinar : recensione soluzione per aziende e imprese che aiuta a creare e realizzare videoconferenze online con i clienti, colleghi, azionisti.\" \/>\n<meta name=\"robots\" content=\"index, follow, max-snippet:-1, max-image-preview:large, max-video-preview:-1\" \/>\n<link rel=\"canonical\" href=\"https:\/\/www.accuratereviews.com\/it\/software-formazione-online\/gotowebinar-recensione\/\" \/>\n<meta property=\"og:locale\" content=\"it_IT\" \/>\n<meta property=\"og:type\" content=\"article\" \/>\n<meta property=\"og:title\" content=\"GoToWebinar: recensione software formazione online - Accurate Reviews\" \/>\n<meta property=\"og:description\" content=\"GoToWebinar : recensione soluzione per aziende e imprese che aiuta a creare e realizzare videoconferenze online con i clienti, colleghi, azionisti.\" \/>\n<meta property=\"og:url\" content=\"https:\/\/www.accuratereviews.com\/it\/software-formazione-online\/gotowebinar-recensione\/\" \/>\n<meta property=\"og:site_name\" content=\"Accurate Reviews\" \/>\n<meta property=\"og:image\" content=\"https:\/\/www.accuratereviews.com\/wp-content\/uploads\/2020\/07\/GOTOWEBINAR.png\" \/>\n\t<meta property=\"og:image:width\" content=\"280\" \/>\n\t<meta property=\"og:image:height\" content=\"280\" \/>\n\t<meta property=\"og:image:type\" content=\"image\/png\" \/>\n<meta name=\"twitter:card\" content=\"summary_large_image\" \/>\n<meta name=\"twitter:label1\" content=\"Tempo di lettura stimato\" \/>\n\t<meta name=\"twitter:data1\" content=\"4 minuti\" \/>\n<script type=\"application\/ld+json\" class=\"yoast-schema-graph\">{\"@context\":\"https:\\\/\\\/schema.org\",\"@graph\":[{\"@type\":\"WebPage\",\"@id\":\"https:\\\/\\\/www.accuratereviews.com\\\/it\\\/software-formazione-online\\\/gotowebinar-recensione\\\/\",\"url\":\"https:\\\/\\\/www.accuratereviews.com\\\/it\\\/software-formazione-online\\\/gotowebinar-recensione\\\/\",\"name\":\"GoToWebinar: recensione software formazione online - Accurate Reviews\",\"isPartOf\":{\"@id\":\"https:\\\/\\\/www.accuratereviews.com\\\/it\\\/#website\"},\"primaryImageOfPage\":{\"@id\":\"https:\\\/\\\/www.accuratereviews.com\\\/it\\\/software-formazione-online\\\/gotowebinar-recensione\\\/#primaryimage\"},\"image\":{\"@id\":\"https:\\\/\\\/www.accuratereviews.com\\\/it\\\/software-formazione-online\\\/gotowebinar-recensione\\\/#primaryimage\"},\"thumbnailUrl\":\"https:\\\/\\\/www.accuratereviews.com\\\/wp-content\\\/uploads\\\/2020\\\/07\\\/GOTOWEBINAR.png\",\"datePublished\":\"2020-07-06T09:11:45+00:00\",\"description\":\"GoToWebinar : recensione soluzione per aziende e imprese che aiuta a creare e realizzare videoconferenze online con i clienti, colleghi, azionisti.\",\"breadcrumb\":{\"@id\":\"https:\\\/\\\/www.accuratereviews.com\\\/it\\\/software-formazione-online\\\/gotowebinar-recensione\\\/#breadcrumb\"},\"inLanguage\":\"it-IT\",\"potentialAction\":[{\"@type\":\"ReadAction\",\"target\":[\"https:\\\/\\\/www.accuratereviews.com\\\/it\\\/software-formazione-online\\\/gotowebinar-recensione\\\/\"]}]},{\"@type\":\"ImageObject\",\"inLanguage\":\"it-IT\",\"@id\":\"https:\\\/\\\/www.accuratereviews.com\\\/it\\\/software-formazione-online\\\/gotowebinar-recensione\\\/#primaryimage\",\"url\":\"https:\\\/\\\/www.accuratereviews.com\\\/wp-content\\\/uploads\\\/2020\\\/07\\\/GOTOWEBINAR.png\",\"contentUrl\":\"https:\\\/\\\/www.accuratereviews.com\\\/wp-content\\\/uploads\\\/2020\\\/07\\\/GOTOWEBINAR.png\",\"width\":280,\"height\":280},{\"@type\":\"BreadcrumbList\",\"@id\":\"https:\\\/\\\/www.accuratereviews.com\\\/it\\\/software-formazione-online\\\/gotowebinar-recensione\\\/#breadcrumb\",\"itemListElement\":[{\"@type\":\"ListItem\",\"position\":1,\"name\":\"Home\",\"item\":\"https:\\\/\\\/www.accuratereviews.com\\\/it\\\/\"},{\"@type\":\"ListItem\",\"position\":2,\"name\":\"Software formazione online\",\"item\":\"https:\\\/\\\/www.accuratereviews.com\\\/it\\\/software-formazione-online\\\/\"},{\"@type\":\"ListItem\",\"position\":3,\"name\":\"GoToWebinar\"}]},{\"@type\":\"WebSite\",\"@id\":\"https:\\\/\\\/www.accuratereviews.com\\\/it\\\/#website\",\"url\":\"https:\\\/\\\/www.accuratereviews.com\\\/it\\\/\",\"name\":\"Accurate Reviews\",\"description\":\"\",\"potentialAction\":[{\"@type\":\"SearchAction\",\"target\":{\"@type\":\"EntryPoint\",\"urlTemplate\":\"https:\\\/\\\/www.accuratereviews.com\\\/it\\\/?s={search_term_string}\"},\"query-input\":{\"@type\":\"PropertyValueSpecification\",\"valueRequired\":true,\"valueName\":\"search_term_string\"}}],\"inLanguage\":\"it-IT\"}]}<\/script>\n<!-- \/ Yoast SEO plugin. -->","yoast_head_json":{"title":"GoToWebinar: recensione software formazione online - Accurate Reviews","description":"GoToWebinar : recensione soluzione per aziende e imprese che aiuta a creare e realizzare videoconferenze online con i clienti, colleghi, azionisti.","robots":{"index":"index","follow":"follow","max-snippet":"max-snippet:-1","max-image-preview":"max-image-preview:large","max-video-preview":"max-video-preview:-1"},"canonical":"https:\/\/www.accuratereviews.com\/it\/software-formazione-online\/gotowebinar-recensione\/","og_locale":"it_IT","og_type":"article","og_title":"GoToWebinar: recensione software formazione online - Accurate Reviews","og_description":"GoToWebinar : recensione soluzione per aziende e imprese che aiuta a creare e realizzare videoconferenze online con i clienti, colleghi, azionisti.","og_url":"https:\/\/www.accuratereviews.com\/it\/software-formazione-online\/gotowebinar-recensione\/","og_site_name":"Accurate Reviews","og_image":[{"width":280,"height":280,"url":"https:\/\/www.accuratereviews.com\/wp-content\/uploads\/2020\/07\/GOTOWEBINAR.png","type":"image\/png"}],"twitter_card":"summary_large_image","twitter_misc":{"Tempo di lettura stimato":"4 minuti"},"schema":{"@context":"https:\/\/schema.org","@graph":[{"@type":"WebPage","@id":"https:\/\/www.accuratereviews.com\/it\/software-formazione-online\/gotowebinar-recensione\/","url":"https:\/\/www.accuratereviews.com\/it\/software-formazione-online\/gotowebinar-recensione\/","name":"GoToWebinar: recensione software formazione online - Accurate Reviews","isPartOf":{"@id":"https:\/\/www.accuratereviews.com\/it\/#website"},"primaryImageOfPage":{"@id":"https:\/\/www.accuratereviews.com\/it\/software-formazione-online\/gotowebinar-recensione\/#primaryimage"},"image":{"@id":"https:\/\/www.accuratereviews.com\/it\/software-formazione-online\/gotowebinar-recensione\/#primaryimage"},"thumbnailUrl":"https:\/\/www.accuratereviews.com\/wp-content\/uploads\/2020\/07\/GOTOWEBINAR.png","datePublished":"2020-07-06T09:11:45+00:00","description":"GoToWebinar : recensione soluzione per aziende e imprese che aiuta a creare e realizzare videoconferenze online con i clienti, colleghi, azionisti.","breadcrumb":{"@id":"https:\/\/www.accuratereviews.com\/it\/software-formazione-online\/gotowebinar-recensione\/#breadcrumb"},"inLanguage":"it-IT","potentialAction":[{"@type":"ReadAction","target":["https:\/\/www.accuratereviews.com\/it\/software-formazione-online\/gotowebinar-recensione\/"]}]},{"@type":"ImageObject","inLanguage":"it-IT","@id":"https:\/\/www.accuratereviews.com\/it\/software-formazione-online\/gotowebinar-recensione\/#primaryimage","url":"https:\/\/www.accuratereviews.com\/wp-content\/uploads\/2020\/07\/GOTOWEBINAR.png","contentUrl":"https:\/\/www.accuratereviews.com\/wp-content\/uploads\/2020\/07\/GOTOWEBINAR.png","width":280,"height":280},{"@type":"BreadcrumbList","@id":"https:\/\/www.accuratereviews.com\/it\/software-formazione-online\/gotowebinar-recensione\/#breadcrumb","itemListElement":[{"@type":"ListItem","position":1,"name":"Home","item":"https:\/\/www.accuratereviews.com\/it\/"},{"@type":"ListItem","position":2,"name":"Software formazione online","item":"https:\/\/www.accuratereviews.com\/it\/software-formazione-online\/"},{"@type":"ListItem","position":3,"name":"GoToWebinar"}]},{"@type":"WebSite","@id":"https:\/\/www.accuratereviews.com\/it\/#website","url":"https:\/\/www.accuratereviews.com\/it\/","name":"Accurate Reviews","description":"","potentialAction":[{"@type":"SearchAction","target":{"@type":"EntryPoint","urlTemplate":"https:\/\/www.accuratereviews.com\/it\/?s={search_term_string}"},"query-input":{"@type":"PropertyValueSpecification","valueRequired":true,"valueName":"search_term_string"}}],"inLanguage":"it-IT"}]}},"_links":{"self":[{"href":"https:\/\/www.accuratereviews.com\/it\/wp-json\/wp\/v2\/pages\/28282","targetHints":{"allow":["GET"]}}],"collection":[{"href":"https:\/\/www.accuratereviews.com\/it\/wp-json\/wp\/v2\/pages"}],"about":[{"href":"https:\/\/www.accuratereviews.com\/it\/wp-json\/wp\/v2\/types\/page"}],"author":[{"embeddable":true,"href":"https:\/\/www.accuratereviews.com\/it\/wp-json\/wp\/v2\/users\/19"}],"replies":[{"embeddable":true,"href":"https:\/\/www.accuratereviews.com\/it\/wp-json\/wp\/v2\/comments?post=28282"}],"version-history":[{"count":6,"href":"https:\/\/www.accuratereviews.com\/it\/wp-json\/wp\/v2\/pages\/28282\/revisions"}],"predecessor-version":[{"id":28324,"href":"https:\/\/www.accuratereviews.com\/it\/wp-json\/wp\/v2\/pages\/28282\/revisions\/28324"}],"up":[{"embeddable":true,"href":"https:\/\/www.accuratereviews.com\/it\/wp-json\/wp\/v2\/pages\/28265"}],"wp:featuredmedia":[{"embeddable":true,"href":"https:\/\/www.accuratereviews.com\/it\/wp-json\/wp\/v2\/media\/28283"}],"wp:attachment":[{"href":"https:\/\/www.accuratereviews.com\/it\/wp-json\/wp\/v2\/media?parent=28282"}],"wp:term":[{"taxonomy":"category","embeddable":true,"href":"https:\/\/www.accuratereviews.com\/it\/wp-json\/wp\/v2\/categories?post=28282"},{"taxonomy":"post_tag","embeddable":true,"href":"https:\/\/www.accuratereviews.com\/it\/wp-json\/wp\/v2\/tags?post=28282"},{"taxonomy":"features","embeddable":true,"href":"https:\/\/www.accuratereviews.com\/it\/wp-json\/wp\/v2\/features?post=28282"}],"curies":[{"name":"wp","href":"https:\/\/api.w.org\/{rel}","templated":true}]}}