{"id":28291,"date":"2020-07-07T07:00:01","date_gmt":"2020-07-07T07:00:01","guid":{"rendered":"https:\/\/www.accuratereviews.com\/?page_id=28291"},"modified":"2020-07-06T09:10:13","modified_gmt":"2020-07-06T09:10:13","slug":"google-classroom-recensione","status":"publish","type":"page","link":"https:\/\/www.accuratereviews.com\/it\/software-formazione-online\/google-classroom-recensione\/","title":{"rendered":"Google Classroom"},"content":{"rendered":"<p><strong>Google Classroom<\/strong> \u00e8 un <strong>sistema di gestione dell&#8217;apprendimento<\/strong> basato su <strong>cloud<\/strong> che fa parte di <strong>Google Apps for Education<\/strong>. \u00c8 adatto solo per istituzioni accademiche. La soluzione\u00a0consente agli studenti di accedere alla piattaforma da computer, tablet e smartphone. Gli utenti possono creare documenti <strong>Google<\/strong> per gestire compiti, trasferire video di <strong>YouTube<\/strong> e allegare file da <strong>Google Drive<\/strong>. Permette agli utenti di fornire feedback tramite commenti sui documenti.\u00a0Gli insegnanti possono creare aule online per condividere i materiali di apprendimento da scaricare e visualizzare. I compiti online possono essere creati per tenere traccia dei progressi degli studenti.\u00a0L&#8217;interconnettivit\u00e0 di prodotti Google come Google Docs, Fogli di lavoro Google e Presentazioni Google consente agli studenti di inviare facilmente i loro compiti. Il software \u00e8 accessibile tramite app mobili disponibili per <strong>iOS<\/strong> e <strong>Android<\/strong>.<\/p>\n<h2>GOOGLE CLASSROOM &#8211; TUTORIAL<\/h2>\n<p>Guardiamo il tutorial per scoprire come creare\u00a0delle video lezioni online in streaming utilizzando questo<strong> software di formazione<\/strong>:<\/p>\n<div id=\"fluid-wrapper-counter-1\" class=\"g1-fluid-wrapper \" style=\"width:686px;\">\n<div style=\"padding-bottom:56.268221574344%;\"><iframe loading=\"lazy\" title=\"Google Classroom Tutorial Italiano - VideoTutorial completo dedicato a docenti e insegnanti (40min)\" width=\"686\" height=\"386\" src=\"https:\/\/www.youtube.com\/embed\/3j1XiBE3b2c?feature=oembed&amp;wmode=transparent&amp;autohide=1&amp;autoplay=0&amp;disablekb=0&amp;fs=1&amp;loop=0&amp;enablejsapi=1&amp;rel=0&amp;controls=2&amp;showinfo=0&amp;wmode=transparent&amp;autohide=2&amp;autoplay=0&amp;disablekb=0&amp;fs=1&amp;loop=0&amp;enablejsapi=1&amp;rel=0&amp;controls=2&amp;showinfo=1\" frameborder=\"0\" allow=\"accelerometer; autoplay; encrypted-media; gyroscope; picture-in-picture\" allowfullscreen><\/iframe><\/div>\n<\/div>\n<h3>GOOGLE CLASSROOM &#8211; CARATTERISTICHE<\/h3>\n<ul>\n<li><strong>Aggiungi facilmente gli studenti<\/strong>: gli studenti possono iscriversi a un corso utilizzando un codice, lasciandoti pi\u00f9 tempo per insegnare<\/li>\n<li><strong>Gestisci pi\u00f9 corsi:<\/strong> riutilizza annunci, compiti o domande gi\u00e0 esistenti in un altro corso. Condividi i post tra pi\u00f9 corsi e archivia i corsi per riutilizzarli in seguito<\/li>\n<li><strong>Collabora con i colleghi<\/strong>: puoi tenere un corso insieme a un massimo di altri 20 insegnanti.<\/li>\n<li><strong>Arricchisci i compiti<\/strong>: aggiungi materiali ai tuoi compiti, ad esempio video di YouTube, sondaggi di Moduli Google, PDF e altri elementi da Google Drive. Gli insegnanti e gli studenti possono evidenziare, scrivere appunti e disegnare su documenti e PDF nell&#8217;app Classroom per dispositivi mobili<\/li>\n<li><strong>Crea fogli di lavoro con un clic<\/strong>: allega un foglio di lavoro al compito e crea una copia per ogni studente con un solo clic<\/li>\n<li><strong>Personalizza i compiti<\/strong>: aggiungi categorie di valutazione, date di consegna, valori in punti e argomenti ai compiti che crei<\/li>\n<li><strong>Compiti individuali:<\/strong> l&#8217;insegnante pu\u00f2 pubblicare lavori e annunci per i singoli studenti di un corso<\/li>\n<li><strong>Preparati in anticipo:<\/strong> crea bozze di annunci, compiti e domande oppure programma la loro pubblicazione in un momento specifico<\/li>\n<li><strong>Effettua verifiche e sondaggi rapidi:<\/strong> pubblica una domanda per gli studenti, quindi visualizza i risultati in Classroom<\/li>\n<li><strong>Personalizza la grafica del corso<\/strong>: cambia il colore o il tema predefinito del tuo corso<\/li>\n<li><strong>Accentra le risorse in un unico posto:<\/strong> crea un argomento per le risorse chiave in modo che gli studenti possano sempre accedere ai materiali, ad esempio un foglio di prenotazione per le ore di ricevimento, un programma di studi o un testo online<\/li>\n<li><strong>Organizza il lavoro degli studenti:<\/strong> Classroom crea un calendario Google per ciascun corso e lo aggiorna con i lavori programmati e le date di consegna. Gli studenti possono anche visualizzare il lavoro da fare con un solo clic.<\/li>\n<li><strong>Personalizza la valutazione<\/strong>: scegli un sistema di valutazione, crea categorie di voto e vedi tutte le valutazioni per un corso nella pagina Voti<\/li>\n<li><strong>Organizza il lavoro degli insegnanti<\/strong>: rivedi il lavoro degli studenti, ad esempio i compiti, le domande, i voti e i commenti precedenti. Visualizza il lavoro di un solo corso o di tutti i corsi e ordinalo in base a ci\u00f2 che devi rivedere<\/li>\n<li><strong>Assegna voti in modo semplice e rapido<\/strong>: cambia l&#8217;ordine degli studenti, vedi chi ha consegnato un lavoro, aggiungi feedback e voti provvisori da condividere in seguito oppure restituisci un compito valutato a tutti gli studenti con un solo clic. Puoi anche aggiungere annotazioni e feedback visivo al lavoro degli studenti nell&#8217;app Classroom per dispositivi mobili.<\/li>\n<li><strong>Trasferisci i voti<\/strong>: esporta i voti finali in Fogli Google o in un file CSV che puoi caricare altrove. Se partecipi al programma beta, puoi anche inviare i voti direttamente da Classroom al sistema informatico per gli studenti (SIS)<\/li>\n<li><strong>Integra altri strumenti didattici preferiti:<\/strong> sincronizza i corsi di Classroom esistenti con applicazioni di partner<\/li>\n<li><strong>Accedi sempre e ovunque:<\/strong> puoi accedere a Classroom sul Web 27 ore su 24, 7 giorni su 7 o mediante le app Classroom per dispositivi mobili Android e iOS<\/li>\n<li><strong>Mantieni i corsi ben organizzati<\/strong>: gli insegnanti possono organizzare la pagina Lavori del corso creando argomenti con un ordine facilmente modificabile<\/li>\n<li><strong>Fornisci feedback in tempo reale<\/strong>: visualizza, commenta e modifica il lavoro degli studenti in tempo reale nello Strumento di valutazione di Documenti. Aggiungi annotazioni al lavoro degli studenti nell&#8217;app Classroom per dispositivi mobili<\/li>\n<li><strong>Crea discussioni nel corso<\/strong>: nello stream del corso puoi pubblicare annunci, coinvolgere gli studenti in discussioni basate su domande, incoraggiarli a rispondere ai compagni di classe o spostare gli argomenti importanti all&#8217;inizio dello stream<\/li>\n<li><strong>Gestisci le discussioni nel corso:<\/strong> controlla chi pu\u00f2 pubblicare post nello stream del corso e impedisci ai singoli studenti di aggiungere post o commenti<\/li>\n<li><strong>Condividi contenuti<\/strong>: condividi su Classroom link, video e immagini da qualsiasi sito web con un solo clic mediante l&#8217;estensione Condividi in Classroom<\/li>\n<li><strong>Trasferisci contenuti sugli schermi degli studenti<\/strong>: trasferisci istantaneamente pagine web a un corso con l&#8217;estensione Condividi in Classroom. Anche gli studenti possono condividere il proprio schermo con l&#8217;insegnante<\/li>\n<li><strong>Comunica con i tutori<\/strong>: gli insegnanti di tutti i domini G Suite possono invitare i genitori e i tutori a registrarsi per ricevere i riepiloghi email in cui sono riportati i lavori futuri o mancanti dello studente<\/li>\n<\/ul>\n<h4>LE RECENSIONI DEGLI UTENTI<\/h4>\n<h4 class=\"font-weight-bold my-1 d-flex align-items-center\">Alicia A.&#8221;Diverso uso per gli studenti&#8221;<\/h4>\n<p><strong>Commenti: <\/strong>\u00c8 stata un&#8217;esperienza molto positiva nonostante i problemi tecnici. Ogni anno Google migliora Google Classroom.<\/p>\n<p><strong>Vantaggi: <\/strong>\u00c8 molto efficace nel creare istruzioni differenziate per gli studenti. \u00c8 possibile assegnare diverse attivit\u00e0 a diversi studenti, fornendo in tal modo tutti i livelli di studenti in una classe.<\/p>\n<p><strong>Inconvenienti: <\/strong>Non c&#8217;\u00e8 abbastanza variet\u00e0 di immagini nell&#8217;opzione forum. A volte ci sono problemi nel sistema e la notifica non viene sempre visualizzata quando gli studenti completano i compiti.<\/p>\n<h4 class=\"font-weight-bold my-1 d-flex align-items-center\">Rina L.&#8221;Utilizzo di Google Classroom per l&#8217;apprendimento a distanza&#8221;<\/h4>\n<p><strong>Commenti: <\/strong>Mi piace ancora Google Classroom. Per me come assistente insegnante. Mi piace che non ho bisogno di aggiungere nulla di specifico solo le lezioni che devo creare. E nel complesso la semplicit\u00e0 del servizio ha reso pi\u00f9 semplice l&#8217;adattamento alla pianificazione quotidiana delle lezioni.<\/p>\n<p><strong>Vantaggi: <\/strong>I miei figli usano Google Classroom per la scuola. Sto anche usando Google Classroom per lavoro. Mi piace che questo sia un servizio web gratuito che la mia scuola \u00e8 in grado di implementare per gli studenti. Mi piace soprattutto che sia semplice, creativo, facile da usare per chiunque.<\/p>\n<p><strong>Inconvenienti: <\/strong>Quello che non mi piace di pi\u00f9 \u00e8 che i miei figli non possono personalizzare la propria classe o il proprio account. \u00c8 abbastanza semplice che si senta colpito per godersi l&#8217;apprendimento. Voglio che i miei figli desiderino aprire Google Classroom e divertirsi imparando e avere la possibilit\u00e0 di creare o personalizzare il proprio design di classe per l&#8217;apprendimento.<\/p>\n<h4 class=\"font-weight-bold my-1 d-flex align-items-center\">Shanthi W.&#8221;L&#8217;apprendimento remoto diventa semplice!&#8221;<\/h4>\n<p><strong>Commenti:\u00a0<\/strong>Molto intuitivo \/ adatto ai bambini. Esteticamente molto piacevole e non travolgente!<\/p>\n<p><strong>Vantaggi: <\/strong>Durante questo periodo in cui ogni singola cosa sembra essere stressante, come insegnante ed educatore Google Classroom \u00e8 davvero un punto di svolta. Ero nuovo di zecca nel software quando COVID-19 fu introdotto e rapidamente (entro una settimana) mi sono abituato all&#8217;amico utente Google Classroom. Come educatore Montessori questo strumento ci consente di caricare materiale, incarichi da consegnare, annunci importanti e valutazione di TUTTI IN UN POSTO. Ogni materia ha un&#8217;area tematica e le cose sono molto pulite e organizzate, rendendo molto facile la navigazione anche per gli studenti. Insegno ai gradi 4-6 e Google Classroom \u00e8 stata una parte fondamentale dell&#8217;apprendimento remoto a Richmond Montessori!<\/p>\n<p><strong>Inconvenienti: <\/strong>Mi piacerebbe che ci fosse un modo per porre domande su un &#8220;documento&#8221; attivo per ogni livello. Attualmente stiamo utilizzando un foglio di calcolo di Google per rispondere alle domande!<\/p>\n","protected":false},"excerpt":{"rendered":"<p>Google Classroom \u00e8 un sistema di gestione dell&#8217;apprendimento basato su cloud che fa parte di Google Apps for Education. \u00c8 adatto solo per istituzioni accademiche. La soluzione\u00a0consente agli studenti di accedere alla piattaforma da computer, tablet e smartphone. Gli utenti possono creare documenti Google per gestire compiti, trasferire video di YouTube e allegare file da Google Drive.<\/p>\n","protected":false},"author":19,"featured_media":28292,"parent":28265,"menu_order":0,"comment_status":"open","ping_status":"closed","template":"g1_template_page_review_new.php","meta":{"_acf_changed":false,"cwp_meta_box_check":"Yes","cwp_rev_product_name":"","cwp_rev_product_image":"","wppr_links":[],"cwp_rev_price":"","wppr_options":[],"wppr_pros":[],"wppr_cons":[],"_monsterinsights_skip_tracking":false,"_monsterinsights_sitenote_active":false,"_monsterinsights_sitenote_note":"","_monsterinsights_sitenote_category":0,"footnotes":""},"categories":[3163],"tags":[1011,3171,3169,490,464,3167,3166,3164,3165,3170],"features":[],"class_list":{"0":"post-28291","1":"page","2":"type-page","3":"status-publish","4":"has-post-thumbnail","6":"category-software-formazione-online","7":"tag-google","8":"tag-google-apps-for-education","9":"tag-google-classroom","10":"tag-google-drive","11":"tag-gratuito","12":"tag-piattaforma-formazione-online","13":"tag-programma-formazione-online","14":"tag-software-formazione-online","15":"tag-soluzione-formazione-online","16":"tag-soluzione-soft"},"wppr_data":{"cwp_meta_box_check":"Yes","cwp_rev_product_name":"","cwp_rev_product_image":"","cwp_image_link":"image","cwp_rev_price":"","wppr_rating":"0.00"},"acf":[],"yoast_head":"<!-- This site is optimized with the Yoast SEO plugin v27.4 - https:\/\/yoast.com\/product\/yoast-seo-wordpress\/ -->\n<title>Google Classroom: recensione formazione online - Accurate Reviews<\/title>\n<meta name=\"description\" content=\"Google Classroom: recensione sistema di gestione dell&#039;apprendimento basato su cloud che fa parte di Google Apps for Education.\" \/>\n<meta name=\"robots\" content=\"index, follow, max-snippet:-1, max-image-preview:large, max-video-preview:-1\" \/>\n<link rel=\"canonical\" href=\"https:\/\/www.accuratereviews.com\/it\/software-formazione-online\/google-classroom-recensione\/\" \/>\n<meta property=\"og:locale\" content=\"it_IT\" \/>\n<meta property=\"og:type\" content=\"article\" \/>\n<meta property=\"og:title\" content=\"Google Classroom: recensione formazione online - Accurate Reviews\" \/>\n<meta property=\"og:description\" content=\"Google Classroom: recensione sistema di gestione dell&#039;apprendimento basato su cloud che fa parte di Google Apps for Education.\" \/>\n<meta property=\"og:url\" content=\"https:\/\/www.accuratereviews.com\/it\/software-formazione-online\/google-classroom-recensione\/\" \/>\n<meta property=\"og:site_name\" content=\"Accurate Reviews\" \/>\n<meta property=\"og:image\" content=\"https:\/\/www.accuratereviews.com\/wp-content\/uploads\/2020\/07\/GoogleClassroom.jpg\" \/>\n\t<meta property=\"og:image:width\" content=\"600\" \/>\n\t<meta property=\"og:image:height\" content=\"400\" \/>\n\t<meta property=\"og:image:type\" content=\"image\/jpeg\" \/>\n<meta name=\"twitter:card\" content=\"summary_large_image\" \/>\n<meta name=\"twitter:label1\" content=\"Tempo di lettura stimato\" \/>\n\t<meta name=\"twitter:data1\" content=\"6 minuti\" \/>\n<script type=\"application\/ld+json\" class=\"yoast-schema-graph\">{\"@context\":\"https:\\\/\\\/schema.org\",\"@graph\":[{\"@type\":\"WebPage\",\"@id\":\"https:\\\/\\\/www.accuratereviews.com\\\/it\\\/software-formazione-online\\\/google-classroom-recensione\\\/\",\"url\":\"https:\\\/\\\/www.accuratereviews.com\\\/it\\\/software-formazione-online\\\/google-classroom-recensione\\\/\",\"name\":\"Google Classroom: recensione formazione online - Accurate Reviews\",\"isPartOf\":{\"@id\":\"https:\\\/\\\/www.accuratereviews.com\\\/it\\\/#website\"},\"primaryImageOfPage\":{\"@id\":\"https:\\\/\\\/www.accuratereviews.com\\\/it\\\/software-formazione-online\\\/google-classroom-recensione\\\/#primaryimage\"},\"image\":{\"@id\":\"https:\\\/\\\/www.accuratereviews.com\\\/it\\\/software-formazione-online\\\/google-classroom-recensione\\\/#primaryimage\"},\"thumbnailUrl\":\"https:\\\/\\\/www.accuratereviews.com\\\/wp-content\\\/uploads\\\/2020\\\/07\\\/GoogleClassroom.jpg\",\"datePublished\":\"2020-07-07T07:00:01+00:00\",\"description\":\"Google Classroom: recensione sistema di gestione dell'apprendimento basato su cloud che fa parte di Google Apps for Education.\",\"breadcrumb\":{\"@id\":\"https:\\\/\\\/www.accuratereviews.com\\\/it\\\/software-formazione-online\\\/google-classroom-recensione\\\/#breadcrumb\"},\"inLanguage\":\"it-IT\",\"potentialAction\":[{\"@type\":\"ReadAction\",\"target\":[\"https:\\\/\\\/www.accuratereviews.com\\\/it\\\/software-formazione-online\\\/google-classroom-recensione\\\/\"]}]},{\"@type\":\"ImageObject\",\"inLanguage\":\"it-IT\",\"@id\":\"https:\\\/\\\/www.accuratereviews.com\\\/it\\\/software-formazione-online\\\/google-classroom-recensione\\\/#primaryimage\",\"url\":\"https:\\\/\\\/www.accuratereviews.com\\\/wp-content\\\/uploads\\\/2020\\\/07\\\/GoogleClassroom.jpg\",\"contentUrl\":\"https:\\\/\\\/www.accuratereviews.com\\\/wp-content\\\/uploads\\\/2020\\\/07\\\/GoogleClassroom.jpg\",\"width\":600,\"height\":400},{\"@type\":\"BreadcrumbList\",\"@id\":\"https:\\\/\\\/www.accuratereviews.com\\\/it\\\/software-formazione-online\\\/google-classroom-recensione\\\/#breadcrumb\",\"itemListElement\":[{\"@type\":\"ListItem\",\"position\":1,\"name\":\"Home\",\"item\":\"https:\\\/\\\/www.accuratereviews.com\\\/it\\\/\"},{\"@type\":\"ListItem\",\"position\":2,\"name\":\"Software formazione online\",\"item\":\"https:\\\/\\\/www.accuratereviews.com\\\/it\\\/software-formazione-online\\\/\"},{\"@type\":\"ListItem\",\"position\":3,\"name\":\"Google Classroom\"}]},{\"@type\":\"WebSite\",\"@id\":\"https:\\\/\\\/www.accuratereviews.com\\\/it\\\/#website\",\"url\":\"https:\\\/\\\/www.accuratereviews.com\\\/it\\\/\",\"name\":\"Accurate Reviews\",\"description\":\"\",\"potentialAction\":[{\"@type\":\"SearchAction\",\"target\":{\"@type\":\"EntryPoint\",\"urlTemplate\":\"https:\\\/\\\/www.accuratereviews.com\\\/it\\\/?s={search_term_string}\"},\"query-input\":{\"@type\":\"PropertyValueSpecification\",\"valueRequired\":true,\"valueName\":\"search_term_string\"}}],\"inLanguage\":\"it-IT\"}]}<\/script>\n<!-- \/ Yoast SEO plugin. -->","yoast_head_json":{"title":"Google Classroom: recensione formazione online - Accurate Reviews","description":"Google Classroom: recensione sistema di gestione dell'apprendimento basato su cloud che fa parte di Google Apps for Education.","robots":{"index":"index","follow":"follow","max-snippet":"max-snippet:-1","max-image-preview":"max-image-preview:large","max-video-preview":"max-video-preview:-1"},"canonical":"https:\/\/www.accuratereviews.com\/it\/software-formazione-online\/google-classroom-recensione\/","og_locale":"it_IT","og_type":"article","og_title":"Google Classroom: recensione formazione online - Accurate Reviews","og_description":"Google Classroom: recensione sistema di gestione dell'apprendimento basato su cloud che fa parte di Google Apps for Education.","og_url":"https:\/\/www.accuratereviews.com\/it\/software-formazione-online\/google-classroom-recensione\/","og_site_name":"Accurate Reviews","og_image":[{"width":600,"height":400,"url":"https:\/\/www.accuratereviews.com\/wp-content\/uploads\/2020\/07\/GoogleClassroom.jpg","type":"image\/jpeg"}],"twitter_card":"summary_large_image","twitter_misc":{"Tempo di lettura stimato":"6 minuti"},"schema":{"@context":"https:\/\/schema.org","@graph":[{"@type":"WebPage","@id":"https:\/\/www.accuratereviews.com\/it\/software-formazione-online\/google-classroom-recensione\/","url":"https:\/\/www.accuratereviews.com\/it\/software-formazione-online\/google-classroom-recensione\/","name":"Google Classroom: recensione formazione online - Accurate Reviews","isPartOf":{"@id":"https:\/\/www.accuratereviews.com\/it\/#website"},"primaryImageOfPage":{"@id":"https:\/\/www.accuratereviews.com\/it\/software-formazione-online\/google-classroom-recensione\/#primaryimage"},"image":{"@id":"https:\/\/www.accuratereviews.com\/it\/software-formazione-online\/google-classroom-recensione\/#primaryimage"},"thumbnailUrl":"https:\/\/www.accuratereviews.com\/wp-content\/uploads\/2020\/07\/GoogleClassroom.jpg","datePublished":"2020-07-07T07:00:01+00:00","description":"Google Classroom: recensione sistema di gestione dell'apprendimento basato su cloud che fa parte di Google Apps for Education.","breadcrumb":{"@id":"https:\/\/www.accuratereviews.com\/it\/software-formazione-online\/google-classroom-recensione\/#breadcrumb"},"inLanguage":"it-IT","potentialAction":[{"@type":"ReadAction","target":["https:\/\/www.accuratereviews.com\/it\/software-formazione-online\/google-classroom-recensione\/"]}]},{"@type":"ImageObject","inLanguage":"it-IT","@id":"https:\/\/www.accuratereviews.com\/it\/software-formazione-online\/google-classroom-recensione\/#primaryimage","url":"https:\/\/www.accuratereviews.com\/wp-content\/uploads\/2020\/07\/GoogleClassroom.jpg","contentUrl":"https:\/\/www.accuratereviews.com\/wp-content\/uploads\/2020\/07\/GoogleClassroom.jpg","width":600,"height":400},{"@type":"BreadcrumbList","@id":"https:\/\/www.accuratereviews.com\/it\/software-formazione-online\/google-classroom-recensione\/#breadcrumb","itemListElement":[{"@type":"ListItem","position":1,"name":"Home","item":"https:\/\/www.accuratereviews.com\/it\/"},{"@type":"ListItem","position":2,"name":"Software formazione online","item":"https:\/\/www.accuratereviews.com\/it\/software-formazione-online\/"},{"@type":"ListItem","position":3,"name":"Google Classroom"}]},{"@type":"WebSite","@id":"https:\/\/www.accuratereviews.com\/it\/#website","url":"https:\/\/www.accuratereviews.com\/it\/","name":"Accurate Reviews","description":"","potentialAction":[{"@type":"SearchAction","target":{"@type":"EntryPoint","urlTemplate":"https:\/\/www.accuratereviews.com\/it\/?s={search_term_string}"},"query-input":{"@type":"PropertyValueSpecification","valueRequired":true,"valueName":"search_term_string"}}],"inLanguage":"it-IT"}]}},"_links":{"self":[{"href":"https:\/\/www.accuratereviews.com\/it\/wp-json\/wp\/v2\/pages\/28291","targetHints":{"allow":["GET"]}}],"collection":[{"href":"https:\/\/www.accuratereviews.com\/it\/wp-json\/wp\/v2\/pages"}],"about":[{"href":"https:\/\/www.accuratereviews.com\/it\/wp-json\/wp\/v2\/types\/page"}],"author":[{"embeddable":true,"href":"https:\/\/www.accuratereviews.com\/it\/wp-json\/wp\/v2\/users\/19"}],"replies":[{"embeddable":true,"href":"https:\/\/www.accuratereviews.com\/it\/wp-json\/wp\/v2\/comments?post=28291"}],"version-history":[{"count":9,"href":"https:\/\/www.accuratereviews.com\/it\/wp-json\/wp\/v2\/pages\/28291\/revisions"}],"predecessor-version":[{"id":28320,"href":"https:\/\/www.accuratereviews.com\/it\/wp-json\/wp\/v2\/pages\/28291\/revisions\/28320"}],"up":[{"embeddable":true,"href":"https:\/\/www.accuratereviews.com\/it\/wp-json\/wp\/v2\/pages\/28265"}],"wp:featuredmedia":[{"embeddable":true,"href":"https:\/\/www.accuratereviews.com\/it\/wp-json\/wp\/v2\/media\/28292"}],"wp:attachment":[{"href":"https:\/\/www.accuratereviews.com\/it\/wp-json\/wp\/v2\/media?parent=28291"}],"wp:term":[{"taxonomy":"category","embeddable":true,"href":"https:\/\/www.accuratereviews.com\/it\/wp-json\/wp\/v2\/categories?post=28291"},{"taxonomy":"post_tag","embeddable":true,"href":"https:\/\/www.accuratereviews.com\/it\/wp-json\/wp\/v2\/tags?post=28291"},{"taxonomy":"features","embeddable":true,"href":"https:\/\/www.accuratereviews.com\/it\/wp-json\/wp\/v2\/features?post=28291"}],"curies":[{"name":"wp","href":"https:\/\/api.w.org\/{rel}","templated":true}]}}