{"id":28302,"date":"2020-07-06T09:12:36","date_gmt":"2020-07-06T09:12:36","guid":{"rendered":"https:\/\/www.accuratereviews.com\/?page_id=28302"},"modified":"2020-10-28T08:38:25","modified_gmt":"2020-10-28T08:38:25","slug":"adobe-captivate-prime-recensione","status":"publish","type":"page","link":"https:\/\/www.accuratereviews.com\/it\/software-formazione-online\/adobe-captivate-prime-recensione\/","title":{"rendered":"Adobe Captivate Prime"},"content":{"rendered":"<p><strong>Adobe Captivate Prime<\/strong> \u00e8 un <strong>sistema di gestione dell&#8217;apprendimento<\/strong> che consente agli utenti di impostare e misurare la formazione degli studenti.\u00a0Le sue funzionalit\u00e0 includono attivit\u00e0 di assegnazione automatica, formazione di certificazione ricorrente, report e notifiche, gestione degli utenti, offerte equivalenti al corso, sessioni di istruttori e un&#8217;app mobile con funzionalit\u00e0 di registrazione dello schermo.\u00a0La funzione Fluidic Player offre un&#8217;esperienza di e-learning conforme a file video, PDF, DOCX, SCORM e xAPI.\u00a0Lo strumento Enroller consente agli utenti di assegnare ruoli, programmi di apprendimento e corsi sia alle persone che ai team. Gli utenti possono assegnare attivit\u00e0 agli studenti in base a set di abilit\u00e0, ruoli e posizioni.\u00a0Il sistema inoltre riassegna automaticamente le certificazioni una volta completati i corsi e i programmi di apprendimento designati. Pu\u00f2 anche automatizzare report, assegnazioni di gruppi, notifiche email e promemoria.<\/p>\n<h2>ADOBE CAPTIVATE PRIME &#8211; TUTORIAL<\/h2>\n<p>Ecco come creare un coso con questo <strong>software di formazione online<\/strong>:<\/p>\n<div id=\"fluid-wrapper-counter-1\" class=\"g1-fluid-wrapper \" style=\"width:686px;\">\n<div style=\"padding-bottom:56.268221574344%;\"><iframe loading=\"lazy\" title=\"Create a Course in Adobe Captivate Prime\" width=\"686\" height=\"386\" src=\"https:\/\/www.youtube.com\/embed\/x9Ap3FjfqYw?feature=oembed&amp;wmode=transparent&amp;autohide=1&amp;autoplay=0&amp;disablekb=0&amp;fs=1&amp;loop=0&amp;enablejsapi=1&amp;rel=0&amp;controls=2&amp;showinfo=0&amp;wmode=transparent&amp;autohide=2&amp;autoplay=0&amp;disablekb=0&amp;fs=1&amp;loop=0&amp;enablejsapi=1&amp;rel=0&amp;controls=2&amp;showinfo=1\" frameborder=\"0\" allow=\"accelerometer; autoplay; clipboard-write; encrypted-media; gyroscope; picture-in-picture\" allowfullscreen><\/iframe><\/div>\n<\/div>\n<h2>ADOBE CAPTIVATE PRIME &#8211; CARATTERISTICHE<\/h2>\n<ul>\n<li><strong>Automazione dei contenuti<\/strong>: il sistema controlla automaticamente la qualit\u00e0 del contenuto dello studente approvando solo quelli che soddisfano un determinato punteggio di qualit\u00e0. Ci\u00f2 \u00e8 ottenuto mediante scansioni intelligenti del contenuto basate su algoritmi AI e ML basati su Adobe Sensei. Disattivando questa funzione, il contenuto passa attraverso un processo di moderazione manuale<\/li>\n<li><strong>Content Curation<\/strong>: assegna le PMI come moderatori, per rivedere il contenuto pubblicato dagli studenti. I moderatori possono approvare o disapprovare il contenuto in base alla sua adeguatezza e solo quelli approvati entrano nell&#8217;ecosistema di apprendimento social. Puoi anche scegliere di disattivare completamente la cura, aprendo il sistema a tutti i contenuti degli utenti. Ai moderatori vengono assegnati punti come incentivi per agire su richieste di revisione<\/li>\n<li><strong>Bacheche di discussione<\/strong>: consenti agli studenti di pubblicare contenuti su board esistenti per crearne di nuovi che consentano il raggruppamento logico di informazioni in base a competenze, gruppi di lavoro o argomenti rilevanti<\/li>\n<li><strong>Contenuto generato dall&#8217;utente<\/strong>: gli studenti possono ora pubblicare i propri contenuti, come video, clip audio e schermate direttamente dal proprio desktop o dispositivo mobile, nei forum di discussione di Social Learning<\/li>\n<li><strong>Captivate Prime Desktop App per UGC<\/strong>: gli studenti possono ora installare questa app gratuita, disponibile nella scheda Social Learning in Adobe Captivate Prime LMS. L&#8217;app ti consente di registrare, modificare e pubblicare facilmente schermate + video webcam, clip audio e schermate e anche caricare file locali, aiutandoti a pubblicare comodamente i tuoi contenuti<\/li>\n<li><strong>Feed di apprendimento social<\/strong>: tutti gli iscritti al sistema hanno accesso al proprio feed social, popolato da attivit\u00e0 di colleghi che seguono, forum di discussione e argomenti a cui sono interessati<\/li>\n<li><strong>Segna come domanda<\/strong>: gli utenti possono contrassegnare un post come una domanda che invita a rispondere dai colleghi. Gli amministratori o i moderatori possono intervenire e chiamare la risposta corretta, rendendo il post prezioso per tutti<\/li>\n<li><strong>Crea un sondaggio<\/strong>: gli studenti possono facilmente trasformare un post di testo in una domanda del sondaggio, invitando le risposte degli altri. La soluzione rappresenta visivamente le risposte per gli altri studenti per avere un&#8217;idea dell&#8217;opinione popolare<\/li>\n<li><strong>Controllo degli accessi per i forum di discussione:<\/strong> controlla chi pu\u00f2 contribuire al tuo forum di discussione contrassegnandolo come Pubblico, Privato o Limitato. Le bacheche pubbliche sono aperte a tutti, le bacheche private sono autorizzate da chi fornisci l&#8217;accesso e le bacheche riservate hanno accesso in scrittura riservato al creatore della bacheca, agli amministratori e ai moderatori<\/li>\n<li><strong>Activity Tracker per discussioni<\/strong>: consenti agli studenti di valutare quali board sono pi\u00f9 attivi di altri utilizzando Activity Tracker che rappresenta i livelli di coinvolgimento di ciascun forum di discussione<\/li>\n<li><strong>Seguire<\/strong>: segui colleghi o esperti in materia che possiedono le competenze e l&#8217;esperienza che desideri acquisire. Questo ti permetter\u00e0 di vedere i loro post, condivisioni e attivit\u00e0 di apprendimento sul tuo feed<\/li>\n<li><strong>Ricerca social<\/strong>: approfitta di un robusto algoritmo di ricerca nella soluzione che popola risultati pertinenti sia da post di social learning che da corsi di apprendimento formale basati sulla tua query di ricerca. Puoi scegliere di imparare in modo informale o iscriverti al corso formale<\/li>\n<\/ul>\n<h4>LE RECENSIONI DEGLI UTENTI<\/h4>\n<h4 class=\"font-weight-bold my-1 d-flex align-items-center\">Krishna Y.&#8221;Strumento avanzato di authoring rapido sul mercato&#8221;<\/h4>\n<p><strong>Commenti: <\/strong>Nel complesso \u00e8 stata una grande esperienza con Captivate.<\/p>\n<p><strong>Vantaggi: <\/strong>Adobe ha fatto un ottimo lavoro aggiungendo ottime funzionalit\u00e0 al prodotto nel corso degli anni. Da un semplice autore a uno strumento avanzato, questo strumento \u00e8 cresciuto fino a diventare i sogni di tutti gli sviluppatori di contenuti. L&#8217;aggiunta dell&#8217;interattivit\u00e0 a 360 \u00b0 ha aperto una nuova dimensione nell&#8217;apprendimento.<\/p>\n<p><strong>Inconvenienti: <\/strong>Spero che il team di Adobe Captivate trovi un modo per rendere le scatole fluide semplici e facili. Attualmente, sono complessi durante l&#8217;utilizzo.<\/p>\n<h4 class=\"font-weight-bold my-1 d-flex align-items-center\">Mitchell F.&#8221;Solid LMS in fase di miglioramento.&#8221;<\/h4>\n<p><strong>Commenti: <\/strong>Il software soddisfa le nostre esigenze e ospita tutti i contenuti di cui abbiamo bisogno. Ci vuole molto apprendimento per usare il sistema e farai la maggior parte dell&#8217;apprendimento da solo. Sicuramente un servizio competitivo. Sicuramente merita la tua considerazione.<\/p>\n<p><strong>Vantaggi: <\/strong>Questo software ha tutte le funzionalit\u00e0 che potresti cercare in un LMS. Ha alcune funzionalit\u00e0 di CRM, pu\u00f2 ospitare tutti i tipi di file e-learning standard, ha una funzione di social learning e consente un&#8217;esperienza utente solida.<\/p>\n<p><strong>Inconvenienti: <\/strong>Non mi \u00e8 piaciuto il modo in cui non esiste un metodo per eseguire tutte le funzioni sull&#8217;LMS senza scambiare i profili utente. L&#8217;amministratore ha determinate autorizzazioni, cos\u00ec come i ruoli di autore e studente. \u00c8 tua responsabilit\u00e0 imparare quale tipo di profilo fa cosa. Inoltre, il servizio clienti \u00e8 piuttosto lento. Se stai cercando un supporto rapido per il servizio, faresti meglio a risolvere i problemi da solo. Raramente ricevo un appuntamento con il mio rappresentante CapPrime nella stessa settimana in cui lo richiedo. Infine, il sistema \u00e8 economico, ma richiede un grande costo iniziale. Al momento offrono solo un piano di impegno triennale per il servizio. Se avessi saputo della velocit\u00e0 del servizio clienti avrei riconsiderato la nostra scelta.<\/p>\n<h4 class=\"font-weight-bold my-1 d-flex align-items-center\">Ali J.&#8221;Il miglior software di creazione di training SCORM&#8221;<\/h4>\n<p><strong>Commenti: <\/strong>Molto positivo<\/p>\n<p><strong>Vantaggi: <\/strong>Il software fa tutto ci\u00f2 che puoi immaginare quando si tratta di creare training SCORM e testarlo. Il supporto del software incrociato con altri prodotti Adobe \u00e8 anche un grande vantaggio.<\/p>\n<p><strong>Inconvenienti: <\/strong>Ha alcune carenze quando si tratta di gestire lingue come l&#8217;arabo. Manca il supporto per le lingue e problemi di visualizzazione per i personaggi da destra a sinistra. Inoltre, ci sono bug relativi ai caratteri linguistici che impediscono all&#8217;utente di esportare la formazione e lo fanno passare in un ciclo di caricamento infinito.<\/p>\n","protected":false},"excerpt":{"rendered":"<p>Adobe Captivate Prime \u00e8 un sistema di gestione dell&#8217;apprendimento che consente agli utenti di impostare e misurare la formazione degli studenti.\u00a0Le sue funzionalit\u00e0 includono attivit\u00e0 di assegnazione automatica, formazione di certificazione ricorrente, report e notifiche, gestione degli utenti, offerte equivalenti al corso, sessioni di istruttori e un&#8217;app mobile con funzionalit\u00e0 di registrazione dello schermo.<\/p>\n","protected":false},"author":19,"featured_media":28304,"parent":28265,"menu_order":0,"comment_status":"open","ping_status":"closed","template":"g1_template_page_review_new.php","meta":{"_acf_changed":false,"cwp_meta_box_check":"Yes","cwp_rev_product_name":"","cwp_rev_product_image":"","wppr_links":[],"cwp_rev_price":"","wppr_options":[],"wppr_pros":[],"wppr_cons":[],"_monsterinsights_skip_tracking":false,"_monsterinsights_sitenote_active":false,"_monsterinsights_sitenote_note":"","_monsterinsights_sitenote_category":0,"footnotes":""},"categories":[3163],"tags":[3173,396,3167,3166,3174,3172,3165],"features":[],"class_list":{"0":"post-28302","1":"page","2":"type-page","3":"status-publish","4":"has-post-thumbnail","6":"category-software-formazione-online","7":"tag-adobe-captivate-prime","8":"tag-cloud","9":"tag-piattaforma-formazione-online","10":"tag-programma-formazione-online","11":"tag-sistema-di-gestione-dellapprendimento","12":"tag-software-formazione-oline","13":"tag-soluzione-formazione-online"},"wppr_data":{"cwp_meta_box_check":"Yes","cwp_rev_product_name":"","cwp_rev_product_image":"","cwp_image_link":"image","cwp_rev_price":"","wppr_rating":"0.00"},"acf":[],"yoast_head":"<!-- This site is optimized with the Yoast SEO plugin v27.4 - https:\/\/yoast.com\/product\/yoast-seo-wordpress\/ -->\n<title>Adobe Captivate Pro: recensione formazione online - Accurate Reviews<\/title>\n<meta name=\"description\" content=\"Adobe Captivate Prime: recensione sistema di gestione dell&#039;apprendimento che consente agli utenti di impostare e misurare la formazione degli studenti.\" \/>\n<meta name=\"robots\" content=\"index, follow, max-snippet:-1, max-image-preview:large, max-video-preview:-1\" \/>\n<link rel=\"canonical\" href=\"https:\/\/www.accuratereviews.com\/it\/software-formazione-online\/adobe-captivate-prime-recensione\/\" \/>\n<meta property=\"og:locale\" content=\"it_IT\" \/>\n<meta property=\"og:type\" content=\"article\" \/>\n<meta property=\"og:title\" content=\"Adobe Captivate Pro: recensione formazione online - Accurate Reviews\" \/>\n<meta property=\"og:description\" content=\"Adobe Captivate Prime: recensione sistema di gestione dell&#039;apprendimento che consente agli utenti di impostare e misurare la formazione degli studenti.\" \/>\n<meta property=\"og:url\" content=\"https:\/\/www.accuratereviews.com\/it\/software-formazione-online\/adobe-captivate-prime-recensione\/\" \/>\n<meta property=\"og:site_name\" content=\"Accurate Reviews\" \/>\n<meta property=\"article:modified_time\" content=\"2020-10-28T08:38:25+00:00\" \/>\n<meta property=\"og:image\" content=\"https:\/\/www.accuratereviews.com\/wp-content\/uploads\/2020\/07\/ADOBE-CAPTIVATE-PRIME.png\" \/>\n\t<meta property=\"og:image:width\" content=\"320\" \/>\n\t<meta property=\"og:image:height\" content=\"320\" \/>\n\t<meta property=\"og:image:type\" content=\"image\/png\" \/>\n<meta name=\"twitter:card\" content=\"summary_large_image\" \/>\n<meta name=\"twitter:label1\" content=\"Tempo di lettura stimato\" \/>\n\t<meta name=\"twitter:data1\" content=\"5 minuti\" \/>\n<script type=\"application\/ld+json\" class=\"yoast-schema-graph\">{\"@context\":\"https:\\\/\\\/schema.org\",\"@graph\":[{\"@type\":\"WebPage\",\"@id\":\"https:\\\/\\\/www.accuratereviews.com\\\/it\\\/software-formazione-online\\\/adobe-captivate-prime-recensione\\\/\",\"url\":\"https:\\\/\\\/www.accuratereviews.com\\\/it\\\/software-formazione-online\\\/adobe-captivate-prime-recensione\\\/\",\"name\":\"Adobe Captivate Pro: recensione formazione online - Accurate Reviews\",\"isPartOf\":{\"@id\":\"https:\\\/\\\/www.accuratereviews.com\\\/it\\\/#website\"},\"primaryImageOfPage\":{\"@id\":\"https:\\\/\\\/www.accuratereviews.com\\\/it\\\/software-formazione-online\\\/adobe-captivate-prime-recensione\\\/#primaryimage\"},\"image\":{\"@id\":\"https:\\\/\\\/www.accuratereviews.com\\\/it\\\/software-formazione-online\\\/adobe-captivate-prime-recensione\\\/#primaryimage\"},\"thumbnailUrl\":\"https:\\\/\\\/www.accuratereviews.com\\\/wp-content\\\/uploads\\\/2020\\\/07\\\/ADOBE-CAPTIVATE-PRIME.png\",\"datePublished\":\"2020-07-06T09:12:36+00:00\",\"dateModified\":\"2020-10-28T08:38:25+00:00\",\"description\":\"Adobe Captivate Prime: recensione sistema di gestione dell'apprendimento che consente agli utenti di impostare e misurare la formazione degli studenti.\",\"breadcrumb\":{\"@id\":\"https:\\\/\\\/www.accuratereviews.com\\\/it\\\/software-formazione-online\\\/adobe-captivate-prime-recensione\\\/#breadcrumb\"},\"inLanguage\":\"it-IT\",\"potentialAction\":[{\"@type\":\"ReadAction\",\"target\":[\"https:\\\/\\\/www.accuratereviews.com\\\/it\\\/software-formazione-online\\\/adobe-captivate-prime-recensione\\\/\"]}]},{\"@type\":\"ImageObject\",\"inLanguage\":\"it-IT\",\"@id\":\"https:\\\/\\\/www.accuratereviews.com\\\/it\\\/software-formazione-online\\\/adobe-captivate-prime-recensione\\\/#primaryimage\",\"url\":\"https:\\\/\\\/www.accuratereviews.com\\\/wp-content\\\/uploads\\\/2020\\\/07\\\/ADOBE-CAPTIVATE-PRIME.png\",\"contentUrl\":\"https:\\\/\\\/www.accuratereviews.com\\\/wp-content\\\/uploads\\\/2020\\\/07\\\/ADOBE-CAPTIVATE-PRIME.png\",\"width\":320,\"height\":320},{\"@type\":\"BreadcrumbList\",\"@id\":\"https:\\\/\\\/www.accuratereviews.com\\\/it\\\/software-formazione-online\\\/adobe-captivate-prime-recensione\\\/#breadcrumb\",\"itemListElement\":[{\"@type\":\"ListItem\",\"position\":1,\"name\":\"Home\",\"item\":\"https:\\\/\\\/www.accuratereviews.com\\\/it\\\/\"},{\"@type\":\"ListItem\",\"position\":2,\"name\":\"Software formazione online\",\"item\":\"https:\\\/\\\/www.accuratereviews.com\\\/it\\\/software-formazione-online\\\/\"},{\"@type\":\"ListItem\",\"position\":3,\"name\":\"Adobe Captivate Prime\"}]},{\"@type\":\"WebSite\",\"@id\":\"https:\\\/\\\/www.accuratereviews.com\\\/it\\\/#website\",\"url\":\"https:\\\/\\\/www.accuratereviews.com\\\/it\\\/\",\"name\":\"Accurate Reviews\",\"description\":\"\",\"potentialAction\":[{\"@type\":\"SearchAction\",\"target\":{\"@type\":\"EntryPoint\",\"urlTemplate\":\"https:\\\/\\\/www.accuratereviews.com\\\/it\\\/?s={search_term_string}\"},\"query-input\":{\"@type\":\"PropertyValueSpecification\",\"valueRequired\":true,\"valueName\":\"search_term_string\"}}],\"inLanguage\":\"it-IT\"}]}<\/script>\n<!-- \/ Yoast SEO plugin. -->","yoast_head_json":{"title":"Adobe Captivate Pro: recensione formazione online - Accurate Reviews","description":"Adobe Captivate Prime: recensione sistema di gestione dell'apprendimento che consente agli utenti di impostare e misurare la formazione degli studenti.","robots":{"index":"index","follow":"follow","max-snippet":"max-snippet:-1","max-image-preview":"max-image-preview:large","max-video-preview":"max-video-preview:-1"},"canonical":"https:\/\/www.accuratereviews.com\/it\/software-formazione-online\/adobe-captivate-prime-recensione\/","og_locale":"it_IT","og_type":"article","og_title":"Adobe Captivate Pro: recensione formazione online - Accurate Reviews","og_description":"Adobe Captivate Prime: recensione sistema di gestione dell'apprendimento che consente agli utenti di impostare e misurare la formazione degli studenti.","og_url":"https:\/\/www.accuratereviews.com\/it\/software-formazione-online\/adobe-captivate-prime-recensione\/","og_site_name":"Accurate Reviews","article_modified_time":"2020-10-28T08:38:25+00:00","og_image":[{"width":320,"height":320,"url":"https:\/\/www.accuratereviews.com\/wp-content\/uploads\/2020\/07\/ADOBE-CAPTIVATE-PRIME.png","type":"image\/png"}],"twitter_card":"summary_large_image","twitter_misc":{"Tempo di lettura stimato":"5 minuti"},"schema":{"@context":"https:\/\/schema.org","@graph":[{"@type":"WebPage","@id":"https:\/\/www.accuratereviews.com\/it\/software-formazione-online\/adobe-captivate-prime-recensione\/","url":"https:\/\/www.accuratereviews.com\/it\/software-formazione-online\/adobe-captivate-prime-recensione\/","name":"Adobe Captivate Pro: recensione formazione online - Accurate Reviews","isPartOf":{"@id":"https:\/\/www.accuratereviews.com\/it\/#website"},"primaryImageOfPage":{"@id":"https:\/\/www.accuratereviews.com\/it\/software-formazione-online\/adobe-captivate-prime-recensione\/#primaryimage"},"image":{"@id":"https:\/\/www.accuratereviews.com\/it\/software-formazione-online\/adobe-captivate-prime-recensione\/#primaryimage"},"thumbnailUrl":"https:\/\/www.accuratereviews.com\/wp-content\/uploads\/2020\/07\/ADOBE-CAPTIVATE-PRIME.png","datePublished":"2020-07-06T09:12:36+00:00","dateModified":"2020-10-28T08:38:25+00:00","description":"Adobe Captivate Prime: recensione sistema di gestione dell'apprendimento che consente agli utenti di impostare e misurare la formazione degli studenti.","breadcrumb":{"@id":"https:\/\/www.accuratereviews.com\/it\/software-formazione-online\/adobe-captivate-prime-recensione\/#breadcrumb"},"inLanguage":"it-IT","potentialAction":[{"@type":"ReadAction","target":["https:\/\/www.accuratereviews.com\/it\/software-formazione-online\/adobe-captivate-prime-recensione\/"]}]},{"@type":"ImageObject","inLanguage":"it-IT","@id":"https:\/\/www.accuratereviews.com\/it\/software-formazione-online\/adobe-captivate-prime-recensione\/#primaryimage","url":"https:\/\/www.accuratereviews.com\/wp-content\/uploads\/2020\/07\/ADOBE-CAPTIVATE-PRIME.png","contentUrl":"https:\/\/www.accuratereviews.com\/wp-content\/uploads\/2020\/07\/ADOBE-CAPTIVATE-PRIME.png","width":320,"height":320},{"@type":"BreadcrumbList","@id":"https:\/\/www.accuratereviews.com\/it\/software-formazione-online\/adobe-captivate-prime-recensione\/#breadcrumb","itemListElement":[{"@type":"ListItem","position":1,"name":"Home","item":"https:\/\/www.accuratereviews.com\/it\/"},{"@type":"ListItem","position":2,"name":"Software formazione online","item":"https:\/\/www.accuratereviews.com\/it\/software-formazione-online\/"},{"@type":"ListItem","position":3,"name":"Adobe Captivate Prime"}]},{"@type":"WebSite","@id":"https:\/\/www.accuratereviews.com\/it\/#website","url":"https:\/\/www.accuratereviews.com\/it\/","name":"Accurate Reviews","description":"","potentialAction":[{"@type":"SearchAction","target":{"@type":"EntryPoint","urlTemplate":"https:\/\/www.accuratereviews.com\/it\/?s={search_term_string}"},"query-input":{"@type":"PropertyValueSpecification","valueRequired":true,"valueName":"search_term_string"}}],"inLanguage":"it-IT"}]}},"_links":{"self":[{"href":"https:\/\/www.accuratereviews.com\/it\/wp-json\/wp\/v2\/pages\/28302","targetHints":{"allow":["GET"]}}],"collection":[{"href":"https:\/\/www.accuratereviews.com\/it\/wp-json\/wp\/v2\/pages"}],"about":[{"href":"https:\/\/www.accuratereviews.com\/it\/wp-json\/wp\/v2\/types\/page"}],"author":[{"embeddable":true,"href":"https:\/\/www.accuratereviews.com\/it\/wp-json\/wp\/v2\/users\/19"}],"replies":[{"embeddable":true,"href":"https:\/\/www.accuratereviews.com\/it\/wp-json\/wp\/v2\/comments?post=28302"}],"version-history":[{"count":12,"href":"https:\/\/www.accuratereviews.com\/it\/wp-json\/wp\/v2\/pages\/28302\/revisions"}],"predecessor-version":[{"id":31554,"href":"https:\/\/www.accuratereviews.com\/it\/wp-json\/wp\/v2\/pages\/28302\/revisions\/31554"}],"up":[{"embeddable":true,"href":"https:\/\/www.accuratereviews.com\/it\/wp-json\/wp\/v2\/pages\/28265"}],"wp:featuredmedia":[{"embeddable":true,"href":"https:\/\/www.accuratereviews.com\/it\/wp-json\/wp\/v2\/media\/28304"}],"wp:attachment":[{"href":"https:\/\/www.accuratereviews.com\/it\/wp-json\/wp\/v2\/media?parent=28302"}],"wp:term":[{"taxonomy":"category","embeddable":true,"href":"https:\/\/www.accuratereviews.com\/it\/wp-json\/wp\/v2\/categories?post=28302"},{"taxonomy":"post_tag","embeddable":true,"href":"https:\/\/www.accuratereviews.com\/it\/wp-json\/wp\/v2\/tags?post=28302"},{"taxonomy":"features","embeddable":true,"href":"https:\/\/www.accuratereviews.com\/it\/wp-json\/wp\/v2\/features?post=28302"}],"curies":[{"name":"wp","href":"https:\/\/api.w.org\/{rel}","templated":true}]}}