{"id":28363,"date":"2020-07-08T09:21:11","date_gmt":"2020-07-08T09:21:11","guid":{"rendered":"https:\/\/www.accuratereviews.com\/?page_id=28363"},"modified":"2020-07-08T09:21:11","modified_gmt":"2020-07-08T09:21:11","slug":"talentlms-recensione","status":"publish","type":"page","link":"https:\/\/www.accuratereviews.com\/it\/software-formazione-online\/talentlms-recensione\/","title":{"rendered":"TalentLMS"},"content":{"rendered":"<p><strong>TalentLMS<\/strong> \u00e8 un <strong>LMS<\/strong> pluripremiato basato su <strong>cloud<\/strong> per coloro che desiderano creare corsi online per qualsiasi scopo in pochi clic, anche senza esperienza. La soluzione inoltre offre funzionalit\u00e0 per la creazione di corsi, test utente, amministrazione estesa di imprese, insegnamento e formazione ed e-commerce per piccole e medie imprese e scuole.\u00a0Il generatore di corsi della piattaforma offre strumenti di contenuti incorporati per video, audio, SCORM, xAPI e contenuti flash, insieme a funzionalit\u00e0 di ricerca per trovare e incorporare video di YouTube, presentazioni SlideShare, articoli di Wikipedia e altro ancora. Tutte le lezioni in pi\u00f9 sono ottimizzate per la presentazione su desktop, tablet o dispositivi smartphone. Sono disponibili test fissi e randomizzati per valutare la conservazione delle informazioni e una variet\u00e0 di domande possono essere create e riutilizzate in tutti i corsi.<\/p>\n<h2>TALENTLMS &#8211; TUTORIAL<\/h2>\n<p>Il tutorial che segue mostra le principali funzioni di questo <strong>software di formazione online<\/strong>:<\/p>\n<div id=\"fluid-wrapper-counter-1\" class=\"g1-fluid-wrapper \" style=\"width:686px;\">\n<div style=\"padding-bottom:56.268221574344%;\"><iframe loading=\"lazy\" title=\"TalentLMS Learning Management System Demo\" width=\"686\" height=\"386\" src=\"https:\/\/www.youtube.com\/embed\/5ULxx-QL0W8?feature=oembed&amp;wmode=transparent&amp;autohide=1&amp;autoplay=0&amp;disablekb=0&amp;fs=1&amp;loop=0&amp;enablejsapi=1&amp;rel=0&amp;controls=2&amp;showinfo=0&amp;wmode=transparent&amp;autohide=2&amp;autoplay=0&amp;disablekb=0&amp;fs=1&amp;loop=0&amp;enablejsapi=1&amp;rel=0&amp;controls=2&amp;showinfo=1\" frameborder=\"0\" allow=\"accelerometer; autoplay; encrypted-media; gyroscope; picture-in-picture\" allowfullscreen><\/iframe><\/div>\n<\/div>\n<h3>TALENTLMS &#8211; CARATTERISTICHE<\/h3>\n<ul>\n<li><strong>Contenuto amichevole<\/strong>: costruisci corsi riutilizzando presentazioni o video che hai gi\u00e0 o consumando contenuti da fonti web<\/li>\n<li><strong>Scorm e xAPI<\/strong>: supporto per gli ultimi standard del settore nell&#8217;interoperabilit\u00e0 dei contenuti.<\/li>\n<li><strong>Motore di sondaggi<\/strong>: raccogli e analizza le risposte al sondaggio<\/li>\n<li><strong>Percorsi di apprendimento<\/strong>: limita il modo in cui i corsi possono essere completati o il contenuto del corso pu\u00f2 essere visualizzato<\/li>\n<li><strong>Archivio dei file<\/strong>: organizza, riutilizza e condividi file con utenti selezionati<\/li>\n<li><strong>Apprendimento misto<\/strong>: mescola l&#8217;eLearning con la formazione guidata dall&#8217;istruttore. Offrire eventi di formazione con istruttore in aula o tramite videoconferenza<\/li>\n<li><strong>Motore di valutazione<\/strong>: supporto per pi\u00f9 tipi di domande e una variet\u00e0 di tipi di test. Rapporti completi sui risultati dei test<\/li>\n<li><strong>Certificazioni<\/strong>: progetta facilmente le tue certificazioni valide per periodi di tempo predefiniti. Supportare una variet\u00e0 di scenari di conformit\u00e0 che potrebbero richiedere una ricertificazione<\/li>\n<li><strong>Ricchi strumenti di comunicazione<\/strong>: supporto per messaggi personali, calendario e forum di discussione<\/li>\n<li><strong>Ecommerce<\/strong>: vendi i tuoi corsi tramite PayPal o Stripe. Offri sconti o coupon globali. Vendi singoli corsi o offrili tramite un pagamento in abbonamento<\/li>\n<li><strong>Supporto per videoconferenza<\/strong>: incontra la videoconferenza integrata. Supporto aggiuntivo per varie soluzioni di videoconferenza<\/li>\n<li><strong>Segnalazione<\/strong>: rapporti completi su tutto all&#8217;interno del tuo ambiente di e-learning. Una sequenza temporale di tutte le azioni di sistema per l&#8217;accesso a ci\u00f2 che \u00e8 accaduto, da chi e quando. Un generatore di report per approfondire i dettagli<\/li>\n<li><strong>Branching<\/strong>: segmenta il tuo ambiente di apprendimento alle filiali. Ogni ramo \u00e8 come un&#8217;installazione separata con i propri utenti, corsi e temi<\/li>\n<li><strong>Tipi di utenti:<\/strong> limita l&#8217;accesso degli utenti a determinate funzionalit\u00e0 tramite tipi di utenti personalizzati<\/li>\n<li><strong>Azioni di massa:<\/strong> riduci al minimo le spese amministrative con azioni di massa e automatizzate.<\/li>\n<li><strong>Profili estensibili<\/strong>: aggiungi campi di informazioni personalizzati ai tuoi profili utente o corsi e arricchisci i dettagli che raccogli e riferisci<\/li>\n<li><strong>Sicurezza<\/strong>: lavora su un canale di comunicazione sicuro. Applicare password complesse. Aggiungi filigrane ai tuoi video. Indipendentemente dai tuoi requisiti di sicurezza, TalentLMS ti copre.<\/li>\n<li><strong>Integrazioni<\/strong>: integrazione con oltre 200 servizi tramite Zapier. Integrazioni native con Shopify, Salesforce, WordPress e GoToMeeting<\/li>\n<li><strong>GDPR-friendly<\/strong>: rispetta facilmente il GDPR con funzionalit\u00e0 che ti consentono di rispettare la privacy degli utenti. Utilizzare i Termini di servizio per raccogliere l&#8217;approvazione, escludere gli utenti che hanno rinunciato alla raccolta dei dati nei report e consentire agli utenti di eliminare automaticamente<\/li>\n<li><strong>Personalizzabile<\/strong>: usa il tuo dominio e logo. Personalizza le tue email di comunicazione. Personalizza il sistema in profondit\u00e0 per soddisfare le tue esigenze precise<\/li>\n<li><strong>Interfaccia utente<\/strong>: design reattivo che si adatta a qualsiasi dispositivo. Elementi visivi scalabili pronti per la retina<\/li>\n<li><strong>Standard Web<\/strong>: costruito sulla base dei pi\u00f9 moderni standard e tecnologie web<\/li>\n<li><strong>Accessibilit\u00e0<\/strong>: conforme ai requisiti di accessibilit\u00e0 WCAG-2<\/li>\n<li><strong>Mobile<\/strong>: applicazioni native per dispositivi iOS e Android<\/li>\n<\/ul>\n<h4>LE RECENSIONI DEGLI UTENTI<\/h4>\n<h4 class=\"font-weight-bold my-1 d-flex align-items-center\">Marco F.&#8221;Soluzione di partenza flessibile per l&#8217;implementazione dell&#8217;e-learning&#8221;<\/h4>\n<p><strong>Commenti: <\/strong>Abbiamo appena iniziato con la prova gratuita con questo LMS per implementare un progetto di e-learning nella nostra organizzazione. Abbiamo trovato in TalentLMS l&#8217;opzione pi\u00f9 conveniente per la prima fase del progetto (100 utenti o meno).<\/p>\n<p><strong>Vantaggi: <\/strong>&#8211; Modello di prezzi flessibile e accessibile &#8211;\u00a0Menu amministrativo intuitivo e pulito\u00a0&#8211; Ideale per organizzazioni medio-piccole<br \/>\n&#8211; Standard SCORM supportato<\/p>\n<p><strong>Inconvenienti: <\/strong>&#8211; Pi\u00f9 recente e meno popolare di altre piattaforme\u00a0&#8211; Il supporto al supporto delle lingue straniere pu\u00f2 essere esteso<\/p>\n<h4 class=\"font-weight-bold my-1 d-flex align-items-center\">Rachel G.&#8221;Ottimo prodotto, ottimo servizio clienti&#8221;<\/h4>\n<p><strong>Vantaggi: <\/strong>Facilit\u00e0 d&#8217;uso.\u00a0Assistenza clienti.\u00a0Prezzo.\u00a0Caratteristiche.\u00a0Database di aiuto<\/p>\n<p><strong>Inconvenienti: <\/strong>Il nostro caso d&#8217;uso \u00e8 unico e l&#8217;uso delle filiali \u00e8 importante a volte. Vorrei che alcune delle funzionalit\u00e0 di amministrazione fossero disponibili per le filiali come nel lato amministratore (come caricamenti di massa, ecc.).<\/p>\n<h4 class=\"font-weight-bold my-1 d-flex align-items-center\">Aaron L.&#8221;Ottimo, semplice, LMS!&#8221;<\/h4>\n<p><strong>Vantaggi: <\/strong>La maggior parte dei sistemi LMS sono difficili da navigare e confusi da usare. TalentLMS \u00e8 stato incredibilmente semplice da usare e siamo riusciti a ottenere la configurazione, il contenuto caricato e gli utenti assegnati in un giorno! Siamo estremamente soddisfatti del servizio finora.<\/p>\n<p><strong>Inconvenienti: <\/strong>Vorremmo vedere un migliore controllo delle notifiche degli utenti e rapporti pi\u00f9 dettagliati.<\/p>\n","protected":false},"excerpt":{"rendered":"<p>TalentLMS \u00e8 un LMS pluripremiato basato su cloud per coloro che desiderano creare corsi online per qualsiasi scopo in pochi clic, anche senza esperienza. La soluzione offre funzionalit\u00e0 per la creazione di corsi, test utente, amministrazione estesa di imprese, insegnamento e formazione ed e-commerce per piccole e medie imprese e scuole.\u00a0<\/p>\n","protected":false},"author":19,"featured_media":28364,"parent":28265,"menu_order":0,"comment_status":"open","ping_status":"closed","template":"g1_template_page_review_new.php","meta":{"_acf_changed":false,"cwp_meta_box_check":"Yes","cwp_rev_product_name":"","cwp_rev_product_image":"","wppr_links":[],"cwp_rev_price":"","wppr_options":[],"wppr_pros":[],"wppr_cons":[],"_monsterinsights_skip_tracking":false,"_monsterinsights_sitenote_active":false,"_monsterinsights_sitenote_note":"","_monsterinsights_sitenote_category":0,"footnotes":""},"categories":[3163],"tags":[396,3167,3166,3164,3165,3203],"features":[],"class_list":{"0":"post-28363","1":"page","2":"type-page","3":"status-publish","4":"has-post-thumbnail","6":"category-software-formazione-online","7":"tag-cloud","8":"tag-piattaforma-formazione-online","9":"tag-programma-formazione-online","10":"tag-software-formazione-online","11":"tag-soluzione-formazione-online","12":"tag-talentlms"},"wppr_data":{"cwp_meta_box_check":"Yes","cwp_rev_product_name":"","cwp_rev_product_image":"","cwp_image_link":"image","cwp_rev_price":"","wppr_rating":"0.00"},"acf":[],"yoast_head":"<!-- This site is optimized with the Yoast SEO plugin v27.4 - https:\/\/yoast.com\/product\/yoast-seo-wordpress\/ -->\n<title>TalentLMS: recensione software formazione online - Accurate Reviews<\/title>\n<meta name=\"description\" content=\"TalentLMS: recensione software di formazione online con interfaccia personalizzabile e ricco di funzioni per creare corsi.\" \/>\n<meta name=\"robots\" content=\"index, follow, max-snippet:-1, max-image-preview:large, max-video-preview:-1\" \/>\n<link rel=\"canonical\" href=\"https:\/\/www.accuratereviews.com\/it\/software-formazione-online\/talentlms-recensione\/\" \/>\n<meta property=\"og:locale\" content=\"it_IT\" \/>\n<meta property=\"og:type\" content=\"article\" \/>\n<meta property=\"og:title\" content=\"TalentLMS: recensione software formazione online - Accurate Reviews\" \/>\n<meta property=\"og:description\" content=\"TalentLMS: recensione software di formazione online con interfaccia personalizzabile e ricco di funzioni per creare corsi.\" \/>\n<meta property=\"og:url\" content=\"https:\/\/www.accuratereviews.com\/it\/software-formazione-online\/talentlms-recensione\/\" \/>\n<meta property=\"og:site_name\" content=\"Accurate Reviews\" \/>\n<meta property=\"og:image\" content=\"https:\/\/www.accuratereviews.com\/wp-content\/uploads\/2020\/07\/talent.png\" \/>\n\t<meta property=\"og:image:width\" content=\"200\" \/>\n\t<meta property=\"og:image:height\" content=\"200\" \/>\n\t<meta property=\"og:image:type\" content=\"image\/png\" \/>\n<meta name=\"twitter:card\" content=\"summary_large_image\" \/>\n<meta name=\"twitter:label1\" content=\"Tempo di lettura stimato\" \/>\n\t<meta name=\"twitter:data1\" content=\"4 minuti\" \/>\n<script type=\"application\/ld+json\" class=\"yoast-schema-graph\">{\"@context\":\"https:\\\/\\\/schema.org\",\"@graph\":[{\"@type\":\"WebPage\",\"@id\":\"https:\\\/\\\/www.accuratereviews.com\\\/it\\\/software-formazione-online\\\/talentlms-recensione\\\/\",\"url\":\"https:\\\/\\\/www.accuratereviews.com\\\/it\\\/software-formazione-online\\\/talentlms-recensione\\\/\",\"name\":\"TalentLMS: recensione software formazione online - Accurate Reviews\",\"isPartOf\":{\"@id\":\"https:\\\/\\\/www.accuratereviews.com\\\/it\\\/#website\"},\"primaryImageOfPage\":{\"@id\":\"https:\\\/\\\/www.accuratereviews.com\\\/it\\\/software-formazione-online\\\/talentlms-recensione\\\/#primaryimage\"},\"image\":{\"@id\":\"https:\\\/\\\/www.accuratereviews.com\\\/it\\\/software-formazione-online\\\/talentlms-recensione\\\/#primaryimage\"},\"thumbnailUrl\":\"https:\\\/\\\/www.accuratereviews.com\\\/wp-content\\\/uploads\\\/2020\\\/07\\\/talent.png\",\"datePublished\":\"2020-07-08T09:21:11+00:00\",\"description\":\"TalentLMS: recensione software di formazione online con interfaccia personalizzabile e ricco di funzioni per creare corsi.\",\"breadcrumb\":{\"@id\":\"https:\\\/\\\/www.accuratereviews.com\\\/it\\\/software-formazione-online\\\/talentlms-recensione\\\/#breadcrumb\"},\"inLanguage\":\"it-IT\",\"potentialAction\":[{\"@type\":\"ReadAction\",\"target\":[\"https:\\\/\\\/www.accuratereviews.com\\\/it\\\/software-formazione-online\\\/talentlms-recensione\\\/\"]}]},{\"@type\":\"ImageObject\",\"inLanguage\":\"it-IT\",\"@id\":\"https:\\\/\\\/www.accuratereviews.com\\\/it\\\/software-formazione-online\\\/talentlms-recensione\\\/#primaryimage\",\"url\":\"https:\\\/\\\/www.accuratereviews.com\\\/wp-content\\\/uploads\\\/2020\\\/07\\\/talent.png\",\"contentUrl\":\"https:\\\/\\\/www.accuratereviews.com\\\/wp-content\\\/uploads\\\/2020\\\/07\\\/talent.png\",\"width\":200,\"height\":200},{\"@type\":\"BreadcrumbList\",\"@id\":\"https:\\\/\\\/www.accuratereviews.com\\\/it\\\/software-formazione-online\\\/talentlms-recensione\\\/#breadcrumb\",\"itemListElement\":[{\"@type\":\"ListItem\",\"position\":1,\"name\":\"Home\",\"item\":\"https:\\\/\\\/www.accuratereviews.com\\\/it\\\/\"},{\"@type\":\"ListItem\",\"position\":2,\"name\":\"Software formazione online\",\"item\":\"https:\\\/\\\/www.accuratereviews.com\\\/it\\\/software-formazione-online\\\/\"},{\"@type\":\"ListItem\",\"position\":3,\"name\":\"TalentLMS\"}]},{\"@type\":\"WebSite\",\"@id\":\"https:\\\/\\\/www.accuratereviews.com\\\/it\\\/#website\",\"url\":\"https:\\\/\\\/www.accuratereviews.com\\\/it\\\/\",\"name\":\"Accurate Reviews\",\"description\":\"\",\"potentialAction\":[{\"@type\":\"SearchAction\",\"target\":{\"@type\":\"EntryPoint\",\"urlTemplate\":\"https:\\\/\\\/www.accuratereviews.com\\\/it\\\/?s={search_term_string}\"},\"query-input\":{\"@type\":\"PropertyValueSpecification\",\"valueRequired\":true,\"valueName\":\"search_term_string\"}}],\"inLanguage\":\"it-IT\"}]}<\/script>\n<!-- \/ Yoast SEO plugin. -->","yoast_head_json":{"title":"TalentLMS: recensione software formazione online - Accurate Reviews","description":"TalentLMS: recensione software di formazione online con interfaccia personalizzabile e ricco di funzioni per creare corsi.","robots":{"index":"index","follow":"follow","max-snippet":"max-snippet:-1","max-image-preview":"max-image-preview:large","max-video-preview":"max-video-preview:-1"},"canonical":"https:\/\/www.accuratereviews.com\/it\/software-formazione-online\/talentlms-recensione\/","og_locale":"it_IT","og_type":"article","og_title":"TalentLMS: recensione software formazione online - Accurate Reviews","og_description":"TalentLMS: recensione software di formazione online con interfaccia personalizzabile e ricco di funzioni per creare corsi.","og_url":"https:\/\/www.accuratereviews.com\/it\/software-formazione-online\/talentlms-recensione\/","og_site_name":"Accurate Reviews","og_image":[{"width":200,"height":200,"url":"https:\/\/www.accuratereviews.com\/wp-content\/uploads\/2020\/07\/talent.png","type":"image\/png"}],"twitter_card":"summary_large_image","twitter_misc":{"Tempo di lettura stimato":"4 minuti"},"schema":{"@context":"https:\/\/schema.org","@graph":[{"@type":"WebPage","@id":"https:\/\/www.accuratereviews.com\/it\/software-formazione-online\/talentlms-recensione\/","url":"https:\/\/www.accuratereviews.com\/it\/software-formazione-online\/talentlms-recensione\/","name":"TalentLMS: recensione software formazione online - Accurate Reviews","isPartOf":{"@id":"https:\/\/www.accuratereviews.com\/it\/#website"},"primaryImageOfPage":{"@id":"https:\/\/www.accuratereviews.com\/it\/software-formazione-online\/talentlms-recensione\/#primaryimage"},"image":{"@id":"https:\/\/www.accuratereviews.com\/it\/software-formazione-online\/talentlms-recensione\/#primaryimage"},"thumbnailUrl":"https:\/\/www.accuratereviews.com\/wp-content\/uploads\/2020\/07\/talent.png","datePublished":"2020-07-08T09:21:11+00:00","description":"TalentLMS: recensione software di formazione online con interfaccia personalizzabile e ricco di funzioni per creare corsi.","breadcrumb":{"@id":"https:\/\/www.accuratereviews.com\/it\/software-formazione-online\/talentlms-recensione\/#breadcrumb"},"inLanguage":"it-IT","potentialAction":[{"@type":"ReadAction","target":["https:\/\/www.accuratereviews.com\/it\/software-formazione-online\/talentlms-recensione\/"]}]},{"@type":"ImageObject","inLanguage":"it-IT","@id":"https:\/\/www.accuratereviews.com\/it\/software-formazione-online\/talentlms-recensione\/#primaryimage","url":"https:\/\/www.accuratereviews.com\/wp-content\/uploads\/2020\/07\/talent.png","contentUrl":"https:\/\/www.accuratereviews.com\/wp-content\/uploads\/2020\/07\/talent.png","width":200,"height":200},{"@type":"BreadcrumbList","@id":"https:\/\/www.accuratereviews.com\/it\/software-formazione-online\/talentlms-recensione\/#breadcrumb","itemListElement":[{"@type":"ListItem","position":1,"name":"Home","item":"https:\/\/www.accuratereviews.com\/it\/"},{"@type":"ListItem","position":2,"name":"Software formazione online","item":"https:\/\/www.accuratereviews.com\/it\/software-formazione-online\/"},{"@type":"ListItem","position":3,"name":"TalentLMS"}]},{"@type":"WebSite","@id":"https:\/\/www.accuratereviews.com\/it\/#website","url":"https:\/\/www.accuratereviews.com\/it\/","name":"Accurate Reviews","description":"","potentialAction":[{"@type":"SearchAction","target":{"@type":"EntryPoint","urlTemplate":"https:\/\/www.accuratereviews.com\/it\/?s={search_term_string}"},"query-input":{"@type":"PropertyValueSpecification","valueRequired":true,"valueName":"search_term_string"}}],"inLanguage":"it-IT"}]}},"_links":{"self":[{"href":"https:\/\/www.accuratereviews.com\/it\/wp-json\/wp\/v2\/pages\/28363","targetHints":{"allow":["GET"]}}],"collection":[{"href":"https:\/\/www.accuratereviews.com\/it\/wp-json\/wp\/v2\/pages"}],"about":[{"href":"https:\/\/www.accuratereviews.com\/it\/wp-json\/wp\/v2\/types\/page"}],"author":[{"embeddable":true,"href":"https:\/\/www.accuratereviews.com\/it\/wp-json\/wp\/v2\/users\/19"}],"replies":[{"embeddable":true,"href":"https:\/\/www.accuratereviews.com\/it\/wp-json\/wp\/v2\/comments?post=28363"}],"version-history":[{"count":6,"href":"https:\/\/www.accuratereviews.com\/it\/wp-json\/wp\/v2\/pages\/28363\/revisions"}],"predecessor-version":[{"id":28409,"href":"https:\/\/www.accuratereviews.com\/it\/wp-json\/wp\/v2\/pages\/28363\/revisions\/28409"}],"up":[{"embeddable":true,"href":"https:\/\/www.accuratereviews.com\/it\/wp-json\/wp\/v2\/pages\/28265"}],"wp:featuredmedia":[{"embeddable":true,"href":"https:\/\/www.accuratereviews.com\/it\/wp-json\/wp\/v2\/media\/28364"}],"wp:attachment":[{"href":"https:\/\/www.accuratereviews.com\/it\/wp-json\/wp\/v2\/media?parent=28363"}],"wp:term":[{"taxonomy":"category","embeddable":true,"href":"https:\/\/www.accuratereviews.com\/it\/wp-json\/wp\/v2\/categories?post=28363"},{"taxonomy":"post_tag","embeddable":true,"href":"https:\/\/www.accuratereviews.com\/it\/wp-json\/wp\/v2\/tags?post=28363"},{"taxonomy":"features","embeddable":true,"href":"https:\/\/www.accuratereviews.com\/it\/wp-json\/wp\/v2\/features?post=28363"}],"curies":[{"name":"wp","href":"https:\/\/api.w.org\/{rel}","templated":true}]}}