{"id":28404,"date":"2020-07-09T09:58:40","date_gmt":"2020-07-09T09:58:40","guid":{"rendered":"https:\/\/www.accuratereviews.com\/?page_id=28404"},"modified":"2020-07-09T09:58:40","modified_gmt":"2020-07-09T09:58:40","slug":"blackboard-recensione","status":"publish","type":"page","link":"https:\/\/www.accuratereviews.com\/it\/software-formazione-online\/blackboard-recensione\/","title":{"rendered":"Blackboard"},"content":{"rendered":"<p><strong>Blackboard<\/strong> \u00e8 una<strong> soluzione di apprendimento collaborativo online<\/strong> progettata principalmente per scuole elementari e superiori e strutture governative. Il software\u00a0offre uno strumento di web conferencing basato su browser per facilitare l&#8217;interazione tra istruttori e studenti. Ha una funzione di chat di classe che offre agli studenti una piattaforma di chat per condividere contenuti di testo, audio e video.\u00a0Lo strumento di lavagna interattiva visualizza le diapositive di <strong>PowerPoint<\/strong> per coinvolgere pi\u00f9 partecipanti con un&#8217;unica presentazione. Il contenuto della lavagna pu\u00f2 essere aggiunto o modificato direttamente da <strong>Blackboard<\/strong> senza aprire PowerPoint.\u00a0Gli utenti possono personalizzare i loro profili con immagini, video e altri contenuti per facilitare la comunicazione.<\/p>\n<h2>BLACKBOARD &#8211; TUTORIAL<\/h2>\n<p>Guardiamo insieme questo tutorial per capire meglio le funzioni di questo <strong>software di formazione online:<\/strong><\/p>\n<div id=\"fluid-wrapper-counter-1\" class=\"g1-fluid-wrapper \" style=\"width:686px;\">\n<div style=\"padding-bottom:56.268221574344%;\"><iframe loading=\"lazy\" title=\"Blackboard Collaborate Ultra - Basics\" width=\"686\" height=\"386\" src=\"https:\/\/www.youtube.com\/embed\/4Bpqla3Bxok?feature=oembed&amp;wmode=transparent&amp;autohide=1&amp;autoplay=0&amp;disablekb=0&amp;fs=1&amp;loop=0&amp;enablejsapi=1&amp;rel=0&amp;controls=2&amp;showinfo=0&amp;wmode=transparent&amp;autohide=2&amp;autoplay=0&amp;disablekb=0&amp;fs=1&amp;loop=0&amp;enablejsapi=1&amp;rel=0&amp;controls=2&amp;showinfo=1\" frameborder=\"0\" allow=\"accelerometer; autoplay; encrypted-media; gyroscope; picture-in-picture\" allowfullscreen><\/iframe><\/div>\n<\/div>\n<h2>BLACKBOARD &#8211; CARATTERISTICHE<\/h2>\n<div class=\"page\" title=\"Page 3\">\n<div class=\"section\">\n<div class=\"layoutArea\">\n<div class=\"column\">\n<ul>\n<li><strong>Sottotitoli dal vivo per non udenti<\/strong>: forniscono un\u2019alternativa accessibile basata su standard per conferenze audio. Supportano lo standard CART e le macchine stenografiche<\/li>\n<li><strong>Supporto screen reader<\/strong>: un semplice flusso di lavoro permette agli studenti ipovedenti di navigare nell\u2019interfaccia, incluso il caricamento dei file<\/li>\n<li><strong>Schemi a colori accessibili<\/strong>: per studenti ipovedenti o daltonici, per vedere il contrasto del testo e i tasti<\/li>\n<li><strong>Accessibilit\u00e0 in mobilit\u00e0<\/strong>: soddisfa le esigenze degli studenti di oggi, in ogni luogo e in ogni momento<\/li>\n<li><strong>Classe virtuale con un solo clic<\/strong>: facilit\u00e0 di collegamento, nessun software o plugin aggiuntivo necessari<\/li>\n<li><strong>Drag-and-drop<\/strong>: permette una condivisione di file semplice e veloce<\/li>\n<\/ul>\n<h4>LE RECENSIONI DEGLI UTENTI<\/h4>\n<h4 class=\"font-weight-bold my-1 d-flex align-items-center\">Gabriela R.&#8221;Lavagna LMS per revisione aziendale&#8221;<\/h4>\n<p><strong>Commenti: <\/strong>La mia esperienza complessiva con Blackboard LMS Business \u00e8 sempre sorprendente! Mi ha aiutato e migliorato cos\u00ec tanto il mio voto perch\u00e9 mi ha fatto sapere in anticipo quando i compiti sono dovuti, il che ha contribuito anche ad essere pi\u00f9 organizzato. Adoro questo software e consiglio a tutti di usarlo!<\/p>\n<p><strong>Vantaggi: <\/strong>Una caratteristica che adoro di pi\u00f9 di questo software \u00e8 che consente agli insegnanti di caricare compiti online per eliminare l&#8217;uso della carta. Questo software \u00e8 cos\u00ec facile da usare e davvero semplice per modificare qualsiasi impostazione a proprio piacimento. Quello che mi piace anche di questo \u00e8 che \u00e8 una buona piattaforma per fare test e quiz, il che \u00e8 super sorprendente perch\u00e9 non \u00e8 affatto confuso. Lo adoro assolutamente e ha contribuito ad essere pi\u00f9 organizzato!<\/p>\n<p><strong>Inconvenienti: <\/strong>Una caratteristica che mi piacerebbe vedere in futuro \u00e8 l&#8217;app per dispositivi mobili, potrebbe usare un piccolo miglioramento ed \u00e8 un po &#8216;lenta, ma la versione desktop \u00e8 sorprendente, quindi non mi disturba davvero perch\u00e9 di solito controllo e faccio tutto il mio desktop. Adoro ancora questo software.<\/p>\n<h4 class=\"font-weight-bold my-1 d-flex align-items-center\">Kayla K.&#8221;Blackboard da studente&#8221;<\/h4>\n<p><strong>Commenti: <\/strong>\u00c8 facilissimo navigare e trovare tutte le tue risorse. \u00c8 ben organizzato e lo adoro.<\/p>\n<p><strong>Vantaggi: <\/strong>Mi piace molto usare la lavagna. \u00c8 molto meglio di altri programmi che ho dovuto imparare a scuola. \u00c8 facilissimo da navigare. Puoi trovare tutti i tuoi compiti l\u00ec. C&#8217;\u00e8 un calendario da fare quando i compiti sono dovuti. La mia parte preferita, penso, \u00e8 il fatto che puoi mandare un&#8217;email a un altro studente tramite la lavagna. Quindi, se stai realizzando un progetto e non hai mai incontrato il tuo partner o non hai le loro informazioni, puoi inviarli via email tramite la lavagna.<\/p>\n<p><strong>Inconvenienti: <\/strong>Non c&#8217;\u00e8 davvero nulla che non mi piaccia.<\/p>\n<h4 class=\"font-weight-bold my-1 d-flex align-items-center\">Christopher M.\u00a0&#8220;Apprendimento universitario con la lavagna Apprendimento&#8221;<\/h4>\n<p><strong>Commenti: <\/strong>La mia esperienza complessiva con Blackboard Learn \u00e8 stata ottimale come studente al college.<\/p>\n<p><strong>Vantaggi: <\/strong>L&#8217;ho trovato vantaggioso quando ero al college come studente universitario. \u00c8 stato fantastico monitorare il mio corso e gli incarichi online tramite questo LMS. Per il suo tempo era adeguato con il layout dell&#8217;interfaccia utente, ma per l&#8217;aspetto moderno di siti Web e software per applicazioni web nel 2020 sarebbe obsoleto se non avessero rinnovato la visualizzazione di tutto.<\/p>\n<p><strong>Inconvenienti: <\/strong>A volte \u00e8 stato solo un po &#8216;goffo e occasionalmente un dolore in @ $$ ma ha ancora fatto il lavoro. \u00c8 possibile che i diritti dei miei studenti non fossero completamente configurati e che all&#8217;universit\u00e0 mancasse la formazione per gli studenti di utilizzare lo strumento e non per colpa di Blackboard Learn.<\/p>\n<div class=\"layoutArea\">\n<div class=\"column\"><\/div>\n<\/div>\n<\/div>\n<\/div>\n<\/div>\n<\/div>\n","protected":false},"excerpt":{"rendered":"<p>Blackboard \u00e8 una soluzione di apprendimento collaborativo online progettata principalmente per scuole elementari e superiori e strutture governative. Il software\u00a0offre uno strumento di web conferencing basato su browser per facilitare l&#8217;interazione tra istruttori e studenti. Ha una funzione di chat di classe che offre agli studenti una piattaforma di chat per condividere contenuti di testo, audio e video.\u00a0<\/p>\n","protected":false},"author":19,"featured_media":28405,"parent":28265,"menu_order":0,"comment_status":"open","ping_status":"closed","template":"g1_template_page_review_new.php","meta":{"_acf_changed":false,"cwp_meta_box_check":"Yes","cwp_rev_product_name":"","cwp_rev_product_image":"","wppr_links":[],"cwp_rev_price":"","wppr_options":[],"wppr_pros":[],"wppr_cons":[],"_monsterinsights_skip_tracking":false,"_monsterinsights_sitenote_active":false,"_monsterinsights_sitenote_note":"","_monsterinsights_sitenote_category":0,"footnotes":""},"categories":[3163],"tags":[3209,3167,3211,3166,3164,3210],"features":[],"class_list":{"0":"post-28404","1":"page","2":"type-page","3":"status-publish","4":"has-post-thumbnail","6":"category-software-formazione-online","7":"tag-blackboard","8":"tag-piattaforma-formazione-online","9":"tag-powerpoint","10":"tag-programma-formazione-online","11":"tag-software-formazione-online","12":"tag-soluzione-formazione-oline"},"wppr_data":{"cwp_meta_box_check":"Yes","cwp_rev_product_name":"","cwp_rev_product_image":"","cwp_image_link":"image","cwp_rev_price":"","wppr_rating":"0.00"},"acf":[],"yoast_head":"<!-- This site is optimized with the Yoast SEO plugin v27.4 - https:\/\/yoast.com\/product\/yoast-seo-wordpress\/ -->\n<title>Blackboard: recensione software formazione online - Accurate Reviews<\/title>\n<meta name=\"description\" content=\"Blackboard: recensione soluzione di apprendimento collaborativo online progettata principalmente per scuole elementari e superiori e strutture governative.\" \/>\n<meta name=\"robots\" content=\"index, follow, max-snippet:-1, max-image-preview:large, max-video-preview:-1\" \/>\n<link rel=\"canonical\" href=\"https:\/\/www.accuratereviews.com\/it\/software-formazione-online\/blackboard-recensione\/\" \/>\n<meta property=\"og:locale\" content=\"it_IT\" \/>\n<meta property=\"og:type\" content=\"article\" \/>\n<meta property=\"og:title\" content=\"Blackboard: recensione software formazione online - Accurate Reviews\" \/>\n<meta property=\"og:description\" content=\"Blackboard: recensione soluzione di apprendimento collaborativo online progettata principalmente per scuole elementari e superiori e strutture governative.\" \/>\n<meta property=\"og:url\" content=\"https:\/\/www.accuratereviews.com\/it\/software-formazione-online\/blackboard-recensione\/\" \/>\n<meta property=\"og:site_name\" content=\"Accurate Reviews\" \/>\n<meta property=\"og:image\" content=\"https:\/\/www.accuratereviews.com\/wp-content\/uploads\/2020\/07\/Blackboard.png\" \/>\n\t<meta property=\"og:image:width\" content=\"1366\" \/>\n\t<meta property=\"og:image:height\" content=\"650\" \/>\n\t<meta property=\"og:image:type\" content=\"image\/png\" \/>\n<meta name=\"twitter:card\" content=\"summary_large_image\" \/>\n<meta name=\"twitter:label1\" content=\"Tempo di lettura stimato\" \/>\n\t<meta name=\"twitter:data1\" content=\"3 minuti\" \/>\n<script type=\"application\/ld+json\" class=\"yoast-schema-graph\">{\"@context\":\"https:\\\/\\\/schema.org\",\"@graph\":[{\"@type\":\"WebPage\",\"@id\":\"https:\\\/\\\/www.accuratereviews.com\\\/it\\\/software-formazione-online\\\/blackboard-recensione\\\/\",\"url\":\"https:\\\/\\\/www.accuratereviews.com\\\/it\\\/software-formazione-online\\\/blackboard-recensione\\\/\",\"name\":\"Blackboard: recensione software formazione online - Accurate Reviews\",\"isPartOf\":{\"@id\":\"https:\\\/\\\/www.accuratereviews.com\\\/it\\\/#website\"},\"primaryImageOfPage\":{\"@id\":\"https:\\\/\\\/www.accuratereviews.com\\\/it\\\/software-formazione-online\\\/blackboard-recensione\\\/#primaryimage\"},\"image\":{\"@id\":\"https:\\\/\\\/www.accuratereviews.com\\\/it\\\/software-formazione-online\\\/blackboard-recensione\\\/#primaryimage\"},\"thumbnailUrl\":\"https:\\\/\\\/www.accuratereviews.com\\\/wp-content\\\/uploads\\\/2020\\\/07\\\/Blackboard.png\",\"datePublished\":\"2020-07-09T09:58:40+00:00\",\"description\":\"Blackboard: recensione soluzione di apprendimento collaborativo online progettata principalmente per scuole elementari e superiori e strutture governative.\",\"breadcrumb\":{\"@id\":\"https:\\\/\\\/www.accuratereviews.com\\\/it\\\/software-formazione-online\\\/blackboard-recensione\\\/#breadcrumb\"},\"inLanguage\":\"it-IT\",\"potentialAction\":[{\"@type\":\"ReadAction\",\"target\":[\"https:\\\/\\\/www.accuratereviews.com\\\/it\\\/software-formazione-online\\\/blackboard-recensione\\\/\"]}]},{\"@type\":\"ImageObject\",\"inLanguage\":\"it-IT\",\"@id\":\"https:\\\/\\\/www.accuratereviews.com\\\/it\\\/software-formazione-online\\\/blackboard-recensione\\\/#primaryimage\",\"url\":\"https:\\\/\\\/www.accuratereviews.com\\\/wp-content\\\/uploads\\\/2020\\\/07\\\/Blackboard.png\",\"contentUrl\":\"https:\\\/\\\/www.accuratereviews.com\\\/wp-content\\\/uploads\\\/2020\\\/07\\\/Blackboard.png\",\"width\":1366,\"height\":650},{\"@type\":\"BreadcrumbList\",\"@id\":\"https:\\\/\\\/www.accuratereviews.com\\\/it\\\/software-formazione-online\\\/blackboard-recensione\\\/#breadcrumb\",\"itemListElement\":[{\"@type\":\"ListItem\",\"position\":1,\"name\":\"Home\",\"item\":\"https:\\\/\\\/www.accuratereviews.com\\\/it\\\/\"},{\"@type\":\"ListItem\",\"position\":2,\"name\":\"Software formazione online\",\"item\":\"https:\\\/\\\/www.accuratereviews.com\\\/it\\\/software-formazione-online\\\/\"},{\"@type\":\"ListItem\",\"position\":3,\"name\":\"Blackboard\"}]},{\"@type\":\"WebSite\",\"@id\":\"https:\\\/\\\/www.accuratereviews.com\\\/it\\\/#website\",\"url\":\"https:\\\/\\\/www.accuratereviews.com\\\/it\\\/\",\"name\":\"Accurate Reviews\",\"description\":\"\",\"potentialAction\":[{\"@type\":\"SearchAction\",\"target\":{\"@type\":\"EntryPoint\",\"urlTemplate\":\"https:\\\/\\\/www.accuratereviews.com\\\/it\\\/?s={search_term_string}\"},\"query-input\":{\"@type\":\"PropertyValueSpecification\",\"valueRequired\":true,\"valueName\":\"search_term_string\"}}],\"inLanguage\":\"it-IT\"}]}<\/script>\n<!-- \/ Yoast SEO plugin. -->","yoast_head_json":{"title":"Blackboard: recensione software formazione online - Accurate Reviews","description":"Blackboard: recensione soluzione di apprendimento collaborativo online progettata principalmente per scuole elementari e superiori e strutture governative.","robots":{"index":"index","follow":"follow","max-snippet":"max-snippet:-1","max-image-preview":"max-image-preview:large","max-video-preview":"max-video-preview:-1"},"canonical":"https:\/\/www.accuratereviews.com\/it\/software-formazione-online\/blackboard-recensione\/","og_locale":"it_IT","og_type":"article","og_title":"Blackboard: recensione software formazione online - Accurate Reviews","og_description":"Blackboard: recensione soluzione di apprendimento collaborativo online progettata principalmente per scuole elementari e superiori e strutture governative.","og_url":"https:\/\/www.accuratereviews.com\/it\/software-formazione-online\/blackboard-recensione\/","og_site_name":"Accurate Reviews","og_image":[{"width":1366,"height":650,"url":"https:\/\/www.accuratereviews.com\/wp-content\/uploads\/2020\/07\/Blackboard.png","type":"image\/png"}],"twitter_card":"summary_large_image","twitter_misc":{"Tempo di lettura stimato":"3 minuti"},"schema":{"@context":"https:\/\/schema.org","@graph":[{"@type":"WebPage","@id":"https:\/\/www.accuratereviews.com\/it\/software-formazione-online\/blackboard-recensione\/","url":"https:\/\/www.accuratereviews.com\/it\/software-formazione-online\/blackboard-recensione\/","name":"Blackboard: recensione software formazione online - Accurate Reviews","isPartOf":{"@id":"https:\/\/www.accuratereviews.com\/it\/#website"},"primaryImageOfPage":{"@id":"https:\/\/www.accuratereviews.com\/it\/software-formazione-online\/blackboard-recensione\/#primaryimage"},"image":{"@id":"https:\/\/www.accuratereviews.com\/it\/software-formazione-online\/blackboard-recensione\/#primaryimage"},"thumbnailUrl":"https:\/\/www.accuratereviews.com\/wp-content\/uploads\/2020\/07\/Blackboard.png","datePublished":"2020-07-09T09:58:40+00:00","description":"Blackboard: recensione soluzione di apprendimento collaborativo online progettata principalmente per scuole elementari e superiori e strutture governative.","breadcrumb":{"@id":"https:\/\/www.accuratereviews.com\/it\/software-formazione-online\/blackboard-recensione\/#breadcrumb"},"inLanguage":"it-IT","potentialAction":[{"@type":"ReadAction","target":["https:\/\/www.accuratereviews.com\/it\/software-formazione-online\/blackboard-recensione\/"]}]},{"@type":"ImageObject","inLanguage":"it-IT","@id":"https:\/\/www.accuratereviews.com\/it\/software-formazione-online\/blackboard-recensione\/#primaryimage","url":"https:\/\/www.accuratereviews.com\/wp-content\/uploads\/2020\/07\/Blackboard.png","contentUrl":"https:\/\/www.accuratereviews.com\/wp-content\/uploads\/2020\/07\/Blackboard.png","width":1366,"height":650},{"@type":"BreadcrumbList","@id":"https:\/\/www.accuratereviews.com\/it\/software-formazione-online\/blackboard-recensione\/#breadcrumb","itemListElement":[{"@type":"ListItem","position":1,"name":"Home","item":"https:\/\/www.accuratereviews.com\/it\/"},{"@type":"ListItem","position":2,"name":"Software formazione online","item":"https:\/\/www.accuratereviews.com\/it\/software-formazione-online\/"},{"@type":"ListItem","position":3,"name":"Blackboard"}]},{"@type":"WebSite","@id":"https:\/\/www.accuratereviews.com\/it\/#website","url":"https:\/\/www.accuratereviews.com\/it\/","name":"Accurate Reviews","description":"","potentialAction":[{"@type":"SearchAction","target":{"@type":"EntryPoint","urlTemplate":"https:\/\/www.accuratereviews.com\/it\/?s={search_term_string}"},"query-input":{"@type":"PropertyValueSpecification","valueRequired":true,"valueName":"search_term_string"}}],"inLanguage":"it-IT"}]}},"_links":{"self":[{"href":"https:\/\/www.accuratereviews.com\/it\/wp-json\/wp\/v2\/pages\/28404","targetHints":{"allow":["GET"]}}],"collection":[{"href":"https:\/\/www.accuratereviews.com\/it\/wp-json\/wp\/v2\/pages"}],"about":[{"href":"https:\/\/www.accuratereviews.com\/it\/wp-json\/wp\/v2\/types\/page"}],"author":[{"embeddable":true,"href":"https:\/\/www.accuratereviews.com\/it\/wp-json\/wp\/v2\/users\/19"}],"replies":[{"embeddable":true,"href":"https:\/\/www.accuratereviews.com\/it\/wp-json\/wp\/v2\/comments?post=28404"}],"version-history":[{"count":7,"href":"https:\/\/www.accuratereviews.com\/it\/wp-json\/wp\/v2\/pages\/28404\/revisions"}],"predecessor-version":[{"id":28437,"href":"https:\/\/www.accuratereviews.com\/it\/wp-json\/wp\/v2\/pages\/28404\/revisions\/28437"}],"up":[{"embeddable":true,"href":"https:\/\/www.accuratereviews.com\/it\/wp-json\/wp\/v2\/pages\/28265"}],"wp:featuredmedia":[{"embeddable":true,"href":"https:\/\/www.accuratereviews.com\/it\/wp-json\/wp\/v2\/media\/28405"}],"wp:attachment":[{"href":"https:\/\/www.accuratereviews.com\/it\/wp-json\/wp\/v2\/media?parent=28404"}],"wp:term":[{"taxonomy":"category","embeddable":true,"href":"https:\/\/www.accuratereviews.com\/it\/wp-json\/wp\/v2\/categories?post=28404"},{"taxonomy":"post_tag","embeddable":true,"href":"https:\/\/www.accuratereviews.com\/it\/wp-json\/wp\/v2\/tags?post=28404"},{"taxonomy":"features","embeddable":true,"href":"https:\/\/www.accuratereviews.com\/it\/wp-json\/wp\/v2\/features?post=28404"}],"curies":[{"name":"wp","href":"https:\/\/api.w.org\/{rel}","templated":true}]}}